{"id":17320,"date":"2025-03-06T08:23:45","date_gmt":"2025-03-06T08:23:45","guid":{"rendered":"https:\/\/www.hydraulic-cylinders.net\/?post_type=product&#038;p=17320"},"modified":"2025-04-11T05:27:14","modified_gmt":"2025-04-11T05:27:14","slug":"zg-series-hydraulic-cylinders-for-harvesting-machinery","status":"publish","type":"product","link":"https:\/\/www.hydraulic-cylinders.net\/et\/toode\/zg-series-hydraulic-cylinders-for-harvesting-machinery\/","title":{"rendered":"ZG-seeria h\u00fcdraulilised silindrid koristusmasinatele"},"content":{"rendered":"<h1 style=\"text-align: center;\"><strong>ZG-seeria h\u00fcdraulilised silindrid koristusmasinatele\u00a0<img loading=\"lazy\" decoding=\"async\" class=\"alignnone wp-image-17302\" src=\"https:\/\/www.hydraulic-cylinders.net\/wp-content\/uploads\/2025\/03\/Zg-And-Hsg-Series-Hydraulic-Cylinders-For-Harvesting-Machinery-2.webp\" alt=\"\" width=\"500\" height=\"500\" \/><br \/>\n<\/strong><\/h1>\n<p>ZG-seeria h\u00fcdraulilised silindrid on spetsiaalselt loodud koristusmasinate efektiivsuse ja j\u00f5udluse parandamiseks. Need silindrid m\u00e4ngivad olulist rolli erinevates p\u00f5llumajanduslikes rakendustes, v\u00f5imaldades t\u00e4pset juhtimist ja v\u00f5imsat t\u00f6\u00f6d, mis on t\u00e4nap\u00e4eva p\u00f5llumajanduses h\u00e4davajalikud. Keskendudes t\u00f6\u00f6kindlusele ja vastupidavusele, vastab ZG-seeria p\u00f5llumajandussektori n\u00f5udlikele vajadustele, tagades kombainide sujuva ja t\u00f5husa t\u00f6\u00f6.<\/p>\n<p>ZG-seeria h\u00fcdraulilised silindrid koristusmasinatele pakuvad usaldusv\u00e4\u00e4rset ja t\u00f5husat lahendust t\u00e4nap\u00e4evaste p\u00f5llumajanduslike vajaduste rahuldamiseks. Oma suure kandev\u00f5ime, vastupidava konstruktsiooni ja t\u00e4iustatud tihendustehnoloogiaga parandavad need silindrid koristusmasinate j\u00f5udlust. Soovitatavate kasutus- ja hooldustavade j\u00e4rgimisega saavad operaatorid tagada, et nende masinad t\u00f6\u00f6tavad parimal v\u00f5imalikul viisil, aidates kaasa edukale saagikoristusele ja paremale tootlikkusele p\u00f5llul. ZG-seeria h\u00fcdrauliliste silindrite investeerimine t\u00e4hendab vastupidavuse, t\u00f5hususe ja t\u00e4psuse valimist oma p\u00f5llumajandust\u00f6\u00f6de jaoks.<\/p>\n<h2><strong>ZG-seeria h\u00fcdraulilised silindrid koristusmasinate parameetrite jaoks:<\/strong><\/h2>\n<h1 style=\"text-align: center;\"><strong><img loading=\"lazy\" decoding=\"async\" class=\"alignnone size-full wp-image-17300\" src=\"https:\/\/www.hydraulic-cylinders.net\/wp-content\/uploads\/2025\/03\/Zg-And-Hsg-Series-Hydraulic-Cylinders-For-Harvesting-Machinery-parameter.webp\" alt=\"\" width=\"2265\" height=\"607\" srcset=\"https:\/\/www.hydraulic-cylinders.net\/wp-content\/uploads\/2025\/03\/Zg-And-Hsg-Series-Hydraulic-Cylinders-For-Harvesting-Machinery-parameter.webp 2265w, https:\/\/www.hydraulic-cylinders.net\/wp-content\/uploads\/2025\/03\/Zg-And-Hsg-Series-Hydraulic-Cylinders-For-Harvesting-Machinery-parameter-1280x343.webp 1280w, https:\/\/www.hydraulic-cylinders.net\/wp-content\/uploads\/2025\/03\/Zg-And-Hsg-Series-Hydraulic-Cylinders-For-Harvesting-Machinery-parameter-980x263.webp 980w, https:\/\/www.hydraulic-cylinders.net\/wp-content\/uploads\/2025\/03\/Zg-And-Hsg-Series-Hydraulic-Cylinders-For-Harvesting-Machinery-parameter-480x129.webp 480w\" sizes=\"(min-width: 0px) and (max-width: 480px) 480px, (min-width: 481px) and (max-width: 980px) 980px, (min-width: 981px) and (max-width: 1280px) 1280px, (min-width: 1281px) 2265px, 100vw\" \/><\/strong><\/h1>\n<h2><strong>ZG-seeria h\u00fcdraulilised silindrid koristusmasinatele. Peamised omadused:<\/strong><\/h2>\n<h4><strong>Suur kandev\u00f5ime<\/strong><\/h4>\n<p>ZG-seeria h\u00fcdraulilised silindrid on hoolikalt konstrueeritud suurte koormuste k\u00e4sitsemiseks, mist\u00f5ttu on need koristusmasinate jaoks h\u00e4davajalikud. See muljetavaldav kandev\u00f5ime v\u00f5imaldab operaatoritel raskeid komponente h\u00f5lpsalt t\u00f5sta ja man\u00f6\u00f6verdada, suurendades oluliselt t\u00f6\u00f6 efektiivsust. Selle tulemusena saab \u00fclesandeid, mis varem n\u00f5udsid m\u00e4rkimisv\u00e4\u00e4rset aega ja vaeva, n\u00fc\u00fcd kiiresti ja t\u00f5husalt t\u00e4ita. Olenemata sellest, kas tegemist on suurte saakide v\u00f5i ulatusliku koristustehnikaga, v\u00f5imaldavad need silindrid operaatoritel maksimeerida tootlikkust ja sujuvamaks muuta oma t\u00f6\u00f6voogu.<\/p>\n<h4><strong>Tugev konstruktsioon<\/strong><\/h4>\n<p>Kvaliteetsetest materjalidest valmistatud ZG-seeria silindrid on erakordselt vastupidavad, mis v\u00f5imaldab neil taluda keeruliste p\u00f5llumajanduskeskkondade raskusi. Nende vastupidav konstruktsioon on kulumiskindel, tagades pikaealisuse isegi suure koormuse korral. See vastupidavus t\u00e4hendab v\u00e4iksemat hooldusvajadust, v\u00f5imaldades operaatoritel keskenduda oma t\u00f6\u00f6le, mitte sagedastele remondit\u00f6\u00f6dele. Nendesse vastupidavatesse silindritesse investeerides v\u00f5ivad kasutajad oodata oma koristusmasinate pikka eluiga, mis l\u00f5ppkokkuv\u00f5ttes toob kaasa madalamad tegevuskulud ja suurema t\u00f6\u00f6kindluse p\u00f5llul.<\/p>\n<h4><strong>T\u00e4ppistehnika<\/strong><\/h4>\n<p>Iga ZG-seeria h\u00fcdrosilinder l\u00e4bib hoolika tootmisprotsessi, kus t\u00e4psus on esikohal. See detailidele p\u00f6\u00f6ratud t\u00e4helepanu tagab t\u00e4psed m\u00f5\u00f5tmed ja optimaalse h\u00fcdraulilise j\u00f5udluse, mis on efektiivse t\u00f6\u00f6 jaoks \u00fclioluline. T\u00e4pse projekteerimise abil h\u00f5lbustavad need silindrid sujuvamat liikumist ja paremat kontrolli koristust\u00f6\u00f6de ajal. Operaatorid saavad keerukaid man\u00f6\u00f6vreid enesekindlalt sooritada, muutes koristusprotsessi mitte ainult t\u00f5husamaks, vaid ka tulemuslikumaks. See t\u00e4psustase suurendab \u00fcldist tootlikkust ja tagab, et iga \u00fclesanne t\u00e4idetakse k\u00f5rgeimal tasemel.<\/p>\n<h4><strong>Mitmek\u00fclgne \u00fchilduvus<\/strong><\/h4>\n<p>ZG-seeria silindrid on konstrueeritud mitmek\u00fclgsust silmas pidades, v\u00f5imaldades neil sobida laiale valikule koristusmasinate mudelitele. See \u00fchilduvus muudab integreerimise olemasolevate seadmetega sujuvaks ja lihtsaks. Operaatorid hindavad paindlikkust kasutada neid silindreid erinevates p\u00f5llumajanduslikes rakendustes ilma ulatuslike muudatusteta. See kohandatavus mitte ainult ei lihtsusta toiminguid, vaid parandab ka koristusmasinate \u00fcldist funktsionaalsust, muutes ZG-seeria ideaalseks valikuks mitmekesiste p\u00f5llumajandusvajaduste jaoks.<\/p>\n<h4><strong>T\u00e4iustatud tihendustehnoloogia<\/strong><\/h4>\n<p>Tipptasemel tihendustehnoloogiaga varustatud ZG-seeria h\u00fcdrosilindrid minimeerivad t\u00f5husalt lekkeid ja v\u00e4hendavad h\u00fcdraulilise vedeliku kadumise ohtu. See uuenduslik funktsioon mitte ainult ei suurenda efektiivsust, vaid v\u00e4hendab oluliselt ka hoolduskulusid. Lekete v\u00e4ltimisega tagavad need silindrid h\u00fcdros\u00fcsteemi tippj\u00f5udluse, v\u00f5imaldades operaatoritel keskenduda oma \u00fclesannetele ilma v\u00f5imalike riketeta. T\u00e4iustatud tihendustehnoloogia aitab kaasa usaldusv\u00e4\u00e4rsema ja produktiivsema t\u00f6\u00f6keskkonna loomisele, mis l\u00f5ppkokkuv\u00f5ttes toob kasu kogu p\u00f5llumajandustegevusele.<\/p>\n<p>ZG-seeria h\u00fcdrosilindrid paistavad p\u00f5llumajandussektoris silma, \u00fchendades endas suure kandev\u00f5ime, vastupidava konstruktsiooni, t\u00e4ppistehnoloogia, mitmek\u00fclgse \u00fchilduvuse ja t\u00e4iustatud tihendustehnoloogia. Need omadused mitte ainult ei paranda koristusmasinate j\u00f5udlust, vaid aitavad kaasa ka t\u00f5husamale ja usaldusv\u00e4\u00e4rsemale p\u00f5llumajanduskogemusele. ZG-seeria silindrite valimisega varustavad operaatorid end t\u00f6\u00f6riistadega, mis on vajalikud edu saavutamiseks t\u00e4nap\u00e4eva n\u00f5udlikul p\u00f5llumajandusmaastikul.<\/p>\n<h2><strong>ZG-seeria h\u00fcdraulilised silindrid koristusmasinate jaoks:<\/strong><\/h2>\n<h1 style=\"text-align: center;\"><strong><img loading=\"lazy\" decoding=\"async\" class=\"alignnone size-full wp-image-17301\" src=\"https:\/\/www.hydraulic-cylinders.net\/wp-content\/uploads\/2025\/03\/Zg-And-Hsg-Series-Hydraulic-Cylinders-For-Harvesting-Machinery-1.webp\" alt=\"\" width=\"2481\" height=\"685\" srcset=\"https:\/\/www.hydraulic-cylinders.net\/wp-content\/uploads\/2025\/03\/Zg-And-Hsg-Series-Hydraulic-Cylinders-For-Harvesting-Machinery-1.webp 2481w, https:\/\/www.hydraulic-cylinders.net\/wp-content\/uploads\/2025\/03\/Zg-And-Hsg-Series-Hydraulic-Cylinders-For-Harvesting-Machinery-1-1280x353.webp 1280w, https:\/\/www.hydraulic-cylinders.net\/wp-content\/uploads\/2025\/03\/Zg-And-Hsg-Series-Hydraulic-Cylinders-For-Harvesting-Machinery-1-980x271.webp 980w, https:\/\/www.hydraulic-cylinders.net\/wp-content\/uploads\/2025\/03\/Zg-And-Hsg-Series-Hydraulic-Cylinders-For-Harvesting-Machinery-1-480x133.webp 480w\" sizes=\"(min-width: 0px) and (max-width: 480px) 480px, (min-width: 481px) and (max-width: 980px) 980px, (min-width: 981px) and (max-width: 1280px) 1280px, (min-width: 1281px) 2481px, 100vw\" \/><\/strong><\/h1>\n<h2><strong>ZG-seeria h\u00fcdraulilised silindrid koristusmasinate kasutusmeetodi jaoks:<\/strong><\/h2>\n<p>HSG-seeria h\u00fcdrauliliste silindrite kasutamine on lihtne protsess, mist\u00f5ttu on need ehitusvaldkonna operaatoritele k\u00e4ttesaadavad ja kasutajas\u00f5bralikud. Siin on \u00fcksikasjalik \u00fclevaade vajalikest sammudest:<\/p>\n<h4><strong>Paigaldamine<\/strong><\/h4>\n<p>HSG-seeria h\u00fcdrosilindrite paigaldamine on loodud probleemivabaks. Igal silindril on standardsed liitmikud, mis v\u00f5imaldavad kiiret ja turvalist paigaldamist erinevatele ehitusmasinatele. Operaatorid saavad silindreid h\u00f5lpsalt joondada ja kinnitada ilma spetsiaalsete t\u00f6\u00f6riistade v\u00f5i p\u00f5hjaliku v\u00e4lja\u00f5ppeta. See paigaldamise lihtsus minimeerib seisakuid, v\u00f5imaldades masinatel kiiresti ja t\u00f5husalt t\u00f6\u00f6le naasta.<\/p>\n<h4><strong>H\u00fcdrauliline \u00fchendus<\/strong><\/h4>\n<p>P\u00e4rast paigaldamist on j\u00e4rgmine samm h\u00fcdraulikavoolikute \u00fchendamine silindriga. Oluline on tagada, et h\u00fcdraulikavedelik voolab \u00f5iges suunas, et saavutada soovitud liigutusi. Selge m\u00e4rgistus ja v\u00e4rvikoodiga \u00fchendused lihtsustavad seda protsessi, v\u00f5imaldades operaatoritel \u00fchendusi enesekindlalt luua. \u00d5ige h\u00fcdraulika\u00fchendus maksimeerib j\u00f5udlust, tagades silindrite sujuva ja reageeriva t\u00f6\u00f6, mis on t\u00f6\u00f6 ajal t\u00e4pse juhtimise jaoks \u00fclioluline.<\/p>\n<h4><strong>Operatsioon<\/strong><\/h4>\n<p>Kui HSG-seeria h\u00fcdraulilised silindrid on kindlalt paigaldatud ja \u00fchendatud, saavad operaatorid n\u00fc\u00fcd masinaid juhtida. H\u00fcdraulikas\u00fcsteemi abil saavad nad teostada laia valikut liigutusi, alates raskete koormate t\u00f5stmisest kuni keerukate man\u00f6\u00f6vriteni. Intuitiivsed juhtnupud v\u00f5imaldavad peenh\u00e4\u00e4lestust, mis v\u00f5imaldab operaatoritel \u00fclesandeid t\u00e4pselt ja t\u00f5husalt t\u00e4ita. Olgu tegemist t\u00f5stmise, langetamise v\u00f5i kallutamisega, pakuvad need silindrid vajalikku reageerimisv\u00f5imet ehitust\u00f6\u00f6de v\u00e4ljakutsete t\u00f5husaks lahendamiseks.<\/p>\n<h4><strong>J\u00e4lgimine<\/strong><\/h4>\n<p>Optimaalse j\u00f5udluse tagamiseks on oluline h\u00fcdraulikas\u00fcsteemi regulaarne j\u00e4lgimine. Operaatorid peaksid regulaarselt kontrollima h\u00fcdraulikavedeliku taset ja r\u00f5hku. See ennetav l\u00e4henemisviis aitab tuvastada v\u00f5imalikke probleeme enne nende s\u00fcvenemist, tagades masinate maksimaalse efektiivsuse. Nende parameetrite j\u00e4lgimine mitte ainult ei pikenda h\u00fcdraulikasilindrite eluiga, vaid parandab ka \u00fcldist ohutust t\u00f6\u00f6kohal. Valvsust s\u00e4ilitades saavad operaatorid tagada, et nende seadmed j\u00e4\u00e4vad alati t\u00f6\u00f6kindlaks ja tegutsemisvalmis.<\/p>\n<p>HSG seeria h\u00fcdrosilindrid pakuvad kasutajas\u00f5bralikku kogemust alates paigaldamisest kuni kasutamise ja hoolduseni. Nende lihtne kasutusmeetod v\u00f5imaldab ehitusspetsialistidel maksimeerida tootlikkust ja efektiivsust, tagades, et nad saavad iga projektiga enesekindlalt hakkama. HSG valides investeerivad operaatorid usaldusv\u00e4\u00e4rsesse h\u00fcdraulikalahendusse, mis lihtsustab nende t\u00f6\u00f6voogu ja pakub samal ajal silmapaistvat j\u00f5udlust.<\/p>\n<h2><strong>Testimisseadmed:<\/strong><\/h2>\n<p><strong><img loading=\"lazy\" decoding=\"async\" class=\"alignnone size-full wp-image-17293\" src=\"https:\/\/www.hydraulic-cylinders.net\/wp-content\/uploads\/2025\/03\/test-equipment.webp-2.webp\" alt=\"\" width=\"1932\" height=\"1741\" srcset=\"https:\/\/www.hydraulic-cylinders.net\/wp-content\/uploads\/2025\/03\/test-equipment.webp-2.webp 1932w, https:\/\/www.hydraulic-cylinders.net\/wp-content\/uploads\/2025\/03\/test-equipment.webp-2-1280x1153.webp 1280w, https:\/\/www.hydraulic-cylinders.net\/wp-content\/uploads\/2025\/03\/test-equipment.webp-2-980x883.webp 980w, https:\/\/www.hydraulic-cylinders.net\/wp-content\/uploads\/2025\/03\/test-equipment.webp-2-480x433.webp 480w\" sizes=\"(min-width: 0px) and (max-width: 480px) 480px, (min-width: 481px) and (max-width: 980px) 980px, (min-width: 981px) and (max-width: 1280px) 1280px, (min-width: 1281px) 1932px, 100vw\" \/><\/strong><\/p>\n<ul>\n<li>1: Soolapihustusega katsekamber<\/li>\n<li>2: Keemiline anal\u00fc\u00fcs<\/li>\n<li>3: T\u00f5mbekatse masin<\/li>\n<li>4: Rockwelli k\u00f5vadustester<\/li>\n<li>5: Puhtuse testimise masin<\/li>\n<li>6: TH110 tagasil\u00f6\u00f6gik\u00f5vaduse tester<\/li>\n<li>7: Kattekihi paksuse m\u00f5\u00f5tur<\/li>\n<li>8: Pendli l\u00f6\u00f6gikatse<\/li>\n<\/ul>\n<p><img loading=\"lazy\" decoding=\"async\" class=\"alignnone size-full wp-image-17292\" src=\"https:\/\/www.hydraulic-cylinders.net\/wp-content\/uploads\/2025\/03\/test-equipment.webp-1.webp\" alt=\"\" width=\"1600\" height=\"1216\" srcset=\"https:\/\/www.hydraulic-cylinders.net\/wp-content\/uploads\/2025\/03\/test-equipment.webp-1.webp 1600w, https:\/\/www.hydraulic-cylinders.net\/wp-content\/uploads\/2025\/03\/test-equipment.webp-1-1280x973.webp 1280w, https:\/\/www.hydraulic-cylinders.net\/wp-content\/uploads\/2025\/03\/test-equipment.webp-1-980x745.webp 980w, https:\/\/www.hydraulic-cylinders.net\/wp-content\/uploads\/2025\/03\/test-equipment.webp-1-480x365.webp 480w\" sizes=\"(min-width: 0px) and (max-width: 480px) 480px, (min-width: 481px) and (max-width: 980px) 980px, (min-width: 981px) and (max-width: 1280px) 1280px, (min-width: 1281px) 1600px, 100vw\" \/><\/p>\n<p>Meie ettev\u00f5te peab kvaliteeti oma edu aluseks. Selle p\u00fchendumuse t\u00e4itmiseks oleme investeerinud tipptasemel kodumajapidamises kasutatavatesse testimis- ja laboriseadmetesse, mida toetab teaduse ja tehnoloogia valdkonna k\u00f5rgelt kvalifitseeritud spetsialistide meeskond.<\/p>\n<p>Meie range kvaliteedijuhtimiss\u00fcsteem vastab t\u00f6\u00f6stusstandarditele, tagades, et iga meie toodetud tootepartii vastab k\u00f5rgeimatele kvaliteedikriteeriumidele. Standardiseerides oma tegevust ja j\u00e4lgides pidevalt protsesse, tagame, et meie kliendid saavad ainult parimat.<\/p>\n<p>See vankumatu p\u00fchendumus kvaliteedile mitte ainult ei suurenda meie toodete usaldusv\u00e4\u00e4rsust, vaid loob ka usaldust ja rahulolu meie klientide seas. Usume, et seades esikohale tipptaseme oma tootmise igas aspektis, panustame oma partnerite ja kogu t\u00f6\u00f6stusharu edusse. Koos p\u00fc\u00fcdleme innovatsiooni ja kvaliteedi poole, mis kestab ajas.<\/p>\n<h2><strong>H\u00fcdraulilise silindri tootmiskoht:<\/strong><\/h2>\n<p>Meie ettev\u00f5te on juhtiv h\u00fcdrosilindrite tootja, mida toetavad meie enda s\u00f5ltumatud uurimis-, arendus- ja disainiv\u00f5imalused. Tipptasemel tehasega, kus on \u00fcle 170 \u00fcldise t\u00f6\u00f6pingi, CNC-masina, t\u00f6\u00f6tlemiskeskuse, keevitusseadme ja spetsiaalsete testimis- ja kontrollit\u00f6\u00f6riistade, oleme h\u00e4sti varustatud, et rahuldada mitmekesiseid t\u00f6\u00f6stuslikke n\u00f5udmisi.<\/p>\n<p>Aastatepikkuse tehnoloogilise oskusteabe ja protsesside t\u00e4iustamise abil oleme loonud k\u00fcpse tootmisprotsessi, mis integreerib sujuvalt teadus- ja arendustegevuse tootmisega. Sellest integratsioonist on saanud meie peamine konkurentsieelis, mis v\u00f5imaldab meil disainida ja toota laia valikut h\u00fcdraulilisi silindreid, mis on kohandatud vastavalt klientide konkreetsetele vajadustele.<\/p>\n<p>Meie tooteid kasutatakse laialdaselt erinevates sektorites, sealhulgas p\u00f5llumajandusmasinate, ehitusseadmete, s\u00f5idukite, teedeehituse ja erimasinate tootmises. Toetame uhkusega arvukalt originaalseadmete tootjaid (OEM), sealhulgas Bonong Xingda, Bojin Hummer, Jilin Ruifeng, Debang Dawei, Shandong Yineng Heavy Industry, Tai'an Modern Heavy Industry ja Shifeng Group.<\/p>\n<p><img loading=\"lazy\" decoding=\"async\" class=\"alignnone size-full wp-image-17290\" src=\"https:\/\/www.hydraulic-cylinders.net\/wp-content\/uploads\/2025\/03\/production-site-1.webp\" alt=\"\" width=\"1971\" height=\"2253\" srcset=\"https:\/\/www.hydraulic-cylinders.net\/wp-content\/uploads\/2025\/03\/production-site-1.webp 1971w, https:\/\/www.hydraulic-cylinders.net\/wp-content\/uploads\/2025\/03\/production-site-1-1280x1463.webp 1280w, https:\/\/www.hydraulic-cylinders.net\/wp-content\/uploads\/2025\/03\/production-site-1-980x1120.webp 980w, https:\/\/www.hydraulic-cylinders.net\/wp-content\/uploads\/2025\/03\/production-site-1-480x549.webp 480w\" sizes=\"(min-width: 0px) and (max-width: 480px) 480px, (min-width: 481px) and (max-width: 980px) 980px, (min-width: 981px) and (max-width: 1280px) 1280px, (min-width: 1281px) 1971px, 100vw\" \/><\/p>\n<p>Oleme p\u00fchendunud erakordse teenuse pakkumisele tugeva kvaliteedipoliitika kaudu, mis seab esikohale pideva innovatsiooni teadus- ja arendustegevuses, juhtimises, kvaliteedikontrollis ja klienditeeninduses. Meie p\u00fchendumust kvaliteedile on tunnustatud ISO\/TS16949 sertifikaadiga, mis tagab, et me mitte ainult ei vasta klientide ootustele, vaid \u00fcletame neid pidevalt.<\/p>\n<p>Tulevikku vaadates j\u00e4tkame oma tehnoloogia arendamist ja v\u00f5imete laiendamist, seades alati eesm\u00e4rgiks pakkuda oma klientidele k\u00f5rgeima kvaliteediga tooteid ja teenuseid. Koos loome h\u00fcdrauliliste silindrite t\u00f6\u00f6stuses tipptasemel p\u00e4randi.<\/p>\n<p><strong>\u00a0<\/strong><\/p>","protected":false},"excerpt":{"rendered":"<p>ZG Series Hydraulic Cylinders For Harvesting Machinery\u00a0 The ZG Series Hydraulic Cylinders are specifically designed to enhance the efficiency and performance of harvesting machinery. These cylinders play a vital role in various agricultural applications, enabling precise control and powerful operation essential for modern farming. With a focus on reliability and durability, the ZG Series meets [&hellip;]<\/p>","protected":false},"featured_media":17312,"comment_status":"open","ping_status":"closed","template":"","meta":{"_et_pb_use_builder":"","_et_pb_old_content":"","_et_gb_content_width":""},"product_brand":[],"product_cat":[1550,1528,1376],"product_tag":[],"class_list":{"0":"post-17320","1":"product","2":"type-product","3":"status-publish","4":"has-post-thumbnail","6":"product_cat-double-acting-hydraulic-cylinder","7":"product_cat-harvesting-machinery-hydraulic-cylinders","8":"product_cat-hydraulic-cylinder","10":"first","11":"instock","12":"shipping-taxable","13":"product-type-simple"},"amp_enabled":true,"_links":{"self":[{"href":"https:\/\/www.hydraulic-cylinders.net\/et\/wp-json\/wp\/v2\/product\/17320","targetHints":{"allow":["GET"]}}],"collection":[{"href":"https:\/\/www.hydraulic-cylinders.net\/et\/wp-json\/wp\/v2\/product"}],"about":[{"href":"https:\/\/www.hydraulic-cylinders.net\/et\/wp-json\/wp\/v2\/types\/product"}],"replies":[{"embeddable":true,"href":"https:\/\/www.hydraulic-cylinders.net\/et\/wp-json\/wp\/v2\/comments?post=17320"}],"wp:featuredmedia":[{"embeddable":true,"href":"https:\/\/www.hydraulic-cylinders.net\/et\/wp-json\/wp\/v2\/media\/17312"}],"wp:attachment":[{"href":"https:\/\/www.hydraulic-cylinders.net\/et\/wp-json\/wp\/v2\/media?parent=17320"}],"wp:term":[{"taxonomy":"product_brand","embeddable":true,"href":"https:\/\/www.hydraulic-cylinders.net\/et\/wp-json\/wp\/v2\/product_brand?post=17320"},{"taxonomy":"product_cat","embeddable":true,"href":"https:\/\/www.hydraulic-cylinders.net\/et\/wp-json\/wp\/v2\/product_cat?post=17320"},{"taxonomy":"product_tag","embeddable":true,"href":"https:\/\/www.hydraulic-cylinders.net\/et\/wp-json\/wp\/v2\/product_tag?post=17320"}],"curies":[{"name":"wp","href":"https:\/\/api.w.org\/{rel}","templated":true}]}}