{"id":17331,"date":"2025-03-07T07:38:49","date_gmt":"2025-03-07T07:38:49","guid":{"rendered":"https:\/\/www.hydraulic-cylinders.net\/?post_type=product&#038;p=17331"},"modified":"2025-04-11T03:05:13","modified_gmt":"2025-04-11T03:05:13","slug":"main-and-auxiliary-lifting-cylinders-for-no-tillage-machines","status":"publish","type":"product","link":"https:\/\/www.hydraulic-cylinders.net\/et\/toode\/main-and-auxiliary-lifting-cylinders-for-no-tillage-machines\/","title":{"rendered":"Peamised ja abisilindrid mullaharimata masinatele"},"content":{"rendered":"<h1 style=\"text-align: center;\"><strong>Peamised ja abisilindrid mullaharimata masinatele<img loading=\"lazy\" decoding=\"async\" class=\"alignnone wp-image-17286\" src=\"https:\/\/www.hydraulic-cylinders.net\/wp-content\/uploads\/2025\/03\/main-and-auxiliary-lifting-cylinders-1-1.webp\" alt=\"\" width=\"500\" height=\"500\" \/> \u00a0<\/strong><\/h1>\n<p>Peamised ja abit\u00f5stesilindrid m\u00e4ngivad olulist rolli mullaharimismasinate t\u00f5husas t\u00f6\u00f6s, parandades oluliselt nende j\u00f5udlust erinevates p\u00f5llumajandust\u00f6\u00f6des. Need h\u00fcdraulilised silindrid pakuvad erakordset efektiivsust oluliste komponentide t\u00f5stmisel ja langetamisel, tagades sujuva ja usaldusv\u00e4\u00e4rse toimimise kriitiliste toimingute, n\u00e4iteks istutamise, v\u00e4etamise ja p\u00f5llukultuuride majandamise ajal.<\/p>\n<p>Need t\u00f5stesilindrid on konstrueeritud nii vastupidavust kui ka t\u00e4psust silmas pidades ning loodud vastu pidama n\u00f5udlike p\u00f5llumajanduskeskkondade raskustele. Nende vastupidav konstruktsioon minimeerib kulumist, pakkudes p\u00f5llumeestele seadmeid, mis peavad vastu harimata p\u00f5llukultuuride v\u00e4ljakutsetele. Nende silindrite t\u00e4ppiskonstruktsioon v\u00f5imaldab masina liikumise t\u00e4pset juhtimist, v\u00f5imaldades operaatoritel teha peenh\u00e4\u00e4lestusi ja optimeerida haakeriistade positsioneerimist.<\/p>\n<p>P\u00f5llumehed saavad oma seadmetesse integreerides p\u00f5hi- ja abisilindrid oluliselt parandada oma otsek\u00fclvimasinate \u00fcldist funktsionaalsust. See integratsioon parandab t\u00f6\u00f6 efektiivsust ja v\u00f5imaldab sujuvat \u00fcleminekut erinevate \u00fclesannete vahel, v\u00e4hendades seisakuid ja suurendades tootlikkust. Seet\u00f5ttu saavad p\u00f5llumehed enesekindlalt omaks v\u00f5tta kaasaegseid p\u00f5llumajandustavasid, teades, et nende seadmed on varustatud t\u00e4iustatud h\u00fcdraulikatehnoloogiaga, mis on loodud vastama t\u00e4nap\u00e4evase p\u00f5llumajanduse n\u00f5udmistele.<\/p>\n<h2><strong>Peamised ja abisilindrid mullaharimismasinatele Parameeter:<\/strong><\/h2>\n<h1 style=\"text-align: center;\"><strong><img loading=\"lazy\" decoding=\"async\" class=\"alignnone size-full wp-image-17283\" src=\"https:\/\/www.hydraulic-cylinders.net\/wp-content\/uploads\/2025\/03\/hydraulic-cylinders-for-no-tillage-machines-parameter-1.webp\" alt=\"\" width=\"2237\" height=\"1271\" srcset=\"https:\/\/www.hydraulic-cylinders.net\/wp-content\/uploads\/2025\/03\/hydraulic-cylinders-for-no-tillage-machines-parameter-1.webp 2237w, https:\/\/www.hydraulic-cylinders.net\/wp-content\/uploads\/2025\/03\/hydraulic-cylinders-for-no-tillage-machines-parameter-1-1280x727.webp 1280w, https:\/\/www.hydraulic-cylinders.net\/wp-content\/uploads\/2025\/03\/hydraulic-cylinders-for-no-tillage-machines-parameter-1-980x557.webp 980w, https:\/\/www.hydraulic-cylinders.net\/wp-content\/uploads\/2025\/03\/hydraulic-cylinders-for-no-tillage-machines-parameter-1-480x273.webp 480w\" sizes=\"(min-width: 0px) and (max-width: 480px) 480px, (min-width: 481px) and (max-width: 980px) 980px, (min-width: 981px) and (max-width: 1280px) 1280px, (min-width: 1281px) 2237px, 100vw\" \/><\/strong><\/h1>\n<h2><strong>Peamised ja abisilindrid mullaharimismasinatele:<\/strong><\/h2>\n<p><img loading=\"lazy\" decoding=\"async\" class=\"alignnone size-full wp-image-17282\" src=\"https:\/\/www.hydraulic-cylinders.net\/wp-content\/uploads\/2025\/03\/hydraulic-cylinders-for-no-tillage-machines-application-1.webp\" alt=\"\" width=\"2273\" height=\"976\" srcset=\"https:\/\/www.hydraulic-cylinders.net\/wp-content\/uploads\/2025\/03\/hydraulic-cylinders-for-no-tillage-machines-application-1.webp 2273w, https:\/\/www.hydraulic-cylinders.net\/wp-content\/uploads\/2025\/03\/hydraulic-cylinders-for-no-tillage-machines-application-1-1280x550.webp 1280w, https:\/\/www.hydraulic-cylinders.net\/wp-content\/uploads\/2025\/03\/hydraulic-cylinders-for-no-tillage-machines-application-1-980x421.webp 980w, https:\/\/www.hydraulic-cylinders.net\/wp-content\/uploads\/2025\/03\/hydraulic-cylinders-for-no-tillage-machines-application-1-480x206.webp 480w\" sizes=\"(min-width: 0px) and (max-width: 480px) 480px, (min-width: 481px) and (max-width: 980px) 980px, (min-width: 981px) and (max-width: 1280px) 1280px, (min-width: 1281px) 2273px, 100vw\" \/><\/p>\n<h2><strong>Peamised ja abisilindrid mullaharimata masinatele. Peamised omadused:<\/strong><\/h2>\n<h4><strong>1. Tugev konstruktsioon<\/strong><\/h4>\n<p>Need t\u00f5stesilindrid on valmistatud esmaklassilistest materjalidest, mis on loodud vastu pidama n\u00f5udlikele p\u00f5llumajanduskeskkondadele. Nende erakordne kulumiskindlus tagab pikaealisuse, v\u00e4hendades oluliselt sagedaste vahetuste vajadust. See vastupidavus t\u00e4hendab aja jooksul kulude kokkuhoidu ja suurendab mullaharimismasinate \u00fcldist t\u00f6\u00f6kindlust, v\u00f5imaldades p\u00f5llumeestel keskenduda oma t\u00f6\u00f6le ilma seadmete rikete p\u00e4rast muretsemata.<\/p>\n<h4><strong>2. Suur kandev\u00f5ime<\/strong><\/h4>\n<p>Need silindrid on konstrueeritud m\u00e4rkimisv\u00e4\u00e4rse raskuse talumiseks ning annavad vajaliku j\u00f5u raskete seadmete t\u00f5husaks t\u00f5stmiseks. Nende muljetavaldav kandev\u00f5ime v\u00f5imaldab p\u00f5llumeestel t\u00e4ita isegi k\u00f5ige n\u00f5udlikumaid p\u00f5llumajandust\u00f6id ilma j\u00f5udlust ohverdamata. See t\u00f6\u00f6kindlus suurendab tootlikkust, andes p\u00f5llumeestele v\u00f5imaluse h\u00f5lpsalt hakkama saada suuremate p\u00f5ldude ja keerukamate toimingutega.<\/p>\n<h4><strong>3. Sujuv t\u00f6\u00f6<\/strong><\/h4>\n<p>T\u00e4iustatud h\u00fcdraulilise konstruktsiooniga silindrid minimeerivad h\u00f5\u00f5rdumist, mille tulemuseks on sujuvad t\u00f5stmis- ja langetamistoimingud. See sujuv t\u00f6\u00f6 suurendab \u00fcldist efektiivsust, v\u00f5imaldades operaatoritel s\u00e4ilitada oma seadmete \u00fcle t\u00e4pset kontrolli. V\u00e4iksemate t\u00f5ukej\u00f5u ja vibratsiooniga saavad p\u00f5llumehed oma \u00fclesannetes suurema t\u00e4psuse saavutada, mis omakorda parandab saagikoristust ja suurendab saaki.<\/p>\n<h4><strong>4. Mitmek\u00fclgne \u00fchilduvus<\/strong><\/h4>\n<p>Need t\u00f5stesilindrid, mis on loodud \u00fchilduma paljude harimata masinatega, pakuvad mitmek\u00fclgseid lahendusi mitmesugusteks p\u00f5llumajanduslikeks rakendusteks. Nende v\u00f5ime sujuvalt integreeruda olemasolevate seadmetega t\u00e4hendab, et p\u00f5llumehed saavad oma masinaid t\u00e4iustada ilma ulatuslike muudatusteta. See paindlikkus v\u00f5imaldab luua kohandatud lahendusi, mis vastavad konkreetsetele t\u00f6\u00f6vajadustele.<\/p>\n<h4><strong>5. Kasutajas\u00f5bralik paigaldus<\/strong><\/h4>\n<p>Need silindrid on konstrueeritud lihtsaks paigaldamiseks, mis v\u00e4hendab oluliselt seisakuid ja v\u00f5imaldab p\u00f5llumeestel kiiresti t\u00f6\u00f6le naasta. Lihtne paigaldusprotsess tagab, et isegi piiratud tehnilise kogemusega inimesed saavad neid raskusteta paigaldada. See mugavus lihtsustab tegevust ja suurendab \u00fcldist tootlikkust talus.<\/p>\n<p>Nende suure j\u00f5udlusega t\u00f5stesilindrite valimisega saavad p\u00f5llumehed parandada oma seadmete t\u00f5husust ja t\u00f6\u00f6kindlust, sillutades teed produktiivsemale ja edukamale p\u00f5llumajandustegevusele. Nende t\u00e4iustatud h\u00fcdrauliliste lahenduste kasutuselev\u00f5tt annab p\u00f5llumeestele v\u00f5imaluse kohaneda kaasaegsete p\u00f5llumajandustavadega ja tulla toime t\u00e4nap\u00e4eva p\u00f5llumajandusmaastiku v\u00e4ljakutsetega.<\/p>\n<h2><strong>Peamised ja abisilindrid mullaharimismasinatele, mida ei kasutata. Kohaldatav mudel:<\/strong><\/h2>\n<h1 style=\"text-align: center;\"><strong><img loading=\"lazy\" decoding=\"async\" class=\"alignnone size-full wp-image-17284\" src=\"https:\/\/www.hydraulic-cylinders.net\/wp-content\/uploads\/2025\/03\/hydraulic-cylinders-for-no-tillage-machines-2.webp\" alt=\"\" width=\"2312\" height=\"600\" srcset=\"https:\/\/www.hydraulic-cylinders.net\/wp-content\/uploads\/2025\/03\/hydraulic-cylinders-for-no-tillage-machines-2.webp 2312w, https:\/\/www.hydraulic-cylinders.net\/wp-content\/uploads\/2025\/03\/hydraulic-cylinders-for-no-tillage-machines-2-1280x332.webp 1280w, https:\/\/www.hydraulic-cylinders.net\/wp-content\/uploads\/2025\/03\/hydraulic-cylinders-for-no-tillage-machines-2-980x254.webp 980w, https:\/\/www.hydraulic-cylinders.net\/wp-content\/uploads\/2025\/03\/hydraulic-cylinders-for-no-tillage-machines-2-480x125.webp 480w\" sizes=\"(min-width: 0px) and (max-width: 480px) 480px, (min-width: 481px) and (max-width: 980px) 980px, (min-width: 981px) and (max-width: 1280px) 1280px, (min-width: 1281px) 2312px, 100vw\" \/><\/strong><\/h1>\n<h2><strong>Kuidas suurendavad peamised ja abit\u00f5stukid p\u00f5llumajandust\u00f6\u00f6de efektiivsust?<\/strong><\/h2>\n<p>Peamised ja abisilindrid on p\u00f5llumajandusmaailmas p\u00f6\u00f6rdepunktid, pakkudes hulgaliselt eeliseid, mis suurendavad oluliselt erinevate \u00fclesannete t\u00f5husust. Vaatame l\u00e4hemalt, kuidas need h\u00fcdraulilised imed muudavad olukorda:<\/p>\n<h4><strong>T\u00e4iustatud koormuse haldamine<\/strong>:<\/h4>\n<p>Need silindrid on konstrueeritud taluma m\u00e4rkimisv\u00e4\u00e4rseid raskusi, v\u00f5imaldades p\u00f5llumeestel raskeid seadmeid vaevata t\u00f5sta. See t\u00e4hendab, et enam ei pea vaeva n\u00e4gema t\u00fclikate t\u00f6\u00f6riistadega ega riskima seadmete kahjustamisega. V\u00f5imalusega t\u00e4ita n\u00f5udlikke \u00fclesandeid saavad p\u00f5llumehed t\u00f6\u00f6tada targemini, mitte rohkem pingutades, tagades iga toimingu sujuva ja t\u00f5husa toimimise.<\/p>\n<h4><strong>Sujuv toimimine<\/strong>:<\/h4>\n<p>T\u00e4nu t\u00e4iustatud h\u00fcdraulilisele konstruktsioonile tagavad need silindrid erakordselt sujuva t\u00f5stmise ja langetamise. H\u00f5\u00f5rdumise minimeerimise abil v\u00e4hendavad need t\u00f5ukeid ja vibratsiooni, andes operaatoritele t\u00e4pse kontrolli oma masinate \u00fcle. See sujuv t\u00f6\u00f6 mitte ainult ei suurenda t\u00e4psust, vaid muudab kogu protsessi ka intuitiivsemaks, v\u00f5imaldades p\u00f5llumeestel keskenduda k\u00e4silolevale \u00fclesandele ilma segajateta.<\/p>\n<h4><strong>Mitmek\u00fclgsus<\/strong>:<\/h4>\n<p>Nende t\u00f5stesilindrite \u00fcks silmapaistvamaid omadusi on nende \u00fchilduvus paljude k\u00fclvieelsete masinatega. See mitmek\u00fclgsus t\u00e4hendab, et p\u00f5llumehed saavad neid h\u00f5lpsalt oma olemasolevatesse seadmetesse integreerida, muutes uuendused sujuvaks ilma ulatuslike muudatusteta. See paindlikkus annab p\u00f5llumeestele v\u00f5imaluse kohandada oma seadmeid vastavalt konkreetsetele t\u00f6\u00f6vajadustele, kohandudes h\u00f5lpsalt erinevate p\u00f5llukultuuride ja p\u00f5llutingimustega.<\/p>\n<h4><strong>V\u00e4hendatud seisakuaeg<\/strong>:<\/h4>\n<p>P\u00f5llumajanduses on aeg raha ja need silindrid on just seda silmas pidades disainitud. Nende kasutajas\u00f5bralik paigaldusprotsess v\u00f5imaldab kiiret seadistamist ja hooldust, minimeerides seisakuid. P\u00f5llumehed saavad kiiremini t\u00f6\u00f6le naasta, tagades, et nad saavad kriitilistel k\u00fclvi- ja koristushooaegadel igast t\u00f6\u00f6tunnist maksimumi.<\/p>\n<h4><strong>Suurem tootlikkus<\/strong>:<\/h4>\n<p>Toimingute sujuvamaks muutmise ja mitme \u00fclesande t\u00e4pse haldamise v\u00f5imaldamise abil suurendavad need t\u00f5stesilindrid m\u00e4rkimisv\u00e4\u00e4rselt \u00fcldist tootlikkust. P\u00f5llumajandustootjad saavad katta suuremaid alasid ja t\u00f5husamalt tegeleda keerukamate toimingutega, mis viib parema saagikoristuseni ja suurema saagikuseni. See mitte ainult ei suurenda kasumlikkust, vaid v\u00f5imaldab ka p\u00f5llumeestel enesekindlalt kaasaegseid tavasid omaks v\u00f5tta.<\/p>\n<p>Kokkuv\u00f5ttes on peamised ja abit\u00f5stukid olulised t\u00f6\u00f6riistad, mis muudavad p\u00f5llumajandustegevust. Parandades koormuse haldamist, tagades sujuva t\u00f6\u00f6, pakkudes mitmek\u00fclgsust, v\u00e4hendades seisakuid ja suurendades tootlikkust, v\u00f5imaldavad need p\u00f5llumeestel t\u00f6\u00f6tada t\u00f5husamalt ja j\u00e4tkusuutlikumalt. Nende tehnoloogiate omaksv\u00f5tmine avab uusi v\u00f5imalusi edu saavutamiseks pidevalt muutuvas p\u00f5llumajandusmaastikus.<\/p>\n<h2><strong>Testimisseadmed:<\/strong><\/h2>\n<p><strong><img loading=\"lazy\" decoding=\"async\" class=\"alignnone size-full wp-image-17293\" src=\"https:\/\/www.hydraulic-cylinders.net\/wp-content\/uploads\/2025\/03\/test-equipment.webp-2.webp\" alt=\"\" width=\"1932\" height=\"1741\" srcset=\"https:\/\/www.hydraulic-cylinders.net\/wp-content\/uploads\/2025\/03\/test-equipment.webp-2.webp 1932w, https:\/\/www.hydraulic-cylinders.net\/wp-content\/uploads\/2025\/03\/test-equipment.webp-2-1280x1153.webp 1280w, https:\/\/www.hydraulic-cylinders.net\/wp-content\/uploads\/2025\/03\/test-equipment.webp-2-980x883.webp 980w, https:\/\/www.hydraulic-cylinders.net\/wp-content\/uploads\/2025\/03\/test-equipment.webp-2-480x433.webp 480w\" sizes=\"(min-width: 0px) and (max-width: 480px) 480px, (min-width: 481px) and (max-width: 980px) 980px, (min-width: 981px) and (max-width: 1280px) 1280px, (min-width: 1281px) 1932px, 100vw\" \/><\/strong><\/p>\n<ul>\n<li>1: Soolapihustusega katsekamber<\/li>\n<li>2: Keemiline anal\u00fc\u00fcs<\/li>\n<li>3: T\u00f5mbekatse masin<\/li>\n<li>4: Rockwelli k\u00f5vadustester<\/li>\n<li>5: Puhtuse testimise masin<\/li>\n<li>6: TH110 tagasil\u00f6\u00f6gik\u00f5vaduse tester<\/li>\n<li>7: Kattekihi paksuse m\u00f5\u00f5tur<\/li>\n<li>8: Pendli l\u00f6\u00f6gikatse<\/li>\n<\/ul>\n<p><img loading=\"lazy\" decoding=\"async\" class=\"alignnone size-full wp-image-17292\" src=\"https:\/\/www.hydraulic-cylinders.net\/wp-content\/uploads\/2025\/03\/test-equipment.webp-1.webp\" alt=\"\" width=\"1600\" height=\"1216\" srcset=\"https:\/\/www.hydraulic-cylinders.net\/wp-content\/uploads\/2025\/03\/test-equipment.webp-1.webp 1600w, https:\/\/www.hydraulic-cylinders.net\/wp-content\/uploads\/2025\/03\/test-equipment.webp-1-1280x973.webp 1280w, https:\/\/www.hydraulic-cylinders.net\/wp-content\/uploads\/2025\/03\/test-equipment.webp-1-980x745.webp 980w, https:\/\/www.hydraulic-cylinders.net\/wp-content\/uploads\/2025\/03\/test-equipment.webp-1-480x365.webp 480w\" sizes=\"(min-width: 0px) and (max-width: 480px) 480px, (min-width: 481px) and (max-width: 980px) 980px, (min-width: 981px) and (max-width: 1280px) 1280px, (min-width: 1281px) 1600px, 100vw\" \/><\/p>\n<p>Meie ettev\u00f5te peab kvaliteeti oma edu aluseks. Selle p\u00fchendumuse t\u00e4itmiseks oleme investeerinud tipptasemel kodumajapidamises kasutatavatesse testimis- ja laboriseadmetesse, mida toetab teaduse ja tehnoloogia valdkonna k\u00f5rgelt kvalifitseeritud spetsialistide meeskond.<\/p>\n<p>Meie range kvaliteedijuhtimiss\u00fcsteem vastab t\u00f6\u00f6stusstandarditele, tagades, et iga meie toodetud tootepartii vastab k\u00f5rgeimatele kvaliteedikriteeriumidele. Standardiseerides oma tegevust ja j\u00e4lgides pidevalt protsesse, tagame, et meie kliendid saavad ainult parimat.<\/p>\n<p>See vankumatu p\u00fchendumus kvaliteedile mitte ainult ei suurenda meie toodete usaldusv\u00e4\u00e4rsust, vaid loob ka usaldust ja rahulolu meie klientide seas. Usume, et seades esikohale tipptaseme oma tootmise igas aspektis, panustame oma partnerite ja kogu t\u00f6\u00f6stusharu edusse. Koos p\u00fc\u00fcdleme innovatsiooni ja kvaliteedi poole, mis kestab ajas.<\/p>\n<h2><strong>H\u00fcdraulilise silindri tootmiskoht:<\/strong><\/h2>\n<p>Meie ettev\u00f5te on juhtiv h\u00fcdrosilindrite tootja, mida toetavad meie enda s\u00f5ltumatud uurimis-, arendus- ja disainiv\u00f5imalused. Tipptasemel tehasega, kus on \u00fcle 170 \u00fcldise t\u00f6\u00f6pingi, CNC-masina, t\u00f6\u00f6tlemiskeskuse, keevitusseadme ja spetsiaalsete testimis- ja kontrollit\u00f6\u00f6riistade, oleme h\u00e4sti varustatud, et rahuldada mitmekesiseid t\u00f6\u00f6stuslikke n\u00f5udmisi.<\/p>\n<p>Aastatepikkuse tehnoloogilise oskusteabe ja protsesside t\u00e4iustamise abil oleme loonud k\u00fcpse tootmisprotsessi, mis integreerib sujuvalt teadus- ja arendustegevuse tootmisega. Sellest integratsioonist on saanud meie peamine konkurentsieelis, mis v\u00f5imaldab meil disainida ja toota laia valikut h\u00fcdraulilisi silindreid, mis on kohandatud vastavalt klientide konkreetsetele vajadustele.<\/p>\n<p>Meie tooteid kasutatakse laialdaselt erinevates sektorites, sealhulgas p\u00f5llumajandusmasinate, ehitusseadmete, s\u00f5idukite, teedeehituse ja erimasinate tootmises. Toetame uhkusega arvukalt originaalseadmete tootjaid (OEM), sealhulgas Bonong Xingda, Bojin Hummer, Jilin Ruifeng, Debang Dawei, Shandong Yineng Heavy Industry, Tai'an Modern Heavy Industry ja Shifeng Group.<\/p>\n<p><img loading=\"lazy\" decoding=\"async\" class=\"alignnone size-full wp-image-17290\" src=\"https:\/\/www.hydraulic-cylinders.net\/wp-content\/uploads\/2025\/03\/production-site-1.webp\" alt=\"\" width=\"1971\" height=\"2253\" srcset=\"https:\/\/www.hydraulic-cylinders.net\/wp-content\/uploads\/2025\/03\/production-site-1.webp 1971w, https:\/\/www.hydraulic-cylinders.net\/wp-content\/uploads\/2025\/03\/production-site-1-1280x1463.webp 1280w, https:\/\/www.hydraulic-cylinders.net\/wp-content\/uploads\/2025\/03\/production-site-1-980x1120.webp 980w, https:\/\/www.hydraulic-cylinders.net\/wp-content\/uploads\/2025\/03\/production-site-1-480x549.webp 480w\" sizes=\"(min-width: 0px) and (max-width: 480px) 480px, (min-width: 481px) and (max-width: 980px) 980px, (min-width: 981px) and (max-width: 1280px) 1280px, (min-width: 1281px) 1971px, 100vw\" \/><\/p>\n<p>Oleme p\u00fchendunud erakordse teenuse pakkumisele tugeva kvaliteedipoliitika kaudu, mis seab esikohale pideva innovatsiooni teadus- ja arendustegevuses, juhtimises, kvaliteedikontrollis ja klienditeeninduses. Meie p\u00fchendumust kvaliteedile on tunnustatud ISO\/TS16949 sertifikaadiga, mis tagab, et me mitte ainult ei vasta klientide ootustele, vaid \u00fcletame neid pidevalt.<\/p>\n<p>Tulevikku vaadates j\u00e4tkame oma tehnoloogia arendamist ja v\u00f5imete laiendamist, seades alati eesm\u00e4rgiks pakkuda oma klientidele k\u00f5rgeima kvaliteediga tooteid ja teenuseid. Koos loome h\u00fcdrauliliste silindrite t\u00f6\u00f6stuses tipptasemel p\u00e4randi.<\/p>","protected":false},"excerpt":{"rendered":"<p>Main And Auxiliary Lifting Cylinders For No Tillage Machines \u00a0 Main and auxiliary lifting cylinders play a crucial role in the effective operation of no-tillage machines, significantly enhancing their performance in various agricultural tasks. These hydraulic cylinders deliver exceptional efficiency in lifting and lowering essential components, ensuring smooth and reliable functionality during critical operations such [&hellip;]<\/p>","protected":false},"featured_media":17308,"comment_status":"open","ping_status":"closed","template":"","meta":{"_et_pb_use_builder":"","_et_pb_old_content":"","_et_gb_content_width":""},"product_brand":[],"product_cat":[1530,1549,1376],"product_tag":[],"class_list":{"0":"post-17331","1":"product","2":"type-product","3":"status-publish","4":"has-post-thumbnail","6":"product_cat-no-tillage-machinery-hydraulic-cylinders","7":"product_cat-single-acting-hydraulic-cylinder","8":"product_cat-hydraulic-cylinder","10":"first","11":"instock","12":"shipping-taxable","13":"product-type-simple"},"amp_enabled":true,"_links":{"self":[{"href":"https:\/\/www.hydraulic-cylinders.net\/et\/wp-json\/wp\/v2\/product\/17331","targetHints":{"allow":["GET"]}}],"collection":[{"href":"https:\/\/www.hydraulic-cylinders.net\/et\/wp-json\/wp\/v2\/product"}],"about":[{"href":"https:\/\/www.hydraulic-cylinders.net\/et\/wp-json\/wp\/v2\/types\/product"}],"replies":[{"embeddable":true,"href":"https:\/\/www.hydraulic-cylinders.net\/et\/wp-json\/wp\/v2\/comments?post=17331"}],"wp:featuredmedia":[{"embeddable":true,"href":"https:\/\/www.hydraulic-cylinders.net\/et\/wp-json\/wp\/v2\/media\/17308"}],"wp:attachment":[{"href":"https:\/\/www.hydraulic-cylinders.net\/et\/wp-json\/wp\/v2\/media?parent=17331"}],"wp:term":[{"taxonomy":"product_brand","embeddable":true,"href":"https:\/\/www.hydraulic-cylinders.net\/et\/wp-json\/wp\/v2\/product_brand?post=17331"},{"taxonomy":"product_cat","embeddable":true,"href":"https:\/\/www.hydraulic-cylinders.net\/et\/wp-json\/wp\/v2\/product_cat?post=17331"},{"taxonomy":"product_tag","embeddable":true,"href":"https:\/\/www.hydraulic-cylinders.net\/et\/wp-json\/wp\/v2\/product_tag?post=17331"}],"curies":[{"name":"wp","href":"https:\/\/api.w.org\/{rel}","templated":true}]}}