{"id":17332,"date":"2025-03-07T07:58:20","date_gmt":"2025-03-07T07:58:20","guid":{"rendered":"https:\/\/www.hydraulic-cylinders.net\/?post_type=product&#038;p=17332"},"modified":"2025-04-11T05:31:12","modified_gmt":"2025-04-11T05:31:12","slug":"bi-directional-scriber-cylinder-for-no-tillage-machines","status":"publish","type":"product","link":"https:\/\/www.hydraulic-cylinders.net\/et\/toode\/bi-directional-scriber-cylinder-for-no-tillage-machines\/","title":{"rendered":"Kahesuunaline kriimustussilinder mullaharimata masinatele"},"content":{"rendered":"<h1 style=\"text-align: center;\"><strong>Kahesuunaline kriimustussilinder mullaharimata masinatele<br \/>\n<img loading=\"lazy\" decoding=\"async\" class=\"alignnone wp-image-17269\" src=\"https:\/\/www.hydraulic-cylinders.net\/wp-content\/uploads\/2025\/03\/bi-directional-scriber-cylinder-1.webp\" alt=\"\" width=\"500\" height=\"499\" srcset=\"https:\/\/www.hydraulic-cylinders.net\/wp-content\/uploads\/2025\/03\/bi-directional-scriber-cylinder-1.webp 500w, https:\/\/www.hydraulic-cylinders.net\/wp-content\/uploads\/2025\/03\/bi-directional-scriber-cylinder-1-480x479.webp 480w\" sizes=\"(min-width: 0px) and (max-width: 480px) 480px, (min-width: 481px) 500px, 100vw\" \/><br \/>\n<\/strong><\/h1>\n<p>Kahesuunaline kriimustussilinder on mullaharimismasinate oluline komponent, mis suurendab oluliselt nende efektiivsust mulla ettevalmistamisel ja k\u00fclvil. See uuenduslik silinder v\u00f5imaldab t\u00e4pset ja mitmek\u00fclgset mullaharimist, v\u00f5imaldades p\u00f5llumeestel luua optimaalsed k\u00fclvitingimused, s\u00e4ilitades samal ajal mulla struktuuri. T\u00e4iustatud h\u00fcdraulilise tehnoloogia abil parandab kahesuunaline kriimustussilinder t\u00f6\u00f6 efektiivsust ja maksimeerib saagikust.<\/p>\n<p>Kahesuunaline kriimustussilinder on t\u00e4nap\u00e4evase mullaharimiseta tavade olulise t\u00f6\u00f6riistana suurendav mullaharimise t\u00e4psust ja t\u00f5husust. Selle vastupidav konstruktsioon, kahesuunaline funktsionaalsus ja lihtne paigaldus v\u00f5imaldavad p\u00f5llumeestel s\u00e4ilitada ideaalsed k\u00fclvitingimused minimaalse mulla h\u00e4irimisega. N\u00f5uetekohaste kasutus- ja hooldusjuhiste j\u00e4rgimisega saavad kasutajad tagada usaldusv\u00e4\u00e4rse j\u00f5udluse, mille tulemuseks on suurem saagikus ja edukad p\u00f5llumajandustulemused. Kahesuunalisse kriimustussilindrisse investeerimine on tark otsus iga p\u00f5llumajandusettev\u00f5tte jaoks, mis soovib suurendada tootlikkust ja edendada s\u00e4\u00e4stvaid tavasid.<\/p>\n<h2><strong>Kahesuunaline kriimustussilinder mullaharimata masinatele Parameeter:<\/strong><\/h2>\n<h1 style=\"text-align: center;\"><strong><img loading=\"lazy\" decoding=\"async\" class=\"alignnone size-full wp-image-17283\" src=\"https:\/\/www.hydraulic-cylinders.net\/wp-content\/uploads\/2025\/03\/hydraulic-cylinders-for-no-tillage-machines-parameter-1.webp\" alt=\"\" width=\"2237\" height=\"1271\" srcset=\"https:\/\/www.hydraulic-cylinders.net\/wp-content\/uploads\/2025\/03\/hydraulic-cylinders-for-no-tillage-machines-parameter-1.webp 2237w, https:\/\/www.hydraulic-cylinders.net\/wp-content\/uploads\/2025\/03\/hydraulic-cylinders-for-no-tillage-machines-parameter-1-1280x727.webp 1280w, https:\/\/www.hydraulic-cylinders.net\/wp-content\/uploads\/2025\/03\/hydraulic-cylinders-for-no-tillage-machines-parameter-1-980x557.webp 980w, https:\/\/www.hydraulic-cylinders.net\/wp-content\/uploads\/2025\/03\/hydraulic-cylinders-for-no-tillage-machines-parameter-1-480x273.webp 480w\" sizes=\"(min-width: 0px) and (max-width: 480px) 480px, (min-width: 481px) and (max-width: 980px) 980px, (min-width: 981px) and (max-width: 1280px) 1280px, (min-width: 1281px) 2237px, 100vw\" \/><\/strong><\/h1>\n<h2><strong>Kahesuunaline kriimustussilinder mullaharimata masinatele:<\/strong><\/h2>\n<p><img loading=\"lazy\" decoding=\"async\" class=\"alignnone size-full wp-image-17282\" src=\"https:\/\/www.hydraulic-cylinders.net\/wp-content\/uploads\/2025\/03\/hydraulic-cylinders-for-no-tillage-machines-application-1.webp\" alt=\"\" width=\"2273\" height=\"976\" srcset=\"https:\/\/www.hydraulic-cylinders.net\/wp-content\/uploads\/2025\/03\/hydraulic-cylinders-for-no-tillage-machines-application-1.webp 2273w, https:\/\/www.hydraulic-cylinders.net\/wp-content\/uploads\/2025\/03\/hydraulic-cylinders-for-no-tillage-machines-application-1-1280x550.webp 1280w, https:\/\/www.hydraulic-cylinders.net\/wp-content\/uploads\/2025\/03\/hydraulic-cylinders-for-no-tillage-machines-application-1-980x421.webp 980w, https:\/\/www.hydraulic-cylinders.net\/wp-content\/uploads\/2025\/03\/hydraulic-cylinders-for-no-tillage-machines-application-1-480x206.webp 480w\" sizes=\"(min-width: 0px) and (max-width: 480px) 480px, (min-width: 481px) and (max-width: 980px) 980px, (min-width: 981px) and (max-width: 1280px) 1280px, (min-width: 1281px) 2273px, 100vw\" \/><\/p>\n<h2><strong>Kahesuunalise kriimustussilindri p\u00f5hiomadused mullaharimata masinatele:<\/strong><\/h2>\n<h4><strong>Mitmek\u00fclgne kahesuunaline t\u00f6\u00f6<\/strong><\/h4>\n<p>Kahesuunaline joonlaud on loodud t\u00f5husaks liikumiseks m\u00f5lemas suunas, v\u00f5imaldades operaatoritel h\u00f5lpsalt kohaneda erinevate p\u00f5llutingimustega. Olenemata sellest, kas liigutakse n\u00f5lvadel, ebatasasel maastikul v\u00f5i kitsastes kohtades, parandab see kahesuunaline v\u00f5imekus man\u00f6\u00f6verdusv\u00f5imet ja \u00fcldist efektiivsust. Selle tulemusena saavad p\u00f5llumehed katta suurema maa-ala l\u00fchema ajaga, s\u00e4ilitades k\u00f5rge tootlikkuse isegi keerulistes p\u00f5llumajanduslikes keskkondades.<\/p>\n<h4><strong>Erakordne t\u00e4psus<\/strong><\/h4>\n<p>T\u00e4iustatud h\u00fcdros\u00fcsteemiga varustatud kahesuunaline joonimissilinder tagab nii s\u00fcgavuse kui ka nurga reguleerimise m\u00e4rkimisv\u00e4\u00e4rse t\u00e4psuse. See t\u00e4psus on \u00fclioluline seemnete efektiivse paigutamise jaoks, tagades seemnete k\u00fclvamise optimaalsele idanemiss\u00fcgavusele. Lisaks parandavad t\u00e4psed reguleerimised mulla \u00f5hustamist, mis on terve juurte arengu jaoks h\u00e4davajalik. See t\u00e4helepanu detailidele parandab istutusprotsessi \u00fcldist kvaliteeti, mis toob kaasa paremaid saagitulemusi ja suurema saagikuse.<\/p>\n<h4><strong>Vastupidav konstruktsioon<\/strong><\/h4>\n<p>Kvaliteetsetest materjalidest valmistatud kahesuunaline joonimissilinder on konstrueeritud vastu pidama karmidele p\u00f5llumajandustingimustele. Selle vastupidav konstruktsioon on kulumiskindel, pakkudes usaldusv\u00e4\u00e4rset j\u00f5udlust kogu p\u00f5llumajandushooaja v\u00e4ltel. See vastupidavus v\u00e4hendab sagedaste vahetuste vajadust, s\u00e4\u00e4stes p\u00f5llumeestele nii aega kui ka raha. Pikaealisusele keskendudes v\u00f5imaldab silinder kasvatajatel keskenduda oma p\u00f5llukultuuridele, ilma et peaks muretsema seadmete rikete p\u00e4rast.<\/p>\n<h4><strong>Kasutajas\u00f5bralik paigaldus<\/strong><\/h4>\n<p>Mugavust silmas pidades loodud kahesuunaline joonimissilinder on lihtsalt paigaldatav. P\u00f5llumajandustootjad saavad selle h\u00f5lpsalt oma olemasolevatesse k\u00fclvieelsetesse masinatesse integreerida ilma ulatuslike muudatusteta. See paigaldamise lihtsus minimeerib seisakuid, v\u00f5imaldades p\u00f5llumeestel oma tegevust kiiresti j\u00e4tkata. Kuna seadistamisele kulub v\u00e4hem aega, saavad kasvatajad keskenduda tootlikkuse maksimeerimisele ja oma p\u00f5llumajandusgraafikute t\u00e4itmisele.<\/p>\n<h4><strong>Minimaalne mulla h\u00e4iring<\/strong><\/h4>\n<p>Kahesuunalise joonlaua silindri disain v\u00e4hendab oluliselt mulla h\u00e4irimist t\u00f6\u00f6tamise ajal. Mulla struktuuri ja niiskustaseme s\u00e4ilitamise kaudu soodustab see omadus paremat juurte arengut ja \u00fcldist saagi tervist. Lisaks aitab v\u00e4henenud mulla h\u00e4irimine s\u00e4ilitada kasulikke mikroorganisme, aidates kaasa mullaviljakuse paranemisele. See hoolikas l\u00e4henemine mullaharimisele toetab s\u00e4\u00e4stvaid p\u00f5llumajandustavasid ja tagab maa pikaajalise eluj\u00f5ulisuse.<\/p>\n<p>Kokkuv\u00f5ttes paistab kahesuunaline joonimissilinder silma oma mitmek\u00fclgse kahesuunalise t\u00f6\u00f6, erakordse t\u00e4psuse, vastupidava konstruktsiooni, kasutajas\u00f5braliku paigalduse ja minimaalse pinnase h\u00e4irimisega. K\u00f5ik need omadused parandavad p\u00f5llumajanduskogemust, muutes selle asendamatuks t\u00f6\u00f6riistaks t\u00e4nap\u00e4evastes p\u00f5llumajandustavades.<\/p>\n<h2><strong>Kahesuunaline kriimustussilinder mullaharimata masinatele. Sobiv mudel:<\/strong><\/h2>\n<h1 style=\"text-align: center;\"><strong><img loading=\"lazy\" decoding=\"async\" class=\"alignnone size-full wp-image-17284\" src=\"https:\/\/www.hydraulic-cylinders.net\/wp-content\/uploads\/2025\/03\/hydraulic-cylinders-for-no-tillage-machines-2.webp\" alt=\"\" width=\"2312\" height=\"600\" srcset=\"https:\/\/www.hydraulic-cylinders.net\/wp-content\/uploads\/2025\/03\/hydraulic-cylinders-for-no-tillage-machines-2.webp 2312w, https:\/\/www.hydraulic-cylinders.net\/wp-content\/uploads\/2025\/03\/hydraulic-cylinders-for-no-tillage-machines-2-1280x332.webp 1280w, https:\/\/www.hydraulic-cylinders.net\/wp-content\/uploads\/2025\/03\/hydraulic-cylinders-for-no-tillage-machines-2-980x254.webp 980w, https:\/\/www.hydraulic-cylinders.net\/wp-content\/uploads\/2025\/03\/hydraulic-cylinders-for-no-tillage-machines-2-480x125.webp 480w\" sizes=\"(min-width: 0px) and (max-width: 480px) 480px, (min-width: 481px) and (max-width: 980px) 980px, (min-width: 981px) and (max-width: 1280px) 1280px, (min-width: 1281px) 2312px, 100vw\" \/><\/strong><\/h1>\n<h2><strong>Kuidas kahesuunalise kritseldussilindri kahesuunaline t\u00f6\u00f6 parandab p\u00f5llumajanduse efektiivsust?<\/strong><\/h2>\n<p>Kahesuunalise joonimissilindri kahesuunaline t\u00f6\u00f6 suurendab oluliselt p\u00f5llumajanduse efektiivsust mitme olulise eelise kaudu:<\/p>\n<h4><strong>Suurem man\u00f6\u00f6verdusv\u00f5ime<\/strong>:<\/h4>\n<p>V\u00f5imalus liikuda nii edasi kui ka tagasi v\u00f5imaldab operaatoritel h\u00f5lpsalt mitmekesisel maastikul navigeerida. See paindlikkus on eriti kasulik n\u00f5lvadel, ebatasastel pindadel v\u00f5i kitsastes kohtades, kus traditsiooniliste \u00fchesuunaliste seadmetega on raske toime tulla. Pideva \u00fcmberpaigutamise vajaduse v\u00e4hendamise abil saavad p\u00f5llumehed s\u00e4ilitada stabiilse t\u00f6\u00f6voo, tagades iga p\u00f5llu sentimeetri t\u00f5husa haldamise.<\/p>\n<h4><strong>Aja kokkuhoid<\/strong>:<\/h4>\n<p>Kahesuunalise t\u00f6\u00f6tamise v\u00f5imalusega saavad p\u00f5llumehed katta suurema maa-ala l\u00fchema ajaga. See funktsioon minimeerib p\u00f6\u00f6ramistele ja reguleerimisele kuluvat aega, v\u00f5imaldades pidevat t\u00f6\u00f6d. Selle tulemusel l\u00fcheneb mulla ettevalmistamise ja k\u00fclvit\u00f6\u00f6de kogukestus oluliselt, mis v\u00f5imaldab p\u00f5llumeestel oma t\u00f6\u00f6d t\u00f5husamalt teha ja eraldada aega muudeks olulisteks p\u00f5llumajandustegevusteks.<\/p>\n<h4><strong>Suurem tootlikkus<\/strong>:<\/h4>\n<p>Sujuv \u00fcleminek suundade vahel h\u00f5lbustab sujuvamat t\u00f6\u00f6voogu ja v\u00e4hendab katkestusi. See efektiivsus on \u00fclioluline k\u00fclvihooaegade tipphetkedel, kui iga hetk on oluline. Iga p\u00f5llulk\u00e4igu efektiivsuse maksimeerimisega saavad p\u00f5llumehed saavutada suurema tootlikkuse, tagades k\u00fclvit\u00e4htaegadest kinnipidamise ja saagikuse optimeerimise.<\/p>\n<h4><strong>Parem mullahaldus<\/strong>:<\/h4>\n<p>Kahesuunalise joonlaua silindri disain minimeerib mulla h\u00e4irimist t\u00f6\u00f6tamise ajal, mis on mulla tervise s\u00e4ilitamiseks \u00fclioluline. Mulla struktuuri ja niiskustaseme s\u00e4ilitamisega soodustab see omadus paremat juurte arengut ja \u00fcldist saagi eluj\u00f5udu. Lisaks aitab v\u00e4henenud mulla h\u00e4irimine s\u00e4ilitada mullas kasulikke mikroorganisme, aidates kaasa viljakuse suurenemisele ja s\u00e4\u00e4stvatele p\u00f5llumajandustavadele.<\/p>\n<p>Kokkuv\u00f5ttes ei lihtsusta kahesuunalise joondamissilindri kahesuunaline t\u00f6\u00f6 mitte ainult p\u00f5llumajandusprotsesse, vaid toetab ka paremat mullaharimist, mis omakorda suurendab tootlikkust ja pikaajalist j\u00e4tkusuutlikkust p\u00f5llumajandustavades.<\/p>\n<h2><strong>Testimisseadmed:<\/strong><\/h2>\n<p><strong><img loading=\"lazy\" decoding=\"async\" class=\"alignnone size-full wp-image-17293\" src=\"https:\/\/www.hydraulic-cylinders.net\/wp-content\/uploads\/2025\/03\/test-equipment.webp-2.webp\" alt=\"\" width=\"1932\" height=\"1741\" srcset=\"https:\/\/www.hydraulic-cylinders.net\/wp-content\/uploads\/2025\/03\/test-equipment.webp-2.webp 1932w, https:\/\/www.hydraulic-cylinders.net\/wp-content\/uploads\/2025\/03\/test-equipment.webp-2-1280x1153.webp 1280w, https:\/\/www.hydraulic-cylinders.net\/wp-content\/uploads\/2025\/03\/test-equipment.webp-2-980x883.webp 980w, https:\/\/www.hydraulic-cylinders.net\/wp-content\/uploads\/2025\/03\/test-equipment.webp-2-480x433.webp 480w\" sizes=\"(min-width: 0px) and (max-width: 480px) 480px, (min-width: 481px) and (max-width: 980px) 980px, (min-width: 981px) and (max-width: 1280px) 1280px, (min-width: 1281px) 1932px, 100vw\" \/><\/strong><\/p>\n<ul>\n<li>1: Soolapihustusega katsekamber<\/li>\n<li>2: Keemiline anal\u00fc\u00fcs<\/li>\n<li>3: T\u00f5mbekatse masin<\/li>\n<li>4: Rockwelli k\u00f5vadustester<\/li>\n<li>5: Puhtuse testimise masin<\/li>\n<li>6: TH110 tagasil\u00f6\u00f6gik\u00f5vaduse tester<\/li>\n<li>7: Kattekihi paksuse m\u00f5\u00f5tur<\/li>\n<li>8: Pendli l\u00f6\u00f6gikatse<\/li>\n<\/ul>\n<p><img loading=\"lazy\" decoding=\"async\" class=\"alignnone size-full wp-image-17292\" src=\"https:\/\/www.hydraulic-cylinders.net\/wp-content\/uploads\/2025\/03\/test-equipment.webp-1.webp\" alt=\"\" width=\"1600\" height=\"1216\" srcset=\"https:\/\/www.hydraulic-cylinders.net\/wp-content\/uploads\/2025\/03\/test-equipment.webp-1.webp 1600w, https:\/\/www.hydraulic-cylinders.net\/wp-content\/uploads\/2025\/03\/test-equipment.webp-1-1280x973.webp 1280w, https:\/\/www.hydraulic-cylinders.net\/wp-content\/uploads\/2025\/03\/test-equipment.webp-1-980x745.webp 980w, https:\/\/www.hydraulic-cylinders.net\/wp-content\/uploads\/2025\/03\/test-equipment.webp-1-480x365.webp 480w\" sizes=\"(min-width: 0px) and (max-width: 480px) 480px, (min-width: 481px) and (max-width: 980px) 980px, (min-width: 981px) and (max-width: 1280px) 1280px, (min-width: 1281px) 1600px, 100vw\" \/><\/p>\n<p>Meie ettev\u00f5te peab kvaliteeti oma edu aluseks. Selle p\u00fchendumuse t\u00e4itmiseks oleme investeerinud tipptasemel kodumajapidamises kasutatavatesse testimis- ja laboriseadmetesse, mida toetab teaduse ja tehnoloogia valdkonna k\u00f5rgelt kvalifitseeritud spetsialistide meeskond.<\/p>\n<p>Meie range kvaliteedijuhtimiss\u00fcsteem vastab t\u00f6\u00f6stusstandarditele, tagades, et iga meie toodetud tootepartii vastab k\u00f5rgeimatele kvaliteedikriteeriumidele. Standardiseerides oma tegevust ja j\u00e4lgides pidevalt protsesse, tagame, et meie kliendid saavad ainult parimat.<\/p>\n<p>See vankumatu p\u00fchendumus kvaliteedile mitte ainult ei suurenda meie toodete usaldusv\u00e4\u00e4rsust, vaid loob ka usaldust ja rahulolu meie klientide seas. Usume, et seades esikohale tipptaseme oma tootmise igas aspektis, panustame oma partnerite ja kogu t\u00f6\u00f6stusharu edusse. Koos p\u00fc\u00fcdleme innovatsiooni ja kvaliteedi poole, mis kestab ajas.<\/p>\n<h2><strong>H\u00fcdraulilise silindri tootmiskoht:<\/strong><\/h2>\n<p>Meie ettev\u00f5te on juhtiv h\u00fcdrosilindrite tootja, mida toetavad meie enda s\u00f5ltumatud uurimis-, arendus- ja disainiv\u00f5imalused. Tipptasemel tehasega, kus on \u00fcle 170 \u00fcldise t\u00f6\u00f6pingi, CNC-masina, t\u00f6\u00f6tlemiskeskuse, keevitusseadme ja spetsiaalsete testimis- ja kontrollit\u00f6\u00f6riistade, oleme h\u00e4sti varustatud, et rahuldada mitmekesiseid t\u00f6\u00f6stuslikke n\u00f5udmisi.<\/p>\n<p>Aastatepikkuse tehnoloogilise oskusteabe ja protsesside t\u00e4iustamise abil oleme loonud k\u00fcpse tootmisprotsessi, mis integreerib sujuvalt teadus- ja arendustegevuse tootmisega. Sellest integratsioonist on saanud meie peamine konkurentsieelis, mis v\u00f5imaldab meil disainida ja toota laia valikut h\u00fcdraulilisi silindreid, mis on kohandatud vastavalt klientide konkreetsetele vajadustele.<\/p>\n<p>Meie tooteid kasutatakse laialdaselt erinevates sektorites, sealhulgas p\u00f5llumajandusmasinate, ehitusseadmete, s\u00f5idukite, teedeehituse ja erimasinate tootmises. Toetame uhkusega arvukalt originaalseadmete tootjaid (OEM), sealhulgas Bonong Xingda, Bojin Hummer, Jilin Ruifeng, Debang Dawei, Shandong Yineng Heavy Industry, Tai'an Modern Heavy Industry ja Shifeng Group.<\/p>\n<p><img loading=\"lazy\" decoding=\"async\" class=\"alignnone size-full wp-image-17290\" src=\"https:\/\/www.hydraulic-cylinders.net\/wp-content\/uploads\/2025\/03\/production-site-1.webp\" alt=\"\" width=\"1971\" height=\"2253\" srcset=\"https:\/\/www.hydraulic-cylinders.net\/wp-content\/uploads\/2025\/03\/production-site-1.webp 1971w, https:\/\/www.hydraulic-cylinders.net\/wp-content\/uploads\/2025\/03\/production-site-1-1280x1463.webp 1280w, https:\/\/www.hydraulic-cylinders.net\/wp-content\/uploads\/2025\/03\/production-site-1-980x1120.webp 980w, https:\/\/www.hydraulic-cylinders.net\/wp-content\/uploads\/2025\/03\/production-site-1-480x549.webp 480w\" sizes=\"(min-width: 0px) and (max-width: 480px) 480px, (min-width: 481px) and (max-width: 980px) 980px, (min-width: 981px) and (max-width: 1280px) 1280px, (min-width: 1281px) 1971px, 100vw\" \/><\/p>\n<p>Oleme p\u00fchendunud erakordse teenuse pakkumisele tugeva kvaliteedipoliitika kaudu, mis seab esikohale pideva innovatsiooni teadus- ja arendustegevuses, juhtimises, kvaliteedikontrollis ja klienditeeninduses. Meie p\u00fchendumust kvaliteedile on tunnustatud ISO\/TS16949 sertifikaadiga, mis tagab, et me mitte ainult ei vasta klientide ootustele, vaid \u00fcletame neid pidevalt.<\/p>\n<p>Tulevikku vaadates j\u00e4tkame oma tehnoloogia arendamist ja v\u00f5imete laiendamist, seades alati eesm\u00e4rgiks pakkuda oma klientidele k\u00f5rgeima kvaliteediga tooteid ja teenuseid. Koos loome h\u00fcdrauliliste silindrite t\u00f6\u00f6stuses tipptasemel p\u00e4randi.<\/p>\n<p><strong>\u00a0<\/strong><\/p>","protected":false},"excerpt":{"rendered":"<p>BI-Directional Scriber Cylinder For No Tillage Machines The BI-Directional Scriber Cylinder is a crucial component for no-tillage machines, significantly enhancing their effectiveness in soil preparation and planting. This innovative cylinder allows for precise and versatile soil management, enabling farmers to create optimal planting conditions while preserving the soil structure. By leveraging advanced hydraulic technology, the [&hellip;]<\/p>","protected":false},"featured_media":17303,"comment_status":"open","ping_status":"closed","template":"","meta":{"_et_pb_use_builder":"","_et_pb_old_content":"","_et_gb_content_width":""},"product_brand":[],"product_cat":[1550,1530,1376],"product_tag":[],"class_list":{"0":"post-17332","1":"product","2":"type-product","3":"status-publish","4":"has-post-thumbnail","6":"product_cat-double-acting-hydraulic-cylinder","7":"product_cat-no-tillage-machinery-hydraulic-cylinders","8":"product_cat-hydraulic-cylinder","10":"first","11":"instock","12":"shipping-taxable","13":"product-type-simple"},"amp_enabled":true,"_links":{"self":[{"href":"https:\/\/www.hydraulic-cylinders.net\/et\/wp-json\/wp\/v2\/product\/17332","targetHints":{"allow":["GET"]}}],"collection":[{"href":"https:\/\/www.hydraulic-cylinders.net\/et\/wp-json\/wp\/v2\/product"}],"about":[{"href":"https:\/\/www.hydraulic-cylinders.net\/et\/wp-json\/wp\/v2\/types\/product"}],"replies":[{"embeddable":true,"href":"https:\/\/www.hydraulic-cylinders.net\/et\/wp-json\/wp\/v2\/comments?post=17332"}],"wp:featuredmedia":[{"embeddable":true,"href":"https:\/\/www.hydraulic-cylinders.net\/et\/wp-json\/wp\/v2\/media\/17303"}],"wp:attachment":[{"href":"https:\/\/www.hydraulic-cylinders.net\/et\/wp-json\/wp\/v2\/media?parent=17332"}],"wp:term":[{"taxonomy":"product_brand","embeddable":true,"href":"https:\/\/www.hydraulic-cylinders.net\/et\/wp-json\/wp\/v2\/product_brand?post=17332"},{"taxonomy":"product_cat","embeddable":true,"href":"https:\/\/www.hydraulic-cylinders.net\/et\/wp-json\/wp\/v2\/product_cat?post=17332"},{"taxonomy":"product_tag","embeddable":true,"href":"https:\/\/www.hydraulic-cylinders.net\/et\/wp-json\/wp\/v2\/product_tag?post=17332"}],"curies":[{"name":"wp","href":"https:\/\/api.w.org\/{rel}","templated":true}]}}