{"id":1739,"date":"2023-10-12T07:42:24","date_gmt":"2023-10-12T07:42:24","guid":{"rendered":"https:\/\/hydraulic-cylinders.net\/?post_type=product&#038;p=1739"},"modified":"2025-04-11T02:57:02","modified_gmt":"2025-04-11T02:57:02","slug":"injection-molding-machine-shooting-cylinder","status":"publish","type":"product","link":"https:\/\/www.hydraulic-cylinders.net\/et\/toode\/injection-molding-machine-shooting-cylinder\/","title":{"rendered":"Sissepritsevormimismasina laskmissilinder"},"content":{"rendered":"<h1 style=\"text-align: center;\"><strong>Sissepritsevormimismasina laskmissilinder<\/strong><\/h1>\n<p><img loading=\"lazy\" decoding=\"async\" class=\"aligncenter wp-image-1740\" src=\"https:\/\/hydraulic-cylinders.net\/wp-content\/uploads\/2023\/10\/shooting-cylinder-1-300x300.webp\" alt=\"\" width=\"400\" height=\"400\" \/><\/p>\n<p>Survevaluvormimasina laskmissilinder on plastvormimisprotsesside oluline komponent ning see on loodud t\u00e4psuse, efektiivsuse ja t\u00f6\u00f6kindluse suurendamiseks. See spetsiaalne silinder on \u00fclioluline sissepritsefaasis, kus sula plastmaterjal s\u00fcstitakse vormi soovitud toodete valmistamiseks.<\/p>\n<p>Survevaluvormimasina laskmissilinder on plasti survevaluvormimisel oluline, v\u00f5imaldades sulatatud plasti t\u00e4pset ja t\u00f5husat vormidesse s\u00fcstimist. Oma vastupidava konstruktsiooni, t\u00e4pse juhtimise, kiire t\u00f6\u00f6 ja k\u00f5rge survesurve abil tagab see silinder plastkomponentide t\u00e4pse ja korduva vormimise. Soovitatavate kasutusmeetodite ja hooldustavade j\u00e4rgimisega saavad tootjad maksimeerida survevalumasina laskmissilindri j\u00f5udlust ja pikaealisust, parandades l\u00f5ppkokkuv\u00f5ttes plasti survevaluvormimise toimingute t\u00e4psust, t\u00f5husust ja kvaliteeti.<\/p>\n<p>Sissepritsevormimismasina tulistamissilindri p\u00f5hiomadused:<\/p>\n<ol>\n<li>Vastupidav konstruktsioon:<\/li>\n<\/ol>\n<ul>\n<li>Survevalu masina laskmissilindril on vastupidav konstruktsioon ja kvaliteetsed materjalid, mis tagavad vastupidavuse ja pikaealisuse n\u00f5udlikes tootmiskeskkondades.<\/li>\n<li>See talub k\u00f5rget r\u00f5hku ja korduvaid liigutusi, s\u00e4ilitades \u00fchtlase j\u00f5udluse pikkade tootmists\u00fcklite jooksul.<\/li>\n<\/ul>\n<ol start=\"2\">\n<li>T\u00e4pne kontroll:<\/li>\n<\/ol>\n<ul>\n<li>See silinder on loodud tagama t\u00e4pse kontrolli sissepritseprotsessi \u00fcle, v\u00f5imaldades plastkomponentide t\u00e4pset ja korduvat vormimist.<\/li>\n<li>See v\u00f5imaldab sissepritse kiirust, r\u00f5hku ja mahtu peenh\u00e4\u00e4lestada, parandades detailide kvaliteeti ja v\u00e4hendades raiskamist.<\/li>\n<\/ul>\n<ol start=\"3\">\n<li>Kiire ja t\u00f5hus t\u00f6\u00f6:<\/li>\n<\/ol>\n<ul>\n<li>Survevalu masina laskmissilinder h\u00f5lbustab kiireid sissepritsets\u00fckleid, minimeerides tootmisaega ja suurendades \u00fcldist tootlikkust.<\/li>\n<li>See tagab sula plasti kiire ja t\u00e4pse kohaletoimetamise vormi\u00f5\u00f5nde, suurendades survevalu protsessi efektiivsust.<\/li>\n<\/ul>\n<ol start=\"4\">\n<li>K\u00f5rge sissepritser\u00f5hk:<\/li>\n<\/ol>\n<ul>\n<li>See silinder on konstrueeritud taluma ja andma k\u00f5rgeid sissepritser\u00f5hke, mis on vajalikud keerukate ja detailsete plastdetailide vormimiseks.<\/li>\n<li>See tagab \u00fchtlase ja \u00fchtlase r\u00f5hu rakendamise, mille tulemuseks on vormi \u00fchtlane t\u00e4itumine ja optimaalne detaili kvaliteet.<\/li>\n<\/ul>\n<h2><strong>Sissepritsevormimismasina l\u00f6\u00f6gisilindri parameeter:<\/strong><\/h2>\n<table border=\"1\" cellspacing=\"0\" cellpadding=\"0\">\n<tbody>\n<tr>\n<td>Toote nimi<\/td>\n<td>Sissepritsevormimismasina laskmissilinder<\/td>\n<\/tr>\n<tr>\n<td>Omadused:<\/td>\n<td>S\u00f5ida laskepositsioonil liikumiseks<\/td>\n<\/tr>\n<tr>\n<td>Ava l\u00e4bim\u00f5\u00f5t:<\/td>\n<td>63 mm\uff5e140 mm<\/td>\n<\/tr>\n<tr>\n<td>Varda l\u00e4bim\u00f5\u00f5t:<\/td>\n<td>36 mm\uff5e90 mm<br \/>\nL\u00f6\u00f6k \u22641500 mm<\/td>\n<\/tr>\n<tr>\n<td>T\u00f5ukej\u00f5ud:<\/td>\n<td>Maksimaalselt 384 kN<br \/>\n(Ava l\u00e4bim\u00f5\u00f5t: 140 mm \/ r\u00f5hk 25 MPa)<\/td>\n<\/tr>\n<tr>\n<td>Rakendused:<\/td>\n<td>Survevalu masin<\/td>\n<\/tr>\n<\/tbody>\n<\/table>\n<div><\/div>\n<div>\n<div class=\"txtboxL\">\n<div class=\"txtboxL\">\n<div class=\"txtboxL\">\n<div class=\"txtboxL\">Omadused:<\/div>\n<div class=\"txtboxR\">S\u00f5ida laskepositsioonil liikumiseks<\/div>\n<div class=\"txtboxL\">Spetsifikatsioon:<\/div>\n<div class=\"txtboxR\">Ava l\u00e4bim\u00f5\u00f5t: 63 mm ~ 140 mm<br \/>\nVarda l\u00e4bim\u00f5\u00f5t: 36 mm ~ 90 mm<br \/>\nL\u00f6\u00f6k \u22641500 mm<\/div>\n<div class=\"txtboxL\">T\u00f5ukej\u00f5ud:<\/div>\n<div class=\"txtboxR\">Maksimaalselt 384 kN<br \/>\n(Ava l\u00e4bim\u00f5\u00f5t: 140 mm \/ r\u00f5hk 25 MPa)<\/div>\n<\/div>\n<\/div>\n<\/div>\n<\/div>\n<h2><strong>Tsemendiseadmed <\/strong><strong>Silindrite tehas:<\/strong><\/h2>\n<p><img loading=\"lazy\" decoding=\"async\" class=\"alignnone wp-image-1734 size-full\" src=\"https:\/\/hydraulic-cylinders.net\/wp-content\/uploads\/2023\/10\/cement-equipment-cylinder-1.webp\" alt=\"\" width=\"1418\" height=\"946\" srcset=\"https:\/\/hydraulic-cylinders.net\/wp-content\/uploads\/2023\/10\/cement-equipment-cylinder-1.webp 1418w, https:\/\/hydraulic-cylinders.net\/wp-content\/uploads\/2023\/10\/cement-equipment-cylinder-1-1280x854.webp 1280w, https:\/\/hydraulic-cylinders.net\/wp-content\/uploads\/2023\/10\/cement-equipment-cylinder-1-980x654.webp 980w, https:\/\/hydraulic-cylinders.net\/wp-content\/uploads\/2023\/10\/cement-equipment-cylinder-1-480x320.webp 480w\" sizes=\"(min-width: 0px) and (max-width: 480px) 480px, (min-width: 481px) and (max-width: 980px) 980px, (min-width: 981px) and (max-width: 1280px) 1280px, (min-width: 1281px) 1418px, 100vw\" \/><\/p>\n<h2><strong>Sissepritsevormimismasina laskmissilindri kasutusmeetod<\/strong><strong>:<\/strong><\/h2>\n<ol>\n<li><strong>Paigaldamine:<\/strong><\/li>\n<\/ol>\n<ul>\n<li>J\u00e4rgige tootja juhiseid, et paigaldada survevalu masina laskesilinder kindlalt survevalu masinasse.<\/li>\n<li>Veenduge, et masina sissepritseseadmega oleks \u00f5ige joondus ja kinnitus, mis v\u00f5imaldab sissepritseprotsessi ajal sujuvat toimimist.<\/li>\n<\/ul>\n<ol start=\"2\">\n<li><strong>S\u00fcstimisparameetrite reguleerimine:<\/strong><\/li>\n<\/ol>\n<ul>\n<li>Sissepritse parameetrite, n\u00e4iteks sissepritse kiiruse, r\u00f5hu ja mahu reguleerimiseks kasutage masina juhtpaneeli v\u00f5i liidest.<\/li>\n<li>Soovitud detaili spetsifikatsioonide ja materjali omaduste p\u00f5hjal sobivate parameetrite seadistamise kohta leiate t\u00e4pseid juhiseid masina kasutusjuhendist.<\/li>\n<\/ul>\n<ol start=\"3\">\n<li><strong>Materjali ettevalmistamine:<\/strong><\/li>\n<\/ol>\n<ul>\n<li>Kuumuta plastmaterjal ette ja valmista see ette, veendudes, et see on sulanud olekus ja s\u00fcstimiseks valmis.<\/li>\n<li>Laadige ettevalmistatud materjal masina punkrisse v\u00f5i materjali etteandes\u00fcsteemi, tagades sissepritseprotsessi pideva varustamise.<\/li>\n<\/ul>\n<ol start=\"4\">\n<li><strong>Vormi ettevalmistamine:<\/strong><\/li>\n<\/ol>\n<ul>\n<li>Paigaldage vorm survevalu masinasse, tagades \u00f5ige joonduse ja kinnituse.<\/li>\n<li>\u00dchendage vorm survevaluvormimasina silindri otsikuga, v\u00f5imaldades t\u00e4pset ja kontrollitud sissepritset vormi\u00f5\u00f5nsusse.<\/li>\n<\/ul>\n<ol start=\"5\">\n<li><strong>S\u00fcstimisprotsess:<\/strong><\/li>\n<\/ol>\n<ul>\n<li>Aktiveerige survevalu masin, alustades sissepritseprotsessi.<\/li>\n<li>Survevaluvormimasina laskmissilinder toimetab sula plasti kiiresti vormi\u00f5\u00f5nsusse, t\u00e4ites selle t\u00e4pselt ja \u00fchtlaselt.<\/li>\n<li>P\u00e4rast s\u00fcstimist laske plastil enne vormi avamist piisavalt aega jahtuda ja taheneda.<\/li>\n<\/ul>\n<h2><strong>Kuidas h\u00fcdraulilist silindrit lahti v\u00f5tta?<\/strong><\/h2>\n<p>H\u00fcdrosilindri lahtiv\u00f5tmine n\u00f5uab hoolikat ja s\u00fcstemaatilist lahtiv\u00f5tmist, et tagada komponentide terviklikkus ja ohutu kokkupanek. Siin on \u00fcldine samm-sammult juhend h\u00fcdrosilindri lahtiv\u00f5tmiseks:<\/p>\n<ol>\n<li><strong>Ohutusabin\u00f5ud:<\/strong>\n<ul>\n<li>Enne lahtiv\u00f5tmise alustamist veenduge, et h\u00fcdros\u00fcsteem on r\u00f5huvaba ja v\u00e4lja l\u00fclitatud. See hoiab \u00e4ra tahtmatu liikumise v\u00f5i vedeliku lekke.<\/li>\n<li>Kandke ohtude eest kaitsmiseks sobivaid isikukaitsevahendeid, n\u00e4iteks kindaid ja kaitseprille.<\/li>\n<\/ul>\n<\/li>\n<li><strong>Tuvastage ja dokumenteerige:<\/strong>\n<ul>\n<li>Enne lahtiv\u00f5tmist pange t\u00e4hele silindri suunda, kinnitusdetaile ja muud olulist teavet. See h\u00f5lbustab hilisemat kokkupanekut.<\/li>\n<\/ul>\n<\/li>\n<li><strong>Silindri kinnitamine:<\/strong>\n<ul>\n<li>Kasutage silindri lahtiv\u00f5tmise ajal stabiilsesse asendisse kinnitamiseks sobivat t\u00f6\u00f6pinki v\u00f5i kruustange.<\/li>\n<\/ul>\n<\/li>\n<li><strong>V\u00e4liste komponentide eemaldamine:<\/strong>\n<ul>\n<li>Alustage silindri k\u00fclge kinnitatud v\u00e4liste komponentide, n\u00e4iteks kinnitusklambrite, kahvlitihvtide v\u00f5i kinnitusr\u00f5ngaste eemaldamisest.<\/li>\n<\/ul>\n<\/li>\n<li><strong>H\u00fcdraulika\u00f5li t\u00fchjendamine:<\/strong>\n<ul>\n<li>Asetage silindri alla sobiv anum, et koguda v\u00e4ljavoolav h\u00fcdraulikavedelik.<\/li>\n<li>Keerake h\u00fcdraulikavedeliku paagi kork v\u00f5i liitmik lahti, et vedelik saaks t\u00e4ielikult v\u00e4lja voolata.<\/li>\n<\/ul>\n<\/li>\n<li><strong>Eemaldage silindri otsakorgid:<\/strong>\n<ul>\n<li>Leidke silindri otsakorgid. Need on tavaliselt silindri korpuse k\u00fclge poltidega v\u00f5i keermestatud.<\/li>\n<li>Kasutage otsakorkide ettevaatlikuks eemaldamiseks sobivaid t\u00f6\u00f6riistu, n\u00e4iteks mutriv\u00f5tmeid v\u00f5i pistikupesakomplekte.<\/li>\n<li>Otsakorgi eemaldamisel olge valmis v\u00f5imalikuks h\u00fcdraulikavedeliku j\u00e4\u00e4kideks v\u00f5i r\u00f5hu vabanemiseks.<\/li>\n<\/ul>\n<\/li>\n<li><strong>Kolvi eemaldamine:<\/strong>\n<ul>\n<li>Kui otsakorgid on eemaldatud, peaks kolb olema ligip\u00e4\u00e4setav.<\/li>\n<li>L\u00fckake kolvivarda \u00fchte otsa \u00f5rnalt, et hakata kolbi silindri korpusest v\u00e4lja libistama.<\/li>\n<li>T\u00f5mmake kolb silindri korpusest aeglaselt ja \u00fchtlaselt v\u00e4lja, j\u00e4lgides, et te ei kahjustaks sisemisi komponente ega tihendeid.<\/li>\n<\/ul>\n<\/li>\n<li><strong>Kontrollige ja puhastage:<\/strong>\n<ul>\n<li>Kontrollige k\u00f5iki lahtiv\u00f5etud komponente p\u00f5hjalikult kulumise, kahjustuste v\u00f5i saastumise tunnuste suhtes.<\/li>\n<li>Puhastage iga komponent sobiva puhastuslahuse ja ebemevaba lapiga, et eemaldada mustus, praht v\u00f5i h\u00fcdraulikavedeliku j\u00e4\u00e4gid.<\/li>\n<\/ul>\n<\/li>\n<li><strong>Tihendite ja O-r\u00f5ngaste vahetamine:<\/strong>\n<ul>\n<li>Kui m\u00f5nel tihendil v\u00f5i O-r\u00f5ngal on kulumise v\u00f5i kahjustuse m\u00e4rke, on soovitatav need uute vastu vahetada, et tagada korralik tihendus ja v\u00e4ltida edaspidiseid lekkeid.<\/li>\n<\/ul>\n<\/li>\n<li><strong>Kokkupanek:<\/strong><\/li>\n<\/ol>\n<ul>\n<li>H\u00fcdrosilindri kokkupanekuks toimige lahtiv\u00f5tmisele vastupidises j\u00e4rjekorras.<\/li>\n<li>Enne kokkupanekut m\u00e4\u00e4rige k\u00f5ik tihendid ja O-r\u00f5ngad h\u00fcdraulika\u00f5li v\u00f5i sobiva m\u00e4\u00e4rdeainega.<\/li>\n<li>Veenduge, et k\u00f5ik komponendid on tootja spetsifikatsioonide kohaselt korralikult joondatud ja pingutatud.<\/li>\n<\/ul>\n<h2><strong>Tehase v\u00f5imekus ja suutlikkus:<\/strong><\/h2>\n<h3>(1) Kokkupanek<\/h3>\n<p>Meil on esmaklassiline s\u00f5ltumatu teadus- ja arendustegevuse montaa\u017eiplatvorm. H\u00fcdrosilindrite tootmist\u00f6\u00f6kojas on neli poolautomaatset t\u00f5stesilindrite koosteliini ja \u00fcks automaatne kallutussilindrite koosteliin, mille kavandatud aastane tootmisv\u00f5imsus on 1 miljon t\u00fckki. Spetsiaalsete silindrite t\u00f6\u00f6koda on varustatud erinevate spetsifikatsioonidega poolautomaatse puhastusmontaa\u017eis\u00fcsteemiga, mille kavandatud aastane tootmisv\u00f5imsus on 200 000 ja mis on varustatud kuulsate CNC-t\u00f6\u00f6tlemisseadmete, mehaanilise t\u00f6\u00f6tlemise keskuse, suure t\u00e4psusega silindrite t\u00f6\u00f6tlemise eriseadmete, robotkeevitusmasina, automaatse puhastusmasina, automaatse silindri kokkupanemise masina ja automaatse v\u00e4rvimise tootmisliiniga. Olemasolevad kriitilised seadmed rohkem kui 300 komplekti (komplekti). Seadmete ressursside optimaalne jaotamine ja t\u00f5hus kasutamine tagavad toodete t\u00e4psusn\u00f5uded ja vastavad toodete kvaliteedin\u00f5uetele.<\/p>\n<p><img loading=\"lazy\" decoding=\"async\" class=\"alignnone wp-image-626\" src=\"https:\/\/hydraulic-cylinders.net\/wp-content\/uploads\/2023\/08\/hydraulic-cylinder-product-1-300x158.webp\" alt=\"\" width=\"495\" height=\"260\" srcset=\"https:\/\/hydraulic-cylinders.net\/wp-content\/uploads\/2023\/08\/hydraulic-cylinder-product-1-300x158.webp 495w, https:\/\/hydraulic-cylinders.net\/wp-content\/uploads\/2023\/08\/hydraulic-cylinder-product-1-480x252.webp 480w\" sizes=\"(min-width: 0px) and (max-width: 480px) 480px, (min-width: 481px) 495px, 100vw\" \/> <img loading=\"lazy\" decoding=\"async\" class=\"alignnone wp-image-627\" src=\"https:\/\/hydraulic-cylinders.net\/wp-content\/uploads\/2023\/08\/hydraulic-cylinder-product-2-300x189.webp\" alt=\"\" width=\"413\" height=\"260\" \/><\/p>\n<h3>(2) T\u00f6\u00f6tlemine<\/h3>\n<p>T\u00f6\u00f6deldav t\u00f6\u00f6koda on varustatud kohandatud kallutatud r\u00f6\u00f6pse treipingi keskuse, mehaanilise keskuse, kiire lihvimismasina, keevitusroboti ja muude seotud seadmetega, mis suudavad t\u00f6\u00f6delda silindritorusid, mille maksimaalne sisel\u00e4bim\u00f5\u00f5t on 400 mm ja maksimaalne pikkus on 6 meetrit.<\/p>\n<p><img loading=\"lazy\" decoding=\"async\" class=\"alignnone wp-image-628 size-large\" src=\"https:\/\/hydraulic-cylinders.net\/wp-content\/uploads\/2023\/08\/hydraulic-cylinder-product-3-1024x391.webp\" alt=\"\" width=\"1024\" height=\"391\" srcset=\"https:\/\/hydraulic-cylinders.net\/wp-content\/uploads\/2023\/08\/hydraulic-cylinder-product-3-980x374.webp 980w, https:\/\/hydraulic-cylinders.net\/wp-content\/uploads\/2023\/08\/hydraulic-cylinder-product-3-480x183.webp 480w\" sizes=\"(min-width: 0px) and (max-width: 480px) 480px, (min-width: 481px) and (max-width: 980px) 980px, (min-width: 981px) 1024px, 100vw\" \/><\/p>\n<h3>(3) Keevitamine<\/h3>\n<p><img loading=\"lazy\" decoding=\"async\" class=\"alignnone wp-image-629 size-large\" src=\"https:\/\/hydraulic-cylinders.net\/wp-content\/uploads\/2023\/08\/hydraulic-cylinder-product-4-1024x510.webp\" alt=\"\" width=\"1024\" height=\"510\" srcset=\"https:\/\/hydraulic-cylinders.net\/wp-content\/uploads\/2023\/08\/hydraulic-cylinder-product-4-980x488.webp 980w, https:\/\/hydraulic-cylinders.net\/wp-content\/uploads\/2023\/08\/hydraulic-cylinder-product-4-480x239.webp 480w\" sizes=\"(min-width: 0px) and (max-width: 480px) 480px, (min-width: 481px) and (max-width: 980px) 980px, (min-width: 981px) 1024px, 100vw\" \/><\/p>\n<h3>(4) V\u00e4rvimine ja katmine<\/h3>\n<p>V\u00e4ikese ja keskmise suurusega silindri automaatse veep\u00f5hise v\u00e4rvipinnakattega liinide abil, et saavutada automaatne robotlaadimine ja mahalaadimine ning automaatne pihustamine, projekteerimisv\u00f5imsus 4000 t\u00fckki vahetuse kohta;<br \/>\nMeil on ka poolautomaatne suurte balloonide v\u00e4rvimise tootmisliin, mis t\u00f6\u00f6tab j\u00f5ukettaga ja mille projekteerimisv\u00f5imsus on 60 kasti \u00fche vahetuse kohta.<\/p>\n<p><img loading=\"lazy\" decoding=\"async\" class=\"alignnone wp-image-630\" src=\"https:\/\/hydraulic-cylinders.net\/wp-content\/uploads\/2023\/08\/hydraulic-cylinder-product-5-300x213.webp\" alt=\"\" width=\"366\" height=\"260\" \/> <img loading=\"lazy\" decoding=\"async\" class=\"alignnone wp-image-631\" src=\"https:\/\/hydraulic-cylinders.net\/wp-content\/uploads\/2023\/08\/hydraulic-cylinder-product-6-300x225.webp\" alt=\"\" width=\"347\" height=\"260\" \/><\/p>\n<h3>(5) Testimine<\/h3>\n<p>Meil on esmaklassilised kontrolliseadmed ja katsestendid, et tagada silindri j\u00f5udlus vastavus n\u00f5uetele.<\/p>\n<p><img loading=\"lazy\" decoding=\"async\" class=\"alignnone wp-image-632\" src=\"https:\/\/hydraulic-cylinders.net\/wp-content\/uploads\/2023\/08\/hydraulic-cylinder-product-8-300x200.webp\" alt=\"\" width=\"389\" height=\"260\" \/><\/p>\n<p>&nbsp;<\/p>\n<p>&nbsp;<\/p>\n<p>Oleme \u00fcks parimaid h\u00fcdrosilindrite tootjaid. Pakume laia valikut h\u00fcdrosilindreid. Pakume ka vastavaid... <a href=\"https:\/\/hzpt.com\/agricultural-pto-gearbox\/\" target=\"_blank\" rel=\"noopener\">p\u00f5llumajanduslikud k\u00e4igukastid<\/a>. Oleme eksportinud oma tooteid klientidele \u00fcle maailma ja teeninud hea maine t\u00e4nu meie suurep\u00e4rasele tootekvaliteedile ja m\u00fc\u00fcgij\u00e4rgsele teenindusele. Me tervitame kliente kodus ja v\u00e4lismaal, et v\u00f5tta meiega \u00fchendust, et pidada l\u00e4bir\u00e4\u00e4kimisi \u00e4ri, vahetada teavet ja <a href=\"https:\/\/www.hydraulic-cylinders.net\/et\/contact-us\/\">teha meiega koost\u00f6\u00f6d<\/a>!<\/p>","protected":false},"excerpt":{"rendered":"<p>Injection Molding Machine Shooting Cylinder The injection molding machine shooting cylinder is a crucial component in plastic injection molding processes and is designed to enhance precision, efficiency, and reliability. This specialized cylinder is pivotal in the injection phase, where molten plastic material is injected into a mold to form desired products. The injection molding machine [&hellip;]<\/p>","protected":false},"featured_media":1741,"comment_status":"open","ping_status":"closed","template":"","meta":{"_et_pb_use_builder":"","_et_pb_old_content":"","_et_gb_content_width":""},"product_brand":[],"product_cat":[1523,1549,1376],"product_tag":[1380],"class_list":{"0":"post-1739","1":"product","2":"type-product","3":"status-publish","4":"has-post-thumbnail","6":"product_cat-injection-molding-hydraulic-cylinders","7":"product_cat-single-acting-hydraulic-cylinder","8":"product_cat-hydraulic-cylinder","9":"product_tag-hydraulic-cylinder","11":"first","12":"instock","13":"shipping-taxable","14":"product-type-simple"},"amp_enabled":true,"_links":{"self":[{"href":"https:\/\/www.hydraulic-cylinders.net\/et\/wp-json\/wp\/v2\/product\/1739","targetHints":{"allow":["GET"]}}],"collection":[{"href":"https:\/\/www.hydraulic-cylinders.net\/et\/wp-json\/wp\/v2\/product"}],"about":[{"href":"https:\/\/www.hydraulic-cylinders.net\/et\/wp-json\/wp\/v2\/types\/product"}],"replies":[{"embeddable":true,"href":"https:\/\/www.hydraulic-cylinders.net\/et\/wp-json\/wp\/v2\/comments?post=1739"}],"wp:featuredmedia":[{"embeddable":true,"href":"https:\/\/www.hydraulic-cylinders.net\/et\/wp-json\/wp\/v2\/media\/1741"}],"wp:attachment":[{"href":"https:\/\/www.hydraulic-cylinders.net\/et\/wp-json\/wp\/v2\/media?parent=1739"}],"wp:term":[{"taxonomy":"product_brand","embeddable":true,"href":"https:\/\/www.hydraulic-cylinders.net\/et\/wp-json\/wp\/v2\/product_brand?post=1739"},{"taxonomy":"product_cat","embeddable":true,"href":"https:\/\/www.hydraulic-cylinders.net\/et\/wp-json\/wp\/v2\/product_cat?post=1739"},{"taxonomy":"product_tag","embeddable":true,"href":"https:\/\/www.hydraulic-cylinders.net\/et\/wp-json\/wp\/v2\/product_tag?post=1739"}],"curies":[{"name":"wp","href":"https:\/\/api.w.org\/{rel}","templated":true}]}}