{"id":1746,"date":"2023-10-12T08:23:39","date_gmt":"2023-10-12T08:23:39","guid":{"rendered":"https:\/\/hydraulic-cylinders.net\/?post_type=product&#038;p=1746"},"modified":"2025-04-11T03:49:37","modified_gmt":"2025-04-11T03:49:37","slug":"injection-molding-machine-mold-opening-and-closing-cylinder","status":"publish","type":"product","link":"https:\/\/www.hydraulic-cylinders.net\/et\/toode\/injection-molding-machine-mold-opening-and-closing-cylinder\/","title":{"rendered":"Survevaluvormimismasina vormi avamise ja sulgemise silinder"},"content":{"rendered":"<h1 style=\"text-align: center;\"><strong>Survevaluvormimismasina vormi avamise ja sulgemise silinder<\/strong><\/h1>\n<p><img loading=\"lazy\" decoding=\"async\" class=\"aligncenter wp-image-1747\" src=\"https:\/\/hydraulic-cylinders.net\/wp-content\/uploads\/2023\/10\/mold-opening-and-closing-cylinder-1-300x300.webp\" alt=\"\" width=\"400\" height=\"400\" \/><\/p>\n<p>Survevaluvormimasina vormi avamise ja sulgemise silinder on plastvormimise kriitiline komponent. See spetsiaalne silinder, mis on loodud vormide avamise ja sulgemise juhtimiseks, on \u00fclioluline t\u00e4pse ja t\u00f5husa tootmise tagamiseks.<\/p>\n<p>Survevaluvormimasina vormi avamise ja sulgemise silinder on plastvormimisel \u00fclioluline, v\u00f5imaldades t\u00e4pset ja t\u00f5husat vormimist. Oma vastupidava konstruktsiooni, t\u00e4pse vormi juhtimise, kiire t\u00f6\u00f6 ning reguleeritava k\u00e4igupikkuse ja j\u00f5uga tagab see silinder usaldusv\u00e4\u00e4rse ja optimeeritud vormi avamise ja sulgemise protsessi. Soovitatavate kasutusmeetodite ja hooldustavade j\u00e4rgimisega saavad tootjad maksimeerida survevalumasina vormi avamise ja sulgemise silindri j\u00f5udlust ja pikaealisust, parandades l\u00f5ppkokkuv\u00f5ttes plastvormimise t\u00e4psust, t\u00f5husust ja \u00fcldist kvaliteeti.<\/p>\n<p>Survevaluvormimismasina vormi avamise ja sulgemise silindri peamised omadused:<\/p>\n<ol>\n<li>Vastupidav konstruktsioon:<\/li>\n<\/ol>\n<ul>\n<li>Survevaluvormimismasina vormi avamise ja sulgemise silinder on valmistatud kvaliteetsetest materjalidest, tagades vastupidavuse ja pikaealisuse isegi n\u00f5udlikes tootmiskeskkondades.<\/li>\n<li>See on loodud taluma suuri j\u00f5ude ja korduvaid liigutusi, s\u00e4ilitades \u00fchtlase j\u00f5udluse pikemate kasutusperioodide jooksul.<\/li>\n<\/ul>\n<ol start=\"2\">\n<li>T\u00e4pne hallituse kontroll:<\/li>\n<\/ol>\n<ul>\n<li>See silinder tagab vormide avamise ja sulgemise t\u00e4pse kontrolli, tagades t\u00e4pse positsioneerimise ja joondamise.<\/li>\n<li>See v\u00f5imaldab vormi avamise ja sulgemise kiiruse kohandamist, optimeerides tootmists\u00fckleid ja minimeerides detailide defekte.<\/li>\n<\/ul>\n<ol start=\"3\">\n<li>Kiire ja t\u00f5hus t\u00f6\u00f6:<\/li>\n<\/ol>\n<ul>\n<li>Survevaluvormimasina vormi avamise ja sulgemise silinder h\u00f5lbustab kiiret vormi liikumist, v\u00e4hendades tootmisaega ja suurendades \u00fcldist tootlikkust.<\/li>\n<li>See tagab vormi kiire ja usaldusv\u00e4\u00e4rse avamise ja sulgemise, v\u00f5imaldades kiiremat vormits\u00fcklit ja maksimeerides tootmisv\u00f5imsust.<\/li>\n<\/ul>\n<ol start=\"4\">\n<li>Reguleeritav l\u00f6\u00f6gi pikkus ja j\u00f5ud:<\/li>\n<\/ol>\n<ul>\n<li>See silinder pakub reguleeritavat k\u00e4igupikkust ja j\u00f5udu, et see sobiks erinevate vormide suuruste ja detailide n\u00f5uetega.<\/li>\n<li>See v\u00f5imaldab vormi t\u00f6\u00f6tamisel paindlikkust, tagades optimaalse vormi sulgemise ja detailide v\u00e4ljutamise ilma kahjustusi tekitamata.<\/li>\n<\/ul>\n<h2><strong>Survevaluvormimismasina vormi avamise ja sulgemise silindri parameeter:<\/strong><\/h2>\n<table border=\"1\" cellspacing=\"0\" cellpadding=\"0\">\n<tbody>\n<tr>\n<td>Toote nimi<\/td>\n<td>Sissepritsevormimismasina v\u00e4ljutussilinder<\/td>\n<\/tr>\n<tr>\n<td>Omadused:<\/td>\n<td>V\u00e4ljutage vormis moodustunud toode<\/td>\n<\/tr>\n<tr>\n<td>Ava l\u00e4bim\u00f5\u00f5t:<\/td>\n<td>\u00a090 mm\uff5e220 mm<\/td>\n<\/tr>\n<tr>\n<td>Varda l\u00e4bim\u00f5\u00f5t:<\/td>\n<td>50 mm\uff5e140 mm<br \/>\nL\u00f6\u00f6k \u2264600 mm<\/td>\n<\/tr>\n<tr>\n<td>T\u00f5ukej\u00f5ud:<\/td>\n<td>Maksimaalselt 760 kN<br \/>\n(Ava l\u00e4bim\u00f5\u00f5t: 220 mm \/ r\u00f5hk 10 MPa)<\/td>\n<\/tr>\n<tr>\n<td>Rakendused:<\/td>\n<td>Survevalu masin<\/td>\n<\/tr>\n<\/tbody>\n<\/table>\n<div><\/div>\n<div>\n<div class=\"txtboxL\">\n<div class=\"txtboxL\">\n<div class=\"txtboxL\">\n<div class=\"txtboxL\">\n<div class=\"txtboxL\">\n<div class=\"txtboxL\">Omadused:<\/div>\n<div class=\"txtboxR\">Kontrollige vormi avamist ja sulgemist<\/div>\n<div class=\"txtboxL\">Spetsifikatsioon:<\/div>\n<div class=\"txtboxR\">Ava l\u00e4bim\u00f5\u00f5t: 50 mm ~ 140 mm<br \/>\nVarda l\u00e4bim\u00f5\u00f5t: 28 mm ~ 100 mm<br \/>\nL\u00f6\u00f6k \u2264700 mm<\/div>\n<div class=\"txtboxL\">T\u00f5ukej\u00f5ud:<\/div>\n<div class=\"txtboxR\">Maksimaalselt 384 kN<br \/>\n(Ava l\u00e4bim\u00f5\u00f5t: 140 mm \/ r\u00f5hk 25 MPa)<\/div>\n<\/div>\n<\/div>\n<\/div>\n<\/div>\n<\/div>\n<\/div>\n<h2><strong>Tsemendiseadmed <\/strong><strong>Silindrite tehas:<\/strong><\/h2>\n<p><img loading=\"lazy\" decoding=\"async\" class=\"alignnone wp-image-1734 size-full\" src=\"https:\/\/hydraulic-cylinders.net\/wp-content\/uploads\/2023\/10\/cement-equipment-cylinder-1.webp\" alt=\"\" width=\"1418\" height=\"946\" srcset=\"https:\/\/hydraulic-cylinders.net\/wp-content\/uploads\/2023\/10\/cement-equipment-cylinder-1.webp 1418w, https:\/\/hydraulic-cylinders.net\/wp-content\/uploads\/2023\/10\/cement-equipment-cylinder-1-1280x854.webp 1280w, https:\/\/hydraulic-cylinders.net\/wp-content\/uploads\/2023\/10\/cement-equipment-cylinder-1-980x654.webp 980w, https:\/\/hydraulic-cylinders.net\/wp-content\/uploads\/2023\/10\/cement-equipment-cylinder-1-480x320.webp 480w\" sizes=\"(min-width: 0px) and (max-width: 480px) 480px, (min-width: 481px) and (max-width: 980px) 980px, (min-width: 981px) and (max-width: 1280px) 1280px, (min-width: 1281px) 1418px, 100vw\" \/><\/p>\n<h2><strong>Sissepritsevormimismasina vormi avamise ja sulgemise silindri kasutusmeetod<\/strong><strong>:<\/strong><\/h2>\n<ol>\n<li>Paigaldamine:<\/li>\n<\/ol>\n<ul>\n<li>J\u00e4rgige tootja juhiseid, et paigaldada survevaluvormi vormi avamise ja sulgemise silinder kindlalt survevaluvormivormi masinale.<\/li>\n<li>Tagage masina vormi avamis- ja sulgemismehhanismiga \u00f5ige joondamine ja kinnitus, mis v\u00f5imaldab vormimisprotsessi ajal sujuvat toimimist.<\/li>\n<\/ul>\n<ol start=\"2\">\n<li><strong>Vormi parameetrite reguleerimine:<\/strong><\/li>\n<\/ol>\n<ul>\n<li>Vormi avamise ja sulgemise parameetrite, n\u00e4iteks kiiruse, k\u00e4igu pikkuse ja j\u00f5u reguleerimiseks kasutage masina juhtpaneeli v\u00f5i liidest.<\/li>\n<li>T\u00e4psema teabe saamiseks vormi konstruktsiooni ja detaili spetsifikatsioonide p\u00f5hjal sobivate parameetrite seadistamise kohta vaadake masina kasutusjuhendit.<\/li>\n<\/ul>\n<ol start=\"3\">\n<li><strong>Vormi ettevalmistamine:<\/strong><\/li>\n<\/ol>\n<ul>\n<li>Paigaldage vorm survevalu masinasse, tagades \u00f5ige joonduse ja kinnituse.<\/li>\n<li>Kinnitage vormi avamise ja sulgemise komponendid, n\u00e4iteks vormiklambrid v\u00f5i vormiplaadid, vormi k\u00fclge, tagades vormi turvalise ja t\u00f6\u00f6kindla t\u00f6\u00f6.<\/li>\n<\/ul>\n<ol start=\"4\">\n<li><strong>Vormi avamise ja sulgemise protsess:<\/strong><\/li>\n<\/ol>\n<ul>\n<li>K\u00e4ivitage vormimisprotsess, aktiveerides survevalu masina.<\/li>\n<li>Survevaluvormimasina vormi avamise ja sulgemise silinder kontrollib vormi avamise ja sulgemise toiminguid, tagades t\u00e4psed ja sujuvad liigutused.<\/li>\n<li>Veenduge, et k\u00e4igu pikkus ja j\u00f5ud on reguleeritud nii, et saavutada soovitud vormi avamise ja sulgemise toimingud ilma kahjustusi tekitamata.<\/li>\n<\/ul>\n<h2><strong>Kuidas h\u00fcdraulilist silindrit \u00f5hutada?<\/strong><\/h2>\n<p>H\u00fcdrosilindri \u00f5hutamine on protsess, mis eemaldab s\u00fcsteemist \u00f5hu ning tagab selle n\u00f5uetekohase toimimise ja j\u00f5udluse. Siin on samm-sammult juhend h\u00fcdrosilindri \u00f5hutamiseks:<\/p>\n<ol>\n<li><strong>Ohutusabin\u00f5ud:<\/strong>\n<ul>\n<li>Enne \u00f5hutustamise alustamist veenduge, et h\u00fcdraulikas\u00fcsteem on r\u00f5huvaba ja v\u00e4lja l\u00fclitatud. See hoiab \u00e4ra tahtmatu liikumise v\u00f5i vedeliku lekke.<\/li>\n<li>Kandke sobivaid isikukaitsevahendeid, n\u00e4iteks kindaid ja kaitseprille, et kaitsta end v\u00f5imalike ohtude eest.<\/li>\n<\/ul>\n<\/li>\n<li><strong>Leidke \u00f5hutusventiil:<\/strong>\n<ul>\n<li>Tuvastage h\u00fcdrosilindri \u00f5hutusventiil. \u00d5hutusventiil on tavaliselt v\u00e4ike kruvi v\u00f5i ventiil, mis asub silindri korpusel v\u00f5i silindriga \u00fchendatud h\u00fcdrovoolikute l\u00e4hedal.<\/li>\n<\/ul>\n<\/li>\n<li><strong>Asendisilinder:<\/strong>\n<ul>\n<li>Asetage balloon nii, et \u00f5hutusventiil oleks kergesti ligip\u00e4\u00e4setav ja asuks ballooni k\u00f5rgeimas punktis.<\/li>\n<li>See v\u00f5imaldab \u00f5humullidel \u00f5hutusprotsessi ajal t\u00f5usta ja l\u00e4bi \u00f5hutusventiili v\u00e4ljuda.<\/li>\n<\/ul>\n<\/li>\n<li><strong>Ava \u00f5hutusventiil:<\/strong>\n<ul>\n<li>Sobiva t\u00f6\u00f6riista, n\u00e4iteks mutriv\u00f5tme v\u00f5i kruvikeeraja abil keerake \u00f5hutusventiil ettevaatlikult lahti, et see avada.<\/li>\n<li>Veenduge, et ventiil oleks ainult osaliselt avatud, et \u00f5hk saaks v\u00e4lja p\u00e4\u00e4seda, v\u00e4ltides samal ajal liigset vedelikukadu.<\/li>\n<\/ul>\n<\/li>\n<li><strong>Silindri k\u00e4itamine:<\/strong>\n<ul>\n<li>K\u00e4ivitage silinder h\u00fcdraulikas\u00fcsteemi abil. Seda saab teha h\u00fcdraulikaseadmete juhtnuppude v\u00f5i kaugjuhtimiss\u00fcsteemi abil.<\/li>\n<li>\u00d5humullide liikumise h\u00f5lbustamiseks \u00f5hutusventiili suunas t\u00f5mmake silindrit mitu korda t\u00e4ielikult v\u00e4lja ja sisse.<\/li>\n<\/ul>\n<\/li>\n<li><strong>J\u00e4lgige vedeliku ja \u00f5hu eraldumist:<\/strong>\n<ul>\n<li>Silindri t\u00f6\u00f6tamise ajal j\u00e4lgige vedeliku voolu l\u00e4bi \u00f5hutusventiili.<\/li>\n<li>Alguses v\u00f5ivad vedelikujoas olla n\u00e4ha \u00f5humulle. Laske vedelikul voolata, kuni k\u00f5ik \u00f5humullid on eemaldatud ja on n\u00e4ha ainult \u00fchtlast h\u00fcdraulikavedeliku voogu.<\/li>\n<\/ul>\n<\/li>\n<li><strong>Pingutage \u00f5hutusventiili:<\/strong>\n<ul>\n<li>Kui k\u00f5ik \u00f5humullid on eemaldatud, keerake \u00f5hutusventiil ettevaatlikult kinni, et v\u00e4ltida vedeliku leket.<\/li>\n<li>Veenduge, et ventiil on kindlalt suletud, kuid mitte \u00fcle pingutatud.<\/li>\n<\/ul>\n<\/li>\n<li><strong>Kontrollige silindri t\u00f6\u00f6d:<\/strong>\n<ul>\n<li>P\u00e4rast silindri \u00f5hutamist kontrollige selle toimimist, et veenduda selle n\u00f5uetekohases toimimises.<\/li>\n<li>K\u00e4ivitage h\u00fcdros\u00fcsteem ja j\u00e4lgige silindri liikumist, et veenduda sujuvas ja j\u00e4rjepidevas t\u00f6\u00f6s ilma ebatavaliste helide v\u00f5i vibratsioonideta.<\/li>\n<\/ul>\n<\/li>\n<li><strong>Vajadusel korrake:<\/strong>\n<ul>\n<li>Kui \u00f5humulle ikka veel esineb v\u00f5i kui silindri t\u00f6\u00f6 ei ole rahuldav, korrake \u00f5hutusprotsessi.<\/li>\n<li>Avage uuesti \u00f5hutusventiil ja k\u00e4ivitage silindrit, et s\u00fcsteemist j\u00e4relej\u00e4\u00e4nud \u00f5hk eemaldada.<\/li>\n<\/ul>\n<\/li>\n<li><strong>L\u00f5plik \u00fclevaatus:<\/strong><\/li>\n<\/ol>\n<ul>\n<li>Kui \u00f5hutusprotsess on l\u00f5ppenud ja silinder t\u00f6\u00f6tab korralikult, kontrollige h\u00fcdraulikas\u00fcsteemi lekete, lahtiste liitmike v\u00f5i ebanormaalse k\u00e4itumise suhtes.<\/li>\n<li>S\u00fcsteemi j\u00f5udluse s\u00e4ilitamiseks ja v\u00f5imalike probleemide v\u00e4ltimiseks lahendage k\u00f5ik probleemid viivitamatult.<\/li>\n<\/ul>\n<h2><strong>Tehase v\u00f5imekus ja suutlikkus:<\/strong><\/h2>\n<h3>(1) Kokkupanek<\/h3>\n<p>Meil on esmaklassiline s\u00f5ltumatu teadus- ja arendustegevuse montaa\u017eiplatvorm. H\u00fcdrosilindrite tootmist\u00f6\u00f6kojas on neli poolautomaatset t\u00f5stesilindrite koosteliini ja \u00fcks automaatne kallutussilindrite koosteliin, mille kavandatud aastane tootmisv\u00f5imsus on 1 miljon t\u00fckki. Spetsiaalsete silindrite t\u00f6\u00f6koda on varustatud erinevate spetsifikatsioonidega poolautomaatse puhastusmontaa\u017eis\u00fcsteemiga, mille kavandatud aastane tootmisv\u00f5imsus on 200 000 ja mis on varustatud kuulsate CNC-t\u00f6\u00f6tlemisseadmete, mehaanilise t\u00f6\u00f6tlemise keskuse, suure t\u00e4psusega silindrite t\u00f6\u00f6tlemise eriseadmete, robotkeevitusmasina, automaatse puhastusmasina, automaatse silindri kokkupanemise masina ja automaatse v\u00e4rvimise tootmisliiniga. Olemasolevad kriitilised seadmed rohkem kui 300 komplekti (komplekti). Seadmete ressursside optimaalne jaotamine ja t\u00f5hus kasutamine tagavad toodete t\u00e4psusn\u00f5uded ja vastavad toodete kvaliteedin\u00f5uetele.<\/p>\n<p><img loading=\"lazy\" decoding=\"async\" class=\"alignnone wp-image-626\" src=\"https:\/\/hydraulic-cylinders.net\/wp-content\/uploads\/2023\/08\/hydraulic-cylinder-product-1-300x158.webp\" alt=\"\" width=\"495\" height=\"260\" srcset=\"https:\/\/hydraulic-cylinders.net\/wp-content\/uploads\/2023\/08\/hydraulic-cylinder-product-1-300x158.webp 495w, https:\/\/hydraulic-cylinders.net\/wp-content\/uploads\/2023\/08\/hydraulic-cylinder-product-1-480x252.webp 480w\" sizes=\"(min-width: 0px) and (max-width: 480px) 480px, (min-width: 481px) 495px, 100vw\" \/> <img loading=\"lazy\" decoding=\"async\" class=\"alignnone wp-image-627\" src=\"https:\/\/hydraulic-cylinders.net\/wp-content\/uploads\/2023\/08\/hydraulic-cylinder-product-2-300x189.webp\" alt=\"\" width=\"413\" height=\"260\" \/><\/p>\n<h3>(2) T\u00f6\u00f6tlemine<\/h3>\n<p>T\u00f6\u00f6deldav t\u00f6\u00f6koda on varustatud kohandatud kallutatud r\u00f6\u00f6pse treipingi keskuse, mehaanilise keskuse, kiire lihvimismasina, keevitusroboti ja muude seotud seadmetega, mis suudavad t\u00f6\u00f6delda silindritorusid, mille maksimaalne sisel\u00e4bim\u00f5\u00f5t on 400 mm ja maksimaalne pikkus on 6 meetrit.<\/p>\n<p><img loading=\"lazy\" decoding=\"async\" class=\"alignnone wp-image-628 size-large\" src=\"https:\/\/hydraulic-cylinders.net\/wp-content\/uploads\/2023\/08\/hydraulic-cylinder-product-3-1024x391.webp\" alt=\"\" width=\"1024\" height=\"391\" srcset=\"https:\/\/hydraulic-cylinders.net\/wp-content\/uploads\/2023\/08\/hydraulic-cylinder-product-3-980x374.webp 980w, https:\/\/hydraulic-cylinders.net\/wp-content\/uploads\/2023\/08\/hydraulic-cylinder-product-3-480x183.webp 480w\" sizes=\"(min-width: 0px) and (max-width: 480px) 480px, (min-width: 481px) and (max-width: 980px) 980px, (min-width: 981px) 1024px, 100vw\" \/><\/p>\n<h3>(3) Keevitamine<\/h3>\n<p><img loading=\"lazy\" decoding=\"async\" class=\"alignnone wp-image-629 size-large\" src=\"https:\/\/hydraulic-cylinders.net\/wp-content\/uploads\/2023\/08\/hydraulic-cylinder-product-4-1024x510.webp\" alt=\"\" width=\"1024\" height=\"510\" srcset=\"https:\/\/hydraulic-cylinders.net\/wp-content\/uploads\/2023\/08\/hydraulic-cylinder-product-4-980x488.webp 980w, https:\/\/hydraulic-cylinders.net\/wp-content\/uploads\/2023\/08\/hydraulic-cylinder-product-4-480x239.webp 480w\" sizes=\"(min-width: 0px) and (max-width: 480px) 480px, (min-width: 481px) and (max-width: 980px) 980px, (min-width: 981px) 1024px, 100vw\" \/><\/p>\n<h3>(4) V\u00e4rvimine ja katmine<\/h3>\n<p>V\u00e4ikese ja keskmise suurusega silindri automaatse veep\u00f5hise v\u00e4rvipinnakattega liinide abil, et saavutada automaatne robotlaadimine ja mahalaadimine ning automaatne pihustamine, projekteerimisv\u00f5imsus 4000 t\u00fckki vahetuse kohta;<br \/>\nMeil on ka poolautomaatne suurte balloonide v\u00e4rvimise tootmisliin, mis t\u00f6\u00f6tab j\u00f5ukettaga ja mille projekteerimisv\u00f5imsus on 60 kasti \u00fche vahetuse kohta.<\/p>\n<p><img loading=\"lazy\" decoding=\"async\" class=\"alignnone wp-image-630\" src=\"https:\/\/hydraulic-cylinders.net\/wp-content\/uploads\/2023\/08\/hydraulic-cylinder-product-5-300x213.webp\" alt=\"\" width=\"366\" height=\"260\" \/> <img loading=\"lazy\" decoding=\"async\" class=\"alignnone wp-image-631\" src=\"https:\/\/hydraulic-cylinders.net\/wp-content\/uploads\/2023\/08\/hydraulic-cylinder-product-6-300x225.webp\" alt=\"\" width=\"347\" height=\"260\" \/><\/p>\n<h3>(5) Testimine<\/h3>\n<p>Meil on esmaklassilised kontrolliseadmed ja katsestendid, et tagada silindri j\u00f5udlus vastavus n\u00f5uetele.<\/p>\n<p><img loading=\"lazy\" decoding=\"async\" class=\"alignnone wp-image-632\" src=\"https:\/\/hydraulic-cylinders.net\/wp-content\/uploads\/2023\/08\/hydraulic-cylinder-product-8-300x200.webp\" alt=\"\" width=\"389\" height=\"260\" \/><\/p>\n<p>&nbsp;<\/p>\n<p>&nbsp;<\/p>\n<p>Oleme \u00fcks parimaid h\u00fcdrosilindrite tootjaid. Pakume laia valikut h\u00fcdrosilindreid. Pakume ka vastavaid... <a href=\"https:\/\/hzpt.com\/agricultural-pto-gearbox\/\" target=\"_blank\" rel=\"noopener\">p\u00f5llumajanduslikud k\u00e4igukastid<\/a>. Oleme eksportinud oma tooteid klientidele \u00fcle maailma ja teeninud hea maine t\u00e4nu meie suurep\u00e4rasele tootekvaliteedile ja m\u00fc\u00fcgij\u00e4rgsele teenindusele. Me tervitame kliente kodus ja v\u00e4lismaal, et v\u00f5tta meiega \u00fchendust, et pidada l\u00e4bir\u00e4\u00e4kimisi \u00e4ri, vahetada teavet ja <a href=\"https:\/\/www.hydraulic-cylinders.net\/et\/contact-us\/\">teha meiega koost\u00f6\u00f6d<\/a>!<\/p>","protected":false},"excerpt":{"rendered":"<p>Injection Molding Machine Mold Opening and Closing Cylinder The injection molding machine mold opening and closing cylinder is a critical component of plastic injection molding. Designed to control the opening and closing of molds, this specialized cylinder is vital in ensuring precise and efficient production. The injection molding machine mold opening and closing cylinder is [&hellip;]<\/p>","protected":false},"featured_media":1748,"comment_status":"open","ping_status":"closed","template":"","meta":{"_et_pb_use_builder":"","_et_pb_old_content":"","_et_gb_content_width":""},"product_brand":[],"product_cat":[1550,1523,1376],"product_tag":[1380],"class_list":{"0":"post-1746","1":"product","2":"type-product","3":"status-publish","4":"has-post-thumbnail","6":"product_cat-double-acting-hydraulic-cylinder","7":"product_cat-injection-molding-hydraulic-cylinders","8":"product_cat-hydraulic-cylinder","9":"product_tag-hydraulic-cylinder","11":"first","12":"instock","13":"shipping-taxable","14":"product-type-simple"},"amp_enabled":true,"_links":{"self":[{"href":"https:\/\/www.hydraulic-cylinders.net\/et\/wp-json\/wp\/v2\/product\/1746","targetHints":{"allow":["GET"]}}],"collection":[{"href":"https:\/\/www.hydraulic-cylinders.net\/et\/wp-json\/wp\/v2\/product"}],"about":[{"href":"https:\/\/www.hydraulic-cylinders.net\/et\/wp-json\/wp\/v2\/types\/product"}],"replies":[{"embeddable":true,"href":"https:\/\/www.hydraulic-cylinders.net\/et\/wp-json\/wp\/v2\/comments?post=1746"}],"wp:featuredmedia":[{"embeddable":true,"href":"https:\/\/www.hydraulic-cylinders.net\/et\/wp-json\/wp\/v2\/media\/1748"}],"wp:attachment":[{"href":"https:\/\/www.hydraulic-cylinders.net\/et\/wp-json\/wp\/v2\/media?parent=1746"}],"wp:term":[{"taxonomy":"product_brand","embeddable":true,"href":"https:\/\/www.hydraulic-cylinders.net\/et\/wp-json\/wp\/v2\/product_brand?post=1746"},{"taxonomy":"product_cat","embeddable":true,"href":"https:\/\/www.hydraulic-cylinders.net\/et\/wp-json\/wp\/v2\/product_cat?post=1746"},{"taxonomy":"product_tag","embeddable":true,"href":"https:\/\/www.hydraulic-cylinders.net\/et\/wp-json\/wp\/v2\/product_tag?post=1746"}],"curies":[{"name":"wp","href":"https:\/\/api.w.org\/{rel}","templated":true}]}}