{"id":1749,"date":"2023-10-12T08:32:32","date_gmt":"2023-10-12T08:32:32","guid":{"rendered":"https:\/\/hydraulic-cylinders.net\/?post_type=product&#038;p=1749"},"modified":"2025-04-11T03:49:34","modified_gmt":"2025-04-11T03:49:34","slug":"injection-molding-machine-reciprocating-cylinder","status":"publish","type":"product","link":"https:\/\/www.hydraulic-cylinders.net\/et\/toode\/injection-molding-machine-reciprocating-cylinder\/","title":{"rendered":"Survevaluvormimismasina kolbsilindri"},"content":{"rendered":"<h1 style=\"text-align: center;\"><strong>Survevaluvormimismasina kolbsilindri<\/strong><\/h1>\n<p><img loading=\"lazy\" decoding=\"async\" class=\"aligncenter wp-image-1750\" src=\"https:\/\/hydraulic-cylinders.net\/wp-content\/uploads\/2023\/10\/reciprocating-cylinder-1-300x300.webp\" alt=\"\" width=\"400\" height=\"400\" \/><\/p>\n<p>Survevaluvormimismasina edasi-tagasi liikuv silinder on plasti survevaluvormimise protsessi oluline komponent. See spetsiaalne silinder on loodud h\u00f5lbustama survevaluseadme edasi-tagasi liikumist, mis on \u00fclioluline t\u00e4pse ja t\u00f5husa tootmise tagamiseks.<\/p>\n<p>Survevaluvormimismasina edasi-tagasi liikuv silinder on plastvormimises kriitilise t\u00e4htsusega komponent, mis v\u00f5imaldab survevaluseadme t\u00e4pset ja t\u00f5husat edasi-tagasi liikumist. See silinder tagab oma vastupidava konstruktsiooni, erilise edasi-tagasi liikumise, kiire t\u00f6\u00f6 ning reguleeritava k\u00e4igu pikkuse ja j\u00f5uga survevaluseadme usaldusv\u00e4\u00e4rse ja optimeeritud liikumise. Soovitatavate kasutusmeetodite ja hooldustavade j\u00e4rgimisega saavad tootjad maksimeerida survevaluvormimismasina edasi-tagasi liikuva silindri j\u00f5udlust ja pikaealisust, parandades l\u00f5ppkokkuv\u00f5ttes plastvormimise toimingute t\u00e4psust, efektiivsust ja \u00fcldist kvaliteeti.<\/p>\n<p>Sissepritsevormimismasina kolbsilindri p\u00f5hiomadused:<\/p>\n<ol>\n<li>Vastupidav konstruktsioon:<\/li>\n<\/ol>\n<ul>\n<li>Survevaluvormimismasina edasi-tagasi liikuv silinder on valmistatud kvaliteetsetest materjalidest, mis tagab vastupidavuse ja pikaealisuse isegi n\u00f5udlikes tootmiskeskkondades.<\/li>\n<li>See on loodud taluma suuri j\u00f5ude ja korduvaid liigutusi, s\u00e4ilitades \u00fchtlase j\u00f5udluse pikemate kasutusperioodide jooksul.<\/li>\n<\/ul>\n<ol start=\"2\">\n<li>T\u00e4pne edasi-tagasi liikumine:<\/li>\n<\/ol>\n<ul>\n<li>See silinder tagab t\u00e4pse juhtimise sissepritseseadme edasi-tagasi liikumise \u00fcle, tagades t\u00e4pse positsioneerimise ja joondamise.<\/li>\n<li>See v\u00f5imaldab edasi-tagasi liikumise kiiruse kohandamist, optimeerides tootmists\u00fckleid ja minimeerides detailide defekte.<\/li>\n<\/ul>\n<ol start=\"3\">\n<li>Kiire ja t\u00f5hus t\u00f6\u00f6:<\/li>\n<\/ol>\n<ul>\n<li>Survevaluvormimismasina edasi-tagasi liikuv silinder h\u00f5lbustab kiireid edasi-tagasi liikumisi, v\u00e4hendades tootmisaega ja suurendades \u00fcldist tootlikkust.<\/li>\n<li>See tagab sissepritse\u00fcksuse kiire ja usaldusv\u00e4\u00e4rse liikumise, v\u00f5imaldades kiiremaid sissepritsets\u00fckleid ja maksimeerides tootmisv\u00f5imsust.<\/li>\n<\/ul>\n<ol start=\"4\">\n<li>Reguleeritav l\u00f6\u00f6gi pikkus ja j\u00f5ud:<\/li>\n<\/ol>\n<ul>\n<li>Sellel silindril on reguleeritav k\u00e4igupikkus ja j\u00f5ud, et see sobiks erineva suurusega sissepritse\u00fcksuste ja detailide n\u00f5uetega.<\/li>\n<li>See v\u00f5imaldab sissepritseseadme t\u00f6\u00f6s paindlikkust, tagades optimaalse plastifitseerimise ja sissepritse ilma kahjustusi tekitamata.<\/li>\n<\/ul>\n<h2><strong>Sissepritsevormimismasina kolbsilindri parameeter:<\/strong><\/h2>\n<table border=\"1\" cellspacing=\"0\" cellpadding=\"0\">\n<tbody>\n<tr>\n<td>Toote nimi<\/td>\n<td>Survevaluvormimismasina kolbsilindri<\/td>\n<\/tr>\n<tr>\n<td>Omadused:<\/td>\n<td>Kiire vormi nihutamine, mida nimetatakse ka vormi nihutava silindriks<\/td>\n<\/tr>\n<tr>\n<td>Ava l\u00e4bim\u00f5\u00f5t:<\/td>\n<td>\u00a063 mm\uff5e180 mm<\/td>\n<\/tr>\n<tr>\n<td>Varda l\u00e4bim\u00f5\u00f5t:<\/td>\n<td>\u00a045 mm\uff5e125 mm<br \/>\nL\u00f6\u00f6k \u22644000 mm<\/td>\n<\/tr>\n<tr>\n<td>T\u00f5ukej\u00f5ud:<\/td>\n<td>Maksimaalselt 407 kN<br \/>\n(Ava l\u00e4bim\u00f5\u00f5t: 180 mm \/ r\u00f5hk 16 MPa)<\/td>\n<\/tr>\n<tr>\n<td>Rakendused:<\/td>\n<td>Survevalu masin<\/td>\n<\/tr>\n<\/tbody>\n<\/table>\n<div><\/div>\n<div>\n<div class=\"txtboxL\">\n<div class=\"txtboxL\">\n<div class=\"txtboxL\">\n<div class=\"txtboxL\">\n<div class=\"txtboxL\">\n<div class=\"txtboxL\">\n<div class=\"txtboxL\">Omadused:<\/div>\n<div class=\"txtboxR\">Kiire vormi nihutamine, mida nimetatakse ka vormi nihutava silindriks<\/div>\n<div class=\"txtboxL\">Spetsifikatsioon:<\/div>\n<div class=\"txtboxR\">Ava l\u00e4bim\u00f5\u00f5t: 63 mm ~ 180 mm<br \/>\nVarda l\u00e4bim\u00f5\u00f5t: 45 mm\uff5e125 mm<br \/>\nL\u00f6\u00f6k \u22644000 mm<\/div>\n<div class=\"txtboxL\">T\u00f5ukej\u00f5ud:<\/div>\n<div class=\"txtboxR\">Maksimaalselt 407 kN<br \/>\n(Ava l\u00e4bim\u00f5\u00f5t: 180 mm \/ r\u00f5hk 16 MPa)<\/div>\n<\/div>\n<\/div>\n<\/div>\n<\/div>\n<\/div>\n<\/div>\n<\/div>\n<h2><strong>Tsemendiseadmed <\/strong><strong>Silindrite tehas:<\/strong><\/h2>\n<p><img loading=\"lazy\" decoding=\"async\" class=\"alignnone wp-image-1734 size-full\" src=\"https:\/\/hydraulic-cylinders.net\/wp-content\/uploads\/2023\/10\/cement-equipment-cylinder-1.webp\" alt=\"\" width=\"1418\" height=\"946\" srcset=\"https:\/\/hydraulic-cylinders.net\/wp-content\/uploads\/2023\/10\/cement-equipment-cylinder-1.webp 1418w, https:\/\/hydraulic-cylinders.net\/wp-content\/uploads\/2023\/10\/cement-equipment-cylinder-1-1280x854.webp 1280w, https:\/\/hydraulic-cylinders.net\/wp-content\/uploads\/2023\/10\/cement-equipment-cylinder-1-980x654.webp 980w, https:\/\/hydraulic-cylinders.net\/wp-content\/uploads\/2023\/10\/cement-equipment-cylinder-1-480x320.webp 480w\" sizes=\"(min-width: 0px) and (max-width: 480px) 480px, (min-width: 481px) and (max-width: 980px) 980px, (min-width: 981px) and (max-width: 1280px) 1280px, (min-width: 1281px) 1418px, 100vw\" \/><\/p>\n<h2><strong>Sissepritsevormimismasina kolbsilindri kasutusmeetod<\/strong><strong>:<\/strong><\/h2>\n<ol>\n<li><strong>Paigaldamine:<\/strong><\/li>\n<\/ol>\n<ul>\n<li>J\u00e4rgige tootja juhiseid, et paigaldada survevalu masina edasi-tagasi liikuv silinder kindlalt masinale.<\/li>\n<li>Veenduge, et masina edasi-tagasi liikumise mehhanism oleks \u00f5igesti joondatud ja kinnitatud, mis v\u00f5imaldab vormimise ajal sujuvat t\u00f6\u00f6d.<\/li>\n<\/ul>\n<ol start=\"2\">\n<li><strong>Edasi-tagasi liikumise parameetrite reguleerimine:<\/strong><\/li>\n<\/ol>\n<ul>\n<li>Edasi-tagasi liikumise parameetrite, n\u00e4iteks kiiruse, k\u00e4igu pikkuse ja j\u00f5u reguleerimiseks kasutage masina juhtpaneeli v\u00f5i liidest.<\/li>\n<li>T\u00e4psema teabe saamiseks sobivate parameetrite seadistamise kohta, mis p\u00f5hinevad sissepritseseadme konstruktsioonil ja detailide spetsifikatsioonidel, vaadake masina kasutusjuhendit.<\/li>\n<\/ul>\n<ol start=\"3\">\n<li><strong>Vormi ettevalmistamine:<\/strong><\/li>\n<\/ol>\n<ul>\n<li>Paigaldage vorm survevaluseadmesse, tagades \u00f5ige joonduse ja kinnituse.<\/li>\n<li>Kinnitage sissepritse\u00fcksus vormi k\u00fclge, tagades kindla ja usaldusv\u00e4\u00e4rse \u00fchenduse, mis v\u00f5imaldab t\u00e4pset plastifitseerimist ja sissepritsimist.<\/li>\n<\/ul>\n<ol start=\"4\">\n<li><strong>Edasi-tagasi liikumine:<\/strong><\/li>\n<\/ol>\n<ul>\n<li>K\u00e4ivitage vormimisprotsess, aktiveerides survevalu masina.<\/li>\n<li>Survevaluvormimismasina edasi-tagasi liikuv silinder juhib sissepritseseadme edasi-tagasi liikumist, tagades t\u00e4psed ja sujuvad liigutused.<\/li>\n<li>Veenduge, et k\u00e4igu pikkus ja j\u00f5ud on reguleeritud nii, et saavutada soovitud edasi-tagasi liikumine ilma kahjustusi tekitamata.<\/li>\n<\/ul>\n<h2><strong>Kuidas h\u00fcdraulilise silindri skeemi taastada?<\/strong><\/h2>\n<ol>\n<li><strong>Lahtiv\u00f5tmine:<\/strong>\n<ul>\n<li>Alustage h\u00fcdrosilindri eemaldamisega seadmest v\u00f5i masinast.<\/li>\n<li>\u00dchendage ettevaatlikult lahti k\u00f5ik silindri k\u00fclge kinnitatud h\u00fcdraulikavoolikud v\u00f5i liitmikud.<\/li>\n<li>Pange t\u00e4hele silindri suunda ja asendit kokkupanekuks.<\/li>\n<\/ul>\n<\/li>\n<li><strong>T\u00fchjendusvedelik:<\/strong>\n<ul>\n<li>Asetage silindri alla sobiv anum \u00fclej\u00e4\u00e4nud h\u00fcdraulikavedeliku kogumiseks.<\/li>\n<li>T\u00f5mmake silinder t\u00e4ielikult v\u00e4lja v\u00f5i sisse, et vedelik saaks t\u00e4ielikult v\u00e4lja voolata.<\/li>\n<\/ul>\n<\/li>\n<li><strong>Eemaldage otsakorgid:<\/strong>\n<ul>\n<li>Leidke silindri otsakorgid.<\/li>\n<li>S\u00f5ltuvalt silindri konstruktsioonist peate otsakorkide vabastamiseks v\u00f5ib-olla eemaldama kinnituspoldid, lukustusr\u00f5ngad v\u00f5i muud kinnitusdetailid.<\/li>\n<li>Koputage otsakorke \u00f5rnalt kummihaamriga, kui need on kinni kiilunud, olles ettevaatlik, et mitte \u00fchtegi komponenti kahjustada.<\/li>\n<\/ul>\n<\/li>\n<li><strong>Kolvi ja varda v\u00e4ljat\u00f5mbamine:<\/strong>\n<ul>\n<li>Kui otsakorgid on eemaldatud, libistage kolvi ja varda komplekt ettevaatlikult v\u00e4lja.<\/li>\n<li>P\u00f6\u00f6rake t\u00e4helepanu tihendite, laagrite ja muude komponentide orientatsioonile ja paigutusele.<\/li>\n<\/ul>\n<\/li>\n<li><strong>Kontrollige komponente:<\/strong>\n<ul>\n<li>Kontrollige k\u00f5iki komponente p\u00f5hjalikult kulumise, kahjustuste v\u00f5i lekke tunnuste suhtes.<\/li>\n<li>Kontrollige kolbi, varrast, silindri ava, tihendeid, laagreid ja muid osi v\u00f5imalike probleemide suhtes, mis v\u00f5ivad vajada v\u00e4ljavahetamist.<\/li>\n<\/ul>\n<\/li>\n<li><strong>Tihendite ja komponentide vahetamine:<\/strong>\n<ul>\n<li>Vahetage k\u00f5ik kulunud v\u00f5i kahjustatud tihendid, laagrid v\u00f5i muud komponendid uute vastu, mis sobivad silindriga.<\/li>\n<li>Enne paigaldamist veenduge tihendite ja komponentide n\u00f5uetekohases m\u00e4\u00e4rimises.<\/li>\n<\/ul>\n<\/li>\n<li><strong>Kokkupanek:<\/strong>\n<ul>\n<li>Sisestage kolvi ja varda komplekt ettevaatlikult silindri avasse tagasi.<\/li>\n<li>Kokkupaneku h\u00f5lbustamiseks kandke peale sobivat montaa\u017eim\u00e4\u00e4ret.<\/li>\n<li>Joondage otsakorgid ja paigaldage k\u00f5ik vajalikud kinnitusdetailid, j\u00e4rgides \u00f5igeid p\u00f6\u00f6rdemomendi spetsifikatsioone.<\/li>\n<\/ul>\n<\/li>\n<li><strong>Testimine ja uuesti installimine:<\/strong>\n<ul>\n<li>Kui silinder on kokku pandud, tehke p\u00f5hjalik kontroll, et k\u00f5ik komponendid oleksid \u00f5igesti paigaldatud ja joondatud.<\/li>\n<li>\u00dchendage uuesti k\u00f5ik h\u00fcdraulikavoolikud v\u00f5i liitmikud, mis lahtiv\u00f5tmise k\u00e4igus lahti \u00fchendati.<\/li>\n<li>Kontrollige taastatud h\u00fcdrosilindri n\u00f5uetekohast toimimist ja lekkeid.<\/li>\n<li>Kui silinder t\u00f6\u00f6tab korralikult, paigaldage see seadmesse v\u00f5i masinasse tagasi.<\/li>\n<\/ul>\n<\/li>\n<\/ol>\n<h2><strong>Tehase v\u00f5imekus ja suutlikkus:<\/strong><\/h2>\n<h3>(1) Kokkupanek<\/h3>\n<p>Meil on esmaklassiline s\u00f5ltumatu teadus- ja arendustegevuse montaa\u017eiplatvorm. H\u00fcdrosilindrite tootmist\u00f6\u00f6kojas on neli poolautomaatset t\u00f5stesilindrite koosteliini ja \u00fcks automaatne kallutussilindrite koosteliin, mille kavandatud aastane tootmisv\u00f5imsus on 1 miljon t\u00fckki. Spetsiaalsete silindrite t\u00f6\u00f6koda on varustatud erinevate spetsifikatsioonidega poolautomaatse puhastusmontaa\u017eis\u00fcsteemiga, mille kavandatud aastane tootmisv\u00f5imsus on 200 000 ja mis on varustatud kuulsate CNC-t\u00f6\u00f6tlemisseadmete, mehaanilise t\u00f6\u00f6tlemise keskuse, suure t\u00e4psusega silindrite t\u00f6\u00f6tlemise eriseadmete, robotkeevitusmasina, automaatse puhastusmasina, automaatse silindri kokkupanemise masina ja automaatse v\u00e4rvimise tootmisliiniga. Olemasolevad kriitilised seadmed rohkem kui 300 komplekti (komplekti). Seadmete ressursside optimaalne jaotamine ja t\u00f5hus kasutamine tagavad toodete t\u00e4psusn\u00f5uded ja vastavad toodete kvaliteedin\u00f5uetele.<\/p>\n<p><img loading=\"lazy\" decoding=\"async\" class=\"alignnone wp-image-626\" src=\"https:\/\/hydraulic-cylinders.net\/wp-content\/uploads\/2023\/08\/hydraulic-cylinder-product-1-300x158.webp\" alt=\"\" width=\"495\" height=\"260\" srcset=\"https:\/\/hydraulic-cylinders.net\/wp-content\/uploads\/2023\/08\/hydraulic-cylinder-product-1-300x158.webp 495w, https:\/\/hydraulic-cylinders.net\/wp-content\/uploads\/2023\/08\/hydraulic-cylinder-product-1-480x252.webp 480w\" sizes=\"(min-width: 0px) and (max-width: 480px) 480px, (min-width: 481px) 495px, 100vw\" \/> <img loading=\"lazy\" decoding=\"async\" class=\"alignnone wp-image-627\" src=\"https:\/\/hydraulic-cylinders.net\/wp-content\/uploads\/2023\/08\/hydraulic-cylinder-product-2-300x189.webp\" alt=\"\" width=\"413\" height=\"260\" \/><\/p>\n<h3>(2) T\u00f6\u00f6tlemine<\/h3>\n<p>T\u00f6\u00f6deldav t\u00f6\u00f6koda on varustatud kohandatud kallutatud r\u00f6\u00f6pse treipingi keskuse, mehaanilise keskuse, kiire lihvimismasina, keevitusroboti ja muude seotud seadmetega, mis suudavad t\u00f6\u00f6delda silindritorusid, mille maksimaalne sisel\u00e4bim\u00f5\u00f5t on 400 mm ja maksimaalne pikkus on 6 meetrit.<\/p>\n<p><img loading=\"lazy\" decoding=\"async\" class=\"alignnone wp-image-628 size-large\" src=\"https:\/\/hydraulic-cylinders.net\/wp-content\/uploads\/2023\/08\/hydraulic-cylinder-product-3-1024x391.webp\" alt=\"\" width=\"1024\" height=\"391\" srcset=\"https:\/\/hydraulic-cylinders.net\/wp-content\/uploads\/2023\/08\/hydraulic-cylinder-product-3-980x374.webp 980w, https:\/\/hydraulic-cylinders.net\/wp-content\/uploads\/2023\/08\/hydraulic-cylinder-product-3-480x183.webp 480w\" sizes=\"(min-width: 0px) and (max-width: 480px) 480px, (min-width: 481px) and (max-width: 980px) 980px, (min-width: 981px) 1024px, 100vw\" \/><\/p>\n<h3>(3) Keevitamine<\/h3>\n<p><img loading=\"lazy\" decoding=\"async\" class=\"alignnone wp-image-629 size-large\" src=\"https:\/\/hydraulic-cylinders.net\/wp-content\/uploads\/2023\/08\/hydraulic-cylinder-product-4-1024x510.webp\" alt=\"\" width=\"1024\" height=\"510\" srcset=\"https:\/\/hydraulic-cylinders.net\/wp-content\/uploads\/2023\/08\/hydraulic-cylinder-product-4-980x488.webp 980w, https:\/\/hydraulic-cylinders.net\/wp-content\/uploads\/2023\/08\/hydraulic-cylinder-product-4-480x239.webp 480w\" sizes=\"(min-width: 0px) and (max-width: 480px) 480px, (min-width: 481px) and (max-width: 980px) 980px, (min-width: 981px) 1024px, 100vw\" \/><\/p>\n<h3>(4) V\u00e4rvimine ja katmine<\/h3>\n<p>V\u00e4ikese ja keskmise suurusega silindri automaatse veep\u00f5hise v\u00e4rvipinnakattega liinide abil, et saavutada automaatne robotlaadimine ja mahalaadimine ning automaatne pihustamine, projekteerimisv\u00f5imsus 4000 t\u00fckki vahetuse kohta;<br \/>\nMeil on ka poolautomaatne suurte balloonide v\u00e4rvimise tootmisliin, mis t\u00f6\u00f6tab j\u00f5ukettaga ja mille projekteerimisv\u00f5imsus on 60 kasti \u00fche vahetuse kohta.<\/p>\n<p><img loading=\"lazy\" decoding=\"async\" class=\"alignnone wp-image-630\" src=\"https:\/\/hydraulic-cylinders.net\/wp-content\/uploads\/2023\/08\/hydraulic-cylinder-product-5-300x213.webp\" alt=\"\" width=\"366\" height=\"260\" \/> <img loading=\"lazy\" decoding=\"async\" class=\"alignnone wp-image-631\" src=\"https:\/\/hydraulic-cylinders.net\/wp-content\/uploads\/2023\/08\/hydraulic-cylinder-product-6-300x225.webp\" alt=\"\" width=\"347\" height=\"260\" \/><\/p>\n<h3>(5) Testimine<\/h3>\n<p>Meil on esmaklassilised kontrolliseadmed ja katsestendid, et tagada silindri j\u00f5udlus vastavus n\u00f5uetele.<\/p>\n<p><img loading=\"lazy\" decoding=\"async\" class=\"alignnone wp-image-632\" src=\"https:\/\/hydraulic-cylinders.net\/wp-content\/uploads\/2023\/08\/hydraulic-cylinder-product-8-300x200.webp\" alt=\"\" width=\"389\" height=\"260\" \/><\/p>\n<p>&nbsp;<\/p>\n<p>&nbsp;<\/p>\n<p>Oleme \u00fcks parimaid h\u00fcdrosilindrite tootjaid. Pakume laia valikut h\u00fcdrosilindreid. Pakume ka vastavaid... <a href=\"https:\/\/hzpt.com\/agricultural-pto-gearbox\/\" target=\"_blank\" rel=\"noopener\">p\u00f5llumajanduslikud k\u00e4igukastid<\/a>. Oleme eksportinud oma tooteid klientidele \u00fcle maailma ja teeninud hea maine t\u00e4nu meie suurep\u00e4rasele tootekvaliteedile ja m\u00fc\u00fcgij\u00e4rgsele teenindusele. Me tervitame kliente kodus ja v\u00e4lismaal, et v\u00f5tta meiega \u00fchendust, et pidada l\u00e4bir\u00e4\u00e4kimisi \u00e4ri, vahetada teavet ja <a href=\"https:\/\/www.hydraulic-cylinders.net\/et\/contact-us\/\">teha meiega koost\u00f6\u00f6d<\/a>!<\/p>","protected":false},"excerpt":{"rendered":"<p>Injection Molding Machine Reciprocating Cylinder The injection molding machine reciprocating cylinder is a crucial component in the plastic injection molding process. This specialized cylinder is designed to facilitate the reciprocating movement of the injection unit, which is vital in ensuring precise and efficient production. The injection molding machine reciprocating cylinder is a critical component in [&hellip;]<\/p>","protected":false},"featured_media":1751,"comment_status":"open","ping_status":"closed","template":"","meta":{"_et_pb_use_builder":"","_et_pb_old_content":"","_et_gb_content_width":""},"product_brand":[],"product_cat":[1550,1523,1376],"product_tag":[1380],"class_list":{"0":"post-1749","1":"product","2":"type-product","3":"status-publish","4":"has-post-thumbnail","6":"product_cat-double-acting-hydraulic-cylinder","7":"product_cat-injection-molding-hydraulic-cylinders","8":"product_cat-hydraulic-cylinder","9":"product_tag-hydraulic-cylinder","11":"first","12":"instock","13":"shipping-taxable","14":"product-type-simple"},"amp_enabled":true,"_links":{"self":[{"href":"https:\/\/www.hydraulic-cylinders.net\/et\/wp-json\/wp\/v2\/product\/1749","targetHints":{"allow":["GET"]}}],"collection":[{"href":"https:\/\/www.hydraulic-cylinders.net\/et\/wp-json\/wp\/v2\/product"}],"about":[{"href":"https:\/\/www.hydraulic-cylinders.net\/et\/wp-json\/wp\/v2\/types\/product"}],"replies":[{"embeddable":true,"href":"https:\/\/www.hydraulic-cylinders.net\/et\/wp-json\/wp\/v2\/comments?post=1749"}],"wp:featuredmedia":[{"embeddable":true,"href":"https:\/\/www.hydraulic-cylinders.net\/et\/wp-json\/wp\/v2\/media\/1751"}],"wp:attachment":[{"href":"https:\/\/www.hydraulic-cylinders.net\/et\/wp-json\/wp\/v2\/media?parent=1749"}],"wp:term":[{"taxonomy":"product_brand","embeddable":true,"href":"https:\/\/www.hydraulic-cylinders.net\/et\/wp-json\/wp\/v2\/product_brand?post=1749"},{"taxonomy":"product_cat","embeddable":true,"href":"https:\/\/www.hydraulic-cylinders.net\/et\/wp-json\/wp\/v2\/product_cat?post=1749"},{"taxonomy":"product_tag","embeddable":true,"href":"https:\/\/www.hydraulic-cylinders.net\/et\/wp-json\/wp\/v2\/product_tag?post=1749"}],"curies":[{"name":"wp","href":"https:\/\/api.w.org\/{rel}","templated":true}]}}