{"id":1752,"date":"2023-10-13T02:41:02","date_gmt":"2023-10-13T02:41:02","guid":{"rendered":"https:\/\/hydraulic-cylinders.net\/?post_type=product&#038;p=1752"},"modified":"2025-04-15T05:55:30","modified_gmt":"2025-04-15T05:55:30","slug":"cutter-suction-dredger-traveling-cylinders","status":"publish","type":"product","link":"https:\/\/www.hydraulic-cylinders.net\/et\/toode\/cutter-suction-dredger-traveling-cylinders\/","title":{"rendered":"L\u00f5ikuri imemis-s\u00fcvendaja reisisilindrid"},"content":{"rendered":"<h1 style=\"text-align: center;\"><strong>L\u00f5ikuri imemis-s\u00fcvendaja reisisilindrid<\/strong><\/h1>\n<p><img loading=\"lazy\" decoding=\"async\" class=\"aligncenter wp-image-1753\" src=\"https:\/\/hydraulic-cylinders.net\/wp-content\/uploads\/2023\/10\/cutter-suction-dredger-the-traveling-cylinders-1-300x300.webp\" alt=\"\" width=\"400\" height=\"400\" \/><\/p>\n<p>L\u00f5ikur-imemis-s\u00fcvendusmasina liikuvad silindrid on t\u00e4nap\u00e4evaste s\u00fcvendust\u00f6\u00f6de olulised komponendid. Need silindrid, mis on loodud efektiivsuse ja tootlikkuse suurendamiseks, m\u00e4ngivad l\u00f5ikur-imemis-s\u00fcvendusprotsessis olulist rolli.<\/p>\n<p>L\u00f5ikur-imemis-s\u00fcvendusmasina liikuvad silindrid on t\u00f5husate ja produktiivsete s\u00fcvendust\u00f6\u00f6de jaoks h\u00e4davajalikud komponendid. Oma vastupidava konstruktsiooni, t\u00e4pse liikumisliikumise, v\u00f5imsa j\u00f5u\u00fclekande ja paindlike reguleerimisv\u00f5imalustega v\u00f5imaldavad need silindrid s\u00fcvendusmasina sujuvat ja t\u00e4pset liikumist, optimeerides s\u00fcvendust\u00f6\u00f6de tulemuslikkust. Soovitatavate kasutusmeetodite ja hooldustavade j\u00e4rgimisega saavad operaatorid liikuvate silindrite j\u00f5udlust ja pikaealisust maksimeerida, suurendades l\u00f5ppkokkuv\u00f5ttes l\u00f5ikur-imemis-s\u00fcvendust\u00f6\u00f6de protsessi t\u00f5husust ja tulemuslikkust.<\/p>\n<p>L\u00f5ikuriga s\u00fcvendusmasina reisisilindrite p\u00f5hiomadused:<\/p>\n<ol>\n<li>Vastupidav konstruktsioon:<\/li>\n<\/ol>\n<ul>\n<li>Liikuvad silindrid on valmistatud kvaliteetsetest materjalidest, mis tagavad vastupidavuse ja pikaealisuse isegi keerulistes s\u00fcvendustingimustes.<br \/>\nNeed on konstrueeritud taluma k\u00f5rget r\u00f5hku, abrasiivseid materjale ja pidevat liikumist, s\u00e4ilitades samal ajal \u00fchtlase j\u00f5udluse kogu s\u00fcvendust\u00f6\u00f6de v\u00e4ltel.<\/li>\n<\/ul>\n<ol start=\"2\">\n<li>T\u00e4pne liikumine:<\/li>\n<\/ol>\n<ul>\n<li>Need silindrid tagavad l\u00f5ikur-imemis-s\u00fcvendaja liikumise t\u00e4pse juhtimise, tagades t\u00e4pse positsioneerimise ja sujuva liikumise s\u00fcvendust\u00f6\u00f6de ajal.<\/li>\n<li>Need v\u00f5imaldavad liikumiskiirust kohandada, mis v\u00f5imaldab t\u00f5husat navigeerimist erinevatel maastikel ja t\u00e4pset positsioneerimist efektiivseks s\u00fcvendamiseks.<\/li>\n<\/ul>\n<ol start=\"3\">\n<li>V\u00f5imas t\u00f5ukej\u00f5ud:<\/li>\n<\/ol>\n<ul>\n<li>Liikuvad silindrid annavad l\u00f5ikur-imemis-s\u00fcvendajale v\u00f5imsa t\u00f5ukej\u00f5u, v\u00f5imaldades sel s\u00fcvendusalal sujuvalt ja t\u00f5husalt liikuda.<\/li>\n<li>Need pakuvad suurep\u00e4rast t\u00f5ukej\u00f5udu ja veoj\u00f5udu, tagades, et s\u00fcvendaja suudab \u00fcletada sette takistuse ja s\u00e4ilitada stabiilse edasiliikumise.<\/li>\n<\/ul>\n<ol start=\"4\">\n<li>Paindlik reguleerimine:<\/li>\n<\/ol>\n<ul>\n<li>Need silindrid v\u00f5imaldavad l\u00f5ikur-s\u00fcvendaja liikumisparameetreid, n\u00e4iteks kiirust, suunda ja s\u00fcgavust, paindlikult reguleerida.<\/li>\n<li>Operaatorid saavad s\u00fcvendusmasina liikumist kohandada vastavalt konkreetsetele s\u00fcvendust\u00f6\u00f6de n\u00f5uetele ja optimeerida kogu t\u00f6\u00f6 efektiivsust.<\/li>\n<\/ul>\n<h2><strong>L\u00f5ikuri imemis-s\u00fcvendaja reisivate silindrite parameeter:<\/strong><\/h2>\n<table border=\"1\" cellspacing=\"0\" cellpadding=\"0\">\n<tbody>\n<tr>\n<td>Toote nimi<\/td>\n<td>L\u00f5ikuri imemis-s\u00fcvendaja reisisilinder<\/td>\n<\/tr>\n<tr>\n<td>Omadused:<\/td>\n<td>On l\u00f5ikuri-imemis-s\u00fcvendaja reisimismehhanismi peamine t\u00e4idesaatev element<\/td>\n<\/tr>\n<tr>\n<td>Ava l\u00e4bim\u00f5\u00f5t:<\/td>\n<td>Kuni 480 mm<\/td>\n<\/tr>\n<tr>\n<td>Varda l\u00e4bim\u00f5\u00f5t:<\/td>\n<td>Kuni 360 mm<br \/>\nK\u00e4iguulatus kuni 9400 mm<\/td>\n<\/tr>\n<tr>\n<td>R\u00f5hk:<\/td>\n<td>kuni 32 MPa<\/td>\n<\/tr>\n<tr>\n<td>T\u00f5ukej\u00f5ud:<\/td>\n<td>Maksimaalselt 2900 kN<\/td>\n<\/tr>\n<tr>\n<td>Rakendused:<\/td>\n<td>L\u00f5ikuri imemis-s\u00fcvendaja<\/td>\n<\/tr>\n<\/tbody>\n<\/table>\n<div><\/div>\n<div>\n<div class=\"txtboxL\">\n<div class=\"txtboxL\">\n<div class=\"txtboxL\">\n<div class=\"txtboxL\">\n<div class=\"txtboxL\">\n<div class=\"txtboxL\">\n<div class=\"txtboxL\">\n<div class=\"txtboxL\">Omadused:<\/div>\n<div class=\"txtboxR\">On l\u00f5ikuri-imemis-s\u00fcvendaja reisimismehhanismi peamine t\u00e4idesaatev element<\/div>\n<div class=\"txtboxL\">Spetsifikatsioon:<\/div>\n<div class=\"txtboxR\">Ava l\u00e4bim\u00f5\u00f5t: kuni 480 mm<br \/>\nVarda l\u00e4bim\u00f5\u00f5t: kuni 360 mm<br \/>\nK\u00e4iguulatus kuni 9400 mm<\/div>\n<div class=\"txtboxL\">R\u00f5hk:<\/div>\n<div class=\"txtboxR\">kuni 32 MPa<\/div>\n<div class=\"txtboxL\">T\u00f5ukej\u00f5ud:<\/div>\n<div class=\"txtboxR\">Maksimaalselt 2900 kN<\/div>\n<\/div>\n<\/div>\n<\/div>\n<\/div>\n<\/div>\n<\/div>\n<\/div>\n<\/div>\n<h2><strong>S\u00fcvenduspaagi l\u00f5ikuri-imemissilindrite rakendus:<\/strong><\/h2>\n<p><img loading=\"lazy\" decoding=\"async\" class=\"alignnone wp-image-1757 size-full\" src=\"https:\/\/hydraulic-cylinders.net\/wp-content\/uploads\/2023\/10\/dredger-tank-cylinder-1.webp\" alt=\"\" width=\"600\" height=\"400\" srcset=\"https:\/\/hydraulic-cylinders.net\/wp-content\/uploads\/2023\/10\/dredger-tank-cylinder-1.webp 600w, https:\/\/hydraulic-cylinders.net\/wp-content\/uploads\/2023\/10\/dredger-tank-cylinder-1-480x320.webp 480w\" sizes=\"(min-width: 0px) and (max-width: 480px) 480px, (min-width: 481px) 600px, 100vw\" \/><\/p>\n<h2><strong>L\u00f5ikuriga s\u00fcvendusmasina reisisilindrite kasutusmeetod<\/strong><strong>:<\/strong><\/h2>\n<ol>\n<li><strong>Paigaldamine:<\/strong><\/li>\n<\/ol>\n<ul>\n<li>J\u00e4rgige tootja juhiseid, et paigaldada liikuvad silindrid kindlalt l\u00f5ikur-imemis-s\u00fcvendajale.<\/li>\n<li>Veenduge, et s\u00fcvendusmasina j\u00f5useadmega oleks \u00f5ige joondus ja kinnitus, mis v\u00f5imaldab sujuvat ja usaldusv\u00e4\u00e4rset liikumist.<\/li>\n<\/ul>\n<ol start=\"2\">\n<li><strong>Juhtimine ja navigeerimine:<\/strong><\/li>\n<\/ol>\n<ul>\n<li>Kasutage s\u00fcvendusmasina juhtpaneeli v\u00f5i liidest liikumisparameetrite, n\u00e4iteks kiiruse, suuna ja s\u00fcgavuse juhtimiseks.<\/li>\n<li>J\u00e4lgige s\u00fcvendusmasina asukohta ja reguleerige vastavalt liikumiskiirust, et tagada s\u00fcvendust\u00f6\u00f6de t\u00f5hus edasiliikumine ja t\u00e4pne positsioneerimine.<\/li>\n<\/ul>\n<ol start=\"3\">\n<li><strong>S\u00fcvendust\u00f6\u00f6d:<\/strong><\/li>\n<\/ol>\n<ul>\n<li>K\u00e4ivita s\u00fcvendusprotsess, aktiveerides l\u00f5ikur-imemis-s\u00fcvendaja ja rakendades liikuvad silindrid edasiliikumiseks.<\/li>\n<li>Juhtige s\u00fcvendaja l\u00e4bi s\u00fcvendusala, tagades sujuva edasiliikumise ja t\u00e4pse positsioneerimise t\u00f5husaks kaevamiseks ja materjali v\u00e4ljav\u00f5tmiseks.<\/li>\n<li>S\u00fcvendusmasina liikumisparameetreid saab reguleerida, et optimeerida s\u00fcvendust\u00f6\u00f6de tulemuslikkust ja kohaneda muutuvate oludega.<\/li>\n<\/ul>\n<h2><strong>Kuidas eemaldada esilaadurilt h\u00fcdrosilindrit?<\/strong><\/h2>\n<p>Esilaaduri h\u00fcdrosilindri eemaldamise konkreetsed sammud v\u00f5ivad laaduri markist ja mudelist olenevalt erineda. Siiski saan pakkuda \u00fcldise protseduuri, mis annab teile hea alguspunkti. Siin on samm-sammult juhend:<\/p>\n<ol>\n<li><strong>Ohutus ennek\u00f5ike:<\/strong> Veenduge, et laadur on v\u00e4lja l\u00fclitatud, mootor t\u00f6\u00f6tab laitmatult ja laadur on kindlalt tugijalgade v\u00f5i plokkide abil toetatud.<\/li>\n<li><strong>Leidke h\u00fcdrauliline silinder:<\/strong> Tuvastage h\u00fcdrosilinder, mida soovite eemaldada. See on tavaliselt \u00fchendatud laaduri h\u00fcdros\u00fcsteemiga ja paigutatud nii, et see juhib kindla funktsiooni, n\u00e4iteks kopa v\u00f5i t\u00f5stehoobade liikumist.<\/li>\n<li><strong>H\u00fcdraulilise r\u00f5hu alandamine:<\/strong> Ootamatu liikumise v\u00e4ltimiseks ja oma ohutuse tagamiseks vabastage s\u00fcsteemist h\u00fcdrauliline r\u00f5hk. Tavaliselt h\u00f5lmab see laaduri h\u00fcdraulilise juhtventiili leidmist ja juhtnuppude kasutamist r\u00f5hu vabastamiseks. Selle sammu t\u00e4psemate juhiste saamiseks vaadake laaduri kasutusjuhendit.<\/li>\n<li><strong>H\u00fcdrauliliste voolikute lahti\u00fchendamine:<\/strong> \u00dchendage silindriga \u00fchendatud h\u00fcdraulikavoolikud ettevaatlikult lahti. S\u00f5ltuvalt konstruktsioonist v\u00f5ib see h\u00f5lmata h\u00fcdraulikaliitmike lahti\u00fchendamist ja eemaldamist v\u00f5i spetsiaalsete t\u00f6\u00f6riistade, n\u00e4iteks mutriv\u00f5tmete v\u00f5i padrunv\u00f5tmete komplektide kasutamist.<\/li>\n<li><strong>Eemaldage kinnitustihvtid:<\/strong> Otsige kinnitustihvte v\u00f5i -polte, mis kinnitavad silindri laaduri raami v\u00f5i muude komponentide k\u00fclge. Silindri vabastamiseks eemaldage need tihvtid v\u00f5i poldid.<\/li>\n<li><strong>Toetage silindrit:<\/strong> H\u00fcdraulilised silindrid v\u00f5ivad olla rasked, seega on oluline, et teil oleks plaan silindri toetamiseks selle eemaldamise ajal. Seda saab teha t\u00f5steseadme, n\u00e4iteks t\u00f5stuki v\u00f5i tungraua abil, mis toetab silindri raskust selle eemaldamise ajal.<\/li>\n<li><strong>Silindri eemaldamine:<\/strong> Kui kinnitustihvtid v\u00f5i -poldid on eemaldatud ja silinder korralikult toetatud, libistage v\u00f5i liigutage silindrit ettevaatlikult kinnitusklambritest v\u00f5i \u00fchendustest v\u00e4lja. Olge ettevaatlik silindrisse v\u00f5i voolikutesse j\u00e4\u00e4nud h\u00fcdraulikavedeliku suhtes.<\/li>\n<li><strong>Kontrollige ja vahetage v\u00e4lja:<\/strong> Kui silinder on eemaldatud, kontrollige seda kahjustuste v\u00f5i kulumise m\u00e4rkide suhtes. Enne silindri tagasipaigaldamist vahetage k\u00f5ik tihendid, O-r\u00f5ngad ja muud komponendid v\u00e4lja.<\/li>\n<\/ol>\n<h2><strong>Tehase v\u00f5imekus ja suutlikkus:<\/strong><\/h2>\n<h3>(1) Kokkupanek<\/h3>\n<p>Meil on esmaklassiline s\u00f5ltumatu teadus- ja arendustegevuse montaa\u017eiplatvorm. H\u00fcdrosilindrite tootmist\u00f6\u00f6kojas on neli poolautomaatset t\u00f5stesilindrite koosteliini ja \u00fcks automaatne kallutussilindrite koosteliin, mille kavandatud aastane tootmisv\u00f5imsus on 1 miljon t\u00fckki. Spetsiaalsete silindrite t\u00f6\u00f6koda on varustatud erinevate spetsifikatsioonidega poolautomaatse puhastusmontaa\u017eis\u00fcsteemiga, mille kavandatud aastane tootmisv\u00f5imsus on 200 000 ja mis on varustatud kuulsate CNC-t\u00f6\u00f6tlemisseadmete, mehaanilise t\u00f6\u00f6tlemise keskuse, suure t\u00e4psusega silindrite t\u00f6\u00f6tlemise eriseadmete, robotkeevitusmasina, automaatse puhastusmasina, automaatse silindri kokkupanemise masina ja automaatse v\u00e4rvimise tootmisliiniga. Olemasolevad kriitilised seadmed rohkem kui 300 komplekti (komplekti). Seadmete ressursside optimaalne jaotamine ja t\u00f5hus kasutamine tagavad toodete t\u00e4psusn\u00f5uded ja vastavad toodete kvaliteedin\u00f5uetele.<\/p>\n<p><img loading=\"lazy\" decoding=\"async\" class=\"alignnone wp-image-626\" src=\"https:\/\/hydraulic-cylinders.net\/wp-content\/uploads\/2023\/08\/hydraulic-cylinder-product-1-300x158.webp\" alt=\"\" width=\"495\" height=\"260\" srcset=\"https:\/\/hydraulic-cylinders.net\/wp-content\/uploads\/2023\/08\/hydraulic-cylinder-product-1-300x158.webp 495w, https:\/\/hydraulic-cylinders.net\/wp-content\/uploads\/2023\/08\/hydraulic-cylinder-product-1-480x252.webp 480w\" sizes=\"(min-width: 0px) and (max-width: 480px) 480px, (min-width: 481px) 495px, 100vw\" \/> <img loading=\"lazy\" decoding=\"async\" class=\"alignnone wp-image-627\" src=\"https:\/\/hydraulic-cylinders.net\/wp-content\/uploads\/2023\/08\/hydraulic-cylinder-product-2-300x189.webp\" alt=\"\" width=\"413\" height=\"260\" \/><\/p>\n<h3>(2) T\u00f6\u00f6tlemine<\/h3>\n<p>T\u00f6\u00f6deldav t\u00f6\u00f6koda on varustatud kohandatud kallutatud r\u00f6\u00f6pse treipingi keskuse, mehaanilise keskuse, kiire lihvimismasina, keevitusroboti ja muude seotud seadmetega, mis suudavad t\u00f6\u00f6delda silindritorusid, mille maksimaalne sisel\u00e4bim\u00f5\u00f5t on 400 mm ja maksimaalne pikkus on 6 meetrit.<\/p>\n<p><img loading=\"lazy\" decoding=\"async\" class=\"alignnone wp-image-628 size-large\" src=\"https:\/\/hydraulic-cylinders.net\/wp-content\/uploads\/2023\/08\/hydraulic-cylinder-product-3-1024x391.webp\" alt=\"\" width=\"1024\" height=\"391\" srcset=\"https:\/\/hydraulic-cylinders.net\/wp-content\/uploads\/2023\/08\/hydraulic-cylinder-product-3-980x374.webp 980w, https:\/\/hydraulic-cylinders.net\/wp-content\/uploads\/2023\/08\/hydraulic-cylinder-product-3-480x183.webp 480w\" sizes=\"(min-width: 0px) and (max-width: 480px) 480px, (min-width: 481px) and (max-width: 980px) 980px, (min-width: 981px) 1024px, 100vw\" \/><\/p>\n<h3>(3) Keevitamine<\/h3>\n<p><img loading=\"lazy\" decoding=\"async\" class=\"alignnone wp-image-629 size-large\" src=\"https:\/\/hydraulic-cylinders.net\/wp-content\/uploads\/2023\/08\/hydraulic-cylinder-product-4-1024x510.webp\" alt=\"\" width=\"1024\" height=\"510\" srcset=\"https:\/\/hydraulic-cylinders.net\/wp-content\/uploads\/2023\/08\/hydraulic-cylinder-product-4-980x488.webp 980w, https:\/\/hydraulic-cylinders.net\/wp-content\/uploads\/2023\/08\/hydraulic-cylinder-product-4-480x239.webp 480w\" sizes=\"(min-width: 0px) and (max-width: 480px) 480px, (min-width: 481px) and (max-width: 980px) 980px, (min-width: 981px) 1024px, 100vw\" \/><\/p>\n<h3>(4) V\u00e4rvimine ja katmine<\/h3>\n<p>V\u00e4ikese ja keskmise suurusega silindri automaatse veep\u00f5hise v\u00e4rvipinnakattega liinide abil, et saavutada automaatne robotlaadimine ja mahalaadimine ning automaatne pihustamine, projekteerimisv\u00f5imsus 4000 t\u00fckki vahetuse kohta;<br \/>\nMeil on ka poolautomaatne suurte balloonide v\u00e4rvimise tootmisliin, mis t\u00f6\u00f6tab j\u00f5ukettaga ja mille projekteerimisv\u00f5imsus on 60 kasti \u00fche vahetuse kohta.<\/p>\n<p><img loading=\"lazy\" decoding=\"async\" class=\"alignnone wp-image-630\" src=\"https:\/\/hydraulic-cylinders.net\/wp-content\/uploads\/2023\/08\/hydraulic-cylinder-product-5-300x213.webp\" alt=\"\" width=\"366\" height=\"260\" \/> <img loading=\"lazy\" decoding=\"async\" class=\"alignnone wp-image-631\" src=\"https:\/\/hydraulic-cylinders.net\/wp-content\/uploads\/2023\/08\/hydraulic-cylinder-product-6-300x225.webp\" alt=\"\" width=\"347\" height=\"260\" \/><\/p>\n<h3>(5) Testimine<\/h3>\n<p>Meil on esmaklassilised kontrolliseadmed ja katsestendid, et tagada silindri j\u00f5udlus vastavus n\u00f5uetele.<\/p>\n<p><img loading=\"lazy\" decoding=\"async\" class=\"alignnone wp-image-632\" src=\"https:\/\/hydraulic-cylinders.net\/wp-content\/uploads\/2023\/08\/hydraulic-cylinder-product-8-300x200.webp\" alt=\"\" width=\"389\" height=\"260\" \/><\/p>\n<p>&nbsp;<\/p>\n<p>&nbsp;<\/p>\n<p>Oleme \u00fcks parimaid h\u00fcdrosilindrite tootjaid. Pakume laia valikut h\u00fcdrosilindreid. Pakume ka vastavaid... <a href=\"https:\/\/hzpt.com\/agricultural-pto-gearbox\/\" target=\"_blank\" rel=\"noopener\">p\u00f5llumajanduslikud k\u00e4igukastid<\/a>. Oleme eksportinud oma tooteid klientidele \u00fcle maailma ja teeninud hea maine t\u00e4nu meie suurep\u00e4rasele tootekvaliteedile ja m\u00fc\u00fcgij\u00e4rgsele teenindusele. Me tervitame kliente kodus ja v\u00e4lismaal, et v\u00f5tta meiega \u00fchendust, et pidada l\u00e4bir\u00e4\u00e4kimisi \u00e4ri, vahetada teavet ja <a href=\"https:\/\/www.hydraulic-cylinders.net\/et\/contact-us\/\">teha meiega koost\u00f6\u00f6d<\/a>!<\/p>","protected":false},"excerpt":{"rendered":"<p>Cutter Suction Dredger Traveling Cylinders The cutter suction dredger traveling cylinders are essential components of modern dredging operations. Designed to enhance efficiency and productivity, these cylinders play a vital role in the cutter-suction dredging process. The cutter suction dredger traveling cylinders are indispensable components for efficient and productive dredging operations. With their robust construction, precise [&hellip;]<\/p>","protected":false},"featured_media":1755,"comment_status":"open","ping_status":"closed","template":"","meta":{"_et_pb_use_builder":"","_et_pb_old_content":"","_et_gb_content_width":""},"product_brand":[],"product_cat":[1550,1535,1552,1376],"product_tag":[1380],"class_list":{"0":"post-1752","1":"product","2":"type-product","3":"status-publish","4":"has-post-thumbnail","6":"product_cat-double-acting-hydraulic-cylinder","7":"product_cat-dredger-hydraulic-cylinders","8":"product_cat-stainless-steel-hydraulic-cylinder","9":"product_cat-hydraulic-cylinder","10":"product_tag-hydraulic-cylinder","12":"first","13":"instock","14":"shipping-taxable","15":"product-type-simple"},"amp_enabled":true,"_links":{"self":[{"href":"https:\/\/www.hydraulic-cylinders.net\/et\/wp-json\/wp\/v2\/product\/1752","targetHints":{"allow":["GET"]}}],"collection":[{"href":"https:\/\/www.hydraulic-cylinders.net\/et\/wp-json\/wp\/v2\/product"}],"about":[{"href":"https:\/\/www.hydraulic-cylinders.net\/et\/wp-json\/wp\/v2\/types\/product"}],"replies":[{"embeddable":true,"href":"https:\/\/www.hydraulic-cylinders.net\/et\/wp-json\/wp\/v2\/comments?post=1752"}],"wp:featuredmedia":[{"embeddable":true,"href":"https:\/\/www.hydraulic-cylinders.net\/et\/wp-json\/wp\/v2\/media\/1755"}],"wp:attachment":[{"href":"https:\/\/www.hydraulic-cylinders.net\/et\/wp-json\/wp\/v2\/media?parent=1752"}],"wp:term":[{"taxonomy":"product_brand","embeddable":true,"href":"https:\/\/www.hydraulic-cylinders.net\/et\/wp-json\/wp\/v2\/product_brand?post=1752"},{"taxonomy":"product_cat","embeddable":true,"href":"https:\/\/www.hydraulic-cylinders.net\/et\/wp-json\/wp\/v2\/product_cat?post=1752"},{"taxonomy":"product_tag","embeddable":true,"href":"https:\/\/www.hydraulic-cylinders.net\/et\/wp-json\/wp\/v2\/product_tag?post=1752"}],"curies":[{"name":"wp","href":"https:\/\/api.w.org\/{rel}","templated":true}]}}