{"id":17554,"date":"2025-03-17T07:34:13","date_gmt":"2025-03-17T07:34:13","guid":{"rendered":"https:\/\/www.hydraulic-cylinders.net\/?post_type=product&#038;p=17554"},"modified":"2025-04-11T03:15:35","modified_gmt":"2025-04-11T03:15:35","slug":"side-shift-hydraulic-cylinders-for-small-forklift","status":"publish","type":"product","link":"https:\/\/www.hydraulic-cylinders.net\/et\/toode\/side-shift-hydraulic-cylinders-for-small-forklift\/","title":{"rendered":"K\u00fclgnihutusega h\u00fcdraulilised silindrid v\u00e4ikese kahvelt\u00f5stuki jaoks"},"content":{"rendered":"<h1 style=\"text-align: center;\"><strong>K\u00fclgnihutusega h\u00fcdraulilised silindrid v\u00e4ikestele kahvelt\u00f5stukitele<\/strong><\/h1>\n<p><img loading=\"lazy\" decoding=\"async\" class=\"aligncenter wp-image-17556\" src=\"https:\/\/www.hydraulic-cylinders.net\/wp-content\/uploads\/2025\/03\/side-shift-hydraulic-cylinders-for-small-toongae-forklift.webp\" alt=\"K\u00fclgnihutusega h\u00fcdrauliline silinder v\u00e4ikestele kahvelt\u00f5stukitele\" width=\"500\" height=\"500\" srcset=\"https:\/\/www.hydraulic-cylinders.net\/wp-content\/uploads\/2025\/03\/side-shift-hydraulic-cylinders-for-small-toongae-forklift.webp 500w, https:\/\/www.hydraulic-cylinders.net\/wp-content\/uploads\/2025\/03\/side-shift-hydraulic-cylinders-for-small-toongae-forklift-480x480.webp 480w\" sizes=\"(min-width: 0px) and (max-width: 480px) 480px, (min-width: 481px) 500px, 100vw\" \/><\/p>\n<p>Meie k\u00fclgnihkega h\u00fcdrosilindrid on konstrueeritud tagama t\u00e4pse k\u00fclgmise koorma positsioneerimise, mist\u00f5ttu sobivad need ideaalselt v\u00e4ikestele kahvelt\u00f5stukitele, mis t\u00f6\u00f6tavad kitsastes ruumides. Tugeva konstruktsiooni ja lihtsa paigaldusega suurendavad need silindrid materjalik\u00e4itlust\u00f6\u00f6de efektiivsust ja ohutust.<\/p>\n<p><span class=\"break-words bg-yellow-50\">K\u00fclgnihkega h\u00fcdrosilindrid on v\u00e4ikeste kahvelt\u00f5stukite funktsionaalsuse ja tootlikkuse suurendamiseks h\u00e4davajalikud.<\/span>\u00a0<span class=\"break-words bg-yellow-50\">Need spetsiaalsed osad h\u00f5lbustavad koormate horisontaalset liikumist, v\u00f5imaldades operaatoritel kaupu t\u00e4pselt paigutada ilma kahvelt\u00f5stukit ennast \u00fcmber paigutamata.<\/span>\u00a0<span class=\"break-words bg-yellow-50\">See v\u00f5imekus on eriti kasulik kitsastes kohtades, lihtsustades materjalik\u00e4itlus\u00fclesandeid ja suurendades \u00fcldist efektiivsust.<\/span><\/p>\n<p><span class=\"break-words bg-yellow-50\">V\u00e4ikeste kahvelt\u00f5stukite puhul on k\u00fclgnihutusega h\u00fcdrosilindrid m\u00e4rkimisv\u00e4\u00e4rne edasiminek, mis suurendab oluliselt nii t\u00f5husust kui ka ohutust.<\/span>\u00a0<span class=\"break-words bg-yellow-50\">Nende v\u00f5ime tagada t\u00e4pne koorma paigutamine ja parem man\u00f6\u00f6verdusv\u00f5ime muudab need iga kahvelt\u00f5stukis\u00fcsteemi oluliseks t\u00e4ienduseks.<\/span>\u00a0<span class=\"break-words\">Regulaarsete hooldusrutiinide ja \u00f5igete t\u00f6\u00f6meetodite j\u00e4rgimisega saavad kasutajad tagada nende h\u00fcdrauliliste osade stabiilse ja usaldusv\u00e4\u00e4rse j\u00f5udluse, mille tulemuseks on suurem tootlikkus ja v\u00e4hem katkestusi.<\/span>\u00a0<span class=\"break-words\">K\u00fclgnihkega h\u00fcdrauliliste silindrite valimine on strateegiline samm oma kahvelt\u00f5stuki t\u00f6\u00f6 parandamiseks.<\/span><\/p>\n<h2><strong>V\u00e4ikese kahvelt\u00f5stuki h\u00fcdraulilise silindri seeria:\u00a0<\/strong><\/h2>\n<h2><img loading=\"lazy\" decoding=\"async\" class=\"aligncenter wp-image-17558 size-full\" src=\"https:\/\/www.hydraulic-cylinders.net\/wp-content\/uploads\/2025\/03\/forklift-hydraulic-cylinder-construction.webp\" alt=\"v\u00e4ikese kahvelt\u00f5stuki h\u00fcdrauliline silinder\" width=\"640\" height=\"358\" srcset=\"https:\/\/www.hydraulic-cylinders.net\/wp-content\/uploads\/2025\/03\/forklift-hydraulic-cylinder-construction.webp 640w, https:\/\/www.hydraulic-cylinders.net\/wp-content\/uploads\/2025\/03\/forklift-hydraulic-cylinder-construction-480x269.webp 480w\" sizes=\"(min-width: 0px) and (max-width: 480px) 480px, (min-width: 481px) 640px, 100vw\" \/><\/h2>\n<h2><strong>K\u00fclgnihutusega h\u00fcdraulilised silindrid v\u00e4ikese kahvelt\u00f5stuki jaoks <\/strong><strong>Tehnilised andmed<\/strong><strong>:<\/strong><\/h2>\n<p><strong>Funktsioon:<\/strong> Kasutatakse kahvli \u00fcldise vasakule ja paremale liikumise saavutamiseks<br \/>\n<strong>Silindri l\u00e4bim\u00f5\u00f5t:<\/strong> 50 mm<br \/>\n<strong>Varda l\u00e4bim\u00f5\u00f5t:<\/strong> 25 mm<br \/>\n<strong>Reisimine:<\/strong> 200 mm<br \/>\n<strong>Maksimaalne r\u00f5hk MPa:<\/strong> 17,5 MPa<br \/>\n<strong>Maksimaalne t\u00f5ukej\u00f5ud KN:<\/strong> 34KN<\/p>\n<h2><strong>Peamised omadused <\/strong><strong>K\u00fclgnihutusega h\u00fcdraulilised silindrid v\u00e4ikese kahvelt\u00f5stuki jaoks<\/strong><strong>:<\/strong><\/h2>\n<h3><strong>1. T\u00e4ppiskontroll<\/strong><\/h3>\n<p><strong>Laiendatud sisu<\/strong>:<br \/>\nMeie kahvelt\u00f5stukite h\u00fcdraulilised silindrid on loodud pakkuma <strong>t\u00e4pne t\u00e4psus<\/strong>\u00a0in load positioning. Whether you&#8217;re working in narrow warehouse aisles or confined construction sites, these cylinders allow operators to\u00a0<strong>reguleerige koormusi k\u00fclgsuunas<\/strong>\u00a0ilma et oleks vaja kogu kahvelt\u00f5stukit \u00fcmber paigutada. See funktsioon mitte ainult ei s\u00e4\u00e4sta aega, vaid v\u00e4hendab ka ebavajalike liigutuste p\u00f5hjustatud tootekahjustuste ohtu. Sujuvate ja reageerivate juhtimisseadmete abil saavad operaatorid saavutada\u00a0<strong>millimeetri t\u00e4psusega<\/strong>, tagades, et iga koorem paigutatakse t\u00e4pselt sinna, kuhu see peab.<\/p>\n<h3><strong>2. Vastupidav konstruktsioon<\/strong><\/h3>\n<p><strong>Laiendatud sisu<\/strong>:<br \/>\nMeie k\u00fclgnihkega h\u00fcdrosilindrid on valmistatud vastupidavast materjalist, mis on loodud vastu pidama ka k\u00f5ige raskematele t\u00f6\u00f6tingimustele.\u00a0<strong>kvaliteetsed materjalid<\/strong>, sealhulgas tugevdatud teras ja korrosioonikindlad katted. Iga balloon l\u00e4bib range testimise, et tagada selle vastupidavus\u00a0<strong>rasked koormad<\/strong>\u00a0ja\u00a0<strong>sagedane kasutamine<\/strong>\u00a0j\u00f5udlust ohverdamata. Tugev disain tagab\u00a0<strong>pikk kasutusiga<\/strong>isegi n\u00f5udlikes keskkondades, n\u00e4iteks ehitusplatsidel v\u00f5i tootmis\u00fcksustes.<\/p>\n<h3><strong>3. Lihtne paigaldus<\/strong><\/h3>\n<p><strong>Laiendatud sisu<\/strong>:<br \/>\nMeie k\u00fclgnihutusega h\u00fcdraulilised silindrid on loodud kasutajamugavust silmas pidades\u00a0<strong>t\u00e4ielikult \u00fchilduv<\/strong> v\u00e4ikeste kahvelt\u00f5stukitega. Paigaldusprotsess on lihtne ja n\u00f5uab <strong>minimaalsed t\u00f6\u00f6riistad ja seisakuaeg<\/strong>T\u00e4psed juhised ja eelnevalt puuritud kinnituspunktid muudavad tehnikutele silindrite kiire paigaldamise lihtsaks, tagades teie kahvelt\u00f5stuki kiire taas t\u00f6\u00f6lepaneku. Lisaks on meie kahvelt\u00f5stukite h\u00fcdrosilindrid loodud nii, et need integreeruvad sujuvalt olemasolevate h\u00fcdros\u00fcsteemidega, v\u00e4listades vajaduse kulukate muudatuste j\u00e4rele.<\/p>\n<h3><strong>4. Turvaelemendid<\/strong><\/h3>\n<p><strong>Laiendatud sisu<\/strong>:<br \/>\nMaterjalik\u00e4itluses on ohutus esmat\u00e4htis ja meie k\u00fclgnihkega h\u00fcdraulilised silindrid on loodud m\u00f5lema parandamiseks.\u00a0<strong>operaatori ohutus<\/strong>\u00a0ja\u00a0<strong>t\u00f6\u00f6koha efektiivsus<\/strong>T\u00e4pse k\u00fclgliikumise v\u00f5imaldamisega v\u00e4hendavad need silindrid riskantsete man\u00f6\u00f6vrite vajadust kitsastes kohtades, v\u00e4hendades oluliselt \u00f5nnetuste ohtu. Ergonoomiline disain minimeerib ka\u00a0<strong>operaatori v\u00e4simus<\/strong>, mis v\u00f5imaldab pikemaid ja produktiivsemaid vahetusi. Lisaks on silindrid varustatud\u00a0<strong>kaitseklapid<\/strong>\u00a0\u00fclekoormuse v\u00e4ltimiseks ja stabiilse t\u00f6\u00f6 tagamiseks suurte koormuste korral.<\/p>\n<h3><strong>5. Kulut\u00f5hus<\/strong><\/h3>\n<p><strong>Laiendatud sisu<\/strong>:<br \/>\nMeie k\u00fclgnihutusega h\u00fcdraulilised silindrid on konstrueeritud nii, et need oleksid\u00a0<strong>v\u00e4hese hooldusega<\/strong>\u00a0ja\u00a0<strong>v\u00e4ga usaldusv\u00e4\u00e4rne<\/strong>, mis aitab teil aja jooksul tegevuskulusid kokku hoida. Kvaliteetsete materjalide ja t\u00e4iustatud tootmistehnikate kasutamine tagab, et silindrid vajavad\u00a0<strong>minimaalne hooldus<\/strong>, samas kui nende vastupidavus v\u00e4hendab vahetuste sagedust. Lisaks v\u00f5ib nende pakutav parem efektiivsus ja t\u00e4psus kaasa tuua\u00a0<strong>m\u00e4rkimisv\u00e4\u00e4rne kulude kokkuhoid<\/strong>\u00a0in labor and material handling. By investing in our cylinders, you&#8217;re not just purchasing a product\u2014you&#8217;re investing in\u00a0<strong>pikaajaline tegevuse efektiivsus<\/strong>.<\/p>\n<h2><strong>K\u00fclgnihutusega h\u00fcdraulilised silindrid v\u00e4ikese kahvelt\u00f5stuki jaoks <\/strong><strong>Kasutusjuhud:<\/strong><\/h2>\n<p><img loading=\"lazy\" decoding=\"async\" class=\"alignnone wp-image-17572 size-full\" src=\"https:\/\/www.hydraulic-cylinders.net\/wp-content\/uploads\/2025\/03\/Side-shift-cylinder-in-action-on-a-small-Toongae-forklift.webp\" alt=\"K\u00fclgnihutussilinder t\u00f6\u00f6s v\u00e4ikesel kahvelt\u00f5stukil\" width=\"2320\" height=\"1340\" srcset=\"https:\/\/www.hydraulic-cylinders.net\/wp-content\/uploads\/2025\/03\/Side-shift-cylinder-in-action-on-a-small-Toongae-forklift.webp 2320w, https:\/\/www.hydraulic-cylinders.net\/wp-content\/uploads\/2025\/03\/Side-shift-cylinder-in-action-on-a-small-Toongae-forklift-1280x739.webp 1280w, https:\/\/www.hydraulic-cylinders.net\/wp-content\/uploads\/2025\/03\/Side-shift-cylinder-in-action-on-a-small-Toongae-forklift-980x566.webp 980w, https:\/\/www.hydraulic-cylinders.net\/wp-content\/uploads\/2025\/03\/Side-shift-cylinder-in-action-on-a-small-Toongae-forklift-480x277.webp 480w\" sizes=\"(min-width: 0px) and (max-width: 480px) 480px, (min-width: 481px) and (max-width: 980px) 980px, (min-width: 981px) and (max-width: 1280px) 1280px, (min-width: 1281px) 2320px, 100vw\" \/><\/p>\n<ul>\n<li><strong>Ladustamine<\/strong>Ideaalne kitsaste vahek\u00e4ikude ja suure tihedusega ladustamise jaoks.<\/li>\n<li><strong>Ehitus<\/strong>Ideaalne materjali t\u00e4pseks paigutamiseks ehitusplatsidel.<\/li>\n<li><strong>Tootmine<\/strong>Suurendab konveieri t\u00f6\u00f6 efektiivsust.<\/li>\n<\/ul>\n<h3><strong>Kuidas k\u00fclgnihutusega h\u00fcdraulilised silindrid t\u00f6\u00f6tavad?<\/strong><\/h3>\n<p>K\u00fclgnihutusega h\u00fcdraulilised silindrid t\u00f6\u00f6tavad, kasutades <strong>h\u00fcdrauliline r\u00f5hk<\/strong>\u00a0to move the forklift&#8217;s carriage laterally. When the operator activates the control lever, hydraulic fluid is pumped into the cylinder, pushing the piston and causing the carriage to shift left or right. This lateral movement allows for\u00a0<strong>t\u00e4pne koorma positsioneerimine<\/strong>\u00a0ilma et oleks vaja kogu kahvelt\u00f5stukit \u00fcmber paigutada. S\u00fcsteem on loodud olema\u00a0<strong>sujuv ja reageeriv<\/strong>, tagades operaatori minimaalse pingutuse ja maksimeerides t\u00e4psuse.<\/p>\n<p><strong>P\u00f5hikomponendid<\/strong>:<\/p>\n<ul>\n<li><strong>Silindri t\u00fcnn<\/strong>: Mahutab kolbi ja h\u00fcdraulilist vedelikku.<\/li>\n<li><strong>Kolvivarras<\/strong>: Edastab j\u00f5udu kelgu liigutamiseks.<\/li>\n<li><strong>H\u00fcdraulilised tihendid<\/strong>: V\u00e4ltige vedeliku lekkeid ja tagage t\u00f5hus t\u00f6\u00f6.<\/li>\n<li><strong>Juhtventiil<\/strong>Reguleerib h\u00fcdraulikavedeliku voolu t\u00e4pse liikumise tagamiseks.<\/li>\n<\/ul>\n<h2><strong>Kahvelt\u00f5stuki silindrite tootmispiirkond:<\/strong><\/h2>\n<h2><img loading=\"lazy\" decoding=\"async\" class=\"alignnone size-full wp-image-16972\" src=\"https:\/\/www.hydraulic-cylinders.net\/wp-content\/uploads\/2025\/01\/hydraulic-cylinder-factory-1-scaled.webp\" alt=\"\" width=\"2016\" height=\"2560\" srcset=\"https:\/\/www.hydraulic-cylinders.net\/wp-content\/uploads\/2025\/01\/hydraulic-cylinder-factory-1-scaled.webp 2016w, https:\/\/www.hydraulic-cylinders.net\/wp-content\/uploads\/2025\/01\/hydraulic-cylinder-factory-1-1280x1625.webp 1280w, https:\/\/www.hydraulic-cylinders.net\/wp-content\/uploads\/2025\/01\/hydraulic-cylinder-factory-1-980x1244.webp 980w, https:\/\/www.hydraulic-cylinders.net\/wp-content\/uploads\/2025\/01\/hydraulic-cylinder-factory-1-480x610.webp 480w\" sizes=\"(min-width: 0px) and (max-width: 480px) 480px, (min-width: 481px) and (max-width: 980px) 980px, (min-width: 981px) and (max-width: 1280px) 1280px, (min-width: 1281px) 2016px, 100vw\" \/><\/h2>\n<p>Meil on esmaklassiline s\u00f5ltumatu teadus- ja arendusplatvorm montaa\u017eiks. Kahvelt\u00f5stuki silindrite tootmist\u00f6\u00f6kojas on neli poolautomaatset t\u00f5stesilindrite montaa\u017eiliini ja t\u00e4isautomaatne kallutussilindrite montaa\u017eiliin, mille projekteeritud aastane tootmisv\u00f5imsus on miljon t\u00fckki. Spetsiaalses silindrite t\u00f6\u00f6kojas on erineva spetsifikatsiooniga poolautomaatsed puhastus- ja montaa\u017eis\u00fcsteemid, mille projekteeritud aastane tootmisv\u00f5imsus on 200 000 t\u00fckki. See on varustatud tuntud kaubam\u00e4rgi CNC-t\u00f6\u00f6tlemisseadmetega, t\u00f6\u00f6tlemiskeskustega, spetsiaalseadmetega silindrite \u00fclit\u00e4pseks t\u00f6\u00f6tlemiseks, robotkeevitusmasinatega, automaatsete puhastusmasinatega, automaatsete silindrite montaa\u017eimasinatega ja automaatsete v\u00e4rvimisliinidega. Meil \u200b\u200bt\u00f6\u00f6tab \u00fcle 300 komplekti v\u00f5tmeseadmeid. Seadmete ressursside optimeeritud jaotus ja t\u00f5hus kasutamine tagavad toodete t\u00e4psusn\u00f5uded ja vastavuse toodete k\u00f5rgetele kvaliteedin\u00f5uetele.<\/p>\n<p>T\u00f6\u00f6tlemistsehh on varustatud eritellimusel valmistatud kaldr\u00f6\u00f6baste treikeskuste, t\u00f6\u00f6tlemiskeskuste, kiirete hoonimismasinate, keevitusrobotite ja muude asjakohaste seadmetega, mis suudavad t\u00f6\u00f6delda silindritorusid maksimaalse sisediameetriga 400 mm ja maksimaalse pikkusega 6 meetrit.<\/p>\n<h2><img loading=\"lazy\" decoding=\"async\" class=\"alignnone size-full wp-image-16973\" src=\"https:\/\/www.hydraulic-cylinders.net\/wp-content\/uploads\/2025\/01\/hydraulic-cylinder-factory-2-scaled.webp\" alt=\"\" width=\"2011\" height=\"2560\" srcset=\"https:\/\/www.hydraulic-cylinders.net\/wp-content\/uploads\/2025\/01\/hydraulic-cylinder-factory-2-scaled.webp 2011w, https:\/\/www.hydraulic-cylinders.net\/wp-content\/uploads\/2025\/01\/hydraulic-cylinder-factory-2-1280x1629.webp 1280w, https:\/\/www.hydraulic-cylinders.net\/wp-content\/uploads\/2025\/01\/hydraulic-cylinder-factory-2-980x1248.webp 980w, https:\/\/www.hydraulic-cylinders.net\/wp-content\/uploads\/2025\/01\/hydraulic-cylinder-factory-2-480x611.webp 480w\" sizes=\"(min-width: 0px) and (max-width: 480px) 480px, (min-width: 481px) and (max-width: 980px) 980px, (min-width: 981px) and (max-width: 1280px) 1280px, (min-width: 1281px) 2011px, 100vw\" \/><\/h2>\n<p>Meil on t\u00e4isautomaatne vesialusel v\u00e4rvimisliin v\u00e4ikeste ja keskmiste balloonide jaoks, mis rakendab automaatseid laadimis- ja mahalaadimisroboteid ning automaatseid pihustusroboteid kavandatud tootmisv\u00f5imsusega 4000 kohta vahetuses. Meil \u200b\u200bon teine \u200b\u200bpoolautomaatne v\u00e4rvimisliin suurte balloonide jaoks, mida k\u00e4itab j\u00f5ukett, mille kavandatud tootmisv\u00f5imsus on 60 kasti vahetuses.<\/p>\n<p>Toote toimivuse edasiseks parandamiseks ja meie h\u00fcdrauliliste silindrite juhtpositsiooni kindlustamiseks t\u00f6\u00f6stuses asutasid meie ettev\u00f5te ja zjimee \u00fchiselt h\u00fcdrauliliste silindrite, h\u00fcdrauliliste ventiilide ja h\u00fcdrauliliste pumpade tervikliku j\u00f5udluslabori; laboris tehakse arvuti abil elektroh\u00fcdraulilise tehnoloogia abil katsetingimusi, mis on arvuti abil eelnevalt seadistatud, mis parandab katse t\u00e4psust ja s\u00fcsteemi mitmek\u00fclgsust ning eksperimentaalseid andmeid.<\/p>\n<p>Automaatne kogumine toimub andurite abil ning v\u00e4ljundandmed, n\u00e4iteks silindri v\u00f5i klapi sisemine leke ja koormust\u00f5husus, t\u00f6\u00f6deldakse otse arvuti poolt ja teisendatakse standard\u00fchikuteks (ml\/min%). Samal ajal teostatakse h\u00fcdraulikas\u00fcsteemi t\u00f6\u00f6ohutuse tagamiseks oleku j\u00e4lgimise funktsiooni selliste oluliste j\u00f5udlusparameetrite jaoks nagu \u201e\u00f5li temperatuuri j\u00e4lgimine, vedeliku taseme j\u00e4lgimine, filtriseadme j\u00e4lgimine\u201c jne. Nende hulgas saab h\u00fcdraulikasilindri katsestend testida \u201ekoormuse\u201c j\u00f5udlust.<br \/>\nefektiivsust \u201eja\u201c siseleket\u201d n\u00e4itude abil. Samal ajal on see varustatud v\u00f5rega m\u00f5\u00f5tevahendiga, mis vastab k\u00f5igi h\u00fcdrauliliste silindrite toodete katseobjektide n\u00f5uetele vastavalt riiklikule standardile.<\/p>\n<h3><strong>KKK jaotis:<\/strong><\/h3>\n<p><strong>K: Kas need silindrid \u00fchilduvad k\u00f5igi kahvelt\u00f5stukite mudelitega?<\/strong><br \/>\nV: Jah, need on spetsiaalselt loodud v\u00e4ikestele kahvelt\u00f5stukitele. Palun kontrollige \u00fchilduvuse tagamiseks mudelinumbrit.<\/p>\n<p><strong>K: Milline on garantiiaeg?<\/strong><br \/>\nA: Pakume k\u00f5igile k\u00fclgnihkega h\u00fcdrosilindritele 2-aastast garantiid.<\/p>\n<p><strong>K: Kas ma saan silindri ise paigaldada?<\/strong><br \/>\nV: Jah, balloonidega on kaasas h\u00f5lpsasti j\u00e4rgitav paigaldusjuhend. Optimaalse j\u00f5udluse tagamiseks on siiski soovitatav lasta need paigaldada professionaalsel spetsialistil.<\/p>","protected":false},"excerpt":{"rendered":"<p>Side Shift Hydraulic Cylinders For Small Forklifts Our side shift hydraulic cylinders are engineered to provide precise lateral load positioning, making them ideal for small forklifts operating in confined spaces. With a robust design and easy installation, these cylinders enhance efficiency and safety in material handling tasks. Side shift hydraulic cylinders are indispensable for enhancing [&hellip;]<\/p>","protected":false},"featured_media":17557,"comment_status":"open","ping_status":"closed","template":"","meta":{"_et_pb_use_builder":"","_et_pb_old_content":"","_et_gb_content_width":""},"product_brand":[],"product_cat":[1484,1550],"product_tag":[],"class_list":{"0":"post-17554","1":"product","2":"type-product","3":"status-publish","4":"has-post-thumbnail","6":"product_cat-forklift-hydraulic-cylinders","7":"product_cat-double-acting-hydraulic-cylinder","9":"first","10":"instock","11":"shipping-taxable","12":"product-type-simple"},"amp_enabled":true,"_links":{"self":[{"href":"https:\/\/www.hydraulic-cylinders.net\/et\/wp-json\/wp\/v2\/product\/17554","targetHints":{"allow":["GET"]}}],"collection":[{"href":"https:\/\/www.hydraulic-cylinders.net\/et\/wp-json\/wp\/v2\/product"}],"about":[{"href":"https:\/\/www.hydraulic-cylinders.net\/et\/wp-json\/wp\/v2\/types\/product"}],"replies":[{"embeddable":true,"href":"https:\/\/www.hydraulic-cylinders.net\/et\/wp-json\/wp\/v2\/comments?post=17554"}],"wp:featuredmedia":[{"embeddable":true,"href":"https:\/\/www.hydraulic-cylinders.net\/et\/wp-json\/wp\/v2\/media\/17557"}],"wp:attachment":[{"href":"https:\/\/www.hydraulic-cylinders.net\/et\/wp-json\/wp\/v2\/media?parent=17554"}],"wp:term":[{"taxonomy":"product_brand","embeddable":true,"href":"https:\/\/www.hydraulic-cylinders.net\/et\/wp-json\/wp\/v2\/product_brand?post=17554"},{"taxonomy":"product_cat","embeddable":true,"href":"https:\/\/www.hydraulic-cylinders.net\/et\/wp-json\/wp\/v2\/product_cat?post=17554"},{"taxonomy":"product_tag","embeddable":true,"href":"https:\/\/www.hydraulic-cylinders.net\/et\/wp-json\/wp\/v2\/product_tag?post=17554"}],"curies":[{"name":"wp","href":"https:\/\/api.w.org\/{rel}","templated":true}]}}