{"id":17579,"date":"2025-03-18T05:32:03","date_gmt":"2025-03-18T05:32:03","guid":{"rendered":"https:\/\/www.hydraulic-cylinders.net\/?post_type=product&#038;p=17579"},"modified":"2025-04-11T03:15:32","modified_gmt":"2025-04-11T03:15:32","slug":"side-shift-hydraulic-cylinders-large-forklift","status":"publish","type":"product","link":"https:\/\/www.hydraulic-cylinders.net\/et\/toode\/side-shift-hydraulic-cylinders-large-forklift\/","title":{"rendered":"K\u00fclgnihutusega h\u00fcdraulilised silindrid suurele kahvelt\u00f5stukile"},"content":{"rendered":"<h1 style=\"text-align: center;\"><strong>K\u00fclgnihutusega h\u00fcdraulilised silindrid suurele kahvelt\u00f5stukile<\/strong><\/h1>\n<p>Otsin usaldusv\u00e4\u00e4rset ja t\u00f5husat\u00a0<strong>K\u00fclgnihutusega h\u00fcdraulilised silindrid suurtele kahvelt\u00f5stukitele<\/strong>Meie suure j\u00f5udlusega\u00a0<strong>Kahvelt\u00f5stuki k\u00fclgnihutamise h\u00fcdraulilised silindrid<\/strong>\u00a0on loodud vastama kompaktsete kahvelt\u00f5stukite n\u00f5udmistele, pakkudes t\u00e4pset k\u00fclgnihutamist parema man\u00f6\u00f6verdusv\u00f5ime tagamiseks kitsastes kohtades. Ehitatud\u00a0<strong>vastupidav konstruktsioon<\/strong>, need silindrid tagavad pikaajalise j\u00f5udluse isegi k\u00f5ige raskemates t\u00f6\u00f6tingimustes.<\/p>\n<p>Kas teil on vaja\u00a0<strong>Kompaktsed kahvelt\u00f5stuki k\u00fclgnihutusega silindrid<\/strong>\u00a0Kergemate t\u00f6\u00f6de tegemiseks v\u00f5i taskukohaste lahenduste jaoks teie laevastikule, meie tooted on\u00a0<strong>lihtne paigaldada ja hooldada<\/strong>, v\u00e4hendades oluliselt seisakuid ja suurendades tootlikkust. Valige j\u00e4rgmiste hulgast\u00a0<strong>Parimad h\u00fcdraulilised silindrid suurtele kahvelt\u00f5stukitele<\/strong>\u00a0mis \u00fchendavad endas kvaliteedi, vastupidavuse ja taskukohasuse.<\/p>\n<p>T\u00e4ienda oma t\u00f5stukit juba t\u00e4na meie toodetega\u00a0<strong>Vastupidavad k\u00fclgnihkega h\u00fcdraulilised silindrid kergkahvelt\u00f5stukitele<\/strong>\u00a0ja kogege v\u00f5rratut t\u00f5husust ja t\u00f6\u00f6kindlust!<\/p>\n<h1 style=\"text-align: center;\"><img loading=\"lazy\" decoding=\"async\" class=\"alignnone wp-image-17586\" src=\"https:\/\/www.hydraulic-cylinders.net\/wp-content\/uploads\/2025\/03\/Side-shift-hydraulic-cylinders-for-large-forklift-1.webp\" alt=\"K\u00fclgnihutusega h\u00fcdrauliline silinder v\u00e4ikese kahvelt\u00f5stuki jaoks\" width=\"500\" height=\"500\" srcset=\"https:\/\/www.hydraulic-cylinders.net\/wp-content\/uploads\/2025\/03\/Side-shift-hydraulic-cylinders-for-large-forklift-1.webp 500w, https:\/\/www.hydraulic-cylinders.net\/wp-content\/uploads\/2025\/03\/Side-shift-hydraulic-cylinders-for-large-forklift-1-480x480.webp 480w\" sizes=\"(min-width: 0px) and (max-width: 480px) 480px, (min-width: 481px) 500px, 100vw\" \/><\/h1>\n<p style=\"text-align: center;\"><strong>K\u00fclgnihutusega silinder suurele kahvelt\u00f5stukile<\/strong><\/p>\n<h2><strong>K\u00fclgnihutusega h\u00fcdraulilised silindrid suurele kahvelt\u00f5stukile <\/strong><strong>Tehnilised andmed<\/strong><strong>:<\/strong><\/h2>\n<p><strong>Funktsioon:<\/strong> Kasutatakse kahvli \u00fcldise vasakule ja paremale liikumise saavutamiseks<br \/>\n<strong>Silindri l\u00e4bim\u00f5\u00f5t:<\/strong> 70\u2013120 mm<br \/>\n<strong>Varda l\u00e4bim\u00f5\u00f5t:<\/strong> 30\u201360 mm<br \/>\n<strong>Reisimine:<\/strong> 300\u20131025 mm<br \/>\n<strong>Maksimaalne r\u00f5hk:<\/strong> 21MPa<br \/>\n<strong>Maksimaalne t\u00f5ukej\u00f5ud:<\/strong> 238 kN<\/p>\n<h2><strong>Suurte kahvelt\u00f5stukite h\u00fcdrauliliste silindrite seeria:\u00a0<\/strong><\/h2>\n<h2><img loading=\"lazy\" decoding=\"async\" class=\"alignnone size-full wp-image-17582\" src=\"https:\/\/www.hydraulic-cylinders.net\/wp-content\/uploads\/2025\/03\/large-forklift-hydraulic-cylinder-construction.webp\" alt=\"\" width=\"1100\" height=\"615\" srcset=\"https:\/\/www.hydraulic-cylinders.net\/wp-content\/uploads\/2025\/03\/large-forklift-hydraulic-cylinder-construction.webp 1100w, https:\/\/www.hydraulic-cylinders.net\/wp-content\/uploads\/2025\/03\/large-forklift-hydraulic-cylinder-construction-980x548.webp 980w, https:\/\/www.hydraulic-cylinders.net\/wp-content\/uploads\/2025\/03\/large-forklift-hydraulic-cylinder-construction-480x268.webp 480w\" sizes=\"(min-width: 0px) and (max-width: 480px) 480px, (min-width: 481px) and (max-width: 980px) 980px, (min-width: 981px) 1100px, 100vw\" \/><\/h2>\n<h2><strong>Peamised omadused\u00a0<\/strong><strong>K\u00fclgnihkega h\u00fcdraulilised silindrid <\/strong><strong>Suur <\/strong><strong>Kahvelt\u00f5stuk<\/strong><strong>:<\/strong><\/h2>\n<p>Meie\u00a0<strong>K\u00fclgnihutusega h\u00fcdraulilised silindrid suurtele kahvelt\u00f5stukitele<\/strong>\u00a0on loodud pakkuma erakordset j\u00f5udlust ja t\u00f6\u00f6kindlust k\u00f5ige n\u00f5udlikumates t\u00f6\u00f6stuskeskkondades. Siin on, mis neid eristab:<\/p>\n<ul>\n<li><strong>T\u00e4pne k\u00fclgnihutamine<\/strong>Spetsiaalselt suurtele kahvelt\u00f5stukitele loodud silindrid tagavad t\u00e4pse ja sujuva k\u00fclgnihke, suurendades man\u00f6\u00f6verdusv\u00f5imet ja t\u00f5husust rasketes t\u00f6\u00f6des.<\/li>\n<li><strong>Vastupidav konstruktsioon<\/strong>: Valmistatud kvaliteetsetest materjalidest, meie\u00a0<strong>H\u00fcdraulilised silindrid suure kahvelt\u00f5stuki k\u00fclgnihutamiseks<\/strong>\u00a0on loodud vastu pidama ekstreemsetele tingimustele, tagades pikaajalise j\u00f5udluse ja minimaalse kulumise.<\/li>\n<li><strong>Lihtne paigaldus ja hooldus<\/strong>Kasutajas\u00f5braliku disainiga\u00a0<strong>Raskeveokite kahvelt\u00f5stukite k\u00fclgnihutussilindrid<\/strong>\u00a0on kiire paigaldada ja lihtne hooldada, v\u00e4hendades seisakuid ja maksimeerides tootlikkust.<\/li>\n<li><strong>Optimeeritud raskeks kasutamiseks<\/strong>Suurtele kahvelt\u00f5stukitele kohandatud silindrid sobivad ideaalselt t\u00f6\u00f6stuslikuks kasutamiseks, pakkudes v\u00f5rratut tugevust ja t\u00f6\u00f6kindlust.<\/li>\n<li><strong>Kulut\u00f5hus lahendus<\/strong>: \u00dchena k\u00f5ige\u00a0<strong>taskukohased k\u00fclgnihkesilindrid raskeveokite kahvelt\u00f5stukitele<\/strong>, pakuvad meie tooted erakordset v\u00e4\u00e4rtust ilma kvaliteeti ohverdamata.<\/li>\n<\/ul>\n<p>T\u00e4ienda oma suurt kahvelt\u00f5stukit meie tootega\u00a0<strong>K\u00fclgnihutusega h\u00fcdraulilised silindrid suurtele kahvelt\u00f5stukitele<\/strong>\u00a0ja kogege suurep\u00e4rast j\u00f5udlust, vastupidavust ja kasutusmugavust!<\/p>\n<h2><strong>Kasutusjuhud: K\u00fclgnihkega h\u00fcdraulilised silindrid suurtele kahvelt\u00f5stukitele:<\/strong><\/h2>\n<p>Meie\u00a0<strong>K\u00fclgnihutusega h\u00fcdraulilised silindrid suurtele kahvelt\u00f5stukitele<\/strong>\u00a0on loodud vastama raskeveokite t\u00f6\u00f6stusrakenduste n\u00f5udmistele. Siin on m\u00f5ned peamised kasutusjuhud, kus need silindrid on suurep\u00e4rased:<\/p>\n<h3><strong>1. Laooperatsioonid<\/strong><\/h3>\n<p><img loading=\"lazy\" decoding=\"async\" class=\"alignnone size-full wp-image-17583\" src=\"https:\/\/www.hydraulic-cylinders.net\/wp-content\/uploads\/2025\/03\/heavy-duty-forklift-side-shift-cylinder-application.webp\" alt=\"K\u00fclgnihutusega h\u00fcdrauliline silinder suurele kahvelt\u00f5stukile laos\" width=\"2320\" height=\"1340\" srcset=\"https:\/\/www.hydraulic-cylinders.net\/wp-content\/uploads\/2025\/03\/heavy-duty-forklift-side-shift-cylinder-application.webp 2320w, https:\/\/www.hydraulic-cylinders.net\/wp-content\/uploads\/2025\/03\/heavy-duty-forklift-side-shift-cylinder-application-1280x739.webp 1280w, https:\/\/www.hydraulic-cylinders.net\/wp-content\/uploads\/2025\/03\/heavy-duty-forklift-side-shift-cylinder-application-980x566.webp 980w, https:\/\/www.hydraulic-cylinders.net\/wp-content\/uploads\/2025\/03\/heavy-duty-forklift-side-shift-cylinder-application-480x277.webp 480w\" sizes=\"(min-width: 0px) and (max-width: 480px) 480px, (min-width: 481px) and (max-width: 980px) 980px, (min-width: 981px) and (max-width: 1280px) 1280px, (min-width: 1281px) 2320px, 100vw\" \/><\/p>\n<ul>\n<li><strong>T\u00e4pne k\u00fclgnihutamine<\/strong>Tihedas laos on meie\u00a0<strong>H\u00fcdraulilised silindrid suure kahvelt\u00f5stuki k\u00fclgnihutamiseks<\/strong>\u00a0v\u00f5imaldavad operaatoritel raskeid koormaid t\u00e4pselt man\u00f6\u00f6verdada isegi kitsastes vahek\u00e4ikudes ja ruumides.<\/li>\n<li><strong>Parem efektiivsus<\/strong>Kahvelt\u00f5stuki paindlikkust suurendades aitavad need silindrid laadimis- ja mahalaadimisprotsesse sujuvamaks muuta, v\u00e4hendades seisakuid.<\/li>\n<\/ul>\n<h3><strong>2. Ehitusplatsid<\/strong><\/h3>\n<ul>\n<li><strong>Vastupidav konstruktsioon<\/strong>: Meie loodud taluma karme tingimusi\u00a0<strong>Raskeveokite kahvelt\u00f5stukite k\u00fclgnihutussilindrid<\/strong>\u00a0sobivad ideaalselt ehitusplatsidele, kus seadmed puutuvad kokku tolmu, prahi ja raskete koormustega.<\/li>\n<li><strong>Usaldusv\u00e4\u00e4rne j\u00f5udlus<\/strong>Need silindrid tagavad \u00fchtlase j\u00f5udluse isegi mahukate materjalide, n\u00e4iteks terastalade v\u00f5i betoonplokkide k\u00e4itlemisel.<\/li>\n<\/ul>\n<h3><strong>3. Tootmisrajatised<\/strong><\/h3>\n<ul>\n<li><strong>Lihtne paigaldus ja hooldus<\/strong>Tootmiskeskkondades, kus seisakud v\u00f5ivad olla kulukad, on meie k\u00fclgnihkega silindrid kiirelt paigaldatavad ja h\u00f5lpsasti hooldatavad, tagades minimaalsed katkestused tootmisgraafikus.<\/li>\n<li><strong>T\u00e4iustatud ohutus<\/strong>Nende silindrite pakutav t\u00e4pne juhtimine v\u00e4hendab \u00f5nnetuste ohtu raskete masinate v\u00f5i materjalide teisaldamisel.<\/li>\n<\/ul>\n<h3><strong>4. Logistika- ja jaotuskeskused<\/strong><\/h3>\n<ul>\n<li><strong>Tugevdatud konstruktsioon<\/strong>Meie\u00a0<strong>K\u00fclgnihutusega h\u00fcdraulilised silindrid suurtele kahvelt\u00f5stukitele<\/strong>\u00a0sobivad ideaalselt kaubaaluste, konteinerite ja \u00fclegabariidiliste koormate k\u00e4itlemiseks suuremahulistes jaotuskeskustes.<\/li>\n<li><strong>Kulut\u00f5hus lahendus<\/strong>Kahvelt\u00f5stukite efektiivsuse parandamise ja hooldusvajaduse v\u00e4hendamise abil aitavad need silindrid aja jooksul tegevuskulusid v\u00e4hendada.<\/li>\n<\/ul>\n<h4><strong>5. Sadamad ja laevatehased<\/strong><\/h4>\n<ul>\n<li><strong>Pikaajaline j\u00f5udlus<\/strong>Need silindrid on loodud raskeks kasutamiseks ja sobivad ideaalselt sadamaoperatsioonideks, kus kahvelt\u00f5stukid liigutavad pidevalt suuri konteinereid ja rasket lasti.<\/li>\n<li><strong>Ilmastikukindel disain<\/strong>Vastupidav konstruktsioon tagab usaldusv\u00e4\u00e4rse j\u00f5udluse v\u00e4litingimustes, isegi keerulistes ilmastikutingimustes.<\/li>\n<\/ul>\n<h4><strong>6. Ringlussev\u00f5tt ja j\u00e4\u00e4tmek\u00e4itlus<\/strong><\/h4>\n<ul>\n<li><strong>Tugev ja usaldusv\u00e4\u00e4rne<\/strong>Meie\u00a0<strong>Raskeveokite kahvelt\u00f5stukite k\u00fclgnihutussilindrid<\/strong>\u00a0on ehitatud vastu pidama ringlussev\u00f5turajatiste raskustele, kus kahvelt\u00f5stukid liigutavad raskeid palle ringlussev\u00f5etavaid materjale.<\/li>\n<li><strong>V\u00e4hendatud seisakuaeg<\/strong>Lihtsad hooldus- ja remondifunktsioonid tagavad seadmete t\u00f6\u00f6korras p\u00fcsimise isegi n\u00f5udlikes j\u00e4\u00e4tmek\u00e4itluskeskkondades.<\/li>\n<\/ul>\n<h2><strong>Miks valida meie k\u00fclgnihkega h\u00fcdraulilised silindrid?<\/strong><\/h2>\n<p>Kui asi puudutab\u00a0<strong>kahvelt\u00f5stuki lisaseadmed<\/strong>, meie\u00a0<strong>K\u00fclgnihutusega h\u00fcdraulilised silindrid suurtele kahvelt\u00f5stukitele<\/strong>\u00a0on m\u00e4ngumuutjad. Need silindrid, mis on loodud j\u00f5udluse ja efektiivsuse optimeerimiseks, on ideaalne t\u00e4iendus teie rasketehnikale.<\/p>\n<ul>\n<li><strong>T\u00e4pne k\u00fclgnihutamine<\/strong>Suurte kahvelt\u00f5stukite jaoks loodud silindrid tagavad sujuva ja t\u00e4pse k\u00fclgnihke, mist\u00f5ttu sobivad need ideaalselt raskete koormate k\u00e4sitsemiseks kitsastes kohtades.<\/li>\n<li><strong>Vastupidav konstruktsioon<\/strong>Ehitatud kestma, meie\u00a0<strong>H\u00fcdraulilised silindrid suure kahvelt\u00f5stuki k\u00fclgnihutamiseks<\/strong>\u00a0on valmistatud kvaliteetsetest materjalidest, tagades usaldusv\u00e4\u00e4rse j\u00f5udluse isegi k\u00f5ige raskemates t\u00f6\u00f6stuskeskkondades.<\/li>\n<li><strong>Lihtne paigaldus ja hooldus<\/strong>Need on loodud kasutajamugavust silmas pidades\u00a0<strong>Raskeveokite kahvelt\u00f5stukite k\u00fclgnihutussilindrid<\/strong>\u00a0on kiirelt paigaldatavad ja h\u00f5lpsasti hooldatavad, v\u00e4hendades seisakuid ja tagades teie tegevuse sujuva toimimise.<\/li>\n<\/ul>\n<p>Kas otsite vastupidavaid kahvelt\u00f5stuki silindreid? Vaadake meie <a href=\"https:\/\/www.hydraulic-cylinders.net\/et\/forklift-hydraulic-cylinder\/\">Raskeveokite h\u00fcdraulilised silindrid<\/a>.<\/p>\n<h3><strong>Ideaalne t\u00f5stukite hoolduseks ja remondiks<\/strong><\/h3>\n<p>Kas te t\u00e4idate rutiini\u00a0<strong>kahvelt\u00f5stuki hooldus<\/strong>\u00a0v\u00f5i vajate usaldusv\u00e4\u00e4rset lahendust\u00a0<strong>h\u00fcdraulilise silindri remont<\/strong>Meie k\u00fclgnihkesilindrid on loodud minimeerima katkestusi ja pikendama teie seadmete eluiga. Nende vastupidav konstruktsioon tagab, et need suudavad hakkama saada rasketes rakendustes, muutes need t\u00f6\u00f6stuslikuks kasutamiseks kulut\u00f5husaks valikuks.<\/p>\n<h2><strong>Kahvelt\u00f5stuki silindrite tootmispiirkond:<\/strong><\/h2>\n<h2><img loading=\"lazy\" decoding=\"async\" class=\"alignnone size-full wp-image-16972\" src=\"https:\/\/www.hydraulic-cylinders.net\/wp-content\/uploads\/2025\/01\/hydraulic-cylinder-factory-1-scaled.webp\" sizes=\"(min-width: 0px) and (max-width: 480px) 480px, (min-width: 481px) and (max-width: 980px) 980px, (min-width: 981px) and (max-width: 1280px) 1280px, (min-width: 1281px) 2016px, 100vw\" srcset=\"https:\/\/www.hydraulic-cylinders.net\/wp-content\/uploads\/2025\/01\/hydraulic-cylinder-factory-1-scaled.webp 2016w, https:\/\/www.hydraulic-cylinders.net\/wp-content\/uploads\/2025\/01\/hydraulic-cylinder-factory-1-1280x1625.webp 1280w, https:\/\/www.hydraulic-cylinders.net\/wp-content\/uploads\/2025\/01\/hydraulic-cylinder-factory-1-980x1244.webp 980w, https:\/\/www.hydraulic-cylinders.net\/wp-content\/uploads\/2025\/01\/hydraulic-cylinder-factory-1-480x610.webp 480w\" alt=\"\" width=\"2016\" height=\"2560\" \/><\/h2>\n<p>Meil on esmaklassiline s\u00f5ltumatu teadus- ja arendusplatvorm montaa\u017eiks. Kahvelt\u00f5stuki silindrite tootmist\u00f6\u00f6kojas on neli poolautomaatset t\u00f5stesilindrite montaa\u017eiliini ja t\u00e4isautomaatne kallutussilindrite montaa\u017eiliin, mille projekteeritud aastane tootmisv\u00f5imsus on miljon t\u00fckki. Spetsiaalses silindrite t\u00f6\u00f6kojas on erineva spetsifikatsiooniga poolautomaatsed puhastus- ja montaa\u017eis\u00fcsteemid, mille projekteeritud aastane tootmisv\u00f5imsus on 200 000 t\u00fckki. See on varustatud tuntud kaubam\u00e4rgi CNC-t\u00f6\u00f6tlemisseadmetega, t\u00f6\u00f6tlemiskeskustega, spetsiaalseadmetega silindrite \u00fclit\u00e4pseks t\u00f6\u00f6tlemiseks, robotkeevitusmasinatega, automaatsete puhastusmasinatega, automaatsete silindrite montaa\u017eimasinatega ja automaatsete v\u00e4rvimisliinidega. Meil \u200b\u200bt\u00f6\u00f6tab \u00fcle 300 komplekti v\u00f5tmeseadmeid. Seadmete ressursside optimeeritud jaotus ja t\u00f5hus kasutamine tagavad toodete t\u00e4psusn\u00f5uded ja vastavuse toodete k\u00f5rgetele kvaliteedin\u00f5uetele.<\/p>\n<p>T\u00f6\u00f6tlemistsehh on varustatud eritellimusel valmistatud kaldr\u00f6\u00f6baste treikeskuste, t\u00f6\u00f6tlemiskeskuste, kiirete hoonimismasinate, keevitusrobotite ja muude asjakohaste seadmetega, mis suudavad t\u00f6\u00f6delda silindritorusid maksimaalse sisediameetriga 400 mm ja maksimaalse pikkusega 6 meetrit.<\/p>\n<h2><img loading=\"lazy\" decoding=\"async\" class=\"alignnone size-full wp-image-16973\" src=\"https:\/\/www.hydraulic-cylinders.net\/wp-content\/uploads\/2025\/01\/hydraulic-cylinder-factory-2-scaled.webp\" sizes=\"(min-width: 0px) and (max-width: 480px) 480px, (min-width: 481px) and (max-width: 980px) 980px, (min-width: 981px) and (max-width: 1280px) 1280px, (min-width: 1281px) 2011px, 100vw\" srcset=\"https:\/\/www.hydraulic-cylinders.net\/wp-content\/uploads\/2025\/01\/hydraulic-cylinder-factory-2-scaled.webp 2011w, https:\/\/www.hydraulic-cylinders.net\/wp-content\/uploads\/2025\/01\/hydraulic-cylinder-factory-2-1280x1629.webp 1280w, https:\/\/www.hydraulic-cylinders.net\/wp-content\/uploads\/2025\/01\/hydraulic-cylinder-factory-2-980x1248.webp 980w, https:\/\/www.hydraulic-cylinders.net\/wp-content\/uploads\/2025\/01\/hydraulic-cylinder-factory-2-480x611.webp 480w\" alt=\"\" width=\"2011\" height=\"2560\" \/><\/h2>\n<p>Meil on t\u00e4isautomaatne vesialusel v\u00e4rvimisliin v\u00e4ikeste ja keskmiste balloonide jaoks, mis rakendab automaatseid laadimis- ja mahalaadimisroboteid ning automaatseid pihustusroboteid kavandatud tootmisv\u00f5imsusega 4000 kohta vahetuses. Meil \u200b\u200bon teine \u200b\u200bpoolautomaatne v\u00e4rvimisliin suurte balloonide jaoks, mida k\u00e4itab j\u00f5ukett, mille kavandatud tootmisv\u00f5imsus on 60 kasti vahetuses.<\/p>\n<p>Toote toimivuse edasiseks parandamiseks ja meie h\u00fcdrauliliste silindrite juhtpositsiooni kindlustamiseks t\u00f6\u00f6stuses asutasid meie ettev\u00f5te ja zjimee \u00fchiselt h\u00fcdrauliliste silindrite, h\u00fcdrauliliste ventiilide ja h\u00fcdrauliliste pumpade tervikliku j\u00f5udluslabori; laboris tehakse arvuti abil elektroh\u00fcdraulilise tehnoloogia abil katsetingimusi, mis on arvuti abil eelnevalt seadistatud, mis parandab katse t\u00e4psust ja s\u00fcsteemi mitmek\u00fclgsust ning eksperimentaalseid andmeid.<\/p>\n<p>Automaatne kogumine toimub andurite abil ning v\u00e4ljundandmed, n\u00e4iteks silindri v\u00f5i klapi sisemine leke ja koormust\u00f5husus, t\u00f6\u00f6deldakse otse arvuti poolt ja teisendatakse standard\u00fchikuteks (ml\/min%). Samal ajal teostatakse h\u00fcdraulikas\u00fcsteemi t\u00f6\u00f6ohutuse tagamiseks oleku j\u00e4lgimise funktsiooni selliste oluliste j\u00f5udlusparameetrite jaoks nagu \u201e\u00f5li temperatuuri j\u00e4lgimine, vedeliku taseme j\u00e4lgimine, filtriseadme j\u00e4lgimine\u201c jne. Nende hulgas saab h\u00fcdraulikasilindri katsestend testida \u201ekoormuse\u201c j\u00f5udlust.<br \/>\nefektiivsust \u201eja\u201c siseleket\u201d n\u00e4itude abil. Samal ajal on see varustatud v\u00f5rega m\u00f5\u00f5tevahendiga, mis vastab k\u00f5igi h\u00fcdrauliliste silindrite toodete katseobjektide n\u00f5uetele vastavalt riiklikule standardile.<\/p>\n<h3><strong>KKK jaotis:<\/strong><\/h3>\n<p><strong>K: Millised on suurte kahvelt\u00f5stukite k\u00fclgnihkega h\u00fcdrauliliste silindrite p\u00f5hijooned?<\/strong><br \/>\nA: Meie k\u00fclgnihkega h\u00fcdrosilindrid on loodud suurtele kahvelt\u00f5stukitele, pakkudes t\u00e4pset k\u00fclgnihutust, vastupidavat konstruktsiooni pikaajaliseks j\u00f5udluseks ja lihtsat paigaldamist seisakuaja v\u00e4hendamiseks.<\/p>\n<p><strong>K: Kas need silindrid saavad hakkama rasketes rakendustes?<\/strong><br \/>\nV: Jah, need silindrid on spetsiaalselt loodud raskeveokite kasutamiseks, mist\u00f5ttu sobivad need ideaalselt t\u00f6\u00f6stuskeskkondadesse, nagu ehitusplatsid, laod ja sadamad.<\/p>\n<p><strong>K: Kas neid h\u00fcdrosilindreid on lihtne paigaldada?<\/strong><br \/>\nV: Absoluutselt! Meie k\u00fclgnihkega silindrid on loodud kiireks ja probleemivabaks paigaldamiseks, minimeerides seisakuid ja tagades, et teie kahvelt\u00f5stuk on kiiresti taas t\u00f6\u00f6korras.<\/p>\n<p>&nbsp;<\/p>","protected":false},"excerpt":{"rendered":"<p>Side Shift Hydraulic Cylinders For Large Forklift Looking for reliable and efficient\u00a0Side Shift Hydraulic Cylinders for Large Forklifts? Our high-performance\u00a0Hydraulic Cylinders for Forklift Side Shifting\u00a0are designed to meet the demands of compact forklifts, offering precise side shifting for enhanced maneuverability in tight spaces. Built with\u00a0durable construction, these cylinders ensure long-lasting performance even in the toughest [&hellip;]<\/p>","protected":false},"featured_media":17581,"comment_status":"open","ping_status":"closed","template":"","meta":{"_et_pb_use_builder":"","_et_pb_old_content":"","_et_gb_content_width":""},"product_brand":[],"product_cat":[1550,1484,1376],"product_tag":[],"class_list":{"0":"post-17579","1":"product","2":"type-product","3":"status-publish","4":"has-post-thumbnail","6":"product_cat-double-acting-hydraulic-cylinder","7":"product_cat-forklift-hydraulic-cylinders","8":"product_cat-hydraulic-cylinder","10":"first","11":"instock","12":"shipping-taxable","13":"product-type-simple"},"amp_enabled":true,"_links":{"self":[{"href":"https:\/\/www.hydraulic-cylinders.net\/et\/wp-json\/wp\/v2\/product\/17579","targetHints":{"allow":["GET"]}}],"collection":[{"href":"https:\/\/www.hydraulic-cylinders.net\/et\/wp-json\/wp\/v2\/product"}],"about":[{"href":"https:\/\/www.hydraulic-cylinders.net\/et\/wp-json\/wp\/v2\/types\/product"}],"replies":[{"embeddable":true,"href":"https:\/\/www.hydraulic-cylinders.net\/et\/wp-json\/wp\/v2\/comments?post=17579"}],"wp:featuredmedia":[{"embeddable":true,"href":"https:\/\/www.hydraulic-cylinders.net\/et\/wp-json\/wp\/v2\/media\/17581"}],"wp:attachment":[{"href":"https:\/\/www.hydraulic-cylinders.net\/et\/wp-json\/wp\/v2\/media?parent=17579"}],"wp:term":[{"taxonomy":"product_brand","embeddable":true,"href":"https:\/\/www.hydraulic-cylinders.net\/et\/wp-json\/wp\/v2\/product_brand?post=17579"},{"taxonomy":"product_cat","embeddable":true,"href":"https:\/\/www.hydraulic-cylinders.net\/et\/wp-json\/wp\/v2\/product_cat?post=17579"},{"taxonomy":"product_tag","embeddable":true,"href":"https:\/\/www.hydraulic-cylinders.net\/et\/wp-json\/wp\/v2\/product_tag?post=17579"}],"curies":[{"name":"wp","href":"https:\/\/api.w.org\/{rel}","templated":true}]}}