{"id":17585,"date":"2025-03-18T05:51:01","date_gmt":"2025-03-18T05:51:01","guid":{"rendered":"https:\/\/www.hydraulic-cylinders.net\/?post_type=product&#038;p=17585"},"modified":"2025-04-11T03:15:29","modified_gmt":"2025-04-11T03:15:29","slug":"tilt-hydraulic-cylinders-for-large-forklift","status":"publish","type":"product","link":"https:\/\/www.hydraulic-cylinders.net\/et\/toode\/tilt-hydraulic-cylinders-for-large-forklift\/","title":{"rendered":"Suure kahvelt\u00f5stuki kallutush\u00fcdraulilised silindrid"},"content":{"rendered":"<h1 style=\"text-align: center;\"><strong>Suure kahvelt\u00f5stuki kallutush\u00fcdraulilised silindrid<\/strong><\/h1>\n<p>Kallutush\u00fcdraulilised silindrid on suurte kahvelt\u00f5stukite olulised komponendid, mis on loodud nende t\u00f6\u00f6v\u00f5ime parandamiseks. Need silindrid v\u00f5imaldavad kahvelt\u00f5stuki kahvleid t\u00e4pselt kallutada, h\u00f5lbustades materjalide ohutut ja t\u00f5husat laadimist ja mahalaadimist. Oma vastupidava konstruktsiooni ja t\u00e4iustatud tehnoloogiaga parandavad kallutush\u00fcdraulilised silindrid oluliselt tootlikkust ladudes ja ehitusplatsidel.<\/p>\n<p>Kallutush\u00fcdraulilised silindrid on suurte kahvelt\u00f5stukite funktsionaalsuse parandamiseks \u00fcliolulised. Nende v\u00f5ime h\u00f5lbustada t\u00e4pseid liigutusi mitte ainult ei suurenda efektiivsust, vaid tagab ka ohutuse materjali k\u00e4itlemise ajal. M\u00f5istes nende omadusi, kasutusviise ja hooldusn\u00f5udeid, saavad operaatorid nende oluliste komponentide eeliseid maksimeerida. Kvaliteetsetesse kallutush\u00fcdraulilistesse silindritesse investeerimine tagab parema j\u00f5udluse ja t\u00f6\u00f6kindluse igas rasketes rakendustes.<\/p>\n<h1 style=\"text-align: center;\"><img loading=\"lazy\" decoding=\"async\" class=\"alignnone wp-image-17587\" src=\"https:\/\/www.hydraulic-cylinders.net\/wp-content\/uploads\/2025\/03\/Tilt-hydraulic-cylinders-for-large-forklift.webp\" alt=\"Suure kahvelt\u00f5stuki kallutush\u00fcdraulilised silindrid\" width=\"500\" height=\"500\" srcset=\"https:\/\/www.hydraulic-cylinders.net\/wp-content\/uploads\/2025\/03\/Tilt-hydraulic-cylinders-for-large-forklift.webp 500w, https:\/\/www.hydraulic-cylinders.net\/wp-content\/uploads\/2025\/03\/Tilt-hydraulic-cylinders-for-large-forklift-480x480.webp 480w\" sizes=\"(min-width: 0px) and (max-width: 480px) 480px, (min-width: 481px) 500px, 100vw\" \/><\/h1>\n<p style=\"text-align: center;\"><strong>Suure kahvelt\u00f5stuki kallutush\u00fcdraulilised silindrid<\/strong><\/p>\n<h2><strong>Suure kahvelt\u00f5stuki kallutush\u00fcdraulilised silindrid <\/strong><strong>Tehnilised andmed<\/strong><strong>:<\/strong><\/h2>\n<div class=\"Message_messageTextContainer__w64Sc\">\n<div>\n<div class=\"Markdown_markdownContainer__Tz3HQ\">\n<p><strong>Funktsioon:<\/strong> Rakendage kahvelt\u00f5stuki portaali ette- ja tahapoole kallutamise toimingut<br \/>\n<strong>Silindri l\u00e4bim\u00f5\u00f5t:<\/strong> 90\u2013220 mm<br \/>\n<strong>Varda l\u00e4bim\u00f5\u00f5t:<\/strong> 45\u2013100 mm<br \/>\n<strong>Reisimine:<\/strong> 37\u2013363 mm<br \/>\n<strong>Maksimaalne r\u00f5hk:<\/strong> 27MPa<br \/>\n<strong>Maksimaalne t\u00f5ukej\u00f5ud:<\/strong> 1026KN<\/p>\n<\/div>\n<\/div>\n<\/div>\n<h2><strong>Suurte kahvelt\u00f5stukite h\u00fcdrauliliste silindrite seeria:\u00a0<\/strong><\/h2>\n<h2><img loading=\"lazy\" decoding=\"async\" class=\"alignnone size-full wp-image-17582\" src=\"https:\/\/www.hydraulic-cylinders.net\/wp-content\/uploads\/2025\/03\/large-forklift-hydraulic-cylinder-construction.webp\" alt=\"\" width=\"1100\" height=\"615\" srcset=\"https:\/\/www.hydraulic-cylinders.net\/wp-content\/uploads\/2025\/03\/large-forklift-hydraulic-cylinder-construction.webp 1100w, https:\/\/www.hydraulic-cylinders.net\/wp-content\/uploads\/2025\/03\/large-forklift-hydraulic-cylinder-construction-980x548.webp 980w, https:\/\/www.hydraulic-cylinders.net\/wp-content\/uploads\/2025\/03\/large-forklift-hydraulic-cylinder-construction-480x268.webp 480w\" sizes=\"(min-width: 0px) and (max-width: 480px) 480px, (min-width: 481px) and (max-width: 980px) 980px, (min-width: 981px) 1100px, 100vw\" \/><\/h2>\n<h2><strong>Suure kahvelt\u00f5stuki kallutatavate h\u00fcdrauliliste silindrite p\u00f5hijooned<\/strong><strong>:<\/strong><\/h2>\n<ul>\n<li><strong>Suur kandev\u00f5ime:<\/strong> Kallutush\u00fcdraulilised silindrid on konstrueeritud toetama m\u00e4rkimisv\u00e4\u00e4rseid raskusi, mist\u00f5ttu on need \u00fcliolulised rasketes rakendustes. Nende vastupidav konstruktsioon tagab ohutu ja t\u00f5husa t\u00f6\u00f6 isegi raskete koormate t\u00f5stmisel, v\u00e4hendades seel\u00e4bi \u00f5nnetuste ohtu ja suurendades tootlikkust t\u00f6\u00f6kohal.<\/li>\n<li><strong>Vastupidavad materjalid:<\/strong> Need silindrid on valmistatud \u00fclitugevast terasest ja muudest vastupidavatest materjalidest, mis pakuvad erakordset kulumiskindlust. See vastupidavus mitte ainult ei pikenda silindri eluiga, vaid v\u00e4hendab ka sagedaste vahetuste vajadust, s\u00e4\u00e4stes pikas perspektiivis aega ja kulusid.<\/li>\n<li><strong>Kompaktne disain:<\/strong> Kallutush\u00fcdrauliliste silindrite voolujooneline disain h\u00f5lbustab h\u00f5lpsat integreerimist olemasolevatesse kahvelt\u00f5stukis\u00fcsteemidesse. See kompaktsus v\u00f5imaldab optimeerida ruumi kasutamist ilma j\u00f5udlust ohverdamata, muutes operaatorite jaoks kitsastes kohtades man\u00f6\u00f6verdamise lihtsamaks.<\/li>\n<li><strong>Reguleeritav kaldenurk:<\/strong> \u00dcks silmapaistvamaid omadusi on operaatorite v\u00f5ime kaldenurka vaevata reguleerida. See paindlikkus sobib mitmesugusteks rakendusteks, alates virnastamisest kuni erinevat t\u00fc\u00fcpi materjalide transportimiseni, tagades, et kahvelt\u00f5stuk saab h\u00f5lpsalt konkreetsete \u00fclesannetega kohaneda.<\/li>\n<li><strong>Suletud komponendid:<\/strong> Nende silindrite suletud konstruktsioon kaitseb sisemisi komponente t\u00f5husalt mustuse ja niiskuse eest. See omadus on eriti oluline keerulistes keskkondades, kuna see tagab usaldusv\u00e4\u00e4rse t\u00f6\u00f6 ja minimeerib rikete riski, mis l\u00f5ppkokkuv\u00f5ttes viib madalamate hoolduskuludeni ja pikema t\u00f6\u00f6ajani.<\/li>\n<\/ul>\n<h2><strong>Suure kahvelt\u00f5stuki kallutatavate h\u00fcdrauliliste silindrite kasutamise juhtumid:<\/strong><\/h2>\n<p>Kallutush\u00fcdraulilised silindrid m\u00e4ngivad olulist rolli erinevates t\u00f6\u00f6stusharudes, suurendades materjalik\u00e4itlust\u00f6\u00f6de t\u00f5husust ja ohutust. Siin on m\u00f5ned peamised rakendused:<\/p>\n<h4>1. <strong>Ladustamine ja levitamine<\/strong><\/h4>\n<p>Ladudes v\u00f5imaldavad kallutatavad h\u00fcdraulilised silindrid kahvelt\u00f5stukitel kahvlite nurka h\u00f5lpsalt reguleerida. See v\u00f5ime on oluline kaubaaluste virnastamiseks, v\u00f5imaldades kaupade t\u00e4pset paigutamist ja v\u00e4ljav\u00f5tmist. See parandab ruumi kasutamist ja sujuvamaks muudab laadimis- ja mahalaadimisprotsessid sujuvamaks.<\/p>\n<h4>2. <strong>Ehitusplatsid<\/strong><\/h4>\n<p>Ehitusplatsidel h\u00f5lbustavad need silindrid raskete materjalide, n\u00e4iteks betoonplokkide ja terastalade liigutamist. Kahvlite kallutamise v\u00f5imalus aitab koormaid transportimise ajal kinnitada ja tagab ohutu kohaletoimetamise kindlatesse kohtadesse, v\u00e4hendades \u00f5nnetuste ohtu.<\/p>\n<h4>3. <strong>Tootmine<\/strong><\/h4>\n<p>Tootmiskeskkondades aitavad kaldh\u00fcdraulilised silindrid osade kokkupanekut ja transportimist. Need v\u00f5imaldavad t\u00f6\u00f6tajatel komponente t\u00e4pselt positsioneerida, mis on tootmisprotsesside kvaliteedikontrolli ja efektiivsuse s\u00e4ilitamiseks \u00fclioluline.<\/p>\n<h4>4. <strong>P\u00f5llumajandus<\/strong><\/h4>\n<p>P\u00f5llumajanduskeskkonnas kasutatakse kahvelt\u00f5stukitega kallutatavaid h\u00fcdraulilisi silindreid pallide, kastide ja muude p\u00f5llumajandussaaduste k\u00e4sitsemiseks. Reguleeritav kaldenurk aitab p\u00f5llumeestel materjale kiiresti ja ohutult laadida ja maha laadida, optimeerides nende t\u00f6\u00f6voogu tipphooajal.<\/p>\n<h4>5. <strong>Ringlussev\u00f5tt ja j\u00e4\u00e4tmek\u00e4itlus<\/strong><\/h4>\n<p>Need silindrid on olulised ringlussev\u00f5turajatistes, kus need aitavad taaskasutatavaid materjale teisaldada ja virnastada. Kallutamise v\u00f5imalus v\u00f5imaldab j\u00e4\u00e4tmeid paremini sorteerida ja kokku tihendada, parandades tegevuse efektiivsust ja ruumihaldust.<\/p>\n<p>Kas otsite vastupidavaid kahvelt\u00f5stuki silindreid? Vaadake meie <a href=\"https:\/\/www.hydraulic-cylinders.net\/et\/forklift-hydraulic-cylinder\/\">Raskeveokite h\u00fcdraulilised silindrid<\/a>.<\/p>\n<h2><strong>Kahvelt\u00f5stuki silindrite tootmispiirkond:<\/strong><\/h2>\n<h2><img loading=\"lazy\" decoding=\"async\" class=\"alignnone size-full wp-image-16972\" src=\"https:\/\/www.hydraulic-cylinders.net\/wp-content\/uploads\/2025\/01\/hydraulic-cylinder-factory-1-scaled.webp\" sizes=\"(min-width: 0px) and (max-width: 480px) 480px, (min-width: 481px) and (max-width: 980px) 980px, (min-width: 981px) and (max-width: 1280px) 1280px, (min-width: 1281px) 2016px, 100vw\" srcset=\"https:\/\/www.hydraulic-cylinders.net\/wp-content\/uploads\/2025\/01\/hydraulic-cylinder-factory-1-scaled.webp 2016w, https:\/\/www.hydraulic-cylinders.net\/wp-content\/uploads\/2025\/01\/hydraulic-cylinder-factory-1-1280x1625.webp 1280w, https:\/\/www.hydraulic-cylinders.net\/wp-content\/uploads\/2025\/01\/hydraulic-cylinder-factory-1-980x1244.webp 980w, https:\/\/www.hydraulic-cylinders.net\/wp-content\/uploads\/2025\/01\/hydraulic-cylinder-factory-1-480x610.webp 480w\" alt=\"\" width=\"2016\" height=\"2560\" \/><\/h2>\n<p>Meil on esmaklassiline s\u00f5ltumatu teadus- ja arendusplatvorm montaa\u017eiks. Kahvelt\u00f5stuki silindrite tootmist\u00f6\u00f6kojas on neli poolautomaatset t\u00f5stesilindrite montaa\u017eiliini ja t\u00e4isautomaatne kallutussilindrite montaa\u017eiliin, mille projekteeritud aastane tootmisv\u00f5imsus on miljon t\u00fckki. Spetsiaalses silindrite t\u00f6\u00f6kojas on erineva spetsifikatsiooniga poolautomaatsed puhastus- ja montaa\u017eis\u00fcsteemid, mille projekteeritud aastane tootmisv\u00f5imsus on 200 000 t\u00fckki. See on varustatud tuntud kaubam\u00e4rgi CNC-t\u00f6\u00f6tlemisseadmetega, t\u00f6\u00f6tlemiskeskustega, spetsiaalseadmetega silindrite \u00fclit\u00e4pseks t\u00f6\u00f6tlemiseks, robotkeevitusmasinatega, automaatsete puhastusmasinatega, automaatsete silindrite montaa\u017eimasinatega ja automaatsete v\u00e4rvimisliinidega. Meil \u200b\u200bt\u00f6\u00f6tab \u00fcle 300 komplekti v\u00f5tmeseadmeid. Seadmete ressursside optimeeritud jaotus ja t\u00f5hus kasutamine tagavad toodete t\u00e4psusn\u00f5uded ja vastavuse toodete k\u00f5rgetele kvaliteedin\u00f5uetele.<\/p>\n<p>T\u00f6\u00f6tlemistsehh on varustatud eritellimusel valmistatud kaldr\u00f6\u00f6baste treikeskuste, t\u00f6\u00f6tlemiskeskuste, kiirete hoonimismasinate, keevitusrobotite ja muude asjakohaste seadmetega, mis suudavad t\u00f6\u00f6delda silindritorusid maksimaalse sisediameetriga 400 mm ja maksimaalse pikkusega 6 meetrit.<\/p>\n<h2><img loading=\"lazy\" decoding=\"async\" class=\"alignnone size-full wp-image-16973\" src=\"https:\/\/www.hydraulic-cylinders.net\/wp-content\/uploads\/2025\/01\/hydraulic-cylinder-factory-2-scaled.webp\" sizes=\"(min-width: 0px) and (max-width: 480px) 480px, (min-width: 481px) and (max-width: 980px) 980px, (min-width: 981px) and (max-width: 1280px) 1280px, (min-width: 1281px) 2011px, 100vw\" srcset=\"https:\/\/www.hydraulic-cylinders.net\/wp-content\/uploads\/2025\/01\/hydraulic-cylinder-factory-2-scaled.webp 2011w, https:\/\/www.hydraulic-cylinders.net\/wp-content\/uploads\/2025\/01\/hydraulic-cylinder-factory-2-1280x1629.webp 1280w, https:\/\/www.hydraulic-cylinders.net\/wp-content\/uploads\/2025\/01\/hydraulic-cylinder-factory-2-980x1248.webp 980w, https:\/\/www.hydraulic-cylinders.net\/wp-content\/uploads\/2025\/01\/hydraulic-cylinder-factory-2-480x611.webp 480w\" alt=\"\" width=\"2011\" height=\"2560\" \/><\/h2>\n<p>Meil on t\u00e4isautomaatne vesialusel v\u00e4rvimisliin v\u00e4ikeste ja keskmiste balloonide jaoks, mis rakendab automaatseid laadimis- ja mahalaadimisroboteid ning automaatseid pihustusroboteid kavandatud tootmisv\u00f5imsusega 4000 kohta vahetuses. Meil \u200b\u200bon teine \u200b\u200bpoolautomaatne v\u00e4rvimisliin suurte balloonide jaoks, mida k\u00e4itab j\u00f5ukett, mille kavandatud tootmisv\u00f5imsus on 60 kasti vahetuses.<\/p>\n<p>Toote toimivuse edasiseks parandamiseks ja meie h\u00fcdrauliliste silindrite juhtpositsiooni kindlustamiseks t\u00f6\u00f6stuses asutasid meie ettev\u00f5te ja zjimee \u00fchiselt h\u00fcdrauliliste silindrite, h\u00fcdrauliliste ventiilide ja h\u00fcdrauliliste pumpade tervikliku j\u00f5udluslabori; laboris tehakse arvuti abil elektroh\u00fcdraulilise tehnoloogia abil katsetingimusi, mis on arvuti abil eelnevalt seadistatud, mis parandab katse t\u00e4psust ja s\u00fcsteemi mitmek\u00fclgsust ning eksperimentaalseid andmeid.<\/p>\n<p>Automaatne kogumine toimub andurite abil ning v\u00e4ljundandmed, n\u00e4iteks silindri v\u00f5i klapi sisemine leke ja koormust\u00f5husus, t\u00f6\u00f6deldakse otse arvuti poolt ja teisendatakse standard\u00fchikuteks (ml\/min%). Samal ajal teostatakse h\u00fcdraulikas\u00fcsteemi t\u00f6\u00f6ohutuse tagamiseks oleku j\u00e4lgimise funktsiooni selliste oluliste j\u00f5udlusparameetrite jaoks nagu \u201e\u00f5li temperatuuri j\u00e4lgimine, vedeliku taseme j\u00e4lgimine, filtriseadme j\u00e4lgimine\u201c jne. Nende hulgas saab h\u00fcdraulikasilindri katsestend testida \u201ekoormuse\u201c j\u00f5udlust.<br \/>\nefektiivsust \u201eja\u201c siseleket\u201d n\u00e4itude abil. Samal ajal on see varustatud v\u00f5rega m\u00f5\u00f5tevahendiga, mis vastab k\u00f5igi h\u00fcdrauliliste silindrite toodete katseobjektide n\u00f5uetele vastavalt riiklikule standardile.<\/p>\n<p>&nbsp;<\/p>","protected":false},"excerpt":{"rendered":"<p>Tilt Hydraulic Cylinders For Large Forklift Tilt hydraulic cylinders are essential components in large forklifts, designed to enhance their operational capabilities. These cylinders allow for precise tilting of the forklift&#8217;s forks, facilitating safe and efficient loading and unloading of materials. With their robust construction and advanced technology, tilt hydraulic cylinders significantly improve productivity in warehouses [&hellip;]<\/p>","protected":false},"featured_media":17588,"comment_status":"open","ping_status":"closed","template":"","meta":{"_et_pb_use_builder":"","_et_pb_old_content":"","_et_gb_content_width":""},"product_brand":[],"product_cat":[1484,1550],"product_tag":[],"class_list":{"0":"post-17585","1":"product","2":"type-product","3":"status-publish","4":"has-post-thumbnail","6":"product_cat-forklift-hydraulic-cylinders","7":"product_cat-double-acting-hydraulic-cylinder","9":"first","10":"instock","11":"shipping-taxable","12":"product-type-simple"},"amp_enabled":true,"_links":{"self":[{"href":"https:\/\/www.hydraulic-cylinders.net\/et\/wp-json\/wp\/v2\/product\/17585","targetHints":{"allow":["GET"]}}],"collection":[{"href":"https:\/\/www.hydraulic-cylinders.net\/et\/wp-json\/wp\/v2\/product"}],"about":[{"href":"https:\/\/www.hydraulic-cylinders.net\/et\/wp-json\/wp\/v2\/types\/product"}],"replies":[{"embeddable":true,"href":"https:\/\/www.hydraulic-cylinders.net\/et\/wp-json\/wp\/v2\/comments?post=17585"}],"wp:featuredmedia":[{"embeddable":true,"href":"https:\/\/www.hydraulic-cylinders.net\/et\/wp-json\/wp\/v2\/media\/17588"}],"wp:attachment":[{"href":"https:\/\/www.hydraulic-cylinders.net\/et\/wp-json\/wp\/v2\/media?parent=17585"}],"wp:term":[{"taxonomy":"product_brand","embeddable":true,"href":"https:\/\/www.hydraulic-cylinders.net\/et\/wp-json\/wp\/v2\/product_brand?post=17585"},{"taxonomy":"product_cat","embeddable":true,"href":"https:\/\/www.hydraulic-cylinders.net\/et\/wp-json\/wp\/v2\/product_cat?post=17585"},{"taxonomy":"product_tag","embeddable":true,"href":"https:\/\/www.hydraulic-cylinders.net\/et\/wp-json\/wp\/v2\/product_tag?post=17585"}],"curies":[{"name":"wp","href":"https:\/\/api.w.org\/{rel}","templated":true}]}}