{"id":17589,"date":"2025-03-18T06:09:41","date_gmt":"2025-03-18T06:09:41","guid":{"rendered":"https:\/\/www.hydraulic-cylinders.net\/?post_type=product&#038;p=17589"},"modified":"2025-04-11T01:44:55","modified_gmt":"2025-04-11T01:44:55","slug":"lift-hydraulic-cylinders-for-large-forklift","status":"publish","type":"product","link":"https:\/\/www.hydraulic-cylinders.net\/et\/toode\/lift-hydraulic-cylinders-for-large-forklift\/","title":{"rendered":"Suure kahvelt\u00f5stuki h\u00fcdraulilised silindrid"},"content":{"rendered":"<h1 style=\"text-align: center;\"><strong>Suure kahvelt\u00f5stuki h\u00fcdraulilised silindrid<\/strong><\/h1>\n<p>T\u00f5steh\u00fcdraulilised silindrid on suurte kahvelt\u00f5stukite olulised komponendid, v\u00f5imaldades neil t\u00e4ita olulisi t\u00f5stmis- ja langetamisfunktsioone. Need silindrid pakuvad vajalikku v\u00f5imsust raskete koormate t\u00f5husaks k\u00e4sitsemiseks, tagades sujuva t\u00f6\u00f6 erinevates t\u00f6\u00f6stuskeskkondades. Tugeva konstruktsiooni ja suure j\u00f5udlusega t\u00f5steh\u00fcdraulilised silindrid suurendavad materjalide k\u00e4itlemise tootlikkust ja ohutust.<\/p>\n<p>Suurte kahvelt\u00f5stukite kvaliteetsetesse t\u00f5steh\u00fcdraulilistesse silindritesse investeerimine parandab oluliselt tegevuse efektiivsust ja ohutust. M\u00f5istes nende omadusi, \u00f5iget kasutamist ja hooldusn\u00f5udeid, saavad operaatorid tagada, et need silindrid pakuvad j\u00e4rjepidevat j\u00f5udlust ja pikaealisust. \u00d5igete t\u00f5steh\u00fcdrauliliste silindrite abil saavad ettev\u00f5tted optimeerida oma materjalik\u00e4itlusprotsesse, mis suurendab tootlikkust ja v\u00e4hendab seisakuid.<\/p>\n<h1 style=\"text-align: center;\"><img loading=\"lazy\" decoding=\"async\" class=\"alignnone wp-image-17590\" src=\"https:\/\/www.hydraulic-cylinders.net\/wp-content\/uploads\/2025\/03\/Lift-hydraulic-cylinders-for-large-forklift.jpg\" alt=\"\" width=\"500\" height=\"500\" srcset=\"https:\/\/www.hydraulic-cylinders.net\/wp-content\/uploads\/2025\/03\/Lift-hydraulic-cylinders-for-large-forklift.jpg 500w, https:\/\/www.hydraulic-cylinders.net\/wp-content\/uploads\/2025\/03\/Lift-hydraulic-cylinders-for-large-forklift-480x480.jpg 480w\" sizes=\"(min-width: 0px) and (max-width: 480px) 480px, (min-width: 481px) 500px, 100vw\" \/><\/h1>\n<p style=\"text-align: center;\"><strong>Suure kahvelt\u00f5stuki h\u00fcdraulilised silindrid<\/strong><\/p>\n<h2><strong>Suurte kahvelt\u00f5stukite h\u00fcdrauliliste silindrite seeria:\u00a0<\/strong><\/h2>\n<h2><img loading=\"lazy\" decoding=\"async\" class=\"alignnone size-full wp-image-17582\" src=\"https:\/\/www.hydraulic-cylinders.net\/wp-content\/uploads\/2025\/03\/large-forklift-hydraulic-cylinder-construction.webp\" alt=\"\" width=\"1100\" height=\"615\" srcset=\"https:\/\/www.hydraulic-cylinders.net\/wp-content\/uploads\/2025\/03\/large-forklift-hydraulic-cylinder-construction.webp 1100w, https:\/\/www.hydraulic-cylinders.net\/wp-content\/uploads\/2025\/03\/large-forklift-hydraulic-cylinder-construction-980x548.webp 980w, https:\/\/www.hydraulic-cylinders.net\/wp-content\/uploads\/2025\/03\/large-forklift-hydraulic-cylinder-construction-480x268.webp 480w\" sizes=\"(min-width: 0px) and (max-width: 480px) 480px, (min-width: 481px) and (max-width: 980px) 980px, (min-width: 981px) 1100px, 100vw\" \/><\/h2>\n<h2><strong>Suure kahvelt\u00f5stuki h\u00fcdraulilised silindrid suurele kahvelt\u00f5stukile <\/strong><strong>Tehnilised andmed<\/strong><strong>:<\/strong><\/h2>\n<p><strong>Funktsioon:<\/strong> Portaali t\u00f5ste- ja langetusfunktsiooni saavutamiseks<br \/>\n<strong>Silindri l\u00e4bim\u00f5\u00f5t:<\/strong> 65\u2013190 mm<br \/>\n<strong>Varda l\u00e4bim\u00f5\u00f5t:<\/strong> 50\u2013160 mm<br \/>\n<strong>Reisimine:<\/strong> 100\u20133490 mm<br \/>\n<strong>Maksimaalne r\u00f5hk:<\/strong> 21MPa<br \/>\n<strong>Maksimaalne t\u00f5ukej\u00f5ud:<\/strong> 596KN<\/p>\n<h2><strong>Suure kahvelt\u00f5stuki h\u00fcdrauliliste silindrite p\u00f5hijooned<\/strong><strong>:<\/strong><\/h2>\n<ul>\n<li><strong>Suur kandev\u00f5ime<\/strong>Need t\u00f5steh\u00fcdraulilised silindrid on konstrueeritud toetama m\u00e4rkimisv\u00e4\u00e4rseid raskusi, mist\u00f5ttu sobivad need ideaalselt raskete rakenduste jaoks. Nende vastupidav konstruktsioon tagab usaldusv\u00e4\u00e4rse t\u00f6\u00f6 isegi \u00e4\u00e4rmuslike koormuste korral, v\u00f5imaldades kahvelt\u00f5stukitel enesekindlalt k\u00e4sitseda suuri kaubaaluseid ja materjale. See v\u00f5imekus suurendab oluliselt t\u00f6\u00f6koha t\u00f5husust, minimeerides t\u00f6\u00f6katkestuste ohtu n\u00f5udlike \u00fclesannete ajal.<\/li>\n<li><strong>Vastupidav konstruktsioon<\/strong>Need kvaliteetsetest materjalidest valmistatud h\u00fcdrosilindrid on loodud vastu pidama karmidele t\u00f6\u00f6keskkondadele. Nende kulumiskindlus, korrosioonikindlus ja v\u00e4simus pikendavad silindri eluiga, v\u00e4hendades vajadust sagedase vahetamise j\u00e4rele. See vastupidavus t\u00e4hendab madalamaid hoolduskulusid ja pikemat t\u00f6\u00f6aega, muutes need targaks investeeringuks igasse t\u00f6\u00f6stustegevusse.<\/li>\n<li><strong>Mitmek\u00fclgsed suurused<\/strong>Need t\u00f5steh\u00fcdraulilised silindrid on saadaval laias valikus l\u00e4bim\u00f5\u00f5tude ja k\u00e4igupikkustega ning neid saab kohandada vastavalt erinevate kahvelt\u00f5stukite mudelite ja rakenduste erivajadustele. See mitmek\u00fclgsus tagab nende sujuva integreerumise erinevatesse s\u00fcsteemidesse, pakkudes paindlikkust ettev\u00f5tetele, mis tegelevad mitmesuguste koormate ja materjalidega.<\/li>\n<li><strong>T\u00f5hus j\u00f5udlus<\/strong>Optimaalse funktsionaalsuse tagamiseks loodud h\u00fcdrosilindrid h\u00f5lbustavad kiireid t\u00f5stmis- ja langetamistoiminguid. See efektiivsus minimeerib ts\u00fckliaegu, v\u00f5imaldades operaatoritel \u00fclesandeid kiiremini ja t\u00f5husamalt t\u00e4ita. T\u00e4iustatud t\u00f6\u00f6voog mitte ainult ei suurenda tootlikkust, vaid parandab ka kahvelt\u00f5stuki \u00fcldist t\u00f6\u00f6efektiivsust, muutes selle materjalik\u00e4itluses oluliseks vahendiks.<\/li>\n<li><strong>K\u00f5rge r\u00f5hu reitingud<\/strong>Need silindrid, mis on v\u00f5imelised t\u00f6\u00f6tama k\u00f5rge r\u00f5hu all, tagavad t\u00f5steoperatsioonide ajal efektiivse t\u00f5ukej\u00f5u ja stabiilsuse. Nende k\u00f5rge r\u00f5huklass v\u00f5imaldab raskete koormate ohutut k\u00e4sitsemist ilma j\u00f5udlust kahjustamata. See t\u00f6\u00f6kindlus on oluline t\u00f6\u00f6kohal ohutusstandardite s\u00e4ilitamiseks, pakkudes operaatoritele meelerahu suurte materjalidega t\u00f6\u00f6tamisel.<\/li>\n<\/ul>\n<h2><strong>Suure kahvelt\u00f5stuki h\u00fcdrauliliste silindrite kasutamise juhtumid:<\/strong><\/h2>\n<h3><strong>1. Ladustamine ja levitamine<\/strong><\/h3>\n<p>Ladudes on raskete kaubaaluste virnastamiseks ja k\u00e4ttesaamiseks h\u00e4davajalikud suured h\u00fcdrauliliste t\u00f5stesilindritega varustatud kahvelt\u00f5stukid. Need silindrid v\u00f5imaldavad kiiret t\u00f5stmist ja langetamist, v\u00f5imaldades operaatoritel t\u00f5husalt hallata varusid ja optimeerida laoruumi. Need h\u00f5lbustavad kiiret peale- ja mahalaadimist, parandades oluliselt \u00fcldist tootlikkust.<\/p>\n<h3><strong>2. Ehitusplatsid<\/strong><\/h3>\n<p>Ehitusplatsidel m\u00e4ngivad h\u00fcdraulilised t\u00f5stesilindrid kriitilist rolli raskete materjalide, n\u00e4iteks terastalade, betoonplokkide ja seadmete teisaldamisel. Nende suur kandev\u00f5ime v\u00f5imaldab kahvelt\u00f5stukitel t\u00f5sta m\u00e4rkimisv\u00e4\u00e4rseid raskusi ohutult, tagades materjalide viivituseta \u00f5igesse kohta toimetamise. See v\u00f5imekus parandab t\u00f6\u00f6voogu ja toetab projekti \u00f5igeaegset valmimist.<\/p>\n<h3><strong>3. Tootmisrajatised<\/strong><\/h3>\n<p>Tootmiskeskkondades aitavad suured h\u00fcdrauliliste t\u00f5stesilindritega kahvelt\u00f5stukid transportida toorainet ja valmistooteid rajatise eri piirkondade vahel. Need silindrid v\u00f5imaldavad koorma t\u00e4pset positsioneerimist, mis on \u00fclioluline montaa\u017eiliinide ja kvaliteedikontrolli protsesside jaoks. Nende t\u00f5hus j\u00f5udlus v\u00e4hendab ts\u00fckliaegu, suurendades \u00fcldist tootmise efektiivsust.<\/p>\n<h3><strong>4. Ringlussev\u00f5tt ja j\u00e4\u00e4tmek\u00e4itlus<\/strong><\/h3>\n<p>T\u00f5steh\u00fcdraulilised silindrid on \u00fcliolulised ringlussev\u00f5tu ja j\u00e4\u00e4tmek\u00e4itluse puhul, kus raskete pr\u00fcgikastide ja konteinerite k\u00e4sitsemiseks kasutatakse suuri kahvelt\u00f5stukeid. Need silindrid v\u00f5imaldavad operaatoritel mahukaid j\u00e4\u00e4tmeid ohutult t\u00f5sta ja teisaldada, sujuvamaks muutes taaskasutatavate materjalide sorteerimist ja t\u00f6\u00f6tlemist. See t\u00f5husus aitab kaasa organiseeritumale ja t\u00f5husamale j\u00e4\u00e4tmek\u00e4itluss\u00fcsteemile.<\/p>\n<h3><strong>5. P\u00f5llumajandus<\/strong><\/h3>\n<p>P\u00f5llumajandussektoris kasutatakse raskete koormate, n\u00e4iteks heinapallide, s\u00f6\u00f6da ja seadmete transportimiseks suuri h\u00fcdrauliliste silindritega kahvelt\u00f5stukeid. Nende koormate h\u00f5lbus t\u00f5stmine ja langetamine v\u00f5imaldab p\u00f5llumeestel oma tegevust t\u00f5husamalt hallata, tagades \u00f5igeaegsed tarned ja ressursside t\u00f5husa kasutamise.<\/p>\n<p>Kas otsite vastupidavaid kahvelt\u00f5stuki silindreid? Vaadake meie <a href=\"https:\/\/www.hydraulic-cylinders.net\/et\/forklift-hydraulic-cylinder\/\">Raskeveokite h\u00fcdraulilised silindrid<\/a>.<\/p>\n<h2><strong>Kahvelt\u00f5stuki silindrite tootmispiirkond:<\/strong><\/h2>\n<h2><img loading=\"lazy\" decoding=\"async\" class=\"alignnone size-full wp-image-16972\" src=\"https:\/\/www.hydraulic-cylinders.net\/wp-content\/uploads\/2025\/01\/hydraulic-cylinder-factory-1-scaled.webp\" sizes=\"(min-width: 0px) and (max-width: 480px) 480px, (min-width: 481px) and (max-width: 980px) 980px, (min-width: 981px) and (max-width: 1280px) 1280px, (min-width: 1281px) 2016px, 100vw\" srcset=\"https:\/\/www.hydraulic-cylinders.net\/wp-content\/uploads\/2025\/01\/hydraulic-cylinder-factory-1-scaled.webp 2016w, https:\/\/www.hydraulic-cylinders.net\/wp-content\/uploads\/2025\/01\/hydraulic-cylinder-factory-1-1280x1625.webp 1280w, https:\/\/www.hydraulic-cylinders.net\/wp-content\/uploads\/2025\/01\/hydraulic-cylinder-factory-1-980x1244.webp 980w, https:\/\/www.hydraulic-cylinders.net\/wp-content\/uploads\/2025\/01\/hydraulic-cylinder-factory-1-480x610.webp 480w\" alt=\"\" width=\"2016\" height=\"2560\" \/><\/h2>\n<p>Meil on esmaklassiline s\u00f5ltumatu teadus- ja arendusplatvorm montaa\u017eiks. Kahvelt\u00f5stuki silindrite tootmist\u00f6\u00f6kojas on neli poolautomaatset t\u00f5stesilindrite montaa\u017eiliini ja t\u00e4isautomaatne kallutussilindrite montaa\u017eiliin, mille projekteeritud aastane tootmisv\u00f5imsus on miljon t\u00fckki. Spetsiaalses silindrite t\u00f6\u00f6kojas on erineva spetsifikatsiooniga poolautomaatsed puhastus- ja montaa\u017eis\u00fcsteemid, mille projekteeritud aastane tootmisv\u00f5imsus on 200 000 t\u00fckki. See on varustatud tuntud kaubam\u00e4rgi CNC-t\u00f6\u00f6tlemisseadmetega, t\u00f6\u00f6tlemiskeskustega, spetsiaalseadmetega silindrite \u00fclit\u00e4pseks t\u00f6\u00f6tlemiseks, robotkeevitusmasinatega, automaatsete puhastusmasinatega, automaatsete silindrite montaa\u017eimasinatega ja automaatsete v\u00e4rvimisliinidega. Meil \u200b\u200bt\u00f6\u00f6tab \u00fcle 300 komplekti v\u00f5tmeseadmeid. Seadmete ressursside optimeeritud jaotus ja t\u00f5hus kasutamine tagavad toodete t\u00e4psusn\u00f5uded ja vastavuse toodete k\u00f5rgetele kvaliteedin\u00f5uetele.<\/p>\n<p>T\u00f6\u00f6tlemistsehh on varustatud eritellimusel valmistatud kaldr\u00f6\u00f6baste treikeskuste, t\u00f6\u00f6tlemiskeskuste, kiirete hoonimismasinate, keevitusrobotite ja muude asjakohaste seadmetega, mis suudavad t\u00f6\u00f6delda silindritorusid maksimaalse sisediameetriga 400 mm ja maksimaalse pikkusega 6 meetrit.<\/p>\n<h2><img loading=\"lazy\" decoding=\"async\" class=\"alignnone size-full wp-image-16973\" src=\"https:\/\/www.hydraulic-cylinders.net\/wp-content\/uploads\/2025\/01\/hydraulic-cylinder-factory-2-scaled.webp\" sizes=\"(min-width: 0px) and (max-width: 480px) 480px, (min-width: 481px) and (max-width: 980px) 980px, (min-width: 981px) and (max-width: 1280px) 1280px, (min-width: 1281px) 2011px, 100vw\" srcset=\"https:\/\/www.hydraulic-cylinders.net\/wp-content\/uploads\/2025\/01\/hydraulic-cylinder-factory-2-scaled.webp 2011w, https:\/\/www.hydraulic-cylinders.net\/wp-content\/uploads\/2025\/01\/hydraulic-cylinder-factory-2-1280x1629.webp 1280w, https:\/\/www.hydraulic-cylinders.net\/wp-content\/uploads\/2025\/01\/hydraulic-cylinder-factory-2-980x1248.webp 980w, https:\/\/www.hydraulic-cylinders.net\/wp-content\/uploads\/2025\/01\/hydraulic-cylinder-factory-2-480x611.webp 480w\" alt=\"\" width=\"2011\" height=\"2560\" \/><\/h2>\n<p>Meil on t\u00e4isautomaatne vesialusel v\u00e4rvimisliin v\u00e4ikeste ja keskmiste balloonide jaoks, mis rakendab automaatseid laadimis- ja mahalaadimisroboteid ning automaatseid pihustusroboteid kavandatud tootmisv\u00f5imsusega 4000 kohta vahetuses. Meil \u200b\u200bon teine \u200b\u200bpoolautomaatne v\u00e4rvimisliin suurte balloonide jaoks, mida k\u00e4itab j\u00f5ukett, mille kavandatud tootmisv\u00f5imsus on 60 kasti vahetuses.<\/p>\n<p>Toote toimivuse edasiseks parandamiseks ja meie h\u00fcdrauliliste silindrite juhtpositsiooni kindlustamiseks t\u00f6\u00f6stuses asutasid meie ettev\u00f5te ja zjimee \u00fchiselt h\u00fcdrauliliste silindrite, h\u00fcdrauliliste ventiilide ja h\u00fcdrauliliste pumpade tervikliku j\u00f5udluslabori; laboris tehakse arvuti abil elektroh\u00fcdraulilise tehnoloogia abil katsetingimusi, mis on arvuti abil eelnevalt seadistatud, mis parandab katse t\u00e4psust ja s\u00fcsteemi mitmek\u00fclgsust ning eksperimentaalseid andmeid.<\/p>\n<p>Automaatne kogumine toimub andurite abil ning v\u00e4ljundandmed, n\u00e4iteks silindri v\u00f5i klapi sisemine leke ja koormust\u00f5husus, t\u00f6\u00f6deldakse otse arvuti poolt ja teisendatakse standard\u00fchikuteks (ml\/min%). Samal ajal teostatakse h\u00fcdraulikas\u00fcsteemi t\u00f6\u00f6ohutuse tagamiseks oleku j\u00e4lgimise funktsiooni selliste oluliste j\u00f5udlusparameetrite jaoks nagu \u201e\u00f5li temperatuuri j\u00e4lgimine, vedeliku taseme j\u00e4lgimine, filtriseadme j\u00e4lgimine\u201c jne. Nende hulgas saab h\u00fcdraulikasilindri katsestend testida \u201ekoormuse\u201c j\u00f5udlust.<br \/>\nefektiivsust \u201eja\u201c siseleket\u201d n\u00e4itude abil. Samal ajal on see varustatud v\u00f5rega m\u00f5\u00f5tevahendiga, mis vastab k\u00f5igi h\u00fcdrauliliste silindrite toodete katseobjektide n\u00f5uetele vastavalt riiklikule standardile.<\/p>\n<p>&nbsp;<\/p>","protected":false},"excerpt":{"rendered":"<p>Lift Hydraulic Cylinders For Large Forklift Lift hydraulic cylinders are crucial components in large forklifts, enabling them to perform essential lifting and lowering functions. These cylinders provide the necessary power to handle heavy loads efficiently, ensuring smooth operations in various industrial settings. With robust design and high performance, lift hydraulic cylinders enhance productivity and safety [&hellip;]<\/p>","protected":false},"featured_media":17591,"comment_status":"open","ping_status":"closed","template":"","meta":{"_et_pb_use_builder":"","_et_pb_old_content":"","_et_gb_content_width":""},"product_brand":[],"product_cat":[1484,1549],"product_tag":[],"class_list":{"0":"post-17589","1":"product","2":"type-product","3":"status-publish","4":"has-post-thumbnail","6":"product_cat-forklift-hydraulic-cylinders","7":"product_cat-single-acting-hydraulic-cylinder","9":"first","10":"instock","11":"shipping-taxable","12":"product-type-simple"},"amp_enabled":true,"_links":{"self":[{"href":"https:\/\/www.hydraulic-cylinders.net\/et\/wp-json\/wp\/v2\/product\/17589","targetHints":{"allow":["GET"]}}],"collection":[{"href":"https:\/\/www.hydraulic-cylinders.net\/et\/wp-json\/wp\/v2\/product"}],"about":[{"href":"https:\/\/www.hydraulic-cylinders.net\/et\/wp-json\/wp\/v2\/types\/product"}],"replies":[{"embeddable":true,"href":"https:\/\/www.hydraulic-cylinders.net\/et\/wp-json\/wp\/v2\/comments?post=17589"}],"wp:featuredmedia":[{"embeddable":true,"href":"https:\/\/www.hydraulic-cylinders.net\/et\/wp-json\/wp\/v2\/media\/17591"}],"wp:attachment":[{"href":"https:\/\/www.hydraulic-cylinders.net\/et\/wp-json\/wp\/v2\/media?parent=17589"}],"wp:term":[{"taxonomy":"product_brand","embeddable":true,"href":"https:\/\/www.hydraulic-cylinders.net\/et\/wp-json\/wp\/v2\/product_brand?post=17589"},{"taxonomy":"product_cat","embeddable":true,"href":"https:\/\/www.hydraulic-cylinders.net\/et\/wp-json\/wp\/v2\/product_cat?post=17589"},{"taxonomy":"product_tag","embeddable":true,"href":"https:\/\/www.hydraulic-cylinders.net\/et\/wp-json\/wp\/v2\/product_tag?post=17589"}],"curies":[{"name":"wp","href":"https:\/\/api.w.org\/{rel}","templated":true}]}}