{"id":17593,"date":"2025-03-18T06:19:55","date_gmt":"2025-03-18T06:19:55","guid":{"rendered":"https:\/\/www.hydraulic-cylinders.net\/?post_type=product&#038;p=17593"},"modified":"2025-04-11T03:15:26","modified_gmt":"2025-04-11T03:15:26","slug":"steering-hydraulic-cylinders-for-large-forklift","status":"publish","type":"product","link":"https:\/\/www.hydraulic-cylinders.net\/et\/toode\/steering-hydraulic-cylinders-for-large-forklift\/","title":{"rendered":"Suure kahvelt\u00f5stuki roolisamba h\u00fcdraulilised silindrid"},"content":{"rendered":"<h1 style=\"text-align: center;\"><strong>Suure kahvelt\u00f5stuki roolisamba h\u00fcdraulilised silindrid<\/strong><\/h1>\n<p>Rooli h\u00fcdraulilised silindrid on suurte kahvelt\u00f5stukite olulised komponendid, mis tagavad rooli juhtimiseks vajaliku v\u00f5imsuse ja t\u00e4psuse. Need silindrid v\u00f5imaldavad sujuvat man\u00f6\u00f6verdamist, mis on oluline kitsastes ruumides navigeerimiseks ja keerukate \u00fclesannete t\u00e4itmiseks. H\u00fcdraulilise r\u00f5hu mehaaniliseks j\u00f5uks muutmisega suurendavad rooli h\u00fcdraulilised silindrid kahvelt\u00f5stuki t\u00f6\u00f6 \u00fcldist efektiivsust ja ohutust.<\/p>\n<p>Roolih\u00fcdraulilised silindrid on suurte kahvelt\u00f5stukite t\u00f5husaks t\u00f6\u00f6ks h\u00e4davajalikud. Nende vastupidav konstruktsioon, t\u00f5husus ja kohanemisv\u00f5ime muudavad need kriitiliseks komponendiks erinevates t\u00f6\u00f6stuslikes rakendustes. M\u00f5istes nende omadusi, \u00f5igeid kasutusviise ja hooldusn\u00f5udeid, saavad operaatorid maksimeerida oma kahvelt\u00f5stukite j\u00f5udlust ja ohutust, suurendades l\u00f5ppkokkuv\u00f5ttes tootlikkust t\u00f6\u00f6kohal. Kvaliteetsetesse roolih\u00fcdraulilistesse silindritesse investeerimine tagab usaldusv\u00e4\u00e4rse ja t\u00e4pse roolimise, mis on \u00fclioluline keerulistes keskkondades navigeerimiseks.<\/p>\n<h1 style=\"text-align: center;\"><img loading=\"lazy\" decoding=\"async\" class=\"alignnone wp-image-17590\" src=\"https:\/\/www.hydraulic-cylinders.net\/wp-content\/uploads\/2025\/03\/Lift-hydraulic-cylinders-for-large-forklift.jpg\" alt=\"\" width=\"500\" height=\"500\" srcset=\"https:\/\/www.hydraulic-cylinders.net\/wp-content\/uploads\/2025\/03\/Lift-hydraulic-cylinders-for-large-forklift.jpg 500w, https:\/\/www.hydraulic-cylinders.net\/wp-content\/uploads\/2025\/03\/Lift-hydraulic-cylinders-for-large-forklift-480x480.jpg 480w\" sizes=\"(min-width: 0px) and (max-width: 480px) 480px, (min-width: 481px) 500px, 100vw\" \/><\/h1>\n<p style=\"text-align: center;\"><strong>Suure kahvelt\u00f5stuki roolisamba h\u00fcdraulilised silindrid<\/strong><\/p>\n<h2><strong>Suure kahvelt\u00f5stuki roolisamba h\u00fcdraulilised silindrid <\/strong><strong>Tehnilised andmed<\/strong><strong>:<\/strong><\/h2>\n<p><strong>Funktsioon:<\/strong> Rakenda kahvelt\u00f5stuki roolisilla t\u00f6\u00f6d ja luba kahvelt\u00f5stuki rehvide roolimist<br \/>\n<strong>Silindri l\u00e4bim\u00f5\u00f5t:<\/strong> 80\u2013160 mm<br \/>\n<strong>Varda l\u00e4bim\u00f5\u00f5t:<\/strong> 50\u2013110 mm<br \/>\n<strong>Reisimine:<\/strong> 71 mm \u00d7 2 \u2013 235 mm \u00d7 2<br \/>\n<strong>Maksimaalne r\u00f5hk:<\/strong> 18MPa<br \/>\n<strong>Maksimaalne t\u00f5ukej\u00f5ud:<\/strong> 362KN<\/p>\n<h2><strong>Suurte kahvelt\u00f5stukite h\u00fcdrauliliste silindrite seeria:\u00a0<\/strong><\/h2>\n<h2><img loading=\"lazy\" decoding=\"async\" class=\"alignnone size-full wp-image-17582\" src=\"https:\/\/www.hydraulic-cylinders.net\/wp-content\/uploads\/2025\/03\/large-forklift-hydraulic-cylinder-construction.webp\" alt=\"\" width=\"1100\" height=\"615\" srcset=\"https:\/\/www.hydraulic-cylinders.net\/wp-content\/uploads\/2025\/03\/large-forklift-hydraulic-cylinder-construction.webp 1100w, https:\/\/www.hydraulic-cylinders.net\/wp-content\/uploads\/2025\/03\/large-forklift-hydraulic-cylinder-construction-980x548.webp 980w, https:\/\/www.hydraulic-cylinders.net\/wp-content\/uploads\/2025\/03\/large-forklift-hydraulic-cylinder-construction-480x268.webp 480w\" sizes=\"(min-width: 0px) and (max-width: 480px) 480px, (min-width: 481px) and (max-width: 980px) 980px, (min-width: 981px) 1100px, 100vw\" \/><\/h2>\n<h2><strong>Suure kahvelt\u00f5stuki roolisamba h\u00fcdrauliliste silindrite p\u00f5hijooned<\/strong><strong>:<\/strong><\/h2>\n<ul>\n<li><strong>Vastupidav konstruktsioon:<\/strong> Roolis\u00fcsteemi h\u00fcdraulilised silindrid on valmistatud kvaliteetsest terasest ja tugevdatud materjalidest, tagades nende vastupidavuse rasketes rakendustes esinevatele n\u00f5udlikele tingimustele. See vastupidavus t\u00e4hendab pikaajalist j\u00f5udlust, v\u00e4hendades sagedaste vahetuste vajadust ja s\u00e4\u00e4stes hoolduskulusid.<\/li>\n<li><strong>K\u00f5rge efektiivsus:<\/strong> Need silindrid on konstrueeritud kiireteks ja reageerivateks roolimisliigutusteks. See disain parandab operaatori kontrolli kahvelt\u00f5stuki \u00fcle, h\u00f5lbustades t\u00e4pseid man\u00f6\u00f6vreid. Olenemata sellest, kas navigeeritakse kitsastes kohtades v\u00f5i sooritatakse j\u00e4rske p\u00f6\u00f6rdeid, saavad operaatorid loota h\u00fcdros\u00fcsteemi kohesele reageerimisele, parandades \u00fcldist tootlikkust.<\/li>\n<li><strong>Kompaktne disain:<\/strong> Roolih\u00fcdrauliliste silindrite kompaktne suurus v\u00f5imaldab neid h\u00f5lpsalt paigaldada erinevatele kahvelt\u00f5stukimudelitele. See funktsioon maksimeerib kahvelt\u00f5stuki konstruktsioonis ruumit\u00f5husust, v\u00f5imaldades tootjatel optimeerida j\u00f5udlust ilma funktsionaalsust ohverdamata. Operaatorid saavad kasu sujuvast seadistusest, mis suurendab paindlikkust kitsastes keskkondades.<\/li>\n<li><strong>Kaitse tagamiseks suletud:<\/strong> Nende silindrite suletud h\u00fcdraulikas\u00fcsteemid pakuvad olulist kaitset mustuse ja niiskuse eest. See tihendus aitab s\u00e4ilitada h\u00fcdraulikavedeliku terviklikkust, tagades \u00fchtlase j\u00f5udluse isegi keerulistes tingimustes. Takistades saasteainete sattumist s\u00fcsteemi, v\u00e4hendavad need silindrid kulumist, pikendades seel\u00e4bi oma t\u00f6\u00f6iga.<\/li>\n<li><strong>Mitmek\u00fclgne \u00fchilduvus:<\/strong> Roolih\u00fcdraulilised silindrid on konstrueeritud \u00fchilduma paljude kahvelt\u00f5stukite mudelitega. See mitmek\u00fclgsus teeb neist ideaalse valiku masinapargi hoolduseks ja uuendamiseks, v\u00f5imaldades ettev\u00f5tetel standardiseerida osi erinevate masinate vahel. Operaatorid saavad silindreid h\u00f5lpsalt vahetada v\u00f5i uuendada, muretsemata \u00fchilduvusprobleemide p\u00e4rast, mis lihtsustab hooldusprotsesse.<\/li>\n<\/ul>\n<h2><strong>Suurte kahvelt\u00f5stukite h\u00fcdrauliliste silindrite juhtimiseks kasutatavad juhtumid:<\/strong><\/h2>\n<p>Roolih\u00fcdraulilised silindrid m\u00e4ngivad olulist rolli suurte kahvelt\u00f5stukite funktsionaalsuse ja efektiivsuse parandamisel erinevates t\u00f6\u00f6stusharudes. Siin on m\u00f5ned peamised kasutusjuhud:<\/p>\n<h4>1. <strong>Laooperatsioonid<\/strong><\/h4>\n<p>Ladudes navigeerivad suured h\u00fcdrauliliste roolisilindritega varustatud kahvelt\u00f5stukid kitsastes vahek\u00e4ikudes ja man\u00f6\u00f6verdavad raskeid kaubaaluseid. T\u00e4pne roolimisv\u00f5ime v\u00f5imaldab operaatoritel kaupu t\u00f5husalt virnastada ja k\u00e4tte saada, optimeerides ruumi ja parandades varude haldamist.<\/p>\n<h4>2. <strong>Ehitusplatsid<\/strong><\/h4>\n<p>Ehitusplatsidel pakuvad need silindrid vajalikku juhtimist raskete materjalide, n\u00e4iteks terastalade ja betoonplokkide teisaldamiseks. Operaatorid saavad kahvelt\u00f5stukit kitsastes kohtades h\u00f5lpsalt juhtida, tagades materjalide ohutu ja t\u00e4pse paigutamise, mis on projekti ajakavade jaoks kriitilise t\u00e4htsusega.<\/p>\n<h4>3. <strong>Tootmisrajatised<\/strong><\/h4>\n<p>Tootmises h\u00f5lbustavad rooli h\u00fcdraulilised silindrid osade ja komponentide transportimist erinevate tootmisetappide vahel. Kiire ja reageeriv roolimine v\u00f5imaldab operaatoritel esemeid t\u00f5husalt teisaldada, v\u00e4hendades seisakuid ja parandades t\u00f6\u00f6voogu kogu rajatises.<\/p>\n<h4>4. <strong>P\u00f5llumajanduslikud rakendused<\/strong><\/h4>\n<p>Suured p\u00f5llumajanduses kasutatavad kahvelt\u00f5stukid kasutavad pallide, kastide ja muude p\u00f5llumajandussaaduste k\u00e4sitsemiseks rooli h\u00fcdraulilisi silindreid. Parem man\u00f6\u00f6verdusv\u00f5ime v\u00f5imaldab p\u00f5llumeestel materjale kiiresti laadida ja maha laadida, muutes tegevuse tipphooajal t\u00f5husamaks.<\/p>\n<h4>5. <strong>Ringlussev\u00f5tt ja j\u00e4\u00e4tmek\u00e4itlus<\/strong><\/h4>\n<p>Ringlussev\u00f5turajatistes aitavad rooli h\u00fcdraulilised silindrid kahvelt\u00f5stukitel taaskasutatavaid materjale transportida ja virnastada. Nende v\u00f5ime liikuda segases keskkonnas tagab sujuva t\u00f6\u00f6, parandades sorteerimisprotsesse ja \u00fcldist t\u00f5husust.<\/p>\n<h3><span style=\"color: #666666; font-size: 14px;\">Kas otsite vastupidavaid kahvelt\u00f5stuki silindreid? Vaadake meie <\/span><a style=\"font-size: 14px;\" href=\"https:\/\/www.hydraulic-cylinders.net\/et\/forklift-hydraulic-cylinder\/\">Raskeveokite h\u00fcdraulilised silindrid<\/a><span style=\"color: #666666; font-size: 14px;\">.<\/span><\/h3>\n<h2><strong>Kahvelt\u00f5stuki silindrite tootmispiirkond:<\/strong><\/h2>\n<h2><img loading=\"lazy\" decoding=\"async\" class=\"alignnone size-full wp-image-16972\" src=\"https:\/\/www.hydraulic-cylinders.net\/wp-content\/uploads\/2025\/01\/hydraulic-cylinder-factory-1-scaled.webp\" sizes=\"(min-width: 0px) and (max-width: 480px) 480px, (min-width: 481px) and (max-width: 980px) 980px, (min-width: 981px) and (max-width: 1280px) 1280px, (min-width: 1281px) 2016px, 100vw\" srcset=\"https:\/\/www.hydraulic-cylinders.net\/wp-content\/uploads\/2025\/01\/hydraulic-cylinder-factory-1-scaled.webp 2016w, https:\/\/www.hydraulic-cylinders.net\/wp-content\/uploads\/2025\/01\/hydraulic-cylinder-factory-1-1280x1625.webp 1280w, https:\/\/www.hydraulic-cylinders.net\/wp-content\/uploads\/2025\/01\/hydraulic-cylinder-factory-1-980x1244.webp 980w, https:\/\/www.hydraulic-cylinders.net\/wp-content\/uploads\/2025\/01\/hydraulic-cylinder-factory-1-480x610.webp 480w\" alt=\"\" width=\"2016\" height=\"2560\" \/><\/h2>\n<p>Meil on esmaklassiline s\u00f5ltumatu teadus- ja arendusplatvorm montaa\u017eiks. Kahvelt\u00f5stuki silindrite tootmist\u00f6\u00f6kojas on neli poolautomaatset t\u00f5stesilindrite montaa\u017eiliini ja t\u00e4isautomaatne kallutussilindrite montaa\u017eiliin, mille projekteeritud aastane tootmisv\u00f5imsus on miljon t\u00fckki. Spetsiaalses silindrite t\u00f6\u00f6kojas on erineva spetsifikatsiooniga poolautomaatsed puhastus- ja montaa\u017eis\u00fcsteemid, mille projekteeritud aastane tootmisv\u00f5imsus on 200 000 t\u00fckki. See on varustatud tuntud kaubam\u00e4rgi CNC-t\u00f6\u00f6tlemisseadmetega, t\u00f6\u00f6tlemiskeskustega, spetsiaalseadmetega silindrite \u00fclit\u00e4pseks t\u00f6\u00f6tlemiseks, robotkeevitusmasinatega, automaatsete puhastusmasinatega, automaatsete silindrite montaa\u017eimasinatega ja automaatsete v\u00e4rvimisliinidega. Meil \u200b\u200bt\u00f6\u00f6tab \u00fcle 300 komplekti v\u00f5tmeseadmeid. Seadmete ressursside optimeeritud jaotus ja t\u00f5hus kasutamine tagavad toodete t\u00e4psusn\u00f5uded ja vastavuse toodete k\u00f5rgetele kvaliteedin\u00f5uetele.<\/p>\n<p>T\u00f6\u00f6tlemistsehh on varustatud eritellimusel valmistatud kaldr\u00f6\u00f6baste treikeskuste, t\u00f6\u00f6tlemiskeskuste, kiirete hoonimismasinate, keevitusrobotite ja muude asjakohaste seadmetega, mis suudavad t\u00f6\u00f6delda silindritorusid maksimaalse sisediameetriga 400 mm ja maksimaalse pikkusega 6 meetrit.<\/p>\n<h2><img loading=\"lazy\" decoding=\"async\" class=\"alignnone size-full wp-image-16973\" src=\"https:\/\/www.hydraulic-cylinders.net\/wp-content\/uploads\/2025\/01\/hydraulic-cylinder-factory-2-scaled.webp\" sizes=\"(min-width: 0px) and (max-width: 480px) 480px, (min-width: 481px) and (max-width: 980px) 980px, (min-width: 981px) and (max-width: 1280px) 1280px, (min-width: 1281px) 2011px, 100vw\" srcset=\"https:\/\/www.hydraulic-cylinders.net\/wp-content\/uploads\/2025\/01\/hydraulic-cylinder-factory-2-scaled.webp 2011w, https:\/\/www.hydraulic-cylinders.net\/wp-content\/uploads\/2025\/01\/hydraulic-cylinder-factory-2-1280x1629.webp 1280w, https:\/\/www.hydraulic-cylinders.net\/wp-content\/uploads\/2025\/01\/hydraulic-cylinder-factory-2-980x1248.webp 980w, https:\/\/www.hydraulic-cylinders.net\/wp-content\/uploads\/2025\/01\/hydraulic-cylinder-factory-2-480x611.webp 480w\" alt=\"\" width=\"2011\" height=\"2560\" \/><\/h2>\n<p>Meil on t\u00e4isautomaatne vesialusel v\u00e4rvimisliin v\u00e4ikeste ja keskmiste balloonide jaoks, mis rakendab automaatseid laadimis- ja mahalaadimisroboteid ning automaatseid pihustusroboteid kavandatud tootmisv\u00f5imsusega 4000 kohta vahetuses. Meil \u200b\u200bon teine \u200b\u200bpoolautomaatne v\u00e4rvimisliin suurte balloonide jaoks, mida k\u00e4itab j\u00f5ukett, mille kavandatud tootmisv\u00f5imsus on 60 kasti vahetuses.<\/p>\n<p>Toote toimivuse edasiseks parandamiseks ja meie h\u00fcdrauliliste silindrite juhtpositsiooni kindlustamiseks t\u00f6\u00f6stuses asutasid meie ettev\u00f5te ja zjimee \u00fchiselt h\u00fcdrauliliste silindrite, h\u00fcdrauliliste ventiilide ja h\u00fcdrauliliste pumpade tervikliku j\u00f5udluslabori; laboris tehakse arvuti abil elektroh\u00fcdraulilise tehnoloogia abil katsetingimusi, mis on arvuti abil eelnevalt seadistatud, mis parandab katse t\u00e4psust ja s\u00fcsteemi mitmek\u00fclgsust ning eksperimentaalseid andmeid.<\/p>\n<p>Automaatne kogumine toimub andurite abil ning v\u00e4ljundandmed, n\u00e4iteks silindri v\u00f5i klapi sisemine leke ja koormust\u00f5husus, t\u00f6\u00f6deldakse otse arvuti poolt ja teisendatakse standard\u00fchikuteks (ml\/min%). Samal ajal teostatakse h\u00fcdraulikas\u00fcsteemi t\u00f6\u00f6ohutuse tagamiseks oleku j\u00e4lgimise funktsiooni selliste oluliste j\u00f5udlusparameetrite jaoks nagu \u201e\u00f5li temperatuuri j\u00e4lgimine, vedeliku taseme j\u00e4lgimine, filtriseadme j\u00e4lgimine\u201c jne. Nende hulgas saab h\u00fcdraulikasilindri katsestend testida \u201ekoormuse\u201c j\u00f5udlust.<br \/>\nefektiivsust \u201eja\u201c siseleket\u201d n\u00e4itude abil. Samal ajal on see varustatud v\u00f5rega m\u00f5\u00f5tevahendiga, mis vastab k\u00f5igi h\u00fcdrauliliste silindrite toodete katseobjektide n\u00f5uetele vastavalt riiklikule standardile.<\/p>\n<p>&nbsp;<\/p>","protected":false},"excerpt":{"rendered":"<p>Steering Hydraulic Cylinders For Large Forklift Steering hydraulic cylinders are vital components in large forklifts, providing the necessary power and precision for steering control. These cylinders enable smooth maneuverability, essential for navigating tight spaces and performing complex tasks. By converting hydraulic pressure into mechanical force, steering hydraulic cylinders enhance the overall efficiency and safety of [&hellip;]<\/p>","protected":false},"featured_media":17595,"comment_status":"open","ping_status":"closed","template":"","meta":{"_et_pb_use_builder":"","_et_pb_old_content":"","_et_gb_content_width":""},"product_brand":[],"product_cat":[1484,1550],"product_tag":[],"class_list":{"0":"post-17593","1":"product","2":"type-product","3":"status-publish","4":"has-post-thumbnail","6":"product_cat-forklift-hydraulic-cylinders","7":"product_cat-double-acting-hydraulic-cylinder","9":"first","10":"instock","11":"shipping-taxable","12":"product-type-simple"},"amp_enabled":true,"_links":{"self":[{"href":"https:\/\/www.hydraulic-cylinders.net\/et\/wp-json\/wp\/v2\/product\/17593","targetHints":{"allow":["GET"]}}],"collection":[{"href":"https:\/\/www.hydraulic-cylinders.net\/et\/wp-json\/wp\/v2\/product"}],"about":[{"href":"https:\/\/www.hydraulic-cylinders.net\/et\/wp-json\/wp\/v2\/types\/product"}],"replies":[{"embeddable":true,"href":"https:\/\/www.hydraulic-cylinders.net\/et\/wp-json\/wp\/v2\/comments?post=17593"}],"wp:featuredmedia":[{"embeddable":true,"href":"https:\/\/www.hydraulic-cylinders.net\/et\/wp-json\/wp\/v2\/media\/17595"}],"wp:attachment":[{"href":"https:\/\/www.hydraulic-cylinders.net\/et\/wp-json\/wp\/v2\/media?parent=17593"}],"wp:term":[{"taxonomy":"product_brand","embeddable":true,"href":"https:\/\/www.hydraulic-cylinders.net\/et\/wp-json\/wp\/v2\/product_brand?post=17593"},{"taxonomy":"product_cat","embeddable":true,"href":"https:\/\/www.hydraulic-cylinders.net\/et\/wp-json\/wp\/v2\/product_cat?post=17593"},{"taxonomy":"product_tag","embeddable":true,"href":"https:\/\/www.hydraulic-cylinders.net\/et\/wp-json\/wp\/v2\/product_tag?post=17593"}],"curies":[{"name":"wp","href":"https:\/\/api.w.org\/{rel}","templated":true}]}}