{"id":17601,"date":"2025-03-18T06:41:02","date_gmt":"2025-03-18T06:41:02","guid":{"rendered":"https:\/\/www.hydraulic-cylinders.net\/?post_type=product&#038;p=17601"},"modified":"2025-04-11T01:44:49","modified_gmt":"2025-04-11T01:44:49","slug":"lifting-hydraulic-cylinders-of-pallet-stacker-truck","status":"publish","type":"product","link":"https:\/\/www.hydraulic-cylinders.net\/et\/toode\/lifting-hydraulic-cylinders-of-pallet-stacker-truck\/","title":{"rendered":"Kaubaaluste virnastaja h\u00fcdraulilised silindrid"},"content":{"rendered":"<h1 style=\"text-align: center;\"><strong>Kaubaaluste virnastaja h\u00fcdraulilised silindrid<\/strong><\/h1>\n<p>T\u00f5steh\u00fcdraulilised silindrid on kaubaaluste virnastajate olulised komponendid, mis v\u00f5imaldavad raskete koormate t\u00f5husat t\u00f5stmist ja langetamist. Need silindrid muudavad h\u00fcdraulilise r\u00f5hu mehaaniliseks j\u00f5uks, pakkudes kaubaaluste ja muude materjalide h\u00f5lpsaks k\u00e4sitsemiseks vajalikku v\u00f5imsust. Nende t\u00f6\u00f6kindlus ja vastupidav konstruktsioon muudavad need laotegevuse optimeerimiseks ja tootlikkuse suurendamiseks \u00fclioluliseks.<\/p>\n<p>T\u00f5steh\u00fcdraulilised silindrid on kaubaaluste virnastajate t\u00f5husa t\u00f6\u00f6 jaoks \u00fcliolulised. Nende suur kandev\u00f5ime, vastupidav konstruktsioon ja sujuv t\u00f6\u00f6 muudavad need asendamatuks erinevates t\u00f6\u00f6stuslikes rakendustes. M\u00f5istes nende omadusi, \u00f5igeid kasutusviise ja hooldusn\u00f5udeid, saavad operaatorid maksimeerida oma seadmete j\u00f5udlust ja ohutust, suurendades l\u00f5ppkokkuv\u00f5ttes materjalik\u00e4itlust\u00f6\u00f6de tootlikkust. Kvaliteetsetesse t\u00f5steh\u00fcdraulilistesse silindritesse investeerimine tagab usaldusv\u00e4\u00e4rse ja t\u00f5husa t\u00f6\u00f6, mis on iga ettev\u00f5tte edu saavutamiseks \u00fclioluline.<\/p>\n<h1 style=\"text-align: center;\"><img loading=\"lazy\" decoding=\"async\" class=\"alignnone wp-image-17603\" src=\"https:\/\/www.hydraulic-cylinders.net\/wp-content\/uploads\/2025\/03\/Lifting-hydraulic-cylinders-of-pallet-stacker-truck-scaled.webp\" alt=\"\" width=\"500\" height=\"500\" \/><\/h1>\n<p style=\"text-align: center;\"><strong>Kaubaaluste virnastaja h\u00fcdraulilised silindrid<\/strong><\/p>\n<h2><strong>Kaubaaluste virnastaja h\u00fcdraulilised silindrid\u00a0<\/strong><strong>Tehnilised andmed<\/strong><strong>:<\/strong><\/h2>\n<p><strong>Funktsioon:<\/strong> Portaali t\u00f5ste- ja langetusfunktsiooni saavutamiseks<br \/>\n<strong>Silindri l\u00e4bim\u00f5\u00f5t:<\/strong> 45 mm \u2013 56 mm<br \/>\n<strong>Varda l\u00e4bim\u00f5\u00f5t:<\/strong> 35\u201340 mm<br \/>\n<strong>Reisimine:<\/strong> 500 mm \u2013 1950 mm<br \/>\n<strong>Maksimaalne r\u00f5hk:<\/strong> 20MPa<br \/>\n<strong>Maksimaalne t\u00f5ukej\u00f5ud:<\/strong> 493KN<\/p>\n<h2><strong>Kaubaaluste virnastaja h\u00fcdraulilise silindri seeria:\u00a0<\/strong><\/h2>\n<h2><img loading=\"lazy\" decoding=\"async\" class=\"alignnone size-full wp-image-17605\" src=\"https:\/\/www.hydraulic-cylinders.net\/wp-content\/uploads\/2025\/03\/Hydraulic-cylinders-of-pallet-stacker-truck-construction.webp\" alt=\"Kaubaaluste virnastaja konstruktsiooni h\u00fcdraulilised silindrid\" width=\"1100\" height=\"615\" srcset=\"https:\/\/www.hydraulic-cylinders.net\/wp-content\/uploads\/2025\/03\/Hydraulic-cylinders-of-pallet-stacker-truck-construction.webp 1100w, https:\/\/www.hydraulic-cylinders.net\/wp-content\/uploads\/2025\/03\/Hydraulic-cylinders-of-pallet-stacker-truck-construction-980x548.webp 980w, https:\/\/www.hydraulic-cylinders.net\/wp-content\/uploads\/2025\/03\/Hydraulic-cylinders-of-pallet-stacker-truck-construction-480x268.webp 480w\" sizes=\"(min-width: 0px) and (max-width: 480px) 480px, (min-width: 481px) and (max-width: 980px) 980px, (min-width: 981px) 1100px, 100vw\" \/><\/h2>\n<h2><strong>Kaubaaluste virnastaja t\u00f5steh\u00fcdrauliliste silindrite p\u00f5hijooned<\/strong><strong>:<\/strong><\/h2>\n<ul>\n<li><strong>Suur kandev\u00f5ime:<\/strong> T\u00f5steh\u00fcdraulilised silindrid on konstrueeritud toetama m\u00e4rkimisv\u00e4\u00e4rseid raskusi, tagades ohutu ja t\u00f5husa t\u00f6\u00f6 isegi raskete koormuste korral. See v\u00f5imekus on oluline t\u00f6\u00f6\u00f5nnetuste ennetamiseks ja materjalide k\u00e4itlemise efektiivsuse parandamiseks.<\/li>\n<li><strong>Vastupidav konstruktsioon:<\/strong> Need \u00fclitugevatest materjalidest valmistatud silindrid on kulumiskindlad, tagades pikaajalise j\u00f5udluse. Nende vastupidav disain minimeerib rikkeohtu, muutes need kulut\u00f5husaks lahenduseks ettev\u00f5tetele, mis vajavad raskete esemete t\u00f5stmist.<\/li>\n<li><strong>Sujuv toimimine:<\/strong> H\u00fcdraulikas\u00fcsteem tagab sujuva ja j\u00e4rjepideva t\u00f5steliigutuse, v\u00e4hendades t\u00f5ukeid ja vibratsiooni. See funktsioon suurendab ohutust ja parandab koorma stabiilsust t\u00f6\u00f6 ajal, v\u00f5imaldades t\u00e4pset k\u00e4sitsemist.<\/li>\n<li><strong>Kompaktne disain:<\/strong> T\u00f5steh\u00fcdraulilised silindrid on kompaktse suurusega, mis h\u00f5lbustab h\u00f5lpsat integreerimist erinevatesse kaubaaluste virnastajate mudelitesse. See disain maksimeerib ruumit\u00f5husust, s\u00e4ilitades samal ajal paindlikkuse ja man\u00f6\u00f6verdusv\u00f5ime.<\/li>\n<li><strong>Mitmek\u00fclgsed rakendused:<\/strong> Need h\u00fcdraulilised silindrid \u00fchilduvad mitut t\u00fc\u00fcpi kaubaaluste virnastajatega ning sobivad kasutamiseks erinevates t\u00f6\u00f6stusharudes, sealhulgas logistikas, tootmises ja jaem\u00fc\u00fcgis. See mitmek\u00fclgsus suurendab nende kasulikkust mitmesuguste t\u00f6\u00f6vajaduste korral.<\/li>\n<\/ul>\n<h2><strong>Kasutusjuhud kaubaaluste virnastaja h\u00fcdrauliliste silindrite t\u00f5stmiseks<\/strong><strong>:<\/strong><\/h2>\n<p>T\u00f5steh\u00fcdraulilised silindrid on kaubaaluste virnastajate kriitilised komponendid, mis v\u00f5imaldavad neil t\u00e4ita mitmesuguseid olulisi \u00fclesandeid materjalik\u00e4itluses ja logistikas. Siin on mitu peamist kasutusjuhtu:<\/p>\n<h4>1. <strong>Lao virnastamine ja v\u00e4ljav\u00f5tmine<\/strong><\/h4>\n<p>T\u00f5steh\u00fcdrauliliste silindritega varustatud kaubaaluste virnastajad virnastavad ja v\u00f5tavad kaubaaluseid k\u00f5rgetelt riiulitelt t\u00f5husalt v\u00e4lja. Silindrid v\u00f5imaldavad sujuvat t\u00f5stmist ja langetamist, optimeerides vertikaalset hoiuruumi ja h\u00f5lbustades kiiret juurdep\u00e4\u00e4su inventarile.<\/p>\n<h4>2. <strong>Laadimis- ja mahalaadimistoimingud<\/strong><\/h4>\n<p>Jaotuskeskustes v\u00f5i jaem\u00fc\u00fcgikohtades laadimise ja mahalaadimise ajal v\u00f5imaldavad need h\u00fcdraulilised silindrid kaubaaluseid t\u00e4pselt positsioneerida. See v\u00e4hendab kaupade kahjustamise ohtu ja minimeerib nendeks toiminguteks kuluvat aega.<\/p>\n<h4>3. <strong>Tellimuste komplekteerimine<\/strong><\/h4>\n<p>Keskkondades, kus tellimuste komplekteerimine on vajalik, saavad t\u00f5steh\u00fcdrauliliste silindritega kaubaaluste virnastajad t\u00f5sta kahvleid sobivale k\u00f5rgusele, et p\u00e4\u00e4seda ligi konkreetsetele esemetele. See funktsioon suurendab klientide tellimuste t\u00e4itmise t\u00f5husust ja t\u00e4psust.<\/p>\n<h4>4. <strong>Ristdokkimine<\/strong><\/h4>\n<p>Ristdokkimise k\u00e4igus, kus tooted transporditakse otse sissetulevalt transpordivahendilt v\u00e4ljaminevale transpordivahendile, h\u00f5lbustavad t\u00f5steh\u00fcdraulilised silindrid kaubaaluste kiiret ja t\u00f5husat liigutamist. See v\u00e4hendab k\u00e4itlemisaega ja parandab \u00fcldist logistikat\u00f5husust.<\/p>\n<h4>5. <strong>Materjalik\u00e4itlus tootmises<\/strong><\/h4>\n<p>Tootmis\u00fcksustes transpordivad kaubaaluste virnastajad sageli toormaterjale ja valmistooteid. T\u00f5steh\u00fcdraulilised silindrid v\u00f5imaldavad t\u00f5stukitel raskeid koormaid ohutult erinevate tootmispiirkondade vahel teisaldada, s\u00e4ilitades sujuva t\u00f6\u00f6voo.<\/p>\n<p>Kas otsite vastupidavaid kahvelt\u00f5stuki silindreid? Vaadake meie <a href=\"https:\/\/www.hydraulic-cylinders.net\/et\/forklift-hydraulic-cylinder\/\">Raskeveokite h\u00fcdraulilised silindrid<\/a>.<\/p>\n<h2><strong>Kahvelt\u00f5stuki silindrite tootmispiirkond:<\/strong><\/h2>\n<h2><img loading=\"lazy\" decoding=\"async\" class=\"alignnone size-full wp-image-16972\" src=\"https:\/\/www.hydraulic-cylinders.net\/wp-content\/uploads\/2025\/01\/hydraulic-cylinder-factory-1-scaled.webp\" sizes=\"(min-width: 0px) and (max-width: 480px) 480px, (min-width: 481px) and (max-width: 980px) 980px, (min-width: 981px) and (max-width: 1280px) 1280px, (min-width: 1281px) 2016px, 100vw\" srcset=\"https:\/\/www.hydraulic-cylinders.net\/wp-content\/uploads\/2025\/01\/hydraulic-cylinder-factory-1-scaled.webp 2016w, https:\/\/www.hydraulic-cylinders.net\/wp-content\/uploads\/2025\/01\/hydraulic-cylinder-factory-1-1280x1625.webp 1280w, https:\/\/www.hydraulic-cylinders.net\/wp-content\/uploads\/2025\/01\/hydraulic-cylinder-factory-1-980x1244.webp 980w, https:\/\/www.hydraulic-cylinders.net\/wp-content\/uploads\/2025\/01\/hydraulic-cylinder-factory-1-480x610.webp 480w\" alt=\"\" width=\"2016\" height=\"2560\" \/><\/h2>\n<p>Meil on esmaklassiline s\u00f5ltumatu teadus- ja arendusplatvorm montaa\u017eiks. Kahvelt\u00f5stuki silindrite tootmist\u00f6\u00f6kojas on neli poolautomaatset t\u00f5stesilindrite montaa\u017eiliini ja t\u00e4isautomaatne kallutussilindrite montaa\u017eiliin, mille projekteeritud aastane tootmisv\u00f5imsus on miljon t\u00fckki. Spetsiaalses silindrite t\u00f6\u00f6kojas on erineva spetsifikatsiooniga poolautomaatsed puhastus- ja montaa\u017eis\u00fcsteemid, mille projekteeritud aastane tootmisv\u00f5imsus on 200 000 t\u00fckki. See on varustatud tuntud kaubam\u00e4rgi CNC-t\u00f6\u00f6tlemisseadmetega, t\u00f6\u00f6tlemiskeskustega, spetsiaalseadmetega silindrite \u00fclit\u00e4pseks t\u00f6\u00f6tlemiseks, robotkeevitusmasinatega, automaatsete puhastusmasinatega, automaatsete silindrite montaa\u017eimasinatega ja automaatsete v\u00e4rvimisliinidega. Meil \u200b\u200bt\u00f6\u00f6tab \u00fcle 300 komplekti v\u00f5tmeseadmeid. Seadmete ressursside optimeeritud jaotus ja t\u00f5hus kasutamine tagavad toodete t\u00e4psusn\u00f5uded ja vastavuse toodete k\u00f5rgetele kvaliteedin\u00f5uetele.<\/p>\n<p>T\u00f6\u00f6tlemistsehh on varustatud eritellimusel valmistatud kaldr\u00f6\u00f6baste treikeskuste, t\u00f6\u00f6tlemiskeskuste, kiirete hoonimismasinate, keevitusrobotite ja muude asjakohaste seadmetega, mis suudavad t\u00f6\u00f6delda silindritorusid maksimaalse sisediameetriga 400 mm ja maksimaalse pikkusega 6 meetrit.<\/p>\n<h2><img loading=\"lazy\" decoding=\"async\" class=\"alignnone size-full wp-image-16973\" src=\"https:\/\/www.hydraulic-cylinders.net\/wp-content\/uploads\/2025\/01\/hydraulic-cylinder-factory-2-scaled.webp\" sizes=\"(min-width: 0px) and (max-width: 480px) 480px, (min-width: 481px) and (max-width: 980px) 980px, (min-width: 981px) and (max-width: 1280px) 1280px, (min-width: 1281px) 2011px, 100vw\" srcset=\"https:\/\/www.hydraulic-cylinders.net\/wp-content\/uploads\/2025\/01\/hydraulic-cylinder-factory-2-scaled.webp 2011w, https:\/\/www.hydraulic-cylinders.net\/wp-content\/uploads\/2025\/01\/hydraulic-cylinder-factory-2-1280x1629.webp 1280w, https:\/\/www.hydraulic-cylinders.net\/wp-content\/uploads\/2025\/01\/hydraulic-cylinder-factory-2-980x1248.webp 980w, https:\/\/www.hydraulic-cylinders.net\/wp-content\/uploads\/2025\/01\/hydraulic-cylinder-factory-2-480x611.webp 480w\" alt=\"\" width=\"2011\" height=\"2560\" \/><\/h2>\n<p>Meil on t\u00e4isautomaatne vesialusel v\u00e4rvimisliin v\u00e4ikeste ja keskmiste balloonide jaoks, mis rakendab automaatseid laadimis- ja mahalaadimisroboteid ning automaatseid pihustusroboteid kavandatud tootmisv\u00f5imsusega 4000 kohta vahetuses. Meil \u200b\u200bon teine \u200b\u200bpoolautomaatne v\u00e4rvimisliin suurte balloonide jaoks, mida k\u00e4itab j\u00f5ukett, mille kavandatud tootmisv\u00f5imsus on 60 kasti vahetuses.<\/p>\n<p>Toote toimivuse edasiseks parandamiseks ja meie h\u00fcdrauliliste silindrite juhtpositsiooni kindlustamiseks t\u00f6\u00f6stuses asutasid meie ettev\u00f5te ja zjimee \u00fchiselt h\u00fcdrauliliste silindrite, h\u00fcdrauliliste ventiilide ja h\u00fcdrauliliste pumpade tervikliku j\u00f5udluslabori; laboris tehakse arvuti abil elektroh\u00fcdraulilise tehnoloogia abil katsetingimusi, mis on arvuti abil eelnevalt seadistatud, mis parandab katse t\u00e4psust ja s\u00fcsteemi mitmek\u00fclgsust ning eksperimentaalseid andmeid.<\/p>\n<p>Automaatne kogumine toimub andurite abil ning v\u00e4ljundandmed, n\u00e4iteks silindri v\u00f5i klapi sisemine leke ja koormust\u00f5husus, t\u00f6\u00f6deldakse otse arvuti poolt ja teisendatakse standard\u00fchikuteks (ml\/min%). Samal ajal teostatakse h\u00fcdraulikas\u00fcsteemi t\u00f6\u00f6ohutuse tagamiseks oleku j\u00e4lgimise funktsiooni selliste oluliste j\u00f5udlusparameetrite jaoks nagu \u201e\u00f5li temperatuuri j\u00e4lgimine, vedeliku taseme j\u00e4lgimine, filtriseadme j\u00e4lgimine\u201c jne. Nende hulgas saab h\u00fcdraulikasilindri katsestend testida \u201ekoormuse\u201c j\u00f5udlust.<br \/>\nefektiivsust \u201eja\u201c siseleket\u201d n\u00e4itude abil. Samal ajal on see varustatud v\u00f5rega m\u00f5\u00f5tevahendiga, mis vastab k\u00f5igi h\u00fcdrauliliste silindrite toodete katseobjektide n\u00f5uetele vastavalt riiklikule standardile.<\/p>\n<p>&nbsp;<\/p>","protected":false},"excerpt":{"rendered":"<p>Lifting Hydraulic Cylinders of Pallet Stacker Truck Lifting hydraulic cylinders are essential components of pallet stacker trucks, enabling efficient lifting and lowering of heavy loads. These cylinders convert hydraulic pressure into mechanical force, providing the power necessary to handle pallets and other materials with ease. Their reliability and robust design make them crucial for optimizing [&hellip;]<\/p>","protected":false},"featured_media":17604,"comment_status":"open","ping_status":"closed","template":"","meta":{"_et_pb_use_builder":"","_et_pb_old_content":"","_et_gb_content_width":""},"product_brand":[],"product_cat":[1484,1549,1376],"product_tag":[],"class_list":{"0":"post-17601","1":"product","2":"type-product","3":"status-publish","4":"has-post-thumbnail","6":"product_cat-forklift-hydraulic-cylinders","7":"product_cat-single-acting-hydraulic-cylinder","8":"product_cat-hydraulic-cylinder","10":"first","11":"instock","12":"shipping-taxable","13":"product-type-simple"},"amp_enabled":true,"_links":{"self":[{"href":"https:\/\/www.hydraulic-cylinders.net\/et\/wp-json\/wp\/v2\/product\/17601","targetHints":{"allow":["GET"]}}],"collection":[{"href":"https:\/\/www.hydraulic-cylinders.net\/et\/wp-json\/wp\/v2\/product"}],"about":[{"href":"https:\/\/www.hydraulic-cylinders.net\/et\/wp-json\/wp\/v2\/types\/product"}],"replies":[{"embeddable":true,"href":"https:\/\/www.hydraulic-cylinders.net\/et\/wp-json\/wp\/v2\/comments?post=17601"}],"wp:featuredmedia":[{"embeddable":true,"href":"https:\/\/www.hydraulic-cylinders.net\/et\/wp-json\/wp\/v2\/media\/17604"}],"wp:attachment":[{"href":"https:\/\/www.hydraulic-cylinders.net\/et\/wp-json\/wp\/v2\/media?parent=17601"}],"wp:term":[{"taxonomy":"product_brand","embeddable":true,"href":"https:\/\/www.hydraulic-cylinders.net\/et\/wp-json\/wp\/v2\/product_brand?post=17601"},{"taxonomy":"product_cat","embeddable":true,"href":"https:\/\/www.hydraulic-cylinders.net\/et\/wp-json\/wp\/v2\/product_cat?post=17601"},{"taxonomy":"product_tag","embeddable":true,"href":"https:\/\/www.hydraulic-cylinders.net\/et\/wp-json\/wp\/v2\/product_tag?post=17601"}],"curies":[{"name":"wp","href":"https:\/\/api.w.org\/{rel}","templated":true}]}}