{"id":17606,"date":"2025-03-18T06:59:19","date_gmt":"2025-03-18T06:59:19","guid":{"rendered":"https:\/\/www.hydraulic-cylinders.net\/?post_type=product&#038;p=17606"},"modified":"2025-04-11T01:44:46","modified_gmt":"2025-04-11T01:44:46","slug":"lift-hydraulic-cylinders-for-forward-moving-forklift","status":"publish","type":"product","link":"https:\/\/www.hydraulic-cylinders.net\/et\/toode\/lift-hydraulic-cylinders-for-forward-moving-forklift\/","title":{"rendered":"T\u00f5steh\u00fcdraulilised silindrid edasiliikuvale kahvelt\u00f5stukile"},"content":{"rendered":"<h1 style=\"text-align: center;\"><strong>T\u00f5steh\u00fcdraulilised silindrid edasiliikuva kahvelt\u00f5stuki jaoks<\/strong><\/h1>\n<p>T\u00f5steh\u00fcdraulilised silindrid on edasiliikuvate kahvelt\u00f5stukite olulised komponendid, pakkudes vajalikku t\u00f5stej\u00f5udu raskete koormate t\u00f5husaks k\u00e4sitsemiseks. Need silindrid muudavad h\u00fcdraulilise r\u00f5hu mehaaniliseks j\u00f5uks, v\u00f5imaldades kahvelt\u00f5stukitel koormaid t\u00e4pselt t\u00f5sta ja langetada. Nende vastupidav konstruktsioon ja usaldusv\u00e4\u00e4rne j\u00f5udlus muudavad need asendamatuks erinevates t\u00f6\u00f6stusrakendustes, suurendades tootlikkust ja ohutust.<\/p>\n<p>T\u00f5steh\u00fcdraulilised silindrid on edasiliikuvate kahvelt\u00f5stukite t\u00f5husa t\u00f6\u00f6 jaoks \u00fcliolulised. Nende suur kandev\u00f5ime, vastupidav konstruktsioon ja sujuv t\u00f6\u00f6 muudavad need asendamatuks erinevates t\u00f6\u00f6stuslikes rakendustes. M\u00f5istes nende omadusi, \u00f5igeid kasutusviise ja hooldusn\u00f5udeid, saavad operaatorid maksimeerida oma seadmete j\u00f5udlust ja ohutust, suurendades l\u00f5ppkokkuv\u00f5ttes materjalik\u00e4itlust\u00f6\u00f6de tootlikkust. Kvaliteetsetesse t\u00f5steh\u00fcdraulilistesse silindritesse investeerimine tagab usaldusv\u00e4\u00e4rse ja t\u00f5husa t\u00f6\u00f6, mis on iga ettev\u00f5tte edu saavutamiseks \u00fclioluline.<\/p>\n<h1 style=\"text-align: center;\"><img loading=\"lazy\" decoding=\"async\" class=\"alignnone wp-image-17609\" src=\"https:\/\/www.hydraulic-cylinders.net\/wp-content\/uploads\/2025\/03\/Lift-hydraulic-cylinders-for-Forward-moving-forklift--scaled.webp\" alt=\"\" width=\"500\" height=\"500\" \/><\/h1>\n<p style=\"text-align: center;\"><strong>Kaubaaluste virnastaja h\u00fcdraulilised silindrid<\/strong><\/p>\n<h2><strong>T\u00f5steh\u00fcdraulilised silindrid edasiliikuvale kahvelt\u00f5stukile <\/strong><strong>Tehnilised andmed<\/strong><strong>:<\/strong><\/h2>\n<p><strong>Funktsioon:<\/strong> Portaali t\u00f5ste- ja langetusfunktsiooni saavutamiseks<br \/>\n<strong>Silindri l\u00e4bim\u00f5\u00f5t:<\/strong> 45\u201375 mm<br \/>\n<strong>Varda l\u00e4bim\u00f5\u00f5t:<\/strong> 45\u201365 mm<br \/>\n<strong>Reisimine:<\/strong> 500\u20133980 mm<br \/>\n<strong>Maksimaalne r\u00f5hk:<\/strong> 21MPa<br \/>\n<strong>Maksimaalne t\u00f5ukej\u00f5ud:<\/strong> 93KN<\/p>\n<h2><strong>Edasi liikuva kahvelt\u00f5stuki silindrite seeria:\u00a0<\/strong><\/h2>\n<h2><img loading=\"lazy\" decoding=\"async\" class=\"alignnone size-full wp-image-17611\" src=\"https:\/\/www.hydraulic-cylinders.net\/wp-content\/uploads\/2025\/03\/Forward-moving-forklift-hydraulic-cylinders-construction.webp\" alt=\"Edasi liikuvate kahvelt\u00f5stukite h\u00fcdrauliliste silindrite konstruktsioon\" width=\"1100\" height=\"615\" srcset=\"https:\/\/www.hydraulic-cylinders.net\/wp-content\/uploads\/2025\/03\/Forward-moving-forklift-hydraulic-cylinders-construction.webp 1100w, https:\/\/www.hydraulic-cylinders.net\/wp-content\/uploads\/2025\/03\/Forward-moving-forklift-hydraulic-cylinders-construction-980x548.webp 980w, https:\/\/www.hydraulic-cylinders.net\/wp-content\/uploads\/2025\/03\/Forward-moving-forklift-hydraulic-cylinders-construction-480x268.webp 480w\" sizes=\"(min-width: 0px) and (max-width: 480px) 480px, (min-width: 481px) and (max-width: 980px) 980px, (min-width: 981px) 1100px, 100vw\" \/><\/h2>\n<h2><strong>Edasiliikuva kahvelt\u00f5stuki h\u00fcdrauliliste silindrite p\u00f5hijooned<\/strong><strong>:<\/strong><\/h2>\n<ul>\n<li><strong>Suur kandev\u00f5ime:<\/strong> T\u00f5steh\u00fcdraulilised silindrid on spetsiaalselt loodud suurte raskuste k\u00e4sitsemiseks, pakkudes vajalikku tugevust raskete koormate ohutuks t\u00f5stmiseks. See v\u00f5ime on \u00f5nnetuste ennetamisel \u00fclioluline, kuna see tagab, et kahvelt\u00f5stuk t\u00f6\u00f6tab oma koormuspiiride piires. T\u00f5husa materjalik\u00e4itluse h\u00f5lbustamisega suurendavad need silindrid tootlikkust ja v\u00e4hendavad t\u00f5stmis\u00fclesanneteks kuluvat aega, v\u00f5imaldades operaatoritel keskenduda muudele olulistele tegevustele.<\/li>\n<li><strong>Vastupidav konstruktsioon:<\/strong> K\u00f5rgtugevatest materjalidest valmistatud t\u00f5steh\u00fcdraulilised silindrid on kulumiskindlad isegi k\u00f5ige n\u00f5udlikumates keskkondades. Nende vastupidav konstruktsioon mitte ainult ei taga pikaajalist j\u00f5udlust, vaid v\u00e4hendab oluliselt ka mehaaniliste rikete ohtu. See vastupidavus t\u00e4hendab madalamaid hoolduskulusid ja l\u00fchemat seisakuid, muutes need silindrid kulut\u00f5husaks valikuks ettev\u00f5tetele, kes otsivad usaldusv\u00e4\u00e4rseid seadmeid, mis peavad vastu igap\u00e4evase kasutamise raskustele.<\/li>\n<li><strong>Sujuv toimimine:<\/strong> Nende silindrite h\u00fcdros\u00fcsteem tagab \u00fchtlase ja sujuva t\u00f5stmise ja langetamise, mis on koorma stabiilsuse s\u00e4ilitamiseks \u00fclioluline. T\u00f6\u00f6 ajal tekkivate t\u00f5ukete ja vibratsiooni minimeerimisega suurendavad t\u00f5steh\u00fcdraulilised silindrid nii operaatori kui ka \u00fcmbritseva personali ohutust. See sujuv t\u00f6\u00f6 aitab kaasa ka paremale kontrollile tundlike v\u00f5i habraste materjalide k\u00e4sitsemisel, tagades nende turvalisuse kogu t\u00f5steprotsessi v\u00e4ltel.<\/li>\n<li><strong>Kompaktne disain:<\/strong> T\u00f5steh\u00fcdraulilised silindrid on saadaval erinevates suurustes, et need sobiksid erinevatele kahvelt\u00f5stukimudelitele, v\u00f5imaldades sujuvat integreerimist olemasolevasse seadmesse. See kompaktne disain ei kahjusta s\u00f5iduki man\u00f6\u00f6verdusv\u00f5imet, v\u00f5imaldades operaatoritel kitsastes kohtades h\u00f5lpsalt navigeerida. Nende silindrite kohandatavus tagab, et neid saab kasutada erinevates rakendustes ilma kahvelt\u00f5stukit oluliselt muutmata.<\/li>\n<li><strong>Mitmek\u00fclgsed rakendused:<\/strong> Need h\u00fcdrosilindrid sobivad paljudele t\u00f6\u00f6stusharudele, sealhulgas logistika, tootmine ja ehitus. Nende mitmek\u00fclgsus muudab need kohandatavaks erinevatele t\u00f6\u00f6vajadustele, alates lao virnastamisest ja v\u00e4ljav\u00f5tmisest kuni raskete esemete t\u00f5stmiseni ehitusplatsidel. See lai rakendatavus v\u00f5imaldab ettev\u00f5tetel kasutada t\u00f5steh\u00fcdraulilisi silindreid mitmes keskkonnas, optimeerides oma materjalik\u00e4itlusprotsesse ja parandades \u00fcldist efektiivsust.<\/li>\n<\/ul>\n<h2><strong>Kasutage edasiliikuva kahvelt\u00f5stuki h\u00fcdrauliliste silindrite juhtumeid<\/strong><strong>:<\/strong><\/h2>\n<p>T\u00f5steh\u00fcdraulilised silindrid m\u00e4ngivad olulist rolli edasiliikuvate kahvelt\u00f5stukite funktsionaalsuse ja efektiivsuse parandamisel. Siin on m\u00f5ned peamised kasutusjuhud, mis r\u00f5hutavad nende olulisust erinevates t\u00f6\u00f6stusharudes:<\/p>\n<h3>1. <strong>Laooperatsioonid<\/strong><\/h3>\n<p>Ladudes v\u00f5imaldavad h\u00fcdraulilised t\u00f5stesilindrid kahvelt\u00f5stukitel kaubaaluseid erinevatel k\u00f5rgustel virnastada ja k\u00e4tte saada. See v\u00f5ime optimeerib vertikaalset hoiuruumi ja v\u00f5imaldab kiiret juurdep\u00e4\u00e4su laoseisule, sujuvamaks muutes toiminguid ja parandades \u00fcldist efektiivsust.<\/p>\n<h3>2. <strong>Laadimine ja mahalaadimine<\/strong><\/h3>\n<p>T\u00f5steh\u00fcdraulilised silindrid h\u00f5lbustavad kaupade laadimist ja mahalaadimist veoautodelt ja konteineritelt. V\u00f5imaldades kahvelt\u00f5stukitel koormaid sujuvalt t\u00f5sta ja langetada, minimeerivad need toodete kahjustamise ohtu ja v\u00e4hendavad nendele \u00fclesannetele kuluvat aega, suurendades \u00fcldist tootlikkust.<\/p>\n<h3>3. <strong>Tellimuste komplekteerimine<\/strong><\/h3>\n<p>Keskkondades, kus tellimuste komplekteerimine on oluline, v\u00f5imaldavad h\u00fcdraulilised silindrid kahvelt\u00f5stukitel end t\u00e4pselt vajalikule k\u00f5rgusele positsioneerida, et p\u00e4\u00e4seda ligi konkreetsetele esemetele. See funktsioon parandab tellimuste t\u00e4itmise t\u00e4psust ja suurendab \u00fcldist tegevuse efektiivsust.<\/p>\n<h3>4. <strong>Ristdokkimine<\/strong><\/h3>\n<p>Ristdokkimise k\u00e4igus, kus tooted transporditakse otse sissetulevalt transpordivahendilt v\u00e4ljaminevale, aitavad t\u00f5steh\u00fcdraulilised silindrid kaubaaluseid kiiresti ja t\u00f5husalt liigutada. See v\u00e4hendab k\u00e4itlemisaega ja tagab sujuva kaubavoo l\u00e4bi tarneahela.<\/p>\n<h3>5. <strong>Tootmisrajatised<\/strong><\/h3>\n<p>Tootmiskeskkondades aitavad h\u00fcdraulilised t\u00f5stesilindrid transportida toormaterjale ja valmistooteid erinevate tootmisetappide vahel. Nende v\u00f5ime raskeid esemeid ohutult t\u00f5sta parandab t\u00f6\u00f6voogu ja tootlikkust konveieriliinidel.<\/p>\n<p>Kas otsite vastupidavaid kahvelt\u00f5stuki silindreid? Vaadake meie <a href=\"https:\/\/www.hydraulic-cylinders.net\/et\/forklift-hydraulic-cylinder\/\">Raskeveokite h\u00fcdraulilised silindrid<\/a>.<\/p>\n<h2><strong>Kahvelt\u00f5stuki silindrite tootmispiirkond:<\/strong><\/h2>\n<h2><img loading=\"lazy\" decoding=\"async\" class=\"alignnone size-full wp-image-16972\" src=\"https:\/\/www.hydraulic-cylinders.net\/wp-content\/uploads\/2025\/01\/hydraulic-cylinder-factory-1-scaled.webp\" sizes=\"(min-width: 0px) and (max-width: 480px) 480px, (min-width: 481px) and (max-width: 980px) 980px, (min-width: 981px) and (max-width: 1280px) 1280px, (min-width: 1281px) 2016px, 100vw\" srcset=\"https:\/\/www.hydraulic-cylinders.net\/wp-content\/uploads\/2025\/01\/hydraulic-cylinder-factory-1-scaled.webp 2016w, https:\/\/www.hydraulic-cylinders.net\/wp-content\/uploads\/2025\/01\/hydraulic-cylinder-factory-1-1280x1625.webp 1280w, https:\/\/www.hydraulic-cylinders.net\/wp-content\/uploads\/2025\/01\/hydraulic-cylinder-factory-1-980x1244.webp 980w, https:\/\/www.hydraulic-cylinders.net\/wp-content\/uploads\/2025\/01\/hydraulic-cylinder-factory-1-480x610.webp 480w\" alt=\"\" width=\"2016\" height=\"2560\" \/><\/h2>\n<p>Meil on esmaklassiline s\u00f5ltumatu teadus- ja arendusplatvorm montaa\u017eiks. Kahvelt\u00f5stuki silindrite tootmist\u00f6\u00f6kojas on neli poolautomaatset t\u00f5stesilindrite montaa\u017eiliini ja t\u00e4isautomaatne kallutussilindrite montaa\u017eiliin, mille projekteeritud aastane tootmisv\u00f5imsus on miljon t\u00fckki. Spetsiaalses silindrite t\u00f6\u00f6kojas on erineva spetsifikatsiooniga poolautomaatsed puhastus- ja montaa\u017eis\u00fcsteemid, mille projekteeritud aastane tootmisv\u00f5imsus on 200 000 t\u00fckki. See on varustatud tuntud kaubam\u00e4rgi CNC-t\u00f6\u00f6tlemisseadmetega, t\u00f6\u00f6tlemiskeskustega, spetsiaalseadmetega silindrite \u00fclit\u00e4pseks t\u00f6\u00f6tlemiseks, robotkeevitusmasinatega, automaatsete puhastusmasinatega, automaatsete silindrite montaa\u017eimasinatega ja automaatsete v\u00e4rvimisliinidega. Meil \u200b\u200bt\u00f6\u00f6tab \u00fcle 300 komplekti v\u00f5tmeseadmeid. Seadmete ressursside optimeeritud jaotus ja t\u00f5hus kasutamine tagavad toodete t\u00e4psusn\u00f5uded ja vastavuse toodete k\u00f5rgetele kvaliteedin\u00f5uetele.<\/p>\n<p>T\u00f6\u00f6tlemistsehh on varustatud eritellimusel valmistatud kaldr\u00f6\u00f6baste treikeskuste, t\u00f6\u00f6tlemiskeskuste, kiirete hoonimismasinate, keevitusrobotite ja muude asjakohaste seadmetega, mis suudavad t\u00f6\u00f6delda silindritorusid maksimaalse sisediameetriga 400 mm ja maksimaalse pikkusega 6 meetrit.<\/p>\n<h2><img loading=\"lazy\" decoding=\"async\" class=\"alignnone size-full wp-image-16973\" src=\"https:\/\/www.hydraulic-cylinders.net\/wp-content\/uploads\/2025\/01\/hydraulic-cylinder-factory-2-scaled.webp\" sizes=\"(min-width: 0px) and (max-width: 480px) 480px, (min-width: 481px) and (max-width: 980px) 980px, (min-width: 981px) and (max-width: 1280px) 1280px, (min-width: 1281px) 2011px, 100vw\" srcset=\"https:\/\/www.hydraulic-cylinders.net\/wp-content\/uploads\/2025\/01\/hydraulic-cylinder-factory-2-scaled.webp 2011w, https:\/\/www.hydraulic-cylinders.net\/wp-content\/uploads\/2025\/01\/hydraulic-cylinder-factory-2-1280x1629.webp 1280w, https:\/\/www.hydraulic-cylinders.net\/wp-content\/uploads\/2025\/01\/hydraulic-cylinder-factory-2-980x1248.webp 980w, https:\/\/www.hydraulic-cylinders.net\/wp-content\/uploads\/2025\/01\/hydraulic-cylinder-factory-2-480x611.webp 480w\" alt=\"\" width=\"2011\" height=\"2560\" \/><\/h2>\n<p>Meil on t\u00e4isautomaatne vesialusel v\u00e4rvimisliin v\u00e4ikeste ja keskmiste balloonide jaoks, mis rakendab automaatseid laadimis- ja mahalaadimisroboteid ning automaatseid pihustusroboteid kavandatud tootmisv\u00f5imsusega 4000 kohta vahetuses. Meil \u200b\u200bon teine \u200b\u200bpoolautomaatne v\u00e4rvimisliin suurte balloonide jaoks, mida k\u00e4itab j\u00f5ukett, mille kavandatud tootmisv\u00f5imsus on 60 kasti vahetuses.<\/p>\n<p>Toote toimivuse edasiseks parandamiseks ja meie h\u00fcdrauliliste silindrite juhtpositsiooni kindlustamiseks t\u00f6\u00f6stuses asutasid meie ettev\u00f5te ja zjimee \u00fchiselt h\u00fcdrauliliste silindrite, h\u00fcdrauliliste ventiilide ja h\u00fcdrauliliste pumpade tervikliku j\u00f5udluslabori; laboris tehakse arvuti abil elektroh\u00fcdraulilise tehnoloogia abil katsetingimusi, mis on arvuti abil eelnevalt seadistatud, mis parandab katse t\u00e4psust ja s\u00fcsteemi mitmek\u00fclgsust ning eksperimentaalseid andmeid.<\/p>\n<p>Automaatne kogumine toimub andurite abil ning v\u00e4ljundandmed, n\u00e4iteks silindri v\u00f5i klapi sisemine leke ja koormust\u00f5husus, t\u00f6\u00f6deldakse otse arvuti poolt ja teisendatakse standard\u00fchikuteks (ml\/min%). Samal ajal teostatakse h\u00fcdraulikas\u00fcsteemi t\u00f6\u00f6ohutuse tagamiseks oleku j\u00e4lgimise funktsiooni selliste oluliste j\u00f5udlusparameetrite jaoks nagu \u201e\u00f5li temperatuuri j\u00e4lgimine, vedeliku taseme j\u00e4lgimine, filtriseadme j\u00e4lgimine\u201c jne. Nende hulgas saab h\u00fcdraulikasilindri katsestend testida \u201ekoormuse\u201c j\u00f5udlust.<br \/>\nefektiivsust \u201eja\u201c siseleket\u201d n\u00e4itude abil. Samal ajal on see varustatud v\u00f5rega m\u00f5\u00f5tevahendiga, mis vastab k\u00f5igi h\u00fcdrauliliste silindrite toodete katseobjektide n\u00f5uetele vastavalt riiklikule standardile.<\/p>","protected":false},"excerpt":{"rendered":"<p>Lift Hydraulic Cylinders For Forward Moving Forklift Lift hydraulic cylinders are essential components of forward moving forklifts, providing the necessary lifting power to handle heavy loads efficiently. These cylinders convert hydraulic pressure into mechanical force, enabling forklifts to raise and lower loads with precision. Their robust design and reliable performance make them indispensable in various [&hellip;]<\/p>","protected":false},"featured_media":17610,"comment_status":"open","ping_status":"closed","template":"","meta":{"_et_pb_use_builder":"","_et_pb_old_content":"","_et_gb_content_width":""},"product_brand":[],"product_cat":[1484,1549],"product_tag":[],"class_list":{"0":"post-17606","1":"product","2":"type-product","3":"status-publish","4":"has-post-thumbnail","6":"product_cat-forklift-hydraulic-cylinders","7":"product_cat-single-acting-hydraulic-cylinder","9":"first","10":"instock","11":"shipping-taxable","12":"product-type-simple"},"amp_enabled":true,"_links":{"self":[{"href":"https:\/\/www.hydraulic-cylinders.net\/et\/wp-json\/wp\/v2\/product\/17606","targetHints":{"allow":["GET"]}}],"collection":[{"href":"https:\/\/www.hydraulic-cylinders.net\/et\/wp-json\/wp\/v2\/product"}],"about":[{"href":"https:\/\/www.hydraulic-cylinders.net\/et\/wp-json\/wp\/v2\/types\/product"}],"replies":[{"embeddable":true,"href":"https:\/\/www.hydraulic-cylinders.net\/et\/wp-json\/wp\/v2\/comments?post=17606"}],"wp:featuredmedia":[{"embeddable":true,"href":"https:\/\/www.hydraulic-cylinders.net\/et\/wp-json\/wp\/v2\/media\/17610"}],"wp:attachment":[{"href":"https:\/\/www.hydraulic-cylinders.net\/et\/wp-json\/wp\/v2\/media?parent=17606"}],"wp:term":[{"taxonomy":"product_brand","embeddable":true,"href":"https:\/\/www.hydraulic-cylinders.net\/et\/wp-json\/wp\/v2\/product_brand?post=17606"},{"taxonomy":"product_cat","embeddable":true,"href":"https:\/\/www.hydraulic-cylinders.net\/et\/wp-json\/wp\/v2\/product_cat?post=17606"},{"taxonomy":"product_tag","embeddable":true,"href":"https:\/\/www.hydraulic-cylinders.net\/et\/wp-json\/wp\/v2\/product_tag?post=17606"}],"curies":[{"name":"wp","href":"https:\/\/api.w.org\/{rel}","templated":true}]}}