{"id":17607,"date":"2025-03-18T07:49:55","date_gmt":"2025-03-18T07:49:55","guid":{"rendered":"https:\/\/www.hydraulic-cylinders.net\/?post_type=product&#038;p=17607"},"modified":"2025-04-11T03:15:23","modified_gmt":"2025-04-11T03:15:23","slug":"left-and-right-forward-extension-cylinders-for-forward-moving-forklift","status":"publish","type":"product","link":"https:\/\/www.hydraulic-cylinders.net\/et\/toode\/left-and-right-forward-extension-cylinders-for-forward-moving-forklift\/","title":{"rendered":"Vasak ja parempoolne edasiliikumise silindrid edasiliikuvale kahvelt\u00f5stukile"},"content":{"rendered":"<h1 style=\"text-align: center;\"><strong>Vasak ja parempoolne edasiliikumise silindrid edasiliikuvale kahvelt\u00f5stukile<\/strong><\/h1>\n<p>Vasak- ja parempoolsed pikendussilindrid on edasiliikuvate kahvelt\u00f5stukite olulised komponendid, mis suurendavad nende t\u00f6\u00f6 efektiivsust ja mitmek\u00fclgsust. Need h\u00fcdraulilised silindrid v\u00f5imaldavad kahvelt\u00f5stukitel oma ulatust suurendada, muutes suuremate vahemaade taha paigutatud koormate k\u00e4sitsemise lihtsamaks. Parandades kahvelt\u00f5stuki man\u00f6\u00f6verdamis- ja t\u00f5stev\u00f5imet, m\u00e4ngivad need pikendussilindrid olulist rolli erinevates materjalik\u00e4itlusrakendustes, alates ladudest kuni ehitusplatsideni.<\/p>\n<p>Vasak- ja parempoolsed pikendussilindrid suurendavad oluliselt edasiliikuvate kahvelt\u00f5stukite funktsionaalsust. Nende v\u00f5ime pakkuda suuremat ulatust koos vastupidava konstruktsiooni ja sujuva t\u00f6\u00f6ga muudab need h\u00e4davajalikuks mitmesuguste materjalik\u00e4itlust\u00f6\u00f6de jaoks. M\u00f5istes nende omadusi, \u00f5igeid kasutusviise ja hooldusn\u00f5udeid, saavad operaatorid oma tegevuses maksimeerida efektiivsust ja ohutust. Kvaliteetsetesse pikendussilindritesse investeerimine tagab usaldusv\u00e4\u00e4rse j\u00f5udluse ja parema tootlikkuse, aidates kaasa iga t\u00f5husatest materjalik\u00e4itluslahendustest s\u00f5ltuva ettev\u00f5tte \u00fcldisele edule.<\/p>\n<h1 style=\"text-align: center;\"><img loading=\"lazy\" decoding=\"async\" class=\"alignnone wp-image-17613\" src=\"https:\/\/www.hydraulic-cylinders.net\/wp-content\/uploads\/2025\/03\/left-and-right-forward-extension-cylinder-1.webp\" alt=\"\" width=\"500\" height=\"500\" srcset=\"https:\/\/www.hydraulic-cylinders.net\/wp-content\/uploads\/2025\/03\/left-and-right-forward-extension-cylinder-1.webp 500w, https:\/\/www.hydraulic-cylinders.net\/wp-content\/uploads\/2025\/03\/left-and-right-forward-extension-cylinder-1-480x480.webp 480w\" sizes=\"(min-width: 0px) and (max-width: 480px) 480px, (min-width: 481px) 500px, 100vw\" \/><\/h1>\n<p style=\"text-align: center;\"><strong>Vasak ja parempoolne edasiliikumise silindrid edasiliikuvale kahvelt\u00f5stukile<\/strong><\/p>\n<h2><strong>Vasak ja parempoolne edasiliikumise silindrid edasiliikuvale kahvelt\u00f5stukile <\/strong><strong>Tehnilised andmed<\/strong><strong>:<\/strong><\/h2>\n<div class=\"Message_messageTextContainer__w64Sc\">\n<div>\n<div class=\"Markdown_markdownContainer__Tz3HQ\">\n<p><strong>Funktsioon:<\/strong> Kahvli edasi-tagasi liikumise saavutamiseks<br \/>\n<strong>Silindri l\u00e4bim\u00f5\u00f5t:<\/strong> 50 mm<br \/>\n<strong>Varda l\u00e4bim\u00f5\u00f5t:<\/strong> 25 mm<br \/>\n<strong>Reisimine:<\/strong> 101\u2013112 mm<br \/>\n<strong>Maksimaalne r\u00f5hk:<\/strong> 20MPa<br \/>\n<strong>Maksimaalne t\u00f5ukej\u00f5ud:<\/strong> 39 tuhat dollarit<\/p>\n<\/div>\n<\/div>\n<\/div>\n<h2><strong>Edasi liikuva kahvelt\u00f5stuki silindrite seeria:\u00a0<\/strong><\/h2>\n<h2><img loading=\"lazy\" decoding=\"async\" class=\"alignnone size-full wp-image-17611\" src=\"https:\/\/www.hydraulic-cylinders.net\/wp-content\/uploads\/2025\/03\/Forward-moving-forklift-hydraulic-cylinders-construction.webp\" alt=\"Edasi liikuvate kahvelt\u00f5stukite h\u00fcdrauliliste silindrite konstruktsioon\" width=\"1100\" height=\"615\" srcset=\"https:\/\/www.hydraulic-cylinders.net\/wp-content\/uploads\/2025\/03\/Forward-moving-forklift-hydraulic-cylinders-construction.webp 1100w, https:\/\/www.hydraulic-cylinders.net\/wp-content\/uploads\/2025\/03\/Forward-moving-forklift-hydraulic-cylinders-construction-980x548.webp 980w, https:\/\/www.hydraulic-cylinders.net\/wp-content\/uploads\/2025\/03\/Forward-moving-forklift-hydraulic-cylinders-construction-480x268.webp 480w\" sizes=\"(min-width: 0px) and (max-width: 480px) 480px, (min-width: 481px) and (max-width: 980px) 980px, (min-width: 981px) 1100px, 100vw\" \/><\/h2>\n<h2><strong>Vasak- ja parempoolsete pikendussilindrite p\u00f5hijooned edasiliikuvale kahvelt\u00f5stukile<\/strong><strong>:<\/strong><\/h2>\n<ul>\n<li><strong>Laiendatud ulatus:<\/strong> Vasak- ja parempoolsed pikendussilindrid suurendavad oluliselt kahvelt\u00f5stuki ulatust, v\u00f5imaldades operaatoritel p\u00e4\u00e4seda ligi kaugemal asuvatele koormatele. See lisaulatus on eriti kasulik laadimis- ja mahalaadimist\u00f6\u00f6de ajal, kus t\u00e4psus ja t\u00f5husus on \u00fcliolulised. V\u00f5imaldades operaatoritel materjale kaugemalt k\u00e4sitseda, sujuvamaks muudavad need silindrid t\u00f6\u00f6vooge, v\u00e4hendavad iga \u00fclesande t\u00e4itmisele kuluvat aega ja viivad l\u00f5ppkokkuv\u00f5ttes k\u00f5rgema tootlikkuseni.<\/li>\n<li><strong>Vastupidav konstruktsioon:<\/strong> Need \u00fclitugevatest materjalidest valmistatud pikendussilindrid on loodud vastu pidama rasketele kasutustingimustele. Nende vastupidav konstruktsioon mitte ainult ei taga erakordset vastupidavust, vaid pikendab oluliselt ka nende eluiga. Kulumise minimeerimise abil v\u00e4hendavad need silindrid sagedaste vahetuste ja remondit\u00f6\u00f6de vajadust, mis t\u00e4hendab madalamaid hoolduskulusid ja paremat tegevuse efektiivsust ettev\u00f5tetele.<\/li>\n<li><strong>Sujuv toimimine:<\/strong> Vasakusse ja paremasse ettepoole suunatud pikendussilindrisse integreeritud h\u00fcdros\u00fcsteem tagab sujuva ja t\u00f5husa pikendus- ja tagasit\u00f5mbamisliigutuste. See funktsioon minimeerib t\u00f6\u00f6tamise ajal esinevaid raputusi, parandades koorma \u00fcldist stabiilsust. Operaatorid saavad kasu paremast kontrollist, mis on \u00f5rnade v\u00f5i raskete koormate k\u00e4sitsemisel \u00fclioluline. Sujuv t\u00f6\u00f6 aitab kaasa ka ohutumale t\u00f6\u00f6keskkonnale, v\u00e4hendades \u00f5nnetuste ja vigastuste ohtu.<\/li>\n<li><strong>Kompaktne profiil:<\/strong> Need pikendussilindrid on kompaktse profiiliga, mis sobib sujuvalt erinevatele kahvelt\u00f5stukimudelitele. See l\u00e4bim\u00f5eldud disain tagab, et silindrid ei takista kahvelt\u00f5stuki man\u00f6\u00f6verdusv\u00f5imet, v\u00f5imaldades operaatoritel kitsastes kohtades h\u00f5lpsalt navigeerida. Olgu tegemist rahvarohkete ladudega v\u00f5i tiheda liiklusega ehitusplatsidega, suurendab nende silindrite kompaktne olemus kahvelt\u00f5stuki mitmek\u00fclgsust, v\u00f5imaldades sellel t\u00f5husalt toimida erinevates keskkondades.<\/li>\n<li><strong>Mitmek\u00fclgsed rakendused:<\/strong> Vasakule ja paremale ettepoole suunatud pikendussilindrid sobivad paljudele t\u00f6\u00f6stusharudele, sealhulgas logistika, tootmine ja ehitus. Nende kohanemisv\u00f5ime erinevate t\u00f6\u00f6vajadustega muudab need v\u00e4\u00e4rtuslikuks t\u00e4ienduseks igale kahvelt\u00f5stukipargile. Olenemata sellest, kas tegemist on raskete materjalide t\u00f5stmisega tootmisettev\u00f5ttes v\u00f5i k\u00f5rgete virnade t\u00f5stmisega laos, suurendavad need silindrid kahvelt\u00f5stuki v\u00f5imekust, muutes selle asendamatuks t\u00f6\u00f6riistaks t\u00f5husaks materjalik\u00e4itluseks.<\/li>\n<\/ul>\n<h2><strong>Kasutusjuhtumid <\/strong><strong>Vasak ja parempoolne edasiliikumise silindrid edasiliikuvale kahvelt\u00f5stukile<\/strong><strong>:<\/strong><\/h2>\n<p>Vasak- ja parempoolsed pikendussilindrid parandavad oluliselt edasiliikuvate kahvelt\u00f5stukite funktsionaalsust erinevates t\u00f6\u00f6stusharudes. Siin on m\u00f5ned peamised kasutusjuhud, mis r\u00f5hutavad nende olulisust:<\/p>\n<h3>1. <strong>Laooperatsioonid<\/strong><\/h3>\n<p>Ladudes v\u00f5imaldavad pikendussilindrid kahvelt\u00f5stukitel ulatuda suurematel k\u00f5rgustel v\u00f5i vahemaadel ladustatud kaubaalusteni. See v\u00f5imekus v\u00f5imaldab inventari t\u00f5husat virnastamist ja v\u00e4ljav\u00f5tmist, optimeerides vertikaalset ruumi ja h\u00f5lbustades kiiremat t\u00f6\u00f6d.<\/p>\n<h3>2. <strong>Laadimine ja mahalaadimine<\/strong><\/h3>\n<p>Kaupade veoautodelt v\u00f5i konteineritelt laadimise ja mahalaadimise ajal pakuvad need pikendussilindrid vajalikku ulatust kaugemal asuvate esemete k\u00e4sitsemiseks. See funktsioon minimeerib kahvelt\u00f5stuki \u00fcmberpaigutamise vajadust, s\u00e4\u00e4stes aega ja parandades t\u00f6\u00f6voo t\u00f5husust.<\/p>\n<h3>3. <strong>Tellimuste komplekteerimine<\/strong><\/h3>\n<p>Keskkondades, kus tellimuste komplekteerimine on kriitilise t\u00e4htsusega, v\u00f5imaldavad vasak- ja parempoolsed pikendussilindrid kahvelt\u00f5stukitel p\u00e4\u00e4seda ligi erinevatel k\u00f5rgustel v\u00f5i vahemaadel asuvatele esemetele. See t\u00e4psus parandab tellimuste t\u00e4itmise t\u00e4psust ja suurendab \u00fcldist tootlikkust.<\/p>\n<h3>4. <strong>Ristdokkimine<\/strong><\/h3>\n<p>Ristdokkimise operatsioonides, kus kaupu transporditakse otse sissetulevate ja v\u00e4ljaminevate saadetiste vahel, h\u00f5lbustavad pikendussilindrid kaubaaluste kiiret ja t\u00f5husat liigutamist. See v\u00e4hendab k\u00e4itlemisaega ja tagab materjalide sujuva liikumise l\u00e4bi tarneahela.<\/p>\n<h3>5. <strong>Ehitusplatsid<\/strong><\/h3>\n<p>Ehitusplatsidel v\u00f5imaldavad need pikendussilindrid kahvelt\u00f5stukitel t\u00f5sta ja paigutada raskeid materjale, n\u00e4iteks talasid ja betoonplokke, erinevatel k\u00f5rgustel. Nende v\u00f5ime ulatust suurendada suurendab ohutust ja t\u00f5husust suurte ja kohmakate koormate k\u00e4sitsemisel.<\/p>\n<p>Kas otsite vastupidavaid kahvelt\u00f5stuki silindreid? Vaadake meie <a href=\"https:\/\/www.hydraulic-cylinders.net\/et\/forklift-hydraulic-cylinder\/\">Raskeveokite h\u00fcdraulilised silindrid<\/a>.<\/p>\n<h2><strong>Kahvelt\u00f5stuki silindrite tootmispiirkond:<\/strong><\/h2>\n<h2><img loading=\"lazy\" decoding=\"async\" class=\"alignnone size-full wp-image-16972\" src=\"https:\/\/www.hydraulic-cylinders.net\/wp-content\/uploads\/2025\/01\/hydraulic-cylinder-factory-1-scaled.webp\" sizes=\"(min-width: 0px) and (max-width: 480px) 480px, (min-width: 481px) and (max-width: 980px) 980px, (min-width: 981px) and (max-width: 1280px) 1280px, (min-width: 1281px) 2016px, 100vw\" srcset=\"https:\/\/www.hydraulic-cylinders.net\/wp-content\/uploads\/2025\/01\/hydraulic-cylinder-factory-1-scaled.webp 2016w, https:\/\/www.hydraulic-cylinders.net\/wp-content\/uploads\/2025\/01\/hydraulic-cylinder-factory-1-1280x1625.webp 1280w, https:\/\/www.hydraulic-cylinders.net\/wp-content\/uploads\/2025\/01\/hydraulic-cylinder-factory-1-980x1244.webp 980w, https:\/\/www.hydraulic-cylinders.net\/wp-content\/uploads\/2025\/01\/hydraulic-cylinder-factory-1-480x610.webp 480w\" alt=\"\" width=\"2016\" height=\"2560\" \/><\/h2>\n<p>Meil on esmaklassiline s\u00f5ltumatu teadus- ja arendusplatvorm montaa\u017eiks. Kahvelt\u00f5stuki silindrite tootmist\u00f6\u00f6kojas on neli poolautomaatset t\u00f5stesilindrite montaa\u017eiliini ja t\u00e4isautomaatne kallutussilindrite montaa\u017eiliin, mille projekteeritud aastane tootmisv\u00f5imsus on miljon t\u00fckki. Spetsiaalses silindrite t\u00f6\u00f6kojas on erineva spetsifikatsiooniga poolautomaatsed puhastus- ja montaa\u017eis\u00fcsteemid, mille projekteeritud aastane tootmisv\u00f5imsus on 200 000 t\u00fckki. See on varustatud tuntud kaubam\u00e4rgi CNC-t\u00f6\u00f6tlemisseadmetega, t\u00f6\u00f6tlemiskeskustega, spetsiaalseadmetega silindrite \u00fclit\u00e4pseks t\u00f6\u00f6tlemiseks, robotkeevitusmasinatega, automaatsete puhastusmasinatega, automaatsete silindrite montaa\u017eimasinatega ja automaatsete v\u00e4rvimisliinidega. Meil \u200b\u200bt\u00f6\u00f6tab \u00fcle 300 komplekti v\u00f5tmeseadmeid. Seadmete ressursside optimeeritud jaotus ja t\u00f5hus kasutamine tagavad toodete t\u00e4psusn\u00f5uded ja vastavuse toodete k\u00f5rgetele kvaliteedin\u00f5uetele.<\/p>\n<p>T\u00f6\u00f6tlemistsehh on varustatud eritellimusel valmistatud kaldr\u00f6\u00f6baste treikeskuste, t\u00f6\u00f6tlemiskeskuste, kiirete hoonimismasinate, keevitusrobotite ja muude asjakohaste seadmetega, mis suudavad t\u00f6\u00f6delda silindritorusid maksimaalse sisediameetriga 400 mm ja maksimaalse pikkusega 6 meetrit.<\/p>\n<h2><img loading=\"lazy\" decoding=\"async\" class=\"alignnone size-full wp-image-16973\" src=\"https:\/\/www.hydraulic-cylinders.net\/wp-content\/uploads\/2025\/01\/hydraulic-cylinder-factory-2-scaled.webp\" sizes=\"(min-width: 0px) and (max-width: 480px) 480px, (min-width: 481px) and (max-width: 980px) 980px, (min-width: 981px) and (max-width: 1280px) 1280px, (min-width: 1281px) 2011px, 100vw\" srcset=\"https:\/\/www.hydraulic-cylinders.net\/wp-content\/uploads\/2025\/01\/hydraulic-cylinder-factory-2-scaled.webp 2011w, https:\/\/www.hydraulic-cylinders.net\/wp-content\/uploads\/2025\/01\/hydraulic-cylinder-factory-2-1280x1629.webp 1280w, https:\/\/www.hydraulic-cylinders.net\/wp-content\/uploads\/2025\/01\/hydraulic-cylinder-factory-2-980x1248.webp 980w, https:\/\/www.hydraulic-cylinders.net\/wp-content\/uploads\/2025\/01\/hydraulic-cylinder-factory-2-480x611.webp 480w\" alt=\"\" width=\"2011\" height=\"2560\" \/><\/h2>\n<p>Meil on t\u00e4isautomaatne vesialusel v\u00e4rvimisliin v\u00e4ikeste ja keskmiste balloonide jaoks, mis rakendab automaatseid laadimis- ja mahalaadimisroboteid ning automaatseid pihustusroboteid kavandatud tootmisv\u00f5imsusega 4000 kohta vahetuses. Meil \u200b\u200bon teine \u200b\u200bpoolautomaatne v\u00e4rvimisliin suurte balloonide jaoks, mida k\u00e4itab j\u00f5ukett, mille kavandatud tootmisv\u00f5imsus on 60 kasti vahetuses.<\/p>\n<p>Toote toimivuse edasiseks parandamiseks ja meie h\u00fcdrauliliste silindrite juhtpositsiooni kindlustamiseks t\u00f6\u00f6stuses asutasid meie ettev\u00f5te ja zjimee \u00fchiselt h\u00fcdrauliliste silindrite, h\u00fcdrauliliste ventiilide ja h\u00fcdrauliliste pumpade tervikliku j\u00f5udluslabori; laboris tehakse arvuti abil elektroh\u00fcdraulilise tehnoloogia abil katsetingimusi, mis on arvuti abil eelnevalt seadistatud, mis parandab katse t\u00e4psust ja s\u00fcsteemi mitmek\u00fclgsust ning eksperimentaalseid andmeid.<\/p>\n<p>Automaatne kogumine toimub andurite abil ning v\u00e4ljundandmed, n\u00e4iteks silindri v\u00f5i klapi sisemine leke ja koormust\u00f5husus, t\u00f6\u00f6deldakse otse arvuti poolt ja teisendatakse standard\u00fchikuteks (ml\/min%). Samal ajal teostatakse h\u00fcdraulikas\u00fcsteemi t\u00f6\u00f6ohutuse tagamiseks oleku j\u00e4lgimise funktsiooni selliste oluliste j\u00f5udlusparameetrite jaoks nagu \u201e\u00f5li temperatuuri j\u00e4lgimine, vedeliku taseme j\u00e4lgimine, filtriseadme j\u00e4lgimine\u201c jne. Nende hulgas saab h\u00fcdraulikasilindri katsestend testida \u201ekoormuse\u201c j\u00f5udlust.<br \/>\nefektiivsust \u201eja\u201c siseleket\u201d n\u00e4itude abil. Samal ajal on see varustatud v\u00f5rega m\u00f5\u00f5tevahendiga, mis vastab k\u00f5igi h\u00fcdrauliliste silindrite toodete katseobjektide n\u00f5uetele vastavalt riiklikule standardile.<\/p>","protected":false},"excerpt":{"rendered":"<p>Left and Right Forward Extension Cylinders for Forward Moving Forklift Left and right forward extension cylinders are vital components for forward moving forklifts, enhancing their operational efficiency and versatility. These hydraulic cylinders allow forklifts to extend their reach, making it easier to handle loads positioned at greater distances. By improving the forklift&#8217;s ability to maneuver [&hellip;]<\/p>","protected":false},"featured_media":17612,"comment_status":"open","ping_status":"closed","template":"","meta":{"_et_pb_use_builder":"","_et_pb_old_content":"","_et_gb_content_width":""},"product_brand":[],"product_cat":[1484,1550],"product_tag":[],"class_list":{"0":"post-17607","1":"product","2":"type-product","3":"status-publish","4":"has-post-thumbnail","6":"product_cat-forklift-hydraulic-cylinders","7":"product_cat-double-acting-hydraulic-cylinder","9":"first","10":"instock","11":"shipping-taxable","12":"product-type-simple"},"amp_enabled":true,"_links":{"self":[{"href":"https:\/\/www.hydraulic-cylinders.net\/et\/wp-json\/wp\/v2\/product\/17607","targetHints":{"allow":["GET"]}}],"collection":[{"href":"https:\/\/www.hydraulic-cylinders.net\/et\/wp-json\/wp\/v2\/product"}],"about":[{"href":"https:\/\/www.hydraulic-cylinders.net\/et\/wp-json\/wp\/v2\/types\/product"}],"replies":[{"embeddable":true,"href":"https:\/\/www.hydraulic-cylinders.net\/et\/wp-json\/wp\/v2\/comments?post=17607"}],"wp:featuredmedia":[{"embeddable":true,"href":"https:\/\/www.hydraulic-cylinders.net\/et\/wp-json\/wp\/v2\/media\/17612"}],"wp:attachment":[{"href":"https:\/\/www.hydraulic-cylinders.net\/et\/wp-json\/wp\/v2\/media?parent=17607"}],"wp:term":[{"taxonomy":"product_brand","embeddable":true,"href":"https:\/\/www.hydraulic-cylinders.net\/et\/wp-json\/wp\/v2\/product_brand?post=17607"},{"taxonomy":"product_cat","embeddable":true,"href":"https:\/\/www.hydraulic-cylinders.net\/et\/wp-json\/wp\/v2\/product_cat?post=17607"},{"taxonomy":"product_tag","embeddable":true,"href":"https:\/\/www.hydraulic-cylinders.net\/et\/wp-json\/wp\/v2\/product_tag?post=17607"}],"curies":[{"name":"wp","href":"https:\/\/api.w.org\/{rel}","templated":true}]}}