{"id":1761,"date":"2023-10-13T05:50:50","date_gmt":"2023-10-13T05:50:50","guid":{"rendered":"https:\/\/hydraulic-cylinders.net\/?post_type=product&#038;p=1761"},"modified":"2025-04-15T05:55:24","modified_gmt":"2025-04-15T05:55:24","slug":"cutter-suction-dredger-inverted-pile-cylinder","status":"publish","type":"product","link":"https:\/\/www.hydraulic-cylinders.net\/et\/toode\/cutter-suction-dredger-inverted-pile-cylinder\/","title":{"rendered":"L\u00f5ikuri imemis-s\u00fcvendaja \u00fcmberp\u00f6\u00f6ratud vaia silinder"},"content":{"rendered":"<h1 style=\"text-align: center;\"><strong>L\u00f5ikuri imemis-s\u00fcvendaja \u00fcmberp\u00f6\u00f6ratud vaia silinder<\/strong><\/h1>\n<p><img loading=\"lazy\" decoding=\"async\" class=\"aligncenter wp-image-1763\" src=\"https:\/\/hydraulic-cylinders.net\/wp-content\/uploads\/2023\/10\/cutter-suction-dredger-inverted-pile-cylinder-1-300x300.webp\" alt=\"\" width=\"400\" height=\"400\" \/><\/p>\n<p>L\u00f5ikuriga s\u00fcvendusmasina \u00fcmberp\u00f6\u00f6ratud vaiasilindriga on tegemist murrangulise h\u00fcdraulilise seadmega, mis muudab mereehitusprojekte. Oma uuendusliku disaini ja erakordse j\u00f5udlusega on see silinder t\u00e4nap\u00e4evaste s\u00fcvendust\u00f6\u00f6de jaoks \u00fclioluline.<\/p>\n<p>L\u00f5ikur-imemis-s\u00fcvendaja \u00fcmberp\u00f6\u00f6ratud vaiasilindriga on teinud mereehituses revolutsiooni, pakkudes erakordset j\u00f5udlust vaiat\u00f6\u00f6del. Selle \u00fcmberp\u00f6\u00f6ratud disain, k\u00f5rge r\u00f5huv\u00f5ime ja korrosioonikindlus muudavad selle usaldusv\u00e4\u00e4rseks ja vastupidavaks h\u00fcdrauliliseks seadmeks. N\u00f5uetekohaste kasutusmeetodite j\u00e4rgimise ja regulaarse hoolduse abil saavad mereehituse spetsialistid oma projektide efektiivsust ja t\u00e4psust maksimeerida. Kasutage l\u00f5ikur-imemis-s\u00fcvendaja \u00fcmberp\u00f6\u00f6ratud vaiasilindriga v\u00f5imsust ja kogege, millist vahet see teie mereehituslikes ettev\u00f5tmistes teha saab.<\/p>\n<p>L\u00f5ikuri imemis-s\u00fcvendaja \u00fcmberp\u00f6\u00f6ratud vaiasilindri p\u00f5hiomadused:<\/p>\n<ul>\n<li>P\u00f6\u00f6ratud disain: L\u00f5ikuriga s\u00fcvendusmasina \u00fcmberp\u00f6\u00f6ratud vaiasilindril on ainulaadne \u00fcmberp\u00f6\u00f6ratud konfiguratsioon, kus kolvivarras ulatub silindrist allapoole. See konstruktsioon v\u00f5imaldab merekeskkonnas t\u00f5husaid ja t\u00e4pseid vaiamistoiminguid.<\/li>\n<li>K\u00f5rgsurvev\u00f5ime: See silinder on konstrueeritud vastu pidama k\u00f5rgsurvetingimustele, tagades usaldusv\u00e4\u00e4rse ja vastupidava j\u00f5udluse isegi keerulistes mereehitusprojektides. See annab v\u00f5imsuse ja j\u00f5u, mis on vajalik vaiade merep\u00f5hja surumiseks erakordse t\u00e4psusega.<\/li>\n<li>Korrosioonikindlus: Kvaliteetsetest materjalidest valmistatud \u00fcmberp\u00f6\u00f6ratud vaiasilindril on suurep\u00e4rane korrosiooni-, rooste- ja h\u00f5\u00f5rdumiskindlus. See omadus suurendab selle vastupidavust, muutes selle sobivaks pikaajaliseks kasutamiseks karmides meretingimustes.<\/li>\n<\/ul>\n<h2><strong>L\u00f5ikuri imemis-s\u00fcvendaja \u00fcmberp\u00f6\u00f6ratud vaia silindri parameeter:<\/strong><\/h2>\n<table border=\"1\" cellspacing=\"0\" cellpadding=\"0\">\n<tbody>\n<tr>\n<td>Toote nimi<\/td>\n<td>L\u00f5ikuri imemis-s\u00fcvendaja \u00fcmberp\u00f6\u00f6ratud vaia silinder<\/td>\n<\/tr>\n<tr>\n<td>Omadused:<\/td>\n<td>Tagage terasvaia kokkut\u00f5mbamiseks ja lahtivoltimiseks t\u00f5uke- ja t\u00f5mbej\u00f5ud<\/td>\n<\/tr>\n<tr>\n<td>Ava l\u00e4bim\u00f5\u00f5t:<\/td>\n<td>Kuni 620 mm<\/td>\n<\/tr>\n<tr>\n<td>Varda l\u00e4bim\u00f5\u00f5t:<\/td>\n<td>Kuni 360 mm<br \/>\nK\u00e4ik kuni 5200 mm<\/td>\n<\/tr>\n<tr>\n<td>R\u00f5hk:<\/td>\n<td>kuni 32 MPa<\/td>\n<\/tr>\n<tr>\n<td>T\u00f5ukej\u00f5ud:<\/td>\n<td>Maksimaalselt 7500 kN<\/td>\n<\/tr>\n<tr>\n<td>T\u00f5mbej\u00f5ud:<\/td>\n<td>Maksimaalselt 5000 kN<\/td>\n<\/tr>\n<tr>\n<td>Rakendused:<\/td>\n<td>L\u00f5ikuri imemis-s\u00fcvendaja<\/td>\n<\/tr>\n<\/tbody>\n<\/table>\n<div><\/div>\n<div>\n<div class=\"txtboxL\">Omadused:<\/div>\n<div class=\"txtboxR\">Tagage terasvaia kokkut\u00f5mbamiseks ja lahtivoltimiseks t\u00f5uke- ja t\u00f5mbej\u00f5ud<\/div>\n<div class=\"txtboxL\">Spetsifikatsioon:<\/div>\n<div class=\"txtboxR\">Ava l\u00e4bim\u00f5\u00f5t: kuni 620 mm<br \/>\nVarda l\u00e4bim\u00f5\u00f5t: kuni 360 mm<br \/>\nK\u00e4iguulatus kuni 5200 mm<\/div>\n<div class=\"txtboxL\">R\u00f5hk:<\/div>\n<div class=\"txtboxR\">kuni 32 MPa<\/div>\n<div class=\"txtboxL\">T\u00f5ukej\u00f5ud:<\/div>\n<div class=\"txtboxR\">Maksimaalselt 7500 kN<\/div>\n<div class=\"txtboxL\">T\u00f5mbej\u00f5ud:<\/div>\n<div class=\"txtboxR\">Maksimaalselt 5000 kN<\/div>\n<\/div>\n<h2><strong>S\u00fcvenduspaagi l\u00f5ikuri-imemissilindrite rakendus:<\/strong><\/h2>\n<p><img loading=\"lazy\" decoding=\"async\" class=\"alignnone wp-image-1757 size-full\" src=\"https:\/\/hydraulic-cylinders.net\/wp-content\/uploads\/2023\/10\/dredger-tank-cylinder-1.webp\" alt=\"\" width=\"600\" height=\"400\" srcset=\"https:\/\/hydraulic-cylinders.net\/wp-content\/uploads\/2023\/10\/dredger-tank-cylinder-1.webp 600w, https:\/\/hydraulic-cylinders.net\/wp-content\/uploads\/2023\/10\/dredger-tank-cylinder-1-480x320.webp 480w\" sizes=\"(min-width: 0px) and (max-width: 480px) 480px, (min-width: 481px) 600px, 100vw\" \/><\/p>\n<h2><strong>L\u00f5ikuri imemis-s\u00fcvendaja \u00fcmberp\u00f6\u00f6ratud vaiasilindri kasutusmeetod<\/strong><strong>:<\/strong><\/h2>\n<ul>\n<li><strong>Ettevalmistus:<\/strong> Enne l\u00f5ikur-imemis-s\u00fcvendaja \u00fcmberp\u00f6\u00f6ratud vaiasilindri kasutamist veenduge, et k\u00f5ik ohutusmeetmed on paigas. Tehke visuaalne kontroll, et veenduda silindri ja selle komponentide heas seisukorras ning et neil pole kahjustuste v\u00f5i lekete m\u00e4rke.<\/li>\n<li><strong>Positsioneerimine:<\/strong> Asetage silinder soovitud kohta virnastamiseks. Veenduge, et see oleks kindlalt s\u00fcvendusmasina v\u00f5i muu seadme k\u00fclge kinnitatud, pakkudes t\u00f6\u00f6 ajal stabiilsust ja tuge.<\/li>\n<li><strong>\u00dchendus:<\/strong> \u00dchendage h\u00fcdraulikavoolikud v\u00f5i liitmikud silindri ja h\u00fcdraulilise j\u00f5uallika vastavate portidega. Veenduge, et \u00fchendused on kindlad, lekkevabad ja \u00f5igesti joondatud.<\/li>\n<li><strong>L\u00f6\u00f6gi pikkuse reguleerimine:<\/strong> Reguleerige silindri k\u00e4igupikkust vastavalt vajalikule vajumiss\u00fcgavusele. Tavaliselt saab seda teha kaasasolevate juhtnuppude v\u00f5i mehhanismide abil. T\u00e4pse reguleerimise tagamiseks j\u00e4rgige tootja juhiseid.<\/li>\n<li><strong>Vaiat\u00f6\u00f6de operatsioon:<\/strong> Vaiat\u00f6\u00f6de alustamiseks aktiveerige h\u00fcdrauliline j\u00f5uallikas. L\u00f5ikuri-imemis-s\u00fcvendaja \u00fcmberp\u00f6\u00f6ratud vaiasilindri abil surutakse vaiad kontrollitud j\u00f5uga merep\u00f5hja. J\u00e4lgige protsessi t\u00e4helepanelikult, et saavutada soovitud s\u00fcgavus ja t\u00e4psus.<\/li>\n<\/ul>\n<h2><strong>Kuidas vahetada h\u00fcdrosilindri tihendeid?<\/strong><\/h2>\n<p>H\u00fcdrosilindri tihendite vahetamine on tavaline hooldust\u00f6\u00f6, mis aitab taastada selle j\u00f5udlust ja v\u00e4ltida lekkeid. Siin on samm-sammult juhend h\u00fcdrosilindri tihendite vahetamiseks:<\/p>\n<ol>\n<li><strong>Ohutusabin\u00f5ud:<\/strong>\n<ul>\n<li>Veenduge, et h\u00fcdros\u00fcsteem on r\u00f5huvaba ja silinder on t\u00e4ielikult v\u00e4lja sirutatud.<\/li>\n<li>S\u00fcsteemi juhusliku aktiveerimise v\u00e4ltimiseks j\u00e4rgige n\u00f5uetekohaseid lukustus-\/m\u00e4rgistusprotseduure.<\/li>\n<\/ul>\n<\/li>\n<li><strong>Silindri eemaldamine:<\/strong>\n<ul>\n<li>\u00dchendage lahti k\u00f5ik silindriga \u00fchendatud h\u00fcdraulikavoolikud v\u00f5i liitmikud.<\/li>\n<li>Eemaldage k\u00f5ik kinnitustihvtid v\u00f5i poldid, mis kinnitavad silindrit seadme k\u00fclge.<\/li>\n<li>Libistage v\u00f5i liigutage silindrit ettevaatlikult kinnitusklambritest v\u00f5i \u00fchendustest v\u00e4lja.<\/li>\n<\/ul>\n<\/li>\n<li><strong>Pitseri identifitseerimine:<\/strong>\n<ul>\n<li>Tuvastage vahetamist vajavate tihendite t\u00fc\u00fcbid ja suurused. Selle teabe leiate silindri dokumentatsioonist v\u00f5i m\u00f5\u00f5tes vanu tihendeid.<\/li>\n<\/ul>\n<\/li>\n<li><strong>Lahtiv\u00f5tmine:<\/strong>\n<ul>\n<li>Asetage silinder puhtale t\u00f6\u00f6pinnale.<\/li>\n<li>Eemaldage silindri otsakork(id) sobivate t\u00f6\u00f6riistade, n\u00e4iteks mutriv\u00f5tmete v\u00f5i otsakukomplektide abil.<\/li>\n<li>Eemaldage silindri korpusest ettevaatlikult kolb, varras ja vanad tihendid.<\/li>\n<li>Komponentide lahtiv\u00f5tmisel p\u00f6\u00f6rake t\u00e4helepanu nende j\u00e4rjekorrale ja suunale.<\/li>\n<\/ul>\n<\/li>\n<li><strong>Tihendi eemaldamine:<\/strong>\n<ul>\n<li>Eemaldage vanad tihendid \u00f5rnalt nende vastavatest soontest, kasutades tihendite eemaldamise t\u00f6\u00f6riistu v\u00f5i piikse.<\/li>\n<li>Selle protsessi k\u00e4igus olge ettevaatlik, et te ei kahjustaks silindri ava ega muid pindu.<\/li>\n<\/ul>\n<\/li>\n<li><strong>Puhastamine ja kontroll:<\/strong>\n<ul>\n<li>Puhastage silindri korpus, kolb, varras ja muud komponendid sobiva puhastuslahusega, et eemaldada mustus, praht ja h\u00fcdraulikavedeliku j\u00e4\u00e4gid.<\/li>\n<li>Kontrollige k\u00f5iki osi kahjustuste v\u00f5i kulumise tunnuste, n\u00e4iteks kriimustuste, aukude v\u00f5i pragude suhtes.<\/li>\n<li>Vajadusel vahetage k\u00f5ik kahjustatud v\u00f5i kulunud komponendid v\u00e4lja.<\/li>\n<\/ul>\n<\/li>\n<li><strong>Uue tihendi paigaldamine:<\/strong>\n<ul>\n<li>Enne uute tihendite paigaldamist m\u00e4\u00e4rige need h\u00fcdraulika\u00f5liga.<\/li>\n<li>Sisestage uued tihendid ettevaatlikult vastavatesse soontesse, veendudes, et need on korralikult paigas.<\/li>\n<li>Tihendite \u00fchtlaseks paika surumiseks kasutage tihendite paigaldust\u00f6\u00f6riistu v\u00f5i sobivaid improviseeritud meetodeid.<\/li>\n<li>Paigaldamise ajal olge ettevaatlik, et tihendeid ei kahjustataks.<\/li>\n<\/ul>\n<\/li>\n<li><strong>Kokkupanek:<\/strong>\n<ul>\n<li>Paigaldage kolb, varras ja tihendid silindri korpusesse tagasi, j\u00e4rgides \u00f5iget j\u00e4rjekorda ja suunda.<\/li>\n<li>Kandke tihenditele ja teistele kontaktpindadele \u00f5huke kiht h\u00fcdraulika\u00f5li.<\/li>\n<li>Kinnitage otsakork(id) ettevaatlikult tagasi ja pingutage need kindlalt vastavalt tootja spetsifikatsioonidele.<\/li>\n<li>Veenduge, et k\u00f5ik keermestatud \u00fchendused oleksid korralikult joondatud ja pingutatud.<\/li>\n<\/ul>\n<\/li>\n<li><strong>Silindri tagasipaigaldamine:<\/strong>\n<ul>\n<li>L\u00fckake v\u00f5i liigutage kokkupandud silinder tagasi kinnitusklambritesse v\u00f5i \u00fchendustesse.<\/li>\n<li>Silindri kinnitamiseks kinnitage k\u00f5ik kinnitustihvtid v\u00f5i -poldid uuesti.<\/li>\n<li>\u00dchendage h\u00fcdraulikavoolikud v\u00f5i liitmikud silindriga uuesti, veendudes \u00f5iges joonduses ja tiheduses.<\/li>\n<\/ul>\n<\/li>\n<li><strong>Testimine ja kontroll:<\/strong>\n<ul>\n<li>Survestage h\u00fcdraulikas\u00fcsteem uuesti ja kontrollige lekete v\u00f5i ebanormaalse t\u00f6\u00f6 suhtes.<\/li>\n<li>Sujuva liikumise ja n\u00f5uetekohase toimimise tagamiseks t\u00f5mmake silinder t\u00e4ielikult v\u00e4lja ja sisse.<\/li>\n<li>Kontrollige silindrit ja selle \u00fchendusi lekete v\u00f5i muude probleemide suhtes.<\/li>\n<\/ul>\n<\/li>\n<\/ol>\n<h2><strong>Tehase v\u00f5imekus ja suutlikkus:<\/strong><\/h2>\n<h3>(1) Kokkupanek<\/h3>\n<p>Meil on esmaklassiline s\u00f5ltumatu teadus- ja arendustegevuse montaa\u017eiplatvorm. H\u00fcdrosilindrite tootmist\u00f6\u00f6kojas on neli poolautomaatset t\u00f5stesilindrite koosteliini ja \u00fcks automaatne kallutussilindrite koosteliin, mille kavandatud aastane tootmisv\u00f5imsus on 1 miljon t\u00fckki. Spetsiaalsete silindrite t\u00f6\u00f6koda on varustatud erinevate spetsifikatsioonidega poolautomaatse puhastusmontaa\u017eis\u00fcsteemiga, mille kavandatud aastane tootmisv\u00f5imsus on 200 000 ja mis on varustatud kuulsate CNC-t\u00f6\u00f6tlemisseadmete, mehaanilise t\u00f6\u00f6tlemise keskuse, suure t\u00e4psusega silindrite t\u00f6\u00f6tlemise eriseadmete, robotkeevitusmasina, automaatse puhastusmasina, automaatse silindri kokkupanemise masina ja automaatse v\u00e4rvimise tootmisliiniga. Olemasolevad kriitilised seadmed rohkem kui 300 komplekti (komplekti). Seadmete ressursside optimaalne jaotamine ja t\u00f5hus kasutamine tagavad toodete t\u00e4psusn\u00f5uded ja vastavad toodete kvaliteedin\u00f5uetele.<\/p>\n<p><img loading=\"lazy\" decoding=\"async\" class=\"alignnone wp-image-626\" src=\"https:\/\/hydraulic-cylinders.net\/wp-content\/uploads\/2023\/08\/hydraulic-cylinder-product-1-300x158.webp\" alt=\"\" width=\"495\" height=\"260\" srcset=\"https:\/\/hydraulic-cylinders.net\/wp-content\/uploads\/2023\/08\/hydraulic-cylinder-product-1-300x158.webp 495w, https:\/\/hydraulic-cylinders.net\/wp-content\/uploads\/2023\/08\/hydraulic-cylinder-product-1-480x252.webp 480w\" sizes=\"(min-width: 0px) and (max-width: 480px) 480px, (min-width: 481px) 495px, 100vw\" \/> <img loading=\"lazy\" decoding=\"async\" class=\"alignnone wp-image-627\" src=\"https:\/\/hydraulic-cylinders.net\/wp-content\/uploads\/2023\/08\/hydraulic-cylinder-product-2-300x189.webp\" alt=\"\" width=\"413\" height=\"260\" \/><\/p>\n<h3>(2) T\u00f6\u00f6tlemine<\/h3>\n<p>T\u00f6\u00f6deldav t\u00f6\u00f6koda on varustatud kohandatud kallutatud r\u00f6\u00f6pse treipingi keskuse, mehaanilise keskuse, kiire lihvimismasina, keevitusroboti ja muude seotud seadmetega, mis suudavad t\u00f6\u00f6delda silindritorusid, mille maksimaalne sisel\u00e4bim\u00f5\u00f5t on 400 mm ja maksimaalne pikkus on 6 meetrit.<\/p>\n<p><img loading=\"lazy\" decoding=\"async\" class=\"alignnone wp-image-628 size-large\" src=\"https:\/\/hydraulic-cylinders.net\/wp-content\/uploads\/2023\/08\/hydraulic-cylinder-product-3-1024x391.webp\" alt=\"\" width=\"1024\" height=\"391\" srcset=\"https:\/\/hydraulic-cylinders.net\/wp-content\/uploads\/2023\/08\/hydraulic-cylinder-product-3-980x374.webp 980w, https:\/\/hydraulic-cylinders.net\/wp-content\/uploads\/2023\/08\/hydraulic-cylinder-product-3-480x183.webp 480w\" sizes=\"(min-width: 0px) and (max-width: 480px) 480px, (min-width: 481px) and (max-width: 980px) 980px, (min-width: 981px) 1024px, 100vw\" \/><\/p>\n<h3>(3) Keevitamine<\/h3>\n<p><img loading=\"lazy\" decoding=\"async\" class=\"alignnone wp-image-629 size-large\" src=\"https:\/\/hydraulic-cylinders.net\/wp-content\/uploads\/2023\/08\/hydraulic-cylinder-product-4-1024x510.webp\" alt=\"\" width=\"1024\" height=\"510\" srcset=\"https:\/\/hydraulic-cylinders.net\/wp-content\/uploads\/2023\/08\/hydraulic-cylinder-product-4-980x488.webp 980w, https:\/\/hydraulic-cylinders.net\/wp-content\/uploads\/2023\/08\/hydraulic-cylinder-product-4-480x239.webp 480w\" sizes=\"(min-width: 0px) and (max-width: 480px) 480px, (min-width: 481px) and (max-width: 980px) 980px, (min-width: 981px) 1024px, 100vw\" \/><\/p>\n<h3>(4) V\u00e4rvimine ja katmine<\/h3>\n<p>V\u00e4ikese ja keskmise suurusega silindri automaatse veep\u00f5hise v\u00e4rvipinnakattega liinide abil, et saavutada automaatne robotlaadimine ja mahalaadimine ning automaatne pihustamine, projekteerimisv\u00f5imsus 4000 t\u00fckki vahetuse kohta;<br \/>\nMeil on ka poolautomaatne suurte balloonide v\u00e4rvimise tootmisliin, mis t\u00f6\u00f6tab j\u00f5ukettaga ja mille projekteerimisv\u00f5imsus on 60 kasti \u00fche vahetuse kohta.<\/p>\n<p><img loading=\"lazy\" decoding=\"async\" class=\"alignnone wp-image-630\" src=\"https:\/\/hydraulic-cylinders.net\/wp-content\/uploads\/2023\/08\/hydraulic-cylinder-product-5-300x213.webp\" alt=\"\" width=\"366\" height=\"260\" \/> <img loading=\"lazy\" decoding=\"async\" class=\"alignnone wp-image-631\" src=\"https:\/\/hydraulic-cylinders.net\/wp-content\/uploads\/2023\/08\/hydraulic-cylinder-product-6-300x225.webp\" alt=\"\" width=\"347\" height=\"260\" \/><\/p>\n<h3>(5) Testimine<\/h3>\n<p>Meil on esmaklassilised kontrolliseadmed ja katsestendid, et tagada silindri j\u00f5udlus vastavus n\u00f5uetele.<\/p>\n<p><img loading=\"lazy\" decoding=\"async\" class=\"alignnone wp-image-632\" src=\"https:\/\/hydraulic-cylinders.net\/wp-content\/uploads\/2023\/08\/hydraulic-cylinder-product-8-300x200.webp\" alt=\"\" width=\"389\" height=\"260\" \/><\/p>\n<p>&nbsp;<\/p>\n<p>&nbsp;<\/p>\n<p>Oleme \u00fcks parimaid h\u00fcdrosilindrite tootjaid. Pakume laia valikut h\u00fcdrosilindreid. Pakume ka vastavaid... <a href=\"https:\/\/hzpt.com\/agricultural-pto-gearbox\/\" target=\"_blank\" rel=\"noopener\">p\u00f5llumajanduslikud k\u00e4igukastid<\/a>. Oleme eksportinud oma tooteid klientidele \u00fcle maailma ja teeninud hea maine t\u00e4nu meie suurep\u00e4rasele tootekvaliteedile ja m\u00fc\u00fcgij\u00e4rgsele teenindusele. Me tervitame kliente kodus ja v\u00e4lismaal, et v\u00f5tta meiega \u00fchendust, et pidada l\u00e4bir\u00e4\u00e4kimisi \u00e4ri, vahetada teavet ja <a href=\"https:\/\/www.hydraulic-cylinders.net\/et\/contact-us\/\">teha meiega koost\u00f6\u00f6d<\/a>!<\/p>","protected":false},"excerpt":{"rendered":"<p>Cutter Suction Dredger Inverted Pile Cylinder The cutter suction dredger inverted pile cylinder is a groundbreaking hydraulic device transforming marine construction projects. With its innovative design and exceptional performance, this cylinder is crucial to modern dredging operations. The cutter suction dredger inverted pile cylinder has revolutionized marine construction by offering exceptional performance in piling operations. [&hellip;]<\/p>","protected":false},"featured_media":1764,"comment_status":"open","ping_status":"closed","template":"","meta":{"_et_pb_use_builder":"","_et_pb_old_content":"","_et_gb_content_width":""},"product_brand":[],"product_cat":[1535,1549,1552,1376],"product_tag":[1380],"class_list":{"0":"post-1761","1":"product","2":"type-product","3":"status-publish","4":"has-post-thumbnail","6":"product_cat-dredger-hydraulic-cylinders","7":"product_cat-single-acting-hydraulic-cylinder","8":"product_cat-stainless-steel-hydraulic-cylinder","9":"product_cat-hydraulic-cylinder","10":"product_tag-hydraulic-cylinder","12":"first","13":"instock","14":"shipping-taxable","15":"product-type-simple"},"amp_enabled":true,"_links":{"self":[{"href":"https:\/\/www.hydraulic-cylinders.net\/et\/wp-json\/wp\/v2\/product\/1761","targetHints":{"allow":["GET"]}}],"collection":[{"href":"https:\/\/www.hydraulic-cylinders.net\/et\/wp-json\/wp\/v2\/product"}],"about":[{"href":"https:\/\/www.hydraulic-cylinders.net\/et\/wp-json\/wp\/v2\/types\/product"}],"replies":[{"embeddable":true,"href":"https:\/\/www.hydraulic-cylinders.net\/et\/wp-json\/wp\/v2\/comments?post=1761"}],"wp:featuredmedia":[{"embeddable":true,"href":"https:\/\/www.hydraulic-cylinders.net\/et\/wp-json\/wp\/v2\/media\/1764"}],"wp:attachment":[{"href":"https:\/\/www.hydraulic-cylinders.net\/et\/wp-json\/wp\/v2\/media?parent=1761"}],"wp:term":[{"taxonomy":"product_brand","embeddable":true,"href":"https:\/\/www.hydraulic-cylinders.net\/et\/wp-json\/wp\/v2\/product_brand?post=1761"},{"taxonomy":"product_cat","embeddable":true,"href":"https:\/\/www.hydraulic-cylinders.net\/et\/wp-json\/wp\/v2\/product_cat?post=1761"},{"taxonomy":"product_tag","embeddable":true,"href":"https:\/\/www.hydraulic-cylinders.net\/et\/wp-json\/wp\/v2\/product_tag?post=1761"}],"curies":[{"name":"wp","href":"https:\/\/api.w.org\/{rel}","templated":true}]}}