{"id":1762,"date":"2023-10-13T06:07:06","date_gmt":"2023-10-13T06:07:06","guid":{"rendered":"https:\/\/hydraulic-cylinders.net\/?post_type=product&#038;p=1762"},"modified":"2025-04-15T05:55:04","modified_gmt":"2025-04-15T05:55:04","slug":"trailing-suction-dredger-heave-compensation-cylinder","status":"publish","type":"product","link":"https:\/\/www.hydraulic-cylinders.net\/et\/toode\/trailing-suction-dredger-heave-compensation-cylinder\/","title":{"rendered":"J\u00e4relvajuva s\u00fcvendusmasina kergituskompensatsiooni silinder"},"content":{"rendered":"<h1 style=\"text-align: center;\"><strong> J\u00e4relvajuva s\u00fcvendusmasina kergituskompensatsiooni silinder<\/strong><\/h1>\n<p><img loading=\"lazy\" decoding=\"async\" class=\"aligncenter wp-image-1766\" src=\"https:\/\/hydraulic-cylinders.net\/wp-content\/uploads\/2023\/10\/trailing-suction-dredger-heave-compensation-cylinder-1-300x300.webp\" alt=\"\" width=\"400\" height=\"400\" \/><\/p>\n<p>J\u00e4relveetava s\u00fcvendusmasina t\u00f5stekompensatsiooni silinder on tipptasemel h\u00fcdrauliline seade, mis on muutnud s\u00fcvendust\u00f6\u00f6de t\u00f5husust ja efektiivsust revolutsiooniliselt. See silinder, mis on loodud t\u00e4pse t\u00f5stekompensatsiooni tagamiseks, tagab optimaalse s\u00fcvendust\u00f6\u00f6 isegi keerulistes merekeskkondades.<\/p>\n<p>J\u00e4relveetava s\u00fcvendusmasina t\u00f5stekompensatsioonisilinder on merep\u00f5hjat\u00f6\u00f6de valdkonnas murranguline. Selle suur kompensatsiooniv\u00f5ime, vastupidav konstruktsioon ja \u00fclit\u00e4pne juhtimine aitavad kaasa s\u00fcvendust\u00f6\u00f6de efektiivsuse ja t\u00e4psuse parandamisele. N\u00f5uetekohaste kasutusmeetodite j\u00e4rgimise ja ennetava hoolduse abil saavad merendusspetsialistid selle erakordse h\u00fcdraulilise seadme j\u00f5udlust ja eluiga maksimeerida. Kasutage j\u00e4relveetava s\u00fcvendusmasina t\u00f5stekompensatsioonisilindri v\u00f5imsust ja kogege, millist vahet see teie s\u00fcvendust\u00f6\u00f6des teha saab.<\/p>\n<p>J\u00e4relveetava s\u00fcvendusmasina kere kompensatsioonisilindri p\u00f5hiomadused:<\/p>\n<ul>\n<li>T\u00f5uke kompenseerimise v\u00f5ime: J\u00e4relveetava s\u00fcvendusmasina t\u00f5usu kompenseerimise silinder on spetsiaalselt konstrueeritud laeva t\u00f5usu m\u00f5jude neutraliseerimiseks s\u00fcvendust\u00f6\u00f6de ajal. See kompenseerib t\u00f5husalt vertikaalseid liikumisi, v\u00f5imaldades imitoru \u00fchtlast ja t\u00e4pset positsioneerimist.<\/li>\n<li>Vastupidav konstruktsioon: Vastupidavust silmas pidades ehitatud see silinder on valmistatud kvaliteetsetest materjalidest, mis pakuvad erakordset tugevust ja korrosioonikindlust. See talub karme meretingimusi, tagades pikaajalise j\u00f5udluse ja t\u00f6\u00f6kindluse.<\/li>\n<li>\u00dclit\u00e4pne juhtimine: Silindri t\u00e4iustatud h\u00fcdros\u00fcsteem v\u00f5imaldab t\u00e4pset juhtimist t\u00f5stekompensatsiooniprotsessi \u00fcle. See v\u00f5imaldab tundlikke reguleerimisi, tagades, et imitoru s\u00e4ilitab soovitud s\u00fcgavuse ja asendi t\u00f5husaks s\u00fcvendamiseks.<\/li>\n<\/ul>\n<h2><strong>J\u00e4relvajuva s\u00fcvendusmasina kergituskompensatsiooni silindri parameeter:<\/strong><\/h2>\n<table border=\"1\" cellspacing=\"0\" cellpadding=\"0\">\n<tbody>\n<tr>\n<td>Toote nimi<\/td>\n<td>J\u00e4relvajuva s\u00fcvendusmasina kergituskompensatsiooni silinder<\/td>\n<\/tr>\n<tr>\n<td>Omadused:<\/td>\n<td>Kompenseerige lohistuspea ja kere suhtelist nihet t\u00f6\u00f6tamise ajal<\/td>\n<\/tr>\n<tr>\n<td>Ava l\u00e4bim\u00f5\u00f5t:<\/td>\n<td>Kuni 400 mm<\/td>\n<\/tr>\n<tr>\n<td>Varda l\u00e4bim\u00f5\u00f5t:<\/td>\n<td>Kuni 360 mm<br \/>\nK\u00e4ik kuni 4000 mm<\/td>\n<\/tr>\n<tr>\n<td>R\u00f5hk:<\/td>\n<td>kuni 32 MPa<\/td>\n<\/tr>\n<tr>\n<td>T\u00f5ukej\u00f5ud:<\/td>\n<td>Maksimaalselt 1600 kN<\/td>\n<\/tr>\n<tr>\n<td>Rakendused:<\/td>\n<td>J\u00e4relveetav s\u00fcvendusmasin<\/td>\n<\/tr>\n<\/tbody>\n<\/table>\n<div><\/div>\n<div>\n<div class=\"txtboxL\">Omadused:<\/div>\n<div class=\"txtboxR\">Tagage terasvaia kokkut\u00f5mbamiseks ja lahtivoltimiseks t\u00f5uke- ja t\u00f5mbej\u00f5ud<\/div>\n<div class=\"txtboxL\">Spetsifikatsioon:<\/div>\n<div class=\"txtboxR\">Ava l\u00e4bim\u00f5\u00f5t: kuni 620 mm<br \/>\nVarda l\u00e4bim\u00f5\u00f5t: kuni 360 mm<br \/>\nK\u00e4iguulatus kuni 5200 mm<\/div>\n<div class=\"txtboxL\">R\u00f5hk:<\/div>\n<div class=\"txtboxR\">kuni 32 MPa<\/div>\n<div class=\"txtboxL\">T\u00f5ukej\u00f5ud:<\/div>\n<div class=\"txtboxR\">Maksimaalselt 7500 kN<\/div>\n<div class=\"txtboxL\">T\u00f5mbej\u00f5ud:<\/div>\n<div class=\"txtboxR\">Maksimaalselt 5000 kN<\/div>\n<\/div>\n<h2><strong>S\u00fcvenduspaagi l\u00f5ikuri-imemissilindrite rakendus:<\/strong><\/h2>\n<p><img loading=\"lazy\" decoding=\"async\" class=\"alignnone wp-image-1757 size-full\" src=\"https:\/\/hydraulic-cylinders.net\/wp-content\/uploads\/2023\/10\/dredger-tank-cylinder-1.webp\" alt=\"\" width=\"600\" height=\"400\" srcset=\"https:\/\/hydraulic-cylinders.net\/wp-content\/uploads\/2023\/10\/dredger-tank-cylinder-1.webp 600w, https:\/\/hydraulic-cylinders.net\/wp-content\/uploads\/2023\/10\/dredger-tank-cylinder-1-480x320.webp 480w\" sizes=\"(min-width: 0px) and (max-width: 480px) 480px, (min-width: 481px) 600px, 100vw\" \/><\/p>\n<h2><strong>Kasutusmeetod j\u00e4relveetava s\u00fcvendusmasina t\u00f5stekompensatsioonisilindri jaoks<\/strong><strong>:<\/strong><\/h2>\n<ol>\n<li><strong>Ettevalmistus: <\/strong>Enne j\u00e4relveetava s\u00fcvendusmasina kasutamist tehke p\u00f5hjalik kontroll, et k\u00f5ik komponendid t\u00f6\u00f6taksid korralikult. Kontrollige kahjustuste, lekete v\u00f5i kulunud tihendite m\u00e4rke.<\/li>\n<li><strong>Paigaldamine:<\/strong> Paigaldage silinder kindlalt s\u00fcvendusmasina v\u00f5i sellega seotud seadmete k\u00fclge, tagades t\u00f6\u00f6 ajal stabiilsuse. J\u00e4rgige tootja juhiseid n\u00f5uetekohaseks paigaldamiseks, sh h\u00fcdrauliliste \u00fchenduste joondamiseks.<\/li>\n<li><strong>H\u00fcdraulikas\u00fcsteemi integreerimine:<\/strong> \u00dchendage silinder h\u00fcdraulilise j\u00f5uallikaga, kasutades \u00fchilduvaid voolikuid v\u00f5i liitmikke. Veenduge, et \u00fchendused on tihedad, lekkevabad ja \u00f5igesti joondatud.<\/li>\n<li><strong>Kalibreerimine:<\/strong> Kalibreerige t\u00f5stekompensatsioonis\u00fcsteem vastavalt konkreetsetele s\u00fcvendust\u00f6\u00f6de n\u00f5uetele. See v\u00f5ib h\u00f5lmata selliste parameetrite nagu k\u00e4igupikkus, kiirus v\u00f5i r\u00f5hk reguleerimist. T\u00e4psete kalibreerimismeetodite kohta vaadake tootja juhiseid.<\/li>\n<li><strong>Operatiivne kontroll: <\/strong>T\u00f5ukekompensatsiooniprotsessi k\u00e4ivitamiseks aktiveerige h\u00fcdrauliline j\u00f5uallikas. J\u00e4relveetava s\u00fcvendusmasina t\u00f5usukompensatsioonisilinder reageerib automaatselt laeva t\u00f5usule, hoides imitoru soovitud asendit t\u00f5husa s\u00fcvendamise jaoks. Optimaalsete tulemuste saavutamiseks j\u00e4lgige t\u00f6\u00f6d t\u00e4helepanelikult.<\/li>\n<\/ol>\n<h2><strong>Kuidas t\u00f6\u00f6tab kahetoimeline h\u00fcdrauliline silinder?<\/strong><\/h2>\n<p>Kahetoimeline h\u00fcdrosilinder on h\u00fcdraulilise ajami t\u00fc\u00fcp, mis t\u00f6\u00f6tab m\u00f5lemas suunas, pakkudes j\u00f5udu ja liikumist nii pikendus- kui ka tagasit\u00f5mbamisk\u00e4igus. See koosneb silindrilisest t\u00fcnnist, kolvist, kolvivardadest, tihenditest ja h\u00fcdraulilise vedeliku avadest.<\/p>\n<p>Siin on samm-sammult juhend kahekordse toimega h\u00fcdrosilindri toimimise kohta:<\/p>\n<ol>\n<li><strong>Vedeliku tarbimine:<\/strong> H\u00fcdrauliline silinder on \u00fchendatud h\u00fcdraulilise j\u00f5useadme v\u00f5i pumbaga, mis varustab survestatud h\u00fcdraulilist vedelikku. Vedelik on tavaliselt \u00f5lip\u00f5hine h\u00fcdrauliline vedelik.<\/li>\n<li><strong>Pikendusk\u00e4ik:<\/strong> Kui h\u00fcdrauliline vedelik juhitakse silindri vardaotsa avasse, siseneb see silindri korpusesse kolvi taga. Vedeliku r\u00f5hk surub kolbi ja sellega \u00fchendatud kolvivarda v\u00e4ljapoole, pikendades silindrit.<\/li>\n<li><strong>Tagasit\u00f5mbumisk\u00e4ik:<\/strong> Silindri tagasit\u00f5mbamiseks juhitakse silindri kaanepoolsesse avasse h\u00fcdraulilist vedelikku. Vedelik siseneb silindrisse kolvi ees, avaldades survet ning surudes kolvi ja kolvivarda tagasi silindrisse.<\/li>\n<li><strong>Tihendusmehhanism:<\/strong> H\u00fcdrosilinder on varustatud tihenditega, n\u00e4iteks kolvi- ja vardatihenditega, mis takistavad h\u00fcdraulilise vedeliku lekkimist. Need tihendid tagavad, et vedelik p\u00fcsib silindris, s\u00e4ilitades r\u00f5hu ja ennetades j\u00f5ukadu.<\/li>\n<li><strong>Juhtventiilid:<\/strong> Juhtventiile kasutatakse h\u00fcdraulilise vedeliku suuna ja voolu juhtimiseks. Need ventiilid suunavad vedeliku silindri sobivasse avasse, v\u00f5imaldades soovitud liikumise p\u00f5hjal silindri pikendamist v\u00f5i tagasit\u00f5mbumist.<\/li>\n<li><strong>Kolvi ja varda disain:<\/strong> Kolb ja kolvivarras on tavaliselt teineteisest eraldatud, et tagada r\u00f5hu all oleva vedeliku m\u00f5ju ainult kolvi \u00fchele k\u00fcljele korraga. See konstruktsioon v\u00f5imaldab eraldi pikendus- ja tagasit\u00f5mbamisliigutusi, pakkudes kahesuunalist liikumist.<\/li>\n<li><strong>Koormuse rakendus:<\/strong> H\u00fcdraulilise silindri kolvivarras on kinnitatud koorma v\u00f5i mehhanismi k\u00fclge, mis vajab j\u00f5udu v\u00f5i liikumist. Kui h\u00fcdrauliline vedelik kolbi pikendab v\u00f5i tagasi t\u00f5mbab, kandub tekitatud j\u00f5ud kolvivarda kaudu koormale, v\u00f5imaldades sellel liikuda v\u00f5i j\u00f5udu avaldada.<\/li>\n<li><strong>R\u00f5hu leevendamine:<\/strong> H\u00fcdraulilise silindri kiiruse ja j\u00f5u reguleerimiseks v\u00f5ib h\u00fcdraulikas\u00fcsteemis kasutada r\u00f5hukaitseklappe v\u00f5i voolu reguleerimise klappe. Need klapid reguleerivad h\u00fcdraulikavedeliku r\u00f5hku ja voolu, hoides \u00e4ra liigse r\u00f5hu tekkimise ja tagades ohutu t\u00f6\u00f6.<\/li>\n<\/ol>\n<h2><strong>Tehase v\u00f5imekus ja suutlikkus:<\/strong><\/h2>\n<h3>(1) Kokkupanek<\/h3>\n<p>Meil on esmaklassiline s\u00f5ltumatu teadus- ja arendustegevuse montaa\u017eiplatvorm. H\u00fcdrosilindrite tootmist\u00f6\u00f6kojas on neli poolautomaatset t\u00f5stesilindrite koosteliini ja \u00fcks automaatne kallutussilindrite koosteliin, mille kavandatud aastane tootmisv\u00f5imsus on 1 miljon t\u00fckki. Spetsiaalsete silindrite t\u00f6\u00f6koda on varustatud erinevate spetsifikatsioonidega poolautomaatse puhastusmontaa\u017eis\u00fcsteemiga, mille kavandatud aastane tootmisv\u00f5imsus on 200 000 ja mis on varustatud kuulsate CNC-t\u00f6\u00f6tlemisseadmete, mehaanilise t\u00f6\u00f6tlemise keskuse, suure t\u00e4psusega silindrite t\u00f6\u00f6tlemise eriseadmete, robotkeevitusmasina, automaatse puhastusmasina, automaatse silindri kokkupanemise masina ja automaatse v\u00e4rvimise tootmisliiniga. Olemasolevad kriitilised seadmed rohkem kui 300 komplekti (komplekti). Seadmete ressursside optimaalne jaotamine ja t\u00f5hus kasutamine tagavad toodete t\u00e4psusn\u00f5uded ja vastavad toodete kvaliteedin\u00f5uetele.<\/p>\n<p><img loading=\"lazy\" decoding=\"async\" class=\"alignnone wp-image-626\" src=\"https:\/\/hydraulic-cylinders.net\/wp-content\/uploads\/2023\/08\/hydraulic-cylinder-product-1-300x158.webp\" alt=\"\" width=\"495\" height=\"260\" srcset=\"https:\/\/hydraulic-cylinders.net\/wp-content\/uploads\/2023\/08\/hydraulic-cylinder-product-1-300x158.webp 495w, https:\/\/hydraulic-cylinders.net\/wp-content\/uploads\/2023\/08\/hydraulic-cylinder-product-1-480x252.webp 480w\" sizes=\"(min-width: 0px) and (max-width: 480px) 480px, (min-width: 481px) 495px, 100vw\" \/> <img loading=\"lazy\" decoding=\"async\" class=\"alignnone wp-image-627\" src=\"https:\/\/hydraulic-cylinders.net\/wp-content\/uploads\/2023\/08\/hydraulic-cylinder-product-2-300x189.webp\" alt=\"\" width=\"413\" height=\"260\" \/><\/p>\n<h3>(2) T\u00f6\u00f6tlemine<\/h3>\n<p>T\u00f6\u00f6deldav t\u00f6\u00f6koda on varustatud kohandatud kallutatud r\u00f6\u00f6pse treipingi keskuse, mehaanilise keskuse, kiire lihvimismasina, keevitusroboti ja muude seotud seadmetega, mis suudavad t\u00f6\u00f6delda silindritorusid, mille maksimaalne sisel\u00e4bim\u00f5\u00f5t on 400 mm ja maksimaalne pikkus on 6 meetrit.<\/p>\n<p><img loading=\"lazy\" decoding=\"async\" class=\"alignnone wp-image-628 size-large\" src=\"https:\/\/hydraulic-cylinders.net\/wp-content\/uploads\/2023\/08\/hydraulic-cylinder-product-3-1024x391.webp\" alt=\"\" width=\"1024\" height=\"391\" srcset=\"https:\/\/hydraulic-cylinders.net\/wp-content\/uploads\/2023\/08\/hydraulic-cylinder-product-3-980x374.webp 980w, https:\/\/hydraulic-cylinders.net\/wp-content\/uploads\/2023\/08\/hydraulic-cylinder-product-3-480x183.webp 480w\" sizes=\"(min-width: 0px) and (max-width: 480px) 480px, (min-width: 481px) and (max-width: 980px) 980px, (min-width: 981px) 1024px, 100vw\" \/><\/p>\n<h3>(3) Keevitamine<\/h3>\n<p><img loading=\"lazy\" decoding=\"async\" class=\"alignnone wp-image-629 size-large\" src=\"https:\/\/hydraulic-cylinders.net\/wp-content\/uploads\/2023\/08\/hydraulic-cylinder-product-4-1024x510.webp\" alt=\"\" width=\"1024\" height=\"510\" srcset=\"https:\/\/hydraulic-cylinders.net\/wp-content\/uploads\/2023\/08\/hydraulic-cylinder-product-4-980x488.webp 980w, https:\/\/hydraulic-cylinders.net\/wp-content\/uploads\/2023\/08\/hydraulic-cylinder-product-4-480x239.webp 480w\" sizes=\"(min-width: 0px) and (max-width: 480px) 480px, (min-width: 481px) and (max-width: 980px) 980px, (min-width: 981px) 1024px, 100vw\" \/><\/p>\n<h3>(4) V\u00e4rvimine ja katmine<\/h3>\n<p>V\u00e4ikese ja keskmise suurusega silindri automaatse veep\u00f5hise v\u00e4rvipinnakattega liinide abil, et saavutada automaatne robotlaadimine ja mahalaadimine ning automaatne pihustamine, projekteerimisv\u00f5imsus 4000 t\u00fckki vahetuse kohta;<br \/>\nMeil on ka poolautomaatne suurte balloonide v\u00e4rvimise tootmisliin, mis t\u00f6\u00f6tab j\u00f5ukettaga ja mille projekteerimisv\u00f5imsus on 60 kasti \u00fche vahetuse kohta.<\/p>\n<p><img loading=\"lazy\" decoding=\"async\" class=\"alignnone wp-image-630\" src=\"https:\/\/hydraulic-cylinders.net\/wp-content\/uploads\/2023\/08\/hydraulic-cylinder-product-5-300x213.webp\" alt=\"\" width=\"366\" height=\"260\" \/> <img loading=\"lazy\" decoding=\"async\" class=\"alignnone wp-image-631\" src=\"https:\/\/hydraulic-cylinders.net\/wp-content\/uploads\/2023\/08\/hydraulic-cylinder-product-6-300x225.webp\" alt=\"\" width=\"347\" height=\"260\" \/><\/p>\n<h3>(5) Testimine<\/h3>\n<p>Meil on esmaklassilised kontrolliseadmed ja katsestendid, et tagada silindri j\u00f5udlus vastavus n\u00f5uetele.<\/p>\n<p><img loading=\"lazy\" decoding=\"async\" class=\"alignnone wp-image-632\" src=\"https:\/\/hydraulic-cylinders.net\/wp-content\/uploads\/2023\/08\/hydraulic-cylinder-product-8-300x200.webp\" alt=\"\" width=\"389\" height=\"260\" \/><\/p>\n<p>&nbsp;<\/p>\n<p>&nbsp;<\/p>\n<p>Oleme \u00fcks parimaid h\u00fcdrosilindrite tootjaid. Pakume laia valikut h\u00fcdrosilindreid. Pakume ka vastavaid... <a href=\"https:\/\/hzpt.com\/agricultural-pto-gearbox\/\" target=\"_blank\" rel=\"noopener\">p\u00f5llumajanduslikud k\u00e4igukastid<\/a>. Oleme eksportinud oma tooteid klientidele \u00fcle maailma ja teeninud hea maine t\u00e4nu meie suurep\u00e4rasele tootekvaliteedile ja m\u00fc\u00fcgij\u00e4rgsele teenindusele. Me tervitame kliente kodus ja v\u00e4lismaal, et v\u00f5tta meiega \u00fchendust, et pidada l\u00e4bir\u00e4\u00e4kimisi \u00e4ri, vahetada teavet ja <a href=\"https:\/\/www.hydraulic-cylinders.net\/et\/contact-us\/\">teha meiega koost\u00f6\u00f6d<\/a>!<\/p>","protected":false},"excerpt":{"rendered":"<p>Trailing Suction Dredger Heave Compensation Cylinder The trailing suction dredger heave compensation cylinder is a cutting-edge hydraulic device that has revolutionized the efficiency and effectiveness of dredging operations. Designed to provide precise heave compensation, this cylinder ensures optimal dredging performance even in challenging marine environments. The trailing suction dredger heave compensation cylinder is a game-changer [&hellip;]<\/p>","protected":false},"featured_media":1767,"comment_status":"open","ping_status":"closed","template":"","meta":{"_et_pb_use_builder":"","_et_pb_old_content":"","_et_gb_content_width":""},"product_brand":[],"product_cat":[1550,1535,1552,1376],"product_tag":[1380],"class_list":{"0":"post-1762","1":"product","2":"type-product","3":"status-publish","4":"has-post-thumbnail","6":"product_cat-double-acting-hydraulic-cylinder","7":"product_cat-dredger-hydraulic-cylinders","8":"product_cat-stainless-steel-hydraulic-cylinder","9":"product_cat-hydraulic-cylinder","10":"product_tag-hydraulic-cylinder","12":"first","13":"instock","14":"shipping-taxable","15":"product-type-simple"},"amp_enabled":true,"_links":{"self":[{"href":"https:\/\/www.hydraulic-cylinders.net\/et\/wp-json\/wp\/v2\/product\/1762","targetHints":{"allow":["GET"]}}],"collection":[{"href":"https:\/\/www.hydraulic-cylinders.net\/et\/wp-json\/wp\/v2\/product"}],"about":[{"href":"https:\/\/www.hydraulic-cylinders.net\/et\/wp-json\/wp\/v2\/types\/product"}],"replies":[{"embeddable":true,"href":"https:\/\/www.hydraulic-cylinders.net\/et\/wp-json\/wp\/v2\/comments?post=1762"}],"wp:featuredmedia":[{"embeddable":true,"href":"https:\/\/www.hydraulic-cylinders.net\/et\/wp-json\/wp\/v2\/media\/1767"}],"wp:attachment":[{"href":"https:\/\/www.hydraulic-cylinders.net\/et\/wp-json\/wp\/v2\/media?parent=1762"}],"wp:term":[{"taxonomy":"product_brand","embeddable":true,"href":"https:\/\/www.hydraulic-cylinders.net\/et\/wp-json\/wp\/v2\/product_brand?post=1762"},{"taxonomy":"product_cat","embeddable":true,"href":"https:\/\/www.hydraulic-cylinders.net\/et\/wp-json\/wp\/v2\/product_cat?post=1762"},{"taxonomy":"product_tag","embeddable":true,"href":"https:\/\/www.hydraulic-cylinders.net\/et\/wp-json\/wp\/v2\/product_tag?post=1762"}],"curies":[{"name":"wp","href":"https:\/\/api.w.org\/{rel}","templated":true}]}}