{"id":1772,"date":"2023-10-13T06:29:47","date_gmt":"2023-10-13T06:29:47","guid":{"rendered":"https:\/\/hydraulic-cylinders.net\/?post_type=product&#038;p=1772"},"modified":"2025-04-15T05:54:57","modified_gmt":"2025-04-15T05:54:57","slug":"trailing-suction-dredger-mud-door-cylinder","status":"publish","type":"product","link":"https:\/\/www.hydraulic-cylinders.net\/et\/toode\/trailing-suction-dredger-mud-door-cylinder\/","title":{"rendered":"J\u00e4relvaakum-s\u00fcvendaja mudaukse silinder"},"content":{"rendered":"<h1 style=\"text-align: center;\"><strong>J\u00e4relvaakum-s\u00fcvendaja mudaukse silinder<\/strong><\/h1>\n<h1 style=\"text-align: center;\"><strong><img loading=\"lazy\" decoding=\"async\" class=\"alignnone wp-image-1774\" src=\"https:\/\/hydraulic-cylinders.net\/wp-content\/uploads\/2023\/10\/trailing-suction-dredger-mud-door-cylinder-1-1-300x300.webp\" alt=\"\" width=\"400\" height=\"400\" \/><\/strong><\/h1>\n<p>S\u00fcvenduslaeva mudaukse silinder on oluline h\u00fcdrauliline komponent, mis on loodud s\u00fcvendust\u00f6\u00f6de t\u00f5hususe ja tulemuslikkuse parandamiseks. See silinder m\u00e4ngib olulist rolli mudaukse avamise ja sulgemise juhtimisel, tagades sujuva sette sisse- ja v\u00e4ljavoolu.<\/p>\n<p>S\u00fcvendust\u00f6\u00f6de t\u00f5hususe ja tootlikkuse optimeerimisel on oluline komponent s\u00fcvendust\u00f6\u00f6de h\u00fcdrosilinder. Oma tugeva konstruktsiooni, t\u00e4pse juhtimise ja kindla sulgemisega tagab see h\u00fcdrosilinder sujuva sette sisse- ja v\u00e4ljalaske, suurendades \u00fcldist s\u00fcvendust\u00f6\u00f6de efektiivsust. \u00d5igete kasutusmeetodite ja regulaarsete hooldustavade j\u00e4rgimisega saavad s\u00fcvendust\u00f6\u00f6de spetsialistid selle erakordse toote j\u00f5udlust ja eluiga maksimeerida. Kasutage s\u00fcvendust\u00f6\u00f6de h\u00fcdraulilise s\u00fcvendust\u00f6\u00f6de mudaukse silindri v\u00f5imsust ja kogege, millist vahet see teie s\u00fcvendust\u00f6\u00f6des teha saab.<\/p>\n<p>J\u00e4relvajuva s\u00fcvendusmasina mudaukse silindri p\u00f5hiomadused:<\/p>\n<ol>\n<li>Vastupidav konstruktsioon:<\/li>\n<\/ol>\n<ul>\n<li>Mudaukse silinder on valmistatud kvaliteetsetest materjalidest, mis tagab vastupidavuse ja pikaealisuse isegi keerulistes s\u00fcvendust\u00f6\u00f6de tingimustes.<br \/>\nSee on loodud taluma k\u00f5rget r\u00f5hku, karmi keskkonda ja pidevat kasutamist, s\u00e4ilitades s\u00fcvendust\u00f6\u00f6de ajal \u00fchtlase j\u00f5udluse.<\/li>\n<\/ul>\n<ol start=\"2\">\n<li>Sujuv toimimine:<\/li>\n<\/ol>\n<ul>\n<li>See silinder pakub sujuvat ja t\u00e4pset t\u00f6\u00f6d, v\u00f5imaldades mudaukse avamis- ja sulgemismehhanismide t\u00f5husat juhtimist ja reguleerimist.<\/li>\n<li>See tagab mudaukse usaldusv\u00e4\u00e4rse ja t\u00e4pse positsioneerimise, h\u00f5lbustades optimaalset s\u00fcvendust\u00f6\u00f6d.<\/li>\n<\/ul>\n<ol start=\"3\">\n<li>V\u00f5imas k\u00e4ivitamine:<\/li>\n<\/ol>\n<ul>\n<li>Poriluugi silinder pakub v\u00f5imsat k\u00e4ivitusv\u00f5imet, v\u00f5imaldades poriluugi h\u00f5lpsat avamist ja sulgemist.<\/li>\n<li>See annab vajaliku j\u00f5u suurte s\u00fcvendatud materjali koguste k\u00e4itlemiseks, tagades s\u00fcvendust\u00f6\u00f6de ajal t\u00f5husa ohjeldamise ja \u00e4ravoolu.<\/li>\n<\/ul>\n<ol start=\"4\">\n<li>Kohandatavad parameetrid:<\/li>\n<\/ol>\n<ul>\n<li>See silinder v\u00f5imaldab erinevate parameetrite, n\u00e4iteks avanemis- ja sulgemiskiiruse, k\u00e4igupikkuse ja t\u00f6\u00f6r\u00f5hu kohandamist.<\/li>\n<li>Operaatorid saavad silindri seadeid kohandada vastavalt konkreetsetele s\u00fcvendust\u00f6\u00f6de n\u00f5uetele, optimeerides seel\u00e4bi kogu t\u00f6\u00f6 t\u00f5husust ja tulemuslikkust.<\/li>\n<\/ul>\n<h2><strong>J\u00e4relvaakummi s\u00fcvendusmasina mudaukse silindri parameeter:<\/strong><\/h2>\n<table border=\"1\" cellspacing=\"0\" cellpadding=\"0\">\n<tbody>\n<tr>\n<td>Toote nimi<\/td>\n<td>J\u00e4relvaakum-s\u00fcvendaja mudaukse silinder<\/td>\n<\/tr>\n<tr>\n<td>Omadused:<\/td>\n<td>Mudaukse avamiseks ja sulgemiseks vajalik t\u00f5mbej\u00f5ud ning vajadusel saab varustada nihkeanduriga<\/td>\n<\/tr>\n<tr>\n<td>Ava l\u00e4bim\u00f5\u00f5t:<\/td>\n<td>400 mm<\/td>\n<\/tr>\n<tr>\n<td>Varda l\u00e4bim\u00f5\u00f5t:<\/td>\n<td>200 mm<br \/>\nK\u00e4igupikkus: 1400 mm<\/td>\n<\/tr>\n<tr>\n<td>R\u00f5hk:<\/td>\n<td>kuni 32 MPa<\/td>\n<\/tr>\n<tr>\n<td>T\u00f5mbej\u00f5ud:<\/td>\n<td>Maksimaalselt 2355 kN<\/td>\n<\/tr>\n<tr>\n<td>Rakendused:<\/td>\n<td>J\u00e4relveetav s\u00fcvendusmasin<\/td>\n<\/tr>\n<\/tbody>\n<\/table>\n<div><\/div>\n<div>\n<div class=\"txtboxL\">\n<div class=\"txtboxL\">\n<div class=\"txtboxL\">Omadused:<\/div>\n<div class=\"txtboxR\">Mudaukse avamiseks ja sulgemiseks vajalik t\u00f5mbej\u00f5ud ning vajadusel saab varustada nihkeanduriga<\/div>\n<div class=\"txtboxL\">Spetsifikatsioon:<\/div>\n<div class=\"txtboxR\">Ava l\u00e4bim\u00f5\u00f5t: 400 mm<br \/>\nVarda l\u00e4bim\u00f5\u00f5t: 200 mm<br \/>\nK\u00e4igupikkus: 1400 mm<\/div>\n<div class=\"txtboxL\">R\u00f5hk:<\/div>\n<div class=\"txtboxR\">kuni 32 MPa<\/div>\n<div class=\"txtboxL\">T\u00f5mbej\u00f5ud:<\/div>\n<div class=\"txtboxR\">Maksimaalselt 2355 kN<\/div>\n<\/div>\n<\/div>\n<\/div>\n<h2><strong>S\u00fcvenduspaagi l\u00f5ikuri-imemissilindrite rakendus:<\/strong><\/h2>\n<p><img loading=\"lazy\" decoding=\"async\" class=\"alignnone wp-image-1757 size-full\" src=\"https:\/\/hydraulic-cylinders.net\/wp-content\/uploads\/2023\/10\/dredger-tank-cylinder-1.webp\" alt=\"\" width=\"600\" height=\"400\" srcset=\"https:\/\/hydraulic-cylinders.net\/wp-content\/uploads\/2023\/10\/dredger-tank-cylinder-1.webp 600w, https:\/\/hydraulic-cylinders.net\/wp-content\/uploads\/2023\/10\/dredger-tank-cylinder-1-480x320.webp 480w\" sizes=\"(min-width: 0px) and (max-width: 480px) 480px, (min-width: 481px) 600px, 100vw\" \/><\/p>\n<h2><strong>Imu-s\u00fcvendaja mudaukse silindri kasutusmeetod<\/strong><strong>:<\/strong><\/h2>\n<ol>\n<li><strong>Paigaldamine:<\/strong><\/li>\n<\/ol>\n<ul>\n<li>Mudaukse silindri turvaliseks paigaldamiseks j\u00e4relveetavale s\u00fcvenduslaevale j\u00e4rgige tootja juhiseid.<\/li>\n<li>Veenduge, et poriluuk ja sellega seotud komponendid oleksid \u00f5igesti joondatud ja kinnitatud, et tagada sujuv ja usaldusv\u00e4\u00e4rne t\u00f6\u00f6.<\/li>\n<\/ul>\n<ol start=\"2\">\n<li><strong>Juhtimine ja reguleerimine:<\/strong><\/li>\n<\/ol>\n<ul>\n<li>Kasuta s\u00fcvendusmasina juhtimiss\u00fcsteemi mudaukse silindri juhtimiseks ja reguleerimiseks.<\/li>\n<li>Kontrollige mudaukse avamist ja sulgemist selleks etten\u00e4htud juhtnuppude abil, mis v\u00f5imaldab s\u00fcvendatud materjali v\u00e4ljavoolu t\u00e4pselt juhtida.<\/li>\n<\/ul>\n<ol start=\"3\">\n<li><strong>S\u00fcvendust\u00f6\u00f6d:<\/strong><\/li>\n<\/ol>\n<ul>\n<li>S\u00fcvendust\u00f6\u00f6de ajal avage v\u00f5i sulgege mudaluugi silinder vastavalt vajadusele.<\/li>\n<li>Reguleerige silindri parameetreid, n\u00e4iteks kiirust ja k\u00e4igu pikkust, et optimeerida s\u00fcvendamisprotsessi ja tagada materjali t\u00f5hus kogumine ja t\u00fchjendamine.<\/li>\n<\/ul>\n<h2><strong>Kuidas kontrollida h\u00fcdraulilise silindri kiirust?<\/strong><\/h2>\n<p>H\u00fcdrauliline silinder on mehaaniline ajam, mis muundab h\u00fcdraulilise r\u00f5hu lineaarseks j\u00f5uks ja liikumiseks. See koosneb silindrilisest t\u00fcnnist, kolvist, kolvivardast, tihenditest ja h\u00fcdraulilise vedeliku avadest. Siin on h\u00fcdraulilise silindri t\u00f6\u00f6p\u00f5him\u00f5te:<\/p>\n<ol>\n<li><strong>H\u00fcdraulika\u00f5li varustus:<\/strong> H\u00fcdrauliline silinder on \u00fchendatud h\u00fcdraulilise j\u00f5useadme v\u00f5i pumbaga, mis varustab survestatud h\u00fcdraulilist vedelikku. Vedelik on tavaliselt \u00f5lip\u00f5hine h\u00fcdrauliline vedelik.<\/li>\n<li><strong>Silindri struktuur:<\/strong> Silindril on \u00f5\u00f5nes silindriline korpus, mille sisse on paigaldatud kolb. Kolb jagab silindri kaheks kambriks: vardaotsa kambriks ja klapiotsa kambriks.<\/li>\n<li><strong>R\u00f5hu rakendamine:<\/strong> H\u00fcdrauliline vedelik suunatakse \u00fchte silindri kambritesse, kas varda otsa v\u00f5i silindri kaane otsa kambrisse, olenevalt soovitud liikumissuunast.<\/li>\n<li><strong>R\u00f5hu erinevus:<\/strong> Surve all olev h\u00fcdrauliline vedelik m\u00f5jub kolvi pinnale, tekitades j\u00f5u, mis liigutab kolbi m\u00e4\u00e4ratud suunas. Kahe kambri vaheline r\u00f5huerinevus paneb kolvi liikuma.<\/li>\n<li><strong>Lineaarne liikumine:<\/strong> Kui h\u00fcdrauliline vedelik surub vastu kolvi, siis kolvi k\u00fclge kinnitatud kolvivarras pikeneb v\u00f5i t\u00f5mbub tagasi lineaarselt, olenevalt vedeliku voolusuunast. See lineaarne liikumine kannab j\u00f5u \u00fcle kolvivardaga \u00fchendatud koormusele v\u00f5i mehhanismile.<\/li>\n<li><strong>Tihendusmehhanism:<\/strong> H\u00fcdrosilinder on varustatud tihenditega, n\u00e4iteks kolvi- ja vardatihenditega, et v\u00e4ltida h\u00fcdraulilise vedeliku leket. Need tihendid hoiavad silindris r\u00f5hku ja tagavad sujuva t\u00f6\u00f6, takistades vedeliku lekkimist.<\/li>\n<li><strong>Juhtventiilid:<\/strong> Juhtventiile kasutatakse h\u00fcdraulilise vedeliku suuna ja voolu juhtimiseks. Need ventiilid suunavad h\u00fcdraulilise vedeliku voolu silindri sobivasse kambrisse, v\u00f5imaldades kolvi pikenemist v\u00f5i tagasit\u00f5mbumist.<\/li>\n<li><strong>R\u00f5hu leevendamine:<\/strong> H\u00fcdraulilise silindri kiiruse ja j\u00f5u reguleerimiseks v\u00f5ib h\u00fcdraulikas\u00fcsteemi lisada r\u00f5huventiile v\u00f5i voolu reguleerimise ventiile. Need ventiilid reguleerivad h\u00fcdraulikavedeliku r\u00f5hku ja voolu, hoides \u00e4ra liigse r\u00f5hu tekkimise ja tagades ohutu t\u00f6\u00f6.<\/li>\n<li><strong>Koormuse rakendus:<\/strong> H\u00fcdrosilindri kolvivarras on \u00fchendatud koorma v\u00f5i mehhanismiga, mis vajab j\u00f5udu v\u00f5i liikumist. Kolvi pikenemisel v\u00f5i tagasit\u00f5mbumisel kandub tekitatud j\u00f5ud kolvivarda kaudu koormale, v\u00f5imaldades sellel liikuda v\u00f5i j\u00f5udu avaldada.<\/li>\n<\/ol>\n<h2><strong>Tehase v\u00f5imekus ja suutlikkus:<\/strong><\/h2>\n<h3>(1) Kokkupanek<\/h3>\n<p>Meil on esmaklassiline s\u00f5ltumatu teadus- ja arendustegevuse montaa\u017eiplatvorm. H\u00fcdrosilindrite tootmist\u00f6\u00f6kojas on neli poolautomaatset t\u00f5stesilindrite koosteliini ja \u00fcks automaatne kallutussilindrite koosteliin, mille kavandatud aastane tootmisv\u00f5imsus on 1 miljon t\u00fckki. Spetsiaalsete silindrite t\u00f6\u00f6koda on varustatud erinevate spetsifikatsioonidega poolautomaatse puhastusmontaa\u017eis\u00fcsteemiga, mille kavandatud aastane tootmisv\u00f5imsus on 200 000 ja mis on varustatud kuulsate CNC-t\u00f6\u00f6tlemisseadmete, mehaanilise t\u00f6\u00f6tlemise keskuse, suure t\u00e4psusega silindrite t\u00f6\u00f6tlemise eriseadmete, robotkeevitusmasina, automaatse puhastusmasina, automaatse silindri kokkupanemise masina ja automaatse v\u00e4rvimise tootmisliiniga. Olemasolevad kriitilised seadmed rohkem kui 300 komplekti (komplekti). Seadmete ressursside optimaalne jaotamine ja t\u00f5hus kasutamine tagavad toodete t\u00e4psusn\u00f5uded ja vastavad toodete kvaliteedin\u00f5uetele.<\/p>\n<p><img loading=\"lazy\" decoding=\"async\" class=\"alignnone wp-image-626\" src=\"https:\/\/hydraulic-cylinders.net\/wp-content\/uploads\/2023\/08\/hydraulic-cylinder-product-1-300x158.webp\" alt=\"\" width=\"495\" height=\"260\" srcset=\"https:\/\/hydraulic-cylinders.net\/wp-content\/uploads\/2023\/08\/hydraulic-cylinder-product-1-300x158.webp 495w, https:\/\/hydraulic-cylinders.net\/wp-content\/uploads\/2023\/08\/hydraulic-cylinder-product-1-480x252.webp 480w\" sizes=\"(min-width: 0px) and (max-width: 480px) 480px, (min-width: 481px) 495px, 100vw\" \/> <img loading=\"lazy\" decoding=\"async\" class=\"alignnone wp-image-627\" src=\"https:\/\/hydraulic-cylinders.net\/wp-content\/uploads\/2023\/08\/hydraulic-cylinder-product-2-300x189.webp\" alt=\"\" width=\"413\" height=\"260\" \/><\/p>\n<h3>(2) T\u00f6\u00f6tlemine<\/h3>\n<p>T\u00f6\u00f6deldav t\u00f6\u00f6koda on varustatud kohandatud kallutatud r\u00f6\u00f6pse treipingi keskuse, mehaanilise keskuse, kiire lihvimismasina, keevitusroboti ja muude seotud seadmetega, mis suudavad t\u00f6\u00f6delda silindritorusid, mille maksimaalne sisel\u00e4bim\u00f5\u00f5t on 400 mm ja maksimaalne pikkus on 6 meetrit.<\/p>\n<p><img loading=\"lazy\" decoding=\"async\" class=\"alignnone wp-image-628 size-large\" src=\"https:\/\/hydraulic-cylinders.net\/wp-content\/uploads\/2023\/08\/hydraulic-cylinder-product-3-1024x391.webp\" alt=\"\" width=\"1024\" height=\"391\" srcset=\"https:\/\/hydraulic-cylinders.net\/wp-content\/uploads\/2023\/08\/hydraulic-cylinder-product-3-980x374.webp 980w, https:\/\/hydraulic-cylinders.net\/wp-content\/uploads\/2023\/08\/hydraulic-cylinder-product-3-480x183.webp 480w\" sizes=\"(min-width: 0px) and (max-width: 480px) 480px, (min-width: 481px) and (max-width: 980px) 980px, (min-width: 981px) 1024px, 100vw\" \/><\/p>\n<h3>(3) Keevitamine<\/h3>\n<p><img loading=\"lazy\" decoding=\"async\" class=\"alignnone wp-image-629 size-large\" src=\"https:\/\/hydraulic-cylinders.net\/wp-content\/uploads\/2023\/08\/hydraulic-cylinder-product-4-1024x510.webp\" alt=\"\" width=\"1024\" height=\"510\" srcset=\"https:\/\/hydraulic-cylinders.net\/wp-content\/uploads\/2023\/08\/hydraulic-cylinder-product-4-980x488.webp 980w, https:\/\/hydraulic-cylinders.net\/wp-content\/uploads\/2023\/08\/hydraulic-cylinder-product-4-480x239.webp 480w\" sizes=\"(min-width: 0px) and (max-width: 480px) 480px, (min-width: 481px) and (max-width: 980px) 980px, (min-width: 981px) 1024px, 100vw\" \/><\/p>\n<h3>(4) V\u00e4rvimine ja katmine<\/h3>\n<p>V\u00e4ikese ja keskmise suurusega silindri automaatse veep\u00f5hise v\u00e4rvipinnakattega liinide abil, et saavutada automaatne robotlaadimine ja mahalaadimine ning automaatne pihustamine, projekteerimisv\u00f5imsus 4000 t\u00fckki vahetuse kohta;<br \/>\nMeil on ka poolautomaatne suurte balloonide v\u00e4rvimise tootmisliin, mis t\u00f6\u00f6tab j\u00f5ukettaga ja mille projekteerimisv\u00f5imsus on 60 kasti \u00fche vahetuse kohta.<\/p>\n<p><img loading=\"lazy\" decoding=\"async\" class=\"alignnone wp-image-630\" src=\"https:\/\/hydraulic-cylinders.net\/wp-content\/uploads\/2023\/08\/hydraulic-cylinder-product-5-300x213.webp\" alt=\"\" width=\"366\" height=\"260\" \/> <img loading=\"lazy\" decoding=\"async\" class=\"alignnone wp-image-631\" src=\"https:\/\/hydraulic-cylinders.net\/wp-content\/uploads\/2023\/08\/hydraulic-cylinder-product-6-300x225.webp\" alt=\"\" width=\"347\" height=\"260\" \/><\/p>\n<h3>(5) Testimine<\/h3>\n<p>Meil on esmaklassilised kontrolliseadmed ja katsestendid, et tagada silindri j\u00f5udlus vastavus n\u00f5uetele.<\/p>\n<p><img loading=\"lazy\" decoding=\"async\" class=\"alignnone wp-image-632\" src=\"https:\/\/hydraulic-cylinders.net\/wp-content\/uploads\/2023\/08\/hydraulic-cylinder-product-8-300x200.webp\" alt=\"\" width=\"389\" height=\"260\" \/><\/p>\n<p>&nbsp;<\/p>\n<p>&nbsp;<\/p>\n<p>Oleme \u00fcks parimaid h\u00fcdrosilindrite tootjaid. Pakume laia valikut h\u00fcdrosilindreid. Pakume ka vastavaid... <a href=\"https:\/\/hzpt.com\/agricultural-pto-gearbox\/\" target=\"_blank\" rel=\"noopener\">p\u00f5llumajanduslikud k\u00e4igukastid<\/a>. Oleme eksportinud oma tooteid klientidele \u00fcle maailma ja teeninud hea maine t\u00e4nu meie suurep\u00e4rasele tootekvaliteedile ja m\u00fc\u00fcgij\u00e4rgsele teenindusele. Me tervitame kliente kodus ja v\u00e4lismaal, et v\u00f5tta meiega \u00fchendust, et pidada l\u00e4bir\u00e4\u00e4kimisi \u00e4ri, vahetada teavet ja <a href=\"https:\/\/www.hydraulic-cylinders.net\/et\/contact-us\/\">teha meiega koost\u00f6\u00f6d<\/a>!<\/p>","protected":false},"excerpt":{"rendered":"<p>Trailing Suction Dredger Mud Door Cylinder The trailing suction dredger mud door cylinder is a vital hydraulic component designed to improve the efficiency and effectiveness of dredging operations. This cylinder plays a crucial role in controlling the opening and closing of the mud doors, ensuring seamless sediment intake and discharge. The trailing suction dredger mud [&hellip;]<\/p>","protected":false},"featured_media":1773,"comment_status":"open","ping_status":"closed","template":"","meta":{"_et_pb_use_builder":"","_et_pb_old_content":"","_et_gb_content_width":""},"product_brand":[],"product_cat":[1550,1535,1552,1376],"product_tag":[1380],"class_list":{"0":"post-1772","1":"product","2":"type-product","3":"status-publish","4":"has-post-thumbnail","6":"product_cat-double-acting-hydraulic-cylinder","7":"product_cat-dredger-hydraulic-cylinders","8":"product_cat-stainless-steel-hydraulic-cylinder","9":"product_cat-hydraulic-cylinder","10":"product_tag-hydraulic-cylinder","12":"first","13":"instock","14":"shipping-taxable","15":"product-type-simple"},"amp_enabled":true,"_links":{"self":[{"href":"https:\/\/www.hydraulic-cylinders.net\/et\/wp-json\/wp\/v2\/product\/1772","targetHints":{"allow":["GET"]}}],"collection":[{"href":"https:\/\/www.hydraulic-cylinders.net\/et\/wp-json\/wp\/v2\/product"}],"about":[{"href":"https:\/\/www.hydraulic-cylinders.net\/et\/wp-json\/wp\/v2\/types\/product"}],"replies":[{"embeddable":true,"href":"https:\/\/www.hydraulic-cylinders.net\/et\/wp-json\/wp\/v2\/comments?post=1772"}],"wp:featuredmedia":[{"embeddable":true,"href":"https:\/\/www.hydraulic-cylinders.net\/et\/wp-json\/wp\/v2\/media\/1773"}],"wp:attachment":[{"href":"https:\/\/www.hydraulic-cylinders.net\/et\/wp-json\/wp\/v2\/media?parent=1772"}],"wp:term":[{"taxonomy":"product_brand","embeddable":true,"href":"https:\/\/www.hydraulic-cylinders.net\/et\/wp-json\/wp\/v2\/product_brand?post=1772"},{"taxonomy":"product_cat","embeddable":true,"href":"https:\/\/www.hydraulic-cylinders.net\/et\/wp-json\/wp\/v2\/product_cat?post=1772"},{"taxonomy":"product_tag","embeddable":true,"href":"https:\/\/www.hydraulic-cylinders.net\/et\/wp-json\/wp\/v2\/product_tag?post=1772"}],"curies":[{"name":"wp","href":"https:\/\/api.w.org\/{rel}","templated":true}]}}