{"id":1775,"date":"2023-10-13T06:57:31","date_gmt":"2023-10-13T06:57:31","guid":{"rendered":"https:\/\/hydraulic-cylinders.net\/?post_type=product&#038;p=1775"},"modified":"2025-04-15T05:54:54","modified_gmt":"2025-04-15T05:54:54","slug":"trailing-suction-dredger-overflow-cylinder","status":"publish","type":"product","link":"https:\/\/www.hydraulic-cylinders.net\/et\/toode\/trailing-suction-dredger-overflow-cylinder\/","title":{"rendered":"J\u00e4relvaakum-s\u00fcvendaja \u00fclevoolu silinder"},"content":{"rendered":"<h1 style=\"text-align: center;\"><strong>J\u00e4relvaakum-s\u00fcvendaja \u00fclevoolu silinder<\/strong><\/h1>\n<h1 style=\"text-align: center;\"><img loading=\"lazy\" decoding=\"async\" class=\"alignnone wp-image-1776\" src=\"https:\/\/hydraulic-cylinders.net\/wp-content\/uploads\/2023\/10\/trailing-suction-dredger-overflow-cylinder-1-300x300.webp\" alt=\"\" width=\"400\" height=\"400\" \/><\/h1>\n<p>Imu-s\u00fcvenduslaeva \u00fclevoolusilinder on t\u00e4nap\u00e4evaste s\u00fcvendusseadmete oluline komponent. See silinder, mis on loodud imu-s\u00fcvenduslaevade j\u00f5udluse optimeerimiseks, m\u00e4ngib \u00fclevoolus\u00fcsteemi haldamisel olulist rolli.<\/p>\n<p>J\u00e4relveetava s\u00fcvendusmasina \u00fclevoolusilinder on t\u00f5husate ja efektiivsete s\u00fcvendust\u00f6\u00f6de oluline komponent. Oma vastupidava konstruktsiooni, t\u00e4pse juhtimise, usaldusv\u00e4\u00e4rse k\u00e4ivitamise ja kohandatavate s\u00e4tetega parandab see silinder j\u00e4relveetavate s\u00fcvendusmasina \u00fcldist j\u00f5udlust. Soovitatavate kasutusmeetodite ja hooldustavade j\u00e4rgimisega saavad operaatorid \u00fclevoolusilindri j\u00f5udlust ja pikaealisust maksimeerida, parandades l\u00f5ppkokkuv\u00f5ttes s\u00fcvendust\u00f6\u00f6de t\u00f5husust ja tulemuslikkust.<\/p>\n<p>J\u00e4relveetava s\u00fcvendusmasina \u00fclevoolusilindri p\u00f5hiomadused:<\/p>\n<ol>\n<li>Vastupidav konstruktsioon:<\/li>\n<\/ol>\n<ul>\n<li>\u00dclevoolusilinder on valmistatud kvaliteetsetest materjalidest, mis tagab vastupidavuse ja pikaealisuse isegi keerulistes s\u00fcvenduskeskkondades.<\/li>\n<li>Selle vastupidav konstruktsioon v\u00f5imaldab tal vastu pidada k\u00f5rgele r\u00f5hule, karmidele tingimustele ja pidevale kasutamisele, s\u00e4ilitades \u00fchtlase j\u00f5udluse kogu s\u00fcvendust\u00f6\u00f6de v\u00e4ltel.<\/li>\n<\/ul>\n<ol start=\"2\">\n<li>T\u00e4pne kontroll:<\/li>\n<\/ol>\n<ul>\n<li>See silinder pakub t\u00e4pset juhtimist \u00fclevoolus\u00fcsteemi \u00fcle, v\u00f5imaldades s\u00fcvendatud materjali t\u00e4pset haldamist.<\/li>\n<li>See tagab \u00fclevooluprotsessi optimaalse kontrolli ja reguleerimise, h\u00f5lbustades sette t\u00f5husat eraldamist ja \u00e4rajuhtimist.<\/li>\n<\/ul>\n<ol start=\"3\">\n<li>Usaldusv\u00e4\u00e4rne k\u00e4ivitamine:<\/li>\n<\/ol>\n<ul>\n<li>\u00dclevoolusilinder pakub usaldusv\u00e4\u00e4rset k\u00e4ivitusv\u00f5imet, tagades \u00fclevoolus\u00fcsteemi sujuva ja j\u00e4rjepideva t\u00f6\u00f6.<\/li>\n<li>See annab vajaliku j\u00f5u \u00fclevooluava liikumise juhtimiseks, tagades s\u00fcvendatud materjali voolu t\u00f5husa haldamise.<\/li>\n<\/ul>\n<ol start=\"4\">\n<li>Kohandatavad seaded:<\/li>\n<\/ol>\n<ul>\n<li>See silinder v\u00f5imaldab erinevate parameetrite, n\u00e4iteks avanemis- ja sulgemiskiiruse, k\u00e4igupikkuse ja k\u00e4ivitusr\u00f5hu kohandamist.<\/li>\n<li>Operaatorid saavad neid s\u00e4tteid vastavalt konkreetsetele s\u00fcvendust\u00f6\u00f6de n\u00f5uetele kohandada, optimeerides \u00fclevoolus\u00fcsteemi t\u00f5husust ja tulemuslikkust.<\/li>\n<\/ul>\n<h2><strong>J\u00e4relvajuva s\u00fcvendusmasina \u00fclevoolu silindri parameeter:<\/strong><\/h2>\n<table border=\"1\" cellspacing=\"0\" cellpadding=\"0\">\n<tbody>\n<tr>\n<td>Toote nimi<\/td>\n<td>J\u00e4relvaakum-s\u00fcvendaja \u00fclevoolu silinder<\/td>\n<\/tr>\n<tr>\n<td>Omadused:<\/td>\n<td>Tagage t\u00f5mbej\u00f5ud reljeeftoru t\u00f5stmiseks<\/td>\n<\/tr>\n<tr>\n<td>Ava l\u00e4bim\u00f5\u00f5t:<\/td>\n<td>Kuni 280 mm<\/td>\n<\/tr>\n<tr>\n<td>Varda l\u00e4bim\u00f5\u00f5t:<\/td>\n<td>Kuni 180 mm<br \/>\nK\u00e4iguulatus kuni 6000 mm<\/td>\n<\/tr>\n<tr>\n<td>R\u00f5hk:<\/td>\n<td>kuni 32 MPa<\/td>\n<\/tr>\n<tr>\n<td>T\u00f5mbej\u00f5ud:<\/td>\n<td>Maksimaalselt 900 kN<\/td>\n<\/tr>\n<tr>\n<td>Rakendused:<\/td>\n<td>J\u00e4relveetav s\u00fcvendusmasin<\/td>\n<\/tr>\n<\/tbody>\n<\/table>\n<div><\/div>\n<div>\n<div class=\"txtboxL\">\n<div class=\"txtboxL\">\n<div class=\"txtboxL\">\n<div class=\"txtboxL\">Omadused:<\/div>\n<div class=\"txtboxR\">Tagage t\u00f5mbej\u00f5ud reljeeftoru t\u00f5stmiseks<\/div>\n<div class=\"txtboxL\">Spetsifikatsioon:<\/div>\n<div class=\"txtboxR\">Ava l\u00e4bim\u00f5\u00f5t: kuni 280 mm<br \/>\nVarda l\u00e4bim\u00f5\u00f5t: kuni 180 mm<br \/>\nK\u00e4iguulatus kuni 6000 mm<\/div>\n<div class=\"txtboxL\">R\u00f5hk:<\/div>\n<div class=\"txtboxR\">kuni 32 MPa<\/div>\n<div class=\"txtboxL\">T\u00f5mbej\u00f5ud:<\/div>\n<div class=\"txtboxR\">Maksimaalselt 900 kN<\/div>\n<\/div>\n<\/div>\n<\/div>\n<\/div>\n<h2><strong>S\u00fcvenduspaagi l\u00f5ikuri-imemissilindrite rakendus:<\/strong><\/h2>\n<p><img loading=\"lazy\" decoding=\"async\" class=\"alignnone wp-image-1757 size-full\" src=\"https:\/\/hydraulic-cylinders.net\/wp-content\/uploads\/2023\/10\/dredger-tank-cylinder-1.webp\" alt=\"\" width=\"600\" height=\"400\" srcset=\"https:\/\/hydraulic-cylinders.net\/wp-content\/uploads\/2023\/10\/dredger-tank-cylinder-1.webp 600w, https:\/\/hydraulic-cylinders.net\/wp-content\/uploads\/2023\/10\/dredger-tank-cylinder-1-480x320.webp 480w\" sizes=\"(min-width: 0px) and (max-width: 480px) 480px, (min-width: 481px) 600px, 100vw\" \/><\/p>\n<h2><strong>Imu-s\u00fcvendaja \u00fclevoolusilindri kasutusmeetod<\/strong><strong>:<\/strong><\/h2>\n<ol>\n<li><strong>Paigaldamine:<\/strong><\/li>\n<\/ol>\n<ul>\n<li>J\u00e4rgige tootja juhiseid, et paigaldada \u00fclevoolusilinder kindlalt j\u00e4relveetavale s\u00fcvendusmasinale.<\/li>\n<li>Veenduge, et silinder oleks \u00fclevooluava ja sellega seotud komponentide k\u00fclge \u00f5igesti joondatud ja kinnitatud, et tagada sujuv ja usaldusv\u00e4\u00e4rne t\u00f6\u00f6.<\/li>\n<\/ul>\n<ol start=\"2\">\n<li><strong>\u00dclevoolus\u00fcsteemi haldamine:<\/strong><\/li>\n<\/ol>\n<ul>\n<li>Kasuta s\u00fcvendusmasina juhtimiss\u00fcsteemi \u00fclevoolusilindri juhtimiseks ja haldamiseks.<\/li>\n<li>Kontrollige \u00fclevooluv\u00e4rava avamist ja sulgemist selleks etten\u00e4htud juhtnuppude abil, mis v\u00f5imaldab s\u00fcvendatud materjali voolu ja v\u00e4ljavoolu t\u00e4pset juhtimist.<\/li>\n<\/ul>\n<ol start=\"3\">\n<li><strong>S\u00fcvendust\u00f6\u00f6d:<\/strong><\/li>\n<\/ol>\n<ul>\n<li>S\u00fcvendust\u00f6\u00f6de ajal aktiveerige \u00fclevoolusilinder, et reguleerida \u00fclevooluava asendit vastavalt vajadusele.<\/li>\n<li>Reguleerige silindri seadeid, n\u00e4iteks kiirust ja k\u00e4igu pikkust, et optimeerida \u00fclevooluprotsessi ja tagada t\u00f5hus sette eraldamine ja v\u00e4ljavool.<\/li>\n<\/ul>\n<h2><strong>Kuidas h\u00fcdraulilist silindrit lahti v\u00f5tta?<\/strong><\/h2>\n<p>H\u00fcdrosilindri lahtiv\u00f5tmine n\u00f5uab hoolikat t\u00e4helepanu ja \u00f5igete protseduuride j\u00e4rgimist, et tagada ohutu ja t\u00f5hus lahtiv\u00f5tmine. Siin on samm-sammult juhend h\u00fcdrosilindri lahtiv\u00f5tmiseks:<\/p>\n<ol>\n<li><strong>Koguge vajalikud t\u00f6\u00f6riistad ja seadmed:<\/strong>\n<ul>\n<li>Mutriv\u00f5tmed v\u00f5i pistikupesade komplekt<\/li>\n<li>Kangi v\u00f5i kruvikeeraja<\/li>\n<li>Kummist haamer v\u00f5i surnud l\u00f6\u00f6khaamer<\/li>\n<li>Puhtad kaltsud v\u00f5i poer\u00e4tikud<\/li>\n<li>H\u00fcdraulikavedeliku kogumisvann v\u00f5i -mahuti<\/li>\n<li>Kaitsekindad ja kaitseprillid<\/li>\n<\/ul>\n<\/li>\n<li><strong>T\u00f6\u00f6ala ettevalmistamine:<\/strong>\n<ul>\n<li>Veenduge, et teil on puhas ja korrastatud t\u00f6\u00f6ala, kus on piisavalt ruumi lahtiv\u00f5etud komponentide paigutamiseks.<\/li>\n<li>Mahavoolanud h\u00fcdraulikavedeliku p\u00fc\u00fcdmiseks asetage imav matt v\u00f5i \u00f5li imav materjal.<\/li>\n<\/ul>\n<\/li>\n<li><strong>H\u00fcdraulilise r\u00f5hu alandamine:<\/strong>\n<ul>\n<li>Enne lahtiv\u00f5tmise alustamist vabastage silindrist h\u00fcdrauliline r\u00f5hk. Seda saab teha, aktiveerides h\u00fcdraulikas\u00fcsteemi juhtventiili, et silinder t\u00e4ielikult sisse t\u00f5mmata.<\/li>\n<\/ul>\n<\/li>\n<li><strong>Eemaldage liitmikud ja \u00fchendused:<\/strong>\n<ul>\n<li>Mutriv\u00f5tmete v\u00f5i pistikupesakomplekti abil keerake ettevaatlikult lahti ja eemaldage k\u00f5ik silindri k\u00fclge kinnitatud liitmikud, pistikud v\u00f5i h\u00fcdraulikavoolikud.<\/li>\n<li>J\u00e4lgige liitmikke ja nende vastavaid asukohti uuesti kokkupanekuks.<\/li>\n<\/ul>\n<\/li>\n<li><strong>Silindri kinnitamine:<\/strong>\n<ul>\n<li>Veenduge, et silinder oleks sobiva t\u00f6\u00f6pingi v\u00f5i kruustangide abil korralikult toestatud, et v\u00e4ltida selle kukkumist v\u00f5i veeremist lahtiv\u00f5tmise ajal.<\/li>\n<\/ul>\n<\/li>\n<li><strong>Eemaldage tihend v\u00f5i otsakork:<\/strong>\n<ul>\n<li>N\u00e4\u00e4re v\u00f5i otsakork asub tavaliselt silindri varda otsas.<\/li>\n<li>Kinnituspoltide v\u00f5i mutrite lahtikeeramiseks ja eemaldamiseks kasutage mutriv\u00f5tit v\u00f5i pistikupesa.<\/li>\n<li>Kui tihend v\u00f5i otsakork on kinni kiilunud, v\u00f5ite seda kergelt kummist haamriga v\u00f5i vastupidava haamriga koputada, et seda lahti saada.<\/li>\n<li>Kui see on lahti tulnud, eemaldage ettevaatlikult tihend v\u00f5i otsakork, lastes h\u00fcdraulikavedelikul kogumisvanni voolata.<\/li>\n<\/ul>\n<\/li>\n<li><strong>Kolvi ja varda komplekti eemaldamine:<\/strong>\n<ul>\n<li>Kui tihend v\u00f5i otsakork on eemaldatud, p\u00e4\u00e4sete n\u00fc\u00fcd ligi kolvi ja varda komplektile.<\/li>\n<li>Libistage kolvi ja varda komplekt ettevaatlikult silindri korpusest v\u00e4lja, veendudes, et teil on kindel haare, et v\u00e4ltida selle kukkumist v\u00f5i kahjustumist.<\/li>\n<li>Kui s\u00f5lm on kinni kiilunud, v\u00f5ite selle eemaldamiseks ettevaatlikult kangi v\u00f5i kruvikeerajat kasutada.<\/li>\n<\/ul>\n<\/li>\n<li><strong>Kontrollige ja puhastage komponendid:<\/strong>\n<ul>\n<li>P\u00e4rast lahtiv\u00f5tmist kontrollige k\u00f5iki komponente kulumise, kahjustuste v\u00f5i saastumise tunnuste suhtes.<\/li>\n<li>Puhastage komponendid hoolikalt puhaste kaltsude v\u00f5i t\u00f6\u00f6r\u00e4tikutega, eemaldades mustuse, prahi ja h\u00fcdraulikavedeliku.<\/li>\n<li>P\u00f6\u00f6rake t\u00e4helepanu kolvile, vardale, silindri silindrile ja tihenditele.<\/li>\n<\/ul>\n<\/li>\n<li><strong>Komponentide vahetamine v\u00f5i parandamine:<\/strong>\n<ul>\n<li>Kui m\u00f5ni komponent on kulunud v\u00f5i kahjustatud, on soovitatav see uute vastu vahetada.<\/li>\n<li>Kontrollige tihendeid kulumisj\u00e4lgede suhtes ja vajadusel vahetage need v\u00e4lja.<\/li>\n<li>Kui te pole komponendi asendamise v\u00f5i parandamise osas kindel, lugege tootja juhiseid v\u00f5i p\u00f6\u00f6rduge professionaalse n\u00f5u poole.<\/li>\n<\/ul>\n<\/li>\n<li><strong>Kokkupanek:<\/strong>\n<ul>\n<li>H\u00fcdraulilise silindri kokkupanekul j\u00e4rgige tootja juhiseid.<\/li>\n<li>Kokkupaneku ajal kandke tihenditele ja komponentidele sobivat h\u00fcdraulilist vedelikku v\u00f5i m\u00e4\u00e4rdeainet.<\/li>\n<li>Veenduge, et k\u00f5ik liitmikud ja \u00fchendused oleksid pingutatud etten\u00e4htud p\u00f6\u00f6rdemomendi v\u00e4\u00e4rtustega.<\/li>\n<li>Enne komponentide kokkupanekut kontrollige veelkord nende \u00f5iget joondust ja suunda.<\/li>\n<\/ul>\n<\/li>\n<\/ol>\n<h2><strong>Tehase v\u00f5imekus ja suutlikkus:<\/strong><\/h2>\n<h3>(1) Kokkupanek<\/h3>\n<p>Meil on esmaklassiline s\u00f5ltumatu teadus- ja arendustegevuse montaa\u017eiplatvorm. H\u00fcdrosilindrite tootmist\u00f6\u00f6kojas on neli poolautomaatset t\u00f5stesilindrite koosteliini ja \u00fcks automaatne kallutussilindrite koosteliin, mille kavandatud aastane tootmisv\u00f5imsus on 1 miljon t\u00fckki. Spetsiaalsete silindrite t\u00f6\u00f6koda on varustatud erinevate spetsifikatsioonidega poolautomaatse puhastusmontaa\u017eis\u00fcsteemiga, mille kavandatud aastane tootmisv\u00f5imsus on 200 000 ja mis on varustatud kuulsate CNC-t\u00f6\u00f6tlemisseadmete, mehaanilise t\u00f6\u00f6tlemise keskuse, suure t\u00e4psusega silindrite t\u00f6\u00f6tlemise eriseadmete, robotkeevitusmasina, automaatse puhastusmasina, automaatse silindri kokkupanemise masina ja automaatse v\u00e4rvimise tootmisliiniga. Olemasolevad kriitilised seadmed rohkem kui 300 komplekti (komplekti). Seadmete ressursside optimaalne jaotamine ja t\u00f5hus kasutamine tagavad toodete t\u00e4psusn\u00f5uded ja vastavad toodete kvaliteedin\u00f5uetele.<\/p>\n<p><img loading=\"lazy\" decoding=\"async\" class=\"alignnone wp-image-626\" src=\"https:\/\/hydraulic-cylinders.net\/wp-content\/uploads\/2023\/08\/hydraulic-cylinder-product-1-300x158.webp\" alt=\"\" width=\"495\" height=\"260\" srcset=\"https:\/\/hydraulic-cylinders.net\/wp-content\/uploads\/2023\/08\/hydraulic-cylinder-product-1-300x158.webp 495w, https:\/\/hydraulic-cylinders.net\/wp-content\/uploads\/2023\/08\/hydraulic-cylinder-product-1-480x252.webp 480w\" sizes=\"(min-width: 0px) and (max-width: 480px) 480px, (min-width: 481px) 495px, 100vw\" \/> <img loading=\"lazy\" decoding=\"async\" class=\"alignnone wp-image-627\" src=\"https:\/\/hydraulic-cylinders.net\/wp-content\/uploads\/2023\/08\/hydraulic-cylinder-product-2-300x189.webp\" alt=\"\" width=\"413\" height=\"260\" \/><\/p>\n<h3>(2) T\u00f6\u00f6tlemine<\/h3>\n<p>T\u00f6\u00f6deldav t\u00f6\u00f6koda on varustatud kohandatud kallutatud r\u00f6\u00f6pse treipingi keskuse, mehaanilise keskuse, kiire lihvimismasina, keevitusroboti ja muude seotud seadmetega, mis suudavad t\u00f6\u00f6delda silindritorusid, mille maksimaalne sisel\u00e4bim\u00f5\u00f5t on 400 mm ja maksimaalne pikkus on 6 meetrit.<\/p>\n<p><img loading=\"lazy\" decoding=\"async\" class=\"alignnone wp-image-628 size-large\" src=\"https:\/\/hydraulic-cylinders.net\/wp-content\/uploads\/2023\/08\/hydraulic-cylinder-product-3-1024x391.webp\" alt=\"\" width=\"1024\" height=\"391\" srcset=\"https:\/\/hydraulic-cylinders.net\/wp-content\/uploads\/2023\/08\/hydraulic-cylinder-product-3-980x374.webp 980w, https:\/\/hydraulic-cylinders.net\/wp-content\/uploads\/2023\/08\/hydraulic-cylinder-product-3-480x183.webp 480w\" sizes=\"(min-width: 0px) and (max-width: 480px) 480px, (min-width: 481px) and (max-width: 980px) 980px, (min-width: 981px) 1024px, 100vw\" \/><\/p>\n<h3>(3) Keevitamine<\/h3>\n<p><img loading=\"lazy\" decoding=\"async\" class=\"alignnone wp-image-629 size-large\" src=\"https:\/\/hydraulic-cylinders.net\/wp-content\/uploads\/2023\/08\/hydraulic-cylinder-product-4-1024x510.webp\" alt=\"\" width=\"1024\" height=\"510\" srcset=\"https:\/\/hydraulic-cylinders.net\/wp-content\/uploads\/2023\/08\/hydraulic-cylinder-product-4-980x488.webp 980w, https:\/\/hydraulic-cylinders.net\/wp-content\/uploads\/2023\/08\/hydraulic-cylinder-product-4-480x239.webp 480w\" sizes=\"(min-width: 0px) and (max-width: 480px) 480px, (min-width: 481px) and (max-width: 980px) 980px, (min-width: 981px) 1024px, 100vw\" \/><\/p>\n<h3>(4) V\u00e4rvimine ja katmine<\/h3>\n<p>V\u00e4ikese ja keskmise suurusega silindri automaatse veep\u00f5hise v\u00e4rvipinnakattega liinide abil, et saavutada automaatne robotlaadimine ja mahalaadimine ning automaatne pihustamine, projekteerimisv\u00f5imsus 4000 t\u00fckki vahetuse kohta;<br \/>\nMeil on ka poolautomaatne suurte balloonide v\u00e4rvimise tootmisliin, mis t\u00f6\u00f6tab j\u00f5ukettaga ja mille projekteerimisv\u00f5imsus on 60 kasti \u00fche vahetuse kohta.<\/p>\n<p><img loading=\"lazy\" decoding=\"async\" class=\"alignnone wp-image-630\" src=\"https:\/\/hydraulic-cylinders.net\/wp-content\/uploads\/2023\/08\/hydraulic-cylinder-product-5-300x213.webp\" alt=\"\" width=\"366\" height=\"260\" \/> <img loading=\"lazy\" decoding=\"async\" class=\"alignnone wp-image-631\" src=\"https:\/\/hydraulic-cylinders.net\/wp-content\/uploads\/2023\/08\/hydraulic-cylinder-product-6-300x225.webp\" alt=\"\" width=\"347\" height=\"260\" \/><\/p>\n<h3>(5) Testimine<\/h3>\n<p>Meil on esmaklassilised kontrolliseadmed ja katsestendid, et tagada silindri j\u00f5udlus vastavus n\u00f5uetele.<\/p>\n<p><img loading=\"lazy\" decoding=\"async\" class=\"alignnone wp-image-632\" src=\"https:\/\/hydraulic-cylinders.net\/wp-content\/uploads\/2023\/08\/hydraulic-cylinder-product-8-300x200.webp\" alt=\"\" width=\"389\" height=\"260\" \/><\/p>\n<p>&nbsp;<\/p>\n<p>&nbsp;<\/p>\n<p>Oleme \u00fcks parimaid h\u00fcdrosilindrite tootjaid. Pakume laia valikut h\u00fcdrosilindreid. Pakume ka vastavaid... <a href=\"https:\/\/hzpt.com\/agricultural-pto-gearbox\/\" target=\"_blank\" rel=\"noopener\">p\u00f5llumajanduslikud k\u00e4igukastid<\/a>. Oleme eksportinud oma tooteid klientidele \u00fcle maailma ja teeninud hea maine t\u00e4nu meie suurep\u00e4rasele tootekvaliteedile ja m\u00fc\u00fcgij\u00e4rgsele teenindusele. Me tervitame kliente kodus ja v\u00e4lismaal, et v\u00f5tta meiega \u00fchendust, et pidada l\u00e4bir\u00e4\u00e4kimisi \u00e4ri, vahetada teavet ja <a href=\"https:\/\/www.hydraulic-cylinders.net\/et\/contact-us\/\">teha meiega koost\u00f6\u00f6d<\/a>!<\/p>","protected":false},"excerpt":{"rendered":"<p>Trailing Suction Dredger Overflow Cylinder The trailing suction dredger overflow cylinder is a vital component in modern dredging equipment. Designed to optimize the performance of trailing suction dredgers, this cylinder plays a crucial role in managing the overflow system. The trailing suction dredger overflow cylinder is an essential component for achieving efficient and effective dredging [&hellip;]<\/p>","protected":false},"featured_media":1777,"comment_status":"open","ping_status":"closed","template":"","meta":{"_et_pb_use_builder":"","_et_pb_old_content":"","_et_gb_content_width":""},"product_brand":[],"product_cat":[1535,1549,1552,1376],"product_tag":[1380],"class_list":{"0":"post-1775","1":"product","2":"type-product","3":"status-publish","4":"has-post-thumbnail","6":"product_cat-dredger-hydraulic-cylinders","7":"product_cat-single-acting-hydraulic-cylinder","8":"product_cat-stainless-steel-hydraulic-cylinder","9":"product_cat-hydraulic-cylinder","10":"product_tag-hydraulic-cylinder","12":"first","13":"instock","14":"shipping-taxable","15":"product-type-simple"},"amp_enabled":true,"_links":{"self":[{"href":"https:\/\/www.hydraulic-cylinders.net\/et\/wp-json\/wp\/v2\/product\/1775","targetHints":{"allow":["GET"]}}],"collection":[{"href":"https:\/\/www.hydraulic-cylinders.net\/et\/wp-json\/wp\/v2\/product"}],"about":[{"href":"https:\/\/www.hydraulic-cylinders.net\/et\/wp-json\/wp\/v2\/types\/product"}],"replies":[{"embeddable":true,"href":"https:\/\/www.hydraulic-cylinders.net\/et\/wp-json\/wp\/v2\/comments?post=1775"}],"wp:featuredmedia":[{"embeddable":true,"href":"https:\/\/www.hydraulic-cylinders.net\/et\/wp-json\/wp\/v2\/media\/1777"}],"wp:attachment":[{"href":"https:\/\/www.hydraulic-cylinders.net\/et\/wp-json\/wp\/v2\/media?parent=1775"}],"wp:term":[{"taxonomy":"product_brand","embeddable":true,"href":"https:\/\/www.hydraulic-cylinders.net\/et\/wp-json\/wp\/v2\/product_brand?post=1775"},{"taxonomy":"product_cat","embeddable":true,"href":"https:\/\/www.hydraulic-cylinders.net\/et\/wp-json\/wp\/v2\/product_cat?post=1775"},{"taxonomy":"product_tag","embeddable":true,"href":"https:\/\/www.hydraulic-cylinders.net\/et\/wp-json\/wp\/v2\/product_tag?post=1775"}],"curies":[{"name":"wp","href":"https:\/\/api.w.org\/{rel}","templated":true}]}}