{"id":1785,"date":"2023-10-13T08:07:17","date_gmt":"2023-10-13T08:07:17","guid":{"rendered":"https:\/\/hydraulic-cylinders.net\/?post_type=product&#038;p=1785"},"modified":"2025-04-15T05:54:48","modified_gmt":"2025-04-15T05:54:48","slug":"jack-up-offshore-platform-lifting-cylinder","status":"publish","type":"product","link":"https:\/\/www.hydraulic-cylinders.net\/et\/toode\/jack-up-offshore-platform-lifting-cylinder\/","title":{"rendered":"Jack-up avamere platvormi t\u00f5stesilinder"},"content":{"rendered":"<h1 style=\"text-align: center;\"><strong>Jack-up avamere platvormi t\u00f5stesilinder<\/strong><\/h1>\n<h1 style=\"text-align: center;\"><img loading=\"lazy\" decoding=\"async\" class=\"alignnone wp-image-1786\" src=\"https:\/\/hydraulic-cylinders.net\/wp-content\/uploads\/2023\/10\/lifting-cylinder-1-2-300x300.webp\" alt=\"\" width=\"400\" height=\"400\" \/><\/h1>\n<p>Tungrauaga avamereplatvormi t\u00f5stesilinder on tipptasemel h\u00fcdraulikas\u00fcsteem, mis on spetsiaalselt loodud avamereplatvormide jaoks. See on \u00fclioluline keskkonna t\u00f5stmisel ja stabiliseerimisel, tagades ohutu ja t\u00f5husa t\u00f6\u00f6 keerulistes avamerekeskkondades. Oma t\u00e4iustatud omaduste ja vastupidava konstruktsiooniga on see t\u00f5stesilinder avameret\u00f6\u00f6stuse parim lahendus kogu maailmas.<\/p>\n<p>Tungrauaga avamereplatvormi t\u00f5stesilinder on usaldusv\u00e4\u00e4rne ja t\u00f5hus h\u00fcdrauliline s\u00fcsteem, mis on loodud avamereplatvormide t\u00f5stmiseks ja stabiliseerimiseks. Selle vastupidav konstruktsioon, suur kandev\u00f5ime ja reguleeritava k\u00f5rguse v\u00f5imalused tagavad ohutu ja sujuva t\u00f6\u00f6 keerulistes avamerekeskkondades. Soovitatavate kasutusmeetodite j\u00e4rgimise ja regulaarsete hooldustavade rakendamisega saavad operaatorid selle olulise t\u00f5stelahenduse pikaealisuse ja j\u00f5udluse maksimeerida, aidates kaasa avamereprojektide edule.<\/p>\n<p>Jack-up Offshore platvormi t\u00f5stesilindri p\u00f5hiomadused:<\/p>\n<ul>\n<li>Vastupidav konstruktsioon: T\u00f5stesilinder on ehitatud vastu pidama avamerekeskkonna karmidele tingimustele. See on valmistatud kvaliteetsetest ja korrosioonikindlatest materjalidest, pakkudes erakordset vastupidavust ja pikaealisust, minimeerides hooldusvajadust.<\/li>\n<li>Suur kandev\u00f5ime: T\u00f5stesilindril on muljetavaldav kandev\u00f5ime, mis v\u00f5imaldab sellel raskete koormatega h\u00f5lpsalt toime tulla. See pakub kogu platvormile t\u00f5stmise ajal usaldusv\u00e4\u00e4rset tuge, tagades stabiilsuse ja ohutuse t\u00f6\u00f6 ajal.<\/li>\n<li>H\u00fcdrauliline j\u00f5ud: H\u00fcdraulilise s\u00fcsteemi abil t\u00f6\u00f6tav t\u00f5stesilinder kasutab platvormi t\u00f5stmiseks ja langetamiseks survestatud vedelike tekitatud j\u00f5udu. See h\u00fcdrauliline mehhanism pakub t\u00e4pset juhtimist t\u00f5stmisprotsessi \u00fcle, tagades sujuva ja kontrollitud liikumise.<\/li>\n<li>Reguleeritav k\u00f5rgus: Tungrauaga avamereplatvormi t\u00f5stesilinder v\u00f5imaldab platvormi k\u00f5rgust reguleerida, mis sobib erinevate vees\u00fcgavuste ja mereoludega. See kohandatavus tagab platvormi optimaalse positsioneerimise, suurendades stabiilsust ja h\u00f5lbustades t\u00f5husat t\u00f6\u00f6d.<\/li>\n<\/ul>\n<h2><strong>Jack-up Offshore platvormi t\u00f5stesilindri parameeter:<\/strong><\/h2>\n<table border=\"1\" cellspacing=\"0\" cellpadding=\"0\">\n<tbody>\n<tr>\n<td>Toote nimi<\/td>\n<td>Jack-up avamere platvormi t\u00f5stesilinder<\/td>\n<\/tr>\n<tr>\n<td>Omadused:<\/td>\n<td>Platvormi t\u00f5stmine ja langetamine teostatakse r\u00f5ngastala juhtimise abil<\/td>\n<\/tr>\n<tr>\n<td>Ava l\u00e4bim\u00f5\u00f5t:<\/td>\n<td>Kuni 700 mm<\/td>\n<\/tr>\n<tr>\n<td>Varda l\u00e4bim\u00f5\u00f5t:<\/td>\n<td>Kuni 420 mm<br \/>\nK\u00e4iguulatus kuni 2150 mm<\/td>\n<\/tr>\n<tr>\n<td>R\u00f5hk:<\/td>\n<td>kuni 32 MPa<\/td>\n<\/tr>\n<tr>\n<td>Andur:<\/td>\n<td>V\u00e4lise nihkeanduri saab konfigureerida nii, et see vastaks anduri hooldus- ja vahetusvajadustele ilma silindreid lahti v\u00f5tmata.<\/td>\n<\/tr>\n<tr>\n<td>Rakendused:<\/td>\n<td>Jack-up avamereplatvorm<\/td>\n<\/tr>\n<\/tbody>\n<\/table>\n<div><\/div>\n<div>\n<div class=\"txtboxL\">\n<div class=\"txtboxL\">\n<div class=\"txtboxL\">\n<div class=\"txtboxL\">\n<div class=\"txtboxL\">\n<div class=\"txtboxL\">Omadused:<\/div>\n<div class=\"txtboxR\">Platvormi t\u00f5stmine ja langetamine teostatakse r\u00f5ngastala juhtimise abil<\/div>\n<div class=\"txtboxL\">Spetsifikatsioon:<\/div>\n<div class=\"txtboxR\">Auku l\u00e4bim\u00f5\u00f5t: kuni 700 mm<br \/>\nVarda l\u00e4bim\u00f5\u00f5t: kuni 420 mm<br \/>\nK\u00e4iguulatus kuni 2150 mm<\/div>\n<div class=\"txtboxL\">R\u00f5hk:<\/div>\n<div class=\"txtboxR\">kuni 32 MPa<\/div>\n<div class=\"txtboxL\">Andur:<\/div>\n<div class=\"txtboxR\">V\u00e4lise nihkeanduri saab konfigureerida nii, et see vastaks anduri hooldus- ja vahetusvajadustele ilma silindreid lahti v\u00f5tmata.<\/div>\n<\/div>\n<\/div>\n<\/div>\n<\/div>\n<\/div>\n<\/div>\n<h2><strong>Jack-up Offshore platvormi silindri rakendus:<\/strong><\/h2>\n<p><img loading=\"lazy\" decoding=\"async\" class=\"alignnone wp-image-1788 size-full\" src=\"https:\/\/hydraulic-cylinders.net\/wp-content\/uploads\/2023\/10\/jack-up-offshore-platform-cylinder-1.webp\" alt=\"\" width=\"1418\" height=\"946\" srcset=\"https:\/\/hydraulic-cylinders.net\/wp-content\/uploads\/2023\/10\/jack-up-offshore-platform-cylinder-1.webp 1418w, https:\/\/hydraulic-cylinders.net\/wp-content\/uploads\/2023\/10\/jack-up-offshore-platform-cylinder-1-1280x854.webp 1280w, https:\/\/hydraulic-cylinders.net\/wp-content\/uploads\/2023\/10\/jack-up-offshore-platform-cylinder-1-980x654.webp 980w, https:\/\/hydraulic-cylinders.net\/wp-content\/uploads\/2023\/10\/jack-up-offshore-platform-cylinder-1-480x320.webp 480w\" sizes=\"(min-width: 0px) and (max-width: 480px) 480px, (min-width: 481px) and (max-width: 980px) 980px, (min-width: 981px) and (max-width: 1280px) 1280px, (min-width: 1281px) 1418px, 100vw\" \/><\/p>\n<h2><strong>Jack-up offshore platvormi t\u00f5stesilindri kasutusmeetod<\/strong><strong>:<\/strong><\/h2>\n<ol>\n<li>T\u00f5stmiseelsed ettevalmistused: Enne t\u00f5steprotsessi alustamist veenduge, et platvorm on kindlalt paigas ja k\u00f5ik ohutusmeetmed on paigas. Tehke t\u00f5stesilindri ja sellega seotud komponentide p\u00f5hjalik kontroll.<\/li>\n<li>H\u00fcdraulikas\u00fcsteemi aktiveerimine: aktiveerige h\u00fcdros\u00fcsteem, tagades \u00f5ige r\u00f5hutaseme ja vedelikuvarustuse. See annab t\u00f5stesilindrile platvormi t\u00f5stmiseks vajaliku j\u00f5u.<\/li>\n<li>Kontrollitud t\u00f5stmine: Rakendage t\u00f5stesilinder ja t\u00f5stke platvormi j\u00e4rk-j\u00e4rgult soovitud k\u00f5rgusele h\u00fcdrauliliste juhtseadmete abil. J\u00e4lgige protsessi t\u00e4helepanelikult, tagades sujuva ja kontrollitud liikumise.<\/li>\n<li>Stabiliseerimine: Kui soovitud k\u00f5rgus on saavutatud, rakendage platvormi stabiliseerimismehhanism, veendudes, et platvorm p\u00fcsib t\u00f6\u00f6tamise ajal kindlalt ja tasasel tasapinnal.<\/li>\n<\/ol>\n<h2><strong>Kuidas eemaldada h\u00fcdraulilise silindri tihvtid?<\/strong><\/h2>\n<p>H\u00fcdrosilindri tihvtide eemaldamine n\u00f5uab hoolikat k\u00e4sitsemist ja ohutusprotseduuride j\u00e4rgimist. Siin on samm-sammult juhend h\u00fcdrosilindri tihvtide eemaldamiseks:<\/p>\n<ol>\n<li><strong>T\u00f6\u00f6ala ettevalmistamine:<\/strong> Veenduge, et teil oleks puhas ja h\u00e4sti valgustatud t\u00f6\u00f6koht. Eemaldage h\u00fcdrosilindri \u00fcmbert k\u00f5ik takistused, et tihvti eemaldamisele oleks lihtne ligi p\u00e4\u00e4seda.<\/li>\n<li><strong>Vabastusr\u00f5hk:<\/strong> Enne tihvtide eemaldamist vabastage s\u00fcsteemist h\u00fcdrauliline r\u00f5hk. See samm on \u00fclioluline, et v\u00e4ltida \u00e4kilist liikumist v\u00f5i salvestatud energia ootamatut vabanemist. J\u00e4rgige tootja juhiseid h\u00fcdraulilise s\u00fcsteemi ohutuks r\u00f5hu alandamiseks.<\/li>\n<li><strong>Tuvastage n\u00f6\u00f6pn\u00f5elte t\u00fc\u00fcbid:<\/strong> H\u00fcdrosilindri tihvtid v\u00f5ivad olla erinevat t\u00fc\u00fcpi, n\u00e4iteks kahvlitihvtid, splinttihvtid v\u00f5i lukustusr\u00f5ngad. Sobiva eemaldamismeetodi m\u00e4\u00e4ramiseks tehke kindlaks oma h\u00fcdrosilindris kasutatava tihvti t\u00fc\u00fcp.<\/li>\n<li><strong>Koguge t\u00f6\u00f6riistad:<\/strong> S\u00f5ltuvalt tihvti t\u00fc\u00fcbist v\u00f5ite eemaldamiseks vajada spetsiaalseid t\u00f6\u00f6riistu. Levinud t\u00f6\u00f6riistade hulka kuuluvad haamer, stants, tangid v\u00f5i h\u00fcdrosilindrite jaoks m\u00f5eldud tihvti eemaldamise t\u00f6\u00f6riist.<\/li>\n<li><strong>Eemaldage kinnitusdetailid:<\/strong> Kui tihvt on kinnitatud kinnitusdetailidega, n\u00e4iteks splintidega v\u00f5i lukustusr\u00f5ngastega, eemaldage need ettevaatlikult sobivate t\u00f6\u00f6riistade abil. Olge ettevaatlik, et \u00fcmbritsevaid komponente ei kahjustataks.<\/li>\n<li><strong>Kandke immutus\u00f5li (vajadusel):<\/strong> Kui tihvt tundub kinni kiilunud v\u00f5i ei liigu, v\u00f5ib immutus\u00f5li kasutamine aidata roostet v\u00f5i prahti lahti saada. Laske \u00f5lil paar minutit imbuda, et seda oleks lihtsam eemaldada.<\/li>\n<li><strong>Puudutage nuppu Pin:<\/strong> Koputage haamri ja stantsi v\u00f5i tihvti eemaldamise t\u00f6\u00f6riista abil \u00f5rnalt tihvti kinnitusdetailide vastask\u00fcljelt. Alustage kergete koputustega, et v\u00e4ltida kahjustusi, ja suurendage vajadusel j\u00f5udu j\u00e4rk-j\u00e4rgult. Eesm\u00e4rk on tihvti eemaldada ilma liigset j\u00f5udu rakendamata.<\/li>\n<li><strong>T\u00f5mba ja keeruta:<\/strong> Kui tihvt hakkab liikuma, liigutage seda edasi-tagasi, avaldades samal ajal v\u00e4ljapoole suunatud survet, et see h\u00fcdrosilindrist eemaldada. Olge kannatlik ja v\u00e4ltige liigse j\u00f5u kasutamist, kuna see v\u00f5ib p\u00f5hjustada kahjustusi v\u00f5i vigastusi.<\/li>\n<li><strong>Kontrollige tihvti:<\/strong> P\u00e4rast eemaldamist kontrollige tihvti kahjustuste v\u00f5i kulumise suhtes. Kui tihvt on kahjustatud, vahetage see enne h\u00fcdrosilindri kokkupanekut uue vastu.<\/li>\n<li><strong>Puhastage ja m\u00e4\u00e4rige:<\/strong> Puhastage h\u00fcdrosilindri tihvt ja tihvtiaugud p\u00f5hjalikult. Eemaldage praht, rooste ja vana m\u00e4\u00e4rdeaine. Enne tagasipaigaldamist kandke tihvtile sobivat m\u00e4\u00e4rdeainet, et tagada sujuv t\u00f6\u00f6.<\/li>\n<\/ol>\n<h2><strong>Tehase v\u00f5imekus ja suutlikkus:<\/strong><\/h2>\n<h3>(1) Kokkupanek<\/h3>\n<p>Meil on esmaklassiline s\u00f5ltumatu teadus- ja arendustegevuse montaa\u017eiplatvorm. H\u00fcdrosilindrite tootmist\u00f6\u00f6kojas on neli poolautomaatset t\u00f5stesilindrite koosteliini ja \u00fcks automaatne kallutussilindrite koosteliin, mille kavandatud aastane tootmisv\u00f5imsus on 1 miljon t\u00fckki. Spetsiaalsete silindrite t\u00f6\u00f6koda on varustatud erinevate spetsifikatsioonidega poolautomaatse puhastusmontaa\u017eis\u00fcsteemiga, mille kavandatud aastane tootmisv\u00f5imsus on 200 000 ja mis on varustatud kuulsate CNC-t\u00f6\u00f6tlemisseadmete, mehaanilise t\u00f6\u00f6tlemise keskuse, suure t\u00e4psusega silindrite t\u00f6\u00f6tlemise eriseadmete, robotkeevitusmasina, automaatse puhastusmasina, automaatse silindri kokkupanemise masina ja automaatse v\u00e4rvimise tootmisliiniga. Olemasolevad kriitilised seadmed rohkem kui 300 komplekti (komplekti). Seadmete ressursside optimaalne jaotamine ja t\u00f5hus kasutamine tagavad toodete t\u00e4psusn\u00f5uded ja vastavad toodete kvaliteedin\u00f5uetele.<\/p>\n<p><img loading=\"lazy\" decoding=\"async\" class=\"alignnone wp-image-626\" src=\"https:\/\/hydraulic-cylinders.net\/wp-content\/uploads\/2023\/08\/hydraulic-cylinder-product-1-300x158.webp\" alt=\"\" width=\"495\" height=\"260\" srcset=\"https:\/\/hydraulic-cylinders.net\/wp-content\/uploads\/2023\/08\/hydraulic-cylinder-product-1-300x158.webp 495w, https:\/\/hydraulic-cylinders.net\/wp-content\/uploads\/2023\/08\/hydraulic-cylinder-product-1-480x252.webp 480w\" sizes=\"(min-width: 0px) and (max-width: 480px) 480px, (min-width: 481px) 495px, 100vw\" \/> <img loading=\"lazy\" decoding=\"async\" class=\"alignnone wp-image-627\" src=\"https:\/\/hydraulic-cylinders.net\/wp-content\/uploads\/2023\/08\/hydraulic-cylinder-product-2-300x189.webp\" alt=\"\" width=\"413\" height=\"260\" \/><\/p>\n<h3>(2) T\u00f6\u00f6tlemine<\/h3>\n<p>T\u00f6\u00f6deldav t\u00f6\u00f6koda on varustatud kohandatud kallutatud r\u00f6\u00f6pse treipingi keskuse, mehaanilise keskuse, kiire lihvimismasina, keevitusroboti ja muude seotud seadmetega, mis suudavad t\u00f6\u00f6delda silindritorusid, mille maksimaalne sisel\u00e4bim\u00f5\u00f5t on 400 mm ja maksimaalne pikkus on 6 meetrit.<\/p>\n<p><img loading=\"lazy\" decoding=\"async\" class=\"alignnone wp-image-628 size-large\" src=\"https:\/\/hydraulic-cylinders.net\/wp-content\/uploads\/2023\/08\/hydraulic-cylinder-product-3-1024x391.webp\" alt=\"\" width=\"1024\" height=\"391\" srcset=\"https:\/\/hydraulic-cylinders.net\/wp-content\/uploads\/2023\/08\/hydraulic-cylinder-product-3-980x374.webp 980w, https:\/\/hydraulic-cylinders.net\/wp-content\/uploads\/2023\/08\/hydraulic-cylinder-product-3-480x183.webp 480w\" sizes=\"(min-width: 0px) and (max-width: 480px) 480px, (min-width: 481px) and (max-width: 980px) 980px, (min-width: 981px) 1024px, 100vw\" \/><\/p>\n<h3>(3) Keevitamine<\/h3>\n<p><img loading=\"lazy\" decoding=\"async\" class=\"alignnone wp-image-629 size-large\" src=\"https:\/\/hydraulic-cylinders.net\/wp-content\/uploads\/2023\/08\/hydraulic-cylinder-product-4-1024x510.webp\" alt=\"\" width=\"1024\" height=\"510\" srcset=\"https:\/\/hydraulic-cylinders.net\/wp-content\/uploads\/2023\/08\/hydraulic-cylinder-product-4-980x488.webp 980w, https:\/\/hydraulic-cylinders.net\/wp-content\/uploads\/2023\/08\/hydraulic-cylinder-product-4-480x239.webp 480w\" sizes=\"(min-width: 0px) and (max-width: 480px) 480px, (min-width: 481px) and (max-width: 980px) 980px, (min-width: 981px) 1024px, 100vw\" \/><\/p>\n<h3>(4) V\u00e4rvimine ja katmine<\/h3>\n<p>V\u00e4ikese ja keskmise suurusega silindri automaatse veep\u00f5hise v\u00e4rvipinnakattega liinide abil, et saavutada automaatne robotlaadimine ja mahalaadimine ning automaatne pihustamine, projekteerimisv\u00f5imsus 4000 t\u00fckki vahetuse kohta;<br \/>\nMeil on ka poolautomaatne suurte balloonide v\u00e4rvimise tootmisliin, mis t\u00f6\u00f6tab j\u00f5ukettaga ja mille projekteerimisv\u00f5imsus on 60 kasti \u00fche vahetuse kohta.<\/p>\n<p><img loading=\"lazy\" decoding=\"async\" class=\"alignnone wp-image-630\" src=\"https:\/\/hydraulic-cylinders.net\/wp-content\/uploads\/2023\/08\/hydraulic-cylinder-product-5-300x213.webp\" alt=\"\" width=\"366\" height=\"260\" \/> <img loading=\"lazy\" decoding=\"async\" class=\"alignnone wp-image-631\" src=\"https:\/\/hydraulic-cylinders.net\/wp-content\/uploads\/2023\/08\/hydraulic-cylinder-product-6-300x225.webp\" alt=\"\" width=\"347\" height=\"260\" \/><\/p>\n<h3>(5) Testimine<\/h3>\n<p>Meil on esmaklassilised kontrolliseadmed ja katsestendid, et tagada silindri j\u00f5udlus vastavus n\u00f5uetele.<\/p>\n<p><img loading=\"lazy\" decoding=\"async\" class=\"alignnone wp-image-632\" src=\"https:\/\/hydraulic-cylinders.net\/wp-content\/uploads\/2023\/08\/hydraulic-cylinder-product-8-300x200.webp\" alt=\"\" width=\"389\" height=\"260\" \/><\/p>\n<p>&nbsp;<\/p>\n<p>&nbsp;<\/p>\n<p>Oleme \u00fcks parimaid h\u00fcdrosilindrite tootjaid. Pakume laia valikut h\u00fcdrosilindreid. Pakume ka vastavaid... <a href=\"https:\/\/hzpt.com\/agricultural-pto-gearbox\/\" target=\"_blank\" rel=\"noopener\">p\u00f5llumajanduslikud k\u00e4igukastid<\/a>. Oleme eksportinud oma tooteid klientidele \u00fcle maailma ja teeninud hea maine t\u00e4nu meie suurep\u00e4rasele tootekvaliteedile ja m\u00fc\u00fcgij\u00e4rgsele teenindusele. Me tervitame kliente kodus ja v\u00e4lismaal, et v\u00f5tta meiega \u00fchendust, et pidada l\u00e4bir\u00e4\u00e4kimisi \u00e4ri, vahetada teavet ja <a href=\"https:\/\/www.hydraulic-cylinders.net\/et\/contact-us\/\">teha meiega koost\u00f6\u00f6d<\/a>!<\/p>","protected":false},"excerpt":{"rendered":"<p>Jack-up Offshore Platform Lifting Cylinder The jack-up offshore platform lifting cylinder is a cutting-edge hydraulic system explicitly designed for offshore platforms. It is crucial in elevating and stabilizing media, ensuring safe and efficient operations in challenging offshore environments. With its advanced features and robust construction, this lifting cylinder is the go-to solution for offshore industries [&hellip;]<\/p>","protected":false},"featured_media":1787,"comment_status":"open","ping_status":"closed","template":"","meta":{"_et_pb_use_builder":"","_et_pb_old_content":"","_et_gb_content_width":""},"product_brand":[],"product_cat":[1536,1549,1552,1376],"product_tag":[1380],"class_list":{"0":"post-1785","1":"product","2":"type-product","3":"status-publish","4":"has-post-thumbnail","6":"product_cat-offshore-platform-hydraulic-cylinders","7":"product_cat-single-acting-hydraulic-cylinder","8":"product_cat-stainless-steel-hydraulic-cylinder","9":"product_cat-hydraulic-cylinder","10":"product_tag-hydraulic-cylinder","12":"first","13":"instock","14":"shipping-taxable","15":"product-type-simple"},"amp_enabled":true,"_links":{"self":[{"href":"https:\/\/www.hydraulic-cylinders.net\/et\/wp-json\/wp\/v2\/product\/1785","targetHints":{"allow":["GET"]}}],"collection":[{"href":"https:\/\/www.hydraulic-cylinders.net\/et\/wp-json\/wp\/v2\/product"}],"about":[{"href":"https:\/\/www.hydraulic-cylinders.net\/et\/wp-json\/wp\/v2\/types\/product"}],"replies":[{"embeddable":true,"href":"https:\/\/www.hydraulic-cylinders.net\/et\/wp-json\/wp\/v2\/comments?post=1785"}],"wp:featuredmedia":[{"embeddable":true,"href":"https:\/\/www.hydraulic-cylinders.net\/et\/wp-json\/wp\/v2\/media\/1787"}],"wp:attachment":[{"href":"https:\/\/www.hydraulic-cylinders.net\/et\/wp-json\/wp\/v2\/media?parent=1785"}],"wp:term":[{"taxonomy":"product_brand","embeddable":true,"href":"https:\/\/www.hydraulic-cylinders.net\/et\/wp-json\/wp\/v2\/product_brand?post=1785"},{"taxonomy":"product_cat","embeddable":true,"href":"https:\/\/www.hydraulic-cylinders.net\/et\/wp-json\/wp\/v2\/product_cat?post=1785"},{"taxonomy":"product_tag","embeddable":true,"href":"https:\/\/www.hydraulic-cylinders.net\/et\/wp-json\/wp\/v2\/product_tag?post=1785"}],"curies":[{"name":"wp","href":"https:\/\/api.w.org\/{rel}","templated":true}]}}