{"id":1792,"date":"2023-10-16T01:38:04","date_gmt":"2023-10-16T01:38:04","guid":{"rendered":"https:\/\/hydraulic-cylinders.net\/?post_type=product&#038;p=1792"},"modified":"2025-04-15T05:54:45","modified_gmt":"2025-04-15T05:54:45","slug":"jack-up-platform-bolt-offshore-hydraulic-cylinder","status":"publish","type":"product","link":"https:\/\/www.hydraulic-cylinders.net\/et\/toode\/jack-up-platform-bolt-offshore-hydraulic-cylinder\/","title":{"rendered":"T\u00f5steplatvormi polt avamere h\u00fcdrauliline silinder"},"content":{"rendered":"<h1 style=\"text-align: center;\"><strong>T\u00f5steplatvormi polt avamere h\u00fcdrauliline silinder<\/strong><\/h1>\n<h1 style=\"text-align: center;\"><img loading=\"lazy\" decoding=\"async\" class=\"alignnone wp-image-1794\" src=\"https:\/\/hydraulic-cylinders.net\/wp-content\/uploads\/2023\/10\/bolt-cylinder-1-300x300.webp\" alt=\"\" width=\"400\" height=\"400\" \/><\/h1>\n<p>T\u00f5steplatvormi poldiga avamere h\u00fcdrosilinder on tipptasemel h\u00fcdrauliline komponent, mis on loodud avamereplatvormide usaldusv\u00e4\u00e4rseks ja t\u00f5husaks toetamiseks. See uuenduslik silinder on platvormide t\u00f5stmisel ja stabiliseerimisel \u00fclioluline, tagades ohutu ja produktiivse t\u00f6\u00f6 keerulistes avamerekeskkondades. Oma erakordsete omaduste ja vastupidava konstruktsiooniga pakub t\u00f5steplatvormi poldiga avamere h\u00fcdrosilinder parimat lahendust avameret\u00f6\u00f6stusele kogu maailmas.<\/p>\n<p>Maksimaalse t\u00f6\u00f6kindluse ja efektiivsuse tagamiseks loodud tungrauaga platvormi poltidega avamere h\u00fcdrauliline silinder t\u00f5stab ja stabiliseerib t\u00f5husalt avamere platvorme. Selle vastupidav konstruktsioon, t\u00e4iustatud stabiilsus ja reguleeritavad k\u00f5rgusv\u00f5imalused tagavad sujuva t\u00f6\u00f6 n\u00f5udlikes tingimustes. Soovitatavate kasutusmeetodite j\u00e4rgimise ja regulaarsete hooldustavade rakendamisega saavad operaatorid oluliselt pikendada selle olulise komponendi eluiga ja j\u00f5udlust, aidates l\u00f5ppkokkuv\u00f5ttes kaasa avamereprojektide edule.<\/p>\n<p>Valige oma avamereoperatsioonides enneolematu toe ja stabiilsuse saamiseks t\u00f5steplatvormi poltidega avamere h\u00fcdrauliline silinder ning kogege, kuidas see ohutust ja tootlikkust parandab.<\/p>\n<h2><strong>T\u00f5steplatvormi polt avamere h\u00fcdrauliline silinder <\/strong><strong>Parameeter:<\/strong><\/h2>\n<table border=\"1\" cellspacing=\"0\" cellpadding=\"0\">\n<tbody>\n<tr>\n<td>Toote nimi<\/td>\n<td>T\u00f5steplatvormi polt avamere h\u00fcdrauliline silinder<\/td>\n<\/tr>\n<tr>\n<td>Omadused:<\/td>\n<td>R\u00f5ngastala lukustamiseks sisestage silindriline tihvt r\u00f5ngastalal ja t\u00f5mmake see v\u00e4lja.<\/td>\n<\/tr>\n<tr>\n<td>Ava l\u00e4bim\u00f5\u00f5t:<\/td>\n<td>Kuni 100 mm<\/td>\n<\/tr>\n<tr>\n<td>Varda l\u00e4bim\u00f5\u00f5t:<\/td>\n<td>Kuni 60 mm<\/td>\n<\/tr>\n<tr>\n<td>R\u00f5hk:<\/td>\n<td>Kuni 32 MPa<\/td>\n<\/tr>\n<tr>\n<td>Andur:<\/td>\n<td>See saab olla varustatud sisseehitatud nihkeanduriga, et v\u00e4hendada h\u00fcdrauliliste silindrite paigaldussuurust<\/td>\n<\/tr>\n<tr>\n<td>Rakendused:<\/td>\n<td>Jack-up avamereplatvorm<\/td>\n<\/tr>\n<\/tbody>\n<\/table>\n<div><\/div>\n<div>\n<div class=\"txtboxL\">\n<div class=\"txtboxL\">\n<div class=\"txtboxL\">\n<div class=\"txtboxL\">\n<div class=\"txtboxL\">\n<div class=\"txtboxL\">\n<div class=\"txtboxL\"><strong>Omadused: <\/strong>R\u00f5ngastala lukustamiseks sisestage silindriline tihvt r\u00f5ngastalal ja t\u00f5mmake see v\u00e4lja.<\/div>\n<div class=\"txtboxL\"><strong>Spetsifikatsioon: <\/strong>Ava l\u00e4bim\u00f5\u00f5t: kuni 100 mm<br \/>\n<strong>Varda l\u00e4bim\u00f5\u00f5t:<\/strong> kuni 60 mm<\/div>\n<div class=\"txtboxL\"><strong>R\u00f5hk: <\/strong>kuni 32 MPa<\/div>\n<div class=\"txtboxL\"><strong>Andur: <\/strong>See saab olla varustatud sisseehitatud nihkeanduriga, et v\u00e4hendada h\u00fcdrauliliste silindrite paigaldussuurust<\/div>\n<\/div>\n<\/div>\n<\/div>\n<\/div>\n<\/div>\n<div><\/div>\n<div><strong style=\"color: #333333; font-size: 26px;\">Jack-up Offshore platvormi poldi silindri rakendus:<\/strong><\/div>\n<\/div>\n<\/div>\n<p><img loading=\"lazy\" decoding=\"async\" class=\"alignnone size-full wp-image-8206\" src=\"https:\/\/www.hydraulic-cylinders.net\/wp-content\/uploads\/2023\/10\/jack-up-platform-bolt-offshore-hydraulic-cylinder-1-1.webp\" alt=\"\" width=\"1418\" height=\"798\" srcset=\"https:\/\/www.hydraulic-cylinders.net\/wp-content\/uploads\/2023\/10\/jack-up-platform-bolt-offshore-hydraulic-cylinder-1-1.webp 1418w, https:\/\/www.hydraulic-cylinders.net\/wp-content\/uploads\/2023\/10\/jack-up-platform-bolt-offshore-hydraulic-cylinder-1-1-1280x720.webp 1280w, https:\/\/www.hydraulic-cylinders.net\/wp-content\/uploads\/2023\/10\/jack-up-platform-bolt-offshore-hydraulic-cylinder-1-1-980x552.webp 980w, https:\/\/www.hydraulic-cylinders.net\/wp-content\/uploads\/2023\/10\/jack-up-platform-bolt-offshore-hydraulic-cylinder-1-1-480x270.webp 480w\" sizes=\"(min-width: 0px) and (max-width: 480px) 480px, (min-width: 481px) and (max-width: 980px) 980px, (min-width: 981px) and (max-width: 1280px) 1280px, (min-width: 1281px) 1418px, 100vw\" \/><\/p>\n<h2><strong>T\u00f5steplatvormi polt avamere h\u00fcdrauliline silinder <\/strong><strong>Peamised omadused:<\/strong><\/h2>\n<h3><strong>Tugev konstruktsioon<\/strong><\/h3>\n<p>T\u00f5steplatvormi poldiga avamere h\u00fcdrosilinder on konstrueeritud vastu pidama k\u00f5ige karmimatele avamere tingimustele. See on valmistatud kvaliteetsetest ja korrosioonikindlatest materjalidest, pakkudes erakordset vastupidavust ja pikaealisust, v\u00e4hendades oluliselt hooldusvajadust.<\/p>\n<h3><strong>T\u00e4iustatud stabiilsus<\/strong><\/h3>\n<p>See h\u00fcdrauliline silinder on loodud pakkuma avamereplatvormidel t\u00f5stmise ajal suurep\u00e4rast stabiilsust. Selle tugev poltmehhanism tagab platvormi ja selle tugikonstruktsiooni vahelise kindla \u00fchenduse, minimeerides liikumist ja maksimeerides ohutust kogu t\u00f6\u00f6 v\u00e4ltel.<\/p>\n<h3><strong>H\u00fcdrauliline j\u00f5ud<\/strong><\/h3>\n<p>Keeruka h\u00fcdraulilise s\u00fcsteemi abil t\u00f6\u00f6tav tungrauaga platvormi poldi abil avamere h\u00fcdrosilinder kasutab platvormi t\u00f5stmiseks vajaliku j\u00f5u tekitamiseks survestatud vedelikke. See h\u00fcdrauliline mehhanism v\u00f5imaldab t\u00f5steprotsessi ajal t\u00e4pset juhtimist, tagades sujuva ja kontrollitud liikumise.<\/p>\n<h3><strong>Reguleeritav k\u00f5rgus<\/strong><\/h3>\n<p>T\u00f5steplatvormi polt-silindril on reguleeritava k\u00f5rgusega v\u00f5imalused, mis v\u00f5imaldavad sellel kohanduda erinevate vees\u00fcgavuste ja mereoludega. See paindlikkus tagab platvormi optimaalse positsioneerimise, suurendades stabiilsust ja h\u00f5lbustades t\u00f5husat tegutsemist.<\/p>\n<p>Valige oma avamereprojektides enneolematu j\u00f5udluse ja t\u00f6\u00f6kindluse saavutamiseks t\u00f5steplatvormi poltidega avamere h\u00fcdrauliline silinder. Kogege selle olulise komponendiga suuremat ohutust ja t\u00f5husust.<\/p>\n<h2><strong>Kuidas h\u00fcdraulilist silindrit parandada?<\/strong><\/h2>\n<p>H\u00fcdrosilindri remont n\u00f5uab hoolikat t\u00e4helepanu detailidele ja ohutusn\u00f5uete j\u00e4rgimist. Siin on samm-sammult juhend h\u00fcdrosilindri parandamiseks:<\/p>\n<h3><strong>1. Ohutus ennek\u00f5ike<\/strong><\/h3>\n<p>Enne remondit\u00f6\u00f6de alustamist veenduge, et h\u00fcdros\u00fcsteem on r\u00f5huvaba ja silinder kindlalt toetatud. Kandke sobivaid isikukaitsevahendeid (IKV), n\u00e4iteks kindaid ja kaitseprille, et kaitsta end v\u00f5imalike ohtude eest.<\/p>\n<h3><strong>2. Probleemi tuvastamine<\/strong><\/h3>\n<p>Hinnake h\u00fcdrosilindrit, et teha kindlaks konkreetne probleem, millega tuleb tegeleda. Levinud probleemide hulka kuuluvad lekked, kahjustatud tihendid, kolvivarda kriimustused v\u00f5i painutatud komponendid. Probleemi m\u00f5istmine aitab teil kindlaks m\u00e4\u00e4rata vajalikud remonditoimingud ja varuosad.<\/p>\n<h3><strong>3. Koguge kokku t\u00f6\u00f6riistad ja varuosad<\/strong><\/h3>\n<p><img loading=\"lazy\" decoding=\"async\" class=\"size-full wp-image-7902 aligncenter\" src=\"https:\/\/www.hydraulic-cylinders.net\/wp-content\/uploads\/2024\/09\/mining-dump-lifting-cylinder-hydraulic-on-trucks-5.webp\" alt=\"\" width=\"500\" height=\"305\" srcset=\"https:\/\/www.hydraulic-cylinders.net\/wp-content\/uploads\/2024\/09\/mining-dump-lifting-cylinder-hydraulic-on-trucks-5.webp 500w, https:\/\/www.hydraulic-cylinders.net\/wp-content\/uploads\/2024\/09\/mining-dump-lifting-cylinder-hydraulic-on-trucks-5-480x293.webp 480w\" sizes=\"(min-width: 0px) and (max-width: 480px) 480px, (min-width: 481px) 500px, 100vw\" \/><\/p>\n<p>Enne remondi alustamist valmistage ette vajalikud t\u00f6\u00f6riistad ja varuosad. T\u00fc\u00fcpiliste vahendite hulka kuuluvad mutriv\u00f5tmed, tangid, haamer v\u00f5i haamer, tihendite eemaldamise t\u00f6\u00f6riistad ja h\u00fcdrauliline press. Veenduge, et teie h\u00fcdrosilindri mudelil on \u00f5iged vahetustihendid, O-r\u00f5ngad ja muud komponendid.<\/p>\n<h3><strong>4. Silindri lahtiv\u00f5tmine:<\/strong><\/h3>\n<p>V\u00f5tke h\u00fcdrosilinder ettevaatlikult lahti, j\u00e4rgides tootja juhiseid. Pange t\u00e4hele komponentide eemaldamise j\u00e4rjekorda, kuna see juhib kokkupanekut. J\u00e4lgige vahet\u00fckke v\u00f5i vahet\u00fckke, kuna need v\u00f5ivad vajada samasse kohta tagasi paigaldamist.<\/p>\n<h3><strong>5. Kontrollige ja puhastage komponente:<\/strong><\/h3>\n<p><img loading=\"lazy\" decoding=\"async\" class=\"size-full wp-image-8207 aligncenter\" src=\"https:\/\/www.hydraulic-cylinders.net\/wp-content\/uploads\/2023\/10\/hydraulic-system.webp\" alt=\"\" width=\"800\" height=\"450\" srcset=\"https:\/\/www.hydraulic-cylinders.net\/wp-content\/uploads\/2023\/10\/hydraulic-system.webp 800w, https:\/\/www.hydraulic-cylinders.net\/wp-content\/uploads\/2023\/10\/hydraulic-system-480x270.webp 480w\" sizes=\"(min-width: 0px) and (max-width: 480px) 480px, (min-width: 481px) 800px, 100vw\" \/><\/p>\n<p>Kontrollige k\u00f5iki lahtiv\u00f5etud komponente kulumise, kahjustuste v\u00f5i kriimustuste suhtes. Puhastage osad sobiva puhastusvahendiga, et eemaldada mustus, praht ja vana m\u00e4\u00e4rdeaine. Enne j\u00e4tkamist veenduge, et k\u00f5ik pinnad on puhtad ja saasteainetest vabad.<\/p>\n<h3><strong>6. Vahetage tihendid ja O-r\u00f5ngad v\u00e4lja:<\/strong><\/h3>\n<p>Vahetage v\u00e4lja k\u00f5ik kulunud v\u00f5i kahjustatud tihendid, O-r\u00f5ngad v\u00f5i tihendid. Enne paigaldamist kandke tihendite m\u00e4\u00e4rimiseks \u00f5huke kiht h\u00fcdraulikavedelikku. Veenduge uute tihendite \u00f5iges joonduses ja sobivuses, et v\u00e4ltida lekkeid.<\/p>\n<h3><strong>7. Kahjustatud osade parandamine v\u00f5i vahetamine:<\/strong><\/h3>\n<p>Kui m\u00f5ni komponent, n\u00e4iteks kolvivarras v\u00f5i silindri silinder, on parandamatult kahjustatud, v\u00f5ib see vajada v\u00e4ljavahetamist. J\u00e4rgige tootja juhiseid \u00f5igete vahetusprotseduuride kohta. Vajadusel kasutage h\u00fcdraulilist pressi, et tagada t\u00e4pne ja korrektne kokkupanek.<\/p>\n<h3><strong>8. Pange silinder uuesti kokku:<\/strong><\/h3>\n<p>H\u00fcdrosilindri lahtiv\u00f5tmiseks monteerige see vastupidises j\u00e4rjekorras tagasi. Veenduge, et k\u00f5ik komponendid on \u00f5igesti joondatud ja paigaldatud. Kasutage poltide ja kinnitusdetailide pingutamiseks momentiv\u00f5tit vastavalt tootja spetsifikatsioonidele. P\u00f6\u00f6rake t\u00e4helepanu komponentide \u00f5igele orientatsioonile ja joondamisele.<\/p>\n<h3><strong>9. Lekete test:<\/strong><\/h3>\n<p>P\u00e4rast kokkupanekut kontrollige h\u00fcdrosilindrit lekete suhtes. Rakendage s\u00fcsteemile h\u00fcdraulilist r\u00f5hku ja kontrollige tihendite v\u00f5i \u00fchenduste \u00fcmbruses lekete m\u00e4rke. Kui lekkeid tuvastatakse, parandage need, reguleerides v\u00f5i asendades kahjustatud komponendid.<\/p>\n<h3><strong>10. Funktsionaalsuse ja toimimise testimine:<\/strong><\/h3>\n<p>Kontrollige parandatud h\u00fcdrosilindri n\u00f5uetekohast toimimist ja toimimist. Veenduge, et silinder liigub sujuvalt ja t\u00f6\u00f6tab ootusp\u00e4raselt. J\u00e4lgige t\u00f6\u00f6 ajal ebanormaalseid helisid v\u00f5i liikumisi.<\/p>\n<h2><strong>Tehase v\u00f5imekus ja suutlikkus:<\/strong><\/h2>\n<h3><strong>(1) Kokkupanek<\/strong><\/h3>\n<p>Meie rajatisel on tipptasemel s\u00f5ltumatu teadus- ja arendustegevuse montaa\u017eiplatvorm, mis on p\u00fchendatud h\u00fcdrauliliste silindrite tootmisele. Meil \u200b\u200bon neli poolautomaatset t\u00f5stesilindrite montaa\u017eiliini ja \u00fcks t\u00e4isautomaatne kallutussilindrite montaa\u017eiliin muljetavaldava aastase tootmisv\u00f5imsusega 1 miljon silindrit.<img loading=\"lazy\" decoding=\"async\" class=\"aligncenter wp-image-626\" src=\"https:\/\/hydraulic-cylinders.net\/wp-content\/uploads\/2023\/08\/hydraulic-cylinder-product-1-300x158.webp\" alt=\"\" width=\"500\" height=\"263\" srcset=\"https:\/\/hydraulic-cylinders.net\/wp-content\/uploads\/2023\/08\/hydraulic-cylinder-product-1-300x158.webp 500w, https:\/\/hydraulic-cylinders.net\/wp-content\/uploads\/2023\/08\/hydraulic-cylinder-product-1-480x252.webp 480w\" sizes=\"(min-width: 0px) and (max-width: 480px) 480px, (min-width: 481px) 500px, 100vw\" \/><\/p>\n<p>Meie spetsialiseeritud silindrite t\u00f6\u00f6kojas kasutame erinevate spetsifikatsioonide jaoks loodud poolautomaatset puhastus-montaa\u017eis\u00fcsteemi, mis on v\u00f5imeline tootma 200 000 silindrit aastas. Meie t\u00f6\u00f6koda on varustatud t\u00e4iustatud CNC-t\u00f6\u00f6tlusseadmete, t\u00f6\u00f6tluskeskuse, \u00fclit\u00e4psete silindrite t\u00f6\u00f6tlemisriistade, robotkeevitusmasinate, automaatsete puhastuss\u00fcsteemide ja automatiseeritud silindrite montaa\u017eiliiniga. Lisaks on meil t\u00e4isautomaatne v\u00e4rvimisliin.<\/p>\n<p>Meie k\u00e4sutuses on \u00fcle 300 kriitilise seadme ning optimaalne ressursside jaotus tagab, et vastame klientide n\u00f5utavatele rangetele t\u00e4psus- ja kvaliteedistandarditele. See p\u00fchendumus t\u00f5hususele ja t\u00e4psusele asetab meid h\u00fcdrosilindrite t\u00f6\u00f6stuse liidriks.<\/p>\n<p><img loading=\"lazy\" decoding=\"async\" class=\"aligncenter wp-image-627\" src=\"https:\/\/hydraulic-cylinders.net\/wp-content\/uploads\/2023\/08\/hydraulic-cylinder-product-2-300x189.webp\" alt=\"\" width=\"500\" height=\"315\" srcset=\"https:\/\/hydraulic-cylinders.net\/wp-content\/uploads\/2023\/08\/hydraulic-cylinder-product-2-300x189.webp 500w, https:\/\/hydraulic-cylinders.net\/wp-content\/uploads\/2023\/08\/hydraulic-cylinder-product-2-480x302.webp 480w\" sizes=\"(min-width: 0px) and (max-width: 480px) 480px, (min-width: 481px) 500px, 100vw\" \/><\/p>\n<h3><strong>(2) T\u00f6\u00f6tlemine<\/strong><\/h3>\n<p>Meie mehaanikat\u00f6\u00f6kojas on tipptasemel seadmed, sealhulgas kohandatud kaldr\u00f6\u00f6bastega treimiskeskus, t\u00e4ppist\u00f6\u00f6tluskeskus, kiire hoonimispink ja t\u00e4iustatud keevitusrobotid. See keerukas seadistus v\u00f5imaldab meil t\u00f5husalt t\u00f6\u00f6delda silindrikujulisi torusid maksimaalse sisel\u00e4bim\u00f5\u00f5duga 400 mm ja pikkusega kuni 6 meetrit.<\/p>\n<p><img loading=\"lazy\" decoding=\"async\" class=\"wp-image-628 size-large aligncenter\" src=\"https:\/\/hydraulic-cylinders.net\/wp-content\/uploads\/2023\/08\/hydraulic-cylinder-product-3-1024x391.webp\" alt=\"\" width=\"1024\" height=\"391\" srcset=\"https:\/\/hydraulic-cylinders.net\/wp-content\/uploads\/2023\/08\/hydraulic-cylinder-product-3-980x374.webp 980w, https:\/\/hydraulic-cylinders.net\/wp-content\/uploads\/2023\/08\/hydraulic-cylinder-product-3-480x183.webp 480w\" sizes=\"(min-width: 0px) and (max-width: 480px) 480px, (min-width: 481px) and (max-width: 980px) 980px, (min-width: 981px) 1024px, 100vw\" \/><\/p>\n<p>Meie tipptehnoloogiaga tagame kvaliteetse t\u00f6\u00f6tlemise, mis vastab h\u00fcdrauliliste silindrite tootmise mitmekesistele vajadustele.<\/p>\n<h3><strong>(3) Keevitamine<\/strong><\/h3>\n<p><img loading=\"lazy\" decoding=\"async\" class=\"wp-image-629 size-large aligncenter\" src=\"https:\/\/hydraulic-cylinders.net\/wp-content\/uploads\/2023\/08\/hydraulic-cylinder-product-4-1024x510.webp\" alt=\"\" width=\"1024\" height=\"510\" srcset=\"https:\/\/hydraulic-cylinders.net\/wp-content\/uploads\/2023\/08\/hydraulic-cylinder-product-4-980x488.webp 980w, https:\/\/hydraulic-cylinders.net\/wp-content\/uploads\/2023\/08\/hydraulic-cylinder-product-4-480x239.webp 480w\" sizes=\"(min-width: 0px) and (max-width: 480px) 480px, (min-width: 481px) and (max-width: 980px) 980px, (min-width: 981px) 1024px, 100vw\" \/><\/p>\n<h3><strong>(4) V\u00e4rvimine ja katmine<\/strong><\/h3>\n<p><img loading=\"lazy\" decoding=\"async\" class=\"wp-image-630 aligncenter\" src=\"https:\/\/hydraulic-cylinders.net\/wp-content\/uploads\/2023\/08\/hydraulic-cylinder-product-5-300x213.webp\" alt=\"\" width=\"500\" height=\"355\" \/><\/p>\n<p>Meie tehases on spetsiaalselt v\u00e4ikeste ja keskmise suurusega balloonide jaoks loodud t\u00e4iustatud automaatsed veebaasil v\u00e4rvimise liinid. Need liinid kasutavad t\u00f5husaks laadimiseks, mahalaadimiseks ja pihustamiseks robottehnoloogiat, saavutades m\u00e4rkimisv\u00e4\u00e4rse tootmisv\u00f5imsuse 4000 t\u00fckki vahetuse kohta.<\/p>\n<p><img loading=\"lazy\" decoding=\"async\" class=\"wp-image-631 aligncenter\" src=\"https:\/\/hydraulic-cylinders.net\/wp-content\/uploads\/2023\/08\/hydraulic-cylinder-product-6-300x225.webp\" alt=\"\" width=\"500\" height=\"375\" srcset=\"https:\/\/hydraulic-cylinders.net\/wp-content\/uploads\/2023\/08\/hydraulic-cylinder-product-6-300x225.webp 500w, https:\/\/hydraulic-cylinders.net\/wp-content\/uploads\/2023\/08\/hydraulic-cylinder-product-6-480x360.webp 480w\" sizes=\"(min-width: 0px) and (max-width: 480px) 480px, (min-width: 481px) 500px, 100vw\" \/><\/p>\n<p>Lisaks k\u00e4itame suurte silindrite jaoks poolautomaatset v\u00e4rvimisliini, mida k\u00e4itab vastupidav j\u00f5ukett ja mille kavandatud tootmisv\u00f5imsus on 60 karpi vahetuse kohta. See automatiseerimise ja efektiivsuse kombinatsioon tagab k\u00f5igi meie h\u00fcdrosilindrite kvaliteetse viimistluse.<\/p>\n<h3><strong>(5) Testimine<\/strong><\/h3>\n<p>Meil on esmaklassilised kontrolliseadmed ja katsestendid, et tagada silindri j\u00f5udlus vastavus n\u00f5uetele.<\/p>\n<p><img loading=\"lazy\" decoding=\"async\" class=\"wp-image-632 aligncenter\" src=\"https:\/\/hydraulic-cylinders.net\/wp-content\/uploads\/2023\/08\/hydraulic-cylinder-product-8-300x200.webp\" alt=\"\" width=\"389\" height=\"260\" \/><\/p>\n<p>Oleme tuntud tootja, kes pakub <a href=\"https:\/\/hzpt.com\/mobile-machinery-hydraulic-cylinder\/\" target=\"_blank\" rel=\"noopener\">h\u00fcdrosilindrid<\/a>, mida peetakse \u00fcheks parimaks oma valdkonnas. Meie ulatuslik tootevalik h\u00f5lmab laia valikut h\u00fcdraulilisi silindreid, mis on kohandatud erinevate rakenduste jaoks. Lisaks h\u00fcdraulilistele silindritele pakume ka kvaliteetseid p\u00f5llumajanduslikke k\u00e4igukaste, tagades meie klientidele juurdep\u00e4\u00e4su terviklikele lahendustele nende masinavajaduste rahuldamiseks.<\/p>\n<p>P\u00fchendumusega tipptasemele oleme edukalt eksportinud oma tooteid klientidele \u00fcle kogu maailma, teenides v\u00e4lja tugeva maine suurep\u00e4rase tootekvaliteedi ja erakordse m\u00fc\u00fcgij\u00e4rgse teeninduse poolest. Meie p\u00fchendumus klientide rahulolule on positsioneerinud meid usaldusv\u00e4\u00e4rse partnerina nii sise- kui ka rahvusvahelistel turgudel.<\/p>\n<h2><strong>Miks valida meid?<\/strong><\/h2>\n<p><img loading=\"lazy\" decoding=\"async\" class=\"size-full wp-image-7201 aligncenter\" src=\"https:\/\/www.hydraulic-cylinders.net\/wp-content\/uploads\/2024\/09\/mining-dump-steering-cylinder-hydraulics-on-trucks-8.webp\" alt=\"\" width=\"1110\" height=\"735\" srcset=\"https:\/\/www.hydraulic-cylinders.net\/wp-content\/uploads\/2024\/09\/mining-dump-steering-cylinder-hydraulics-on-trucks-8.webp 1110w, https:\/\/www.hydraulic-cylinders.net\/wp-content\/uploads\/2024\/09\/mining-dump-steering-cylinder-hydraulics-on-trucks-8-980x649.webp 980w, https:\/\/www.hydraulic-cylinders.net\/wp-content\/uploads\/2024\/09\/mining-dump-steering-cylinder-hydraulics-on-trucks-8-480x318.webp 480w\" sizes=\"(min-width: 0px) and (max-width: 480px) 480px, (min-width: 481px) and (max-width: 980px) 980px, (min-width: 981px) 1110px, 100vw\" \/><\/p>\n<p><strong>Professionaalne asjatundlikkus:<\/strong> Meie meeskond koosneb h\u00fcdraulikas\u00fcsteemide valdkonnas tegutsevatest spetsialistidest, kellel on ulatuslikud teadmised ja kogemused, tagades tipptasemel toodete ja teenuste pakkumise.<\/p>\n<p><strong>Rahvusvahelised sertifikaadid:<\/strong> J\u00e4rgime rangeid kvaliteedistandardeid ja omame mitmesuguseid rahvusvahelisi sertifikaate, mis n\u00e4itab meie p\u00fchendumust usaldusv\u00e4\u00e4rsete ja ohutute h\u00fcdrauliliste lahenduste pakkumisele.<\/p>\n<p><strong>Kohandatud lahendused:<\/strong> Me m\u00f5istame, et iga kliendi vajadused on ainulaadsed. Seet\u00f5ttu pakume kohandatud h\u00fcdraulilisi silindreid ja k\u00e4igukaste, mis on kohandatud vastama konkreetsetele n\u00f5uetele.<\/p>\n<p><strong>T\u00e4iustatud tootmisseadmed:<\/strong> Meie tipptasemel tootmis\u00fcksused kasutavad uusimat tehnoloogiat ja seadmeid, mis v\u00f5imaldavad meil toota kvaliteetseid tooteid t\u00f5husalt.<\/p>\n<p><strong>P\u00f5hjalik m\u00fc\u00fcgij\u00e4rgne tugi:<\/strong> Meie p\u00fchendumus klientidele ulatub kaugemale m\u00fc\u00fcgist. Pakume pidevat tuge ja hooldusteenuseid, et tagada meie toodete optimaalne j\u00f5udlus.<\/p>\n<p>Kutsume kliente \u00fcle kogu maailma meiega \u00fchendust v\u00f5tma \u00e4ril\u00e4bir\u00e4\u00e4kimisteks, teabevahetuseks ja koost\u00f6\u00f6v\u00f5imaluste loomiseks. Koos suudame saavutada h\u00fcdraulikat\u00f6\u00f6stuses suuremat edu!<\/p>\n<p>&nbsp;<\/p>\n<p>&nbsp;<\/p>\n<p>Oleme \u00fcks parimaid h\u00fcdrosilindrite tootjaid. Pakume laia valikut h\u00fcdrosilindreid. Pakume ka vastavaid... <a href=\"https:\/\/hzpt.com\/agricultural-pto-gearbox\/\" target=\"_blank\" rel=\"noopener\">p\u00f5llumajanduslikud k\u00e4igukastid<\/a>. Oleme eksportinud oma tooteid klientidele \u00fcle maailma ja teeninud hea maine t\u00e4nu meie suurep\u00e4rasele tootekvaliteedile ja m\u00fc\u00fcgij\u00e4rgsele teenindusele. Me tervitame kliente kodus ja v\u00e4lismaal, et v\u00f5tta meiega \u00fchendust, et pidada l\u00e4bir\u00e4\u00e4kimisi \u00e4ri, vahetada teavet ja <a href=\"https:\/\/www.hydraulic-cylinders.net\/et\/contact-us\/\">teha meiega koost\u00f6\u00f6d<\/a>!<\/p>","protected":false},"excerpt":{"rendered":"<p>Jack-up Platform Bolt Offshore Hydraulic Cylinder The jack-up platform bolt offshore hydraulic cylinder is a cutting-edge hydraulic component engineered for reliable and efficient support of offshore platforms. This innovative cylinder is crucial in elevating and stabilizing platforms, ensuring safe and productive operations in challenging offshore environments. With its exceptional features and robust construction, the jack-up [&hellip;]<\/p>","protected":false},"featured_media":1795,"comment_status":"open","ping_status":"closed","template":"","meta":{"_et_pb_use_builder":"","_et_pb_old_content":"","_et_gb_content_width":""},"product_brand":[],"product_cat":[1536,1549,1552,1376],"product_tag":[1380],"class_list":{"0":"post-1792","1":"product","2":"type-product","3":"status-publish","4":"has-post-thumbnail","6":"product_cat-offshore-platform-hydraulic-cylinders","7":"product_cat-single-acting-hydraulic-cylinder","8":"product_cat-stainless-steel-hydraulic-cylinder","9":"product_cat-hydraulic-cylinder","10":"product_tag-hydraulic-cylinder","12":"first","13":"instock","14":"shipping-taxable","15":"product-type-simple"},"amp_enabled":true,"_links":{"self":[{"href":"https:\/\/www.hydraulic-cylinders.net\/et\/wp-json\/wp\/v2\/product\/1792","targetHints":{"allow":["GET"]}}],"collection":[{"href":"https:\/\/www.hydraulic-cylinders.net\/et\/wp-json\/wp\/v2\/product"}],"about":[{"href":"https:\/\/www.hydraulic-cylinders.net\/et\/wp-json\/wp\/v2\/types\/product"}],"replies":[{"embeddable":true,"href":"https:\/\/www.hydraulic-cylinders.net\/et\/wp-json\/wp\/v2\/comments?post=1792"}],"wp:featuredmedia":[{"embeddable":true,"href":"https:\/\/www.hydraulic-cylinders.net\/et\/wp-json\/wp\/v2\/media\/1795"}],"wp:attachment":[{"href":"https:\/\/www.hydraulic-cylinders.net\/et\/wp-json\/wp\/v2\/media?parent=1792"}],"wp:term":[{"taxonomy":"product_brand","embeddable":true,"href":"https:\/\/www.hydraulic-cylinders.net\/et\/wp-json\/wp\/v2\/product_brand?post=1792"},{"taxonomy":"product_cat","embeddable":true,"href":"https:\/\/www.hydraulic-cylinders.net\/et\/wp-json\/wp\/v2\/product_cat?post=1792"},{"taxonomy":"product_tag","embeddable":true,"href":"https:\/\/www.hydraulic-cylinders.net\/et\/wp-json\/wp\/v2\/product_tag?post=1792"}],"curies":[{"name":"wp","href":"https:\/\/api.w.org\/{rel}","templated":true}]}}