{"id":1799,"date":"2023-10-16T03:12:26","date_gmt":"2023-10-16T03:12:26","guid":{"rendered":"https:\/\/hydraulic-cylinders.net\/?post_type=product&#038;p=1799"},"modified":"2025-04-15T05:54:39","modified_gmt":"2025-04-15T05:54:39","slug":"pile-driving-barge-luffing-cylinder","status":"publish","type":"product","link":"https:\/\/www.hydraulic-cylinders.net\/et\/toode\/pile-driving-barge-luffing-cylinder\/","title":{"rendered":"Vaias\u00f5idu praami luffing silinder"},"content":{"rendered":"<h1 style=\"text-align: center;\"><strong>Vaias\u00f5idu praami luffing silinder<\/strong><\/h1>\n<h1 style=\"text-align: center;\"><img loading=\"lazy\" decoding=\"async\" class=\"alignnone wp-image-1801\" src=\"https:\/\/hydraulic-cylinders.net\/wp-content\/uploads\/2023\/10\/luffing-cylinder-1-2-300x300.webp\" alt=\"\" width=\"400\" height=\"400\" \/><\/h1>\n<p>Vaiarammi kaldsilinder on oluline komponent, mis on loodud mereehitusprojektides vaiarammimise toimivuse ja efektiivsuse optimeerimiseks. See uuenduslik h\u00fcdrauliline silinder m\u00e4ngib olulist rolli pargase poomi kaldliikumise juhtimisel, v\u00f5imaldades vaiade t\u00e4pset positsioneerimist. Oma erakordsete omaduste ja vastupidava konstruktsiooniga on vaiarammi kaldsilinder parim lahendus mereehitusettev\u00f5tetele, kes otsivad paremat tootlikkust ja t\u00e4psust.<\/p>\n<p>Vaiarammi kaldsilinder on usaldusv\u00e4\u00e4rne ja t\u00f5hus h\u00fcdrauliline komponent, mis on loodud vaiarammimise efektiivsuse ja t\u00e4psuse suurendamiseks mereehitusprojektides. Oma vastupidava konstruktsiooni, t\u00e4pse kalde juhtimise ja lihtsa integreerimisega parandab see tootlikkust ja tagab vaiade t\u00e4pse positsioneerimise. Soovitatavate kasutusmeetodite j\u00e4rgimise ja regulaarsete hooldustavade rakendamisega saavad mereehitusettev\u00f5tted selle olulise komponendi pikaealisuse ja j\u00f5udluse maksimeerida, aidates kaasa oma projektide edule.<\/p>\n<p>Puurplatvormi terastraadist trossi pingutussilindri peamised omadused:<\/p>\n<ol>\n<li>Vastupidav konstruktsioon: Rammiva praami t\u00f5stesilinder on valmistatud kvaliteetsetest materjalidest, et see taluks karmi merekeskkonda. Selle vastupidav konstruktsioon tagab pikaealisuse ja minimeerib hooldusvajaduse isegi n\u00f5udlikes tingimustes.<\/li>\n<li>T\u00e4pne kallutuskontroll: See silinder tagab praami poomi kallutusliikumise t\u00e4pse juhtimise. Operaatorid saavad soovitud poomi nurka reguleerida ja s\u00e4ilitada, tagades t\u00e4pse vaiapaigutuse ja optimaalse ehitust\u00f5hususe.<\/li>\n<li>H\u00fcdrauliline j\u00f5ud: H\u00fcdraulilise s\u00fcsteemi abil t\u00f6\u00f6tav vaia rammimise pargase t\u00f5stesilinder kasutab survestatud vedelikke, et tekitada t\u00f5stmise juhtimiseks vajalikku j\u00f5udu. H\u00fcdrauliline mehhanism tagab sujuva ja tundliku t\u00f6\u00f6, v\u00f5imaldades t\u00e4pseid seadistusi ja suuremat tootlikkust.<\/li>\n<li>Lihtne paigaldus ja integreerimine: Rammimispraami t\u00f5stesilinder on loodud h\u00f5lpsaks paigaldamiseks ja integreerimiseks olemasolevatesse rammimiss\u00fcsteemidesse. Selle kompaktne suurus ja mitmek\u00fclgsed kinnitusv\u00f5imalused h\u00f5lbustavad sujuvat integreerimist, minimeerides seisakuid paigaldamise ajal.<\/li>\n<\/ol>\n<h2><strong>Vaias\u00f5idu praami t\u00f5stesilindri parameeter:<\/strong><\/h2>\n<table border=\"1\" cellspacing=\"0\" cellpadding=\"0\">\n<tbody>\n<tr>\n<td>Toote nimi<\/td>\n<td>Vaias\u00f5idu praami luffing silinder<\/td>\n<\/tr>\n<tr>\n<td>Omadused:<\/td>\n<td>p\u00f6\u00f6rake vaia raami ja kandke koormust ning vastuv\u00f5etud v\u00e4line j\u00f5ud pole mitte ainult suur, vaid ka keeruline<\/td>\n<\/tr>\n<tr>\n<td>Ava l\u00e4bim\u00f5\u00f5t:<\/td>\n<td>Kuni 1400 mm<\/td>\n<\/tr>\n<tr>\n<td>Varda l\u00e4bim\u00f5\u00f5t:<\/td>\n<td>Kuni 900 mm<br \/>\nK\u00e4iguulatus kuni 15500 mm<\/td>\n<\/tr>\n<tr>\n<td>T\u00f5ukej\u00f5ud:<\/td>\n<td>28465KN<br \/>\n(r\u00f5hk 25MPa)<\/td>\n<\/tr>\n<tr>\n<td>Rakendused:<\/td>\n<td>Jack-up avamereplatvorm<\/td>\n<\/tr>\n<\/tbody>\n<\/table>\n<div><\/div>\n<div>\n<div class=\"txtboxL\">\n<div class=\"txtboxL\">\n<div class=\"txtboxL\">\n<div class=\"txtboxL\">\n<div class=\"txtboxL\">\n<div class=\"txtboxL\">\n<div class=\"txtboxL\">\n<div class=\"txtboxL\">\n<div class=\"txtboxL\">Omadused:<\/div>\n<div class=\"txtboxR\">p\u00f6\u00f6rake vaia raami ja kandke koormust ning vastuv\u00f5etud v\u00e4line j\u00f5ud pole mitte ainult suur, vaid ka keeruline<\/div>\n<div class=\"txtboxL\">Spetsifikatsioon:<\/div>\n<div class=\"txtboxR\">Auku l\u00e4bim\u00f5\u00f5t: kuni 1400 mm<br \/>\nVarda l\u00e4bim\u00f5\u00f5t: kuni 900 mm<br \/>\nK\u00e4iguulatus kuni 15500 mm<\/div>\n<div class=\"txtboxL\">T\u00f5ukej\u00f5ud:<\/div>\n<div class=\"txtboxR\">28465KN<br \/>\n(r\u00f5hk 25MPa)<\/div>\n<\/div>\n<\/div>\n<\/div>\n<\/div>\n<\/div>\n<\/div>\n<\/div>\n<\/div>\n<\/div>\n<h2><strong>Vaiaajamispraami silindri rakendus:<\/strong><\/h2>\n<p><img loading=\"lazy\" decoding=\"async\" class=\"alignnone wp-image-1803 size-full\" src=\"https:\/\/hydraulic-cylinders.net\/wp-content\/uploads\/2023\/10\/pile-driving-barge-cylinder-1.webp\" alt=\"\" width=\"1418\" height=\"946\" srcset=\"https:\/\/hydraulic-cylinders.net\/wp-content\/uploads\/2023\/10\/pile-driving-barge-cylinder-1.webp 1418w, https:\/\/hydraulic-cylinders.net\/wp-content\/uploads\/2023\/10\/pile-driving-barge-cylinder-1-1280x854.webp 1280w, https:\/\/hydraulic-cylinders.net\/wp-content\/uploads\/2023\/10\/pile-driving-barge-cylinder-1-980x654.webp 980w, https:\/\/hydraulic-cylinders.net\/wp-content\/uploads\/2023\/10\/pile-driving-barge-cylinder-1-480x320.webp 480w\" sizes=\"(min-width: 0px) and (max-width: 480px) 480px, (min-width: 481px) and (max-width: 980px) 980px, (min-width: 981px) and (max-width: 1280px) 1280px, (min-width: 1281px) 1418px, 100vw\" \/><\/p>\n<h2><strong>Vaias\u00f5idu praami luffing-silindri kasutusmeetod<\/strong><strong>:<\/strong><\/h2>\n<ul>\n<li><strong>Paigaldamiseelne kontroll:<\/strong> Enne rammiva pargase t\u00f5stesilindri paigaldamist tehke silindri ja sellega seotud komponentide p\u00f5hjalik kontroll. Veenduge, et k\u00f5ik osad on heas seisukorras ja et poom on korralikult joondatud ja kinnitatud.<\/li>\n<li><strong>Paigaldus ja \u00fchendus:<\/strong> Paigaldage t\u00f5stesilinder etten\u00e4htud kohta rammimispargasel, kasutades sobivaid kinnitusklambreid ja riistvara. \u00dchendage h\u00fcdraulikavoolikud silindriga, tagades \u00f5ige joonduse ja kindlad \u00fchendused.<\/li>\n<li><strong>H\u00fcdraulikas\u00fcsteemi aktiveerimine:<\/strong> K\u00e4ivitage h\u00fcdraulikas\u00fcsteem, veendudes \u00f5iges vedelikutasemes ja r\u00f5hus. J\u00e4rgige tootja juhiseid h\u00fcdrauliliste juhtseadmete kasutamiseks ja kallutusliigutuse reguleerimiseks.<\/li>\n<li><strong>Kallutuskalde reguleerimine:<\/strong> Kasutage h\u00fcdraulilisi juhtseadmeid pargase poomi kaldliikumise reguleerimiseks. J\u00e4lgige poomi nurka t\u00e4helepanelikult ja tehke vajalikke t\u00e4pseid kohandusi, et saavutada soovitud vaiade paigutus ja ehituse efektiivsus.<\/li>\n<\/ul>\n<h2><strong>Kuidas h\u00fcdraulilisi silindreid valmistatakse?<\/strong><\/h2>\n<p>H\u00fcdrosilindreid toodetakse mitmete protsesside abil, mis h\u00f5lmavad t\u00e4ppist\u00f6\u00f6tlust, t\u00f6\u00f6tlemist ja kokkupanekut. T\u00e4pne tootmisprotsess v\u00f5ib varieeruda s\u00f5ltuvalt h\u00fcdrosilindri konkreetsest t\u00fc\u00fcbist ja suurusest, samuti tootja tehnikatest ja seadmetest. Siin on aga \u00fcldine \u00fclevaade h\u00fcdrosilindrite valmistamisest:<\/p>\n<ol>\n<li><strong>Projekteerimine ja inseneriteadus:<\/strong> H\u00fcdrosilindri tootmise esimene samm on projekteerimis- ja projekteerimisfaas. Insenerid anal\u00fc\u00fcsivad silindri n\u00f5udeid ja spetsifikatsioone, v\u00f5ttes arvesse selliseid tegureid nagu kandev\u00f5ime, r\u00f5huklassid, k\u00e4igu pikkus ja kinnitusv\u00f5imalused. Arvutip\u00f5hist projekteerimistarkvara (CAD) kasutatakse sageli detailsete 3D-mudelite ja tehniliste jooniste loomiseks.<\/li>\n<li><strong>Materjali valik:<\/strong> Kui projekt on l\u00f5plikult paigas, valitakse h\u00fcdrosilindri ehitamiseks sobivad materjalid. Levinud materjalide hulka kuuluvad silindri korpuse ja kolvivarda jaoks \u00fclitugev teras, otsakorkide jaoks malm v\u00f5i alumiinium ning mitmesugused elastomeeridest v\u00f5i muudest sobivatest materjalidest tihendid ja O-r\u00f5ngad.<\/li>\n<li><strong>Silindri t\u00fcnni tootmine:<\/strong> Silindri korpus valmistatakse tavaliselt hoonimise teel. See h\u00f5lmab \u00f5mblusteta terastoru sisepinna t\u00f6\u00f6tlemist soovitud sileduse ja m\u00f5\u00f5tmete t\u00e4psuse saavutamiseks. Hoonimisprotsessi k\u00e4igus luuakse t\u00e4pne silindri ava, kuhu kolb liigub.<\/li>\n<li><strong>Kolvivarda tootmine:<\/strong> Kolvivarras ulatub silindri \u00fchest otsast v\u00e4lja ja on tavaliselt valmistatud \u00fclitugevast terasvardast. Varras t\u00f6\u00f6deldakse vajalike m\u00f5\u00f5tmeteni, sealhulgas lihvitakse pinnaviimistlust t\u00e4pselt, et tagada sujuv t\u00f6\u00f6 ja kulumiskindlus.<\/li>\n<li><strong>Mehaaniline t\u00f6\u00f6tlemine ja komponentide valmistamine:<\/strong> H\u00fcdrosilindri erinevad komponendid, n\u00e4iteks otsakorgid, kolvipead ja kinnitusklambrid, valmistatakse mehaaniline t\u00f6\u00f6tlemine. CNC (arvuti-numberjuhtimisega) masinaid kasutatakse tavaliselt komponentide t\u00e4pseks vormimiseks ja aukude puurimiseks vastavalt projekteerimisspetsifikatsioonidele.<\/li>\n<li><strong>Pinnat\u00f6\u00f6tlus:<\/strong> S\u00f5ltuvalt rakendusest ja n\u00f5uetest v\u00f5idakse h\u00fcdrosilindri teatud pindu t\u00e4iendavalt t\u00f6\u00f6delda. Nende hulka v\u00f5ivad kuuluda sellised protsessid nagu kuumt\u00f6\u00f6tlus tugevuse ja vastupidavuse parandamiseks, korrosioonikindluse suurendamiseks katmine v\u00f5i spetsiaalsed pinnat\u00f6\u00f6tlused, n\u00e4iteks kolvivarda k\u00f5va kroomimine kulumiskindluse suurendamiseks.<\/li>\n<li><strong>Assamblee:<\/strong> H\u00fcdrosilinder pannakse kokku p\u00e4rast k\u00f5igi vajalike komponentide valmistamist ja t\u00f6\u00f6tlemist. See h\u00f5lmab silindri silindri, kolvi, kolvivarda, tihendite ja muude osade hoolikat kokkupanekut. T\u00e4pne joondamine ja n\u00f5uetekohane tihendamine on optimaalse j\u00f5udluse tagamiseks ja lekete v\u00e4ltimiseks h\u00e4davajalikud.<\/li>\n<li><strong>Testimine ja kvaliteedi tagamine:<\/strong> Enne kui h\u00fcdrosilinder on turustamiseks valmis, l\u00e4bib see range testimise, et tagada vastavus n\u00f5utavatele standarditele ja spetsifikatsioonidele. See v\u00f5ib h\u00f5lmata r\u00f5hukatsetusi, funktsionaalseid katseid ja m\u00f5\u00f5tmete kontrolli. Kvaliteedi tagamise protseduure rakendatakse, et s\u00e4ilitada j\u00e4rjepidev kvaliteet kogu tootmisprotsessi v\u00e4ltel.<\/li>\n<li><strong>Pakendamine ja levitamine:<\/strong> Valminud h\u00fcdrosilindrid pakitakse transpordi ajal kaitsmiseks kindlalt. Seej\u00e4rel jaotatakse need klientidele v\u00f5i hoiustatakse laos edaspidiseks kasutamiseks.<\/li>\n<\/ol>\n<h2><strong>Tehase v\u00f5imekus ja suutlikkus:<\/strong><\/h2>\n<h3>(1) Kokkupanek<\/h3>\n<p>Meil on esmaklassiline s\u00f5ltumatu teadus- ja arendustegevuse montaa\u017eiplatvorm. H\u00fcdrosilindrite tootmist\u00f6\u00f6kojas on neli poolautomaatset t\u00f5stesilindrite koosteliini ja \u00fcks automaatne kallutussilindrite koosteliin, mille kavandatud aastane tootmisv\u00f5imsus on 1 miljon t\u00fckki. Spetsiaalsete silindrite t\u00f6\u00f6koda on varustatud erinevate spetsifikatsioonidega poolautomaatse puhastusmontaa\u017eis\u00fcsteemiga, mille kavandatud aastane tootmisv\u00f5imsus on 200 000 ja mis on varustatud kuulsate CNC-t\u00f6\u00f6tlemisseadmete, mehaanilise t\u00f6\u00f6tlemise keskuse, suure t\u00e4psusega silindrite t\u00f6\u00f6tlemise eriseadmete, robotkeevitusmasina, automaatse puhastusmasina, automaatse silindri kokkupanemise masina ja automaatse v\u00e4rvimise tootmisliiniga. Olemasolevad kriitilised seadmed rohkem kui 300 komplekti (komplekti). Seadmete ressursside optimaalne jaotamine ja t\u00f5hus kasutamine tagavad toodete t\u00e4psusn\u00f5uded ja vastavad toodete kvaliteedin\u00f5uetele.<\/p>\n<p><img loading=\"lazy\" decoding=\"async\" class=\"alignnone wp-image-626\" src=\"https:\/\/hydraulic-cylinders.net\/wp-content\/uploads\/2023\/08\/hydraulic-cylinder-product-1-300x158.webp\" alt=\"\" width=\"495\" height=\"260\" srcset=\"https:\/\/hydraulic-cylinders.net\/wp-content\/uploads\/2023\/08\/hydraulic-cylinder-product-1-300x158.webp 495w, https:\/\/hydraulic-cylinders.net\/wp-content\/uploads\/2023\/08\/hydraulic-cylinder-product-1-480x252.webp 480w\" sizes=\"(min-width: 0px) and (max-width: 480px) 480px, (min-width: 481px) 495px, 100vw\" \/> <img loading=\"lazy\" decoding=\"async\" class=\"alignnone wp-image-627\" src=\"https:\/\/hydraulic-cylinders.net\/wp-content\/uploads\/2023\/08\/hydraulic-cylinder-product-2-300x189.webp\" alt=\"\" width=\"413\" height=\"260\" \/><\/p>\n<h3>(2) T\u00f6\u00f6tlemine<\/h3>\n<p>T\u00f6\u00f6deldav t\u00f6\u00f6koda on varustatud kohandatud kallutatud r\u00f6\u00f6pse treipingi keskuse, mehaanilise keskuse, kiire lihvimismasina, keevitusroboti ja muude seotud seadmetega, mis suudavad t\u00f6\u00f6delda silindritorusid, mille maksimaalne sisel\u00e4bim\u00f5\u00f5t on 400 mm ja maksimaalne pikkus on 6 meetrit.<\/p>\n<p><img loading=\"lazy\" decoding=\"async\" class=\"alignnone wp-image-628 size-large\" src=\"https:\/\/hydraulic-cylinders.net\/wp-content\/uploads\/2023\/08\/hydraulic-cylinder-product-3-1024x391.webp\" alt=\"\" width=\"1024\" height=\"391\" srcset=\"https:\/\/hydraulic-cylinders.net\/wp-content\/uploads\/2023\/08\/hydraulic-cylinder-product-3-980x374.webp 980w, https:\/\/hydraulic-cylinders.net\/wp-content\/uploads\/2023\/08\/hydraulic-cylinder-product-3-480x183.webp 480w\" sizes=\"(min-width: 0px) and (max-width: 480px) 480px, (min-width: 481px) and (max-width: 980px) 980px, (min-width: 981px) 1024px, 100vw\" \/><\/p>\n<h3>(3) Keevitamine<\/h3>\n<p><img loading=\"lazy\" decoding=\"async\" class=\"alignnone wp-image-629 size-large\" src=\"https:\/\/hydraulic-cylinders.net\/wp-content\/uploads\/2023\/08\/hydraulic-cylinder-product-4-1024x510.webp\" alt=\"\" width=\"1024\" height=\"510\" srcset=\"https:\/\/hydraulic-cylinders.net\/wp-content\/uploads\/2023\/08\/hydraulic-cylinder-product-4-980x488.webp 980w, https:\/\/hydraulic-cylinders.net\/wp-content\/uploads\/2023\/08\/hydraulic-cylinder-product-4-480x239.webp 480w\" sizes=\"(min-width: 0px) and (max-width: 480px) 480px, (min-width: 481px) and (max-width: 980px) 980px, (min-width: 981px) 1024px, 100vw\" \/><\/p>\n<h3>(4) V\u00e4rvimine ja katmine<\/h3>\n<p>V\u00e4ikese ja keskmise suurusega silindri automaatse veep\u00f5hise v\u00e4rvipinnakattega liinide abil, et saavutada automaatne robotlaadimine ja mahalaadimine ning automaatne pihustamine, projekteerimisv\u00f5imsus 4000 t\u00fckki vahetuse kohta;<br \/>\nMeil on ka poolautomaatne suurte balloonide v\u00e4rvimise tootmisliin, mis t\u00f6\u00f6tab j\u00f5ukettaga ja mille projekteerimisv\u00f5imsus on 60 kasti \u00fche vahetuse kohta.<\/p>\n<p><img loading=\"lazy\" decoding=\"async\" class=\"alignnone wp-image-630\" src=\"https:\/\/hydraulic-cylinders.net\/wp-content\/uploads\/2023\/08\/hydraulic-cylinder-product-5-300x213.webp\" alt=\"\" width=\"366\" height=\"260\" \/> <img loading=\"lazy\" decoding=\"async\" class=\"alignnone wp-image-631\" src=\"https:\/\/hydraulic-cylinders.net\/wp-content\/uploads\/2023\/08\/hydraulic-cylinder-product-6-300x225.webp\" alt=\"\" width=\"347\" height=\"260\" \/><\/p>\n<h3>(5) Testimine<\/h3>\n<p>Meil on esmaklassilised kontrolliseadmed ja katsestendid, et tagada silindri j\u00f5udlus vastavus n\u00f5uetele.<\/p>\n<p><img loading=\"lazy\" decoding=\"async\" class=\"alignnone wp-image-632\" src=\"https:\/\/hydraulic-cylinders.net\/wp-content\/uploads\/2023\/08\/hydraulic-cylinder-product-8-300x200.webp\" alt=\"\" width=\"389\" height=\"260\" \/><\/p>\n<p>&nbsp;<\/p>\n<p>&nbsp;<\/p>\n<p>Oleme \u00fcks parimaid h\u00fcdrosilindrite tootjaid. Pakume laia valikut h\u00fcdrosilindreid. Pakume ka vastavaid... <a href=\"https:\/\/hzpt.com\/agricultural-pto-gearbox\/\" target=\"_blank\" rel=\"noopener\">p\u00f5llumajanduslikud k\u00e4igukastid<\/a>. Oleme eksportinud oma tooteid klientidele \u00fcle maailma ja teeninud hea maine t\u00e4nu meie suurep\u00e4rasele tootekvaliteedile ja m\u00fc\u00fcgij\u00e4rgsele teenindusele. Me tervitame kliente kodus ja v\u00e4lismaal, et v\u00f5tta meiega \u00fchendust, et pidada l\u00e4bir\u00e4\u00e4kimisi \u00e4ri, vahetada teavet ja <a href=\"https:\/\/www.hydraulic-cylinders.net\/et\/contact-us\/\">teha meiega koost\u00f6\u00f6d<\/a>!<\/p>","protected":false},"excerpt":{"rendered":"<p>Pile Driving Barge Luffing Cylinder The Pile Driving Barge Luffing Cylinder is a vital component designed to optimize the performance and efficiency of pile driving operations in marine construction projects. This innovative hydraulic cylinder plays a crucial role in controlling the luffing motion of the barge&#8217;s boom, allowing for precise positioning of piles. With its [&hellip;]<\/p>","protected":false},"featured_media":1802,"comment_status":"open","ping_status":"closed","template":"","meta":{"_et_pb_use_builder":"","_et_pb_old_content":"","_et_gb_content_width":""},"product_brand":[],"product_cat":[1550,1536,1552,1376],"product_tag":[1380],"class_list":{"0":"post-1799","1":"product","2":"type-product","3":"status-publish","4":"has-post-thumbnail","6":"product_cat-double-acting-hydraulic-cylinder","7":"product_cat-offshore-platform-hydraulic-cylinders","8":"product_cat-stainless-steel-hydraulic-cylinder","9":"product_cat-hydraulic-cylinder","10":"product_tag-hydraulic-cylinder","12":"first","13":"instock","14":"shipping-taxable","15":"product-type-simple"},"amp_enabled":true,"_links":{"self":[{"href":"https:\/\/www.hydraulic-cylinders.net\/et\/wp-json\/wp\/v2\/product\/1799","targetHints":{"allow":["GET"]}}],"collection":[{"href":"https:\/\/www.hydraulic-cylinders.net\/et\/wp-json\/wp\/v2\/product"}],"about":[{"href":"https:\/\/www.hydraulic-cylinders.net\/et\/wp-json\/wp\/v2\/types\/product"}],"replies":[{"embeddable":true,"href":"https:\/\/www.hydraulic-cylinders.net\/et\/wp-json\/wp\/v2\/comments?post=1799"}],"wp:featuredmedia":[{"embeddable":true,"href":"https:\/\/www.hydraulic-cylinders.net\/et\/wp-json\/wp\/v2\/media\/1802"}],"wp:attachment":[{"href":"https:\/\/www.hydraulic-cylinders.net\/et\/wp-json\/wp\/v2\/media?parent=1799"}],"wp:term":[{"taxonomy":"product_brand","embeddable":true,"href":"https:\/\/www.hydraulic-cylinders.net\/et\/wp-json\/wp\/v2\/product_brand?post=1799"},{"taxonomy":"product_cat","embeddable":true,"href":"https:\/\/www.hydraulic-cylinders.net\/et\/wp-json\/wp\/v2\/product_cat?post=1799"},{"taxonomy":"product_tag","embeddable":true,"href":"https:\/\/www.hydraulic-cylinders.net\/et\/wp-json\/wp\/v2\/product_tag?post=1799"}],"curies":[{"name":"wp","href":"https:\/\/api.w.org\/{rel}","templated":true}]}}