{"id":1828,"date":"2023-10-17T03:14:36","date_gmt":"2023-10-17T03:14:36","guid":{"rendered":"https:\/\/hydraulic-cylinders.net\/?post_type=product&#038;p=1828"},"modified":"2025-04-15T05:43:07","modified_gmt":"2025-04-15T05:43:07","slug":"empty-container-stacker-oil-tilt-cylinder","status":"publish","type":"product","link":"https:\/\/www.hydraulic-cylinders.net\/et\/toode\/empty-container-stacker-oil-tilt-cylinder\/","title":{"rendered":"T\u00fchja konteineri virnastaja \u00f5li kallutussilinder"},"content":{"rendered":"<h1 style=\"text-align: center;\"><strong>T\u00fchja konteineri virnastaja \u00f5li kallutussilinder<\/strong><\/h1>\n<h1 style=\"text-align: center;\"><img loading=\"lazy\" decoding=\"async\" class=\"alignnone wp-image-1829\" src=\"https:\/\/hydraulic-cylinders.net\/wp-content\/uploads\/2023\/10\/tilt-cylinder-1-2-300x300.webp\" alt=\"\" width=\"400\" height=\"400\" \/><\/h1>\n<p>T\u00fchjade konteinerite virnastaja \u00f5likallutuse silinder on oluline h\u00fcdrauliline komponent, mis on loodud t\u00fchjade konteinerite virnastamise efektiivsuse ja ohutuse optimeerimiseks. See spetsiaalne silinder on spetsiaalselt konstrueeritud konteinerilaoturi kallutusliikumise juhtimiseks, v\u00f5imaldades t\u00fchjade konteinerite t\u00e4pset positsioneerimist virnastamise v\u00f5i mahalaadimise ajal. Oma vastupidava konstruktsiooni, t\u00e4iustatud funktsioonide ja h\u00f5lpsa integreerimisega on t\u00fchjade konteinerite virnastaja \u00f5likallutuse silinder oluline t\u00f6\u00f6riist ettev\u00f5tetele, kes soovivad oma konteinerite k\u00e4itlemisv\u00f5imalusi parandada.<\/p>\n<p>T\u00fchjade konteinerite virnastaja \u00f5likallutusega silinder on v\u00e4\u00e4rtuslik lisa t\u00fchjade konteinerite virnastajate juurde, pakkudes t\u00e4pset kontrolli konteinerilaoturi kallutusliikumise \u00fcle. T\u00e4nu t\u00e4iustatud efektiivsusele, vastupidavale konstruktsioonile ja integreeritud ohutusfunktsioonidele optimeerib see silinder konteinerite k\u00e4itlemistoiminguid, v\u00f5imaldades operaatoritel t\u00fchje konteinereid t\u00e4pselt ja t\u00f5husalt positsioneerida, tagades samal ajal t\u00f6\u00f6ohutuse. Soovitatavate kasutusmeetodite j\u00e4rgimise ja regulaarsete hooldustavade rakendamise abil saavad ettev\u00f5tted maksimeerida oma konteinerite k\u00e4itlemistoimingute j\u00f5udlust, pikaealisust ja ohutust. T\u00fchjade konteinerite virnastaja \u00f5likallutusega silindri abil saavad ettev\u00f5tted suurendada oma konteinerite virnastamise v\u00f5i mahalaadimise protsesside tootlikkust, mitmek\u00fclgsust ja ohutust, tagades t\u00f5husa ja eduka tegevuse keerulises konteinerite k\u00e4itlemise valdkonnas.<\/p>\n<p>T\u00fchja konteineri virnastaja \u00f5li kallutussilindri peamised omadused:<\/p>\n<ol>\n<li>T\u00e4pne kallutuskontroll: \u00d5liga kallutussilinder v\u00f5imaldab konteineri laoturi kallutusliikumise t\u00e4pset juhtimist. See v\u00f5imaldab operaatoritel konteineri nurka t\u00e4pselt reguleerida, tagades optimaalse virnastamise ja mahalaadimise asendi ning minimeerides \u00f5nnetuste v\u00f5i kahjustuste ohtu k\u00e4itlemise ajal.<\/li>\n<li>Suurem efektiivsus: Silindri disain v\u00f5imaldab konteinerilaoturi kiiret ja t\u00f5husat kallutamist. See v\u00f5imaldab konteinerite kiiret positsioneerimist ja v\u00e4hendab virnastamise v\u00f5i lahtiv\u00f5tmise ts\u00fckliaega, parandades tootlikkust ja tegevuse efektiivsust.<\/li>\n<li>Vastupidav konstruktsioon: Kvaliteetsetest materjalidest, sh vastupidavatest tihenditest ja korrosioonikindlatest sulamitest, on t\u00fchjade konteinerite virnastaja \u00f5likallutusega silinder loodud vastu pidama n\u00f5udlikule konteinerite k\u00e4itlemise keskkonnale. Selle vastupidav konstruktsioon tagab usaldusv\u00e4\u00e4rse j\u00f5udluse, pikaealisuse ja minimaalsed hooldusvajadused, v\u00e4hendades t\u00f6\u00f6seisakuid.<\/li>\n<li>Integreeritud ohutusfunktsioonid: Kallutussilindril on t\u00e4iustatud ohutusfunktsioonid, n\u00e4iteks \u00fclekoormuskaitse ja avariiseiskamismehhanismid. Need funktsioonid aitavad v\u00e4ltida laoturi \u00fclekoormust ja tagavad ohutu t\u00f6\u00f6 konteinerite k\u00e4itlemise ajal, suurendades \u00fcldist t\u00f6\u00f6ohutust ja v\u00e4hendades \u00f5nnetuste ohtu.<\/li>\n<\/ol>\n<h2><strong>T\u00fchja konteineri virnastaja \u00f5li kallutussilindri parameeter:<\/strong><\/h2>\n<table border=\"1\" cellspacing=\"0\" cellpadding=\"0\">\n<tbody>\n<tr>\n<td>Toote nimi<\/td>\n<td>T\u00fchja konteineri virnastaja \u00f5li kallutussilinder<\/td>\n<\/tr>\n<tr>\n<td>Omadused:<\/td>\n<td>M\u00f5ista masti esi- ja tagumist kallutusliigutust<\/td>\n<\/tr>\n<tr>\n<td>Ava l\u00e4bim\u00f5\u00f5t:<\/td>\n<td>100 mm\uff5e220 mm<\/td>\n<\/tr>\n<tr>\n<td>Varda l\u00e4bim\u00f5\u00f5t:<\/td>\n<td>60 mm\uff5e140 mm<br \/>\nL\u00f6\u00f6k \u22641000 mm<\/td>\n<\/tr>\n<tr>\n<td>R\u00f5hk:<\/td>\n<td>Maksimaalselt 30 MPa<\/td>\n<\/tr>\n<tr>\n<td>Rakendused:<\/td>\n<td>T\u00fchjade konteinerite virnastaja<\/td>\n<\/tr>\n<\/tbody>\n<\/table>\n<h2><strong>T\u00fchja konteineri virnastaja \u00f5lisilindri rakendus:<\/strong><\/h2>\n<p><img loading=\"lazy\" decoding=\"async\" class=\"alignnone wp-image-1831 size-full\" src=\"https:\/\/hydraulic-cylinders.net\/wp-content\/uploads\/2023\/10\/empty-container-stacker-oil-cylinder-1.webp\" alt=\"\" width=\"1418\" height=\"946\" srcset=\"https:\/\/hydraulic-cylinders.net\/wp-content\/uploads\/2023\/10\/empty-container-stacker-oil-cylinder-1.webp 1418w, https:\/\/hydraulic-cylinders.net\/wp-content\/uploads\/2023\/10\/empty-container-stacker-oil-cylinder-1-1280x854.webp 1280w, https:\/\/hydraulic-cylinders.net\/wp-content\/uploads\/2023\/10\/empty-container-stacker-oil-cylinder-1-980x654.webp 980w, https:\/\/hydraulic-cylinders.net\/wp-content\/uploads\/2023\/10\/empty-container-stacker-oil-cylinder-1-480x320.webp 480w\" sizes=\"(min-width: 0px) and (max-width: 480px) 480px, (min-width: 481px) and (max-width: 980px) 980px, (min-width: 981px) and (max-width: 1280px) 1280px, (min-width: 1281px) 1418px, 100vw\" \/><\/p>\n<h2><strong>T\u00fchja konteineri virnastaja \u00f5li kallutussilindri kasutusmeetod<\/strong><strong>:<\/strong><\/h2>\n<ul>\n<li><strong>Paigaldamine:<\/strong>\u00a0 Paigaldage t\u00fchjade konteinerite virnastaja \u00f5li kallutussilinder t\u00fchjade konteinerite virnastajale sobivasse kohta. Veenduge \u00f5iges joonduses ja kindlas kinnituses vastavalt tootja juhistele ja spetsifikatsioonidele.<\/li>\n<li><strong>H\u00fcdraulilised \u00fchendused:<\/strong> \u00dchendage silinder t\u00fchjade konteinerite virnastaja h\u00fcdros\u00fcsteemiga, tagades h\u00fcdrovoolikute \u00f5ige paigutuse ja kindlad \u00fchendused. J\u00e4rgige tootja soovitusi voolikute suuruste, liitmike ja r\u00f5hureitingute kohta, et tagada ohutu ja t\u00f5hus t\u00f6\u00f6.<\/li>\n<li><strong>Juhtimine ja kasutamine:<\/strong> Kallutussilindrit juhitakse tavaliselt t\u00fchjade konteinerite virnastaja olemasoleva juhtimiss\u00fcsteemi kaudu. Kasutage juhtkonsooli v\u00f5i juhtpaneeli h\u00fcdraulilise ahela aktiveerimiseks ja konteinerilaoturi kallutusliikumise reguleerimiseks vastavalt vajadusele konteinerite k\u00e4itlemise ajal.<\/li>\n<\/ul>\n<h2><strong>Kuidas h\u00fcdrauliline nihutussilinder t\u00f6\u00f6tab?<\/strong><\/h2>\n<p>H\u00fcdrauliline nihutussilinder, tuntud ka kui h\u00fcdrauliline lineaarne ajam v\u00f5i h\u00fcdrauliline ramm, on seade, mis muundab h\u00fcdraulilise r\u00f5hu lineaarseks mehaaniliseks j\u00f5uks ja liikumiseks. See koosneb silindrist, kolvist ja h\u00fcdraulilisest vedelikust. H\u00fcdraulilise nihutussilindri t\u00f6\u00f6p\u00f5him\u00f5te on j\u00e4rgmine:<\/p>\n<ol>\n<li><strong>Ehitus:<\/strong> Nihutussilinder koosneb silindrilisest korpusest, mille sees on kolvikomplekt. Kolb on \u00fchendatud vardaga, mis ulatub silindri \u00fchest otsast v\u00e4lja.<\/li>\n<li><strong>H\u00fcdrauliline vedelik:<\/strong> Silinder on t\u00e4idetud h\u00fcdraulilise vedelikuga (tavaliselt \u00f5li), mis toimib j\u00f5u edastamise t\u00f6\u00f6keskkonnana. Vedelikku hoitakse reservuaaris ja tsirkuleeritakse l\u00e4bi silindri h\u00fcdraulilise pumba abil.<\/li>\n<li><strong>H\u00fcdrauliline r\u00f5hk:<\/strong> H\u00fcdrauliline r\u00f5hk tekitatakse h\u00fcdraulilise pumba abil, mis tekitab vedeliku voolu silindrisse. R\u00f5hku kontrollitakse ventiilide ja h\u00fcdraulikas\u00fcsteemi abil.<\/li>\n<li><strong>Pikendusk\u00e4ik:<\/strong> Kui kolvi \u00fchele k\u00fcljele rakendatakse h\u00fcdraulilist r\u00f5hku, avaldab see sellele j\u00f5udu, pannes kolvi liikuma \u00fches suunas. See pikendusk\u00e4ik surub varda v\u00e4ljapoole, tekitades lineaarse liikumise.<\/li>\n<li><strong>Tagasit\u00f5mbumisk\u00e4ik:<\/strong> Kolvi ja varda tagasit\u00f5mbamiseks rakendatakse kolvi vastask\u00fcljele h\u00fcdraulilist r\u00f5hku. R\u00f5huerinevus paneb kolvi liikuma vastassuunas, t\u00f5mmates varda tagasi silindrisse.<\/li>\n<li><strong>J\u00f5u genereerimine:<\/strong> H\u00fcdraulilise nihkesilindri tekitatud j\u00f5ud tuleneb kolvi efektiivsele pindalale m\u00f5juvast r\u00f5hust. Mida suurem on kolvi pindala, seda suuremat j\u00f5udu saab rakendada.<\/li>\n<li><strong>Juhtimine ja kasutamine:<\/strong> H\u00fcdraulilist r\u00f5hku ja voolukiirust juhitakse ventiilide abil, mida juhitakse juhtimiss\u00fcsteemi kaudu. Ventiili seadistuste reguleerimisega saab juhtida silindri liikumise kiirust ja suunda.<\/li>\n<li><strong>Rakendused:<\/strong> H\u00fcdraulilisi nihutussilindreid kasutatakse erinevates rakendustes, mis n\u00f5uavad lineaarset liikumist ja j\u00f5udu, n\u00e4iteks ehitusmasinates, t\u00f6\u00f6stusseadmetes, materjalik\u00e4itluss\u00fcsteemides ja autot\u00f6\u00f6stuses.<\/li>\n<li><strong>Hooldus:<\/strong> H\u00fcdraulilise nihutussilindri regulaarne hooldus h\u00f5lmab lekete kontrollimist, tihendite ja tihendite kontrollimist ning ventiilide ja juhtimiss\u00fcsteemide n\u00f5uetekohase toimimise tagamist. Optimaalse j\u00f5udluse s\u00e4ilitamiseks ja saastumise v\u00e4ltimiseks on oluline ka n\u00f5uetekohane filtreerimine ja perioodiline vedeliku vahetamine.<\/li>\n<\/ol>\n<h2><strong>Tehase v\u00f5imekus ja suutlikkus:<\/strong><\/h2>\n<h3>(1) Kokkupanek<\/h3>\n<p>Meil on esmaklassiline s\u00f5ltumatu teadus- ja arendustegevuse montaa\u017eiplatvorm. H\u00fcdrosilindrite tootmist\u00f6\u00f6kojas on neli poolautomaatset t\u00f5stesilindrite koosteliini ja \u00fcks automaatne kallutussilindrite koosteliin, mille kavandatud aastane tootmisv\u00f5imsus on 1 miljon t\u00fckki. Spetsiaalsete silindrite t\u00f6\u00f6koda on varustatud erinevate spetsifikatsioonidega poolautomaatse puhastusmontaa\u017eis\u00fcsteemiga, mille kavandatud aastane tootmisv\u00f5imsus on 200 000 ja mis on varustatud kuulsate CNC-t\u00f6\u00f6tlemisseadmete, mehaanilise t\u00f6\u00f6tlemise keskuse, suure t\u00e4psusega silindrite t\u00f6\u00f6tlemise eriseadmete, robotkeevitusmasina, automaatse puhastusmasina, automaatse silindri kokkupanemise masina ja automaatse v\u00e4rvimise tootmisliiniga. Olemasolevad kriitilised seadmed rohkem kui 300 komplekti (komplekti). Seadmete ressursside optimaalne jaotamine ja t\u00f5hus kasutamine tagavad toodete t\u00e4psusn\u00f5uded ja vastavad toodete kvaliteedin\u00f5uetele.<\/p>\n<p><img loading=\"lazy\" decoding=\"async\" class=\"alignnone wp-image-626\" src=\"https:\/\/hydraulic-cylinders.net\/wp-content\/uploads\/2023\/08\/hydraulic-cylinder-product-1-300x158.webp\" alt=\"\" width=\"495\" height=\"260\" srcset=\"https:\/\/hydraulic-cylinders.net\/wp-content\/uploads\/2023\/08\/hydraulic-cylinder-product-1-300x158.webp 495w, https:\/\/hydraulic-cylinders.net\/wp-content\/uploads\/2023\/08\/hydraulic-cylinder-product-1-480x252.webp 480w\" sizes=\"(min-width: 0px) and (max-width: 480px) 480px, (min-width: 481px) 495px, 100vw\" \/> <img loading=\"lazy\" decoding=\"async\" class=\"alignnone wp-image-627\" src=\"https:\/\/hydraulic-cylinders.net\/wp-content\/uploads\/2023\/08\/hydraulic-cylinder-product-2-300x189.webp\" alt=\"\" width=\"413\" height=\"260\" \/><\/p>\n<h3>(2) T\u00f6\u00f6tlemine<\/h3>\n<p>T\u00f6\u00f6deldav t\u00f6\u00f6koda on varustatud kohandatud kallutatud r\u00f6\u00f6pse treipingi keskuse, mehaanilise keskuse, kiire lihvimismasina, keevitusroboti ja muude seotud seadmetega, mis suudavad t\u00f6\u00f6delda silindritorusid, mille maksimaalne sisel\u00e4bim\u00f5\u00f5t on 400 mm ja maksimaalne pikkus on 6 meetrit.<\/p>\n<p><img loading=\"lazy\" decoding=\"async\" class=\"alignnone wp-image-628 size-large\" src=\"https:\/\/hydraulic-cylinders.net\/wp-content\/uploads\/2023\/08\/hydraulic-cylinder-product-3-1024x391.webp\" alt=\"\" width=\"1024\" height=\"391\" srcset=\"https:\/\/hydraulic-cylinders.net\/wp-content\/uploads\/2023\/08\/hydraulic-cylinder-product-3-980x374.webp 980w, https:\/\/hydraulic-cylinders.net\/wp-content\/uploads\/2023\/08\/hydraulic-cylinder-product-3-480x183.webp 480w\" sizes=\"(min-width: 0px) and (max-width: 480px) 480px, (min-width: 481px) and (max-width: 980px) 980px, (min-width: 981px) 1024px, 100vw\" \/><\/p>\n<h3>(3) Keevitamine<\/h3>\n<p><img loading=\"lazy\" decoding=\"async\" class=\"alignnone wp-image-629 size-large\" src=\"https:\/\/hydraulic-cylinders.net\/wp-content\/uploads\/2023\/08\/hydraulic-cylinder-product-4-1024x510.webp\" alt=\"\" width=\"1024\" height=\"510\" srcset=\"https:\/\/hydraulic-cylinders.net\/wp-content\/uploads\/2023\/08\/hydraulic-cylinder-product-4-980x488.webp 980w, https:\/\/hydraulic-cylinders.net\/wp-content\/uploads\/2023\/08\/hydraulic-cylinder-product-4-480x239.webp 480w\" sizes=\"(min-width: 0px) and (max-width: 480px) 480px, (min-width: 481px) and (max-width: 980px) 980px, (min-width: 981px) 1024px, 100vw\" \/><\/p>\n<h3>(4) V\u00e4rvimine ja katmine<\/h3>\n<p>V\u00e4ikese ja keskmise suurusega silindri automaatse veep\u00f5hise v\u00e4rvipinnakattega liinide abil, et saavutada automaatne robotlaadimine ja mahalaadimine ning automaatne pihustamine, projekteerimisv\u00f5imsus 4000 t\u00fckki vahetuse kohta;<br \/>\nMeil on ka poolautomaatne suurte balloonide v\u00e4rvimise tootmisliin, mis t\u00f6\u00f6tab j\u00f5ukettaga ja mille projekteerimisv\u00f5imsus on 60 kasti \u00fche vahetuse kohta.<\/p>\n<p><img loading=\"lazy\" decoding=\"async\" class=\"alignnone wp-image-630\" src=\"https:\/\/hydraulic-cylinders.net\/wp-content\/uploads\/2023\/08\/hydraulic-cylinder-product-5-300x213.webp\" alt=\"\" width=\"366\" height=\"260\" \/> <img loading=\"lazy\" decoding=\"async\" class=\"alignnone wp-image-631\" src=\"https:\/\/hydraulic-cylinders.net\/wp-content\/uploads\/2023\/08\/hydraulic-cylinder-product-6-300x225.webp\" alt=\"\" width=\"347\" height=\"260\" \/><\/p>\n<h3>(5) Testimine<\/h3>\n<p>Meil on esmaklassilised kontrolliseadmed ja katsestendid, et tagada silindri j\u00f5udlus vastavus n\u00f5uetele.<\/p>\n<p><img loading=\"lazy\" decoding=\"async\" class=\"alignnone wp-image-632\" src=\"https:\/\/hydraulic-cylinders.net\/wp-content\/uploads\/2023\/08\/hydraulic-cylinder-product-8-300x200.webp\" alt=\"\" width=\"389\" height=\"260\" \/><\/p>\n<p>&nbsp;<\/p>\n<p>&nbsp;<\/p>\n<p>Oleme \u00fcks parimaid h\u00fcdrosilindrite tootjaid. Pakume laia valikut h\u00fcdrosilindreid. Pakume ka vastavaid... <a href=\"https:\/\/hzpt.com\/agricultural-pto-gearbox\/\" target=\"_blank\" rel=\"noopener\">p\u00f5llumajanduslikud k\u00e4igukastid<\/a>. Oleme eksportinud oma tooteid klientidele \u00fcle maailma ja teeninud hea maine t\u00e4nu meie suurep\u00e4rasele tootekvaliteedile ja m\u00fc\u00fcgij\u00e4rgsele teenindusele. Me tervitame kliente kodus ja v\u00e4lismaal, et v\u00f5tta meiega \u00fchendust, et pidada l\u00e4bir\u00e4\u00e4kimisi \u00e4ri, vahetada teavet ja <a href=\"https:\/\/www.hydraulic-cylinders.net\/et\/contact-us\/\">teha meiega koost\u00f6\u00f6d<\/a>!<\/p>\n<p>&nbsp;<\/p>","protected":false},"excerpt":{"rendered":"<p>Empty Container Stacker Oil Tilt Cylinder The empty container stacker oil tilt cylinder is a vital hydraulic component designed to optimize the efficiency and safety of empty container stacking operations. This specialized cylinder is specifically engineered to control the tilting movement of the container spreader, allowing precise positioning of empty containers during stacking or destacking [&hellip;]<\/p>","protected":false},"featured_media":1830,"comment_status":"open","ping_status":"closed","template":"","meta":{"_et_pb_use_builder":"","_et_pb_old_content":"","_et_gb_content_width":""},"product_brand":[],"product_cat":[1550,1516,1552],"product_tag":[1380],"class_list":{"0":"post-1828","1":"product","2":"type-product","3":"status-publish","4":"has-post-thumbnail","6":"product_cat-double-acting-hydraulic-cylinder","7":"product_cat-stacker-reclaimer-hydraulic-cylinders","8":"product_cat-stainless-steel-hydraulic-cylinder","9":"product_tag-hydraulic-cylinder","11":"first","12":"instock","13":"shipping-taxable","14":"product-type-simple"},"amp_enabled":true,"_links":{"self":[{"href":"https:\/\/www.hydraulic-cylinders.net\/et\/wp-json\/wp\/v2\/product\/1828","targetHints":{"allow":["GET"]}}],"collection":[{"href":"https:\/\/www.hydraulic-cylinders.net\/et\/wp-json\/wp\/v2\/product"}],"about":[{"href":"https:\/\/www.hydraulic-cylinders.net\/et\/wp-json\/wp\/v2\/types\/product"}],"replies":[{"embeddable":true,"href":"https:\/\/www.hydraulic-cylinders.net\/et\/wp-json\/wp\/v2\/comments?post=1828"}],"wp:featuredmedia":[{"embeddable":true,"href":"https:\/\/www.hydraulic-cylinders.net\/et\/wp-json\/wp\/v2\/media\/1830"}],"wp:attachment":[{"href":"https:\/\/www.hydraulic-cylinders.net\/et\/wp-json\/wp\/v2\/media?parent=1828"}],"wp:term":[{"taxonomy":"product_brand","embeddable":true,"href":"https:\/\/www.hydraulic-cylinders.net\/et\/wp-json\/wp\/v2\/product_brand?post=1828"},{"taxonomy":"product_cat","embeddable":true,"href":"https:\/\/www.hydraulic-cylinders.net\/et\/wp-json\/wp\/v2\/product_cat?post=1828"},{"taxonomy":"product_tag","embeddable":true,"href":"https:\/\/www.hydraulic-cylinders.net\/et\/wp-json\/wp\/v2\/product_tag?post=1828"}],"curies":[{"name":"wp","href":"https:\/\/api.w.org\/{rel}","templated":true}]}}