{"id":1832,"date":"2023-10-17T03:51:20","date_gmt":"2023-10-17T03:51:20","guid":{"rendered":"https:\/\/hydraulic-cylinders.net\/?post_type=product&#038;p=1832"},"modified":"2025-04-15T05:43:04","modified_gmt":"2025-04-15T05:43:04","slug":"empty-container-stacker-oil-lifting-cylinder","status":"publish","type":"product","link":"https:\/\/www.hydraulic-cylinders.net\/et\/toode\/empty-container-stacker-oil-lifting-cylinder\/","title":{"rendered":"T\u00fchja konteineri virnastaja \u00f5li t\u00f5stesilinder"},"content":{"rendered":"<h1 style=\"text-align: center;\"><strong>T\u00fchja konteineri virnastaja \u00f5li t\u00f5stesilinder<\/strong><\/h1>\n<h1 style=\"text-align: center;\"><img loading=\"lazy\" decoding=\"async\" class=\"alignnone wp-image-1833\" src=\"https:\/\/hydraulic-cylinders.net\/wp-content\/uploads\/2023\/10\/lifting-cylinder-1-4-300x300.webp\" alt=\"\" width=\"400\" height=\"400\" \/><\/h1>\n<p>T\u00fchjade konteinerite virnastaja \u00f5lit\u00f5stesilinder on v\u00f5imas h\u00fcdrauliline komponent, mis on loodud konteinerite k\u00e4itlemise, eriti t\u00fchjade konteinerite virnastamise protsessi t\u00e4iustamiseks. See silinder on t\u00e4pselt konstrueeritud pakkuma usaldusv\u00e4\u00e4rset ja t\u00f5husat t\u00f5stev\u00f5imet, v\u00f5imaldades konteinerite t\u00e4pset juhtimist ja ohutut liigutamist erinevates virnastamisrakendustes. Oma vastupidava konstruktsiooni, t\u00e4iustatud funktsioonide ja h\u00f5lpsa integreerimisega on t\u00fchjade konteinerite virnastaja \u00f5lit\u00f5stesilinder oluline t\u00f6\u00f6riist ettev\u00f5tetele, kes soovivad optimeerida konteinerite k\u00e4itlemise efektiivsust ja tootlikkust.<\/p>\n<p>T\u00fchjade konteinerite virnastaja \u00f5lit\u00f5stesilindriga saab optimeerida konteinerite k\u00e4itlemist, eriti t\u00fchjade konteinerite virnastamisel. T\u00e4nu oma tugevale konstruktsioonile, t\u00e4psele juhtimisele, suurele t\u00f5stev\u00f5imele ja t\u00e4iustatud ohutusfunktsioonidele v\u00f5imaldab see silinder konteinereid t\u00f5husalt ja ohutult t\u00f5sta. Soovitatavate kasutusmeetodite j\u00e4rgimise ja regulaarsete hooldustavade rakendamise abil saavad ettev\u00f5tted maksimeerida oma konteinerite k\u00e4itlemise toimivust, pikaealisust ja ohutust. T\u00fchjade konteinerite virnastaja \u00f5lit\u00f5stesilindriga saavad ettev\u00f5tted suurendada tootlikkust, sujuvamaks muuta tegevust ja tagada konteinerite t\u00f5husa liikumise n\u00f5udlikus konteinerite k\u00e4itlemise valdkonnas.<\/p>\n<p>T\u00fchja konteineri virnastaja \u00f5li t\u00f5stesilindri p\u00f5hiomadused:<\/p>\n<ul>\n<li>Vastupidav konstruktsioon: \u00d5lit\u00f5ste silinder on valmistatud kvaliteetsetest materjalidest ja t\u00e4ppistehnoloogia abil, tagades vastupidavuse ja pikaealisuse isegi n\u00f5udlikes konteinerite k\u00e4itlemise keskkondades. See on loodud taluma suuri koormusi ja sagedast kasutamist, pakkudes usaldusv\u00e4\u00e4rset j\u00f5udlust ja minimeerides hooldusvajadust.<\/li>\n<li>Suur t\u00f5stev\u00f5ime: Silindril on m\u00e4rkimisv\u00e4\u00e4rne t\u00f5stev\u00f5ime, mis v\u00f5imaldab konteinerite ohutut ja t\u00f5husat k\u00e4sitsemist. See tagab sujuva ja kontrollitud t\u00f5stmise, v\u00f5imaldades operaatoritel t\u00fchje konteinereid h\u00f5lpsalt virnastada v\u00f5i virnast maha v\u00f5tta.<\/li>\n<li>T\u00e4pne kontroll: T\u00fchjade konteinerite virnastaja \u00f5lit\u00f5ste silinder pakub t\u00f5steprotsessi ajal t\u00e4pset juhtimist. Operaatorid saavad konteinerite t\u00f5stek\u00f5rgust ja asendit t\u00e4pselt reguleerida, tagades optimaalse virnastamise ja mahav\u00f5tmise joonduse ning minimeerides \u00f5nnetuste v\u00f5i kahjustuste ohtu.<\/li>\n<li>T\u00e4iustatud ohutus: Ohutus on konteinerite k\u00e4itlemisel esmat\u00e4htis. See t\u00f5stesilinder sisaldab t\u00e4iustatud ohutusfunktsioone, nagu \u00fclekoormuskaitse ja avariipeatusmehhanismid. Need funktsioonid aitavad v\u00e4ltida \u00fclekoormust ja tagavad ohutu t\u00f5stmise, v\u00e4hendades \u00f5nnetuste ja vigastuste ohtu.<\/li>\n<\/ul>\n<h2><strong>T\u00fchja konteineri virnastaja \u00f5li t\u00f5stesilindri parameeter:<\/strong><\/h2>\n<table border=\"1\" cellspacing=\"0\" cellpadding=\"0\">\n<tbody>\n<tr>\n<td>Toote nimi<\/td>\n<td>T\u00fchja konteineri virnastaja t\u00f5stesilinder<\/td>\n<\/tr>\n<tr>\n<td>Omadused:<\/td>\n<td>M\u00f5ista lisaseadmete \u00fcles-alla liikumist, mis on t\u00f5stmise peamine liikumapanev j\u00f5ud<\/td>\n<\/tr>\n<tr>\n<td>Ava l\u00e4bim\u00f5\u00f5t:<\/td>\n<td>85 mm\uff5e220 mm<\/td>\n<\/tr>\n<tr>\n<td>Varda l\u00e4bim\u00f5\u00f5t:<\/td>\n<td>6 mm\uff5e180 mm<br \/>\nL\u00f6\u00f6k \u22649500 mm<\/td>\n<\/tr>\n<tr>\n<td>R\u00f5hk:<\/td>\n<td>Maksimaalselt 25 MPa<\/td>\n<\/tr>\n<tr>\n<td>Rakendused:<\/td>\n<td>T\u00fchjade konteinerite virnastaja<\/td>\n<\/tr>\n<\/tbody>\n<\/table>\n<h2><strong>T\u00fchja konteineri virnastaja \u00f5lisilindri rakendus:<\/strong><\/h2>\n<p><img loading=\"lazy\" decoding=\"async\" class=\"alignnone wp-image-1831 size-full\" src=\"https:\/\/hydraulic-cylinders.net\/wp-content\/uploads\/2023\/10\/empty-container-stacker-oil-cylinder-1.webp\" alt=\"\" width=\"1418\" height=\"946\" srcset=\"https:\/\/hydraulic-cylinders.net\/wp-content\/uploads\/2023\/10\/empty-container-stacker-oil-cylinder-1.webp 1418w, https:\/\/hydraulic-cylinders.net\/wp-content\/uploads\/2023\/10\/empty-container-stacker-oil-cylinder-1-1280x854.webp 1280w, https:\/\/hydraulic-cylinders.net\/wp-content\/uploads\/2023\/10\/empty-container-stacker-oil-cylinder-1-980x654.webp 980w, https:\/\/hydraulic-cylinders.net\/wp-content\/uploads\/2023\/10\/empty-container-stacker-oil-cylinder-1-480x320.webp 480w\" sizes=\"(min-width: 0px) and (max-width: 480px) 480px, (min-width: 481px) and (max-width: 980px) 980px, (min-width: 981px) and (max-width: 1280px) 1280px, (min-width: 1281px) 1418px, 100vw\" \/><\/p>\n<h2><strong>T\u00fchja konteineri virnastaja \u00f5li t\u00f5stesilindri kasutusmeetod<\/strong><strong>:<\/strong><\/h2>\n<ul>\n<li><strong>Paigaldamine:<\/strong>\u00a0 J\u00e4rgides tootja juhiseid ja spetsifikatsioone, paigaldage t\u00fchjade konteinerite virnastaja \u00f5lit\u00f5ste silinder t\u00fchjade konteinerite virnastaja etten\u00e4htud kohta. Veenduge \u00f5iges joonduses, kindlas kinnituses ja sobivates \u00fchendustes.<\/li>\n<li><strong>H\u00fcdraulilised \u00fchendused:<\/strong> \u00dchendage silinder t\u00fchjade konteinerite virnastaja h\u00fcdros\u00fcsteemiga, tagades h\u00fcdrovoolikute \u00f5ige paigutuse ja kindlad \u00fchendused. J\u00e4rgige tootja soovitusi voolikute suuruste, liitmike ja r\u00f5hureitingute kohta, et tagada ohutu ja t\u00f5hus t\u00f6\u00f6.<\/li>\n<li><strong>Juhtimine ja kasutamine:<\/strong> T\u00f5stesilindrit juhitakse tavaliselt t\u00fchjade konteinerite virnastaja olemasoleva juhtimiss\u00fcsteemi kaudu. Operaatorid saavad juhtkonsooli v\u00f5i juhtpaneeli abil aktiveerida h\u00fcdraulikaahela ja reguleerida t\u00f5stemehhanismi. J\u00e4rgige tootja juhiseid \u00f5igete t\u00f5stmisprotseduuride ja ohutusabin\u00f5ude kohta.<\/li>\n<\/ul>\n<h2><strong>Kuidas t\u00f6\u00f6tab \u00fchesuunaline h\u00fcdrauliline silinder?<\/strong><\/h2>\n<p>\u00dchesuunaline h\u00fcdrauliline silinder, tuntud ka kui \u00fchetoimeline h\u00fcdrauliline silinder, on h\u00fcdraulilise ajami t\u00fc\u00fcp, mis tekitab j\u00f5udu ja liikumist \u00fches suunas. See kasutab silindri pikendamiseks h\u00fcdraulilist r\u00f5hku, kuid selle tagasit\u00f5mbamiseks tugineb see v\u00e4listele j\u00f5ududele, n\u00e4iteks gravitatsioonile v\u00f5i vedrudele. \u00dchesuunaline h\u00fcdrauliline silinder t\u00f6\u00f6tab j\u00e4rgmiselt.<\/p>\n<ol>\n<li><strong>Ehitus:<\/strong> \u00dchesuunaline h\u00fcdrosilinder koosneb silindrilisest korpusest, kolvist, vardast ja h\u00fcdraulilisest vedelikust. Kolb asub silindri sees ja jagab selle kaheks kambriks: r\u00f5hu- ehk t\u00f6\u00f6kambriks ja tagasivoolukambriks.<\/li>\n<li><strong>H\u00fcdrauliline r\u00f5hk:<\/strong> H\u00fcdrauliline r\u00f5hk tekitatakse h\u00fcdraulilise pumba abil, mis suunab silindri r\u00f5hukambrisse h\u00fcdraulilise vedeliku. Vedelikku hoitakse reservuaaris ja see ringleb silindris h\u00fcdrauliliste torude kaudu.<\/li>\n<li><strong>Pikendusk\u00e4ik:<\/strong> Kui r\u00f5hukambrile rakendatakse h\u00fcdraulilist r\u00f5hku, m\u00f5jub see kolvile, l\u00fckates seda \u00fches suunas. See j\u00f5ud pikendab kolvivarda, tekitades lineaarse liikumise. Tagasivoolukambris olev vedelik t\u00f5rjutakse v\u00e4lja ja voolab tagasi reservuaari.<\/li>\n<li><strong>Tagasit\u00f5mbumisk\u00e4ik:<\/strong> Erinevalt kahesuunalistest silindritest, mis kasutavad pikendamiseks ja tagasit\u00f5mbamiseks h\u00fcdraulilist r\u00f5hku, tugineb \u00fchesuunaline h\u00fcdrauliline silinder v\u00e4listele j\u00f5ududele. Need v\u00e4lised j\u00f5ud v\u00f5ivad olla gravitatsioon, vedrud v\u00f5i mehaanilised koormused, mis m\u00f5juvad kolvivardale ja p\u00f5hjustavad selle tagasit\u00f5mbumise h\u00fcdraulilise r\u00f5hu vabanemisel.<\/li>\n<li><strong>Juhtimine ja kasutamine:<\/strong> H\u00fcdraulilist r\u00f5hku ja voolukiirust juhitakse ventiilide abil, mida juhitakse juhtimiss\u00fcsteemi kaudu. Ventiili seadistuste reguleerimisega saab reguleerida silindri pikendusk\u00e4igu kiirust ja j\u00f5udu.<\/li>\n<li><strong>Rakendused:<\/strong> \u00dchesuunalisi h\u00fcdraulilisi silindreid kasutatakse tavaliselt rakendustes, kus j\u00f5udu on vaja \u00fches suunas, n\u00e4iteks t\u00f5sterakendustes, kalluritel v\u00f5i h\u00fcdraulilistes pressides. Neid kasutatakse ka siis, kui on vaja rikkekindlat mehhanismi, kuna v\u00e4line j\u00f5ud aitab silindrit h\u00fcdraulikas\u00fcsteemi rikke korral tagasi t\u00f5mmata.<\/li>\n<li><strong>Hooldus:<\/strong> \u00dchesuunalise h\u00fcdrosilindri regulaarne hooldus h\u00f5lmab lekete kontrollimist, tihendite ja tihendite kontrollimist ning ventiilide ja juhtimiss\u00fcsteemide n\u00f5uetekohase toimimise tagamist. Optimaalse j\u00f5udluse s\u00e4ilitamiseks ja saastumise v\u00e4ltimiseks on oluline piisav filtreerimine ja perioodiline vedeliku vahetamine.<\/li>\n<\/ol>\n<h2><strong>Tehase v\u00f5imekus ja suutlikkus:<\/strong><\/h2>\n<h3>(1) Kokkupanek<\/h3>\n<p>Meil on esmaklassiline s\u00f5ltumatu teadus- ja arendustegevuse montaa\u017eiplatvorm. H\u00fcdrosilindrite tootmist\u00f6\u00f6kojas on neli poolautomaatset t\u00f5stesilindrite koosteliini ja \u00fcks automaatne kallutussilindrite koosteliin, mille kavandatud aastane tootmisv\u00f5imsus on 1 miljon t\u00fckki. Spetsiaalsete silindrite t\u00f6\u00f6koda on varustatud erinevate spetsifikatsioonidega poolautomaatse puhastusmontaa\u017eis\u00fcsteemiga, mille kavandatud aastane tootmisv\u00f5imsus on 200 000 ja mis on varustatud kuulsate CNC-t\u00f6\u00f6tlemisseadmete, mehaanilise t\u00f6\u00f6tlemise keskuse, suure t\u00e4psusega silindrite t\u00f6\u00f6tlemise eriseadmete, robotkeevitusmasina, automaatse puhastusmasina, automaatse silindri kokkupanemise masina ja automaatse v\u00e4rvimise tootmisliiniga. Olemasolevad kriitilised seadmed rohkem kui 300 komplekti (komplekti). Seadmete ressursside optimaalne jaotamine ja t\u00f5hus kasutamine tagavad toodete t\u00e4psusn\u00f5uded ja vastavad toodete kvaliteedin\u00f5uetele.<\/p>\n<p><img loading=\"lazy\" decoding=\"async\" class=\"alignnone wp-image-626\" src=\"https:\/\/hydraulic-cylinders.net\/wp-content\/uploads\/2023\/08\/hydraulic-cylinder-product-1-300x158.webp\" alt=\"\" width=\"495\" height=\"260\" srcset=\"https:\/\/hydraulic-cylinders.net\/wp-content\/uploads\/2023\/08\/hydraulic-cylinder-product-1-300x158.webp 495w, https:\/\/hydraulic-cylinders.net\/wp-content\/uploads\/2023\/08\/hydraulic-cylinder-product-1-480x252.webp 480w\" sizes=\"(min-width: 0px) and (max-width: 480px) 480px, (min-width: 481px) 495px, 100vw\" \/> <img loading=\"lazy\" decoding=\"async\" class=\"alignnone wp-image-627\" src=\"https:\/\/hydraulic-cylinders.net\/wp-content\/uploads\/2023\/08\/hydraulic-cylinder-product-2-300x189.webp\" alt=\"\" width=\"413\" height=\"260\" \/><\/p>\n<h3>(2) T\u00f6\u00f6tlemine<\/h3>\n<p>T\u00f6\u00f6deldav t\u00f6\u00f6koda on varustatud kohandatud kallutatud r\u00f6\u00f6pse treipingi keskuse, mehaanilise keskuse, kiire lihvimismasina, keevitusroboti ja muude seotud seadmetega, mis suudavad t\u00f6\u00f6delda silindritorusid, mille maksimaalne sisel\u00e4bim\u00f5\u00f5t on 400 mm ja maksimaalne pikkus on 6 meetrit.<\/p>\n<p><img loading=\"lazy\" decoding=\"async\" class=\"alignnone wp-image-628 size-large\" src=\"https:\/\/hydraulic-cylinders.net\/wp-content\/uploads\/2023\/08\/hydraulic-cylinder-product-3-1024x391.webp\" alt=\"\" width=\"1024\" height=\"391\" srcset=\"https:\/\/hydraulic-cylinders.net\/wp-content\/uploads\/2023\/08\/hydraulic-cylinder-product-3-980x374.webp 980w, https:\/\/hydraulic-cylinders.net\/wp-content\/uploads\/2023\/08\/hydraulic-cylinder-product-3-480x183.webp 480w\" sizes=\"(min-width: 0px) and (max-width: 480px) 480px, (min-width: 481px) and (max-width: 980px) 980px, (min-width: 981px) 1024px, 100vw\" \/><\/p>\n<h3>(3) Keevitamine<\/h3>\n<p><img loading=\"lazy\" decoding=\"async\" class=\"alignnone wp-image-629 size-large\" src=\"https:\/\/hydraulic-cylinders.net\/wp-content\/uploads\/2023\/08\/hydraulic-cylinder-product-4-1024x510.webp\" alt=\"\" width=\"1024\" height=\"510\" srcset=\"https:\/\/hydraulic-cylinders.net\/wp-content\/uploads\/2023\/08\/hydraulic-cylinder-product-4-980x488.webp 980w, https:\/\/hydraulic-cylinders.net\/wp-content\/uploads\/2023\/08\/hydraulic-cylinder-product-4-480x239.webp 480w\" sizes=\"(min-width: 0px) and (max-width: 480px) 480px, (min-width: 481px) and (max-width: 980px) 980px, (min-width: 981px) 1024px, 100vw\" \/><\/p>\n<h3>(4) V\u00e4rvimine ja katmine<\/h3>\n<p>V\u00e4ikese ja keskmise suurusega silindri automaatse veep\u00f5hise v\u00e4rvipinnakattega liinide abil, et saavutada automaatne robotlaadimine ja mahalaadimine ning automaatne pihustamine, projekteerimisv\u00f5imsus 4000 t\u00fckki vahetuse kohta;<br \/>\nMeil on ka poolautomaatne suurte balloonide v\u00e4rvimise tootmisliin, mis t\u00f6\u00f6tab j\u00f5ukettaga ja mille projekteerimisv\u00f5imsus on 60 kasti \u00fche vahetuse kohta.<\/p>\n<p><img loading=\"lazy\" decoding=\"async\" class=\"alignnone wp-image-630\" src=\"https:\/\/hydraulic-cylinders.net\/wp-content\/uploads\/2023\/08\/hydraulic-cylinder-product-5-300x213.webp\" alt=\"\" width=\"366\" height=\"260\" \/> <img loading=\"lazy\" decoding=\"async\" class=\"alignnone wp-image-631\" src=\"https:\/\/hydraulic-cylinders.net\/wp-content\/uploads\/2023\/08\/hydraulic-cylinder-product-6-300x225.webp\" alt=\"\" width=\"347\" height=\"260\" \/><\/p>\n<h3>(5) Testimine<\/h3>\n<p>Meil on esmaklassilised kontrolliseadmed ja katsestendid, et tagada silindri j\u00f5udlus vastavus n\u00f5uetele.<\/p>\n<p><img loading=\"lazy\" decoding=\"async\" class=\"alignnone wp-image-632\" src=\"https:\/\/hydraulic-cylinders.net\/wp-content\/uploads\/2023\/08\/hydraulic-cylinder-product-8-300x200.webp\" alt=\"\" width=\"389\" height=\"260\" \/><\/p>\n<p>&nbsp;<\/p>\n<p>&nbsp;<\/p>\n<p>Oleme \u00fcks parimaid h\u00fcdrosilindrite tootjaid. Pakume laia valikut h\u00fcdrosilindreid. Pakume ka vastavaid... <a href=\"https:\/\/hzpt.com\/agricultural-pto-gearbox\/\" target=\"_blank\" rel=\"noopener\">p\u00f5llumajanduslikud k\u00e4igukastid<\/a>. Oleme eksportinud oma tooteid klientidele \u00fcle maailma ja teeninud hea maine t\u00e4nu meie suurep\u00e4rasele tootekvaliteedile ja m\u00fc\u00fcgij\u00e4rgsele teenindusele. Me tervitame kliente kodus ja v\u00e4lismaal, et v\u00f5tta meiega \u00fchendust, et pidada l\u00e4bir\u00e4\u00e4kimisi \u00e4ri, vahetada teavet ja <a href=\"https:\/\/www.hydraulic-cylinders.net\/et\/contact-us\/\">teha meiega koost\u00f6\u00f6d<\/a>!<\/p>\n<p>&nbsp;<\/p>","protected":false},"excerpt":{"rendered":"<p>Empty Container Stacker Oil Lifting Cylinder The empty container stacker oil lifting cylinder is a powerful hydraulic component designed to enhance container handling operations, specifically in the empty container stacking process. This cylinder is precisely engineered to provide reliable and efficient lifting capability, allowing precise control and safe movement of containers in various stacking applications. [&hellip;]<\/p>","protected":false},"featured_media":1834,"comment_status":"open","ping_status":"closed","template":"","meta":{"_et_pb_use_builder":"","_et_pb_old_content":"","_et_gb_content_width":""},"product_brand":[],"product_cat":[1549,1516,1552],"product_tag":[1380],"class_list":{"0":"post-1832","1":"product","2":"type-product","3":"status-publish","4":"has-post-thumbnail","6":"product_cat-single-acting-hydraulic-cylinder","7":"product_cat-stacker-reclaimer-hydraulic-cylinders","8":"product_cat-stainless-steel-hydraulic-cylinder","9":"product_tag-hydraulic-cylinder","11":"first","12":"instock","13":"shipping-taxable","14":"product-type-simple"},"amp_enabled":true,"_links":{"self":[{"href":"https:\/\/www.hydraulic-cylinders.net\/et\/wp-json\/wp\/v2\/product\/1832","targetHints":{"allow":["GET"]}}],"collection":[{"href":"https:\/\/www.hydraulic-cylinders.net\/et\/wp-json\/wp\/v2\/product"}],"about":[{"href":"https:\/\/www.hydraulic-cylinders.net\/et\/wp-json\/wp\/v2\/types\/product"}],"replies":[{"embeddable":true,"href":"https:\/\/www.hydraulic-cylinders.net\/et\/wp-json\/wp\/v2\/comments?post=1832"}],"wp:featuredmedia":[{"embeddable":true,"href":"https:\/\/www.hydraulic-cylinders.net\/et\/wp-json\/wp\/v2\/media\/1834"}],"wp:attachment":[{"href":"https:\/\/www.hydraulic-cylinders.net\/et\/wp-json\/wp\/v2\/media?parent=1832"}],"wp:term":[{"taxonomy":"product_brand","embeddable":true,"href":"https:\/\/www.hydraulic-cylinders.net\/et\/wp-json\/wp\/v2\/product_brand?post=1832"},{"taxonomy":"product_cat","embeddable":true,"href":"https:\/\/www.hydraulic-cylinders.net\/et\/wp-json\/wp\/v2\/product_cat?post=1832"},{"taxonomy":"product_tag","embeddable":true,"href":"https:\/\/www.hydraulic-cylinders.net\/et\/wp-json\/wp\/v2\/product_tag?post=1832"}],"curies":[{"name":"wp","href":"https:\/\/api.w.org\/{rel}","templated":true}]}}