{"id":1841,"date":"2023-10-17T06:38:00","date_gmt":"2023-10-17T06:38:00","guid":{"rendered":"https:\/\/hydraulic-cylinders.net\/?post_type=product&#038;p=1841"},"modified":"2025-04-15T05:42:55","modified_gmt":"2025-04-15T05:42:55","slug":"reach-stacker-telescopic-cylinder","status":"publish","type":"product","link":"https:\/\/www.hydraulic-cylinders.net\/et\/toode\/reach-stacker-telescopic-cylinder\/","title":{"rendered":"Teleskoop-silinder virnastajale"},"content":{"rendered":"<h1 style=\"text-align: center;\"><strong>Teleskoop-silinder virnastajale<\/strong><\/h1>\n<h1 style=\"text-align: center;\"><img loading=\"lazy\" decoding=\"async\" class=\"alignnone wp-image-1842\" src=\"https:\/\/hydraulic-cylinders.net\/wp-content\/uploads\/2023\/10\/reach-stacker-telescopic-cylinder-1-300x300.webp\" alt=\"\" width=\"400\" height=\"400\" \/><\/h1>\n<p>Konteinert\u00f5stuki teleskoopsilinder on tipptasemel h\u00fcdrauliline komponent, mis on loodud konteinert\u00f5stukite ulatuse ja j\u00f5udluse suurendamiseks. See uuenduslik silinder kasutab teleskoopkonstruktsiooni, et pikendada k\u00e4igupikkust, s\u00e4ilitades samal ajal kompaktse vormi. Konteinert\u00f5stuki teleskoopsilinder on oma t\u00e4iustatud funktsioonide, usaldusv\u00e4\u00e4rse konstruktsiooni ja suurep\u00e4rase funktsionaalsusega materjalik\u00e4itlust\u00f6\u00f6stuses revolutsiooniline.<\/p>\n<p>Konteinert\u00f5stuki teleskoopsilindri abil saab konteinerit\u00f5stukite v\u00f5imalusi oluliselt parandada, pakkudes suuremat ulatust, suuremat t\u00f5stev\u00f5imet ja kompaktset disaini. T\u00e4nu t\u00e4iustatud funktsioonidele, usaldusv\u00e4\u00e4rsele konstruktsioonile ja sujuvale t\u00f6\u00f6le annab see silinder materjalik\u00e4itlustoimingutes uue efektiivsuse ja tootlikkuse taseme. Soovitatavate paigaldusprotseduuride j\u00e4rgimise ja regulaarsete hooldustavade rakendamise abil saavad ettev\u00f5tted maksimeerida oma konteinerit\u00f5stukite j\u00f5udlust, pikaealisust ja ohutust. Konteinert\u00f5stuki teleskoopsilindri abil saavad ettev\u00f5tted k\u00e4sitseda suuremaid koormaid, optimeerida konteinerite virnastamist ja sujuvamaks muuta materjalik\u00e4itlusprotsesse, mis l\u00f5ppkokkuv\u00f5ttes aitab konkurentsitihedas materjalik\u00e4itlust\u00f6\u00f6stuses edu saavutada.<\/p>\n<p>Konteinert\u00f5stuki teleskoopsilindri peamised omadused:<\/p>\n<ul>\n<li>Pikem ulatus: Konteinert\u00f5stuki teleskoopsilindri teleskoopkonstruktsioon v\u00f5imaldab tavap\u00e4raste silindritega v\u00f5rreldes oluliselt suuremat ulatust. Mitme pesastatud astme olemasolu tagab pikema k\u00e4igupikkuse, v\u00f5ttes samal ajal minimaalselt ruumi. See pikendatud ulatus v\u00f5imaldab konteinerit\u00f5stukitel k\u00e4sitseda suuremaid koormaid, p\u00e4\u00e4seda ligi s\u00fcgavamatele konteinerivirnadele ja optimeerida materjalik\u00e4itlustoiminguid.<\/li>\n<li>Kompaktne disain: Vaatamata erakordsele ulatusele on virnastaja teleskoopsilindril kompaktne disain. Pesastatud platvormid libisevad \u00fcksteise sisse, v\u00e4hendades kogupikkust. See kompaktsus tagab, et virnastajad saavad t\u00f5husalt man\u00f6\u00f6verdada kitsastes kohtades, n\u00e4iteks konteinerhoovides v\u00f5i ladudes, ilma et see kahjustaks nende ulatust.<\/li>\n<li>Suurem t\u00f5stev\u00f5ime: Konteinert\u00f5stuki teleskoopsilindri uuenduslik disain ja vastupidav konstruktsioon aitavad kaasa selle m\u00e4rkimisv\u00e4\u00e4rsele t\u00f5stev\u00f5imele. Silinder on konstrueeritud taluma suuri koormusi, s\u00e4ilitades samal ajal stabiilsuse ja t\u00e4psuse t\u00f5stmise ajal. See suurem t\u00f5stev\u00f5ime v\u00f5imaldab konteinerit\u00f5stukitel t\u00f5husalt k\u00e4sitseda suuremaid ja raskemaid konteinereid, suurendades tootlikkust ja t\u00f5husust.<\/li>\n<li>Sujuv t\u00f6\u00f6: Virnastaja teleskoopsilinder on konstrueeritud sujuvaks ja t\u00e4pseks t\u00f6\u00f6ks. See kasutab kvaliteetseid tihendeid, laagreid ja h\u00fcdraulikakomponente, et tagada minimaalne h\u00f5\u00f5rdumine ja optimaalne j\u00f5udlus. See sujuv t\u00f6\u00f6 v\u00f5imaldab operaatoritel teleskoopsilindrit t\u00e4pselt juhtida, h\u00f5lbustades t\u00e4pset positsioneerimist ja ohutut materjali k\u00e4itlemist.<\/li>\n<\/ul>\n<h2><strong>Reach Stackeri teleskoopsilindri parameeter:<\/strong><\/h2>\n<table border=\"1\" cellspacing=\"0\" cellpadding=\"0\">\n<tbody>\n<tr>\n<td>Toote nimi<\/td>\n<td>Teleskoop-silinder virnastajale<\/td>\n<\/tr>\n<tr>\n<td>Omadused:<\/td>\n<td>M\u00f5ista poomi lineaarset teleskoopliikumist<\/td>\n<\/tr>\n<tr>\n<td>Ava l\u00e4bim\u00f5\u00f5t:<\/td>\n<td>200 mm\uff5e220 mm<\/td>\n<\/tr>\n<tr>\n<td>Varda l\u00e4bim\u00f5\u00f5t:<\/td>\n<td>150 mm\uff5e180 mm<br \/>\nL\u00f6\u00f6k \u22648000 mm<\/td>\n<\/tr>\n<tr>\n<td>R\u00f5hk:<\/td>\n<td>Maksimaalselt 30 MPa<\/td>\n<\/tr>\n<tr>\n<td>Rakendused:<\/td>\n<td>Konteinerlaadur<\/td>\n<\/tr>\n<\/tbody>\n<\/table>\n<h2><strong>Reach Stacker silindri rakendus:<\/strong><\/h2>\n<p><img loading=\"lazy\" decoding=\"async\" class=\"alignnone wp-image-1844 size-full\" src=\"https:\/\/hydraulic-cylinders.net\/wp-content\/uploads\/2023\/10\/reach-stacker-cylinder.webp\" alt=\"\" width=\"1418\" height=\"946\" srcset=\"https:\/\/hydraulic-cylinders.net\/wp-content\/uploads\/2023\/10\/reach-stacker-cylinder.webp 1418w, https:\/\/hydraulic-cylinders.net\/wp-content\/uploads\/2023\/10\/reach-stacker-cylinder-1280x854.webp 1280w, https:\/\/hydraulic-cylinders.net\/wp-content\/uploads\/2023\/10\/reach-stacker-cylinder-980x654.webp 980w, https:\/\/hydraulic-cylinders.net\/wp-content\/uploads\/2023\/10\/reach-stacker-cylinder-480x320.webp 480w\" sizes=\"(min-width: 0px) and (max-width: 480px) 480px, (min-width: 481px) and (max-width: 980px) 980px, (min-width: 981px) and (max-width: 1280px) 1280px, (min-width: 1281px) 1418px, 100vw\" \/><\/p>\n<h2><strong>Reach Stackeri teleskoopsilindri kasutusmeetod<\/strong><strong>:<\/strong><\/h2>\n<ol>\n<li><strong>Paigaldamine:<\/strong> Paigaldage virnastaja teleskoopsilinder vastavalt tootja juhistele ja spetsifikatsioonidele. Optimaalse j\u00f5udluse tagamiseks veenduge \u00f5iges joonduses ja kindlas kinnituses. J\u00e4rgige h\u00fcdraulikavoolikute \u00fchendamisel virnastaja h\u00fcdros\u00fcsteemiga soovitatud protseduure.<\/li>\n<li><strong>Juhtimine ja kasutamine:<\/strong> Teleskoopsilindrit juhitakse tavaliselt konteinerit\u00f5stuki olemasoleva juhtimiss\u00fcsteemi kaudu. Operaatorid saavad silindri pikendamiseks v\u00f5i sisset\u00f5mbamiseks aktiveerida h\u00fcdraulilise ahela. Konkst\u00f5stuki poomi k\u00e4igupikkuse ja asendi reguleerimiseks kasutage juhtkonsooli v\u00f5i juhtpaneeli. J\u00e4rgige tootja juhiseid ja soovitatud ohutuid ja t\u00f5husaid t\u00f6\u00f6protseduure.<\/li>\n<\/ol>\n<h2><strong>Kui kiiresti saab h\u00fcdrauliline silinder liikuda?<\/strong><\/h2>\n<p>H\u00fcdrosilindri liikumiskiirus s\u00f5ltub mitmest tegurist, sealhulgas s\u00fcsteemi konstruktsioonist, h\u00fcdraulilise vedeliku voolukiirusest, silindri suurusest, koormustingimustest ja t\u00f6\u00f6r\u00f5hust. Siin on m\u00f5ned kaalutlused h\u00fcdraulilise silindri liikumiskiiruse kohta:<\/p>\n<ol>\n<li><strong>Voolukiirus:<\/strong> H\u00fcdrosilindri kiirust m\u00f5jutab sellele tarnitava h\u00fcdraulilise vedeliku voolukiirus. Suurem voolukiirus tagab silindri kiirema liikumise, madalam voolukiirus aga aeglasema kiiruse. Voolukiiruse m\u00e4\u00e4ravad h\u00fcdros\u00fcsteemi pumba v\u00f5imsus ja vedeliku voolu reguleerivad klapi seaded.<\/li>\n<li><strong>Silindri suurus:<\/strong> H\u00fcdrosilindri suurus m\u00f5jutab selle kiirust. Suurematel silindritel on tavaliselt suurem pindala, mist\u00f5ttu on silindri sees kolvi liigutamiseks vaja rohkem h\u00fcdraulilist vedelikku. See suurem vedeliku maht p\u00f5hjustab aeglasemat liikumist v\u00f5rreldes v\u00e4iksemate silindritega.<\/li>\n<li><strong>Koormustingimused:<\/strong> H\u00fcdrosilindri poolt t\u00f5stetav v\u00f5i liigutatav koorem v\u00f5ib m\u00f5jutada selle kiirust. Raskemad koormad vajavad rohkem j\u00f5udu, mis v\u00f5ib silindri liikumist aeglustada. Seevastu kergemad koormad v\u00f5ivad v\u00f5imaldada suuremat kiirust.<\/li>\n<li><strong>T\u00f6\u00f6r\u00f5hk:<\/strong> H\u00fcdraulikas\u00fcsteemi t\u00f6\u00f6r\u00f5hk m\u00f5jutab silindri kiirust. K\u00f5rgem t\u00f6\u00f6r\u00f5hk v\u00f5ib tekitada rohkem j\u00f5udu, mille tulemuseks on kiirem silindri liikumine. Soovitatavate r\u00f5hupiiride piires t\u00f6\u00f6tamine on aga ohutu ja usaldusv\u00e4\u00e4rse t\u00f6\u00f6 tagamiseks h\u00e4davajalik.<\/li>\n<li><strong>S\u00fcsteemi disain:<\/strong> H\u00fcdraulikas\u00fcsteemi konstruktsioon, sealhulgas h\u00fcdropumba, ventiilide ja torustiku suurus ja t\u00fc\u00fcp, v\u00f5ib m\u00f5jutada silindri kiirust. T\u00f5hus s\u00fcsteemi konstruktsioon \u00f5ige suurusega komponentide ja optimeeritud vooluteedega aitab saavutada soovitud silindri kiirusi.<\/li>\n<\/ol>\n<h2><strong>Tehase v\u00f5imekus ja suutlikkus:<\/strong><\/h2>\n<h3>(1) Kokkupanek<\/h3>\n<p>Meil on esmaklassiline s\u00f5ltumatu teadus- ja arendustegevuse montaa\u017eiplatvorm. H\u00fcdrosilindrite tootmist\u00f6\u00f6kojas on neli poolautomaatset t\u00f5stesilindrite koosteliini ja \u00fcks automaatne kallutussilindrite koosteliin, mille kavandatud aastane tootmisv\u00f5imsus on 1 miljon t\u00fckki. Spetsiaalsete silindrite t\u00f6\u00f6koda on varustatud erinevate spetsifikatsioonidega poolautomaatse puhastusmontaa\u017eis\u00fcsteemiga, mille kavandatud aastane tootmisv\u00f5imsus on 200 000 ja mis on varustatud kuulsate CNC-t\u00f6\u00f6tlemisseadmete, mehaanilise t\u00f6\u00f6tlemise keskuse, suure t\u00e4psusega silindrite t\u00f6\u00f6tlemise eriseadmete, robotkeevitusmasina, automaatse puhastusmasina, automaatse silindri kokkupanemise masina ja automaatse v\u00e4rvimise tootmisliiniga. Olemasolevad kriitilised seadmed rohkem kui 300 komplekti (komplekti). Seadmete ressursside optimaalne jaotamine ja t\u00f5hus kasutamine tagavad toodete t\u00e4psusn\u00f5uded ja vastavad toodete kvaliteedin\u00f5uetele.<\/p>\n<p><img loading=\"lazy\" decoding=\"async\" class=\"alignnone wp-image-626\" src=\"https:\/\/hydraulic-cylinders.net\/wp-content\/uploads\/2023\/08\/hydraulic-cylinder-product-1-300x158.webp\" alt=\"\" width=\"495\" height=\"260\" srcset=\"https:\/\/hydraulic-cylinders.net\/wp-content\/uploads\/2023\/08\/hydraulic-cylinder-product-1-300x158.webp 495w, https:\/\/hydraulic-cylinders.net\/wp-content\/uploads\/2023\/08\/hydraulic-cylinder-product-1-480x252.webp 480w\" sizes=\"(min-width: 0px) and (max-width: 480px) 480px, (min-width: 481px) 495px, 100vw\" \/> <img loading=\"lazy\" decoding=\"async\" class=\"alignnone wp-image-627\" src=\"https:\/\/hydraulic-cylinders.net\/wp-content\/uploads\/2023\/08\/hydraulic-cylinder-product-2-300x189.webp\" alt=\"\" width=\"413\" height=\"260\" \/><\/p>\n<h3>(2) T\u00f6\u00f6tlemine<\/h3>\n<p>T\u00f6\u00f6deldav t\u00f6\u00f6koda on varustatud kohandatud kallutatud r\u00f6\u00f6pse treipingi keskuse, mehaanilise keskuse, kiire lihvimismasina, keevitusroboti ja muude seotud seadmetega, mis suudavad t\u00f6\u00f6delda silindritorusid, mille maksimaalne sisel\u00e4bim\u00f5\u00f5t on 400 mm ja maksimaalne pikkus on 6 meetrit.<\/p>\n<p><img loading=\"lazy\" decoding=\"async\" class=\"alignnone wp-image-628 size-large\" src=\"https:\/\/hydraulic-cylinders.net\/wp-content\/uploads\/2023\/08\/hydraulic-cylinder-product-3-1024x391.webp\" alt=\"\" width=\"1024\" height=\"391\" srcset=\"https:\/\/hydraulic-cylinders.net\/wp-content\/uploads\/2023\/08\/hydraulic-cylinder-product-3-980x374.webp 980w, https:\/\/hydraulic-cylinders.net\/wp-content\/uploads\/2023\/08\/hydraulic-cylinder-product-3-480x183.webp 480w\" sizes=\"(min-width: 0px) and (max-width: 480px) 480px, (min-width: 481px) and (max-width: 980px) 980px, (min-width: 981px) 1024px, 100vw\" \/><\/p>\n<h3>(3) Keevitamine<\/h3>\n<p><img loading=\"lazy\" decoding=\"async\" class=\"alignnone wp-image-629 size-large\" src=\"https:\/\/hydraulic-cylinders.net\/wp-content\/uploads\/2023\/08\/hydraulic-cylinder-product-4-1024x510.webp\" alt=\"\" width=\"1024\" height=\"510\" srcset=\"https:\/\/hydraulic-cylinders.net\/wp-content\/uploads\/2023\/08\/hydraulic-cylinder-product-4-980x488.webp 980w, https:\/\/hydraulic-cylinders.net\/wp-content\/uploads\/2023\/08\/hydraulic-cylinder-product-4-480x239.webp 480w\" sizes=\"(min-width: 0px) and (max-width: 480px) 480px, (min-width: 481px) and (max-width: 980px) 980px, (min-width: 981px) 1024px, 100vw\" \/><\/p>\n<h3>(4) V\u00e4rvimine ja katmine<\/h3>\n<p>V\u00e4ikese ja keskmise suurusega silindri automaatse veep\u00f5hise v\u00e4rvipinnakattega liinide abil, et saavutada automaatne robotlaadimine ja mahalaadimine ning automaatne pihustamine, projekteerimisv\u00f5imsus 4000 t\u00fckki vahetuse kohta;<br \/>\nMeil on ka poolautomaatne suurte balloonide v\u00e4rvimise tootmisliin, mis t\u00f6\u00f6tab j\u00f5ukettaga ja mille projekteerimisv\u00f5imsus on 60 kasti \u00fche vahetuse kohta.<\/p>\n<p><img loading=\"lazy\" decoding=\"async\" class=\"alignnone wp-image-630\" src=\"https:\/\/hydraulic-cylinders.net\/wp-content\/uploads\/2023\/08\/hydraulic-cylinder-product-5-300x213.webp\" alt=\"\" width=\"366\" height=\"260\" \/> <img loading=\"lazy\" decoding=\"async\" class=\"alignnone wp-image-631\" src=\"https:\/\/hydraulic-cylinders.net\/wp-content\/uploads\/2023\/08\/hydraulic-cylinder-product-6-300x225.webp\" alt=\"\" width=\"347\" height=\"260\" \/><\/p>\n<h3>(5) Testimine<\/h3>\n<p>Meil on esmaklassilised kontrolliseadmed ja katsestendid, et tagada silindri j\u00f5udlus vastavus n\u00f5uetele.<\/p>\n<p><img loading=\"lazy\" decoding=\"async\" class=\"alignnone wp-image-632\" src=\"https:\/\/hydraulic-cylinders.net\/wp-content\/uploads\/2023\/08\/hydraulic-cylinder-product-8-300x200.webp\" alt=\"\" width=\"389\" height=\"260\" \/><\/p>\n<p>&nbsp;<\/p>\n<p>&nbsp;<\/p>\n<p>Oleme \u00fcks parimaid h\u00fcdrosilindrite tootjaid. Pakume laia valikut h\u00fcdrosilindreid. Pakume ka vastavaid... <a href=\"https:\/\/hzpt.com\/agricultural-pto-gearbox\/\" target=\"_blank\" rel=\"noopener\">p\u00f5llumajanduslikud k\u00e4igukastid<\/a>. Oleme eksportinud oma tooteid klientidele \u00fcle maailma ja teeninud hea maine t\u00e4nu meie suurep\u00e4rasele tootekvaliteedile ja m\u00fc\u00fcgij\u00e4rgsele teenindusele. Me tervitame kliente kodus ja v\u00e4lismaal, et v\u00f5tta meiega \u00fchendust, et pidada l\u00e4bir\u00e4\u00e4kimisi \u00e4ri, vahetada teavet ja <a href=\"https:\/\/www.hydraulic-cylinders.net\/et\/contact-us\/\">teha meiega koost\u00f6\u00f6d<\/a>!<\/p>\n<p>&nbsp;<\/p>\n<p>&nbsp;<\/p>","protected":false},"excerpt":{"rendered":"<p>Reach Stacker Telescopic Cylinder The reach stacker telescopic cylinder is a cutting-edge hydraulic component designed to enhance the reach and performance of reach stackers. This innovative cylinder utilizes a telescopic design to extend stroke length while maintaining a compact form. The reach stacker telescopic cylinder is a game-changer in the material handling industry with its [&hellip;]<\/p>","protected":false},"featured_media":1843,"comment_status":"open","ping_status":"closed","template":"","meta":{"_et_pb_use_builder":"","_et_pb_old_content":"","_et_gb_content_width":""},"product_brand":[],"product_cat":[1550,1516,1552,1393],"product_tag":[1380],"class_list":{"0":"post-1841","1":"product","2":"type-product","3":"status-publish","4":"has-post-thumbnail","6":"product_cat-double-acting-hydraulic-cylinder","7":"product_cat-stacker-reclaimer-hydraulic-cylinders","8":"product_cat-stainless-steel-hydraulic-cylinder","9":"product_cat-telescopic-hydraulic-cylinder","10":"product_tag-hydraulic-cylinder","12":"first","13":"instock","14":"shipping-taxable","15":"product-type-simple"},"amp_enabled":true,"_links":{"self":[{"href":"https:\/\/www.hydraulic-cylinders.net\/et\/wp-json\/wp\/v2\/product\/1841","targetHints":{"allow":["GET"]}}],"collection":[{"href":"https:\/\/www.hydraulic-cylinders.net\/et\/wp-json\/wp\/v2\/product"}],"about":[{"href":"https:\/\/www.hydraulic-cylinders.net\/et\/wp-json\/wp\/v2\/types\/product"}],"replies":[{"embeddable":true,"href":"https:\/\/www.hydraulic-cylinders.net\/et\/wp-json\/wp\/v2\/comments?post=1841"}],"wp:featuredmedia":[{"embeddable":true,"href":"https:\/\/www.hydraulic-cylinders.net\/et\/wp-json\/wp\/v2\/media\/1843"}],"wp:attachment":[{"href":"https:\/\/www.hydraulic-cylinders.net\/et\/wp-json\/wp\/v2\/media?parent=1841"}],"wp:term":[{"taxonomy":"product_brand","embeddable":true,"href":"https:\/\/www.hydraulic-cylinders.net\/et\/wp-json\/wp\/v2\/product_brand?post=1841"},{"taxonomy":"product_cat","embeddable":true,"href":"https:\/\/www.hydraulic-cylinders.net\/et\/wp-json\/wp\/v2\/product_cat?post=1841"},{"taxonomy":"product_tag","embeddable":true,"href":"https:\/\/www.hydraulic-cylinders.net\/et\/wp-json\/wp\/v2\/product_tag?post=1841"}],"curies":[{"name":"wp","href":"https:\/\/api.w.org\/{rel}","templated":true}]}}