{"id":1851,"date":"2023-10-17T07:46:14","date_gmt":"2023-10-17T07:46:14","guid":{"rendered":"https:\/\/hydraulic-cylinders.net\/?post_type=product&#038;p=1851"},"modified":"2025-04-15T05:42:45","modified_gmt":"2025-04-15T05:42:45","slug":"stacker-reclaimer-skeleton-pitch-cylinder","status":"publish","type":"product","link":"https:\/\/www.hydraulic-cylinders.net\/et\/toode\/stacker-reclaimer-skeleton-pitch-cylinder\/","title":{"rendered":"Virnastaja tagasit\u00f5mbamise skeleti pigi silinder"},"content":{"rendered":"<h1 style=\"text-align: center;\"><strong>Virnastaja tagasit\u00f5mbamise skeleti pigi silinder<\/strong><\/h1>\n<h1 style=\"text-align: center;\"><img loading=\"lazy\" decoding=\"async\" class=\"alignnone wp-image-1852\" src=\"https:\/\/hydraulic-cylinders.net\/wp-content\/uploads\/2023\/10\/skeleton-pitch-cylinder-1-300x300.webp\" alt=\"\" width=\"400\" height=\"400\" \/><\/h1>\n<p>Virnastaja karkassi kaldenurka reguleeriv silinder on oluline h\u00fcdrauliline komponent, mis on loodud virnastaja karkassi kaldenurga optimeerimiseks puistematerjalide k\u00e4itlemisel. See spetsiaalne silinder v\u00f5imaldab karkassikopa kaldenurka t\u00e4pselt juhtida ja reguleerida, h\u00f5lbustades materjali t\u00f5husat \u00fcleskorjamist ja v\u00e4ljastamist. Oma erakordsete omaduste, vastupidava konstruktsiooni ja usaldusv\u00e4\u00e4rse j\u00f5udlusega muudab virnastaja karkassi kaldenurka revolutsiooniliselt puistematerjalide k\u00e4itlemise t\u00f5husust ja tootlikkust.<\/p>\n<p>Virnastaja tagasit\u00f5mbamismasina karkassi kaldenurk on puistematerjalide k\u00e4itlemise valdkonnas \u00fclioluline, pakkudes t\u00e4pset kalde juhtimist, vastupidavat konstruktsiooni ja suurt kandev\u00f5imet. Selle v\u00f5ime optimeerida karkasskopa kaldenurka h\u00f5lbustab t\u00f5husat laadimist ja mahalaadimist, minimeerides materjali lekkimist ja suurendades tootlikkust. Soovitatavate kasutusmeetodite j\u00e4rgimise ja regulaarsete hooldustavade rakendamise abil saavad ettev\u00f5tted maksimeerida oma virnastaja tagasit\u00f5mbamismasina toimingute j\u00f5udlust, pikaealisust ja t\u00f6\u00f6kindlust. Virnastaja tagasit\u00f5mbamismasina karkassi kaldenurk on hindamatu investeering puistematerjalide k\u00e4itlemistoimingutesse, andes operaatoritele v\u00f5imaluse saavutada optimaalne efektiivsus, t\u00e4psus ja tootlikkus puistematerjalide k\u00e4itlemise d\u00fcnaamilises ja n\u00f5udlikus valdkonnas.<\/p>\n<p>Virnastaja tagasit\u00f5mbamise skeleti sammuga silindri peamised omadused:<\/p>\n<ul>\n<li>T\u00e4pne kalde reguleerimine: Virnastaja karkassi kalde silinder pakub t\u00e4pset kontrolli karkassikopa kaldenurga \u00fcle. Operaatorid saavad nurka materjali omadustele vastavaks h\u00f5lpsalt reguleerida ning laadimis- ja mahalaadimisprotsessi optimeerida. See t\u00e4psus tagab t\u00f5husa materjali k\u00e4itlemise, minimeerides mahavalgumist ja suurendades tootlikkust.<\/li>\n<li>Vastupidav konstruktsioon: See silinder on valmistatud kvaliteetsetest materjalidest ja vastupidavast konstruktsioonist, et taluda puistematerjalide k\u00e4itlemise n\u00f5udlikke tingimusi. See on loodud taluma suuri koormusi, l\u00f6\u00f6ke ja karmi keskkonda, tagades pikaajalise j\u00f5udluse ja t\u00f6\u00f6kindluse.<\/li>\n<li>Suur kandev\u00f5ime: Virnastaja karkass-sammuga silinder on ehitatud puistematerjalide k\u00e4itlemisel esinevate raskete koormuste talumiseks. Sellel on vastupidav kolvi ja varda konstruktsioon, mis talub \u00e4\u00e4rmuslikke j\u00f5ude, pakkudes stabiilsust ja kindlust.<\/li>\n<\/ul>\n<h2><strong>Virnastaja tagasit\u00f5mbamise skeleti sammuga silindri parameeter:<\/strong><\/h2>\n<table border=\"1\" cellspacing=\"0\" cellpadding=\"0\">\n<tbody>\n<tr>\n<td>Toote nimi<\/td>\n<td>Virnastaja tagasit\u00f5mbamise skeleti pigi silinder<\/td>\n<\/tr>\n<tr>\n<td>Omadused:<\/td>\n<td>M\u00f5ista konsoolvarda kallutamist<\/td>\n<\/tr>\n<tr>\n<td>Ava l\u00e4bim\u00f5\u00f5t:<\/td>\n<td>300 mm\uff5e400 m<\/td>\n<\/tr>\n<tr>\n<td>Varda l\u00e4bim\u00f5\u00f5t:<\/td>\n<td>200 mm\uff5e320 mm<br \/>\nK\u00e4ik 1000 mm\uff5e4500 mm<\/td>\n<\/tr>\n<tr>\n<td>R\u00f5hk:<\/td>\n<td>kuni 35 MPa<\/td>\n<\/tr>\n<tr>\n<td>Rakendused:<\/td>\n<td>Virnastaja tagasin\u00f5udja<\/td>\n<\/tr>\n<\/tbody>\n<\/table>\n<h2><strong>Virnastaja tagasit\u00f5mbamissilindri rakendus:<\/strong><\/h2>\n<p><img loading=\"lazy\" decoding=\"async\" class=\"alignnone wp-image-1854 size-full\" src=\"https:\/\/hydraulic-cylinders.net\/wp-content\/uploads\/2023\/10\/stacker-reclaimer-cylinder-1.webp\" alt=\"\" width=\"494\" height=\"330\" srcset=\"https:\/\/hydraulic-cylinders.net\/wp-content\/uploads\/2023\/10\/stacker-reclaimer-cylinder-1.webp 494w, https:\/\/hydraulic-cylinders.net\/wp-content\/uploads\/2023\/10\/stacker-reclaimer-cylinder-1-480x321.webp 480w\" sizes=\"(min-width: 0px) and (max-width: 480px) 480px, (min-width: 481px) 494px, 100vw\" \/><\/p>\n<h2><strong>Virnastaja taaskasutusmeetodi skeleti pigi silindri<\/strong><strong>:<\/strong><\/h2>\n<p>Sammu reguleerimine: Virnastaja tagasit\u00f5mbamise skeleti sammusilindri t\u00f5husaks kasutamiseks toimige j\u00e4rgmiselt.<\/p>\n<p>a. L\u00fclitage sisse virnastaja h\u00fcdros\u00fcsteem ja veenduge, et h\u00fcdrauliline r\u00f5hk oleks soovituslikus t\u00f6\u00f6vahemikus.<br \/>\nb. Kasutage karkasskopa kaldenurga reguleerimiseks kaasasolevat juhtliidest v\u00f5i juhtkangi.<br \/>\nc. Virnastaja tagasit\u00f5mbamise skeleti kalde silinder reageerib operaatori sisendile, reguleerides sujuvalt ja t\u00e4pselt kaldenurka.<br \/>\nd. J\u00e4lgige materjalivoogu ja reguleerige vajadusel kaldenurka, et tagada t\u00f5hus peale- v\u00f5i mahalaadimine.<\/p>\n<h2><strong>Kuidas h\u00fcdraulilisi silindreid valmistatakse?<\/strong><\/h2>\n<p>H\u00fcdrosilindri t\u00f5stev\u00f5ime s\u00f5ltub mitmest tegurist, sealhulgas selle konstruktsioonist, suurusest, t\u00f6\u00f6r\u00f5hust ja konkreetsest rakendusest, milleks seda kasutatakse. H\u00fcdrosilindrid on konstrueeritud mitme koormuse talumiseks, alates kergetest kuni raskete rakendusteni.<\/p>\n<p>Tavaliselt m\u00e4\u00e4rab tootja h\u00fcdrosilindri t\u00f5stev\u00f5ime, mis v\u00f5ib silindri suurusest ja kavandatud kasutusest olenevalt oluliselt erineda. V\u00e4iksemate silindrite t\u00f5stev\u00f5ime v\u00f5ib olla paar sada naela v\u00f5i kilogrammi, samas kui suuremad silindrid suudavad kanda k\u00fcmneid v\u00f5i sadu tonne.<\/p>\n<p>H\u00fcdraulilise silindri t\u00f5stev\u00f5ime m\u00e4\u00e4ramiseks konkreetse rakenduse jaoks on oluline arvestada j\u00e4rgmiste teguritega:<\/p>\n<ol>\n<li><strong>Ava suurus:<\/strong> H\u00fcdrosilindri ava l\u00e4bim\u00f5\u00f5t viitab silindri korpuse sisel\u00e4bim\u00f5\u00f5dule. \u00dcldiselt v\u00f5imaldavad suuremad ava l\u00e4bim\u00f5\u00f5dud suuremat t\u00f5stev\u00f5imet.<\/li>\n<li><strong>Varda l\u00e4bim\u00f5\u00f5t:<\/strong> H\u00fcdrosilindri varda l\u00e4bim\u00f5\u00f5t viitab kolvivarda l\u00e4bim\u00f5\u00f5dule. Paksem varras annab tavaliselt suurema tugevuse ja t\u00f5stev\u00f5ime.<\/li>\n<li><strong>T\u00f6\u00f6r\u00f5hk:<\/strong> H\u00fcdraulikas\u00fcsteemi t\u00f6\u00f6r\u00f5hk m\u00f5jutab t\u00f5stev\u00f5imet. K\u00f5rgem t\u00f6\u00f6r\u00f5hk v\u00f5ib tekitada rohkem j\u00f5udu, mille tulemuseks on suurem t\u00f5stev\u00f5ime.<\/li>\n<li><strong>L\u00f6\u00f6gi pikkus:<\/strong> Kolvi k\u00e4igu pikkus viitab vahemaale, mille kolb silindri korpuses l\u00e4bida saab. Pikem k\u00e4igu pikkus v\u00f5ib suurendada \u00fcldist t\u00f5stev\u00f5imet.<\/li>\n<li><strong>Paigalduskonfiguratsioon:<\/strong> H\u00fcdrosilindri kinnituskonfiguratsioon v\u00f5ib samuti m\u00f5jutada selle t\u00f5stev\u00f5imet. Erinevad kinnitust\u00fc\u00fcbid pakuvad erinevat stabiilsust ja kandev\u00f5imet.<\/li>\n<li><strong>Ohutustegurid:<\/strong> Oluline on arvestada ohutusteguritega ja tagada, et h\u00fcdrosilindrit ei koormataks \u00fcle selle etten\u00e4htud t\u00f5stev\u00f5ime. \u00dclekoormus v\u00f5ib p\u00f5hjustada silindri rikke, seadmete kahjustusi ja ohutusriske.<\/li>\n<\/ol>\n<h2><strong>Tehase v\u00f5imekus ja suutlikkus:<\/strong><\/h2>\n<h3>(1) Kokkupanek<\/h3>\n<p>Meil on esmaklassiline s\u00f5ltumatu teadus- ja arendustegevuse montaa\u017eiplatvorm. H\u00fcdrosilindrite tootmist\u00f6\u00f6kojas on neli poolautomaatset t\u00f5stesilindrite koosteliini ja \u00fcks automaatne kallutussilindrite koosteliin, mille kavandatud aastane tootmisv\u00f5imsus on 1 miljon t\u00fckki. Spetsiaalsete silindrite t\u00f6\u00f6koda on varustatud erinevate spetsifikatsioonidega poolautomaatse puhastusmontaa\u017eis\u00fcsteemiga, mille kavandatud aastane tootmisv\u00f5imsus on 200 000 ja mis on varustatud kuulsate CNC-t\u00f6\u00f6tlemisseadmete, mehaanilise t\u00f6\u00f6tlemise keskuse, suure t\u00e4psusega silindrite t\u00f6\u00f6tlemise eriseadmete, robotkeevitusmasina, automaatse puhastusmasina, automaatse silindri kokkupanemise masina ja automaatse v\u00e4rvimise tootmisliiniga. Olemasolevad kriitilised seadmed rohkem kui 300 komplekti (komplekti). Seadmete ressursside optimaalne jaotamine ja t\u00f5hus kasutamine tagavad toodete t\u00e4psusn\u00f5uded ja vastavad toodete kvaliteedin\u00f5uetele.<\/p>\n<p><img loading=\"lazy\" decoding=\"async\" class=\"alignnone wp-image-626\" src=\"https:\/\/hydraulic-cylinders.net\/wp-content\/uploads\/2023\/08\/hydraulic-cylinder-product-1-300x158.webp\" alt=\"\" width=\"495\" height=\"260\" srcset=\"https:\/\/hydraulic-cylinders.net\/wp-content\/uploads\/2023\/08\/hydraulic-cylinder-product-1-300x158.webp 495w, https:\/\/hydraulic-cylinders.net\/wp-content\/uploads\/2023\/08\/hydraulic-cylinder-product-1-480x252.webp 480w\" sizes=\"(min-width: 0px) and (max-width: 480px) 480px, (min-width: 481px) 495px, 100vw\" \/> <img loading=\"lazy\" decoding=\"async\" class=\"alignnone wp-image-627\" src=\"https:\/\/hydraulic-cylinders.net\/wp-content\/uploads\/2023\/08\/hydraulic-cylinder-product-2-300x189.webp\" alt=\"\" width=\"413\" height=\"260\" \/><\/p>\n<h3>(2) T\u00f6\u00f6tlemine<\/h3>\n<p>T\u00f6\u00f6deldav t\u00f6\u00f6koda on varustatud kohandatud kallutatud r\u00f6\u00f6pse treipingi keskuse, mehaanilise keskuse, kiire lihvimismasina, keevitusroboti ja muude seotud seadmetega, mis suudavad t\u00f6\u00f6delda silindritorusid, mille maksimaalne sisel\u00e4bim\u00f5\u00f5t on 400 mm ja maksimaalne pikkus on 6 meetrit.<\/p>\n<p><img loading=\"lazy\" decoding=\"async\" class=\"alignnone wp-image-628 size-large\" src=\"https:\/\/hydraulic-cylinders.net\/wp-content\/uploads\/2023\/08\/hydraulic-cylinder-product-3-1024x391.webp\" alt=\"\" width=\"1024\" height=\"391\" srcset=\"https:\/\/hydraulic-cylinders.net\/wp-content\/uploads\/2023\/08\/hydraulic-cylinder-product-3-980x374.webp 980w, https:\/\/hydraulic-cylinders.net\/wp-content\/uploads\/2023\/08\/hydraulic-cylinder-product-3-480x183.webp 480w\" sizes=\"(min-width: 0px) and (max-width: 480px) 480px, (min-width: 481px) and (max-width: 980px) 980px, (min-width: 981px) 1024px, 100vw\" \/><\/p>\n<h3>(3) Keevitamine<\/h3>\n<p><img loading=\"lazy\" decoding=\"async\" class=\"alignnone wp-image-629 size-large\" src=\"https:\/\/hydraulic-cylinders.net\/wp-content\/uploads\/2023\/08\/hydraulic-cylinder-product-4-1024x510.webp\" alt=\"\" width=\"1024\" height=\"510\" srcset=\"https:\/\/hydraulic-cylinders.net\/wp-content\/uploads\/2023\/08\/hydraulic-cylinder-product-4-980x488.webp 980w, https:\/\/hydraulic-cylinders.net\/wp-content\/uploads\/2023\/08\/hydraulic-cylinder-product-4-480x239.webp 480w\" sizes=\"(min-width: 0px) and (max-width: 480px) 480px, (min-width: 481px) and (max-width: 980px) 980px, (min-width: 981px) 1024px, 100vw\" \/><\/p>\n<h3>(4) V\u00e4rvimine ja katmine<\/h3>\n<p>V\u00e4ikese ja keskmise suurusega silindri automaatse veep\u00f5hise v\u00e4rvipinnakattega liinide abil, et saavutada automaatne robotlaadimine ja mahalaadimine ning automaatne pihustamine, projekteerimisv\u00f5imsus 4000 t\u00fckki vahetuse kohta;<br \/>\nMeil on ka poolautomaatne suurte balloonide v\u00e4rvimise tootmisliin, mis t\u00f6\u00f6tab j\u00f5ukettaga ja mille projekteerimisv\u00f5imsus on 60 kasti \u00fche vahetuse kohta.<\/p>\n<p><img loading=\"lazy\" decoding=\"async\" class=\"alignnone wp-image-630\" src=\"https:\/\/hydraulic-cylinders.net\/wp-content\/uploads\/2023\/08\/hydraulic-cylinder-product-5-300x213.webp\" alt=\"\" width=\"366\" height=\"260\" \/> <img loading=\"lazy\" decoding=\"async\" class=\"alignnone wp-image-631\" src=\"https:\/\/hydraulic-cylinders.net\/wp-content\/uploads\/2023\/08\/hydraulic-cylinder-product-6-300x225.webp\" alt=\"\" width=\"347\" height=\"260\" \/><\/p>\n<h3>(5) Testimine<\/h3>\n<p>Meil on esmaklassilised kontrolliseadmed ja katsestendid, et tagada silindri j\u00f5udlus vastavus n\u00f5uetele.<\/p>\n<p><img loading=\"lazy\" decoding=\"async\" class=\"alignnone wp-image-632\" src=\"https:\/\/hydraulic-cylinders.net\/wp-content\/uploads\/2023\/08\/hydraulic-cylinder-product-8-300x200.webp\" alt=\"\" width=\"389\" height=\"260\" \/><\/p>\n<p>&nbsp;<\/p>\n<p>&nbsp;<\/p>\n<p>Oleme \u00fcks parimaid h\u00fcdrosilindrite tootjaid. Pakume laia valikut h\u00fcdrosilindreid. Pakume ka vastavaid... <a href=\"https:\/\/hzpt.com\/agricultural-pto-gearbox\/\" target=\"_blank\" rel=\"noopener\">p\u00f5llumajanduslikud k\u00e4igukastid<\/a>. Oleme eksportinud oma tooteid klientidele \u00fcle maailma ja teeninud hea maine t\u00e4nu meie suurep\u00e4rasele tootekvaliteedile ja m\u00fc\u00fcgij\u00e4rgsele teenindusele. Me tervitame kliente kodus ja v\u00e4lismaal, et v\u00f5tta meiega \u00fchendust, et pidada l\u00e4bir\u00e4\u00e4kimisi \u00e4ri, vahetada teavet ja <a href=\"https:\/\/www.hydraulic-cylinders.net\/et\/contact-us\/\">teha meiega koost\u00f6\u00f6d<\/a>!<\/p>\n<p>&nbsp;<\/p>\n<p>&nbsp;<\/p>","protected":false},"excerpt":{"rendered":"<p>Stacker Reclaimer Skeleton Pitch Cylinder The stacker reclaimer skeleton pitch cylinder is a crucial hydraulic component designed to optimize the functionality and performance of stacker reclaimers in bulk material handling applications. This specialized cylinder enables precise control and adjustment of the skeleton bucket&#8217;s pitch angle, facilitating efficient material pickup and discharge. With its exceptional features, [&hellip;]<\/p>","protected":false},"featured_media":1853,"comment_status":"open","ping_status":"closed","template":"","meta":{"_et_pb_use_builder":"","_et_pb_old_content":"","_et_gb_content_width":""},"product_brand":[],"product_cat":[1550,1516,1552],"product_tag":[1380],"class_list":{"0":"post-1851","1":"product","2":"type-product","3":"status-publish","4":"has-post-thumbnail","6":"product_cat-double-acting-hydraulic-cylinder","7":"product_cat-stacker-reclaimer-hydraulic-cylinders","8":"product_cat-stainless-steel-hydraulic-cylinder","9":"product_tag-hydraulic-cylinder","11":"first","12":"instock","13":"shipping-taxable","14":"product-type-simple"},"amp_enabled":true,"_links":{"self":[{"href":"https:\/\/www.hydraulic-cylinders.net\/et\/wp-json\/wp\/v2\/product\/1851","targetHints":{"allow":["GET"]}}],"collection":[{"href":"https:\/\/www.hydraulic-cylinders.net\/et\/wp-json\/wp\/v2\/product"}],"about":[{"href":"https:\/\/www.hydraulic-cylinders.net\/et\/wp-json\/wp\/v2\/types\/product"}],"replies":[{"embeddable":true,"href":"https:\/\/www.hydraulic-cylinders.net\/et\/wp-json\/wp\/v2\/comments?post=1851"}],"wp:featuredmedia":[{"embeddable":true,"href":"https:\/\/www.hydraulic-cylinders.net\/et\/wp-json\/wp\/v2\/media\/1853"}],"wp:attachment":[{"href":"https:\/\/www.hydraulic-cylinders.net\/et\/wp-json\/wp\/v2\/media?parent=1851"}],"wp:term":[{"taxonomy":"product_brand","embeddable":true,"href":"https:\/\/www.hydraulic-cylinders.net\/et\/wp-json\/wp\/v2\/product_brand?post=1851"},{"taxonomy":"product_cat","embeddable":true,"href":"https:\/\/www.hydraulic-cylinders.net\/et\/wp-json\/wp\/v2\/product_cat?post=1851"},{"taxonomy":"product_tag","embeddable":true,"href":"https:\/\/www.hydraulic-cylinders.net\/et\/wp-json\/wp\/v2\/product_tag?post=1851"}],"curies":[{"name":"wp","href":"https:\/\/api.w.org\/{rel}","templated":true}]}}