{"id":1859,"date":"2023-10-18T02:17:53","date_gmt":"2023-10-18T02:17:53","guid":{"rendered":"https:\/\/hydraulic-cylinders.net\/?post_type=product&#038;p=1859"},"modified":"2025-04-15T05:42:38","modified_gmt":"2025-04-15T05:42:38","slug":"stacker-reclaimer-belt-tensioning-cylinder","status":"publish","type":"product","link":"https:\/\/www.hydraulic-cylinders.net\/et\/toode\/stacker-reclaimer-belt-tensioning-cylinder\/","title":{"rendered":"Virnastaja tagasiv\u00f5tmise rihma pingutussilinder"},"content":{"rendered":"<h1 style=\"text-align: center;\"><strong>Virnastaja tagasiv\u00f5tmise rihma pingutussilinder<\/strong><\/h1>\n<h1 style=\"text-align: center;\"><img loading=\"lazy\" decoding=\"async\" class=\"alignnone wp-image-1860\" src=\"https:\/\/hydraulic-cylinders.net\/wp-content\/uploads\/2023\/10\/belt-tensioning-cylinder-1-300x300.webp\" alt=\"\" width=\"400\" height=\"400\" \/><\/h1>\n<p>Virnastaja lindi pingutussilinder on materjalik\u00e4itlustoimingutes kasutatavate konveieris\u00fcsteemide kriitiline komponent. Sellel on oluline roll konveierilindi \u00f5ige pinge ja joondamise s\u00e4ilitamisel, tagades puistematerjalide t\u00f5husa ja usaldusv\u00e4\u00e4rse transpordi. See spetsiaalne h\u00fcdrauliline silinder pakub erakordset j\u00f5udlust ja vastupidavust, v\u00f5imaldades operaatoritel optimeerida konveieri j\u00f5udlust ja pikendada konveierilindi eluiga.<\/p>\n<p>Virnastaja lindi pingutussilinder on konveieris\u00fcsteemide oluline komponent, mis pakub t\u00e4pset pinge juhtimist, vastupidavat konstruktsiooni ja usaldusv\u00e4\u00e4rset lindi joondust. Oma v\u00f5imega optimeerida pinget ja s\u00e4ilitada \u00f5iget lindi joondust parandab see konveieri j\u00f5udlust, minimeerib seisakuid ja pikendab konveierilindi eluiga. Soovitatavate kasutusmeetodite j\u00e4rgimise ja regulaarsete hooldustavade rakendamise abil saavad ettev\u00f5tted maksimeerida oma konveieris\u00fcsteemide j\u00f5udlust, pikaealisust ja t\u00f6\u00f6kindlust. Virnastaja lindi pingutussilinder on v\u00e4\u00e4rtuslik investeering materjalik\u00e4itlustoimingutesse, mis annab operaatoritele v\u00f5imaluse saavutada d\u00fcnaamilistes ja n\u00f5udlikes materjalik\u00e4itluskeskkondades optimaalne efektiivsus, t\u00e4psus ja tootlikkus.<\/p>\n<p>Virnastaja taaskasutusrihma pingutussilindri peamised omadused:<\/p>\n<ul>\n<li>T\u00e4pne pinge reguleerimine: Lindi pingutussilinder tagab konveierilindile rakendatava pinge t\u00e4pse juhtimise. See funktsioon v\u00f5imaldab operaatoritel pinget vastavalt transporditava materjali erin\u00f5uetele reguleerida, tagades optimaalse j\u00f5udluse ja hoides \u00e4ra lindi libisemise v\u00f5i kahjustumise.<\/li>\n<li>Vastupidav konstruktsioon: Kvaliteetsetest materjalidest ja vastupidava konstruktsiooniga rihma pingutussilinder on loodud vastu pidama materjalik\u00e4itluse n\u00f5udlikele tingimustele. Selle vastupidav konstruktsioon tagab usaldusv\u00e4\u00e4rse j\u00f5udluse isegi raskete koormuste, vibratsiooni ja karmide keskkondade korral.<\/li>\n<li>Usaldusv\u00e4\u00e4rne rihma joondamine: Silindri konstruktsioon h\u00f5lbustab rihma \u00fchtlast ja t\u00e4pset joondamist. \u00d5ige pinge s\u00e4ilitamine aitab v\u00e4ltida rihma joondamist ja v\u00e4hendab materjali lekke ohtu, minimeerides seisakuid ja parandades t\u00f6\u00f6 efektiivsust.<\/li>\n<\/ul>\n<h2><strong>Virnastaja tagasit\u00f5mbamise j\u00e4litusmasina sammu silindri parameeter:<\/strong><\/h2>\n<table border=\"1\" cellspacing=\"0\" cellpadding=\"0\">\n<tbody>\n<tr>\n<td>Toote nimi<\/td>\n<td>Virnastaja tagasiv\u00f5tmise rihma pingutussilinder<\/td>\n<\/tr>\n<tr>\n<td>Omadused:<\/td>\n<td>Arvestage rihma pinge ja l\u00f5tkuga<\/td>\n<\/tr>\n<tr>\n<td>Ava l\u00e4bim\u00f5\u00f5t:<\/td>\n<td>80 mm\uff5e180 m<\/td>\n<\/tr>\n<tr>\n<td>Varda l\u00e4bim\u00f5\u00f5t:<\/td>\n<td>45 mm\uff5e120 mm<br \/>\nK\u00e4ik 500 mm\uff5e1500 mm<\/td>\n<\/tr>\n<tr>\n<td>R\u00f5hk:<\/td>\n<td>kuni 35 MPa<\/td>\n<\/tr>\n<tr>\n<td>Rakendused:<\/td>\n<td>Virnastaja tagasin\u00f5udja<\/td>\n<\/tr>\n<\/tbody>\n<\/table>\n<h2><strong>Virnastaja tagasit\u00f5mbamissilindri rakendus:<\/strong><\/h2>\n<p><img loading=\"lazy\" decoding=\"async\" class=\"alignnone wp-image-1854 size-full\" src=\"https:\/\/hydraulic-cylinders.net\/wp-content\/uploads\/2023\/10\/stacker-reclaimer-cylinder-1.webp\" alt=\"\" width=\"494\" height=\"330\" srcset=\"https:\/\/hydraulic-cylinders.net\/wp-content\/uploads\/2023\/10\/stacker-reclaimer-cylinder-1.webp 494w, https:\/\/hydraulic-cylinders.net\/wp-content\/uploads\/2023\/10\/stacker-reclaimer-cylinder-1-480x321.webp 480w\" sizes=\"(min-width: 0px) and (max-width: 480px) 480px, (min-width: 481px) 494px, 100vw\" \/><\/p>\n<h2><strong>Virnastaja tagasit\u00f5mbamise silindri kasutusmeetod<\/strong><strong>:<\/strong><\/h2>\n<p>Pingutuse reguleerimine: Virnastaja taaskasutusrihma pingutussilindri t\u00f5husaks kasutamiseks j\u00e4rgige neid samme:<\/p>\n<p>a. L\u00fclitage konveierit k\u00e4itav h\u00fcdraulikas\u00fcsteem sisse ja veenduge, et h\u00fcdrauliline r\u00f5hk oleks soovituslikus t\u00f6\u00f6vahemikus.<br \/>\nb. Konveierilindile rakendatava pinge suurendamiseks v\u00f5i v\u00e4hendamiseks kasutage kaasasolevat juhtimisliidest v\u00f5i reguleerimismehhanismi.<br \/>\nc. J\u00e4lgige rihma j\u00f5udlust ja reguleerige pinget, et s\u00e4ilitada optimaalne joondus ning v\u00e4ltida libisemist v\u00f5i kahjustusi.<\/p>\n<h2><strong>Kui palju maksab h\u00fcdraulilise silindri remont?<\/strong><\/h2>\n<p>H\u00fcdrosilindri remondikulud v\u00f5ivad varieeruda s\u00f5ltuvalt mitmest tegurist, sealhulgas kahjustuse v\u00f5i kulumise ulatusest, silindri suurusest, varuosade k\u00e4ttesaadavusest ja t\u00f6\u00f6j\u00f5ukuludest. H\u00fcdrosilindri remont h\u00f5lmab tavaliselt silindri lahtiv\u00f5tmist, kahjustatud komponentide kontrollimist ja parandamist v\u00f5i asendamist ning silindri uuesti sulgemist ja kokkupanekut selle funktsionaalsuse taastamiseks.<\/p>\n<p>Siin on m\u00f5ned tegurid, mis v\u00f5ivad m\u00f5jutada h\u00fcdraulilise silindri remondi maksumust:<\/p>\n<ol>\n<li><strong>Kahjustused v\u00f5i kulumine:<\/strong> Silindri kahjustuse v\u00f5i kulumise ulatus v\u00f5ib kulusid m\u00f5jutada. V\u00e4iksemad remondit\u00f6\u00f6d v\u00f5i tihendite vahetamine v\u00f5ivad olla odavamad kui suurte komponentide, n\u00e4iteks kolvi, varda v\u00f5i silindri, parandamine v\u00f5i vahetamine.<\/li>\n<li><strong>Varuosad:<\/strong> Remondiks vajalike varuosade k\u00e4ttesaadavus ja hind v\u00f5ivad varieeruda. M\u00f5ne silindri osad v\u00f5ivad olla kergesti k\u00e4ttesaadavad ja taskukohased, samas kui teised v\u00f5ivad vajada kohandatud v\u00f5i spetsiaalseid komponente, mis v\u00f5ib kulusid suurendada.<\/li>\n<li><strong>Silindri suurus:<\/strong> Suuremate balloonide remont v\u00f5ib n\u00f5uda rohkem aega ja vaeva, mis m\u00f5jutab \u00fcldkulusid.<\/li>\n<li><strong>T\u00f6\u00f6j\u00f5ukulud:<\/strong> T\u00f6\u00f6j\u00f5ukulud v\u00f5ivad varieeruda s\u00f5ltuvalt remondi keerukusest, vajalikust oskuste tasemest ja teenusepakkuja asukohast. T\u00f6\u00f6j\u00f5ukulud v\u00f5ivad h\u00f5lmata lahtiv\u00f5tmist, kontrollimist, puhastamist, komponentide parandamist v\u00f5i asendamist, uuesti tihendamist ja uuesti kokkupanekut.<\/li>\n<li><strong>Lisateenused:<\/strong> Kui on vaja muid teenuseid, n\u00e4iteks mehaaniline t\u00f6\u00f6tlemine, keevitamine v\u00f5i hoonimine, v\u00f5ivad need remondi kogumaksumust suurendada.<\/li>\n<\/ol>\n<h2><strong>Tehase v\u00f5imekus ja suutlikkus:<\/strong><\/h2>\n<h3>(1) Kokkupanek<\/h3>\n<p>Meil on esmaklassiline s\u00f5ltumatu teadus- ja arendustegevuse montaa\u017eiplatvorm. H\u00fcdrosilindrite tootmist\u00f6\u00f6kojas on neli poolautomaatset t\u00f5stesilindrite koosteliini ja \u00fcks automaatne kallutussilindrite koosteliin, mille kavandatud aastane tootmisv\u00f5imsus on 1 miljon t\u00fckki. Spetsiaalsete silindrite t\u00f6\u00f6koda on varustatud erinevate spetsifikatsioonidega poolautomaatse puhastusmontaa\u017eis\u00fcsteemiga, mille kavandatud aastane tootmisv\u00f5imsus on 200 000 ja mis on varustatud kuulsate CNC-t\u00f6\u00f6tlemisseadmete, mehaanilise t\u00f6\u00f6tlemise keskuse, suure t\u00e4psusega silindrite t\u00f6\u00f6tlemise eriseadmete, robotkeevitusmasina, automaatse puhastusmasina, automaatse silindri kokkupanemise masina ja automaatse v\u00e4rvimise tootmisliiniga. Olemasolevad kriitilised seadmed rohkem kui 300 komplekti (komplekti). Seadmete ressursside optimaalne jaotamine ja t\u00f5hus kasutamine tagavad toodete t\u00e4psusn\u00f5uded ja vastavad toodete kvaliteedin\u00f5uetele.<\/p>\n<p><img loading=\"lazy\" decoding=\"async\" class=\"alignnone wp-image-626\" src=\"https:\/\/hydraulic-cylinders.net\/wp-content\/uploads\/2023\/08\/hydraulic-cylinder-product-1-300x158.webp\" alt=\"\" width=\"495\" height=\"260\" srcset=\"https:\/\/hydraulic-cylinders.net\/wp-content\/uploads\/2023\/08\/hydraulic-cylinder-product-1-300x158.webp 495w, https:\/\/hydraulic-cylinders.net\/wp-content\/uploads\/2023\/08\/hydraulic-cylinder-product-1-480x252.webp 480w\" sizes=\"(min-width: 0px) and (max-width: 480px) 480px, (min-width: 481px) 495px, 100vw\" \/> <img loading=\"lazy\" decoding=\"async\" class=\"alignnone wp-image-627\" src=\"https:\/\/hydraulic-cylinders.net\/wp-content\/uploads\/2023\/08\/hydraulic-cylinder-product-2-300x189.webp\" alt=\"\" width=\"413\" height=\"260\" \/><\/p>\n<h3>(2) T\u00f6\u00f6tlemine<\/h3>\n<p>T\u00f6\u00f6deldav t\u00f6\u00f6koda on varustatud kohandatud kallutatud r\u00f6\u00f6pse treipingi keskuse, mehaanilise keskuse, kiire lihvimismasina, keevitusroboti ja muude seotud seadmetega, mis suudavad t\u00f6\u00f6delda silindritorusid, mille maksimaalne sisel\u00e4bim\u00f5\u00f5t on 400 mm ja maksimaalne pikkus on 6 meetrit.<\/p>\n<p><img loading=\"lazy\" decoding=\"async\" class=\"alignnone wp-image-628 size-large\" src=\"https:\/\/hydraulic-cylinders.net\/wp-content\/uploads\/2023\/08\/hydraulic-cylinder-product-3-1024x391.webp\" alt=\"\" width=\"1024\" height=\"391\" srcset=\"https:\/\/hydraulic-cylinders.net\/wp-content\/uploads\/2023\/08\/hydraulic-cylinder-product-3-980x374.webp 980w, https:\/\/hydraulic-cylinders.net\/wp-content\/uploads\/2023\/08\/hydraulic-cylinder-product-3-480x183.webp 480w\" sizes=\"(min-width: 0px) and (max-width: 480px) 480px, (min-width: 481px) and (max-width: 980px) 980px, (min-width: 981px) 1024px, 100vw\" \/><\/p>\n<h3>(3) Keevitamine<\/h3>\n<p><img loading=\"lazy\" decoding=\"async\" class=\"alignnone wp-image-629 size-large\" src=\"https:\/\/hydraulic-cylinders.net\/wp-content\/uploads\/2023\/08\/hydraulic-cylinder-product-4-1024x510.webp\" alt=\"\" width=\"1024\" height=\"510\" srcset=\"https:\/\/hydraulic-cylinders.net\/wp-content\/uploads\/2023\/08\/hydraulic-cylinder-product-4-980x488.webp 980w, https:\/\/hydraulic-cylinders.net\/wp-content\/uploads\/2023\/08\/hydraulic-cylinder-product-4-480x239.webp 480w\" sizes=\"(min-width: 0px) and (max-width: 480px) 480px, (min-width: 481px) and (max-width: 980px) 980px, (min-width: 981px) 1024px, 100vw\" \/><\/p>\n<h3>(4) V\u00e4rvimine ja katmine<\/h3>\n<p>V\u00e4ikese ja keskmise suurusega silindri automaatse veep\u00f5hise v\u00e4rvipinnakattega liinide abil, et saavutada automaatne robotlaadimine ja mahalaadimine ning automaatne pihustamine, projekteerimisv\u00f5imsus 4000 t\u00fckki vahetuse kohta;<br \/>\nMeil on ka poolautomaatne suurte balloonide v\u00e4rvimise tootmisliin, mis t\u00f6\u00f6tab j\u00f5ukettaga ja mille projekteerimisv\u00f5imsus on 60 kasti \u00fche vahetuse kohta.<\/p>\n<p><img loading=\"lazy\" decoding=\"async\" class=\"alignnone wp-image-630\" src=\"https:\/\/hydraulic-cylinders.net\/wp-content\/uploads\/2023\/08\/hydraulic-cylinder-product-5-300x213.webp\" alt=\"\" width=\"366\" height=\"260\" \/> <img loading=\"lazy\" decoding=\"async\" class=\"alignnone wp-image-631\" src=\"https:\/\/hydraulic-cylinders.net\/wp-content\/uploads\/2023\/08\/hydraulic-cylinder-product-6-300x225.webp\" alt=\"\" width=\"347\" height=\"260\" \/><\/p>\n<h3>(5) Testimine<\/h3>\n<p>Meil on esmaklassilised kontrolliseadmed ja katsestendid, et tagada silindri j\u00f5udlus vastavus n\u00f5uetele.<\/p>\n<p><img loading=\"lazy\" decoding=\"async\" class=\"alignnone wp-image-632\" src=\"https:\/\/hydraulic-cylinders.net\/wp-content\/uploads\/2023\/08\/hydraulic-cylinder-product-8-300x200.webp\" alt=\"\" width=\"389\" height=\"260\" \/><\/p>\n<p>&nbsp;<\/p>\n<p>&nbsp;<\/p>\n<p>Oleme \u00fcks parimaid h\u00fcdrosilindrite tootjaid. Pakume laia valikut h\u00fcdrosilindreid. Pakume ka vastavaid... <a href=\"https:\/\/hzpt.com\/agricultural-pto-gearbox\/\" target=\"_blank\" rel=\"noopener\">p\u00f5llumajanduslikud k\u00e4igukastid<\/a>. Oleme eksportinud oma tooteid klientidele \u00fcle maailma ja teeninud hea maine t\u00e4nu meie suurep\u00e4rasele tootekvaliteedile ja m\u00fc\u00fcgij\u00e4rgsele teenindusele. Me tervitame kliente kodus ja v\u00e4lismaal, et v\u00f5tta meiega \u00fchendust, et pidada l\u00e4bir\u00e4\u00e4kimisi \u00e4ri, vahetada teavet ja <a href=\"https:\/\/www.hydraulic-cylinders.net\/et\/contact-us\/\">teha meiega koost\u00f6\u00f6d<\/a>!<\/p>\n<p>&nbsp;<\/p>\n<p>&nbsp;<\/p>","protected":false},"excerpt":{"rendered":"<p>Stacker Reclaimer Belt Tensioning Cylinder The stacker reclaimer belt tensioning cylinder is a critical component in conveyor systems used in material handling operations. It plays a crucial role in maintaining proper tension and alignment of the conveyor belt, ensuring efficient and reliable transportation of bulk materials. This specialized hydraulic cylinder offers exceptional performance and durability, [&hellip;]<\/p>","protected":false},"featured_media":1861,"comment_status":"open","ping_status":"closed","template":"","meta":{"_et_pb_use_builder":"","_et_pb_old_content":"","_et_gb_content_width":""},"product_brand":[],"product_cat":[1549,1516,1552],"product_tag":[1380],"class_list":{"0":"post-1859","1":"product","2":"type-product","3":"status-publish","4":"has-post-thumbnail","6":"product_cat-single-acting-hydraulic-cylinder","7":"product_cat-stacker-reclaimer-hydraulic-cylinders","8":"product_cat-stainless-steel-hydraulic-cylinder","9":"product_tag-hydraulic-cylinder","11":"first","12":"instock","13":"shipping-taxable","14":"product-type-simple"},"amp_enabled":true,"_links":{"self":[{"href":"https:\/\/www.hydraulic-cylinders.net\/et\/wp-json\/wp\/v2\/product\/1859","targetHints":{"allow":["GET"]}}],"collection":[{"href":"https:\/\/www.hydraulic-cylinders.net\/et\/wp-json\/wp\/v2\/product"}],"about":[{"href":"https:\/\/www.hydraulic-cylinders.net\/et\/wp-json\/wp\/v2\/types\/product"}],"replies":[{"embeddable":true,"href":"https:\/\/www.hydraulic-cylinders.net\/et\/wp-json\/wp\/v2\/comments?post=1859"}],"wp:featuredmedia":[{"embeddable":true,"href":"https:\/\/www.hydraulic-cylinders.net\/et\/wp-json\/wp\/v2\/media\/1861"}],"wp:attachment":[{"href":"https:\/\/www.hydraulic-cylinders.net\/et\/wp-json\/wp\/v2\/media?parent=1859"}],"wp:term":[{"taxonomy":"product_brand","embeddable":true,"href":"https:\/\/www.hydraulic-cylinders.net\/et\/wp-json\/wp\/v2\/product_brand?post=1859"},{"taxonomy":"product_cat","embeddable":true,"href":"https:\/\/www.hydraulic-cylinders.net\/et\/wp-json\/wp\/v2\/product_cat?post=1859"},{"taxonomy":"product_tag","embeddable":true,"href":"https:\/\/www.hydraulic-cylinders.net\/et\/wp-json\/wp\/v2\/product_tag?post=1859"}],"curies":[{"name":"wp","href":"https:\/\/api.w.org\/{rel}","templated":true}]}}