{"id":1877,"date":"2023-10-18T07:57:51","date_gmt":"2023-10-18T07:57:51","guid":{"rendered":"https:\/\/hydraulic-cylinders.net\/?post_type=product&#038;p=1877"},"modified":"2025-04-11T03:43:31","modified_gmt":"2025-04-11T03:43:31","slug":"shield-machine-articulated-cylinder","status":"publish","type":"product","link":"https:\/\/www.hydraulic-cylinders.net\/et\/toode\/shield-machine-articulated-cylinder\/","title":{"rendered":"Kilpmasina liigendsilinder"},"content":{"rendered":"<h1 style=\"text-align: center;\"><strong>Kilpmasina liigendsilinder<\/strong><\/h1>\n<p><img loading=\"lazy\" decoding=\"async\" class=\"aligncenter wp-image-1878\" src=\"https:\/\/hydraulic-cylinders.net\/wp-content\/uploads\/2023\/10\/articulated-cylinder-1-300x300.webp\" alt=\"\" width=\"400\" height=\"400\" \/><\/p>\n<p>Kilpmasina liigendsilinder on tipptasemel h\u00fcdrauliline komponent, mis on spetsiaalselt loodud tunnelite ja maa-aluste ehitusprojektide kilpmasinate jaoks. Oma erakordse paindlikkuse, t\u00f6\u00f6kindluse ja t\u00f5hususega on see silinder \u00fclioluline sujuvate kaevet\u00f6\u00f6de tagamiseks. See artikkel k\u00e4sitleb selle t\u00e4helepanuv\u00e4\u00e4rse toote peamisi omadusi, kasutusviise ja hooldusnippe.<\/p>\n<p>Kilpmasina liigendsilindri abil on tunnelit\u00f6\u00f6 revolutsiooniline t\u00e4nu paindlikule liikumisulatuse, vastupidavale konstruktsioonile ja t\u00e4psele h\u00fcdraulilisele juhtimisele. Selle liigendkonstruktsioon v\u00f5imaldab erakordset kohanemisv\u00f5imet, man\u00f6\u00f6verdusv\u00f5imet ja efektiivsust, muutes selle edukate maa-aluste ehitusprojektide jaoks h\u00e4davajalikuks. Soovitatavate kasutusmeetodite j\u00e4rgimise ja regulaarsete hooldustavade rakendamisega tagab kilpmasina liigendsilindri j\u00e4tkuvalt erakordse j\u00f5udluse, tagades teie tunnelit\u00f6\u00f6de sujuva edenemise. Kogege kilpmasina liigendsilindri paindlikkust, efektiivsust ja t\u00f6\u00f6kindlust ning avage oma tunneliprojektide t\u00e4ielik potentsiaal.<\/p>\n<p>Kilpmasina liigendsilindri peamised omadused:<\/p>\n<ol>\n<li>Liigendkonstruktsioon: Kilpmasina liigendsilindril on uuenduslik liigendkonstruktsioon, mis v\u00f5imaldab tunnelit\u00f6\u00f6de ajal paremat man\u00f6\u00f6verdusv\u00f5imet ja kohanemisv\u00f5imet. Selle ainulaadne konstruktsioon v\u00f5imaldab kilpmasinal h\u00f5lpsalt navigeerida keerulisel maastikul, kitsastes kurvides ja erinevates tunnelijoondustes, tagades maksimaalse efektiivsuse ja projekti edu.<\/li>\n<li>Vastupidav konstruktsioon: Kvaliteetsetest materjalidest ja t\u00e4pse insenerit\u00f6\u00f6 abil valmistatud silinder on erakordselt vastupidav ja vastupidav maa-alustes ehitustingimustes esinevatele n\u00f5udlikele tingimustele. Selle vastupidav konstruktsioon tagab usaldusv\u00e4\u00e4rse j\u00f5udluse, pikaealisuse ja minimaalse seisakuaja isegi k\u00f5ige karmimates t\u00f6\u00f6keskkondades.<\/li>\n<li>Paindlik liikumisulatus: Liigendsilinder pakub laia liikumisulatust, v\u00f5imaldades kilbimasinal vastavalt vajadusele liikuda ja oma asendit reguleerida. See paindlikkus v\u00f5imaldab t\u00e4pset joondamist, t\u00f5husat kaevamist ja paremat tunnelirajamise t\u00e4psust, mille tulemuseks on projekti kiirem valmimine ja kulude v\u00e4henemine.<\/li>\n<li>H\u00fcdrauliline juhtimiss\u00fcsteem: T\u00e4iustatud h\u00fcdrauliliste juhtimiss\u00fcsteemidega varustatud kilpmasina liigendsilinder tagab liigendi liikumise t\u00e4pse ja tundliku juhtimise. See tagab sujuva t\u00f6\u00f6 ja v\u00f5imaldab operaatoritel s\u00e4ilitada kilpmasina \u00fcle optimaalse kontrolli, suurendades ohutust ja tootlikkust.<\/li>\n<\/ol>\n<h2><strong>Kilpmasina liigendsilindri parameeter:<\/strong><\/h2>\n<table border=\"1\" cellspacing=\"0\" cellpadding=\"0\">\n<tbody>\n<tr>\n<td>Toote nimi<\/td>\n<td>Kilpmasina liigendsilinder<\/td>\n<\/tr>\n<tr>\n<td>Omadused:<\/td>\n<td>Aktiivne liigendus: l\u00f5ikepea juhtimine\/koordineeritud t\u00f6\u00f6riistavahetus<br \/>\nPassiivne liigendus: lohista kilbi saba ettepoole<\/td>\n<\/tr>\n<tr>\n<td>Ava l\u00e4bim\u00f5\u00f5t:<\/td>\n<td>125 mm\uff5e550 mm<\/td>\n<\/tr>\n<tr>\n<td>Varda l\u00e4bim\u00f5\u00f5t:<\/td>\n<td>\u00a070 mm\uff5e370 mm<br \/>\nK\u00e4ik 140 mm\uff5e1200 mm<\/td>\n<\/tr>\n<tr>\n<td>R\u00f5hk:<\/td>\n<td>Kuni 35 MPa<\/td>\n<\/tr>\n<tr>\n<td>Rakendused:<\/td>\n<td>Kilpmasin, tunnelipuurimismasinad<\/td>\n<\/tr>\n<\/tbody>\n<\/table>\n<h2><strong>Kilpmasina t\u00f5ukesilindri rakendus:<\/strong><\/h2>\n<p><img loading=\"lazy\" decoding=\"async\" class=\"alignnone wp-image-1875 size-full\" src=\"https:\/\/hydraulic-cylinders.net\/wp-content\/uploads\/2023\/10\/harsh-corrosive-cylinder-1.webp\" alt=\"\" width=\"1418\" height=\"946\" srcset=\"https:\/\/hydraulic-cylinders.net\/wp-content\/uploads\/2023\/10\/harsh-corrosive-cylinder-1.webp 1418w, https:\/\/hydraulic-cylinders.net\/wp-content\/uploads\/2023\/10\/harsh-corrosive-cylinder-1-1280x854.webp 1280w, https:\/\/hydraulic-cylinders.net\/wp-content\/uploads\/2023\/10\/harsh-corrosive-cylinder-1-980x654.webp 980w, https:\/\/hydraulic-cylinders.net\/wp-content\/uploads\/2023\/10\/harsh-corrosive-cylinder-1-480x320.webp 480w\" sizes=\"(min-width: 0px) and (max-width: 480px) 480px, (min-width: 481px) and (max-width: 980px) 980px, (min-width: 981px) and (max-width: 1280px) 1280px, (min-width: 1281px) 1418px, 100vw\" \/><\/p>\n<h2><strong>Kilpmasina liigendsilindri kasutusmeetod<\/strong><strong>:<\/strong><\/h2>\n<ul>\n<li><strong>Paigaldamiseelne hindamine:<\/strong>\u00a0 Enne kilbiga masina liigendsilindri paigaldamist hinnake projekti n\u00f5udeid, sealhulgas tunneli m\u00f5\u00f5tmeid, joonduspiiranguid ja pinnasetingimusi. See hindamine aitab m\u00e4\u00e4rata optimaalse j\u00f5udluse saavutamiseks sobivad silindri spetsifikatsioonid ja konfiguratsiooni.<\/li>\n<li><strong>Paigaldamine ja integreerimine:<\/strong> Eduka installimise jaoks j\u00e4rgige neid samme:\n<ul>\n<li>Paigaldage liigendsilinder kindlalt kilbimasinale, tagades tootja juhiste kohaselt \u00f5ige joonduse ja stabiilsuse.<\/li>\n<li>\u00dchendage h\u00fcdraulikavoolikud silindriga, tagades tihedad ja lekkevabad \u00fchendused. Kontrollige \u00fchilduvust h\u00fcdraulikas\u00fcsteemiga ja kasutage sobivaid liitmikke ja voolikuid.<\/li>\n<\/ul>\n<\/li>\n<li><strong>H\u00fcdraulikas\u00fcsteemi seadistamine:<\/strong> Integreerige silinder kilbimasina h\u00fcdros\u00fcsteemi, \u00fchendades selle usaldusv\u00e4\u00e4rse toiteallika ja juhtimismehhanismiga. H\u00fcdraulikas\u00fcsteemi \u00f5ige seadistamine ja kalibreerimine on optimaalse j\u00f5udluse ja ohutuse tagamiseks \u00fclioluline.<\/li>\n<li><strong>Operatiivne kontroll:<\/strong> Tutvuge liigendsilindri juhtimismehhanismiga. Saage aru juhtimissisendite ja nende vastavate m\u00f5jude kohta silindri liikumisulatusele. Harjutage juhtimiss\u00fcsteemi kasutamist, et tagada sujuv ja t\u00e4pne liigend tunnelit\u00f6\u00f6de ajal.<\/li>\n<\/ul>\n<h2><strong>Kuidas kalluri h\u00fcdrosilindrit \u00f5hutada?<\/strong><\/h2>\n<p><strong>1. samm: s\u00f5iduki ettevalmistamine ja ohutusabin\u00f5ud<\/strong><\/p>\n<ul>\n<li>Parkige kallur tasasele pinnale ja t\u00f5mmake peale seisupidur.<\/li>\n<li>H\u00fcdraulikas\u00fcsteemi tahtmatu aktiveerimise v\u00e4ltimiseks l\u00fclitage mootor v\u00e4lja ja eemaldage s\u00fc\u00fctev\u00f5ti.<\/li>\n<li>H\u00fcdraulilise vedeliku ja prahi eest kaitsmiseks kandke sobivaid isikukaitsevahendeid, n\u00e4iteks kindaid ja kaitseprille.<\/li>\n<\/ul>\n<p><strong>2. samm: Leidke \u00f5hutusventiil<\/strong><\/p>\n<ul>\n<li>Tuvastage \u00f5hutust vajav(ad) h\u00fcdrauliline(d) silinder(id). Need silindrid on tavaliselt \u00fchendatud kalluri t\u00f5stemehhanismiga.<\/li>\n<li>Leidke h\u00fcdrosilindri(te)lt \u00f5hutusventiil(id). \u00d5hutusventiil on v\u00e4ike liitmik tolmukorgiga.<\/li>\n<\/ul>\n<p><strong>3. samm: valmistuge verejooksuks<\/strong><\/p>\n<ul>\n<li>Eemaldage \u00f5hutusventiililt tolmukork.<\/li>\n<li>Asetage \u00f5hutusventiili \u00fcmber kaltsud v\u00f5i r\u00e4tikud, et \u00f5hutamise ajal lekkiv h\u00fcdraulikavedelik kinni p\u00fc\u00fcda.<\/li>\n<\/ul>\n<p><strong>4. samm: Veritsemisprotsess<\/strong><\/p>\n<ul>\n<li>Teise isiku abiga, kes juhib kabiini sees olevaid juhtseadmeid, suhtleb ja koordineerib \u00f5hutusprotsessi.<\/li>\n<li>S\u00f5ltuvalt kalluri konfiguratsioonist andke juhtseadiseid kasutavale isikule juhised h\u00fcdros\u00fcsteemi aktiveerimiseks re\u017eiimis \u201elangetamine\u201c v\u00f5i \u201et\u00fchjendamine\u201c.<\/li>\n<li>Avage \u00f5hutusventiil, keerates seda vastup\u00e4eva. Ventiili avanedes eemaldatakse s\u00fcsteemist h\u00fcdraulikavedelik ja \u00f5humullid.<\/li>\n<li>Laske h\u00fcdraulikavedelikul v\u00e4lja voolata, kuni on n\u00e4ha \u00fchtlast juga, mis n\u00e4itab, et \u00f5hk on v\u00e4ljunud. Sulgege \u00f5hutusventiil, keerates seda p\u00e4rip\u00e4eva.<\/li>\n<\/ul>\n<p><strong>5. samm: korrake protsessi<\/strong><\/p>\n<ul>\n<li>Korrake \u00f5hutusprotsessi iga h\u00fcdrosilindri puhul, mis vajab \u00f5hutamist, j\u00e4rgides samu samme nagu eespool kirjeldatud.<\/li>\n<li>P\u00e4rast \u00f5hutamist veenduge, et iga \u00f5hutusventiil on tihedalt suletud, et v\u00e4ltida h\u00fcdraulikavedeliku leket.<\/li>\n<\/ul>\n<p><strong>6. samm: kontrollige vedeliku taset ja toimimist<\/strong><\/p>\n<ul>\n<li>Kontrollige kalluri reservuaaris oleva h\u00fcdraulikavedeliku taset. Vajadusel lisage vedelikku, j\u00e4rgides tootja juhiseid.<\/li>\n<li>K\u00e4ivitage mootor ja kasutage h\u00fcdraulikas\u00fcsteemi, et testida \u00f5hutatud silindrite t\u00f6\u00f6d. Veenduge, et need t\u00f5mbuvad sujuvalt sisse ja v\u00e4lja, ilma ebanormaalsete helide v\u00f5i j\u00f5udlusprobleemideta.<\/li>\n<\/ul>\n<h2><strong>Tehase v\u00f5imekus ja suutlikkus:<\/strong><\/h2>\n<h3>(1) Kokkupanek<\/h3>\n<p>Meil on esmaklassiline s\u00f5ltumatu teadus- ja arendustegevuse montaa\u017eiplatvorm. H\u00fcdrosilindrite tootmist\u00f6\u00f6kojas on neli poolautomaatset t\u00f5stesilindrite koosteliini ja \u00fcks automaatne kallutussilindrite koosteliin, mille kavandatud aastane tootmisv\u00f5imsus on 1 miljon t\u00fckki. Spetsiaalsete silindrite t\u00f6\u00f6koda on varustatud erinevate spetsifikatsioonidega poolautomaatse puhastusmontaa\u017eis\u00fcsteemiga, mille kavandatud aastane tootmisv\u00f5imsus on 200 000 ja mis on varustatud kuulsate CNC-t\u00f6\u00f6tlemisseadmete, mehaanilise t\u00f6\u00f6tlemise keskuse, suure t\u00e4psusega silindrite t\u00f6\u00f6tlemise eriseadmete, robotkeevitusmasina, automaatse puhastusmasina, automaatse silindri kokkupanemise masina ja automaatse v\u00e4rvimise tootmisliiniga. Olemasolevad kriitilised seadmed rohkem kui 300 komplekti (komplekti). Seadmete ressursside optimaalne jaotamine ja t\u00f5hus kasutamine tagavad toodete t\u00e4psusn\u00f5uded ja vastavad toodete kvaliteedin\u00f5uetele.<\/p>\n<p><img loading=\"lazy\" decoding=\"async\" class=\"alignnone wp-image-626\" src=\"https:\/\/hydraulic-cylinders.net\/wp-content\/uploads\/2023\/08\/hydraulic-cylinder-product-1-300x158.webp\" alt=\"\" width=\"495\" height=\"260\" srcset=\"https:\/\/hydraulic-cylinders.net\/wp-content\/uploads\/2023\/08\/hydraulic-cylinder-product-1-300x158.webp 495w, https:\/\/hydraulic-cylinders.net\/wp-content\/uploads\/2023\/08\/hydraulic-cylinder-product-1-480x252.webp 480w\" sizes=\"(min-width: 0px) and (max-width: 480px) 480px, (min-width: 481px) 495px, 100vw\" \/> <img loading=\"lazy\" decoding=\"async\" class=\"alignnone wp-image-627\" src=\"https:\/\/hydraulic-cylinders.net\/wp-content\/uploads\/2023\/08\/hydraulic-cylinder-product-2-300x189.webp\" alt=\"\" width=\"413\" height=\"260\" \/><\/p>\n<h3>(2) T\u00f6\u00f6tlemine<\/h3>\n<p>T\u00f6\u00f6deldav t\u00f6\u00f6koda on varustatud kohandatud kallutatud r\u00f6\u00f6pse treipingi keskuse, mehaanilise keskuse, kiire lihvimismasina, keevitusroboti ja muude seotud seadmetega, mis suudavad t\u00f6\u00f6delda silindritorusid, mille maksimaalne sisel\u00e4bim\u00f5\u00f5t on 400 mm ja maksimaalne pikkus on 6 meetrit.<\/p>\n<p><img loading=\"lazy\" decoding=\"async\" class=\"alignnone wp-image-628 size-large\" src=\"https:\/\/hydraulic-cylinders.net\/wp-content\/uploads\/2023\/08\/hydraulic-cylinder-product-3-1024x391.webp\" alt=\"\" width=\"1024\" height=\"391\" srcset=\"https:\/\/hydraulic-cylinders.net\/wp-content\/uploads\/2023\/08\/hydraulic-cylinder-product-3-980x374.webp 980w, https:\/\/hydraulic-cylinders.net\/wp-content\/uploads\/2023\/08\/hydraulic-cylinder-product-3-480x183.webp 480w\" sizes=\"(min-width: 0px) and (max-width: 480px) 480px, (min-width: 481px) and (max-width: 980px) 980px, (min-width: 981px) 1024px, 100vw\" \/><\/p>\n<h3>(3) Keevitamine<\/h3>\n<p><img loading=\"lazy\" decoding=\"async\" class=\"alignnone wp-image-629 size-large\" src=\"https:\/\/hydraulic-cylinders.net\/wp-content\/uploads\/2023\/08\/hydraulic-cylinder-product-4-1024x510.webp\" alt=\"\" width=\"1024\" height=\"510\" srcset=\"https:\/\/hydraulic-cylinders.net\/wp-content\/uploads\/2023\/08\/hydraulic-cylinder-product-4-980x488.webp 980w, https:\/\/hydraulic-cylinders.net\/wp-content\/uploads\/2023\/08\/hydraulic-cylinder-product-4-480x239.webp 480w\" sizes=\"(min-width: 0px) and (max-width: 480px) 480px, (min-width: 481px) and (max-width: 980px) 980px, (min-width: 981px) 1024px, 100vw\" \/><\/p>\n<h3>(4) V\u00e4rvimine ja katmine<\/h3>\n<p>V\u00e4ikese ja keskmise suurusega silindri automaatse veep\u00f5hise v\u00e4rvipinnakattega liinide abil, et saavutada automaatne robotlaadimine ja mahalaadimine ning automaatne pihustamine, projekteerimisv\u00f5imsus 4000 t\u00fckki vahetuse kohta;<br \/>\nMeil on ka poolautomaatne suurte balloonide v\u00e4rvimise tootmisliin, mis t\u00f6\u00f6tab j\u00f5ukettaga ja mille projekteerimisv\u00f5imsus on 60 kasti \u00fche vahetuse kohta.<\/p>\n<p><img loading=\"lazy\" decoding=\"async\" class=\"alignnone wp-image-630\" src=\"https:\/\/hydraulic-cylinders.net\/wp-content\/uploads\/2023\/08\/hydraulic-cylinder-product-5-300x213.webp\" alt=\"\" width=\"366\" height=\"260\" \/> <img loading=\"lazy\" decoding=\"async\" class=\"alignnone wp-image-631\" src=\"https:\/\/hydraulic-cylinders.net\/wp-content\/uploads\/2023\/08\/hydraulic-cylinder-product-6-300x225.webp\" alt=\"\" width=\"347\" height=\"260\" \/><\/p>\n<h3>(5) Testimine<\/h3>\n<p>Meil on esmaklassilised kontrolliseadmed ja katsestendid, et tagada silindri j\u00f5udlus vastavus n\u00f5uetele.<\/p>\n<p><img loading=\"lazy\" decoding=\"async\" class=\"alignnone wp-image-632\" src=\"https:\/\/hydraulic-cylinders.net\/wp-content\/uploads\/2023\/08\/hydraulic-cylinder-product-8-300x200.webp\" alt=\"\" width=\"389\" height=\"260\" \/><\/p>\n<p>&nbsp;<\/p>\n<p>&nbsp;<\/p>\n<p>Oleme \u00fcks parimaid h\u00fcdrosilindrite tootjaid. Pakume laia valikut h\u00fcdrosilindreid. Pakume ka vastavaid... <a href=\"https:\/\/hzpt.com\/agricultural-pto-gearbox\/\" target=\"_blank\" rel=\"noopener\">p\u00f5llumajanduslikud k\u00e4igukastid<\/a>. Oleme eksportinud oma tooteid klientidele \u00fcle maailma ja teeninud hea maine t\u00e4nu meie suurep\u00e4rasele tootekvaliteedile ja m\u00fc\u00fcgij\u00e4rgsele teenindusele. Me tervitame kliente kodus ja v\u00e4lismaal, et v\u00f5tta meiega \u00fchendust, et pidada l\u00e4bir\u00e4\u00e4kimisi \u00e4ri, vahetada teavet ja <a href=\"https:\/\/www.hydraulic-cylinders.net\/et\/contact-us\/\">teha meiega koost\u00f6\u00f6d<\/a>!<\/p>\n<p>&nbsp;<\/p>","protected":false},"excerpt":{"rendered":"<p>Shield Machine Articulated Cylinder The shield machine articulated cylinder is a cutting-edge hydraulic component specifically designed for shield machines used in tunneling and underground construction projects. With its exceptional flexibility, reliability, and efficiency, this cylinder is vital in ensuring smooth excavation operations. This article will delve into the key characteristics, usage methods, and maintenance tips [&hellip;]<\/p>","protected":false},"featured_media":1881,"comment_status":"open","ping_status":"closed","template":"","meta":{"_et_pb_use_builder":"","_et_pb_old_content":"","_et_gb_content_width":""},"product_brand":[],"product_cat":[1550,1519],"product_tag":[1380],"class_list":{"0":"post-1877","1":"product","2":"type-product","3":"status-publish","4":"has-post-thumbnail","6":"product_cat-double-acting-hydraulic-cylinder","7":"product_cat-shield-machine-hydraulic-cylinders","8":"product_tag-hydraulic-cylinder","10":"first","11":"instock","12":"shipping-taxable","13":"product-type-simple"},"amp_enabled":true,"_links":{"self":[{"href":"https:\/\/www.hydraulic-cylinders.net\/et\/wp-json\/wp\/v2\/product\/1877","targetHints":{"allow":["GET"]}}],"collection":[{"href":"https:\/\/www.hydraulic-cylinders.net\/et\/wp-json\/wp\/v2\/product"}],"about":[{"href":"https:\/\/www.hydraulic-cylinders.net\/et\/wp-json\/wp\/v2\/types\/product"}],"replies":[{"embeddable":true,"href":"https:\/\/www.hydraulic-cylinders.net\/et\/wp-json\/wp\/v2\/comments?post=1877"}],"wp:featuredmedia":[{"embeddable":true,"href":"https:\/\/www.hydraulic-cylinders.net\/et\/wp-json\/wp\/v2\/media\/1881"}],"wp:attachment":[{"href":"https:\/\/www.hydraulic-cylinders.net\/et\/wp-json\/wp\/v2\/media?parent=1877"}],"wp:term":[{"taxonomy":"product_brand","embeddable":true,"href":"https:\/\/www.hydraulic-cylinders.net\/et\/wp-json\/wp\/v2\/product_brand?post=1877"},{"taxonomy":"product_cat","embeddable":true,"href":"https:\/\/www.hydraulic-cylinders.net\/et\/wp-json\/wp\/v2\/product_cat?post=1877"},{"taxonomy":"product_tag","embeddable":true,"href":"https:\/\/www.hydraulic-cylinders.net\/et\/wp-json\/wp\/v2\/product_tag?post=1877"}],"curies":[{"name":"wp","href":"https:\/\/api.w.org\/{rel}","templated":true}]}}