{"id":1882,"date":"2023-10-18T08:18:09","date_gmt":"2023-10-18T08:18:09","guid":{"rendered":"https:\/\/hydraulic-cylinders.net\/?post_type=product&#038;p=1882"},"modified":"2025-04-11T02:52:07","modified_gmt":"2025-04-11T02:52:07","slug":"shield-machine-assembly-lifting-cylinder","status":"publish","type":"product","link":"https:\/\/www.hydraulic-cylinders.net\/et\/toode\/shield-machine-assembly-lifting-cylinder\/","title":{"rendered":"Kilbi masina komplekti t\u00f5stesilinder"},"content":{"rendered":"<h1 style=\"text-align: center;\"><strong>Kilbi masina komplekti t\u00f5stesilinder<\/strong><\/h1>\n<p><img loading=\"lazy\" decoding=\"async\" class=\"aligncenter wp-image-1884\" src=\"https:\/\/hydraulic-cylinders.net\/wp-content\/uploads\/2023\/10\/assembly-lifting-cylinder-1-300x300.webp\" alt=\"\" width=\"400\" height=\"400\" \/><\/p>\n<p>Kilpmasina montaa\u017ei t\u00f5stesilinder on t\u00e4iustatud h\u00fcdrauliline komponent, mis on spetsiaalselt loodud tunneliehitusprojektides kasutatavate kilpmasinate jaoks. See silinder tagab oma erakordse t\u00f5stev\u00f5ime, t\u00f6\u00f6kindluse ja t\u00e4psusega t\u00f5husa ja t\u00e4pse montaa\u017ei. See artikkel uurib selle t\u00e4helepanuv\u00e4\u00e4rse toote peamisi omadusi, kasutusmeetodeid ja hooldusjuhiseid.<\/p>\n<p>Kilpmasina montaa\u017ei t\u00f5stesilinder on usaldusv\u00e4\u00e4rne ja vastupidav h\u00fcdrauliline komponent, mis muudab tunneliehituse montaa\u017eiprotsessi revolutsiooniliselt. Oma erakordse t\u00f5stev\u00f5ime, t\u00e4pse juhtimise ja vastupidavusega suurendab see silinder efektiivsust ja t\u00e4psust, l\u00fchendades projekti ajakava ja parandades tootlikkust. Soovitatavate kasutusmeetodite ja regulaarsete hooldustavade j\u00e4rgimisel pakub kilpmasina montaa\u017ei t\u00f5stesilinder j\u00e4tkuvalt suurep\u00e4rast j\u00f5udlust, tagades sujuva montaa\u017ei ja eduka tunneliehituse. T\u00f5stke oma ehitusprojektide taset kilpmasina montaa\u017ei t\u00f5stesilindri efektiivsuse ja t\u00e4psusega.<\/p>\n<p>Kilpmasina liigendsilindri peamised omadused:<\/p>\n<ul>\n<li>V\u00f5imas t\u00f5stev\u00f5ime: Kilbimasinate komplekti t\u00f5stesilindril on vastupidav konstruktsioon, mis v\u00f5imaldab sellel raskeid koormaid h\u00f5lpsalt k\u00e4sitseda. Oma suure t\u00f5stev\u00f5imega h\u00f5lbustab see silinder kilpmasinate komponentide sujuvat ja t\u00f5husat kokkupanekut, v\u00e4hendades ehitusaega ja suurendades tootlikkust.<\/li>\n<li>T\u00e4pne juhtimine: T\u00e4iustatud h\u00fcdrauliliste juhtimiss\u00fcsteemidega varustatud silinder tagab t\u00f5steoperatsiooni t\u00e4pse ja tundliku juhtimise. Operaatorid saavad t\u00f5stekiirust ja -asendit t\u00e4pselt reguleerida, tagades optimaalse joonduse ja minimeerides vigade ohtu montaa\u017eiprotsessi ajal.<\/li>\n<li>Vastupidavus ja t\u00f6\u00f6kindlus: Kvaliteetsetest materjalidest valmistatud ja tunneliehituses esinevatele n\u00f5udlikele tingimustele vastu pidama loodud kilpmasina t\u00f5stesilinder on erakordselt vastupidav ja t\u00f6\u00f6kindel. Selle vastupidav konstruktsioon tagab pikaajalise j\u00f5udluse, minimeerides seisakuid ja hoolduskulusid.<\/li>\n<li>Ohutusfunktsioonid: Balloonil on ohutusfunktsioonid, mis seavad esikohale operaatorite ja \u00fcmbritseva keskkonna heaolu. Nende funktsioonide hulka v\u00f5ivad kuuluda \u00fclekoormuskaitse mehhanismid, avariiseiskamisfunktsioon ja rikkekindlad s\u00fcsteemid \u00f5nnetuste v\u00e4ltimiseks ja ohutute t\u00f5stetoimingute tagamiseks.<\/li>\n<\/ul>\n<h2><strong>Kilpmasina liigendsilindri parameeter:<\/strong><\/h2>\n<table border=\"1\" cellspacing=\"0\" cellpadding=\"0\">\n<tbody>\n<tr>\n<td>Toote nimi<\/td>\n<td>Kilpmasina liigendsilinder<\/td>\n<\/tr>\n<tr>\n<td>Omadused:<\/td>\n<td>Aktiivne liigendus: l\u00f5ikepea juhtimine\/koordineeritud t\u00f6\u00f6riistavahetus<br \/>\nPassiivne liigendus: lohista kilbi saba ettepoole<\/td>\n<\/tr>\n<tr>\n<td>Ava l\u00e4bim\u00f5\u00f5t:<\/td>\n<td>125 mm\uff5e550 mm<\/td>\n<\/tr>\n<tr>\n<td>Varda l\u00e4bim\u00f5\u00f5t:<\/td>\n<td>\u00a070 mm\uff5e370 mm<br \/>\nK\u00e4ik 140 mm\uff5e1200 mm<\/td>\n<\/tr>\n<tr>\n<td>R\u00f5hk:<\/td>\n<td>Kuni 35 MPa<\/td>\n<\/tr>\n<tr>\n<td>Rakendused:<\/td>\n<td>Kilpmasin, tunnelipuurimismasinad<\/td>\n<\/tr>\n<\/tbody>\n<\/table>\n<h2><strong>Kilpmasina t\u00f5ukesilindri rakendus:<\/strong><\/h2>\n<p><img loading=\"lazy\" decoding=\"async\" class=\"alignnone wp-image-1875 size-full\" src=\"https:\/\/hydraulic-cylinders.net\/wp-content\/uploads\/2023\/10\/harsh-corrosive-cylinder-1.webp\" alt=\"\" width=\"1418\" height=\"946\" srcset=\"https:\/\/hydraulic-cylinders.net\/wp-content\/uploads\/2023\/10\/harsh-corrosive-cylinder-1.webp 1418w, https:\/\/hydraulic-cylinders.net\/wp-content\/uploads\/2023\/10\/harsh-corrosive-cylinder-1-1280x854.webp 1280w, https:\/\/hydraulic-cylinders.net\/wp-content\/uploads\/2023\/10\/harsh-corrosive-cylinder-1-980x654.webp 980w, https:\/\/hydraulic-cylinders.net\/wp-content\/uploads\/2023\/10\/harsh-corrosive-cylinder-1-480x320.webp 480w\" sizes=\"(min-width: 0px) and (max-width: 480px) 480px, (min-width: 481px) and (max-width: 980px) 980px, (min-width: 981px) and (max-width: 1280px) 1280px, (min-width: 1281px) 1418px, 100vw\" \/><\/p>\n<h2><strong>Kilpmasina liigendsilindri kasutusmeetod<\/strong><strong>:<\/strong><\/h2>\n<ul>\n<li><strong>Monteerimiseelne planeerimine:<\/strong> Enne montaa\u017ei alustamist tehke p\u00f5hjalik kilpimasina komponentide, montaa\u017eij\u00e4rjekorra ja ohutusn\u00f5uete hindamine. Planeerige t\u00f5stepunktid ja m\u00e4\u00e4rake kilpmasina komplekti t\u00f5stesilindri sobiv asukoht optimaalse t\u00f5stet\u00f5hususe ja stabiilsuse tagamiseks.<\/li>\n<li><strong>Silindri paigaldamine:<\/strong>\u00a0 Paigaldage kilbi masina komplekti t\u00f5stesilinder ohutult kilbi masinale, tagades kindla kinnituse ja joonduse vastavalt tootja juhistele. Stabiilse \u00fchenduse tagamiseks kasutage sobivaid kinnitusvahendeid, n\u00e4iteks polte v\u00f5i kronsteine.<\/li>\n<li><strong>H\u00fcdraulikas\u00fcsteemi integreerimine:<\/strong> \u00dchendage silinder kilbiga masina h\u00fcdros\u00fcsteemiga, kasutades sobivaid voolikuid ja liitmikke. Veenduge, et \u00fchendused oleksid tihedad ja lekkevabad, et v\u00e4ltida h\u00fcdraulilise vedeliku lekkeid ja s\u00e4ilitada s\u00fcsteemi optimaalne j\u00f5udlus.<\/li>\n<li><strong>Operatiivne kontroll:<\/strong> Tutvuge kilbi masina montaa\u017ei t\u00f5stesilindri juhtimismehhanismide ja t\u00f6\u00f6protseduuridega. Saage aru juhtimissisendite ja nende vastavate m\u00f5jude kohta t\u00f5stetoimingule. Harjutage juhtseadmete kasutamist, et omandada vilumus ja tagada sujuv ja t\u00e4pne t\u00f5stmine montaa\u017eiprotsessi ajal.<\/li>\n<\/ul>\n<h2><strong>Kuidas \u00fchetoimelist h\u00fcdraulilist silindrit \u00f5hutada?<\/strong><\/h2>\n<p>\u00dchetoimelise h\u00fcdrosilindri \u00f5hutustamine on suhteliselt lihtne protsess. \u00dchetoimeliste silindrite puhul rakendatakse kolvi \u00fchele k\u00fcljele vedelikur\u00f5hku, samal ajal kui teine \u200b\u200bk\u00fclg naaseb oma algasendisse gravitatsiooni v\u00f5i v\u00e4lise j\u00f5u abil. Siin on samm-sammult juhend \u00fchetoimelise h\u00fcdrosilindri \u00f5hutamiseks:<\/p>\n<ol>\n<li><strong>Ettevalmistus:<\/strong>\n<ul>\n<li>Veenduge, et h\u00fcdros\u00fcsteem on v\u00e4lja l\u00fclitatud ja r\u00f5hk vabastatud.<\/li>\n<li>H\u00fcdraulilise vedeliku eest kaitsmiseks kandke isikukaitsevahendeid, kindaid ja kaitseprille.<\/li>\n<\/ul>\n<\/li>\n<li><strong>Tuvastage \u00f5hutusventiil:<\/strong>\n<ul>\n<li>Leidke h\u00fcdrosilindrilt \u00f5hutusventiil. See on tavaliselt pisike liitmik tolmukorgiga. \u00d5hutusventiil laseb silindrisse j\u00e4\u00e4nud \u00f5hul v\u00e4lja p\u00e4\u00e4seda.<\/li>\n<\/ul>\n<\/li>\n<li><strong>Silindri paigutamine:<\/strong>\n<ul>\n<li>Liigutage silinder t\u00e4ielikult sisset\u00f5mmatud asendisse. See tagab, et \u00f5hutusventiil on ligip\u00e4\u00e4setav ja \u00f5hk saab silindri \u00fclaossa t\u00f5usta.<\/li>\n<\/ul>\n<\/li>\n<li><strong>Eemaldage tolmukate:<\/strong>\n<ul>\n<li>Eemalda \u00f5hutusventiililt tolmukork. Pane see kindlasse kohta k\u00f5rvale.<\/li>\n<\/ul>\n<\/li>\n<li><strong>Avage \u00f5hutusventiil:<\/strong>\n<ul>\n<li>Sobiva mutriv\u00f5tme v\u00f5i t\u00f6\u00f6riista abil keerake \u00f5hutusventiili vastup\u00e4eva, et see avada. See v\u00f5imaldab \u00f5hul ja l\u00f5ksus oleval vedelikul silindrist v\u00e4ljuda.<\/li>\n<\/ul>\n<\/li>\n<li><strong>Silindri pikendamine:<\/strong>\n<ul>\n<li>Silindrile h\u00fcdraulilise r\u00f5hu rakendamiseks aktiveerige silindrit juhtiv h\u00fcdrauliline pump v\u00f5i ventiil. See p\u00f5hjustab silindri pikenemise, l\u00fckates vedeliku ja \u00f5hu l\u00e4bi avatud \u00f5hutusventiili v\u00e4lja.<\/li>\n<\/ul>\n<\/li>\n<li><strong>J\u00e4lgige vedeliku voolu:<\/strong>\n<ul>\n<li>J\u00e4lgige vedeliku voolu \u00f5hutusventiilist. Alguses v\u00f5ite m\u00e4rgata koos mahlaga \u00f5humulle. Laske vedelikul voolata, kuni mulle enam pole, mis n\u00e4itab, et \u00f5hk on silindrist v\u00e4ljunud.<\/li>\n<\/ul>\n<\/li>\n<li><strong>Sulgege \u00f5hutusventiil:<\/strong>\n<ul>\n<li>Kui olete k\u00f5ik \u00f5humullid eemaldanud, sulgege \u00f5hutusventiil p\u00e4rip\u00e4eva. Veenduge, et see oleks tihedalt suletud, et v\u00e4ltida vedeliku leket.<\/li>\n<\/ul>\n<\/li>\n<li><strong>T\u00f5mmake silinder tagasi:<\/strong>\n<ul>\n<li>Vabastage h\u00fcdrauliline r\u00f5hk ja laske silindril t\u00e4ielikult sisse t\u00f5mbuda. See v\u00f5ib h\u00f5lmata juhtventiili aktiveerimist v\u00f5i silindrit v\u00e4ljas hoidva v\u00e4lise j\u00f5u vabastamist.<\/li>\n<\/ul>\n<\/li>\n<li><strong>Vajadusel korrake:<\/strong>\n<ul>\n<li>Kui m\u00e4rkate endiselt \u00f5humulle v\u00f5i silindri t\u00f6\u00f6s on tunda k\u00e4snjat konsistentsi, korrake \u00f5hutusprotsessi, kuni kogu \u00f5hk on eemaldatud.<\/li>\n<\/ul>\n<\/li>\n<li><strong>Kontrollige vedeliku taset:<\/strong>\n<ul>\n<li>P\u00e4rast silindri \u00f5hutamist kontrollige s\u00fcsteemi reservuaaris h\u00fcdraulikavedeliku taset. Vajadusel lisage vedelikku, et s\u00e4ilitada soovitatav tase.<\/li>\n<\/ul>\n<\/li>\n<\/ol>\n<h2><strong>Tehase v\u00f5imekus ja suutlikkus:<\/strong><\/h2>\n<h3>(1) Kokkupanek<\/h3>\n<p>Meil on esmaklassiline s\u00f5ltumatu teadus- ja arendustegevuse montaa\u017eiplatvorm. H\u00fcdrosilindrite tootmist\u00f6\u00f6kojas on neli poolautomaatset t\u00f5stesilindrite koosteliini ja \u00fcks automaatne kallutussilindrite koosteliin, mille kavandatud aastane tootmisv\u00f5imsus on 1 miljon t\u00fckki. Spetsiaalsete silindrite t\u00f6\u00f6koda on varustatud erinevate spetsifikatsioonidega poolautomaatse puhastusmontaa\u017eis\u00fcsteemiga, mille kavandatud aastane tootmisv\u00f5imsus on 200 000 ja mis on varustatud kuulsate CNC-t\u00f6\u00f6tlemisseadmete, mehaanilise t\u00f6\u00f6tlemise keskuse, suure t\u00e4psusega silindrite t\u00f6\u00f6tlemise eriseadmete, robotkeevitusmasina, automaatse puhastusmasina, automaatse silindri kokkupanemise masina ja automaatse v\u00e4rvimise tootmisliiniga. Olemasolevad kriitilised seadmed rohkem kui 300 komplekti (komplekti). Seadmete ressursside optimaalne jaotamine ja t\u00f5hus kasutamine tagavad toodete t\u00e4psusn\u00f5uded ja vastavad toodete kvaliteedin\u00f5uetele.<\/p>\n<p><img loading=\"lazy\" decoding=\"async\" class=\"alignnone wp-image-626\" src=\"https:\/\/hydraulic-cylinders.net\/wp-content\/uploads\/2023\/08\/hydraulic-cylinder-product-1-300x158.webp\" alt=\"\" width=\"495\" height=\"260\" srcset=\"https:\/\/hydraulic-cylinders.net\/wp-content\/uploads\/2023\/08\/hydraulic-cylinder-product-1-300x158.webp 495w, https:\/\/hydraulic-cylinders.net\/wp-content\/uploads\/2023\/08\/hydraulic-cylinder-product-1-480x252.webp 480w\" sizes=\"(min-width: 0px) and (max-width: 480px) 480px, (min-width: 481px) 495px, 100vw\" \/> <img loading=\"lazy\" decoding=\"async\" class=\"alignnone wp-image-627\" src=\"https:\/\/hydraulic-cylinders.net\/wp-content\/uploads\/2023\/08\/hydraulic-cylinder-product-2-300x189.webp\" alt=\"\" width=\"413\" height=\"260\" \/><\/p>\n<h3>(2) T\u00f6\u00f6tlemine<\/h3>\n<p>T\u00f6\u00f6deldav t\u00f6\u00f6koda on varustatud kohandatud kallutatud r\u00f6\u00f6pse treipingi keskuse, mehaanilise keskuse, kiire lihvimismasina, keevitusroboti ja muude seotud seadmetega, mis suudavad t\u00f6\u00f6delda silindritorusid, mille maksimaalne sisel\u00e4bim\u00f5\u00f5t on 400 mm ja maksimaalne pikkus on 6 meetrit.<\/p>\n<p><img loading=\"lazy\" decoding=\"async\" class=\"alignnone wp-image-628 size-large\" src=\"https:\/\/hydraulic-cylinders.net\/wp-content\/uploads\/2023\/08\/hydraulic-cylinder-product-3-1024x391.webp\" alt=\"\" width=\"1024\" height=\"391\" srcset=\"https:\/\/hydraulic-cylinders.net\/wp-content\/uploads\/2023\/08\/hydraulic-cylinder-product-3-980x374.webp 980w, https:\/\/hydraulic-cylinders.net\/wp-content\/uploads\/2023\/08\/hydraulic-cylinder-product-3-480x183.webp 480w\" sizes=\"(min-width: 0px) and (max-width: 480px) 480px, (min-width: 481px) and (max-width: 980px) 980px, (min-width: 981px) 1024px, 100vw\" \/><\/p>\n<h3>(3) Keevitamine<\/h3>\n<p><img loading=\"lazy\" decoding=\"async\" class=\"alignnone wp-image-629 size-large\" src=\"https:\/\/hydraulic-cylinders.net\/wp-content\/uploads\/2023\/08\/hydraulic-cylinder-product-4-1024x510.webp\" alt=\"\" width=\"1024\" height=\"510\" srcset=\"https:\/\/hydraulic-cylinders.net\/wp-content\/uploads\/2023\/08\/hydraulic-cylinder-product-4-980x488.webp 980w, https:\/\/hydraulic-cylinders.net\/wp-content\/uploads\/2023\/08\/hydraulic-cylinder-product-4-480x239.webp 480w\" sizes=\"(min-width: 0px) and (max-width: 480px) 480px, (min-width: 481px) and (max-width: 980px) 980px, (min-width: 981px) 1024px, 100vw\" \/><\/p>\n<h3>(4) V\u00e4rvimine ja katmine<\/h3>\n<p>V\u00e4ikese ja keskmise suurusega silindri automaatse veep\u00f5hise v\u00e4rvipinnakattega liinide abil, et saavutada automaatne robotlaadimine ja mahalaadimine ning automaatne pihustamine, projekteerimisv\u00f5imsus 4000 t\u00fckki vahetuse kohta;<br \/>\nMeil on ka poolautomaatne suurte balloonide v\u00e4rvimise tootmisliin, mis t\u00f6\u00f6tab j\u00f5ukettaga ja mille projekteerimisv\u00f5imsus on 60 kasti \u00fche vahetuse kohta.<\/p>\n<p><img loading=\"lazy\" decoding=\"async\" class=\"alignnone wp-image-630\" src=\"https:\/\/hydraulic-cylinders.net\/wp-content\/uploads\/2023\/08\/hydraulic-cylinder-product-5-300x213.webp\" alt=\"\" width=\"366\" height=\"260\" \/> <img loading=\"lazy\" decoding=\"async\" class=\"alignnone wp-image-631\" src=\"https:\/\/hydraulic-cylinders.net\/wp-content\/uploads\/2023\/08\/hydraulic-cylinder-product-6-300x225.webp\" alt=\"\" width=\"347\" height=\"260\" \/><\/p>\n<h3>(5) Testimine<\/h3>\n<p>Meil on esmaklassilised kontrolliseadmed ja katsestendid, et tagada silindri j\u00f5udlus vastavus n\u00f5uetele.<\/p>\n<p><img loading=\"lazy\" decoding=\"async\" class=\"alignnone wp-image-632\" src=\"https:\/\/hydraulic-cylinders.net\/wp-content\/uploads\/2023\/08\/hydraulic-cylinder-product-8-300x200.webp\" alt=\"\" width=\"389\" height=\"260\" \/><\/p>\n<p>&nbsp;<\/p>\n<p>&nbsp;<\/p>\n<p>Oleme \u00fcks parimaid h\u00fcdrosilindrite tootjaid. Pakume laia valikut h\u00fcdrosilindreid. Pakume ka vastavaid... <a href=\"https:\/\/hzpt.com\/agricultural-pto-gearbox\/\" target=\"_blank\" rel=\"noopener\">p\u00f5llumajanduslikud k\u00e4igukastid<\/a>. Oleme eksportinud oma tooteid klientidele \u00fcle maailma ja teeninud hea maine t\u00e4nu meie suurep\u00e4rasele tootekvaliteedile ja m\u00fc\u00fcgij\u00e4rgsele teenindusele. Me tervitame kliente kodus ja v\u00e4lismaal, et v\u00f5tta meiega \u00fchendust, et pidada l\u00e4bir\u00e4\u00e4kimisi \u00e4ri, vahetada teavet ja <a href=\"https:\/\/www.hydraulic-cylinders.net\/et\/contact-us\/\">teha meiega koost\u00f6\u00f6d<\/a>!<\/p>\n<p>&nbsp;<\/p>","protected":false},"excerpt":{"rendered":"<p>Shield Machine Assembly Lifting Cylinder The shield machine assembly lifting cylinder is an advanced hydraulic component explicitly designed for shield machines used in tunnel construction projects. This cylinder ensures efficient and accurate assembly operations with its exceptional lifting capabilities, reliability, and precision. This article will explore the key characteristics, usage methods, and maintenance guidelines for [&hellip;]<\/p>","protected":false},"featured_media":1885,"comment_status":"open","ping_status":"closed","template":"","meta":{"_et_pb_use_builder":"","_et_pb_old_content":"","_et_gb_content_width":""},"product_brand":[],"product_cat":[1519,1549],"product_tag":[1380],"class_list":{"0":"post-1882","1":"product","2":"type-product","3":"status-publish","4":"has-post-thumbnail","6":"product_cat-shield-machine-hydraulic-cylinders","7":"product_cat-single-acting-hydraulic-cylinder","8":"product_tag-hydraulic-cylinder","10":"first","11":"instock","12":"shipping-taxable","13":"product-type-simple"},"amp_enabled":true,"_links":{"self":[{"href":"https:\/\/www.hydraulic-cylinders.net\/et\/wp-json\/wp\/v2\/product\/1882","targetHints":{"allow":["GET"]}}],"collection":[{"href":"https:\/\/www.hydraulic-cylinders.net\/et\/wp-json\/wp\/v2\/product"}],"about":[{"href":"https:\/\/www.hydraulic-cylinders.net\/et\/wp-json\/wp\/v2\/types\/product"}],"replies":[{"embeddable":true,"href":"https:\/\/www.hydraulic-cylinders.net\/et\/wp-json\/wp\/v2\/comments?post=1882"}],"wp:featuredmedia":[{"embeddable":true,"href":"https:\/\/www.hydraulic-cylinders.net\/et\/wp-json\/wp\/v2\/media\/1885"}],"wp:attachment":[{"href":"https:\/\/www.hydraulic-cylinders.net\/et\/wp-json\/wp\/v2\/media?parent=1882"}],"wp:term":[{"taxonomy":"product_brand","embeddable":true,"href":"https:\/\/www.hydraulic-cylinders.net\/et\/wp-json\/wp\/v2\/product_brand?post=1882"},{"taxonomy":"product_cat","embeddable":true,"href":"https:\/\/www.hydraulic-cylinders.net\/et\/wp-json\/wp\/v2\/product_cat?post=1882"},{"taxonomy":"product_tag","embeddable":true,"href":"https:\/\/www.hydraulic-cylinders.net\/et\/wp-json\/wp\/v2\/product_tag?post=1882"}],"curies":[{"name":"wp","href":"https:\/\/api.w.org\/{rel}","templated":true}]}}