{"id":18835,"date":"2025-04-07T05:57:42","date_gmt":"2025-04-07T05:57:42","guid":{"rendered":"https:\/\/www.hydraulic-cylinders.net\/product\/boom-cylinder-for-komatsu-small-excavator-pc28mr\/"},"modified":"2025-04-07T05:57:44","modified_gmt":"2025-04-07T05:57:44","slug":"boom-cylinder-for-komatsu-small-excavator-pc28mr","status":"publish","type":"product","link":"https:\/\/www.hydraulic-cylinders.net\/et\/toode\/boom-cylinder-for-komatsu-small-excavator-pc28mr\/","title":{"rendered":"Komatsu v\u00e4ikese ekskavaatori PC28MR poomi silinder"},"content":{"rendered":"<h1>Komatsu v\u00e4ikese ekskavaatori PC28MR poomi silinder<\/h1>\n<h2>Sissejuhatus poomi silindritesse<\/h2>\n<p>Noole silinder on oluline h\u00fcdrauliline komponent, mis on spetsiaalselt loodud erinevate raskete masinate, n\u00e4iteks ekskavaatorite, laadur-ekskavaatori ja esilaaduri koppade liikumise juhtimiseks. Seda t\u00fc\u00fcpi h\u00fcdrauliline silinder v\u00f5imaldab koppal t\u00f5usta, langetada ja kallutada, h\u00f5lbustades t\u00f5husaid materjalik\u00e4itlust\u00f6id. Noole silindril on h\u00fcdraulikas\u00fcsteemis oluline roll, kasutades survestatud h\u00fcdraulilist vedelikku nende toimingute jaoks vajaliku j\u00f5u genereerimiseks, muutes selle ehitus- ja p\u00f5llumajandustehnika asendamatuks osaks.<\/p>\n<p><img decoding=\"async\" src=\"https:\/\/www.hydraulic-cylinders.net\/wp-content\/uploads\/2025\/04\/songte-company-1.webp\" alt=\"H\u00fcdraulilise silindri pilt\"><\/p>\n<h2>Poomi silindri omadused<\/h2>\n<ul>\n<li><strong>Suur tugevus ja vastupidavus:<\/strong> K\u00f5rgtugevast terasest v\u00f5i alumiiniumist valmistatud poomi silinder talub k\u00f5rget r\u00f5hku ja suuri koormusi, sobides karmidesse t\u00f6\u00f6keskkondadesse. See on konstrueeritud kulumiskindlust ja korrosioonikindlust silmas pidades, pikendades selle kasutusiga.<\/li>\n<li><strong>T\u00f5hus h\u00fcdrauliline t\u00f6\u00f6:<\/strong> H\u00fcdraulika\u00f5li r\u00f5hku kasutades saavutab silinder sujuva pikenemise ja tagasit\u00f5mbumise, reageerides kiiresti juhtimisk\u00e4sklustele ning pakkudes v\u00f5imsat t\u00f5uke- ja t\u00f5mbej\u00f5udu, mis sobib ideaalselt raskete esemete ja keerukate \u00fclesannete k\u00e4sitsemiseks.<\/li>\n<li><strong>Erinevad t\u00fc\u00fcbid:<\/strong> Saadaval \u00fchetoimeliste (h\u00fcdrauliline toime \u00fches suunas) v\u00f5i kahetoimeliste (h\u00fcdrauliline toime m\u00f5lemas suunas) silindritega, et rahuldada erinevaid t\u00f6\u00f6vajadusi. M\u00f5ned mudelid on teleskoopkonstruktsiooniga, mis v\u00f5imaldab suuremat pikendust ilma v\u00e4lism\u00f5\u00f5tmeid suurendamata, mis sobib ideaalselt ruumipiirangutega rakenduste jaoks.<\/li>\n<li><strong>T\u00e4ppistehnika:<\/strong> Iga poomi silinder on konstrueeritud t\u00e4psust silmas pidades, tagades optimaalse j\u00f5udluse ja t\u00f6\u00f6kindluse n\u00f5udlikel t\u00f6\u00f6objektidel.<\/li>\n<li><strong>Kohandatavad lahendused:<\/strong> Saame toota noolesilindreid, mis asendavad ideaalselt olemasolevaid h\u00fcdrosilindreid, pakkudes teie masinatele kohandatud lahendusi.<\/li>\n<\/ul>\n<p><img decoding=\"async\" src=\"https:\/\/www.hydraulic-cylinders.net\/wp-content\/uploads\/2025\/04\/songte-cylinder-head-with-all-kinds-excavator-models.webp\" alt=\"Ekskavaatori mudeli pilt\"><\/p>\n<h2>Poomi silindri rakendused<\/h2>\n<h3>Ehitustehnika<\/h3>\n<p>Ekskavaatorites on noolesilindrid \u00fcliolulised kaevamisel, laadimisel ja pinnase v\u00f5i prahi teisaldamisel. Need h\u00f5lbustavad kaevamist, v\u00f5imaldades kopal t\u00f5husalt pinnasesse tungida, muutes kaevet\u00f6\u00f6d t\u00f5husamaks. Ekskavaatoritel ei abista noolesilinder mitte ainult kaevamisel, vaid ka t\u00f5stmisel, mis n\u00e4itab selle mitmek\u00fclgsust ehituskeskkondades.<\/p>\n<h3>P\u00f5llumajandustehnika<\/h3>\n<p>Esilaadurites kasutatakse noolesilindreid mulla, heina ja muude materjalide kopeerimiseks, t\u00f5stmiseks ja transportimiseks. Nende v\u00f5ime reguleerida kopa nurka suurendab p\u00f5llumajandust\u00f6\u00f6de t\u00f5husust, muutes need p\u00f5llumajandustegevuses asendamatuks.<\/p>\n<h3>Ekskavaatorid<\/h3>\n<p>Noole silinder v\u00f5imaldab ekskavaatoritel kopaga pinnasesse tungida, pakkudes kaevet\u00f6\u00f6deks vajalikku j\u00f5udu. Selle disain v\u00f5imaldab t\u00e4pset juhtimist, mis lihtsustab detailsete kaevamist\u00f6\u00f6de tegemist.<\/p>\n<h3>Laadurid<\/h3>\n<p>Esilaadurites aitavad noolesilindrid koormaid t\u00f5husalt t\u00f5sta ja t\u00fchjendada. Nende usaldusv\u00e4\u00e4rne t\u00f6\u00f6 on ehitus- ja haljastust\u00f6\u00f6del h\u00e4davajalik, mis n\u00e4itab nende olulisust laias valikus rakendustes.<\/p>\n<h2>Projekteerimiskaalutlused ja valikukriteeriumid<\/h2>\n<h3>Kandev\u00f5ime<\/h3>\n<p>Noole silindri valimisel on kandev\u00f5ime kriitilise t\u00e4htsusega. Silinder peab suutma taluda oodatavaid koormusi ilma rikkeohtu ohtu seadmata. Valitud silindri t\u00f5husa toimimise tagamiseks tuleb arvesse v\u00f5tta selliseid tegureid nagu k\u00e4ideldavate materjalide kaal ja masina t\u00f6\u00f6n\u00f5uded. Soovitud kandev\u00f5ime saavutamisel m\u00e4ngivad olulist rolli \u00f5iged arvutused ja materjalivalikud.<\/p>\n<h3>Tihendi terviklikkus<\/h3>\n<p>Tihendid on h\u00fcdraulilise r\u00f5hu s\u00e4ilitamiseks ja vedelikulekete v\u00e4ltimiseks \u00fcliolulised. H\u00e4sti disainitud poomi silinder sisaldab kvaliteetseid tihendeid, et tagada pikaealisus ja j\u00f5udlus. Lekete v\u00e4ltimiseks on vaja tihendeid regulaarselt hooldada, mis v\u00f5ivad v\u00e4hendada efektiivsust ja viia kulukate remondit\u00f6\u00f6deni.<\/p>\n<h3>Vastupidavus<\/h3>\n<p>Vastupidavus m\u00f5jutab nii j\u00f5udlust kui ka hoolduse sagedust. Kulumis- ja korrosioonikindlad materjalid on noolesilindrite puhul olulised, eriti karmides tingimustes. Vastupidav konstruktsioon mitte ainult ei pikenda silindri eluiga, vaid minimeerib ka remondiks vajalikke seisakuid.<\/p>\n<h3>Turvaelemendid<\/h3>\n<p>Ohutus on h\u00fcdraulilise s\u00fcsteemi projekteerimisel esmat\u00e4htis. Poomi silindritel peaksid olema sellised funktsioonid nagu r\u00f5hualandusventiilid, et v\u00e4ltida \u00fcler\u00f5hu teket. H\u00fcdraulikaseadmetele kohaldatavate ohutusstandardite ja -eeskirjade m\u00f5istmine on projekteerimis- ja valikuprotsessides \u00fclioluline.<\/p>\n<h3>Hoolduse lihtsus<\/h3>\n<p>Konstruktsioon peaks v\u00f5imaldama hooldust\u00f6\u00f6de tegemiseks h\u00f5lpsat juurdep\u00e4\u00e4su v\u00f5tmekomponentidele. H\u00e4sti l\u00e4bim\u00f5eldud disain v\u00f5ib hooldusaega oluliselt v\u00e4hendada, mis omakorda suurendab tootlikkust. Regulaarsed kontrollid ja tihendite ning muude komponentide lihtne vahetamine on poomi silindrite t\u00f6\u00f6korras hoidmiseks h\u00e4davajalikud.<\/p>\n<p><img decoding=\"async\" src=\"https:\/\/www.hydraulic-cylinders.net\/wp-content\/uploads\/2025\/04\/songte-oil-pipes-and-spare-parts.webp\" alt=\"H\u00fcdrauliliste osade pilt\"><\/p>\n<h2>Tihendid ja m\u00e4\u00e4rimine<\/h2>\n<p>T\u00f5hus tihendamine ja m\u00e4\u00e4rimine on poomi silindrite optimaalse j\u00f5udluse tagamiseks kriitilise t\u00e4htsusega. H\u00fcdraulilise r\u00f5hu s\u00e4ilitamiseks ja lekete minimeerimiseks on olulised mitmesugused tihendid, n\u00e4iteks kolvi- ja varrastihendid. Vastupidavatest materjalidest, nagu pol\u00fcuretaan ja nitriilkummi, valmistatud tihendite valik suurendab kulumiskindlust, tagades pikaajalise j\u00f5udluse.<\/p>\n<p>Silindri korpus ja keermestatud otsapinnad l\u00e4bivad kulumiskindluse parandamiseks hoolika t\u00f6\u00f6tluse, lisades veel \u00fche vastupidavuskihi. Regulaarne m\u00e4\u00e4rimine h\u00fcdraulika\u00f5liga on vajalik sujuva t\u00f6\u00f6 tagamiseks ja liikuvate osade kulumise v\u00e4ltimiseks. Sobiva \u00f5litaseme hoidmine ja \u00f5ige \u00f5likvaliteedi tagamine m\u00f5jutab oluliselt poomi silindri eluiga ja efektiivsust.<\/p>\n<h2>Rutiinne kontroll ja ennetav hooldus<\/h2>\n<ul>\n<li><strong>Regulaarsed kontrollid:<\/strong> Poomi silindri regulaarne kontrollimine on oluline, et tuvastada v\u00f5imalikud probleemid enne nende s\u00fcvenemist. Otsige kulumise, lekke v\u00f5i kahjustuste m\u00e4rke.<\/li>\n<li><strong>\u00d5ige m\u00e4\u00e4rimine:<\/strong> Silindri sujuva t\u00f6\u00f6 tagamiseks tuleb seda regulaarselt m\u00e4\u00e4rida. \u00d5ige m\u00e4\u00e4rimine aitab v\u00e4hendada h\u00f5\u00f5rdumist ja v\u00e4ltida kulumist.<\/li>\n<li><strong>Tihendi vahetamine ja kalibreerimise kontrollimine:<\/strong> Kontrollige regulaarselt tihendite kulumist ja vahetage need vastavalt vajadusele v\u00e4lja, et s\u00e4ilitada j\u00f5udlust. H\u00fcdraulikas\u00fcsteemi kalibreerimist tuleks samuti perioodiliselt teha, et tagada t\u00e4pne t\u00f6\u00f6.<\/li>\n<\/ul>\n<h2>Paigaldusjuhised<\/h2>\n<p>Optimaalse j\u00f5udluse saavutamiseks on oluline poomi silindri \u00f5ige paigaldamine. Alustage kinnitusklambrite \u00f5ige joondamise tagamisest, et v\u00e4ltida silindrile liigset survet. Kasutage silindri kinnitamiseks sobivaid kinnitustugesid, veendudes, et see on stabiilne ja \u00f5iges suunas.<\/p>\n<p>Paigaldamise ajal kontrollige, et k\u00f5ik poldid ja liitmikud oleksid tihedalt kinni, et v\u00e4ltida lekkeid ja tagada ohutu t\u00f6\u00f6. P\u00e4rast paigaldamist testige h\u00fcdraulikas\u00fcsteemi madalal r\u00f5hul, et veenduda lekete puudumises ja silindri sujuvas t\u00f6\u00f6s. Suurendage r\u00f5hku j\u00e4rk-j\u00e4rgult, j\u00e4lgides v\u00f5imalikke rikkeid. Nende paigaldusjuhiste j\u00e4rgimine pikendab poomi silindri eluiga ja t\u00f5husust.<\/p>\n<h2>Levinumad hooldust\u00f6\u00f6d<\/h2>\n<h3>Rutiinsed kontrollid<\/h3>\n<p>Rutiinsete kontrollide tegemine h\u00f5lmab lekete ja kulumise kontrollimist ning k\u00f5igi komponentide korrektse toimimise tagamist. Regulaarsed kontrollid aitavad probleeme varakult tuvastada, ennetades kulukaid remondit\u00f6id ja pikemaid seisakuid.<\/p>\n<h3>Sobiv m\u00e4\u00e4rimine<\/h3>\n<p>M\u00e4\u00e4rimine on liikuvate osade vahelise h\u00f5\u00f5rdumise v\u00e4hendamiseks \u00fclioluline. Veenduge, et silinder oleks t\u00e4idetud kvaliteetse h\u00fcdraulika\u00f5liga ja et seda vahetataks regulaarselt vastavalt tootja soovitustele. N\u00f5uetekohane m\u00e4\u00e4rimine pikendab silindri eluiga ja s\u00e4ilitab t\u00f6\u00f6 efektiivsuse.<\/p>\n<h3>Tihendi vahetamine ja kalibreerimise kontrollimine<\/h3>\n<p>Kontrollige regulaarselt tihendite kulumist ja vahetage need vastavalt vajadusele v\u00e4lja, et s\u00e4ilitada j\u00f5udlus. H\u00fcdraulikas\u00fcsteemi kalibreerimiskontrollid on olulised, et tagada poomi silindri toimimine etten\u00e4htud parameetrite piires, v\u00f5imaldades t\u00e4pset ja t\u00f5husat j\u00f5udlust.<\/p>\n<p><img decoding=\"async\" src=\"https:\/\/www.hydraulic-cylinders.net\/wp-content\/uploads\/2025\/04\/songte-chushion-collar.webp\" alt=\"Padjakrae pilt\"><\/p>\n<h2>Ohutuskaalutlused ja keskkonnategurid<\/h2>\n<p>H\u00fcdraulikas\u00fcsteemidega t\u00f6\u00f6tamisel on ohutusmeetmed esmat\u00e4htsad. H\u00fcdraulikaseadmete k\u00e4itamise n\u00f5uetekohane v\u00e4lja\u00f5pe v\u00e4hendab \u00f5nnetuste ohtu. Regulaarne hooldus ja \u00fclevaatus aitavad kaasa ohutumale t\u00f6\u00f6keskkonnale, tagades k\u00f5igi komponentide heas seisukorras.<\/p>\n<h2>Veaotsing ja levinud probleemid<\/h2>\n<ul>\n<li><strong>Leke:<\/strong> \u00dcks levinumaid probleeme on h\u00fcdraulikavedeliku leke, mille p\u00f5hjuseks on sageli kulunud tihendid v\u00f5i liitmikud. Regulaarne kontroll aitab lekkeid varakult tuvastada.<\/li>\n<li><strong>Madal r\u00f5hk:<\/strong> Ebapiisav h\u00fcdrauliline r\u00f5hk v\u00f5ib v\u00e4hendada j\u00f5udlust ja selle p\u00f5hjuseks v\u00f5ib olla vedeliku kadu v\u00f5i rikkis pump. Kontrollige vedeliku taset ja pumba seisukorda.<\/li>\n<li><strong>Aeglane reageering:<\/strong> Kui silinder reageerib k\u00e4sklustele aeglaselt, v\u00f5ib see viidata \u00f5hule s\u00fcsteemis v\u00f5i madalale vedelikutasemele. S\u00fcsteemi \u00f5hutamine ja vedelike lisamine v\u00f5ib selle probleemi sageli lahendada.<\/li>\n<\/ul>\n<p>Nende levinud probleemide varajane tuvastamine v\u00f5imaldab \u00f5igeaegset sekkumist, ennetades ulatuslikumaid kahjustusi ja s\u00e4ilitades tegevuse efektiivsuse.<\/p>\n<h2>Veaotsingu n\u00e4pun\u00e4ited ja lahendused<\/h2>\n<p>Poomi silindrite probleemide t\u00f5husaks diagnoosimiseks ja lahendamiseks alustage p\u00f5hjaliku kontrolliga, et tuvastada k\u00f5ik n\u00e4htavad kulumis- v\u00f5i kahjustuste tunnused. Veenduge, et k\u00f5ik \u00fchendused on tihedad, ja kontrollige tihendeid lekete suhtes. Regulaarsed ennetavad meetmed, n\u00e4iteks \u00f5ige vedelikutaseme hoidmine ja h\u00fcdros\u00fcsteemi saasteainetest vabana hoidmine, aitavad potentsiaalseid probleeme minimeerida.<\/p>\n<p>Nende tavade rakendamine mitte ainult ei pikenda poomi silindri eluiga, vaid parandab ka selle t\u00f6\u00f6 efektiivsust, v\u00f5imaldades p\u00f5llul usaldusv\u00e4\u00e4rsemat j\u00f5udlust.<\/p>\n<p><img decoding=\"async\" src=\"https:\/\/www.hydraulic-cylinders.net\/wp-content\/uploads\/2025\/04\/songte-bushings-with-all-kinds-of-excavator-models.webp\" alt=\"Pukside pilt\"><\/p>\n<h2>Meist<\/h2>\n<p>Oleme h\u00fcdrosilindrite tootjad, kes on spetsialiseerunud olemasolevate h\u00fcdrauliliste komponentide kvaliteetsete alternatiivide pakkumisele. Meie lai tootevalik on positsioneerinud meid \u00fcheks juhtivaks tootjaks ja hulgim\u00fc\u00fcjaks nii sise- kui ka rahvusvahelistel turgudel.<\/p>\n<p>J\u00e4rgime tipptaseme p\u00f5him\u00f5tteid, rakendades t\u00e4iustatud tootmisstrateegiat oma tootmisv\u00f5imaluste suurendamiseks. Meie p\u00fchendumus kvaliteedile peegeldub meie t\u00e4iustatud tootmis\u00fcksustes, oskuslikus personalis ja rangetes kvaliteedikontrolli protsessides, mis tagavad, et rahuldame oma klientide mitmekesiseid vajadusi t\u00f5husalt ja tulemuslikult.<\/p>\n<p><img decoding=\"async\" src=\"https:\/\/www.hydraulic-cylinders.net\/wp-content\/uploads\/2025\/04\/songte-company-4.webp\" alt=\"Ettev\u00f5tte kuvand\"\/><br \/>\n<img decoding=\"async\" src=\"https:\/\/www.hydraulic-cylinders.net\/wp-content\/uploads\/2025\/04\/songte-company-3.webp\" alt=\"Ettev\u00f5tte kuvand\"\/><\/p>\n<p>Kokkuv\u00f5tteks v\u00f5ib \u00f6elda, et meie ettev\u00f5te paistab silma oma asjatundlikkuse, rahvusvaheliste sertifikaatide, kohandatud teenuste, tipptasemel tootmisseadmete ja erakordse m\u00fc\u00fcgij\u00e4rgse toe poolest, mis teeb meist eelistatud valiku h\u00fcdrauliliste silindrite lahenduste osas.<\/p>\n<p>Autor: lyl<\/p>","protected":false},"excerpt":{"rendered":"<p>Boom Cylinder For Komatsu Small Excavator PC28MR Introduction to Boom Cylinders The boom cylinder is a vital hydraulic component designed specifically for controlling the movement of buckets on various heavy machinery such as excavators, backhoe loaders, and front loaders. This type of hydraulic cylinder allows the bucket to lift, lower, and tilt, facilitating efficient material [&hellip;]<\/p>","protected":false},"featured_media":17867,"comment_status":"open","ping_status":"closed","template":"","meta":{"_et_pb_use_builder":"","_et_pb_old_content":"","_et_gb_content_width":""},"product_brand":[],"product_cat":[1546],"product_tag":[1547,1496],"class_list":{"0":"post-18835","1":"product","2":"type-product","3":"status-publish","4":"has-post-thumbnail","6":"product_cat-boom-cylinders","7":"product_tag-boom-cylinders","8":"product_tag-hydraulic-cylinders","10":"first","11":"instock","12":"shipping-taxable","13":"product-type-simple"},"amp_enabled":true,"_links":{"self":[{"href":"https:\/\/www.hydraulic-cylinders.net\/et\/wp-json\/wp\/v2\/product\/18835","targetHints":{"allow":["GET"]}}],"collection":[{"href":"https:\/\/www.hydraulic-cylinders.net\/et\/wp-json\/wp\/v2\/product"}],"about":[{"href":"https:\/\/www.hydraulic-cylinders.net\/et\/wp-json\/wp\/v2\/types\/product"}],"replies":[{"embeddable":true,"href":"https:\/\/www.hydraulic-cylinders.net\/et\/wp-json\/wp\/v2\/comments?post=18835"}],"wp:featuredmedia":[{"embeddable":true,"href":"https:\/\/www.hydraulic-cylinders.net\/et\/wp-json\/wp\/v2\/media\/17867"}],"wp:attachment":[{"href":"https:\/\/www.hydraulic-cylinders.net\/et\/wp-json\/wp\/v2\/media?parent=18835"}],"wp:term":[{"taxonomy":"product_brand","embeddable":true,"href":"https:\/\/www.hydraulic-cylinders.net\/et\/wp-json\/wp\/v2\/product_brand?post=18835"},{"taxonomy":"product_cat","embeddable":true,"href":"https:\/\/www.hydraulic-cylinders.net\/et\/wp-json\/wp\/v2\/product_cat?post=18835"},{"taxonomy":"product_tag","embeddable":true,"href":"https:\/\/www.hydraulic-cylinders.net\/et\/wp-json\/wp\/v2\/product_tag?post=18835"}],"curies":[{"name":"wp","href":"https:\/\/api.w.org\/{rel}","templated":true}]}}