{"id":18840,"date":"2025-04-07T05:58:03","date_gmt":"2025-04-07T05:58:03","guid":{"rendered":"https:\/\/www.hydraulic-cylinders.net\/product\/boom-cylinder-for-komatsu-small-excavator-pc30-8\/"},"modified":"2025-04-07T05:58:05","modified_gmt":"2025-04-07T05:58:05","slug":"boom-cylinder-for-komatsu-small-excavator-pc30-8","status":"publish","type":"product","link":"https:\/\/www.hydraulic-cylinders.net\/et\/toode\/boom-cylinder-for-komatsu-small-excavator-pc30-8\/","title":{"rendered":"Komatsu v\u00e4ikese ekskavaatori PC30-8 poomi silinder"},"content":{"rendered":"<h1>Komatsu v\u00e4ikese ekskavaatori PC30-8 poomi silinder<\/h1>\n<h2>Toote \u00fclevaade<\/h2>\n<p>Komatsu v\u00e4ikeekskavaatori PC30-8 noole silinder on ekskavaatorite h\u00fcdros\u00fcsteemi oluline komponent. See h\u00fcdrosilinder on spetsiaalselt loodud noole liikumise juhtimiseks, v\u00f5imaldades ekskavaatori kopa t\u00e4pset t\u00f5stmist, langetamist ja kallutamist. Nende liikumiste h\u00f5lbustamisega suurendab noole silinder materjalik\u00e4itlust\u00f6\u00f6de efektiivsust, muutes selle rasketehnika asendamatuks osaks.<\/p>\n<p><img decoding=\"async\" src=\"https:\/\/www.hydraulic-cylinders.net\/wp-content\/uploads\/2025\/04\/songte-company-1.webp\" alt=\"Ekskavaatori poomi silinder\" \/><\/p>\n<h3>Definitsioon ja funktsioon<\/h3>\n<p>Kopa silinder on h\u00fcdraulilise silindri t\u00fc\u00fcp, mis on spetsialiseerunud rasketehnika lisaseadmete, n\u00e4iteks koppade liikumise juhtimisele. Selle konstruktsioon v\u00f5imaldab poomi sujuvat v\u00e4lja- ja sisseliikumist, pakkudes vajalikku j\u00f5udu raskete koormate t\u00f5stmiseks. H\u00fcdraulika\u00f5li r\u00f5hk silindris m\u00e4ngib selle t\u00f6\u00f6s olulist rolli, v\u00f5imaldades kiiret ja tundlikku juhtimist. Arvestades ehituse, p\u00f5llumajanduse ja erinevate t\u00f6\u00f6stusharude n\u00f5udmisi, on poomi silindri vastupidav konstruktsioon ja t\u00f5hus t\u00f6\u00f6 optimaalse j\u00f5udluse saavutamiseks kriitilise t\u00e4htsusega.<\/p>\n<h2>Poomi silindri omadused<\/h2>\n<ul>\n<li><strong>Suur tugevus ja vastupidavus:<\/strong> Valmistatud \u00fclitugevast terasest v\u00f5i alumiiniumist, talub see k\u00f5rget r\u00f5hku ja suuri koormusi, tagades t\u00f6\u00f6kindluse karmides keskkondades.<\/li>\n<li><strong>T\u00f5hus h\u00fcdrauliline t\u00f6\u00f6:<\/strong> Kasutab sujuvaks pikendamiseks ja tagasit\u00f5mbamiseks h\u00fcdraulilist \u00f5lir\u00f5hku, pakkudes v\u00f5imsat t\u00f5uke- ja t\u00f5mbev\u00f5imet.<\/li>\n<li><strong>Erinevad t\u00fc\u00fcbid:<\/strong> Saadaval \u00fche- v\u00f5i kahetoimelise konfiguratsioonina, et rahuldada erinevaid t\u00f6\u00f6vajadusi, m\u00f5nedel mudelitel on teleskoopkonstruktsioonid suurema ulatuse tagamiseks.<\/li>\n<li><strong>Kulumis- ja korrosioonikindlus:<\/strong> Valmistatud kulumiskindlatest materjalidest ja kaitsekatetest, et pikendada kasutusiga.<\/li>\n<li><strong>Lihtne integreerimine:<\/strong> Loodud sobima laiale valikule ekskavaatorimudelitele, tagades sujuva asendamise ja uuendamise.<\/li>\n<\/ul>\n<h2>Tootmisv\u00f5imalused<\/h2>\n<p>Meie tehas on varustatud kvaliteetsete poomisilindrite tootmiseks, mis asendavad ideaalselt olemasolevaid h\u00fcdrosilindreid. Tagame, et meie tooted vastavad rangetele kvaliteedistandarditele, pakkudes t\u00f6\u00f6kindlust ja j\u00f5udlust.<\/p>\n<p><img decoding=\"async\" src=\"https:\/\/www.hydraulic-cylinders.net\/wp-content\/uploads\/2025\/04\/songte-cylinder-head-with-all-kinds-excavator-models.webp\" alt=\"H\u00fcdraulilise silindri tootmine\" \/><\/p>\n<h2>Poomi silindri rakendused<\/h2>\n<h3>Ehitustehnika<\/h3>\n<p>Ekskavaatorites on noolesilindrid kaevamisel, laadimisel ja pinnase v\u00f5i prahi teisaldamisel kesksel kohal. Need v\u00f5imaldavad t\u00e4pset juhtimist, mis on vajalik kraavide kaevamiseks v\u00f5i raskete materjalide t\u00f5stmiseks, suurendades \u00fcldist tootlikkust t\u00f6\u00f6platsidel.<\/p>\n<h3>P\u00f5llumajandustehnika<\/h3>\n<p>Esilaadurites aitavad noolesilindrid mulda, heina ja muid materjale \u00fcles korjata, t\u00f5sta ja transportida, mis on p\u00f5llumajanduses olulise raskuse k\u00e4sitsemist n\u00f5udvate \u00fclesannete puhul h\u00e4davajalik.<\/p>\n<h3>Ekskavaatorid<\/h3>\n<p>Ekskavaatorites kasutatav noole silinder v\u00f5imaldab kopal t\u00f5husalt maasse tungida, h\u00f5lbustades t\u00f5husat kaevamist ja mullat\u00f6\u00f6d.<\/p>\n<h3>Laadurid<\/h3>\n<p>Frontaallaaduritel on neil v\u00f5tmeroll koormate t\u00f5stmisel ja mahalaadimisel, v\u00f5imaldades t\u00f5husat t\u00f6\u00f6d ehitus- ja materjalik\u00e4itlust\u00f6\u00f6del.<\/p>\n<h2>Projekteerimiskaalutlused ja valikukriteeriumid<\/h2>\n<h3>Kandev\u00f5ime<\/h3>\n<p>Poomi silindri kandev\u00f5ime on kriitilise t\u00e4htsusega. See peab olema konstrueeritud nii, et see taluks maksimaalset raskust, millega see t\u00f6\u00f6tamise ajal kokku puutub, ilma et see kahjustaks ohutust v\u00f5i j\u00f5udlust. Sobiva kandev\u00f5imega silindri valimine tagab t\u00f6\u00f6kindluse ja funktsionaalsuse n\u00f5udlikes rakendustes.<\/p>\n<h3>Tihendusmehhanismid<\/h3>\n<p>T\u00f5hus tihendus on oluline h\u00fcdraulilise vedeliku lekete v\u00e4ltimiseks, mis v\u00f5ivad v\u00e4hendada efektiivsust ja ohustada ohutust. Kvaliteetsete ja vastupidavatest materjalidest tihendite valimine aitab s\u00e4ilitada r\u00f5hku ja pikendada silindri eluiga.<\/p>\n<h3>Vastupidavus<\/h3>\n<p>Vastupidavus on noolesilindrite disainimisel v\u00f5tmetegur. Need puutuvad kokku karmide t\u00f6\u00f6tingimustega, mis n\u00f5uab kulumiskindlaid materjale ja tootmisprotsesse, tagades seel\u00e4bi pikema kasutusea.<\/p>\n<h3>Turvaelemendid<\/h3>\n<p>H\u00fcdraulilistes s\u00fcsteemides on ohutus esmat\u00e4htis. Selliste funktsioonide nagu r\u00f5huvabastusventiilide ja avariiv\u00e4ljal\u00fclitusmehhanismide lisamine aitab leevendada h\u00fcdrauliliste riketega seotud riske.<\/p>\n<h3>Hooldus ja remonditavus<\/h3>\n<p>Lihtsat hooldust silmas pidades projekteerimine on \u00fclioluline. Balloonid peaksid v\u00f5imaldama komponentide lihtsat kontrollimist ja vahetamist, minimeerides seisakuid ja hoolduskulusid.<\/p>\n<p><img decoding=\"async\" src=\"https:\/\/www.hydraulic-cylinders.net\/wp-content\/uploads\/2025\/04\/songte-oil-pipes-and-spare-parts.webp\" alt=\"H\u00fcdrauliliste silindrite osad\" \/><\/p>\n<h2>Tihendus ja m\u00e4\u00e4rimine<\/h2>\n<p>Poomi silindri efektiivsus s\u00f5ltub suuresti selle tihendus- ja m\u00e4\u00e4rimiss\u00fcsteemidest. Kasutatakse mitmesuguseid tihendeid, n\u00e4iteks kolvitihendeid ja vardatihendeid, mis on tavaliselt valmistatud vastupidavatest materjalidest nagu pol\u00fcuretaan ja nitriilkummi. Need materjalid suurendavad kulumiskindlust ja pikaealisust.<\/p>\n<p>Lisaks on silindri korpus ja keermestatud pinnad kulumiskindluse parandamiseks hoolikalt viimistletud. Regulaarne m\u00e4\u00e4rimine sobiva h\u00fcdraulika\u00f5liga on j\u00f5udluse s\u00e4ilitamiseks ja kahjustuste v\u00e4ltimiseks h\u00e4davajalik.<\/p>\n<h2>Regulaarne kontroll ja ennetav hooldus<\/h2>\n<ul>\n<li><strong>Regulaarsed kontrollid:<\/strong> Optimaalse j\u00f5udluse tagamiseks kontrollige silindrit regulaarselt lekete, kulumise ja muude kahjustuste suhtes.<\/li>\n<li><strong>\u00d5ige m\u00e4\u00e4rimine:<\/strong> Hoidke h\u00fcdraulika\u00f5li \u00f5iget taset ja veenduge, et m\u00e4\u00e4rimispunktid oleksid piisavalt hooldatud, et v\u00e4ltida kulumist.<\/li>\n<li><strong>Tihendi vahetamine:<\/strong> Vahetage tihendeid vastavalt vajadusele, et tagada lekete v\u00e4ltimine ja s\u00e4ilitada r\u00f5hk h\u00fcdraulikas\u00fcsteemis.<\/li>\n<\/ul>\n<h2>Paigaldusjuhised<\/h2>\n<p>\u00d5ige paigaldus on poomi silindri j\u00f5udluse ja pikaealisuse seisukohalt kriitilise t\u00e4htsusega. Alustage silindri t\u00e4psest joondamisest ekskavaatori kinnituspunktidega. Kasutage silindri kinnitamiseks \u00f5igeid kinnitusklambreid, tagades selle takistusteta t\u00f6\u00f6tamise.<\/p>\n<p>J\u00e4rgige tootja spetsifikatsioone p\u00f6\u00f6rdemomendi s\u00e4tete osas ja kasutage kvaliteetseid kinnitusvahendeid, et v\u00e4ltida aja jooksul lahti tulemist. P\u00e4rast paigaldamist tehke p\u00f5hjalik joondatuse kontroll ja veenduge enne masina kasutamist, et k\u00f5ik h\u00fcdraulika\u00fchendused on kindlalt paigas.<\/p>\n<h2>Levinumad hooldust\u00f6\u00f6d<\/h2>\n<h3>Regulaarsed kontrollid<\/h3>\n<p>Probleemide varajaseks avastamiseks on oluline j\u00e4rjepidev kontroll. Kontrollige t\u00f6\u00f6 ajal kulumise m\u00e4rke, lekkeid v\u00f5i ebatavalisi helisid. Varajane avastamine aitab v\u00e4ltida kulukaid remondit\u00f6id.<\/p>\n<h3>\u00d5ige m\u00e4\u00e4rimine<\/h3>\n<p>Veenduge, et h\u00fcdraulika\u00f5li tase on \u00f5ige ja k\u00f5ik liikuvad osad on piisavalt m\u00e4\u00e4ritud. N\u00f5uetekohane m\u00e4\u00e4rimine minimeerib h\u00f5\u00f5rdumist ja kulumist, pikendades silindri eluiga.<\/p>\n<h3>Tihendi vahetamine ja kalibreerimise kontrollimine<\/h3>\n<p>Kontrollige regulaarselt tihendite kulumist ja vajadusel vahetage need v\u00e4lja. Kalibreerimiskontrollid tagavad, et silinder t\u00f6\u00f6tab etten\u00e4htud parameetrite piires, ennetades t\u00f6\u00f6katkestusi.<\/p>\n<p><img decoding=\"async\" src=\"https:\/\/www.hydraulic-cylinders.net\/wp-content\/uploads\/2025\/04\/songte-chushion-collar.webp\" alt=\"H\u00fcdraulilise silindri hooldus\" \/><\/p>\n<h2>Ohutuskaalutlused ja keskkonnategurid<\/h2>\n<p>H\u00fcdrauliliste silindrite k\u00e4itamisel on ohutusmeetmete rakendamine \u00fclioluline. Operaatorid peaksid olema koolitatud masinate ohutuks k\u00e4sitsemiseks ja m\u00f5istma h\u00fcdraulikas\u00fcsteemidega seotud riske. J\u00e4rgige alati tootja juhiseid ja kandke riski minimeerimiseks sobivaid isikukaitsevahendeid.<\/p>\n<h2>Rikete diagnoosimine ja levinud probleemid<\/h2>\n<ul>\n<li><strong>H\u00fcdraulilise vedeliku lekked:<\/strong> Levinud probleem, mis v\u00f5ib viia j\u00f5udluse v\u00e4henemiseni. Kontrollige tihendeid ja \u00fchendusi.<\/li>\n<li><strong>Ebaj\u00e4rjekindel silindri liikumine:<\/strong> See v\u00f5ib viidata h\u00fcdraulikavedeliku v\u00f5i silindri sisemiste probleemidele. Veenduge vedeliku kvaliteedis ja kontrollige sisemist kulumist.<\/li>\n<li><strong>M\u00fcra t\u00f6\u00f6tamise ajal:<\/strong> Ebatavalised helid v\u00f5ivad viidata mehaanilistele probleemidele v\u00f5i madalale h\u00fcdraulikavedeliku tasemele. Uurige viivitamatult.<\/li>\n<\/ul>\n<h2>Veaotsingu n\u00e4pun\u00e4ited<\/h2>\n<p>Probleemide t\u00f5husaks diagnoosimiseks ja lahendamiseks pidage t\u00f6\u00f6tulemuste logi, kontrollige regulaarselt komponente ja tegutsege k\u00f5igi anomaaliate korral. Rakendage ennetavaid meetmeid, n\u00e4iteks rutiinset hooldust, et minimeerida v\u00f5imalikke probleeme.<\/p>\n<p><img decoding=\"async\" src=\"https:\/\/www.hydraulic-cylinders.net\/wp-content\/uploads\/2025\/04\/songte-bushings-with-all-kinds-of-excavator-models.webp\" alt=\"H\u00fcdraulilise silindri probleemid\" \/><\/p>\n<h2>Meie ettev\u00f5ttest<\/h2>\n<p>Oleme juhtiv asendush\u00fcdrauliliste silindrite tootja, pakkudes laia tootevalikut, mis on teinud meist nii sise- kui ka rahvusvahelistel turgudel v\u00f5tmetegija. Meie p\u00fchendumus tipptasemele peegeldub meie detailsetes tootmisprotsessides ja rangetes kvaliteedikontrollis\u00fcsteemides.<\/p>\n<p>Varustatuna tipptehnoloogia ja oskuslike spetsialistidega, t\u00e4iustame pidevalt oma tootmisv\u00f5imalusi, et rahuldada klientide mitmekesiseid vajadusi. Meie tooted on rahvusvaheliste sertifikaatidega tagatud, mis tagab t\u00f6\u00f6kindluse ja j\u00f5udluse.<\/p>\n<p>Pakume ka kohandatud teenuseid, mis v\u00f5imaldab meil rahuldada klientide erivajadusi. Meie p\u00fchendunud m\u00fc\u00fcgij\u00e4rgne tugi tagab klientidele igak\u00fclgse abi, tugevdades veelgi meie mainet kvaliteedi ja teeninduse osas.<\/p>\n<p><img decoding=\"async\" src=\"https:\/\/www.hydraulic-cylinders.net\/wp-content\/uploads\/2025\/04\/songte-company-4.webp\" alt=\"Meie ettev\u00f5te\" \/><br \/>\n<img decoding=\"async\" src=\"https:\/\/www.hydraulic-cylinders.net\/wp-content\/uploads\/2025\/04\/songte-company-3.webp\" alt=\"H\u00fcdrauliliste silindrite tootmine\" \/><\/p>\n<p>Autor: lyl<\/p>","protected":false},"excerpt":{"rendered":"<p>Boom Cylinder For Komatsu Small Excavator PC30-8 Product Overview The Boom Cylinder for Komatsu Small Excavator PC30-8 is a crucial component in the hydraulic system of excavators. This hydraulic cylinder is designed specifically to control the movement of the boom, allowing for precise lifting, lowering, and tilting of the excavator\u2019s bucket. By facilitating these motions, [&hellip;]<\/p>","protected":false},"featured_media":17872,"comment_status":"open","ping_status":"closed","template":"","meta":{"_et_pb_use_builder":"","_et_pb_old_content":"","_et_gb_content_width":""},"product_brand":[],"product_cat":[1546],"product_tag":[1547,1496],"class_list":{"0":"post-18840","1":"product","2":"type-product","3":"status-publish","4":"has-post-thumbnail","6":"product_cat-boom-cylinders","7":"product_tag-boom-cylinders","8":"product_tag-hydraulic-cylinders","10":"first","11":"instock","12":"shipping-taxable","13":"product-type-simple"},"amp_enabled":true,"_links":{"self":[{"href":"https:\/\/www.hydraulic-cylinders.net\/et\/wp-json\/wp\/v2\/product\/18840","targetHints":{"allow":["GET"]}}],"collection":[{"href":"https:\/\/www.hydraulic-cylinders.net\/et\/wp-json\/wp\/v2\/product"}],"about":[{"href":"https:\/\/www.hydraulic-cylinders.net\/et\/wp-json\/wp\/v2\/types\/product"}],"replies":[{"embeddable":true,"href":"https:\/\/www.hydraulic-cylinders.net\/et\/wp-json\/wp\/v2\/comments?post=18840"}],"wp:featuredmedia":[{"embeddable":true,"href":"https:\/\/www.hydraulic-cylinders.net\/et\/wp-json\/wp\/v2\/media\/17872"}],"wp:attachment":[{"href":"https:\/\/www.hydraulic-cylinders.net\/et\/wp-json\/wp\/v2\/media?parent=18840"}],"wp:term":[{"taxonomy":"product_brand","embeddable":true,"href":"https:\/\/www.hydraulic-cylinders.net\/et\/wp-json\/wp\/v2\/product_brand?post=18840"},{"taxonomy":"product_cat","embeddable":true,"href":"https:\/\/www.hydraulic-cylinders.net\/et\/wp-json\/wp\/v2\/product_cat?post=18840"},{"taxonomy":"product_tag","embeddable":true,"href":"https:\/\/www.hydraulic-cylinders.net\/et\/wp-json\/wp\/v2\/product_tag?post=18840"}],"curies":[{"name":"wp","href":"https:\/\/api.w.org\/{rel}","templated":true}]}}