{"id":18852,"date":"2025-04-07T05:58:39","date_gmt":"2025-04-07T05:58:39","guid":{"rendered":"https:\/\/www.hydraulic-cylinders.net\/product\/boom-cylinder-for-komatsu-middle-excavator-pc228\/"},"modified":"2025-04-07T05:58:42","modified_gmt":"2025-04-07T05:58:42","slug":"boom-cylinder-for-komatsu-middle-excavator-pc228","status":"publish","type":"product","link":"https:\/\/www.hydraulic-cylinders.net\/et\/toode\/boom-cylinder-for-komatsu-middle-excavator-pc228\/","title":{"rendered":"Komatsu keskmise ekskavaatori PC228 poomi silinder"},"content":{"rendered":"<h1>Komatsu keskmise ekskavaatori PC228 poomi silinder<\/h1>\n<h2>Toote \u00fclevaade<\/h2>\n<p>Komatsu keskmise ekskavaatori PC228 noole silinder on oluline komponent, mis on loodud ehitusmasinate h\u00fcdraulikas\u00fcsteemide j\u00f5udluse ja funktsionaalsuse parandamiseks. See h\u00fcdraulika silinder on spetsialiseerunud kopa liikumise juhtimisele rasketehnikas, n\u00e4iteks ekskavaatorites, laadur-ekskavaatorites ja esilaadurites. See v\u00f5imaldab kopal t\u00f5usta, langetada ja kallutada, h\u00f5lbustades mitmesuguseid materjalik\u00e4itlust\u00f6id.<\/p>\n<p>Kopasilindrid m\u00e4ngivad h\u00fcdraulikas\u00fcsteemis olulist rolli, muutes h\u00fcdraulilise r\u00f5hu mehaaniliseks j\u00f5uks, tagades sujuva ja t\u00f5husa t\u00f6\u00f6. Oma vastupidava konstruktsiooniga peavad nad vastu k\u00f5rgsurvekeskkonnale, muutes need asendamatuks rasketes rakendustes.<\/p>\n<p><img decoding=\"async\" src=\"https:\/\/www.hydraulic-cylinders.net\/wp-content\/uploads\/2025\/04\/songte-company-1.webp\" alt=\"Ekskavaatorite poomi silinder\"><\/p>\n<h3>Peamised omadused<\/h3>\n<ul>\n<li><strong>Suur tugevus ja vastupidavus:<\/strong> Need \u00fclitugevast terasest v\u00f5i alumiiniumist valmistatud silindrid taluvad k\u00f5rget r\u00f5hku ja suuri koormusi, sobides karmideks t\u00f6\u00f6tingimusteks. Projekteerimisel on arvestatud kulumiskindluse ja korrosioonikindlusega, pikendades kasutusiga.<\/li>\n<li><strong>T\u00f5hus h\u00fcdrauliline t\u00f6\u00f6:<\/strong> Kasutades sujuvat teleskoopliikumist h\u00fcdraulilise \u00f5li r\u00f5hku abil, reageerivad nad kiiresti t\u00f6\u00f6k\u00e4skudele, pakkudes v\u00f5imsaid t\u00f5uke- ja t\u00f5mbev\u00f5imeid, mis sobivad ideaalselt raskete ja keerukate \u00fclesannete t\u00e4itmiseks.<\/li>\n<li><strong>Erinevad t\u00fc\u00fcbid:<\/strong> Saadaval \u00fchetoimelise (\u00fches suunas t\u00f6\u00f6tav) v\u00f5i kahetoimelise (m\u00f5lemas suunas t\u00f6\u00f6tav) konstruktsioonina, et rahuldada erinevaid t\u00f6\u00f6vajadusi. Teatud mudelid on teleskoopilised, v\u00f5imaldades suuremat pikendust ilma v\u00e4lism\u00f5\u00f5tmeid suurendamata, mis sobib ruumikitsastes rakendustes.<\/li>\n<li><strong>T\u00e4ppistehnika:<\/strong> Need silindrid on t\u00e4pselt konstrueeritud, et tagada \u00fchilduvus ja sujuv integratsioon erinevate ekskavaatorimudelitega, suurendades seel\u00e4bi t\u00f6\u00f6 efektiivsust.<\/li>\n<li><strong>Kohandatavus:<\/strong> Me saame seda toodet toota, pakkudes ideaalseid asendusi nendele h\u00fcdrosilindritele, tagades, et kliendid saavad oma seadmete jaoks t\u00e4pselt seda, mida nad vajavad.<\/li>\n<\/ul>\n<p><img decoding=\"async\" src=\"https:\/\/www.hydraulic-cylinders.net\/wp-content\/uploads\/2025\/04\/songte-cylinder-head-with-all-kinds-excavator-models.webp\" alt=\"Erinevad ekskavaatorimudelid\"><\/p>\n<h2>Rakendusstsenaariumid<\/h2>\n<h3>Ehitustehnika<\/h3>\n<p>Ekskavaatorites on noolesilindrid kriitilise t\u00e4htsusega kaevamisel, laadimisel ja mulla v\u00f5i prahi teisaldamisel. Need v\u00f5imaldavad kopa liikumise t\u00e4pset juhtimist, h\u00f5lbustades t\u00f5husat kaevet\u00f6\u00f6d. Ekskavaatoritel aitab kopa silinder lisaks kaevamisele ka materjalide t\u00f5stmisele, parandades \u00fcldist tootlikkust.<\/p>\n<h3>P\u00f5llumajandustehnika<\/h3>\n<p>Esilaadurites kasutatakse neid silindreid mulla, heina ja muude materjalide kopeerimiseks, t\u00f5stmiseks ja transportimiseks. H\u00fcdrauliline poom tagab sujuva t\u00f6\u00f6, v\u00e4hendades operaatori koormust ja suurendades materjali transportimise kiirust.<\/p>\n<h3>Ekskavaatorid<\/h3>\n<p>Ekskavaatorites v\u00f5imaldab kopa silinder kopal t\u00f5husalt pinnasesse tungida, t\u00e4ites olulisi kaevamis\u00fclesandeid. Selle silindri efektiivsus m\u00f5jutab otseselt kaevamisprotsessi tulemuslikkust, muutes selle eduka t\u00f6\u00f6 tagamise oluliseks komponendiks.<\/p>\n<h3>Laadurid<\/h3>\n<p>Esilaaduritel aitavad noolesilindrid koormaid t\u00f5husalt t\u00f5sta ja t\u00fchjendada. Need annavad vajaliku j\u00f5u raskete materjalide t\u00f5stmiseks, parandades masina v\u00f5imet erinevaid materjale ja \u00fclesandeid t\u00f5husalt k\u00e4sitseda.<\/p>\n<h2>Projekteerimiskaalutlused ja valikukriteeriumid<\/h2>\n<h3>Kandev\u00f5ime<\/h3>\n<p>Poomi silindri valimisel on kandev\u00f5ime \u00fclioluline. Oluline on tagada, et silinder suudaks kanda maksimaalset raskust, millega see t\u00f6\u00f6tamise ajal kokku puutub. See n\u00f5uab nii silindri kui ka sellega kasutatava masina spetsifikatsioonide m\u00f5istmist. Ebapiisava kandev\u00f5imega silinder v\u00f5ib p\u00f5hjustada rikke, mis omakorda p\u00f5hjustab seisakuid ja ohutusriske.<\/p>\n<h3>Tihendi terviklikkus<\/h3>\n<p>Tihendus on h\u00fcdraulilise silindri konstruktsioonis veel \u00fcks kriitiline tegur. T\u00f5husad tihendid hoiavad \u00e4ra h\u00fcdraulilise vedeliku lekke, mis v\u00f5ib p\u00f5hjustada j\u00f5udlusprobleeme ja vedeliku kadu. Kvaliteetsed tihendusmaterjalid, n\u00e4iteks pol\u00fcuretaan ja nitriilkummi, on \u00fcliolulised, kuna need peavad aja jooksul vastu kulumisele ja lagunemisele, s\u00e4ilitades h\u00fcdraulilise efektiivsuse.<\/p>\n<h3>Vastupidavus<\/h3>\n<p>Vastupidavus on iga h\u00fcdraulikakomponendi puhul oluline, eriti karmides keskkondades. Poomi silindri valmistamisel kasutatud materjalid peaksid olema kulumis- ja korrosioonikindlad. See tagab, et silinder talub rasket kasutamist ja keskkonnategureid, pikendades selle eluiga ja t\u00f6\u00f6kindlust.<\/p>\n<h3>Turvaelemendid<\/h3>\n<p>H\u00fcdrauliliste silindrite projekteerimisel ei saa ohutust t\u00e4helepanuta j\u00e4tta. Sellised omadused nagu r\u00f5huvabastusventiilid ja vastupidavad konstruktsioonimaterjalid aitavad kaasa \u00fcldisele t\u00f6\u00f6ohutusele. On oluline tagada, et silinder taluks ootamatuid t\u00f6\u00f6koormusi ilma purunemata, mis v\u00f5ivad kujutada endast olulist ohtu operaatoritele ja \u00fcmbritsevatele t\u00f6\u00f6tajatele.<\/p>\n<h3>Hooldatavus<\/h3>\n<p>L\u00f5puks on hooldatavus \u00fclioluline kaalutlus. Konstruktsioon peaks v\u00f5imaldama h\u00f5lpsat juurdep\u00e4\u00e4su komponentidele, mis v\u00f5ivad vajada regulaarset kontrolli v\u00f5i v\u00e4ljavahetamist. H\u00e4sti disainitud h\u00fcdrosilinder v\u00f5imaldab t\u00f5husaid hooldusrutiine, minimeerides seisakuid ja v\u00f5imalikke t\u00f6\u00f6probleeme.<\/p>\n<p><img decoding=\"async\" src=\"https:\/\/www.hydraulic-cylinders.net\/wp-content\/uploads\/2025\/04\/songte-oil-pipes-and-spare-parts.webp\" alt=\"H\u00fcdrauliliste silindrite osad\"><\/p>\n<h2>Tihendus ja m\u00e4\u00e4rimine<\/h2>\n<p>Poomi silindrite j\u00f5udlus s\u00f5ltub suuresti t\u00f5husatest tihendus- ja m\u00e4\u00e4rimiss\u00fcsteemidest. H\u00fcdraulilise r\u00f5hu s\u00e4ilitamiseks ja lekete v\u00e4ltimiseks on kriitilise t\u00e4htsusega mitmesugused tihenduskomponendid, sealhulgas kolvitihendid ja vardatihendid. Oluline on valida vastupidavad ja kulumiskindlad tihendusmaterjalid, n\u00e4iteks pol\u00fcuretaan ja nitriilkummi.<\/p>\n<p>Lisaks tuleks silindri korpust ja keermestatud otsi kulumiskindluse suurendamiseks peent\u00f6\u00f6delda. Sujuva t\u00f6\u00f6 tagamiseks ja h\u00f5\u00f5rdumisest tingitud kahjustuste v\u00e4ltimiseks on vaja regulaarset m\u00e4\u00e4rimist h\u00fcdraulika\u00f5liga. N\u00f5uetekohane m\u00e4\u00e4rimine mitte ainult ei pikenda silindri eluiga, vaid tagab ka optimaalse j\u00f5udluse t\u00f6\u00f6tamise ajal.<\/p>\n<h2>Ennetavad hooldusmeetmed<\/h2>\n<ul>\n<li><strong>Regulaarsed kontrollid:<\/strong> Tehke h\u00fcdraulikas\u00fcsteemi regulaarseid kontrolle, et tuvastada kulumise v\u00f5i kahjustuste m\u00e4rke. See h\u00f5lmab tihendite, voolikute ja \u00fchenduste kontrollimist lekete v\u00f5i halvenemise suhtes.<\/li>\n<li><strong>Sobiv m\u00e4\u00e4rimine:<\/strong> Veenduge, et h\u00fcdraulika\u00f5li tase on piisav ja et s\u00fcsteem on m\u00e4\u00e4ritud vastavalt tootja juhistele. See v\u00e4hendab h\u00f5\u00f5rdumise ja \u00fclekuumenemise ohtu.<\/li>\n<li><strong>Tihendi vahetamine:<\/strong> H\u00fcdraulilise efektiivsuse s\u00e4ilitamiseks ja lekete v\u00e4ltimiseks j\u00e4lgige regulaarselt tihendite seisukorda ja vahetage need vastavalt vajadusele v\u00e4lja.<\/li>\n<\/ul>\n<h2>Paigaldusjuhised<\/h2>\n<p>Poomi silindri \u00f5ige paigaldamine on selle j\u00f5udluse ja pikaealisuse seisukohalt \u00fclioluline. Alustage veendumisest, et silinder ja selle kinnituspunktid on puhtad ja prahist vabad. Joondage silinder t\u00e4pselt kinnitusklambritega, et v\u00e4ltida joondamata j\u00e4tmist, mis v\u00f5ib p\u00f5hjustada enneaegset kulumist v\u00f5i riket.<\/p>\n<p>Silindri kinnitamiseks kasutage sobivaid kinnitusklambreid, veendudes, et k\u00f5ik poldid on tootja spetsifikatsioonide kohaselt pingutatud. Enne masina kasutamist on oluline h\u00fcdraulika\u00fchendusi lekete suhtes topeltkontrollida.<\/p>\n<p>P\u00e4rast paigaldamist tehke p\u00f5hjalik test, et veenduda silindri sujuvas t\u00f6\u00f6s ja juhtimisk\u00e4skluste korrektses reageerimises. Regulaarsed hindamised p\u00e4rast paigaldamist tagavad silindri optimaalse toimimise.<\/p>\n<h2>Levinumad hooldust\u00f6\u00f6d<\/h2>\n<ul>\n<li><strong>Regulaarsed kontrollid:<\/strong> Sagedased kontrollid on olulised v\u00f5imalike probleemide varajaseks avastamiseks. Kontrollige vedelikulekete, tihendite kulumist ja silindri \u00fcldist terviklikkust.<\/li>\n<li><strong>\u00d5ige m\u00e4\u00e4rimine:<\/strong> Piisav m\u00e4\u00e4rimine hoiab \u00e4ra kulumise ja suurendab t\u00f6\u00f6 efektiivsust. Veenduge, et h\u00fcdraulika\u00f5li tase oleks piisav, ja m\u00e4\u00e4rige liikuvaid osi vastavalt juhistele.<\/li>\n<li><strong>Tihendi vahetamine ja kalibreerimise kontrollimine:<\/strong> R\u00f5hu ja efektiivsuse s\u00e4ilitamiseks vahetage regulaarselt tihendeid, samal ajal kui s\u00fcsteemi kalibreerimine tagab silindri t\u00f6\u00f6tamise soovitud parameetrite piires.<\/li>\n<\/ul>\n<h2>Ohutuskaalutlused ja keskkonnategurid<\/h2>\n<p>H\u00fcdraulikas\u00fcsteemidega t\u00f6\u00f6tamisel on ohutusmeetmed \u00fcliolulised. Operaatorid peaksid olema koolitatud s\u00fcsteemide n\u00f5uetekohase k\u00e4sitsemise ja kasutamise osas, et v\u00e4ltida \u00f5nnetusi. Veenduge, et k\u00f5ik kaitseseadised oleksid paigas ja et h\u00fcdrosilindri nimiv\u00f5imsust ei \u00fcletataks. Ohutusprotokollide rakendamine aitab leevendada h\u00fcdros\u00fcsteemi riketega seotud riske.<\/p>\n<h2>Veaotsing ja levinud probleemid<\/h2>\n<ul>\n<li><strong>Vedeliku lekked:<\/strong> Kui lekib vedelikku, kontrollige tihendeid ja \u00fchendusi. R\u00f5hukadude v\u00e4ltimiseks vahetage kahjustatud osad v\u00e4lja.<\/li>\n<li><strong>Aeglane silindri reaktsioon:<\/strong> Aeglane reageering v\u00f5ib viidata madalale h\u00fcdraulikavedeliku tasemele v\u00f5i \u00f5hule s\u00fcsteemis. Kontrollige vedeliku taset ja \u00f5hutage s\u00fcsteemi vastavalt vajadusele.<\/li>\n<li><strong>Liigne m\u00fcra:<\/strong> Ebatavalised helid t\u00f6\u00f6tamise ajal v\u00f5ivad viidata mehaanilistele probleemidele v\u00f5i m\u00e4\u00e4rimise puudumisele. Uurige allikat ja tegelege hooldusvajadustega.<\/li>\n<\/ul>\n<h2>Vea lahendamise n\u00e4pun\u00e4ited<\/h2>\n<p>Probleemide kiire lahendamine nende tekkimisel aitab s\u00e4ilitada h\u00fcdraulikas\u00fcsteemi t\u00f5husust ja ohutust. Regulaarsed hoolduskontrollid aitavad v\u00e4ltida v\u00f5imalike probleemide eskaleerumist. Toimivusn\u00e4itajate j\u00e4lgimine ja kulumis- v\u00f5i kahjustusn\u00e4htudele reageerimine aitab operaatoritel tagada poomi silindri pikaealisuse.<\/p>\n<p><img decoding=\"async\" src=\"https:\/\/www.hydraulic-cylinders.net\/wp-content\/uploads\/2025\/04\/songte-bushings-with-all-kinds-of-excavator-models.webp\" alt=\"Puksidega ekskavaatorimudelid\"><\/p>\n<h2>Ettev\u00f5tte \u00fclevaade<\/h2>\n<p>Oleme juhtiv h\u00fcdrosilindrite tootja, mis on spetsialiseerunud h\u00fcdraulikakomponentide kvaliteetsete alternatiivide pakkumisele. Meie lai tootevalik teeb meist \u00fche juhtiva tootja ja hulgim\u00fc\u00fcja nii sise- kui ka rahvusvahelisel turul. Meie eesm\u00e4rk on pakkuda tippkvaliteeti, mida toetab meie peenelt h\u00e4\u00e4lestatud t\u00f6\u00f6kodades rakendatav industrialiseeritud tootmisjuhtimise strateegia.<\/p>\n<p>Meie ettev\u00f5te t\u00e4iustab pidevalt oma tootmisv\u00f5imalusi, kasutades \u00e4ra tehnilist talenti, tipptasemel digitaalseid tootmisseadmeid ja professionaalseid testimiss\u00fcsteeme. See p\u00fchendumus innovatsioonile tagab, et rahuldame oma klientide mitmekesiseid vajadusi suure efektiivsuse, t\u00e4psuse ja kvaliteedistandarditega.<\/p>\n<p><img decoding=\"async\" src=\"https:\/\/www.hydraulic-cylinders.net\/wp-content\/uploads\/2025\/04\/songte-company-4.webp\" alt=\"Ettev\u00f5tte \u00fclevaade\"><br \/>\n<img decoding=\"async\" src=\"https:\/\/www.hydraulic-cylinders.net\/wp-content\/uploads\/2025\/04\/songte-company-3.webp\" alt=\"Tootmisprotsess\"><\/p>\n<p>Ekspertiis, rahvusvahelised sertifikaadid, kohandatud teenused, t\u00e4iustatud tootmisseadmed ja p\u00fchendunud m\u00fc\u00fcgij\u00e4rgne tugi on vaid m\u00f5ned aspektid meie p\u00fchendumusest pakkuda parimaid tooteid ja teenuseid h\u00fcdrosilindrite t\u00f6\u00f6stuses.<\/p>\n<p>Autor: lyl<\/p>","protected":false},"excerpt":{"rendered":"<p>Boom Cylinder For Komatsu Middle Excavator PC228 Product Overview The Boom Cylinder for Komatsu Middle Excavator PC228 is a crucial component designed to enhance the performance and functionality of hydraulic systems in construction machinery. This hydraulic cylinder is specialized in controlling the movement of the bucket in heavy equipment such as excavators, backhoe loaders, and [&hellip;]<\/p>","protected":false},"featured_media":17869,"comment_status":"open","ping_status":"closed","template":"","meta":{"_et_pb_use_builder":"","_et_pb_old_content":"","_et_gb_content_width":""},"product_brand":[],"product_cat":[1546],"product_tag":[1547,1496],"class_list":{"0":"post-18852","1":"product","2":"type-product","3":"status-publish","4":"has-post-thumbnail","6":"product_cat-boom-cylinders","7":"product_tag-boom-cylinders","8":"product_tag-hydraulic-cylinders","10":"first","11":"instock","12":"shipping-taxable","13":"product-type-simple"},"amp_enabled":true,"_links":{"self":[{"href":"https:\/\/www.hydraulic-cylinders.net\/et\/wp-json\/wp\/v2\/product\/18852","targetHints":{"allow":["GET"]}}],"collection":[{"href":"https:\/\/www.hydraulic-cylinders.net\/et\/wp-json\/wp\/v2\/product"}],"about":[{"href":"https:\/\/www.hydraulic-cylinders.net\/et\/wp-json\/wp\/v2\/types\/product"}],"replies":[{"embeddable":true,"href":"https:\/\/www.hydraulic-cylinders.net\/et\/wp-json\/wp\/v2\/comments?post=18852"}],"wp:featuredmedia":[{"embeddable":true,"href":"https:\/\/www.hydraulic-cylinders.net\/et\/wp-json\/wp\/v2\/media\/17869"}],"wp:attachment":[{"href":"https:\/\/www.hydraulic-cylinders.net\/et\/wp-json\/wp\/v2\/media?parent=18852"}],"wp:term":[{"taxonomy":"product_brand","embeddable":true,"href":"https:\/\/www.hydraulic-cylinders.net\/et\/wp-json\/wp\/v2\/product_brand?post=18852"},{"taxonomy":"product_cat","embeddable":true,"href":"https:\/\/www.hydraulic-cylinders.net\/et\/wp-json\/wp\/v2\/product_cat?post=18852"},{"taxonomy":"product_tag","embeddable":true,"href":"https:\/\/www.hydraulic-cylinders.net\/et\/wp-json\/wp\/v2\/product_tag?post=18852"}],"curies":[{"name":"wp","href":"https:\/\/api.w.org\/{rel}","templated":true}]}}