{"id":18860,"date":"2025-04-07T05:59:07","date_gmt":"2025-04-07T05:59:07","guid":{"rendered":"https:\/\/www.hydraulic-cylinders.net\/product\/boom-cylinder-for-komatsu-large-excavator-pc270-c\/"},"modified":"2025-04-07T05:59:09","modified_gmt":"2025-04-07T05:59:09","slug":"boom-cylinder-for-komatsu-large-excavator-pc270-c","status":"publish","type":"product","link":"https:\/\/www.hydraulic-cylinders.net\/et\/toode\/boom-cylinder-for-komatsu-large-excavator-pc270-c\/","title":{"rendered":"Komatsu suure ekskavaatori PC270-C poomi silinder"},"content":{"rendered":"<h1>Komatsu suure ekskavaatori PC270-C poomi silinder<\/h1>\n<h2>Sissejuhatus poomi silindrisse<\/h2>\n<p>Noole silinder on h\u00fcdraulikas\u00fcsteemide oluline komponent, mida kasutatakse peamiselt rasketes masinates, nagu ekskavaatorid, laadur-ekskavaatorid ja esilaadurid. See h\u00fcdraulika silinder juhib noole liikumist, v\u00f5imaldades sellel koppa t\u00f5sta, langetada ja kallutada, h\u00f5lbustades t\u00f5husaid materjalik\u00e4itlust\u00f6id. Noole silindri t\u00f6\u00f6 on ekskavaatori \u00fcldise funktsionaalsuse jaoks \u00fclioluline, v\u00f5imaldades t\u00e4pseid kaevamis- ja t\u00f5stet\u00f6id.<\/p>\n<p><img decoding=\"async\" src=\"https:\/\/www.hydraulic-cylinders.net\/wp-content\/uploads\/2025\/04\/songte-company-1.webp\" alt=\"Poomi silinder\" \/><\/p>\n<h3>Definitsioon ja \u00fclevaade<\/h3>\n<p>Poomi silinder on h\u00fcdraulilise silindri t\u00fc\u00fcp, mis on spetsiaalselt loodud poomi liigutamiseks erinevates rasketes masinates. See muundab h\u00fcdraulilise energia mehaaniliseks energiaks, v\u00f5imaldades operaatoritel h\u00f5lpsalt t\u00e4ita selliseid \u00fclesandeid nagu kaevamine, t\u00f5stmine ja materjalide transportimine. H\u00fcdraulikas\u00fcsteem kasutab silindri pikendamiseks ja tagasit\u00f5mbamiseks \u00f5lir\u00f5hku, tagades sujuva liikumise ja usaldusv\u00e4\u00e4rse j\u00f5udluse isegi raskete koormuste korral.<\/p>\n<h2>Poomi silindri omadused<\/h2>\n<ul>\n<li><strong>Suur tugevus ja vastupidavus:<\/strong> Need \u00fclitugevast terasest v\u00f5i alumiiniumist valmistatud silindrid taluvad k\u00f5rget r\u00f5hku ja suuri koormusi, mist\u00f5ttu sobivad need karmidesse t\u00f6\u00f6keskkondadesse. Nende disain arvestab kulumiskindluse ja korrosioonikaitsega, pikendades nende eluiga.<\/li>\n<li><strong>T\u00f5hus h\u00fcdrauliline t\u00f6\u00f6:<\/strong> Poomi silinder kasutab sujuvaks pikendamiseks ja tagasit\u00f5mbamiseks h\u00fcdraulika\u00f5li r\u00f5hku, mis v\u00f5imaldab kiiret reageerimist juhtimisk\u00e4sklustele ning tugevat t\u00f5uke- ja t\u00f5mbej\u00f5udu, mis on oluline raskete ja keerukate \u00fclesannete t\u00e4itmiseks.<\/li>\n<li><strong>Erinevad t\u00fc\u00fcbid:<\/strong> Need silindrid on saadaval \u00fchetoimeliste (\u00fches suunas t\u00f6\u00f6tavate) v\u00f5i kahetoimeliste (m\u00f5lemas suunas t\u00f6\u00f6tavate) konstruktsioonidena ning vastavad mitmesugustele t\u00f6\u00f6vajadustele. M\u00f5nedel mudelitel on teleskoopkonstruktsioonid, mis v\u00f5imaldavad suuremat pikendust ilma v\u00e4lism\u00f5\u00f5tmeid suurendamata, mis sobib ideaalselt ruumikitsastes rakendustes.<\/li>\n<li><strong>Kohandatud tootmine:<\/strong> Oleme spetsialiseerunud kvaliteetsete poomisilindrite tootmisele, mis asendavad ideaalselt olemasolevaid h\u00fcdrosilindreid, tagades \u00fchilduvuse ja j\u00f5udluse.<\/li>\n<\/ul>\n<p><img decoding=\"async\" src=\"https:\/\/www.hydraulic-cylinders.net\/wp-content\/uploads\/2025\/04\/songte-cylinder-head-with-all-kinds-excavator-models.webp\" alt=\"H\u00fcdrauliliste silindrite mudelid\" \/><\/p>\n<h2>Rakendusstsenaariumid<\/h2>\n<h3>Ehitustehnika<\/h3>\n<p>Ekskavaatorites on noolesilindrid kriitilise t\u00e4htsusega kaevamiseks, laadimiseks ja pinnase v\u00f5i prahi teisaldamiseks. Nende v\u00f5ime pikendada ja sisse t\u00f5mmata v\u00f5imaldab mitmek\u00fclgset kasutamist, muutes need h\u00e4davajalikuks ehitusplatsidel, kus on vaja kaevamist ja materjalide k\u00e4itlemist.<\/p>\n<h3>P\u00f5llumajandustehnika<\/h3>\n<p>Esilaadurites kasutatakse neid silindreid mulla, heina ja muude materjalide kopeerimiseks, t\u00f5stmiseks ja transportimiseks. Poomi silindri h\u00fcdrauliline t\u00f6\u00f6 annab vajaliku j\u00f5u \u00fclesannete t\u00f5husaks ja tulemuslikuks t\u00e4itmiseks, aidates kaasa p\u00f5llumajanduslikes tingimustes tootlikkusele.<\/p>\n<h3>Ekskavaatorid<\/h3>\n<p>Poomi silinder v\u00f5imaldab kaevamist, v\u00f5imaldades kopal pinnasesse tungida. See funktsioon on kaevet\u00f6\u00f6de puhul \u00fclioluline, tagades, et operaatorid saavad pinnase eemaldamisel saavutada soovitud s\u00fcgavuse ja t\u00e4psuse.<\/p>\n<h3>Laadurid<\/h3>\n<p>Esilaaduritel aitavad noolesilindrid materjale t\u00f5sta ja t\u00fchjendada, suurendades t\u00f6\u00f6 efektiivsust. Nende vastupidav konstruktsioon tagab, et nad saavad hakkama raskete koormatega, ilma et see kahjustaks j\u00f5udlust.<\/p>\n<h2>Projekteerimiskaalutlused ja valikukriteeriumid<\/h2>\n<h3>Kandev\u00f5ime<\/h3>\n<p>Poomi silindri kandev\u00f5ime on \u00fcks olulisemaid tegureid, mida projekteerimisprotsessi k\u00e4igus arvestada. See peab olema konstrueeritud nii, et see taluks maksimaalset raskust, millega see t\u00f6\u00f6tamise ajal kokku puutub. See n\u00f5uab p\u00f5hjalikku anal\u00fc\u00fcsi ja katsetamist, et tagada ohutus ja t\u00f6\u00f6kindlus igas t\u00f6\u00f6olukorras.<\/p>\n<h3>Tihendus<\/h3>\n<p>T\u00f5hus tihendamine on \u00fclioluline h\u00fcdraulilise vedeliku lekke v\u00e4ltimiseks, mis v\u00f5ib v\u00e4hendada efektiivsust ja p\u00f5hjustada rikkeid. Kvaliteetsete tihendite, n\u00e4iteks pol\u00fcuretaani v\u00f5i nitriilkummi kasutamine tagab silindri optimaalse r\u00f5hu ja j\u00f5udluse. Tihendid tuleb valida vastavalt h\u00fcdraulilise vedeliku ja keskkonnatingimuste sobivusele.<\/p>\n<h3>Vastupidavus<\/h3>\n<p>Vastupidavus on noolesilindrite projekteerimisel oluline, kuna need t\u00f6\u00f6tavad n\u00f5udlikes keskkondades. Sellised tegurid nagu kulumiskindlus, korrosioonikaitse ja materjali tugevus m\u00e4ngivad k\u00f5ik rolli, et tagada silindri vastupidavus karmidele tingimustele ja t\u00f6\u00f6kindlus aja jooksul.<\/p>\n<h3>Ohutus<\/h3>\n<p>H\u00fcdrauliliste s\u00fcsteemide projekteerimisel on ohutus esmat\u00e4htis. Poomi silindrid peaksid sisaldama ohutusfunktsioone, nagu r\u00f5huvabastusventiilid ja vastupidav konstruktsioon, et v\u00e4ltida katastroofilisi rikkeid. Regulaarne hooldus ja \u00fclevaatused on samuti olulised, et tagada ohutusstandardite j\u00e4rgimine kogu silindri eluea jooksul.<\/p>\n<h3>Hooldus<\/h3>\n<p>Hooldusega seotud kaalutlusi tuleb k\u00e4sitleda projekteerimisetapis. See h\u00f5lmab funktsioone, mis v\u00f5imaldavad komponentidele h\u00f5lpsat juurdep\u00e4\u00e4su hoolduseks, samuti kuluvaid osi, mis v\u00f5ivad vajada regulaarset vahetamist. H\u00e4sti disainitud poomi silinder lihtsustab hooldust\u00f6id, suurendades \u00fcldist t\u00f6\u00f6 efektiivsust.<\/p>\n<p><img decoding=\"async\" src=\"https:\/\/www.hydraulic-cylinders.net\/wp-content\/uploads\/2025\/04\/songte-oil-pipes-and-spare-parts.webp\" alt=\"\u00d5litorud ja varuosad\" \/><\/p>\n<h2>Poomi silindri tihendamine ja m\u00e4\u00e4rimine<\/h2>\n<p>N\u00f5uetekohane tihendamine ja m\u00e4\u00e4rimine on poomi silindrite t\u00f5husa t\u00f6\u00f6 jaoks \u00fcliolulised. H\u00fcdraulilise vedeliku lekke v\u00e4ltimiseks on olulised mitmesugused tihenduskomponendid, n\u00e4iteks kolvitihendid ja vardatihendid. Vastupidavate materjalide, n\u00e4iteks pol\u00fcuretaani ja nitriilkummi valimine pikendab tihendite eluiga ja j\u00f5udlust.<\/p>\n<p>Silindri korpus ja keermestatud otsad l\u00e4bivad hoolika t\u00f6\u00f6tluse, et parandada kulumiskindlust ja pikendada tihendite kasutusiga. Sujuva t\u00f6\u00f6 tagamiseks ja tihendite halvenemise v\u00e4ltimiseks on vajalik regulaarne hooldus, sealhulgas m\u00e4\u00e4rimine sobiva h\u00fcdraulika\u00f5liga.<\/p>\n<h2>Ennetavad hooldusmeetmed<\/h2>\n<ul>\n<li><strong>Regulaarsed kontrollid:<\/strong> Poomi silindri regulaarne kontrollimine kulumise, kahjustuste v\u00f5i lekete suhtes on oluline v\u00f5imalike probleemide varajaseks avastamiseks. Planeeritud hoolduskontrollid aitavad probleeme tuvastada enne, kui need p\u00f5hjustavad olulisi rikkeid.<\/li>\n<li><strong>M\u00e4\u00e4rimine:<\/strong> H\u00fcdrosilindri piisav m\u00e4\u00e4rimine on sujuva t\u00f6\u00f6 tagamiseks \u00fclioluline. H\u00fcdro\u00f5li taseme regulaarne kontrollimine ja t\u00e4iendamine aitab s\u00e4ilitada silindri j\u00f5udlust ning hoiab \u00e4ra \u00fclekuumenemise v\u00f5i kulumise.<\/li>\n<li><strong>Tihendi vahetamine:<\/strong> Aja jooksul v\u00f5ivad tihendid kuluda ja vajada v\u00e4ljavahetamist. Tihendite regulaarne kontrollimine kahjustuste v\u00f5i halvenemise suhtes ning vajadusel v\u00e4ljavahetamine tagab h\u00fcdros\u00fcsteemi tiheduse ja t\u00f5hususe.<\/li>\n<\/ul>\n<h2>Paigaldusjuhised<\/h2>\n<p>Poomi silindri paigaldamine n\u00f5uab optimaalse j\u00f5udluse tagamiseks t\u00e4psust ja hoolt. Alustage paigalduskoha ettevalmistamisest, veendudes, et see on puhas ja prahist vaba. Joondage silinder \u00f5igesti kinnituspunktidega, kasutades selle kinnitamiseks sobivaid kinnitusklambreid.<\/p>\n<p>Veenduge, et h\u00fcdraulikavoolikud on \u00f5igesti \u00fchendatud, v\u00e4ltides keerdumisi v\u00f5i murdekohti, mis v\u00f5iksid vedeliku voolu takistada. P\u00e4rast paigaldamist tehke p\u00f5hjalik kontroll, et veenduda k\u00f5igi komponentide kinnituses ja etten\u00e4htud viisil toimimises. L\u00f5puks testige h\u00fcdraulikas\u00fcsteemi, et veenduda silindri sujuvas ja t\u00f5husas t\u00f6\u00f6s.<\/p>\n<h2>Levinumad hooldust\u00f6\u00f6d<\/h2>\n<ul>\n<li><strong>Regulaarsed kontrollid:<\/strong> Kontrollige regulaarselt poomi silindrit n\u00e4htavate kulumis- v\u00f5i kahjustuste suhtes. See h\u00f5lmab lekete, pragude ja muude j\u00f5udlust m\u00f5jutavate probleemide otsimist. Probleemide varajane avastamine aitab v\u00e4ltida ulatuslikumaid remondit\u00f6id hiljem.<\/li>\n<li><strong>\u00d5ige m\u00e4\u00e4rimine:<\/strong> Veenduge, et silinder oleks tootja spetsifikatsioonide kohaselt piisavalt m\u00e4\u00e4ritud. See h\u00f5lmab \u00f5litaseme kontrollimist ja \u00f5iget t\u00fc\u00fcpi h\u00fcdraulika\u00f5li kasutamise tagamist. N\u00f5uetekohane m\u00e4\u00e4rimine v\u00e4hendab h\u00f5\u00f5rdumist ja kulumist, pikendades silindri eluiga.<\/li>\n<li><strong>Tihendi vahetamine:<\/strong> Kontrollige regulaarselt tihendite kulumist. H\u00fcdraulikas\u00fcsteemi terviklikkuse s\u00e4ilitamiseks vahetage need vastavalt vajadusele. Kvaliteetsete vahetustihendite kasutamine aitab v\u00e4ltida lekkeid ja tagada t\u00f5husa t\u00f6\u00f6.<\/li>\n<\/ul>\n<p>Paigaldamise ajal veenduge, et silinder oleks \u00f5igesti joondatud, et v\u00e4ltida komponentidele liigset pinget. Sobivate paigaldusklambrite kasutamine on turvalise kinnituse tagamiseks h\u00e4davajalik. Lisaks kehtestage rutiin osade kontrollimiseks, parandamiseks ja vajadusel vahetamiseks, mis suurendab poomi silindri \u00fcldist efektiivsust ja eluiga.<\/p>\n<p><img decoding=\"async\" src=\"https:\/\/www.hydraulic-cylinders.net\/wp-content\/uploads\/2025\/04\/songte-chushion-collar.webp\" alt=\"Padjakaelus\" \/><\/p>\n<h2>Ohutuskaalutlused ja keskkonnategurid<\/h2>\n<p>H\u00fcdrauliliste s\u00fcsteemidega t\u00f6\u00f6tamisel on ohutus esmat\u00e4htis. Operaatorid peaksid olema koolitatud n\u00f5uetekohaste k\u00e4sitsemis- ja t\u00f6\u00f6protseduuride osas, et minimeerida riske. Hooldus- ja paigaldust\u00f6\u00f6de ajal on oluline kanda sobivaid isikukaitsevahendeid. Lisaks tuleb saastumise v\u00e4ltimiseks ja regulatiivsete standardite j\u00e4rgimiseks hallata keskkonnategureid, n\u00e4iteks h\u00fcdraulikavedeliku lekkeid.<\/p>\n<h2>Rikete diagnoosimine ja levinud probleemid<\/h2>\n<ul>\n<li><strong>Leke:<\/strong> H\u00fcdraulikavedeliku lekked v\u00f5ivad tekkida kulunud tihendite v\u00f5i kahjustatud voolikute t\u00f5ttu. See v\u00f5ib p\u00f5hjustada r\u00f5hukadu ja efektiivsuse v\u00e4henemist.<\/li>\n<li><strong>Aeglane t\u00f6\u00f6:<\/strong> Aeglaselt reageeriv silinder v\u00f5ib viidata madalale h\u00fcdraulikavedeliku tasemele v\u00f5i h\u00fcdraulikapumba probleemidele. Optimaalse toimimise tagamiseks on oluline nende probleemidega kiiresti tegeleda.<\/li>\n<li><strong>Ebatavalised helid:<\/strong> Sellised m\u00fcrad nagu krigisev v\u00f5i susisev heli v\u00f5ivad viidata sisemiste komponentide kulumisele v\u00f5i \u00f5hule h\u00fcdraulikas\u00fcsteemis, mis vajab kohest t\u00e4helepanu.<\/li>\n<\/ul>\n<p>Nende probleemide varajane tuvastamine aitab leevendada ulatuslikke kahjustusi ja kulukaid remondit\u00f6id. Regulaarne hooldus ja \u00fclevaatused on nende levinud probleemide ennetamiseks \u00fcliolulised.<\/p>\n<h2>Veaotsingu n\u00e4pun\u00e4ited<\/h2>\n<p>Poomi silindrite levinud probleemide t\u00f5husaks t\u00f5rkeotsinguks on oluline j\u00e4rgida s\u00fcstemaatilist l\u00e4henemisviisi. Lekke tuvastamisel kontrollige k\u00f5iki tihendeid ja voolikuid kahjustuste v\u00f5i kulumise suhtes; vigaste komponentide v\u00e4ljavahetamine v\u00f5ib probleemi lahendada. Aeglase t\u00f6\u00f6 korral kontrollige h\u00fcdraulikavedeliku taset ja veenduge, et pump t\u00f6\u00f6tab korralikult.<\/p>\n<p>Ebatavalisi helisid ei tohiks ignoreerida. Uurige m\u00fcra allikat, kontrollides sisemiste komponentide kulumisj\u00e4lgi. Rakendage ennetavaid meetmeid, n\u00e4iteks regulaarset hooldust, et minimeerida v\u00f5imalikke probleeme ja pikendada h\u00fcdraulikas\u00fcsteemi eluiga.<\/p>\n<p><img decoding=\"async\" src=\"https:\/\/www.hydraulic-cylinders.net\/wp-content\/uploads\/2025\/04\/songte-bushings-with-all-kinds-of-excavator-models.webp\" alt=\"Puksid ekskavaatorimudelitega\" \/><\/p>\n<h2>Meie ettev\u00f5ttest<\/h2>\n<p>Oleme juhtiv asendush\u00fcdrauliliste silindrite tootja ja hulgim\u00fc\u00fcja, keda tuntakse meie laia tootevaliku poolest. Meie p\u00fchendumust tippkvaliteedile toetab t\u00e4iustatud tootmisjuhtimise strateegia. Investeerime tehnilisse talenti ja tipptasemel digitaalsetesse tootmisseadmetesse, et oma tootmisplatvorme pidevalt t\u00e4iustada.<\/p>\n<p>Meie ranged testimiss\u00fcsteemid tagavad, et iga toode vastab rangetele kvaliteedistandarditele. Tugeva innovatsiooniv\u00f5ime ja keskendumisega k\u00f5rgele t\u00f5hususele, t\u00e4psusele ja kvaliteedile p\u00fc\u00fcame rahuldada oma klientide mitmekesiseid vajadusi. Meie rahvusvahelised sertifikaadid kinnitavad meie p\u00fchendumust kvaliteedile ja usaldusv\u00e4\u00e4rsusele.<\/p>\n<p>Pakume ka konkreetse t\u00f6\u00f6stusharu n\u00f5uetele vastavaid erilahendusi, tagades, et meie kliendid saavad tooteid, mis vastavad t\u00e4pselt nende vajadustele. Meie t\u00e4iustatud tootmis\u00fcksused on varustatud erineva tootmismahuga toimetulekuks ning meie p\u00fchendunud m\u00fc\u00fcgij\u00e4rgne teenindus tagab klientide rahulolu ja toe.<\/p>\n<p><img decoding=\"async\" src=\"https:\/\/www.hydraulic-cylinders.net\/wp-content\/uploads\/2025\/04\/songte-company-4.webp\" alt=\"Ettev\u00f5tte \u00fclevaade\" \/><br \/>\n<img decoding=\"async\" src=\"https:\/\/www.hydraulic-cylinders.net\/wp-content\/uploads\/2025\/04\/songte-company-3.webp\" alt=\"Ettev\u00f5tte rajatised\" \/><\/p>\n<p>Autor: lyl<\/p>","protected":false},"excerpt":{"rendered":"<p>Boom Cylinder For Komatsu Large Excavator PC270-C Introduction to Boom Cylinder The boom cylinder is a vital component of hydraulic systems, primarily used in heavy machinery such as excavators, backhoe loaders, and front loaders. This hydraulic cylinder controls the boom&#8217;s movement, allowing it to lift, lower, and tilt the bucket, facilitating efficient material handling tasks. [&hellip;]<\/p>","protected":false},"featured_media":17877,"comment_status":"open","ping_status":"closed","template":"","meta":{"_et_pb_use_builder":"","_et_pb_old_content":"","_et_gb_content_width":""},"product_brand":[],"product_cat":[1546],"product_tag":[1547,1496],"class_list":{"0":"post-18860","1":"product","2":"type-product","3":"status-publish","4":"has-post-thumbnail","6":"product_cat-boom-cylinders","7":"product_tag-boom-cylinders","8":"product_tag-hydraulic-cylinders","10":"first","11":"instock","12":"shipping-taxable","13":"product-type-simple"},"amp_enabled":true,"_links":{"self":[{"href":"https:\/\/www.hydraulic-cylinders.net\/et\/wp-json\/wp\/v2\/product\/18860","targetHints":{"allow":["GET"]}}],"collection":[{"href":"https:\/\/www.hydraulic-cylinders.net\/et\/wp-json\/wp\/v2\/product"}],"about":[{"href":"https:\/\/www.hydraulic-cylinders.net\/et\/wp-json\/wp\/v2\/types\/product"}],"replies":[{"embeddable":true,"href":"https:\/\/www.hydraulic-cylinders.net\/et\/wp-json\/wp\/v2\/comments?post=18860"}],"wp:featuredmedia":[{"embeddable":true,"href":"https:\/\/www.hydraulic-cylinders.net\/et\/wp-json\/wp\/v2\/media\/17877"}],"wp:attachment":[{"href":"https:\/\/www.hydraulic-cylinders.net\/et\/wp-json\/wp\/v2\/media?parent=18860"}],"wp:term":[{"taxonomy":"product_brand","embeddable":true,"href":"https:\/\/www.hydraulic-cylinders.net\/et\/wp-json\/wp\/v2\/product_brand?post=18860"},{"taxonomy":"product_cat","embeddable":true,"href":"https:\/\/www.hydraulic-cylinders.net\/et\/wp-json\/wp\/v2\/product_cat?post=18860"},{"taxonomy":"product_tag","embeddable":true,"href":"https:\/\/www.hydraulic-cylinders.net\/et\/wp-json\/wp\/v2\/product_tag?post=18860"}],"curies":[{"name":"wp","href":"https:\/\/api.w.org\/{rel}","templated":true}]}}