{"id":18879,"date":"2025-04-07T06:00:08","date_gmt":"2025-04-07T06:00:08","guid":{"rendered":"https:\/\/www.hydraulic-cylinders.net\/product\/boom-cylinder-for-hitachi-small-excavator-ex55\/"},"modified":"2025-04-07T06:00:10","modified_gmt":"2025-04-07T06:00:10","slug":"boom-cylinder-for-hitachi-small-excavator-ex55","status":"publish","type":"product","link":"https:\/\/www.hydraulic-cylinders.net\/et\/toode\/boom-cylinder-for-hitachi-small-excavator-ex55\/","title":{"rendered":"Hitachi v\u00e4ikese ekskavaatori EX55 poomi silinder"},"content":{"rendered":"<h1>Hitachi v\u00e4ikese ekskavaatori EX55 poomi silinder<\/h1>\n<h2>Sissejuhatus poomi silindritesse<\/h2>\n<p>Noole silinder on rasketehnika oluline h\u00fcdraulikakomponent, mis on spetsiaalselt loodud kopa liikumise juhtimiseks ekskavaatorites, laadurites ja esilaadurites. See v\u00f5imaldab operaatoritel koppa t\u00f5sta, langetada ja kallutada, h\u00f5lbustades t\u00f5husaid materjalik\u00e4itlust\u00f6id. H\u00fcdraulikas\u00fcsteemides m\u00e4ngivad noole silindrid kriitilist rolli, muutes h\u00fcdraulilise r\u00f5hu lineaarseks liikumiseks, v\u00f5imaldades seadmete kaevamis- ja t\u00f5stetoimingute t\u00e4pset juhtimist.<\/p>\n<p>Tavaliselt \u00fclitugevast terasest v\u00f5i alumiiniumist valmistatud silindrid on konstrueeritud taluma k\u00f5rget r\u00f5hku ja suuri koormusi, tagades vastupidavuse karmides t\u00f6\u00f6keskkondades. Nende disain h\u00f5lmab kulumiskindlust ja korrosioonikindlust, pikendades oluliselt nende eluiga.<\/p>\n<p><img decoding=\"async\" src=\"https:\/\/www.hydraulic-cylinders.net\/wp-content\/uploads\/2025\/04\/songte-company-1.webp\" alt=\"Poomi silinder\" \/><\/p>\n<h2>Poomi silindri omadused<\/h2>\n<ul>\n<li>\n<h3>Suur tugevus ja vastupidavus<\/h3>\n<p>Vastupidavatest materjalidest valmistatud poomi silinder on v\u00f5imeline vastu pidama \u00e4\u00e4rmuslikele survetele ja rasketele koormustele. See on spetsiaalselt loodud kulumis- ja korrosioonikindlaks, pikendades selle t\u00f6\u00f6iga.<\/p>\n<\/li>\n<li>\n<h3>T\u00f5hus h\u00fcdrauliline t\u00f6\u00f6<\/h3>\n<p>Poomi silinder kasutab sujuva pikenemise ja tagasit\u00f5mbamise saavutamiseks h\u00fcdraulika\u00f5li r\u00f5hku. See funktsioon v\u00f5imaldab kiiret reageerimist juhi k\u00e4skudele, pakkudes m\u00e4rkimisv\u00e4\u00e4rseid t\u00f5uke- ja t\u00f5mbej\u00f5ude, mis sobivad raskete materjalide ja keerukate \u00fclesannete k\u00e4sitsemiseks.<\/p>\n<\/li>\n<li>\n<h3>Mitmekesised t\u00fc\u00fcbid<\/h3>\n<p>Poomi silinder, mis on saadaval \u00fche- ja kahetoimelise konfiguratsioonina, sobib mitmesugustele t\u00f6\u00f6n\u00f5uetele. M\u00f5nel mudelil on teleskoopkonstruktsioon, mis v\u00f5imaldab suuremat pikendust ilma v\u00e4lism\u00f5\u00f5tmeid suurendamata, mis sobib ideaalselt ruumipiirangutega rakenduste jaoks.<\/p>\n<\/li>\n<\/ul>\n<h2>Tootmisv\u00f5imalused<\/h2>\n<p>Meie ettev\u00f5te on spetsialiseerunud poomisilindrite tootmisele ja suudab ideaalselt asendada teie masina olemasolevaid h\u00fcdrosilindreid.<\/p>\n<p><img decoding=\"async\" src=\"https:\/\/www.hydraulic-cylinders.net\/wp-content\/uploads\/2025\/04\/songte-cylinder-head-with-all-kinds-excavator-models.webp\" alt=\"Ekskavaatori mudelid\" \/><\/p>\n<h2>Poomi silindrite rakendused<\/h2>\n<ul>\n<li>\n<h3>Ehitustehnika<\/h3>\n<p>Ekskavaatorites on noolesilindrid \u00fcliolulised pinnase v\u00f5i prahi kaevamiseks, laadimiseks ja teisaldamiseks. Need parandavad masina v\u00f5imet t\u00e4ita mitmesuguseid \u00fclesandeid, alates kaevamisest kuni pinnase teisaldamiseni, tagades ehitusplatsidel t\u00f5hususe ja tootlikkuse.<\/p>\n<\/li>\n<li>\n<h3>P\u00f5llumajandustehnika<\/h3>\n<p>Esilaadurites kasutatavad noolesilindrid h\u00f5lbustavad mulla, heina ja muude materjalide t\u00f5stmist, koputamist ja transportimist. Nende usaldusv\u00e4\u00e4rne j\u00f5udlus on p\u00f5llumajandust\u00f6\u00f6de jaoks \u00fclioluline, v\u00f5imaldades p\u00f5llumeestel oma \u00fclesandeid t\u00f5husalt hallata.<\/p>\n<\/li>\n<li>\n<h3>Ekskavaatorid<\/h3>\n<p>Noolesilindrid v\u00f5imaldavad kopal pinnasesse tungida, v\u00f5imaldades t\u00f5husat kaevamist. H\u00fcdrauliline toime annab vajaliku j\u00f5u k\u00f5va pinnase l\u00e4bimiseks, muutes need kaevamist\u00f6\u00f6del asendamatuks.<\/p>\n<\/li>\n<li>\n<h3>Laadurid<\/h3>\n<p>Esilaaduritel aitavad noolesilindrid koormaid t\u00f5husalt t\u00f5sta ja t\u00fchjendada. Nende v\u00f5ime rakendada m\u00e4rkimisv\u00e4\u00e4rset t\u00f5stej\u00f5udu tagab, et operaatorid saavad materjale kiiresti ja ohutult teisaldada ja utiliseerida.<\/p>\n<\/li>\n<\/ul>\n<h2>Projekteerimiskaalutlused ja valikukriteeriumid<\/h2>\n<ul>\n<li>\n<h3>Kandev\u00f5ime<\/h3>\n<p>\u00dcks peamisi kaalutlusi noolesilindrite projekteerimisel on nende kandev\u00f5ime. \u00d5ige silindri valimiseks on \u00fclioluline m\u00f5ista maksimaalset raskust, mida nad taluvad. Projekteerimine peab tagama, et silinder suudab eeldatava koormuse all t\u00f5husalt t\u00f6\u00f6tada ilma rikkeohuta.<\/p>\n<\/li>\n<li>\n<h3>Tihendusomadused<\/h3>\n<p>T\u00f5hus tihendus on h\u00fcdrauliliste silindrite toimimise seisukohalt \u00fclioluline. Tihendid peavad takistama h\u00fcdraulilise vedeliku lekkimist, v\u00f5imaldades samal ajal kolvi sujuvat liikumist. Tihendusmaterjalide valik ja konstruktsioon m\u00f5jutavad oluliselt silindri t\u00f6\u00f6kindlust ja hooldusvajadust.<\/p>\n<\/li>\n<li>\n<h3>Vastupidavus<\/h3>\n<p>Poomi silindrite konstruktsioonis on vastupidavus esmat\u00e4htis. Need peavad vastu pidama karmidele t\u00f6\u00f6tingimustele, sealhulgas kokkupuutele mustuse, niiskuse ja kemikaalidega. Materjalide ja katete valimine, mis suurendavad kulumiskindlust ja korrosioonikindlust, on oluline nende eluea maksimeerimiseks.<\/p>\n<\/li>\n<li>\n<h3>Turvaelemendid<\/h3>\n<p>Ohutus on kriitilise t\u00e4htsusega. Projekteerimisel peaksid olema omadused, mis hoiavad \u00e4ra liigse r\u00f5hu tekkimise ja kaitsevad rikete eest. T\u00f6\u00f6tamise ajal tekkivate riskide maandamiseks on sageli kaasas kaitseklapid ja \u00fcler\u00f5humehhanismid.<\/p>\n<\/li>\n<li>\n<h3>Hoolduse ligip\u00e4\u00e4setavus<\/h3>\n<p>Lihtsaks hoolduseks projekteerimine on \u00fclioluline. Komponentidele peaks olema ligip\u00e4\u00e4s kontrollimiseks, m\u00e4\u00e4rimiseks ja vahetamiseks. H\u00e4sti l\u00e4bim\u00f5eldud disain minimeerib seisakuid ja hoolduskulusid, tagades poomi silindri t\u00f5husa t\u00f6\u00f6 pika aja jooksul.<\/p>\n<\/li>\n<\/ul>\n<p><img decoding=\"async\" src=\"https:\/\/www.hydraulic-cylinders.net\/wp-content\/uploads\/2025\/04\/songte-oil-pipes-and-spare-parts.webp\" alt=\"H\u00fcdraulilised osad\" \/><\/p>\n<h2>Tihendus ja m\u00e4\u00e4rimine<\/h2>\n<p>N\u00f5uetekohane tihendus on poomi silindrite t\u00f5husa t\u00f6\u00f6 jaoks kriitilise t\u00e4htsusega. H\u00fcdraulilise vedeliku lekete v\u00e4ltimiseks ja sujuva liikumise tagamiseks kasutatakse mitmesuguseid tihendeid, n\u00e4iteks kolvitihendeid ja vardatihendeid. Tavaliselt kasutatakse nende kulumiskindluse t\u00f5ttu tihendeid, mis on valmistatud sellistest materjalidest nagu pol\u00fcuretaan ja nitriilkummi. Lisaks l\u00e4bivad silindri korpus ja keermestatud otsad t\u00e4ppist\u00f6\u00f6tluse, et suurendada vastupidavust ja kulumiskindlust.<\/p>\n<p>H\u00fcdraulikas\u00fcsteemi efektiivsuse s\u00e4ilitamiseks on vajalik regulaarne m\u00e4\u00e4rimine. Kasutajad peaksid silindri h\u00f5\u00f5rdumise ja kulumise v\u00e4hendamiseks ning sujuva t\u00f6\u00f6 tagamiseks perioodiliselt lisama sobivat h\u00fcdraulika\u00f5li.<\/p>\n<h2>Ennetavad hooldusmeetmed<\/h2>\n<ul>\n<li>\n<h3>Regulaarsed kontrollid<\/h3>\n<p>Regulaarsete kontrollide tegemine on oluline selliste probleemide nagu lekete v\u00f5i kulumise varajaseks avastamiseks. Operaatorid peaksid ballooni kahjustuste suhtes kontrollima, et see p\u00fcsiks optimaalses t\u00f6\u00f6korras.<\/p>\n<\/li>\n<li>\n<h3>Sobiv m\u00e4\u00e4rimine<\/h3>\n<p>N\u00f5uetekohase m\u00e4\u00e4rimise s\u00e4ilitamine on poomi silindri pikaealisuse tagamiseks \u00fclioluline. Operaatorid peaksid j\u00e4rgima tootja soovitusi m\u00e4\u00e4rdeaine kasutamise sageduse ja t\u00fc\u00fcbi kohta, tagades, et k\u00f5ik liikuvad osad oleksid piisavalt m\u00e4\u00e4ritud.<\/p>\n<\/li>\n<li>\n<h3>Tihendi vahetamine<\/h3>\n<p>Aja jooksul v\u00f5ivad tihendid kuluda ja muutuda v\u00e4hem efektiivseks. Tihendite regulaarne kontrollimine ja vajadusel vahetamine aitab v\u00e4ltida lekkeid ja s\u00e4ilitab h\u00fcdros\u00fcsteemi terviklikkuse.<\/p>\n<\/li>\n<\/ul>\n<h2>Paigaldusjuhised<\/h2>\n<p>Optimaalse j\u00f5udluse saavutamiseks on oluline noole silindri \u00f5ige paigaldamine. Siin on sammud, mida j\u00e4rgida:<\/p>\n<ol>\n<li>\n<h3>Ettevalmistus<\/h3>\n<p>Enne paigaldamise alustamist veenduge, et k\u00f5ik vajalikud t\u00f6\u00f6riistad ja ohutusvarustus on k\u00e4ep\u00e4rast. Oma mudeliga seotud konkreetsete juhiste saamiseks lugege paigaldusjuhendit.<\/p>\n<\/li>\n<li>\n<h3>Joondus<\/h3>\n<p>Silindri \u00f5ige joondamine on \u00fclioluline. Kasutage silindri \u00f5igesse asendisse kinnitamiseks sobivaid kinnitusklambreid, tagades, et see oleks masina komponentidega joondatud.<\/p>\n<\/li>\n<li>\n<h3>H\u00fcdrauliliste voolikute \u00fchendamine<\/h3>\n<p>\u00dchendage h\u00fcdraulikavoolikud ettevaatlikult, veendudes, et puuduvad murdekohad ega painutused, mis v\u00f5iksid vedeliku voolu takistada. Pingutage \u00fchendused kindlalt, et v\u00e4ltida lekkeid.<\/p>\n<\/li>\n<li>\n<h3>Funktsioonitest<\/h3>\n<p>P\u00e4rast paigaldamist tehke p\u00f5hjalik t\u00f6\u00f6kontroll, et veenduda silindri sujuvas t\u00f6\u00f6s. Kontrollige t\u00f6\u00f6 ajal ebatavalisi helisid v\u00f5i lekkeid.<\/p>\n<\/li>\n<\/ol>\n<h2>Hooldus\u00fclesanded<\/h2>\n<ul>\n<li>\n<h3>Regulaarsed kontrollid<\/h3>\n<p>Poomi silindri regulaarne kontrollimine on oluline. See h\u00f5lmab n\u00e4htavate kahjustuste ja lekete kontrollimist ning k\u00f5igi \u00fchenduste tiheduse tagamist.<\/p>\n<\/li>\n<li>\n<h3>\u00d5ige m\u00e4\u00e4rimine<\/h3>\n<p>J\u00e4rgige kasutusel p\u00f5hinevat m\u00e4\u00e4rimisgraafikut. Kasutage kvaliteetset h\u00fcdraulika\u00f5li, et sisemised komponendid t\u00f6\u00f6taksid sujuvalt ja et v\u00e4ltida kulumist.<\/p>\n<\/li>\n<li>\n<h3>Tihendi vahetamine ja kalibreerimine<\/h3>\n<p>J\u00e4lgige tihendeid regulaarselt kulumise suhtes. H\u00fcdraulilise terviklikkuse s\u00e4ilitamiseks vahetage need vastavalt vajadusele ja tagage silindri \u00f5ige kalibreerimine j\u00f5udluse maksimeerimiseks.<\/p>\n<\/li>\n<\/ul>\n<h2>Ohutuskaalutlused ja keskkonnategurid<\/h2>\n<p>H\u00fcdrauliliste s\u00fcsteemidega t\u00f6\u00f6tamisel on ohutusmeetmed \u00fcliolulised. Operaatorid peavad olema teadlikud v\u00f5imalikest ohtudest, n\u00e4iteks h\u00fcdraulilise vedeliku leketest, mis v\u00f5ivad kujutada endast keskkonnariski. H\u00fcdrauliliste vedelike n\u00f5uetekohane k\u00e4itlemine ja k\u00f5rvaldamine on keskkonnam\u00f5ju minimeerimiseks \u00fclioluline. Lisaks tagab ohutuma t\u00f6\u00f6keskkonna ohutusprotokollide rakendamine, n\u00e4iteks isikukaitsevahendite kasutamine ja ohutusalase koolituse l\u00e4biviimine.<\/p>\n<h2>Veaotsing ja levinud probleemid<\/h2>\n<ul>\n<li>\n<h3>Leke<\/h3>\n<p>H\u00fcdraulilised lekked v\u00f5ivad tekkida kulunud tihendite v\u00f5i kahjustatud komponentide t\u00f5ttu. Regulaarne kontroll aitab lekkeid varakult tuvastada, v\u00f5imaldades \u00f5igeaegset remonti.<\/p>\n<\/li>\n<li>\n<h3>V\u00e4hendatud j\u00f5udlus<\/h3>\n<p>J\u00f5udluse langus v\u00f5ib viidata sellistele probleemidele nagu \u00f5hk h\u00fcdraulikas\u00fcsteemis, ebapiisav vedelikutase v\u00f5i kulunud komponendid. Vedelikutaseme kontrollimine ja s\u00fcsteemi \u00f5hutamine aitab neid probleeme sageli lahendada.<\/p>\n<\/li>\n<li>\n<h3>Ebatavalised m\u00fcrad<\/h3>\n<p>Imelikud helid t\u00f6\u00f6tamise ajal v\u00f5ivad viidata sisemistele kahjustustele v\u00f5i m\u00e4\u00e4rimise puudumisele. P\u00f5hjalik kontroll aitab probleemi t\u00e4pselt diagnoosida.<\/p>\n<\/li>\n<\/ul>\n<p><img decoding=\"async\" src=\"https:\/\/www.hydraulic-cylinders.net\/wp-content\/uploads\/2025\/04\/songte-bushings-with-all-kinds-of-excavator-models.webp\" alt=\"Ekskavaatori puksid\" \/><\/p>\n<h2>Veaotsingu n\u00e4pun\u00e4ited<\/h2>\n<p>Poomi silindrite probleemide t\u00f5husaks lahendamiseks kaaluge j\u00e4rgmisi n\u00e4pun\u00e4iteid:<\/p>\n<ul>\n<li>J\u00e4lgige regulaarselt h\u00fcdraulikavedeliku taset ja lisage seda vastavalt vajadusele, et v\u00e4ltida j\u00f5udlusprobleeme.<\/li>\n<li>Kontrollige tihendeid ja vahetage need kohe v\u00e4lja, et v\u00e4ltida lekkeid, mis v\u00f5ivad h\u00fcdraulikas\u00fcsteemi terviklikkust kahjustada.<\/li>\n<li>Hoidke t\u00f6\u00f6keskkond puhas ja vaba prahist, mis v\u00f5ib silindrit v\u00f5i h\u00fcdraulikavoolikuid kahjustada.<\/li>\n<\/ul>\n<h2>Ettev\u00f5tte \u00fclevaade<\/h2>\n<p>Oleme juhtiv asendush\u00fcdrauliliste silindrite tootja, pakkudes laia tootevalikut nii sise- kui ka rahvusvahelisele turule. Meie p\u00fchendumus tipptasemele ilmneb meie keerukates tootmisprotsessides ja kvaliteeditagamise meetmetes. Keskendudes k\u00f5rgele t\u00f5hususele, t\u00e4psusele ja tootekvaliteedile, p\u00fc\u00fcame rahuldada klientide mitmekesiseid vajadusi.<\/p>\n<p>Meie asjatundlikkus h\u00f5lmab t\u00e4iustatud tootmis\u00fcksusi, rahvusvahelisi sertifikaate ja kohandamisteenuseid. Kasutame tipptehnoloogiat ja oskuslikku t\u00f6\u00f6j\u00f5udu, et tagada meie toodete vastavus k\u00f5rgeimatele t\u00f6\u00f6stusstandarditele.<\/p>\n<p><img decoding=\"async\" src=\"https:\/\/www.hydraulic-cylinders.net\/wp-content\/uploads\/2025\/04\/songte-company-4.webp\" alt=\"Ettev\u00f5tte \u00fclevaade\" \/><br \/>\n<img decoding=\"async\" src=\"https:\/\/www.hydraulic-cylinders.net\/wp-content\/uploads\/2025\/04\/songte-company-3.webp\" alt=\"Tootmisseadmed\" \/><\/p>\n<p>Autor: lyl<\/p>","protected":false},"excerpt":{"rendered":"<p>Boom Cylinder For Hitachi Small Excavator EX55 Introduction to Boom Cylinders The boom cylinder is an essential hydraulic component in heavy machinery, specifically designed to control the movement of the bucket in excavators, backhoes, and front-end loaders. It allows operators to lift, lower, and tilt the bucket, facilitating efficient material handling tasks. In hydraulic systems, [&hellip;]<\/p>","protected":false},"featured_media":17881,"comment_status":"open","ping_status":"closed","template":"","meta":{"_et_pb_use_builder":"","_et_pb_old_content":"","_et_gb_content_width":""},"product_brand":[],"product_cat":[1546],"product_tag":[1547,1496],"class_list":{"0":"post-18879","1":"product","2":"type-product","3":"status-publish","4":"has-post-thumbnail","6":"product_cat-boom-cylinders","7":"product_tag-boom-cylinders","8":"product_tag-hydraulic-cylinders","10":"first","11":"instock","12":"shipping-taxable","13":"product-type-simple"},"amp_enabled":true,"_links":{"self":[{"href":"https:\/\/www.hydraulic-cylinders.net\/et\/wp-json\/wp\/v2\/product\/18879","targetHints":{"allow":["GET"]}}],"collection":[{"href":"https:\/\/www.hydraulic-cylinders.net\/et\/wp-json\/wp\/v2\/product"}],"about":[{"href":"https:\/\/www.hydraulic-cylinders.net\/et\/wp-json\/wp\/v2\/types\/product"}],"replies":[{"embeddable":true,"href":"https:\/\/www.hydraulic-cylinders.net\/et\/wp-json\/wp\/v2\/comments?post=18879"}],"wp:featuredmedia":[{"embeddable":true,"href":"https:\/\/www.hydraulic-cylinders.net\/et\/wp-json\/wp\/v2\/media\/17881"}],"wp:attachment":[{"href":"https:\/\/www.hydraulic-cylinders.net\/et\/wp-json\/wp\/v2\/media?parent=18879"}],"wp:term":[{"taxonomy":"product_brand","embeddable":true,"href":"https:\/\/www.hydraulic-cylinders.net\/et\/wp-json\/wp\/v2\/product_brand?post=18879"},{"taxonomy":"product_cat","embeddable":true,"href":"https:\/\/www.hydraulic-cylinders.net\/et\/wp-json\/wp\/v2\/product_cat?post=18879"},{"taxonomy":"product_tag","embeddable":true,"href":"https:\/\/www.hydraulic-cylinders.net\/et\/wp-json\/wp\/v2\/product_tag?post=18879"}],"curies":[{"name":"wp","href":"https:\/\/api.w.org\/{rel}","templated":true}]}}