{"id":18893,"date":"2025-04-07T06:00:44","date_gmt":"2025-04-07T06:00:44","guid":{"rendered":"https:\/\/www.hydraulic-cylinders.net\/product\/boom-cylinder-for-sumitomo-middle-excavator-sh210-5\/"},"modified":"2025-04-07T06:00:47","modified_gmt":"2025-04-07T06:00:47","slug":"boom-cylinder-for-sumitomo-middle-excavator-sh210-5","status":"publish","type":"product","link":"https:\/\/www.hydraulic-cylinders.net\/et\/toode\/boom-cylinder-for-sumitomo-middle-excavator-sh210-5\/","title":{"rendered":"Sumitomo keskmise ekskavaatori SH210-5 poomi silinder"},"content":{"rendered":"<h1>Sumitomo keskmise ekskavaatori SH210-5 poomi silinder<\/h1>\n<h2>Toote \u00fclevaade<\/h2>\n<p>Sumitomo keskmise ekskavaatori SH210-5 noole silinder on oluline h\u00fcdrauliline komponent, mis on loodud ekskavaatori noole liikumise juhtimiseks. See h\u00fcdrauliline silinder v\u00f5imaldab noole t\u00e4pset t\u00f5stmist, langetamist ja kallutamist, h\u00f5lbustades t\u00f5husaid materjalik\u00e4itlust\u00f6id. T\u00e4psemalt on kopa silinder h\u00fcdrauliline ajam, mis t\u00f6\u00f6tab rasketehnika, n\u00e4iteks ekskavaatorite, ekskavaatorilaadurite ja esilaadurite h\u00fcdraulikas\u00fcsteemides. Selle peamine \u00fclesanne on v\u00f5imaldada noolel teostada mitmesuguseid toiminguid, tagades optimaalse tootlikkuse ehitus- ja mullat\u00f6\u00f6del.<\/p>\n<p><img decoding=\"async\" src=\"https:\/\/www.hydraulic-cylinders.net\/wp-content\/uploads\/2025\/04\/songte-company-1.webp\" alt=\"Poomi silindri pilt\"><\/p>\n<h2>Peamised omadused<\/h2>\n<ul>\n<li><strong>Suur tugevus ja vastupidavus:<\/strong> Meie \u00fclitugevast terasest v\u00f5i alumiiniumist valmistatud poomi silinder on konstrueeritud taluma k\u00f5rget r\u00f5hku ja suuri koormusi, mist\u00f5ttu sobib see karmidesse t\u00f6\u00f6keskkondadesse.<\/li>\n<li><strong>T\u00f5hus h\u00fcdrauliline t\u00f6\u00f6:<\/strong> Silinder kasutab sujuvaks pikendamiseks ja tagasit\u00f5mbamiseks h\u00fcdraulika\u00f5li r\u00f5hku, reageerides kiiresti operaatori k\u00e4sklustele ja pakkudes m\u00e4rkimisv\u00e4\u00e4rset t\u00f5uke- ja t\u00f5mbej\u00f5udu raskete materjalide k\u00e4sitsemiseks.<\/li>\n<li><strong>Erinevad t\u00fc\u00fcbid:<\/strong> Saadaval \u00fchetoimelise (\u00fches suunas t\u00f6\u00f6tav) v\u00f5i kahetoimelise (m\u00f5lemas suunas t\u00f6\u00f6tav) konfiguratsioonina, m\u00f5nel mudelil on teleskoopkonstruktsioon, mis v\u00f5imaldab suuremat ulatust kompaktsetes ruumides.<\/li>\n<li><strong>Kohandatavad valikud:<\/strong> Meie noole silindreid saab kohandada vastavalt konkreetsetele t\u00f6\u00f6vajadustele, tagades \u00fchilduvuse erinevate ekskavaatorimudelite ja rakendustega.<\/li>\n<li><strong>T\u00e4iustatud kulumiskindlus:<\/strong> Meie silindrid on konstrueeritud kulumiskindlust ja korrosioonikaitset silmas pidades, et pikendada nende eluiga ja s\u00e4ilitada j\u00f5udlus n\u00f5udlikes tingimustes.<\/li>\n<\/ul>\n<p>Meie toodame seda toodet ja meie silindrid on ideaalsed asenduseks olemasolevatele h\u00fcdrosilindritele.<\/p>\n<p><img decoding=\"async\" src=\"https:\/\/www.hydraulic-cylinders.net\/wp-content\/uploads\/2025\/04\/songte-cylinder-head-with-all-kinds-excavator-models.webp\" alt=\"Silindripea pilt\"><\/p>\n<h2>Rakendused<\/h2>\n<h3>Ehitustehnika:<\/h3>\n<p>Ekskavaatorites m\u00e4ngib noole silinder olulist rolli kaevamisel, laadimisel ja pinnase v\u00f5i prahi teisaldamisel. See v\u00f5imaldab noole liikumise t\u00e4pset juhtimist, v\u00f5imaldades operaatoritel mitmesuguseid \u00fclesandeid t\u00f5husalt t\u00e4ita. Ekskavaator-laadurites abistab kopa silinder nii kaevamisel kui ka t\u00f5stmisel, suurendades mitmek\u00fclgsust ja t\u00f5husust t\u00f6\u00f6platsil.<\/p>\n<h3>P\u00f5llumajandusmasinad:<\/h3>\n<p>Frontaallaadurid kasutavad poomi silindreid mulla, heina ja muude materjalide kopeerimiseks, t\u00f5stmiseks ja transportimiseks. Poomi liikumise juhtimise v\u00f5imalus aitab p\u00f5llumeestel laadimist\u00f6id t\u00f5husalt hallata, parandades tootlikkust ja v\u00e4hendades k\u00e4sitsit\u00f6\u00f6 vajadust.<\/p>\n<h3>Ekskavaatorid:<\/h3>\n<p>Ekskavaatorites v\u00f5imaldab kopa silinder kaevamist, v\u00f5imaldades kopal t\u00f5husalt pinnasesse tungida. See v\u00f5ime on oluline soovitud kaeves\u00fcgavuse saavutamiseks ja t\u00f6\u00f6 efektiivsuse s\u00e4ilitamiseks.<\/p>\n<h3>Laadurid:<\/h3>\n<p>Esilaaduritel on noolesilindrid \u00fcliolulised koormate t\u00f5stmiseks ja t\u00fchjendamiseks. Need h\u00f5lbustavad materjalide t\u00f5stmist, tagades t\u00f5husa kohaletoimetamise ja utiliseerimise, mis on mitmesugustes ehitusrakendustes kriitilise t\u00e4htsusega.<\/p>\n<h2>Projekteerimiskaalutlused ja valikukriteeriumid<\/h2>\n<ul>\n<li><strong>Kandev\u00f5ime:<\/strong> Kandev\u00f5ime m\u00f5istmine on \u00f5ige poomi silindri valimisel \u00fclioluline. See peab suutma taluda t\u00f6\u00f6 k\u00e4igus esinevate koormuste raskust, ilma et see kahjustaks ohutust v\u00f5i j\u00f5udlust. \u00d5igesti hinnatud silinder tagab, et ekskavaator saab oma \u00fclesandeid t\u00f5husalt t\u00e4ita, minimeerides samal ajal rikkeohtu.<\/li>\n<li><strong>Tihendusfunktsioonid:<\/strong> H\u00fcdraulilise silindri tihendite terviklikkus on lekete v\u00e4ltimiseks ja r\u00f5hu s\u00e4ilitamiseks \u00fclioluline. Pikaealisuse ja t\u00f5husa tihenduse tagamiseks tuleks kasutada kvaliteetseid tihendeid, mis on valmistatud vastupidavatest materjalidest, n\u00e4iteks pol\u00fcuretaanist v\u00f5i nitriilkummist. N\u00f5uetekohane tihendus mitte ainult ei paranda j\u00f5udlust, vaid v\u00e4hendab ka h\u00fcdraulilise vedeliku kadumisega seotud hoolduskulusid.<\/li>\n<li><strong>Vastupidavus:<\/strong> Poomi silindri loomisel kasutatavad materjalid ja ehitustehnikad peaksid keskenduma vastupidavusele. Sellised omadused nagu pinnat\u00f6\u00f6tlused, mis parandavad korrosioonikindlust ja kulumiskindlust, aitavad silindril vastu pidada n\u00f5udlikele keskkondadele, pikendades l\u00f5ppkokkuv\u00f5ttes selle kasutusiga.<\/li>\n<li><strong>Turvaelemendid:<\/strong> Poomi silindri konstruktsioonis on oluline rakendada ohutusmeetmeid, n\u00e4iteks r\u00f5hualandusventiile ja vastupidavaid kinnitusklambreid. Need omadused aitavad v\u00e4ltida s\u00fcsteemi \u00fclekoormust ja tagavad ohutu t\u00f6\u00f6 erinevates tingimustes.<\/li>\n<li><strong>Hoolduse ligip\u00e4\u00e4setavus:<\/strong> Projekteerimisel tuleks arvestada ka hoolduse lihtsusega. Silindrid, mis v\u00f5imaldavad h\u00f5lpsat juurdep\u00e4\u00e4su tihenditele, m\u00e4\u00e4rdeainetele ja muudele komponentidele, h\u00f5lbustavad regulaarseid kontrolle ja remonte, tagades seadmete optimaalse t\u00f6\u00f6korras p\u00fcsimise.<\/li>\n<\/ul>\n<p><img decoding=\"async\" src=\"https:\/\/www.hydraulic-cylinders.net\/wp-content\/uploads\/2025\/04\/songte-oil-pipes-and-spare-parts.webp\" alt=\"\u00d5litorude ja varuosade pilt\"><\/p>\n<h2>Tihendus ja m\u00e4\u00e4rimine<\/h2>\n<p>T\u00f5hus tihendamine ja m\u00e4\u00e4rimine on h\u00fcdrauliliste silindrite j\u00f5udluse seisukohalt kriitilise t\u00e4htsusega. H\u00fcdraulikas\u00fcsteemi terviklikkuse s\u00e4ilitamiseks on oluline kasutada mitmesuguseid tihenduskomponente, n\u00e4iteks kolvitihendeid ja vardatihendeid. Pikaealisuse ja j\u00f5udluse suurendamiseks kasutatakse tavaliselt kulumiskindlatest materjalidest, n\u00e4iteks pol\u00fcuretaanist ja nitriilkummist, valmistatud tihendeid. Lisaks l\u00e4bivad silindri korpus ja keermestatud otsad hoolika pinnat\u00f6\u00f6tluse, et parandada kulumiskindlust ja pikendada seel\u00e4bi silindri eluiga.<\/p>\n<p>Regulaarne h\u00fcdraulika\u00f5liga m\u00e4\u00e4rimine on vajalik h\u00f5\u00f5rdumise v\u00e4hendamiseks ja kulumise v\u00e4ltimiseks. H\u00fcdraulika\u00f5li perioodiline kontrollimine ja t\u00e4iendamine on \u00fclioluline, et tagada sujuv t\u00f6\u00f6. N\u00f5uetekohane m\u00e4\u00e4rimine mitte ainult ei paranda silindri j\u00f5udlust, vaid v\u00e4hendab ka lekete ja rikete ohtu.<\/p>\n<h2>Ennetavad hooldusmeetmed<\/h2>\n<ul>\n<li><strong>Regulaarsed kontrollid:<\/strong> Poomi silindri regulaarsete kontrollide tegemine on oluline, et tuvastada potentsiaalsed probleemid enne nende s\u00fcvenemist. Otsige kulumise, lekete ja tihendite ning \u00fchenduste kahjustuste m\u00e4rke. Varajane avastamine aitab v\u00e4ltida kulukaid remondit\u00f6id ja seisakuid.<\/li>\n<li><strong>\u00d5ige m\u00e4\u00e4rimine:<\/strong> Veenduge, et h\u00fcdraulika\u00f5li tase on \u00f5ige ja \u00f5li on puhas. Soovitatava t\u00fc\u00fcpi h\u00fcdraulika\u00f5li kasutamine v\u00f5ib parandada silindri j\u00f5udlust ja pikendada selle eluiga. Kontrollige regulaarselt saastumise suhtes ja vahetage \u00f5li vastavalt vajadusele.<\/li>\n<li><strong>Tihendi vahetamine:<\/strong> Aja jooksul v\u00f5ivad tihendid kuluda ja kaotada oma efektiivsuse. J\u00e4lgige regulaarselt tihendite seisukorda ja vajadusel vahetage need v\u00e4lja. Asendustihendite varuks hoidmine aitab minimeerida seisakuid ja tagada sujuva t\u00f6\u00f6.<\/li>\n<\/ul>\n<h2>Paigaldusjuhised<\/h2>\n<p>Poomi silindri korrektseks paigaldamiseks toimige j\u00e4rgmiselt.<\/p>\n<ol>\n<li>Alustage veendudes, et t\u00f6\u00f6ala on puhas ja prahist vaba. See hoiab \u00e4ra saastumise paigaldamise ajal.<\/li>\n<li>Kasutage silindri kinnitamiseks sobivaid kinnitusklambreid, veendudes, et see on ekskavaatori kinnituspunktidega \u00f5igesti joondatud.<\/li>\n<li>Joondage silinder \u00f5igesti, veendudes, et k\u00f5ik komponendid sobivad tihedalt ja ilma liigse pingeta. Vale joondamine v\u00f5ib p\u00f5hjustada enneaegset kulumist v\u00f5i riket.<\/li>\n<li>\u00dchendage h\u00fcdraulikavoolikud, veendudes, et need poleks keerdumiskohtadest ega takistustest vabad. Lekete v\u00e4ltimiseks kasutage kvaliteetseid voolikuid ja liitmikke.<\/li>\n<li>P\u00e4rast paigaldamist t\u00e4itke h\u00fcdros\u00fcsteem soovitatava \u00f5liga ja laske s\u00fcsteemist \u00f5hk v\u00e4lja, et tagada efektiivne t\u00f6\u00f6.<\/li>\n<\/ol>\n<p>T\u00e4psemate paigaldusprotseduuride saamiseks lugege alati tootja spetsifikatsioone ja juhiseid.<\/p>\n<p><img decoding=\"async\" src=\"https:\/\/www.hydraulic-cylinders.net\/wp-content\/uploads\/2025\/04\/songte-chushion-collar.webp\" alt=\"Padjakrae pilt\"><\/p>\n<h2>Hooldus\u00fclesanded<\/h2>\n<ul>\n<li><strong>Regulaarsed kontrollid:<\/strong> Poomi silindri plaanip\u00e4rane kontroll on t\u00f6\u00f6 efektiivsuse s\u00e4ilitamiseks \u00fclioluline. Otsige lekkeid, kulumist ja muid kahjustuste m\u00e4rke. N\u00f5uetekohaselt hooldatud silindrid kestavad kauem ja t\u00f6\u00f6tavad paremini.<\/li>\n<li><strong>Sobiv m\u00e4\u00e4rimine:<\/strong> Silindri piisav m\u00e4\u00e4rimine on sujuva t\u00f6\u00f6 tagamiseks h\u00e4davajalik. Regulaarne m\u00e4\u00e4rimine minimeerib h\u00f5\u00f5rdumist, mis v\u00f5ib p\u00f5hjustada enneaegset kulumist, m\u00f5jutades oluliselt poomi silindri j\u00f5udlust ja eluiga.<\/li>\n<li><strong>Tihendi vahetamine:<\/strong> Aja jooksul v\u00f5ivad tihendid laguneda ja muutuda v\u00e4hem efektiivseks, mis v\u00f5ib p\u00f5hjustada h\u00fcdraulikavedeliku lekkeid. Kontrollige tihendeid regulaarselt ja vahetage need v\u00e4lja, kui need n\u00e4itavad kulumism\u00e4rke. See aitab s\u00e4ilitada s\u00fcsteemi r\u00f5hku ja efektiivsust.<\/li>\n<\/ul>\n<h2>Ohutuskaalutlused ja keskkonnategurid<\/h2>\n<p>Poomisilindrite kasutamisel on \u00fclioluline tagada ohutus n\u00f5uetekohase k\u00e4sitsemise ja kasutamise kaudu. Operaatorid peaksid alati olema koolitatud h\u00fcdraulikaseadmete ohutuks kasutamiseks. Ohutusmeetmete hulka kuulub sobivate isikukaitsevahendite (IKV) kandmine ja t\u00f6\u00f6piirkonna ohtudest vabaks j\u00e4tmine. Keskkonnam\u00f5ju minimeerimiseks tuleks esikohale seada ka keskkonnakaalutlused, n\u00e4iteks lekke v\u00e4ltimine ja h\u00fcdraulikavedelike n\u00f5uetekohane k\u00f5rvaldamine.<\/p>\n<h2>Rikete diagnoosimine ja levinud probleemid<\/h2>\n<ul>\n<li><strong>Lekkeprobleemid:<\/strong> H\u00fcdraulikavedeliku leke v\u00f5ib viidata tihendi rikkele v\u00f5i kahjustusele. Regulaarsed kontrollid peaksid keskenduma lekete varajasele tuvastamisele, et v\u00e4ltida vedeliku kadu ja s\u00e4ilitada r\u00f5hk.<\/li>\n<li><strong>Ebaj\u00e4rjekindel j\u00f5udlus:<\/strong> Kui poomi silinder t\u00f6\u00f6tab ebaregulaarselt v\u00f5i aeglaselt, v\u00f5ib see olla tingitud madalast h\u00fcdraulikavedeliku tasemest v\u00f5i saastumisest. N\u00f5uetekohase hoolduse tagamine aitab neid probleeme leevendada.<\/li>\n<li><strong>\u00dclekuumenemine:<\/strong> Liigne kuumus v\u00f5ib p\u00f5hjustada h\u00fcdraulikavedeliku lagunemist ja silindri kahjustumist. T\u00f6\u00f6temperatuuride j\u00e4lgimine ja piisavate jahutusmeetmete tagamine on \u00fclioluline.<\/li>\n<\/ul>\n<h2>Veaotsingu n\u00e4pun\u00e4ited<\/h2>\n<p>Poomi silindri probleemide t\u00f5husaks diagnoosimiseks ja lahendamiseks kaaluge neid t\u00f5rkeotsingu n\u00e4pun\u00e4iteid:<\/p>\n<ul>\n<li>Kontrollige regulaarselt vedeliku taset ja lisage vastavalt vajadusele, et s\u00e4ilitada n\u00f5uetekohane t\u00f6\u00f6. Madal vedeliku tase v\u00f5ib p\u00f5hjustada j\u00f5udlusprobleeme.<\/li>\n<li>Kontrollige tihendeid ja \u00fchendusi kulumise v\u00f5i kahjustuste suhtes. Kulunud tihendite vahetamine aitab v\u00e4ltida lekkeid ja s\u00e4ilitada s\u00fcsteemi r\u00f5hu.<\/li>\n<li>Veenduge, et h\u00fcdraulikavedelik on puhas ja saasteainetevaba. Vahetage vedelikku vastavalt soovitustele, et s\u00fcsteemi kaitsta.<\/li>\n<\/ul>\n<p><img decoding=\"async\" src=\"https:\/\/www.hydraulic-cylinders.net\/wp-content\/uploads\/2025\/04\/songte-bushings-with-all-kinds-of-excavator-models.webp\" alt=\"Pukside pilt\"><\/p>\n<h2>Meie ettev\u00f5ttest<\/h2>\n<p>Oleme juhtiv asendush\u00fcdrauliliste silindrite tootja, pakkudes laia tootevalikut nii sise- kui ka rahvusvahelistele turgudele. Meie p\u00fchendumus tipptasemele peegeldub meie peentes tootmisprotsessides, mida toetavad t\u00e4iustatud digitaalsed tootmisseadmed ja professionaalsed testimiss\u00fcsteemid. Keskendudes k\u00f5rgele t\u00f5hususele, t\u00e4psusele ja kvaliteedile, p\u00fc\u00fcame rahuldada oma klientide mitmekesiseid vajadusi.<\/p>\n<p>Meie tooteid toetavad rahvusvahelised sertifikaadid, mis tagavad vastavuse \u00fclemaailmsetele standarditele. Pakume kohandatavaid lahendusi, mis on kohandatud vastavalt klientide konkreetsetele vajadustele. Meie tipptasemel tootmisrajatised v\u00f5imaldavad meil s\u00e4ilitada k\u00f5rgeid kvaliteedistandardeid kogu tootmisprotsessi v\u00e4ltel. Lisaks pakume erakordset m\u00fc\u00fcgij\u00e4rgset teenindust, sealhulgas tuge paigaldamisel, hooldusel ja varuosade tarnimisel.<\/p>\n<p><img decoding=\"async\" src=\"https:\/\/www.hydraulic-cylinders.net\/wp-content\/uploads\/2025\/04\/songte-company-4.webp\" alt=\"Ettev\u00f5tte pilt 1\"><br \/>\n<img decoding=\"async\" src=\"https:\/\/www.hydraulic-cylinders.net\/wp-content\/uploads\/2025\/04\/songte-company-3.webp\" alt=\"Ettev\u00f5tte pilt 2\"><\/p>\n<p>Autor: lyl<\/p>","protected":false},"excerpt":{"rendered":"<p>Boom Cylinder For Sumitomo Middle Excavator SH210-5 Product Overview The Boom Cylinder for the Sumitomo Middle Excavator SH210-5 is an essential hydraulic component designed to control the movement of the excavator&#8217;s boom. This hydraulic cylinder enables precise lifting, lowering, and tilting of the boom, facilitating efficient material handling tasks. Specifically, the bucket cylinder is a [&hellip;]<\/p>","protected":false},"featured_media":17880,"comment_status":"open","ping_status":"closed","template":"","meta":{"_et_pb_use_builder":"","_et_pb_old_content":"","_et_gb_content_width":""},"product_brand":[],"product_cat":[1546],"product_tag":[1547,1496],"class_list":{"0":"post-18893","1":"product","2":"type-product","3":"status-publish","4":"has-post-thumbnail","6":"product_cat-boom-cylinders","7":"product_tag-boom-cylinders","8":"product_tag-hydraulic-cylinders","10":"first","11":"instock","12":"shipping-taxable","13":"product-type-simple"},"amp_enabled":true,"_links":{"self":[{"href":"https:\/\/www.hydraulic-cylinders.net\/et\/wp-json\/wp\/v2\/product\/18893","targetHints":{"allow":["GET"]}}],"collection":[{"href":"https:\/\/www.hydraulic-cylinders.net\/et\/wp-json\/wp\/v2\/product"}],"about":[{"href":"https:\/\/www.hydraulic-cylinders.net\/et\/wp-json\/wp\/v2\/types\/product"}],"replies":[{"embeddable":true,"href":"https:\/\/www.hydraulic-cylinders.net\/et\/wp-json\/wp\/v2\/comments?post=18893"}],"wp:featuredmedia":[{"embeddable":true,"href":"https:\/\/www.hydraulic-cylinders.net\/et\/wp-json\/wp\/v2\/media\/17880"}],"wp:attachment":[{"href":"https:\/\/www.hydraulic-cylinders.net\/et\/wp-json\/wp\/v2\/media?parent=18893"}],"wp:term":[{"taxonomy":"product_brand","embeddable":true,"href":"https:\/\/www.hydraulic-cylinders.net\/et\/wp-json\/wp\/v2\/product_brand?post=18893"},{"taxonomy":"product_cat","embeddable":true,"href":"https:\/\/www.hydraulic-cylinders.net\/et\/wp-json\/wp\/v2\/product_cat?post=18893"},{"taxonomy":"product_tag","embeddable":true,"href":"https:\/\/www.hydraulic-cylinders.net\/et\/wp-json\/wp\/v2\/product_tag?post=18893"}],"curies":[{"name":"wp","href":"https:\/\/api.w.org\/{rel}","templated":true}]}}