{"id":18899,"date":"2025-04-07T06:01:12","date_gmt":"2025-04-07T06:01:12","guid":{"rendered":"https:\/\/www.hydraulic-cylinders.net\/product\/boom-cylinder-for-sumitomo-middle-excavator-sh240-5\/"},"modified":"2025-04-07T06:01:14","modified_gmt":"2025-04-07T06:01:14","slug":"boom-cylinder-for-sumitomo-middle-excavator-sh240-5","status":"publish","type":"product","link":"https:\/\/www.hydraulic-cylinders.net\/et\/toode\/boom-cylinder-for-sumitomo-middle-excavator-sh240-5\/","title":{"rendered":"Sumitomo keskmise ekskavaatori SH240-5 poomi silinder"},"content":{"rendered":"<h1>Sumitomo keskmise ekskavaatori SH240-5 poomi silinder<\/h1>\n<h2>Sissejuhatus poomi silindritesse<\/h2>\n<p>Noole silinder on h\u00fcdros\u00fcsteemide oluline komponent, mis on spetsiaalselt loodud erinevate raskete masinate, n\u00e4iteks ekskavaatorite, laadur-ekskavaatori ja esilaaduri koppade liikumise juhtimiseks. See v\u00f5imaldab koppa t\u00f5sta, langetada ja kallutada, h\u00f5lbustades t\u00f5husaid materjalik\u00e4itlust\u00f6id. Kopa silinder on h\u00fcdrosilindri t\u00fc\u00fcp, mille peamine \u00fclesanne on h\u00fcdraulilise energia edastamine mehaaniliseks j\u00f5uks, v\u00f5imaldades seadmetel t\u00e4ita oma m\u00e4\u00e4ratud \u00fclesandeid t\u00e4pselt ja v\u00f5imsalt.<\/p>\n<p><img decoding=\"async\" src=\"https:\/\/www.hydraulic-cylinders.net\/wp-content\/uploads\/2025\/04\/songte-company-1.webp\" alt=\"Poomi silindri pilt\"><\/p>\n<h2>Poomi silindri omadused<\/h2>\n<h3>1. Suur tugevus ja vastupidavus<\/h3>\n<p>K\u00f5rgtugevast terasest v\u00f5i alumiiniumist valmistatud poomi silinder on konstrueeritud taluma k\u00f5rget r\u00f5hku ja suuri koormusi, mist\u00f5ttu sobib see karmidesse t\u00f6\u00f6keskkondadesse. Selle disain h\u00f5lmab kulumiskindlust ja korrosioonikindlust, mis pikendavad oluliselt selle eluiga.<\/p>\n<h3>2. T\u00f5hus h\u00fcdrauliline t\u00f6\u00f6<\/h3>\n<p>H\u00fcdraulika\u00f5li r\u00f5hu abil saavutab poomi silinder sujuva ja kiire pikendus- ja tagasit\u00f5mbamisliigutuse. See tagab v\u00f5imsa t\u00f5uke- ja t\u00f5mbej\u00f5u, mis v\u00f5imaldab h\u00f5lpsalt k\u00e4sitseda raskeid materjale ja keerulisi \u00fclesandeid.<\/p>\n<h3>3. T\u00fc\u00fcpide mitmekesisus<\/h3>\n<p>Poomi silindrid on saadaval erinevat t\u00fc\u00fcpi, et need vastaksid erinevatele t\u00f6\u00f6vajadustele. Valikute hulka kuuluvad \u00fchetoimelised (h\u00fcdrauliline toime \u00fches suunas) v\u00f5i kahetoimelised (h\u00fcdrauliline toime m\u00f5lemas suunas) silindrid. M\u00f5ned mudelid on teleskoopilised, mis v\u00f5imaldab suuremat pikendust ilma v\u00e4lism\u00f5\u00f5tmeid suurendamata, mis sobib ideaalselt piiratud ruumiga rakenduste jaoks.<\/p>\n<h3>4. Kohandatavad lahendused<\/h3>\n<p>Meie tootmisv\u00f5imalused v\u00f5imaldavad meil toota noolesilindreid, mis asendavad ideaalselt olemasolevaid h\u00fcdrosilindreid, tagades sujuva integreerimise teie seadmetesse ja tegevusse.<\/p>\n<p><img decoding=\"async\" src=\"https:\/\/www.hydraulic-cylinders.net\/wp-content\/uploads\/2025\/04\/songte-cylinder-head-with-all-kinds-excavator-models.webp\" alt=\"Kohandatavad poomi silindri lahendused\"><\/p>\n<h3>5. T\u00e4iustatud turvafunktsioonid<\/h3>\n<p>Ohutust silmas pidades konstrueeritud noolesilindrid sisaldavad selliseid omadusi nagu r\u00f5huvabastusventiilid ja vastupidavad tihendid, mis minimeerivad h\u00fcdraulika lekete ohtu ja tagavad ohutu t\u00f6\u00f6 suure koormusega t\u00f6\u00f6de ajal.<\/p>\n<h2>Poomi silindrite rakendused<\/h2>\n<h3>1. Ehitustehnika<\/h3>\n<p>Ekskavaatorites on noolesilindrid olulised kaevamiseks, laadimiseks ja pinnase v\u00f5i prahi teisaldamiseks. Need v\u00f5imaldavad kopa liikumist t\u00e4pselt juhtida, h\u00f5lbustades t\u00f5husat kaevamist ja materjalide k\u00e4itlemist ehitusplatsidel. Ekskavaator-laadurites aitavad need silindrid nii kaevamis- kui ka t\u00f5stet\u00f6\u00f6del, muutes need t\u00f6\u00f6v\u00f5tjatele mitmek\u00fclgseteks t\u00f6\u00f6riistadeks.<\/p>\n<h3>2. P\u00f5llumajandustehnika<\/h3>\n<p>Esilaadurid kasutavad mulla, heina ja muude materjalide kopeerimiseks, t\u00f5stmiseks ja transportimiseks noolesilindreid. Kopa asendi man\u00f6\u00f6verdamise ja juhtimise v\u00f5imalus suurendab p\u00f5llumajandust\u00f6\u00f6de tootlikkust, muutes mitmesuguste p\u00f5llumajandust\u00f6\u00f6de haldamise lihtsamaks.<\/p>\n<h3>3. Kaevamine<\/h3>\n<p>Ekskavaatorites v\u00f5imaldab noole silinder kopal pinnasesse tungida, h\u00f5lbustades kaevamisprotsessi. See v\u00f5ime on oluline ehitus-, haljastus- ja kaevandust\u00f6\u00f6del, v\u00f5imaldades t\u00f5husat pinnase eemaldamist ja platsi ettevalmistamist.<\/p>\n<h3>4. Laadurid<\/h3>\n<p>Esilaaduritel aitavad noolesilindrid koormaid t\u00f5husalt t\u00f5sta ja t\u00fchjendada. Need pakuvad vajalikku v\u00f5imsust ja kontrolli raskete materjalide k\u00e4sitsemiseks, tagades sujuva t\u00f6\u00f6voo ja suurema tootlikkuse.<\/p>\n<h2>Projekteerimiskaalutlused ja valikukriteeriumid<\/h2>\n<h3>Kandev\u00f5ime<\/h3>\n<p>Noole silindri valimisel on oluline arvestada selle kandev\u00f5imega. Silinder peab suutma kanda t\u00f5stetava v\u00f5i liigutatava koorma maksimaalset raskust. See tagab ohutu t\u00f6\u00f6 ja hoiab \u00e4ra seadmete rikke. Tootjad esitavad tavaliselt iga mudeli maksimaalse kandev\u00f5ime spetsifikatsioonid, mis v\u00f5imaldab ostjatel valida oma vajadustele vastava silindri.<\/p>\n<h3>Tihendusmehhanism<\/h3>\n<p>T\u00f5hus tihendus on h\u00fcdrauliliste silindrite pikaealisuse ja t\u00f6\u00f6kindluse tagamiseks \u00fclioluline. H\u00e4sti disainitud tihenduss\u00fcsteem hoiab \u00e4ra h\u00fcdraulika\u00f5li lekke, mis v\u00f5ib v\u00e4hendada s\u00fcsteemi efektiivsust ja p\u00f5hjustada rikkeid. Eelistatakse kvaliteetseid tihendeid, mis on valmistatud sellistest materjalidest nagu pol\u00fcuretaan v\u00f5i nitriilkummi, kuna need pakuvad suurep\u00e4rast kulumiskindlust ja vastupidavust n\u00f5udlikes tingimustes.<\/p>\n<h3>Vastupidavus<\/h3>\n<p>Vastupidavus on noolesilindrite konstruktsiooni v\u00f5tmetegur. Need komponendid puutuvad kokku \u00e4\u00e4rmuslike tingimustega, sealhulgas k\u00f5rge r\u00f5hu ja abrasiivsete materjalidega. Tugev konstruktsioon, mis kasutab \u00fclitugevaid materjale, tagab, et silinder talub raskete rakenduste koormust, v\u00e4hendades vahetuste sagedust ja hoolduskulusid.<\/p>\n<h3>Turvaelemendid<\/h3>\n<p>Poomi silindri valimisel peaksid ohutusfunktsioonid olema esmat\u00e4htsad. Selliste elementide nagu r\u00f5huvabastusventiilide ja ohutuslukkude lisamine aitab v\u00e4ltida \u00f5nnetusi ja seadmete kahjustumist. T\u00f6\u00f6platsidel ohutu t\u00f6\u00f6 tagamiseks on oluline valida silindrid, mis vastavad ohutusstandarditele.<\/p>\n<h3>Hoolduse ligip\u00e4\u00e4setavus<\/h3>\n<p>Hoolduse lihtsust silmas pidav projekteerimine on pikaajalise t\u00f6\u00f6 tagamiseks kriitilise t\u00e4htsusega. Silindrid peaksid olema konstrueeritud nii, et rutiinsed kontrollid, m\u00e4\u00e4rimine ja osade vahetamine oleksid lihtsad. See ligip\u00e4\u00e4setavus v\u00f5ib oluliselt v\u00e4hendada seisakuid ja parandada \u00fcldist t\u00f6\u00f6t\u00f5husust.<\/p>\n<p><img decoding=\"async\" src=\"https:\/\/www.hydraulic-cylinders.net\/wp-content\/uploads\/2025\/04\/songte-oil-pipes-and-spare-parts.webp\" alt=\"H\u00fcdraulilise silindri hooldusosad\"><\/p>\n<h2>Tihendus ja m\u00e4\u00e4rimine<\/h2>\n<p>T\u00f5husa tihenduse ja m\u00e4\u00e4rimise s\u00e4ilitamine on poomi silindrite optimaalse j\u00f5udluse tagamiseks \u00fclioluline. Erinevate tihenduskomponentide, n\u00e4iteks kolvi- ja varrastihendite kasutamine tagab h\u00fcdraulikavedeliku p\u00fcsimise s\u00fcsteemis. Tavaliselt kasutatakse kulumiskindlate omaduste t\u00f5ttu vastupidavatest materjalidest, n\u00e4iteks pol\u00fcuretaanist v\u00f5i nitriilkummist, valmistatud tihendeid.<\/p>\n<p>Silindri korpus ja keermestatud otsapinnad tuleks vastupidavuse ja kulumiskindluse suurendamiseks t\u00e4ppist\u00f6\u00f6tluse l\u00e4bi viia. Regulaarne m\u00e4\u00e4rimine h\u00fcdraulika\u00f5liga on vajalik h\u00f5\u00f5rdumise ja soojuse tekkimise minimeerimiseks, tagades sujuva t\u00f6\u00f6 ja v\u00e4ltides liikuvate osade enneaegset kulumist. Regulaarselt tuleks kontrollida, et m\u00e4\u00e4rimine oleks piisav ja tihendid oleksid terved.<\/p>\n<h2>Ennetavad hooldusmeetmed<\/h2>\n<h3>1. Regulaarsed kontrollid<\/h3>\n<p>Poomi silindrite regulaarne kontroll aitab tuvastada kulumist ja v\u00f5imalikke probleeme enne, kui need s\u00fcvenevad. Otsige h\u00fcdraulikavedeliku lekke m\u00e4rke, ebatavalisi helisid v\u00f5i tihendite liigset kulumist.<\/p>\n<h3>2. Piisav m\u00e4\u00e4rimine<\/h3>\n<p>Veenduge, et h\u00fcdraulika\u00f5li tase oleks soovituslikul tasemel ja seda vahetataks vastavalt tootja juhistele. N\u00f5uetekohane m\u00e4\u00e4rimine on h\u00f5\u00f5rdumise v\u00e4hendamiseks ja silindri eluea pikendamiseks \u00fclioluline.<\/p>\n<h3>3. Tihendi vahetamine<\/h3>\n<p>Aja jooksul v\u00f5ivad tihendid kuluda ja oma efektiivsuse kaotada. Kontrollige ja vahetage tihendeid regulaarselt, et s\u00e4ilitada s\u00fcsteemi terviklikkus ja v\u00e4ltida lekkeid.<\/p>\n<h2>N\u00f5uetekohased paigaldusjuhised<\/h2>\n<p>Poomi silindri paigaldamine n\u00f5uab optimaalse j\u00f5udluse tagamiseks t\u00e4psust. Alustage veendumisest, et k\u00f5ik komponendid on puhtad ja prahist vabad. Joondage silinder \u00f5igesti kinnituspunktidega, kasutades selle kinnitamiseks sobivaid kinnitusvahendeid. Oluline on kasutada sobivaid kinnitusklambreid, et v\u00e4ltida joondusvigu, mis v\u00f5ivad p\u00f5hjustada enneaegset kulumist.<\/p>\n<p>P\u00e4rast joondamist j\u00e4rgige tootja juhiseid poltide pingutamiseks soovitatud p\u00f6\u00f6rdemomendini. P\u00e4rast paigaldamist tehke p\u00f5hjalik kontroll, et veenduda silindri sujuvas ja takistusteta t\u00f6\u00f6tamises. J\u00e4lgige paigaldust regulaarselt kulumise v\u00f5i joondamise m\u00e4rke t\u00f6\u00f6tamise ajal.<\/p>\n<h2>Levinumad hooldust\u00f6\u00f6d<\/h2>\n<h3>1. Regulaarsed kontrollid<\/h3>\n<p>Regulaarsed kontrollid on olulised, et tagada poomi silindri k\u00f5igi komponentide korrektne toimimine. Kontrollige kulumism\u00e4rke, pragusid v\u00f5i h\u00fcdraulikavedeliku lekkeid. Nende probleemide \u00f5igeaegne lahendamine aitab v\u00e4ltida hilisemaid t\u00f5sisemaid probleeme.<\/p>\n<h3>2. \u00d5ige m\u00e4\u00e4rimine<\/h3>\n<p>M\u00e4\u00e4ri silindrit regulaarselt vastavalt hooldusgraafikule. See on oluline h\u00f5\u00f5rdumise v\u00e4hendamiseks ja kulumise v\u00e4ltimiseks. Silindri eluea maksimeerimiseks j\u00e4rgige tootja soovitusi \u00f5lit\u00fc\u00fcbi ja m\u00e4\u00e4rimisintervallide kohta.<\/p>\n<h3>3. Tihendi vahetamine ja kalibreerimise kontrollimine<\/h3>\n<p>Kontrollige tihendeid perioodiliselt kulumise v\u00f5i kahjustuste suhtes ja vajadusel vahetage need v\u00e4lja. See aitab s\u00e4ilitada h\u00fcdraulilist r\u00f5hku ja v\u00e4ltida lekkeid. Lisaks tehke kalibreerimiskontrolle, et veenduda silindri t\u00e4pses reageerimises t\u00f6\u00f6k\u00e4sklustele.<\/p>\n<p><img decoding=\"async\" src=\"https:\/\/www.hydraulic-cylinders.net\/wp-content\/uploads\/2025\/04\/songte-chushion-collar.webp\" alt=\"Poomi silindri hooldus\"><\/p>\n<h2>Ohutuskaalutlused ja keskkonnategurid<\/h2>\n<p>Poomi silindrite kasutamisel on ohutusmeetmed h\u00e4davajalikud. Operaatorid peaksid olema koolitatud h\u00fcdraulikaseadmete \u00f5ige kasutamise osas, et v\u00e4ltida \u00f5nnetusi. J\u00e4rgige alati ohutusprotokolle, n\u00e4iteks isikukaitsevahendite kandmist ja enne kasutamist kontrollide tegemist. Lisaks veenduge, et t\u00f6\u00f6keskkond oleks vaba takistustest ja ohtudest, mis v\u00f5iksid silindri t\u00f6\u00f6d h\u00e4irida.<\/p>\n<h2>Veaotsing ja levinud probleemid<\/h2>\n<h3>1. H\u00fcdraulilise vedeliku lekked<\/h3>\n<p>Lekkeid v\u00f5ib p\u00f5hjustada kulunud tihendid v\u00f5i kahjustatud osad. Kontrollige tihendeid ja \u00fchendusi hoolikalt ning vahetage k\u00f5ik kahjustatud osad v\u00e4lja. Regulaarne hooldus aitab lekete teket v\u00e4ltida.<\/p>\n<h3>2. V\u00e4henenud j\u00f5udlus<\/h3>\n<p>Kui silinder ei reageeri piisavalt, kontrollige h\u00fcdraulikavedeliku taset ja ummistusi h\u00fcdraulikas\u00fcsteemis. \u00d5hk torudes v\u00f5ib samuti p\u00f5hjustada j\u00f5udlusprobleeme ja vajadusel tuleks need v\u00e4lja lasta.<\/p>\n<h3>3. Ebatavalised m\u00fcrad<\/h3>\n<p>Ebatavalised helid t\u00f6\u00f6tamise ajal v\u00f5ivad viidata sisemisele kulumisele v\u00f5i ebapiisavale m\u00e4\u00e4rimisele. Uurige m\u00fcra allikat ja k\u00f5rvaldage see viivitamatult, et v\u00e4ltida edasisi kahjustusi.<\/p>\n<p><img decoding=\"async\" src=\"https:\/\/www.hydraulic-cylinders.net\/wp-content\/uploads\/2025\/04\/songte-bushings-with-all-kinds-of-excavator-models.webp\" alt=\"Poomi silindri t\u00f5rkeotsing\"><\/p>\n<h2>N\u00e4pun\u00e4ited rikete k\u00e4sitlemiseks ja ennetamiseks<\/h2>\n<p>H\u00fcdrosilindrite probleemide t\u00f5husaks diagnoosimiseks ja lahendamiseks on oluline regulaarselt rakendada ennetavaid meetmeid. Pidage hooldusp\u00e4evikut, mis j\u00e4lgib \u00fclevaatusi, remonti ja vahetusi. See praktika aitab tuvastada korduvaid probleeme ja t\u00f6\u00f6tada v\u00e4lja strateegiaid v\u00f5imalike probleemide leevendamiseks. Rutiinse hoolduse, n\u00e4iteks m\u00e4\u00e4rimise ja tihendite kontrollimise tegemine v\u00f5ib oluliselt v\u00e4hendada rikete tekkimise t\u00f5en\u00e4osust ja pikendada h\u00fcdrosilindri eluiga.<\/p>\n<h2>Meie ettev\u00f5ttest<\/h2>\n<p>Oleme juhtiv asendush\u00fcdrauliliste silindrite tootja ja hulgim\u00fc\u00fcja, pakkudes laia tootevalikut nii sise- kui ka rahvusvahelistel turgudel. Meie p\u00fchendumus tipptasemele p\u00f5hineb meie hoolikatel tootmisjuhtimise strateegiatel, mida toetavad t\u00e4iustatud tootmis\u00fcksused ja oskuslik tehniline personal. Kasutades tipptasemel tootmisseadmeid ja professionaalseid testimiss\u00fcsteeme, t\u00e4iustame pidevalt oma tootmisplatvormi ja tagame oma toodete kvaliteedi. Keskendudes suurele t\u00f5hususele, t\u00e4psusele ja suurep\u00e4rasele kvaliteedile, suudame t\u00f5husalt rahuldada klientide mitmekesiseid vajadusi.<\/p>\n<p>Meie asjatundlikkus h\u00f5lmab mitmeid aspekte, sealhulgas vastavust rahvusvahelistele sertifikaatidele, konkreetsetele rakendustele kohandatud lahendusi, t\u00e4iustatud tootmisv\u00f5imalusi ja igak\u00fclgset m\u00fc\u00fcgij\u00e4rgset tuge. Meie prioriteediks on klientide rahulolu, tagades, et meie tooted ja teenused \u00fcletavad ootusi.<\/p>\n<p><img decoding=\"async\" src=\"https:\/\/www.hydraulic-cylinders.net\/wp-content\/uploads\/2025\/04\/songte-company-4.webp\" alt=\"Ettev\u00f5tte \u00fclevaade\"><br \/>\n<img decoding=\"async\" src=\"https:\/\/www.hydraulic-cylinders.net\/wp-content\/uploads\/2025\/04\/songte-company-3.webp\" alt=\"Tootmisrajatised\"><\/p>\n<p>Autor: lyl<\/p>","protected":false},"excerpt":{"rendered":"<p>Boom Cylinder For Sumitomo Middle Excavator SH240-5 Introduction to Boom Cylinders A boom cylinder is a crucial component in hydraulic systems, specifically designed to control the movement of buckets on various heavy machinery, such as excavators, backhoe loaders, and front loaders. It allows for the lifting, lowering, and tilting of the bucket, facilitating efficient material [&hellip;]<\/p>","protected":false},"featured_media":17871,"comment_status":"open","ping_status":"closed","template":"","meta":{"_et_pb_use_builder":"","_et_pb_old_content":"","_et_gb_content_width":""},"product_brand":[],"product_cat":[1546],"product_tag":[1547,1496],"class_list":{"0":"post-18899","1":"product","2":"type-product","3":"status-publish","4":"has-post-thumbnail","6":"product_cat-boom-cylinders","7":"product_tag-boom-cylinders","8":"product_tag-hydraulic-cylinders","10":"first","11":"instock","12":"shipping-taxable","13":"product-type-simple"},"amp_enabled":true,"_links":{"self":[{"href":"https:\/\/www.hydraulic-cylinders.net\/et\/wp-json\/wp\/v2\/product\/18899","targetHints":{"allow":["GET"]}}],"collection":[{"href":"https:\/\/www.hydraulic-cylinders.net\/et\/wp-json\/wp\/v2\/product"}],"about":[{"href":"https:\/\/www.hydraulic-cylinders.net\/et\/wp-json\/wp\/v2\/types\/product"}],"replies":[{"embeddable":true,"href":"https:\/\/www.hydraulic-cylinders.net\/et\/wp-json\/wp\/v2\/comments?post=18899"}],"wp:featuredmedia":[{"embeddable":true,"href":"https:\/\/www.hydraulic-cylinders.net\/et\/wp-json\/wp\/v2\/media\/17871"}],"wp:attachment":[{"href":"https:\/\/www.hydraulic-cylinders.net\/et\/wp-json\/wp\/v2\/media?parent=18899"}],"wp:term":[{"taxonomy":"product_brand","embeddable":true,"href":"https:\/\/www.hydraulic-cylinders.net\/et\/wp-json\/wp\/v2\/product_brand?post=18899"},{"taxonomy":"product_cat","embeddable":true,"href":"https:\/\/www.hydraulic-cylinders.net\/et\/wp-json\/wp\/v2\/product_cat?post=18899"},{"taxonomy":"product_tag","embeddable":true,"href":"https:\/\/www.hydraulic-cylinders.net\/et\/wp-json\/wp\/v2\/product_tag?post=18899"}],"curies":[{"name":"wp","href":"https:\/\/api.w.org\/{rel}","templated":true}]}}