{"id":1890,"date":"2023-10-19T03:22:23","date_gmt":"2023-10-19T03:22:23","guid":{"rendered":"https:\/\/hydraulic-cylinders.net\/?post_type=product&#038;p=1890"},"modified":"2025-04-11T02:52:03","modified_gmt":"2025-04-11T02:52:03","slug":"shield-machine-crusher-cylinder","status":"publish","type":"product","link":"https:\/\/www.hydraulic-cylinders.net\/et\/toode\/shield-machine-crusher-cylinder\/","title":{"rendered":"Kilpmasina purusti silinder"},"content":{"rendered":"<h1 style=\"text-align: center;\"><strong>Kilpmasina purusti silinder<\/strong><\/h1>\n<p><img loading=\"lazy\" decoding=\"async\" class=\"aligncenter wp-image-1891\" src=\"https:\/\/hydraulic-cylinders.net\/wp-content\/uploads\/2023\/10\/crusher-cylinder-1-300x300.webp\" alt=\"\" width=\"400\" height=\"400\" \/><\/p>\n<p>Kilpmasina purustussilinder on tipptasemel h\u00fcdrauliline komponent, mis on loodud kilpmasina purustust\u00f5hususe ja tootlikkuse suurendamiseks tunnelit\u00f6\u00f6del. See spetsiaalne silinder m\u00e4ngib olulist rolli kivimi ja pinnase killustamisel ja purustamisel, v\u00f5imaldades sujuvat kaevamist ja kiiret edenemist. See p\u00f5hjalik artikkel k\u00e4sitleb kilpmasina purustussilindri peamisi omadusi, kasutusmeetodeid ja hooldusjuhiseid.<\/p>\n<p>Kilpmasina purustussilinder on tipptasemel h\u00fcdrauliline komponent, mis suurendab kilpmasina purustust\u00f5husust ja tootlikkust tunnelit\u00f6\u00f6del. Oma v\u00f5imsa purustusv\u00f5ime, optimeeritud j\u00f5udluse, kiire paigalduse ja vastupidava konstruktsiooniga tagab see silinder t\u00f5husa killustamise ja kiire edenemise tunneli kaevamisprojektides. Soovitatavate kasutusmeetodite ja regulaarsete hooldustavade j\u00e4rgimisel pakub kilpmasina purustussilinder j\u00e4tkuvalt suurep\u00e4rast j\u00f5udlust, suurendades tunnelit\u00f6\u00f6de t\u00f5husust ja tootlikkust. T\u00f5stke oma tunneliprojektide taset kilpmasina purustussilindri purustusj\u00f5u ja t\u00f6\u00f6kindluse abil.<\/p>\n<p>Kilpmasina purusti silindri p\u00f5hiomadused:<\/p>\n<ul>\n<li>Purustusj\u00f5ud: Kilpmasina purustussilinder pakub tunneli kaevamisel kivimi ja pinnase lagundamiseks m\u00e4rkimisv\u00e4\u00e4rset purustusj\u00f5udu. Selle vastupidav konstruktsioon ja k\u00f5rgsurvev\u00f5ime tagavad t\u00f5husa killustumise, v\u00e4hendades kaevatud materjali suurust ja h\u00f5lbustades selle eemaldamist.<\/li>\n<li>Optimeeritud j\u00f5udlus: T\u00e4iustatud h\u00fcdraulikas\u00fcsteemidega varustatud silinder tagab purustusprotsessi t\u00e4pse juhtimise. Operaatorid saavad reguleerida purustussilindri rakendatavat j\u00f5udu ja kiirust, optimeerides j\u00f5udlust vastavalt erinevatele geoloogilistele tingimustele ja saavutades soovitud purustustulemused.<\/li>\n<li>Kiire paigaldus: Kilpmasina purustussilinder on loodud h\u00f5lpsaks paigaldamiseks ja olemasolevatesse kilbimasinatesse integreerimiseks. Selle kompaktne suurus v\u00f5imaldab sujuvat integreerimist, s\u00e4ilitades samal ajal seadme \u00fcldise tasakaalu ja man\u00f6\u00f6verdusv\u00f5ime, minimeerides seisakuid seadistamise ajal.<\/li>\n<li>Vastupidavus ja t\u00f6\u00f6kindlus: K\u00f5rgtugevatest materjalidest valmistatud kilbimasina purustussilinder on loodud vastu pidama tunneli kaevamisel esinevatele n\u00f5udlikele tingimustele. Selle vastupidav konstruktsioon tagab vastupidavuse, pikaealisuse ja \u00fchtlase j\u00f5udluse isegi karmides keskkondades.<\/li>\n<\/ul>\n<h2><strong>Kilpmasina purusti silindri parameeter:<\/strong><\/h2>\n<table border=\"1\" cellspacing=\"0\" cellpadding=\"0\">\n<tbody>\n<tr>\n<td>Toote nimi<\/td>\n<td>Kilpmasina purusti silinder<\/td>\n<\/tr>\n<tr>\n<td>Omadused:<\/td>\n<td>Kinnitage purustustangid, et suured kruusat\u00fckid purustataks enne v\u00e4ljalaskeavasse sisenemist<\/td>\n<\/tr>\n<tr>\n<td>\n<div class=\"txtboxL\">Spetsifikatsioon:<\/div>\n<\/td>\n<td>Purustussilindrite erinevaid spetsifikatsioone saab kujundada ja toota vastavalt kliendi vajadustele<\/td>\n<\/tr>\n<tr>\n<td>Rakendused:<\/td>\n<td>Kilpmasin, tunnelipuurimismasinad<\/td>\n<\/tr>\n<\/tbody>\n<\/table>\n<h2><strong>Kilpmasina purusti silindri rakendus:<\/strong><\/h2>\n<p><img loading=\"lazy\" decoding=\"async\" class=\"alignnone wp-image-1875 size-full\" src=\"https:\/\/hydraulic-cylinders.net\/wp-content\/uploads\/2023\/10\/harsh-corrosive-cylinder-1.webp\" alt=\"\" width=\"1418\" height=\"946\" srcset=\"https:\/\/hydraulic-cylinders.net\/wp-content\/uploads\/2023\/10\/harsh-corrosive-cylinder-1.webp 1418w, https:\/\/hydraulic-cylinders.net\/wp-content\/uploads\/2023\/10\/harsh-corrosive-cylinder-1-1280x854.webp 1280w, https:\/\/hydraulic-cylinders.net\/wp-content\/uploads\/2023\/10\/harsh-corrosive-cylinder-1-980x654.webp 980w, https:\/\/hydraulic-cylinders.net\/wp-content\/uploads\/2023\/10\/harsh-corrosive-cylinder-1-480x320.webp 480w\" sizes=\"(min-width: 0px) and (max-width: 480px) 480px, (min-width: 481px) and (max-width: 980px) 980px, (min-width: 981px) and (max-width: 1280px) 1280px, (min-width: 1281px) 1418px, 100vw\" \/><\/p>\n<h2><strong>Kilpmasina purusti silindri kasutusmeetod<\/strong><strong>:<\/strong><\/h2>\n<ol>\n<li><strong>Silindri paigaldamine:<\/strong>\u00a0 Paigaldage kilbipurusti silinder vastavalt tootja juhistele. Veenduge \u00f5iges joonduses ja kinnitage see kilbipurusti konstruktsiooni k\u00fclge sobivate kinnitusklambrite v\u00f5i lisatarvikute abil.<\/li>\n<li><strong>H\u00fcdraulikas\u00fcsteemi integreerimine:<\/strong> \u00dchendage silinder kilbimasina h\u00fcdros\u00fcsteemiga, kasutades sobivaid voolikuid ja liitmikke. Veenduge, et k\u00f5ik \u00fchendused on kindlad, lekkevabad ja piisavalt pingutatud, et s\u00e4ilitada optimaalne h\u00fcdrauliline j\u00f5udlus.<\/li>\n<li><strong>Operatiivsed juhtimisseadmed:<\/strong> Tutvuge Shield Machine'i purustussilindri spetsiifiliste juhtseadmetega. Saage aru, kuidas reguleerida silindri rakendatavat j\u00f5udu ja kiirust ning harjutage reegleid t\u00e4psete ja reageerivate purustustulemuste saavutamiseks.<\/li>\n<li><strong>Purustamisprotsess:<\/strong> Tunnelit\u00f6\u00f6de ajal j\u00e4lgida geoloogilisi tingimusi ja vastavalt reguleerida purustussilindri j\u00f5u ja kiiruse seadeid. Optimeerida purustusprotsessi, et tagada t\u00f5hus killustumine ja h\u00f5lbustada v\u00e4ljakaevatud materjali eemaldamist.<\/li>\n<\/ol>\n<h2><strong>Kuidas kahesuunalist h\u00fcdraulilist silindrit \u00f5hutada?<\/strong><\/h2>\n<p>Kahesuunalise h\u00fcdrosilindri \u00f5hutamine on protsess, mis h\u00f5lmab s\u00fcsteemist \u00f5hu eemaldamist, et tagada n\u00f5uetekohane t\u00f6\u00f6 ja v\u00e4ltida selliseid probleeme nagu k\u00e4snjasus v\u00f5i v\u00e4henenud j\u00f5udlus. Kahesuunaline h\u00fcdrosilinder on kahetoimeline silinder, mis kasutab kolvi pikendamiseks ja tagasit\u00f5mbamiseks h\u00fcdraulilist r\u00f5hku. Siin on samm-sammult juhend kahesuunalise h\u00fcdrosilindri \u00f5hutamiseks:<\/p>\n<ol>\n<li><strong>Ettevalmistus:<\/strong>\n<ul>\n<li>Veenduge, et h\u00fcdros\u00fcsteem on v\u00e4lja l\u00fclitatud ja r\u00f5hk vabastatud.<\/li>\n<li>H\u00fcdraulilise vedeliku eest kaitsmiseks kandke isikukaitsevahendeid, sealhulgas kindaid ja kaitseprille.<\/li>\n<\/ul>\n<\/li>\n<li><strong>Tuvastage \u00f5hutusventiil:<\/strong>\n<ul>\n<li>Leidke h\u00fcdrosilindrilt \u00f5hutusventiil. See on tavaliselt v\u00e4ike liitmik tolmukorgiga. \u00d5hutusventiil laseb silindrisse j\u00e4\u00e4nud \u00f5hul v\u00e4lja p\u00e4\u00e4seda.<\/li>\n<\/ul>\n<\/li>\n<li><strong>Silindri pikendamine:<\/strong>\n<ul>\n<li>Aktiveerige h\u00fcdropump v\u00f5i ventiil, juhtides silindrit kolvi t\u00e4ielikuks v\u00e4ljal\u00fckkamiseks. See liikumine aitab \u00f5humullidel silindri \u00fclaossa t\u00f5usta.<\/li>\n<\/ul>\n<\/li>\n<li><strong>Eemaldage tolmukate:<\/strong>\n<ul>\n<li>Eemalda \u00f5hutusventiililt tolmukork. Pane see kindlasse kohta k\u00f5rvale.<\/li>\n<\/ul>\n<\/li>\n<li><strong>Avage \u00f5hutusventiil:<\/strong>\n<ul>\n<li>Sobiva mutriv\u00f5tme v\u00f5i t\u00f6\u00f6riista abil keerake \u00f5hutusventiili vastup\u00e4eva, et see avada. See v\u00f5imaldab \u00f5hul ja l\u00f5ksus oleval vedelikul silindrist v\u00e4ljuda.<\/li>\n<\/ul>\n<\/li>\n<li><strong>T\u00f5mmake silinder tagasi:<\/strong>\n<ul>\n<li>Vabastage h\u00fcdrauliline r\u00f5hk ja laske silindril t\u00e4ielikult sisse t\u00f5mbuda. See v\u00f5ib h\u00f5lmata juhtventiili aktiveerimist v\u00f5i silindrit v\u00e4ljas hoidnud v\u00e4lise j\u00f5u vabastamist.<\/li>\n<\/ul>\n<\/li>\n<li><strong>J\u00e4lgige vedeliku voolu:<\/strong>\n<ul>\n<li>J\u00e4lgige vedeliku voolu \u00f5hutusventiilist. Alguses v\u00f5ite m\u00e4rgata koos vedelikuga v\u00e4ljuvaid \u00f5humulle. Laske vedelikul voolata, kuni mulle enam pole, mis n\u00e4itab, et \u00f5hk on silindrist v\u00e4ljunud.<\/li>\n<\/ul>\n<\/li>\n<li><strong>Sulgege \u00f5hutusventiil:<\/strong>\n<ul>\n<li>Kui olete k\u00f5ik \u00f5humullid eemaldanud, sulgege \u00f5hutusventiil, keerates seda p\u00e4rip\u00e4eva. Veenduge, et see oleks tihedalt suletud, et v\u00e4ltida vedeliku leket.<\/li>\n<\/ul>\n<\/li>\n<li><strong>Silindri pikendamine ja tagasit\u00f5mbamine:<\/strong>\n<ul>\n<li>Korrake samme 3 kuni 8, silindrit uuesti pikendades ja seej\u00e4rel sisse t\u00f5mmates, et veenduda kogu j\u00e4relej\u00e4\u00e4nud \u00f5hu eemaldamises s\u00fcsteemist. See samm aitab tagada h\u00fcdrosilindri p\u00f5hjaliku \u00f5hutamise.<\/li>\n<\/ul>\n<\/li>\n<li><strong>Kontrollige vedeliku taset:<\/strong>\n<ul>\n<li>P\u00e4rast silindri \u00f5hutamist kontrollige s\u00fcsteemi reservuaaris h\u00fcdraulikavedeliku taset. Vajadusel lisage vedelikku, et s\u00e4ilitada soovitatav tase.<\/li>\n<\/ul>\n<\/li>\n<\/ol>\n<h2><strong>Tehase v\u00f5imekus ja suutlikkus:<\/strong><\/h2>\n<h3>(1) Kokkupanek<\/h3>\n<p>Meil on esmaklassiline s\u00f5ltumatu teadus- ja arendustegevuse montaa\u017eiplatvorm. H\u00fcdrosilindrite tootmist\u00f6\u00f6kojas on neli poolautomaatset t\u00f5stesilindrite koosteliini ja \u00fcks automaatne kallutussilindrite koosteliin, mille kavandatud aastane tootmisv\u00f5imsus on 1 miljon t\u00fckki. Spetsiaalsete silindrite t\u00f6\u00f6koda on varustatud erinevate spetsifikatsioonidega poolautomaatse puhastusmontaa\u017eis\u00fcsteemiga, mille kavandatud aastane tootmisv\u00f5imsus on 200 000 ja mis on varustatud kuulsate CNC-t\u00f6\u00f6tlemisseadmete, mehaanilise t\u00f6\u00f6tlemise keskuse, suure t\u00e4psusega silindrite t\u00f6\u00f6tlemise eriseadmete, robotkeevitusmasina, automaatse puhastusmasina, automaatse silindri kokkupanemise masina ja automaatse v\u00e4rvimise tootmisliiniga. Olemasolevad kriitilised seadmed rohkem kui 300 komplekti (komplekti). Seadmete ressursside optimaalne jaotamine ja t\u00f5hus kasutamine tagavad toodete t\u00e4psusn\u00f5uded ja vastavad toodete kvaliteedin\u00f5uetele.<\/p>\n<p><img loading=\"lazy\" decoding=\"async\" class=\"alignnone wp-image-626\" src=\"https:\/\/hydraulic-cylinders.net\/wp-content\/uploads\/2023\/08\/hydraulic-cylinder-product-1-300x158.webp\" alt=\"\" width=\"495\" height=\"260\" srcset=\"https:\/\/hydraulic-cylinders.net\/wp-content\/uploads\/2023\/08\/hydraulic-cylinder-product-1-300x158.webp 495w, https:\/\/hydraulic-cylinders.net\/wp-content\/uploads\/2023\/08\/hydraulic-cylinder-product-1-480x252.webp 480w\" sizes=\"(min-width: 0px) and (max-width: 480px) 480px, (min-width: 481px) 495px, 100vw\" \/> <img loading=\"lazy\" decoding=\"async\" class=\"alignnone wp-image-627\" src=\"https:\/\/hydraulic-cylinders.net\/wp-content\/uploads\/2023\/08\/hydraulic-cylinder-product-2-300x189.webp\" alt=\"\" width=\"413\" height=\"260\" \/><\/p>\n<h3>(2) T\u00f6\u00f6tlemine<\/h3>\n<p>T\u00f6\u00f6deldav t\u00f6\u00f6koda on varustatud kohandatud kallutatud r\u00f6\u00f6pse treipingi keskuse, mehaanilise keskuse, kiire lihvimismasina, keevitusroboti ja muude seotud seadmetega, mis suudavad t\u00f6\u00f6delda silindritorusid, mille maksimaalne sisel\u00e4bim\u00f5\u00f5t on 400 mm ja maksimaalne pikkus on 6 meetrit.<\/p>\n<p><img loading=\"lazy\" decoding=\"async\" class=\"alignnone wp-image-628 size-large\" src=\"https:\/\/hydraulic-cylinders.net\/wp-content\/uploads\/2023\/08\/hydraulic-cylinder-product-3-1024x391.webp\" alt=\"\" width=\"1024\" height=\"391\" srcset=\"https:\/\/hydraulic-cylinders.net\/wp-content\/uploads\/2023\/08\/hydraulic-cylinder-product-3-980x374.webp 980w, https:\/\/hydraulic-cylinders.net\/wp-content\/uploads\/2023\/08\/hydraulic-cylinder-product-3-480x183.webp 480w\" sizes=\"(min-width: 0px) and (max-width: 480px) 480px, (min-width: 481px) and (max-width: 980px) 980px, (min-width: 981px) 1024px, 100vw\" \/><\/p>\n<h3>(3) Keevitamine<\/h3>\n<p><img loading=\"lazy\" decoding=\"async\" class=\"alignnone wp-image-629 size-large\" src=\"https:\/\/hydraulic-cylinders.net\/wp-content\/uploads\/2023\/08\/hydraulic-cylinder-product-4-1024x510.webp\" alt=\"\" width=\"1024\" height=\"510\" srcset=\"https:\/\/hydraulic-cylinders.net\/wp-content\/uploads\/2023\/08\/hydraulic-cylinder-product-4-980x488.webp 980w, https:\/\/hydraulic-cylinders.net\/wp-content\/uploads\/2023\/08\/hydraulic-cylinder-product-4-480x239.webp 480w\" sizes=\"(min-width: 0px) and (max-width: 480px) 480px, (min-width: 481px) and (max-width: 980px) 980px, (min-width: 981px) 1024px, 100vw\" \/><\/p>\n<h3>(4) V\u00e4rvimine ja katmine<\/h3>\n<p>V\u00e4ikese ja keskmise suurusega silindri automaatse veep\u00f5hise v\u00e4rvipinnakattega liinide abil, et saavutada automaatne robotlaadimine ja mahalaadimine ning automaatne pihustamine, projekteerimisv\u00f5imsus 4000 t\u00fckki vahetuse kohta;<br \/>\nMeil on ka poolautomaatne suurte balloonide v\u00e4rvimise tootmisliin, mis t\u00f6\u00f6tab j\u00f5ukettaga ja mille projekteerimisv\u00f5imsus on 60 kasti \u00fche vahetuse kohta.<\/p>\n<p><img loading=\"lazy\" decoding=\"async\" class=\"alignnone wp-image-630\" src=\"https:\/\/hydraulic-cylinders.net\/wp-content\/uploads\/2023\/08\/hydraulic-cylinder-product-5-300x213.webp\" alt=\"\" width=\"366\" height=\"260\" \/> <img loading=\"lazy\" decoding=\"async\" class=\"alignnone wp-image-631\" src=\"https:\/\/hydraulic-cylinders.net\/wp-content\/uploads\/2023\/08\/hydraulic-cylinder-product-6-300x225.webp\" alt=\"\" width=\"347\" height=\"260\" \/><\/p>\n<h3>(5) Testimine<\/h3>\n<p>Meil on esmaklassilised kontrolliseadmed ja katsestendid, et tagada silindri j\u00f5udlus vastavus n\u00f5uetele.<\/p>\n<p><img loading=\"lazy\" decoding=\"async\" class=\"alignnone wp-image-632\" src=\"https:\/\/hydraulic-cylinders.net\/wp-content\/uploads\/2023\/08\/hydraulic-cylinder-product-8-300x200.webp\" alt=\"\" width=\"389\" height=\"260\" \/><\/p>\n<p>&nbsp;<\/p>\n<p>&nbsp;<\/p>\n<p>Oleme \u00fcks parimaid h\u00fcdrosilindrite tootjaid. Pakume laia valikut h\u00fcdrosilindreid. Pakume ka vastavaid... <a href=\"https:\/\/hzpt.com\/agricultural-pto-gearbox\/\" target=\"_blank\" rel=\"noopener\">p\u00f5llumajanduslikud k\u00e4igukastid<\/a>. Oleme eksportinud oma tooteid klientidele \u00fcle maailma ja teeninud hea maine t\u00e4nu meie suurep\u00e4rasele tootekvaliteedile ja m\u00fc\u00fcgij\u00e4rgsele teenindusele. Me tervitame kliente kodus ja v\u00e4lismaal, et v\u00f5tta meiega \u00fchendust, et pidada l\u00e4bir\u00e4\u00e4kimisi \u00e4ri, vahetada teavet ja <a href=\"https:\/\/www.hydraulic-cylinders.net\/et\/contact-us\/\">teha meiega koost\u00f6\u00f6d<\/a>!<\/p>\n<p>&nbsp;<\/p>","protected":false},"excerpt":{"rendered":"<p>Shield Machine Crusher Cylinder The shield machine crusher cylinder is a cutting-edge hydraulic component designed to enhance shield machines&#8217; crushing efficiency and productivity in tunneling operations. This specialized cylinder plays a vital role in the fragmentation and crushing of rock and soil, enabling smooth excavation and rapid progress. This comprehensive article will delve into the [&hellip;]<\/p>","protected":false},"featured_media":1892,"comment_status":"open","ping_status":"closed","template":"","meta":{"_et_pb_use_builder":"","_et_pb_old_content":"","_et_gb_content_width":""},"product_brand":[],"product_cat":[1519,1549],"product_tag":[1380],"class_list":{"0":"post-1890","1":"product","2":"type-product","3":"status-publish","4":"has-post-thumbnail","6":"product_cat-shield-machine-hydraulic-cylinders","7":"product_cat-single-acting-hydraulic-cylinder","8":"product_tag-hydraulic-cylinder","10":"first","11":"instock","12":"shipping-taxable","13":"product-type-simple"},"amp_enabled":true,"_links":{"self":[{"href":"https:\/\/www.hydraulic-cylinders.net\/et\/wp-json\/wp\/v2\/product\/1890","targetHints":{"allow":["GET"]}}],"collection":[{"href":"https:\/\/www.hydraulic-cylinders.net\/et\/wp-json\/wp\/v2\/product"}],"about":[{"href":"https:\/\/www.hydraulic-cylinders.net\/et\/wp-json\/wp\/v2\/types\/product"}],"replies":[{"embeddable":true,"href":"https:\/\/www.hydraulic-cylinders.net\/et\/wp-json\/wp\/v2\/comments?post=1890"}],"wp:featuredmedia":[{"embeddable":true,"href":"https:\/\/www.hydraulic-cylinders.net\/et\/wp-json\/wp\/v2\/media\/1892"}],"wp:attachment":[{"href":"https:\/\/www.hydraulic-cylinders.net\/et\/wp-json\/wp\/v2\/media?parent=1890"}],"wp:term":[{"taxonomy":"product_brand","embeddable":true,"href":"https:\/\/www.hydraulic-cylinders.net\/et\/wp-json\/wp\/v2\/product_brand?post=1890"},{"taxonomy":"product_cat","embeddable":true,"href":"https:\/\/www.hydraulic-cylinders.net\/et\/wp-json\/wp\/v2\/product_cat?post=1890"},{"taxonomy":"product_tag","embeddable":true,"href":"https:\/\/www.hydraulic-cylinders.net\/et\/wp-json\/wp\/v2\/product_tag?post=1890"}],"curies":[{"name":"wp","href":"https:\/\/api.w.org\/{rel}","templated":true}]}}