{"id":18908,"date":"2025-04-07T06:01:36","date_gmt":"2025-04-07T06:01:36","guid":{"rendered":"https:\/\/www.hydraulic-cylinders.net\/product\/boom-cylinder-for-sumitomo-large-excavator-sh350a3\/"},"modified":"2025-04-07T06:01:38","modified_gmt":"2025-04-07T06:01:38","slug":"boom-cylinder-for-sumitomo-large-excavator-sh350a3","status":"publish","type":"product","link":"https:\/\/www.hydraulic-cylinders.net\/et\/toode\/boom-cylinder-for-sumitomo-large-excavator-sh350a3\/","title":{"rendered":"Sumitomo suure ekskavaatori SH350A3 poomi silinder"},"content":{"rendered":"<h1>Sumitomo suure ekskavaatori SH350A3 poomi silinder<\/h1>\n<h2>Sissejuhatus poomi silindrisse<\/h2>\n<p>Noole silinder on raskete masinate h\u00fcdros\u00fcsteemi oluline komponent, mis on spetsiaalselt loodud kopa liikumise juhtimiseks ekskavaatorites, laadur-ekskavaatorites ja esilaadurites. See h\u00fcdrosilinder h\u00f5lbustab kopa t\u00f5stmist, langetamist ja kallutamist, v\u00f5imaldades t\u00f5husat materjali k\u00e4itlemist. P\u00f5him\u00f5tteliselt toimib noole silinder nende robustsete masinate t\u00f6\u00f6 j\u00f5uallikana, v\u00f5imaldades neil funktsionaalseid \u00fclesandeid t\u00e4pselt ja h\u00f5lpsalt t\u00e4ita.<\/p>\n<p><img decoding=\"async\" src=\"https:\/\/www.hydraulic-cylinders.net\/wp-content\/uploads\/2025\/04\/songte-company-1.webp\" alt=\"Ekskavaatorite poomi silinder\" \/><\/p>\n<h3>Poomi silindri omadused<\/h3>\n<ul>\n<li><strong>Suur tugevus ja vastupidavus:<\/strong> K\u00f5rgtugevast terasest v\u00f5i alumiiniumist valmistatud noole silinder on konstrueeritud taluma k\u00f5rget r\u00f5hku ja suuri koormusi, mist\u00f5ttu sobib see karmidesse t\u00f6\u00f6keskkondadesse. Selle disain h\u00f5lmab kulumiskindlust ja korrosioonikindlust, pikendades komponendi eluiga.<\/li>\n<li><strong>T\u00f5hus h\u00fcdrauliline t\u00f6\u00f6:<\/strong> H\u00fcdraulika\u00f5li r\u00f5hku kasutades v\u00f5imaldab poomi silinder sujuvat pikendamist ja tagasit\u00f5mbamist. See reageerib kiiresti t\u00f6\u00f6k\u00e4sklustele, pakkudes m\u00e4rkimisv\u00e4\u00e4rset t\u00f5uke- ja t\u00f5mbej\u00f5udu, mis sobib ideaalselt raskete esemete ja keerukate \u00fclesannete k\u00e4sitsemiseks.<\/li>\n<li><strong>T\u00fc\u00fcpide mitmekesisus:<\/strong> Poomi silindrid on erinevat t\u00fc\u00fcpi, sealhulgas \u00fchetoimelised (kasutavad h\u00fcdraulilist r\u00f5hku \u00fches suunas) ja kahetoimelised (kasutavad h\u00fcdraulilist r\u00f5hku m\u00f5lemas suunas), mis v\u00f5imaldab kohandamist vastavalt t\u00f6\u00f6vajadustele. M\u00f5nel mudelil on teleskoopkonstruktsioon, mis v\u00f5imaldab suuremat pikendust ilma v\u00e4lism\u00f5\u00f5tmeid suurendamata, mis sobib ideaalselt ruumipiirangutega rakenduste jaoks.<\/li>\n<\/ul>\n<h2>Tootmisv\u00f5imalused<\/h2>\n<p>Oleme v\u00f5imelised seda toodet t\u00e4pselt valmistama, tagades, et meie h\u00fcdrosilindrid sobivad ideaalselt olemasolevate seadmete asendamiseks.<\/p>\n<p><img decoding=\"async\" src=\"https:\/\/www.hydraulic-cylinders.net\/wp-content\/uploads\/2025\/04\/songte-cylinder-head-with-all-kinds-excavator-models.webp\" alt=\"Ekskavaatorite silindripea\" \/><\/p>\n<h2>Poomi silindri rakendused<\/h2>\n<h3>1. Ehitustehnika<\/h3>\n<p>Ekskavaatorites on noolesilindrid olulised kaevamiseks, laadimiseks ja pinnase v\u00f5i prahi teisaldamiseks. Need v\u00f5imaldavad t\u00e4pseid kaevamisliigutusi, mis v\u00f5imaldab masinal t\u00f5husalt tungida erinevatesse pinnaset\u00fc\u00fcpidesse.<\/p>\n<h3>2. Ekskavaatorlaadurid<\/h3>\n<p>Ekskavaatorlaaduritel ei aita noole silinder mitte ainult kaevamisel, vaid ka t\u00f5stmisel. See kahekordne funktsioon suurendab ekskavaatorlaadurite mitmek\u00fclgsust ehitusplatsidel.<\/p>\n<h3>3. P\u00f5llumajandustehnika<\/h3>\n<p>Esilaadurites kasutatakse noolesilindreid mulla, heina ja muude materjalide kopeerimiseks, t\u00f5stmiseks ja transportimiseks. Nende tugevus v\u00f5imaldab raskete koormate t\u00f5husat k\u00e4sitsemist p\u00f5llumajanduslikes tingimustes.<\/p>\n<h3>4. Ekskavaatorid<\/h3>\n<p>Ekskavaatorites v\u00f5imaldab noole silinder kopal maasse tungida, h\u00f5lbustades kaevamist\u00f6id. See tegevus on oluline mitmesuguste ehitus- ja kaevet\u00f6\u00f6de puhul.<\/p>\n<h3>5. Laadurid<\/h3>\n<p>Esilaaduritel aitavad noolesilindrid koormaid t\u00f5husalt t\u00f5sta ja t\u00fchjendada. Nende usaldusv\u00e4\u00e4rne t\u00f6\u00f6 aitab laadimist\u00f6id kiiresti l\u00f5pule viia.<\/p>\n<h2>Projekteerimiskaalutlused ja valikukriteeriumid<\/h2>\n<h3>Kandev\u00f5ime<\/h3>\n<p>Noole silindri valimisel on esmat\u00e4htis kaalutlus kandev\u00f5ime. Silinder peab olema konstrueeritud nii, et see taluks seadme maksimaalset koormust, tagades ohutu ja t\u00f5husa t\u00f6\u00f6. Oluline on hinnata t\u00f5stev\u00f5imet ja veenduda, et silindri spetsifikatsioonid vastavad masina n\u00f5uetele.<\/p>\n<h3>Tihendusmehhanismid<\/h3>\n<p>H\u00fcdrauliliste silindrite t\u00f5husa t\u00f6\u00f6 jaoks on tihendamine \u00fclioluline. Kvaliteetsed tihendid hoiavad \u00e4ra h\u00fcdraulilise vedeliku lekke, mis v\u00f5ib viia j\u00f5udluse v\u00e4henemiseni. \u00d5igete tihendusmaterjalide, n\u00e4iteks pol\u00fcuretaani v\u00f5i nitriilkummi valimine suurendab tihendite vastupidavust ja t\u00f5husust kulumise v\u00e4ltimisel.<\/p>\n<h3>Vastupidavus<\/h3>\n<p>Vastupidavus on h\u00fcdrauliliste silindrite puhul oluline, eriti n\u00f5udlikes keskkondades. Nende valmistamisel kasutatavad materjalid peaksid olema kulumis- ja korrosioonikindlad, et tagada pikk kasutusiga. Kvaliteetsed tootmisprotsessid aitavad kaasa silindrite komponentide vastupidavusele.<\/p>\n<h3>Turvaelemendid<\/h3>\n<p>H\u00fcdrauliliste silindrite projekteerimisel peaks ohutus olema esmat\u00e4htis. Sellised omadused nagu r\u00f5hukaitseventiilid ja \u00fclekoormuskaitse suurendavad t\u00f6\u00f6ohutust, ennetades \u00f5nnetusi ja seadmete kahjustusi intensiivsete t\u00f6\u00f6tingimuste ajal.<\/p>\n<h3>Hoolduse ligip\u00e4\u00e4setavus<\/h3>\n<p>T\u00f5hus disain arvestab ka hooldusvajadustega. H\u00fcdraulilised silindrid peaksid olema konstrueeritud nii, et komponentidele oleks lihtne juurde p\u00e4\u00e4seda rutiinsete kontrollide ja remondit\u00f6\u00f6de jaoks, edendades t\u00f5husat hooldust ja minimeerides seisakuid.<\/p>\n<p><img decoding=\"async\" src=\"https:\/\/www.hydraulic-cylinders.net\/wp-content\/uploads\/2025\/04\/songte-oil-pipes-and-spare-parts.webp\" alt=\"H\u00fcdraulilised \u00f5litorud ja varuosad\" \/><\/p>\n<h2>Tihendus ja m\u00e4\u00e4rimine<\/h2>\n<p>H\u00fcdrauliliste silindrite pikaealisuse ja efektiivsuse tagamiseks on oluline \u00f5ige tihendamine ja m\u00e4\u00e4rimine. H\u00fcdraulilise r\u00f5hu s\u00e4ilitamiseks kasutatakse mitmesuguseid tihendeid, n\u00e4iteks kolvitihendeid ja varrastihendeid. Oluline on kasutada kulumiskindlatest materjalidest tihendeid. Silindri korpus ja keermestatud otsapinnad l\u00e4bivad peene t\u00f6\u00f6tluse, et suurendada kulumiskindlust. Sujuva t\u00f6\u00f6 tagamiseks ja kahjustuste v\u00e4ltimiseks on vajalik regulaarne m\u00e4\u00e4rimine h\u00fcdraulika\u00f5liga.<\/p>\n<h2>Ennetavad hooldusmeetmed<\/h2>\n<ul>\n<li><strong>Regulaarsed kontrollid:<\/strong> H\u00fcdraulikas\u00fcsteemi regulaarne kontroll aitab kulumist varakult tuvastada, ennetades t\u00f5siseid probleeme.<\/li>\n<li><strong>\u00d5igeaegne m\u00e4\u00e4rimine:<\/strong> Optimaalse j\u00f5udluse tagamiseks on oluline tagada h\u00fcdraulika\u00f5li \u00f5ige tase ja kvaliteet.<\/li>\n<li><strong>Tihendi vahetamine:<\/strong> Tihendite regulaarne kontrollimine ja vahetamine aitab v\u00e4ltida lekkeid ja s\u00e4ilitada s\u00fcsteemi r\u00f5hku.<\/li>\n<\/ul>\n<h2>Paigaldusjuhised<\/h2>\n<p>Poomi silindri \u00f5ige paigaldamine on selle toimimise seisukohalt \u00fclioluline. Alustage veendumaks, et silinder on masina kinnituspunktidega \u00f5igesti joondatud. Silindri kinnitamiseks kasutage sobivaid kinnitusklambreid. Oluline on kontrollida, et k\u00f5ik h\u00fcdraulika\u00fchendused on tihedad ja lekkevabad. Tootja spetsifikatsioonide j\u00e4rgimine p\u00f6\u00f6rdemomendi s\u00e4tete ja joondamise osas aitab v\u00e4ltida t\u00f6\u00f6probleeme.<\/p>\n<h2>Levinumad hooldust\u00f6\u00f6d<\/h2>\n<ul>\n<li><strong>Regulaarsed kontrollid:<\/strong> Kontrollige regulaarselt h\u00fcdraulikasilindrite kulumise, lekete v\u00f5i kahjustuste m\u00e4rke. Varajane avastamine on edasiste probleemide ennetamise v\u00f5ti.<\/li>\n<li><strong>\u00d5ige m\u00e4\u00e4rimine:<\/strong> Hoidke h\u00fcdraulika\u00f5li soovitatud tasemel ja vahetage seda tootja m\u00e4\u00e4ratud intervallide j\u00e4rel, et s\u00e4ilitada selle j\u00f5udlus.<\/li>\n<li><strong>Tihendi vahetamine:<\/strong> J\u00e4lgige regulaarselt tihendite seisukorda. Igasugune halvenemine peaks viima viivitamatu v\u00e4ljavahetamiseni, et h\u00fcdraulikas\u00fcsteem t\u00f6\u00f6taks t\u00f5husalt.<\/li>\n<\/ul>\n<p><img decoding=\"async\" src=\"https:\/\/www.hydraulic-cylinders.net\/wp-content\/uploads\/2025\/04\/songte-chushion-collar.webp\" alt=\"H\u00fcdrauliliste s\u00fcsteemide padjakrae\" \/><\/p>\n<h2>Ohutuskaalutlused ja keskkonnategurid<\/h2>\n<p>H\u00fcdrauliliste s\u00fcsteemidega t\u00f6\u00f6tamisel on ohutusmeetmed \u00fcliolulised. Operaatorid peaksid olema koolitatud m\u00f5istma n\u00f5uetekohase k\u00e4sitsemise ja k\u00e4itamise protokollide olulisust \u00f5nnetuste v\u00e4ltimiseks. Lisaks tuleks arvestada keskkonnakaalutlustega, n\u00e4iteks tagada, et h\u00fcdraulilised vedelikud ei lekiks \u00fcmbritsevasse keskkonda, j\u00e4rgida vedelike k\u00f5rvaldamise eeskirju ja hooldada seadmeid keskkonna saastumise v\u00e4ltimiseks.<\/p>\n<h2>Rikete diagnoosimine ja levinud probleemid<\/h2>\n<ul>\n<li><strong>Leke:<\/strong> \u00dcks levinumaid probleeme on h\u00fcdraulikavedeliku leke, mis v\u00f5ib tekkida kulunud tihenditest v\u00f5i kahjustatud liitmikest. Regulaarne kontroll aitab lekkeid varakult avastada.<\/li>\n<li><strong>Halb j\u00f5udlus:<\/strong> Kui poomi silinder ei reageeri kiiresti v\u00f5i t\u00f6\u00f6tab eba\u00fchtlaselt, v\u00f5ib see viidata h\u00fcdraulilise r\u00f5hu probleemidele v\u00f5i sisemistele kahjustustele. See n\u00f5uab viivitamatut uurimist.<\/li>\n<li><strong>M\u00fcra:<\/strong> Ebatavalised m\u00fcrad t\u00f6\u00f6tamise ajal v\u00f5ivad viidata sisemisele kulumisele v\u00f5i joondusveale. Allika kindlakstegemine on edasiste kahjustuste v\u00e4ltimiseks \u00fclioluline.<\/li>\n<\/ul>\n<h2>Veaotsingu n\u00e4pun\u00e4ited<\/h2>\n<p>Probleemide t\u00f5husaks diagnoosimiseks ja parandamiseks peaksid operaatorid j\u00e4rgima s\u00fcstemaatilisi t\u00f5rkeotsingu meetodeid. Alustage h\u00fcdraulikavedeliku taseme ja seisukorra kontrollimisest; veenduge, et s\u00fcsteemis pole lekkeid. J\u00f5udlusprobleemide korral kontrollige h\u00fcdraulikapumpa ja voolikuid ummistuste v\u00f5i kahjustuste suhtes. Ennetavate meetmete rakendamine, n\u00e4iteks regulaarsed hoolduskontrollid, v\u00f5ivad probleemide tekkimise t\u00f5en\u00e4osust oluliselt v\u00e4hendada.<\/p>\n<p><img decoding=\"async\" src=\"https:\/\/www.hydraulic-cylinders.net\/wp-content\/uploads\/2025\/04\/songte-bushings-with-all-kinds-of-excavator-models.webp\" alt=\"Ekskavaatorite puksid\" \/><\/p>\n<h2>Meie ettev\u00f5ttest<\/h2>\n<p>Oleme asendush\u00fcdrauliliste silindrite tootja, mille lai tootevalik positsioneerib meid nii sise- kui ka rahvusvahelistel turgudel juhtiva tootja ja hulgim\u00fc\u00fcjana. L\u00e4htudes tippkvaliteedi p\u00f5him\u00f5ttest, toetume t\u00e4iustatud tootmist\u00f6\u00f6kojale ja s\u00fcstemaatilistele tootmisjuhtimise strateegiatele. Meie ettev\u00f5te t\u00e4iustab pidevalt tootmisplatvorme oskusliku tehnilise personali, t\u00e4iustatud digitaalsete tootmisseadmete ja professionaalse testimiss\u00fcsteemi abil. See p\u00fchendumus innovatsioonile tagab k\u00f5rge efektiivsuse, t\u00e4psuse ja kvaliteedi, rahuldades klientide mitmekesiseid n\u00f5udmisi.<\/p>\n<p><img decoding=\"async\" src=\"https:\/\/www.hydraulic-cylinders.net\/wp-content\/uploads\/2025\/04\/songte-company-4.webp\" alt=\"H\u00fcdrauliliste silindrite tootmine\" \/><br \/>\n<img decoding=\"async\" src=\"https:\/\/www.hydraulic-cylinders.net\/wp-content\/uploads\/2025\/04\/songte-company-3.webp\" alt=\"H\u00fcdrauliliste silindrite tootmis\u00fcksus\" \/><\/p>\n<p>Meie asjatundlikkus h\u00f5lmab professionaalseid standardeid, rahvusvahelisi sertifikaate, kohandatud teenuseid, tipptasemel tootmisseadmeid ja igak\u00fclgset m\u00fc\u00fcgij\u00e4rgset tuge.<\/p>\n<p>Autor: lyl<\/p>","protected":false},"excerpt":{"rendered":"<p>Boom Cylinder For Sumitomo Large Excavator SH350A3 Introduction to Boom Cylinder The boom cylinder is a crucial component in the hydraulic system of heavy machinery, specifically designed to control the movement of the bucket in excavators, backhoe loaders, and front loaders. This hydraulic cylinder facilitates the lifting, lowering, and tilting of the bucket, enabling efficient [&hellip;]<\/p>","protected":false},"featured_media":17880,"comment_status":"open","ping_status":"closed","template":"","meta":{"_et_pb_use_builder":"","_et_pb_old_content":"","_et_gb_content_width":""},"product_brand":[],"product_cat":[1546],"product_tag":[1547,1496],"class_list":{"0":"post-18908","1":"product","2":"type-product","3":"status-publish","4":"has-post-thumbnail","6":"product_cat-boom-cylinders","7":"product_tag-boom-cylinders","8":"product_tag-hydraulic-cylinders","10":"first","11":"instock","12":"shipping-taxable","13":"product-type-simple"},"amp_enabled":true,"_links":{"self":[{"href":"https:\/\/www.hydraulic-cylinders.net\/et\/wp-json\/wp\/v2\/product\/18908","targetHints":{"allow":["GET"]}}],"collection":[{"href":"https:\/\/www.hydraulic-cylinders.net\/et\/wp-json\/wp\/v2\/product"}],"about":[{"href":"https:\/\/www.hydraulic-cylinders.net\/et\/wp-json\/wp\/v2\/types\/product"}],"replies":[{"embeddable":true,"href":"https:\/\/www.hydraulic-cylinders.net\/et\/wp-json\/wp\/v2\/comments?post=18908"}],"wp:featuredmedia":[{"embeddable":true,"href":"https:\/\/www.hydraulic-cylinders.net\/et\/wp-json\/wp\/v2\/media\/17880"}],"wp:attachment":[{"href":"https:\/\/www.hydraulic-cylinders.net\/et\/wp-json\/wp\/v2\/media?parent=18908"}],"wp:term":[{"taxonomy":"product_brand","embeddable":true,"href":"https:\/\/www.hydraulic-cylinders.net\/et\/wp-json\/wp\/v2\/product_brand?post=18908"},{"taxonomy":"product_cat","embeddable":true,"href":"https:\/\/www.hydraulic-cylinders.net\/et\/wp-json\/wp\/v2\/product_cat?post=18908"},{"taxonomy":"product_tag","embeddable":true,"href":"https:\/\/www.hydraulic-cylinders.net\/et\/wp-json\/wp\/v2\/product_tag?post=18908"}],"curies":[{"name":"wp","href":"https:\/\/api.w.org\/{rel}","templated":true}]}}