{"id":18917,"date":"2025-04-07T06:02:10","date_gmt":"2025-04-07T06:02:10","guid":{"rendered":"https:\/\/www.hydraulic-cylinders.net\/product\/boom-cylinder-for-jcb-small-excavator-js370lc\/"},"modified":"2025-04-07T06:02:12","modified_gmt":"2025-04-07T06:02:12","slug":"boom-cylinder-for-jcb-small-excavator-js370lc","status":"publish","type":"product","link":"https:\/\/www.hydraulic-cylinders.net\/et\/toode\/boom-cylinder-for-jcb-small-excavator-js370lc\/","title":{"rendered":"JCB v\u00e4ikese ekskavaatori JS370LC poomi silinder"},"content":{"rendered":"<h1>JCB v\u00e4ikese ekskavaatori JS370LC poomi silinder<\/h1>\n<h2>Toote \u00fclevaade<\/h2>\n<p>JCB v\u00e4ikeekskavaatori JS370LC noole silinder on oluline h\u00fcdrauliline komponent, millel on ekskavaatorite t\u00f6\u00f6s v\u00f5tmeroll. See h\u00fcdrauliline silinder on spetsiaalselt loodud poomi liikumise juhtimiseks rasketes masinates, nagu ekskavaatorid, laadur-ekskavaatorid ja esilaadurid. See h\u00f5lbustab kopa t\u00f5stmist, langetamist ja kallutamist, muutes materjali k\u00e4itlemise \u00fclesanded t\u00f5husamaks ja efektiivsemaks.<\/p>\n<p>H\u00fcdrosilindrina kasutab see liikumise tekitamiseks survestatud h\u00fcdraulilist vedelikku, mis v\u00f5imaldab operaatoril t\u00e4ita mitmesuguseid \u00fclesandeid, nagu kaevamine, t\u00f5stmine ja materjalide transportimine. Poomi silindri funktsioon on oluline ehitus- ja p\u00f5llumajandussektoris, kus raskete raskuste t\u00f5stmine ja t\u00e4pne juhtimine on \u00fcliolulised.<\/p>\n<p><img decoding=\"async\" src=\"https:\/\/www.hydraulic-cylinders.net\/wp-content\/uploads\/2025\/04\/songte-company-1.webp\" alt=\"Poomi silinder\" \/><\/p>\n<h2>Poomi silindri omadused<\/h2>\n<ul>\n<li><strong>Suur tugevus ja vastupidavus:<\/strong> K\u00f5rgtugevast terasest v\u00f5i alumiiniumist valmistatud poomi silinder on loodud taluma k\u00f5rget r\u00f5hku ja suuri koormusi, mist\u00f5ttu sobib see karmidesse t\u00f6\u00f6keskkondadesse. Selle kulumiskindel ja korrosioonikindel disain aitab kaasa pikemale elueale.<\/li>\n<li><strong>T\u00f5hus h\u00fcdrauliline t\u00f6\u00f6:<\/strong> Silinder kasutab sujuva ja tundliku pikenemise ja tagasit\u00f5mbamise tagamiseks h\u00fcdraulilist \u00f5lir\u00f5hku, pakkudes v\u00f5imsaid t\u00f5uke- ja t\u00f5mbej\u00f5ude, mis on olulised raskete esemete ja keerukate \u00fclesannete k\u00e4sitsemiseks.<\/li>\n<li><strong>Erinevad t\u00fc\u00fcbid:<\/strong> Saadaval \u00fchetoimelise (\u00fches suunas t\u00f6\u00f6tav) v\u00f5i kahetoimelise (m\u00f5lemas suunas t\u00f6\u00f6tav) konfiguratsioonina on poomi silinder, mida saab kohandada vastavalt erinevatele t\u00f6\u00f6vajadustele. M\u00f5ned mudelid on teleskoopilised, v\u00f5imaldades suuremat pikendamist ilma v\u00e4lism\u00f5\u00f5tmeid suurendamata, mis sobib ruumipiirangutega rakenduste jaoks.<\/li>\n<li><strong>Kohandatud tootmine:<\/strong> Meie tooted sobivad ideaalselt olemasolevate h\u00fcdrosilindrite asendamiseks, tagades \u00fchilduvuse ja t\u00f6\u00f6kindluse.<\/li>\n<\/ul>\n<p><img decoding=\"async\" src=\"https:\/\/www.hydraulic-cylinders.net\/wp-content\/uploads\/2025\/04\/songte-cylinder-head-with-all-kinds-excavator-models.webp\" alt=\"Ekskavaatori mudelite silinder\" \/><\/p>\n<h2>Poomi silindri rakendused<\/h2>\n<h3>Ehitustehnika<\/h3>\n<p>Ekskavaatorites on noole silinder \u00fclioluline kaevamisel, laadimisel ja pinnase v\u00f5i prahi teisaldamisel. H\u00fcdraulikas\u00fcsteem v\u00f5imaldab kiireid ja t\u00e4pseid liigutusi, mis on t\u00f5husa kaevet\u00f6\u00f6 jaoks h\u00e4davajalikud. Ekskavaatoritel aitab noole silinder lisaks kaevamisele ka t\u00f5stmist\u00f6\u00f6del, suurendades masina mitmek\u00fclgsust ja t\u00f5husust.<\/p>\n<h3>P\u00f5llumajandustehnika<\/h3>\n<p>Esilaadurite puhul kasutatakse noole silindrit mulla, heina ja muude materjalide kopeerimiseks, t\u00f5stmiseks ja transportimiseks. Selle vastupidav konstruktsioon v\u00f5imaldab sellel k\u00e4sitseda suuri koormaid, muutes selle oluliseks komponendiks p\u00f5llumajandust\u00f6\u00f6des, kus on vaja vastupidavust ja t\u00f6\u00f6kindlust.<\/p>\n<h3>Ekskavaatorid<\/h3>\n<p>Poomi silinder v\u00f5imaldab kopal t\u00f5husalt pinnasesse tungida, h\u00f5lbustades kaevamistoiminguid. H\u00fcdraulilised v\u00f5imalused tagavad, et operaator saab kontrollida kaevet\u00f6\u00f6de s\u00fcgavust ja t\u00e4psust, mis omakorda muudab t\u00f6\u00f6vood kohapeal t\u00f5husamaks.<\/p>\n<h3>Laadurid<\/h3>\n<p>Esilaaduritel aitab noole silinder koormaid t\u00f5husalt t\u00f5sta ja t\u00fchjendada. Selle konstruktsioon maksimeerib t\u00f5stev\u00f5imet, minimeerides samal ajal masina koormust, suurendades seel\u00e4bi t\u00f6\u00f6 tootlikkust ja ohutust.<\/p>\n<h2>Projekteerimiskaalutlused ja valikukriteeriumid<\/h2>\n<h3>Kandev\u00f5ime<\/h3>\n<p>Poomi silindri kandev\u00f5ime on kriitilise t\u00e4htsusega tegur. See tuleb konstrueerida nii, et see taluks maksimaalseid oodatavaid koormusi ilma purunemata. See h\u00f5lmab arvutusi, mis p\u00f5hinevad masina spetsifikatsioonidel ja \u00fclesannete t\u00fc\u00fcpidel, mida see t\u00e4idab.<\/p>\n<h3>Tihendusmehhanismid<\/h3>\n<p>T\u00f5hus tihendus on h\u00fcdraulikas\u00fcsteemi j\u00f5udluse jaoks h\u00e4davajalik. Kvaliteetsed tihendid hoiavad \u00e4ra lekked ja s\u00e4ilitavad silindris r\u00f5hu, mis on t\u00f6\u00f6 efektiivsuse seisukohalt \u00fclioluline. Tihendite materjalide valik, n\u00e4iteks pol\u00fcuretaan v\u00f5i nitriilkummi, tagab vastupidavuse ja kulumiskindluse.<\/p>\n<h3>Vastupidavus<\/h3>\n<p>Vastupidavus on v\u00f5tmet\u00e4htsusega, kuna poomi silinder t\u00f6\u00f6tab sageli karmides keskkondades. See peab vastu pidama pideva liikumise ja elementidega kokkupuute t\u00f5ttu tekkivale kulumisele. See saavutatakse hoolika materjalivaliku ja pinnat\u00f6\u00f6tluse abil, mis suurendavad vastupidavust ja korrosioonikindlust.<\/p>\n<h3>Turvaelemendid<\/h3>\n<p>Ohutusfunktsioonide, n\u00e4iteks r\u00f5hukaitseventiilide lisamine on \u00fclekoormuse ja v\u00f5imalike rikete v\u00e4ltimiseks \u00fclioluline. Need ohutusmeetmed tagavad ballooni t\u00f6\u00f6tamise ohututes piirides, kaitstes nii seadet kui ka operaatorit.<\/p>\n<h3>Hooldatavus<\/h3>\n<p>Hooldatavust silmas pidades projekteerimine tagab regulaarse hoolduse minimaalse seisakuajaga. Sellised omadused nagu tihenditele ja komponentidele lihtne juurdep\u00e4\u00e4s m\u00e4\u00e4rimiseks v\u00f5i vahetamiseks aitavad kaasa pikemale t\u00f6\u00f6eale ja efektiivsusele.<\/p>\n<p><img decoding=\"async\" src=\"https:\/\/www.hydraulic-cylinders.net\/wp-content\/uploads\/2025\/04\/songte-oil-pipes-and-spare-parts.webp\" alt=\"H\u00fcdraulilised osad\" \/><\/p>\n<h2>Tihendus ja m\u00e4\u00e4rimine<\/h2>\n<p>T\u00f5hus tihendamine ja m\u00e4\u00e4rimine on poomi silindri j\u00f5udluse seisukohalt \u00fcliolulised. Vedeliku lekete v\u00e4ltimiseks ja r\u00f5hu s\u00e4ilitamiseks kasutatakse mitmesuguseid tihenduskomponente, n\u00e4iteks kolvitihendeid ja vardatihendeid. Tihendid valitakse nende kulumiskindluse p\u00f5hjal, kusjuures tavalised valikud on sellised materjalid nagu pol\u00fcuretaan ja nitriilkummi.<\/p>\n<p>Silindri korpus ja keermestatud otsad l\u00e4bivad t\u00e4ppist\u00f6\u00f6tluse, et suurendada kulumiskindlust ja parandada tihendite funktsionaalsust. Regulaarne m\u00e4\u00e4rimine h\u00fcdraulika\u00f5liga on vajalik liikuvate osade h\u00f5\u00f5rdumise ja kulumise v\u00e4hendamiseks, tagades sujuva t\u00f6\u00f6 ja pikendades silindri eluiga.<\/p>\n<h2>Ennetavad hooldusmeetmed<\/h2>\n<ul>\n<li><strong>Regulaarsed kontrollid:<\/strong> Tehke silindri lekete, pragude v\u00f5i deformatsioonide suhtes sagedast visuaalset kontrolli. Probleemide varajane avastamine aitab \u00e4ra hoida t\u00f5siseid kahjustusi ja kulukaid remondit\u00f6id.<\/li>\n<li><strong>\u00d5ige m\u00e4\u00e4rimine:<\/strong> Veenduge, et silinder oleks piisavalt m\u00e4\u00e4ritud sobiva h\u00fcdraulika\u00f5liga. See v\u00e4hendab kulumist ja s\u00e4ilitab optimaalse j\u00f5udluse.<\/li>\n<li><strong>Tihendi vahetamine:<\/strong> J\u00e4lgige tihendite seisukorda ja vahetage need vastavalt vajadusele, et s\u00e4ilitada s\u00fcsteemi r\u00f5hk ja v\u00e4ltida lekkeid.<\/li>\n<\/ul>\n<h2>Paigaldusjuhised<\/h2>\n<p>Poomi silindri \u00f5ige paigaldamine on selle j\u00f5udluse ja pikaealisuse tagamiseks \u00fclioluline. Alustage t\u00f6\u00f6ala puhtaks ja prahist vabaks muutmisest. Joondage silinder t\u00e4pselt kinnitusklambritega, kasutades selle kinnitamiseks sobivaid kinnitusvahendeid. See joondamine hoiab \u00e4ra silindri ja \u00fcmbritsevate komponentide liigse pinge.<\/p>\n<p>Kontrollige k\u00f5igi h\u00fcdraulika\u00fchenduste tihedust, et v\u00e4ltida lekkeid. P\u00e4rast paigaldamist t\u00e4itke h\u00fcdraulikas\u00fcsteem \u00f5ige koguse \u00f5liga ja enne kasutamist laske s\u00fcsteemist \u00f5hk v\u00e4lja. L\u00f5puks tehke proovik\u00e4ivitus, et veenduda silindri sujuvas ja probleemideta t\u00f6\u00f6tamises.<\/p>\n<h2>Levinumad hooldust\u00f6\u00f6d<\/h2>\n<h3>Regulaarsed kontrollid<\/h3>\n<p>Regulaarsed kontrollid peaksid keskenduma kulumise, lekete v\u00f5i silindri j\u00f5udluses esinevate k\u00f5rvalekallete tuvastamisele. V\u00f5imalike probleemide varajane diagnoosimine aitab hiljem suuremaid probleeme leevendada.<\/p>\n<h3>Sobiv m\u00e4\u00e4rimine<\/h3>\n<p>Poomi silindri regulaarne m\u00e4\u00e4rimine on \u00fclioluline. Optimaalse j\u00f5udluse s\u00e4ilitamiseks kasutage etten\u00e4htud h\u00fcdraulika\u00f5li ja j\u00e4rgige tootja juhiseid m\u00e4\u00e4rimisintervallide kohta.<\/p>\n<h3>Tihendi vahetamine ja kalibreerimise kontrollimine<\/h3>\n<p>Tihendid tuleks regulaarselt kontrollida ja kulumism\u00e4rkide ilmnemisel v\u00e4lja vahetada. Silindri \u00f5ige kalibreerimine tagab selle korrektse toimimise, s\u00e4ilitades h\u00fcdros\u00fcsteemi efektiivsuse.<\/p>\n<h2>Ohutuskaalutlused ja keskkonnategurid<\/h2>\n<p>H\u00fcdrauliliste silindritega t\u00f6\u00f6tamisel on ohutusmeetmed \u00fcliolulised. N\u00f5uetekohane v\u00e4lja\u00f5pe seadmete k\u00e4sitsemisel ja h\u00fcdrauliliste s\u00fcsteemidega seotud riskide m\u00f5istmine aitab oluliselt v\u00e4hendada \u00f5nnetuste t\u00f5en\u00e4osust. Lisaks aitab keskkonnas\u00f5bralike tavade rakendamine h\u00fcdrauliliste vedelike hooldamisel ja utiliseerimisel leevendada keskkonnam\u00f5ju.<\/p>\n<h2>Rikete diagnoosimine ja levinud probleemid<\/h2>\n<ul>\n<li><strong>Lekkiv h\u00fcdraulikavedelik:<\/strong> See probleem, mis on tihendite rikke tavaline m\u00e4rk ja vajab kohest t\u00e4helepanu. Kontrollige tihendeid ja \u00fchendusi kulumise suhtes ning vajadusel vahetage need v\u00e4lja.<\/li>\n<li><strong>Aeglane v\u00f5i eba\u00fchtlane liikumine:<\/strong> See v\u00f5ib viidata madalale h\u00fcdraulikavedeliku tasemele v\u00f5i probleemidele h\u00fcdraulikapumbaga. Kontrollige vedeliku taset ja pumba toimimist.<\/li>\n<li><strong>Liigne m\u00fcra:<\/strong> Ebatavalised helid t\u00f6\u00f6tamise ajal viitavad sageli silindri sisemistele probleemidele. Tehke p\u00f5hjalik kontroll, et m\u00fcra allikas kindlaks teha.<\/li>\n<\/ul>\n<h2>Veaotsingu n\u00e4pun\u00e4ited<\/h2>\n<p>H\u00fcdraulikas\u00fcsteemi rikete t\u00f5husaks k\u00f5rvaldamiseks alustage probleemi s\u00fcstemaatilisest tuvastamisest. Regulaarne hooldus aitab v\u00e4ltida selliseid probleeme nagu lekked v\u00f5i vedeliku saastumine. \u00d5ige h\u00fcdraulikavedeliku kasutamine ja vedeliku taseme hoidmine on silindri optimaalse t\u00f6\u00f6 tagamiseks h\u00e4davajalik.<\/p>\n<p><img decoding=\"async\" src=\"https:\/\/www.hydraulic-cylinders.net\/wp-content\/uploads\/2025\/04\/songte-bushings-with-all-kinds-of-excavator-models.webp\" alt=\"Ekskavaatorimudelite puksid\" \/><\/p>\n<h2>Ettev\u00f5tte \u00fclevaade<\/h2>\n<p>Oleme juhtiv asendush\u00fcdrauliliste silindrite tootja, mis on spetsialiseerunud laiale tootevalikule nii sise- kui ka v\u00e4listurgudele. Meie p\u00fchendumus tipptasemele peegeldub meie tipptasemel tootmisprotsessides ja rangetes kvaliteedikontrolli meetmetes. Kasutades t\u00e4iustatud tehnoloogiat, oskuslikku personali ja p\u00f5hjalikke testimiss\u00fcsteeme, t\u00e4iustame pidevalt oma tootmisv\u00f5imalusi.<\/p>\n<p>Meie lai tootevalik on loodud vastama klientide mitmekesistele vajadustele ning oleme uhked, et pakume kohandatud lahendusi, mis on kohandatud konkreetsetele rakendustele. Keskendudes professionaalsele asjatundlikkusele, rahvusvahelistele sertifikaatidele ja erakordsele m\u00fc\u00fcgij\u00e4rgsele teenindusele, tagame, et meie kliendid saavad valdkonna parimad tooted ja toe.<\/p>\n<p><img decoding=\"async\" src=\"https:\/\/www.hydraulic-cylinders.net\/wp-content\/uploads\/2025\/04\/songte-company-4.webp\" alt=\"Ettev\u00f5tte \u00fclevaade\" \/><br \/>\n<img decoding=\"async\" src=\"https:\/\/www.hydraulic-cylinders.net\/wp-content\/uploads\/2025\/04\/songte-company-3.webp\" alt=\"Ettev\u00f5tte rajatised\" \/><\/p>\n<p>Autor: lyl<\/p>","protected":false},"excerpt":{"rendered":"<p>Boom Cylinder For JCB Small Excavator JS370LC Product Overview The Boom Cylinder for JCB Small Excavator JS370LC is a vital hydraulic component that plays a key role in the functioning of excavators. This hydraulic cylinder is specifically designed to control the movement of the boom in heavy machinery such as excavators, backhoe loaders, and front-end [&hellip;]<\/p>","protected":false},"featured_media":17874,"comment_status":"open","ping_status":"closed","template":"","meta":{"_et_pb_use_builder":"","_et_pb_old_content":"","_et_gb_content_width":""},"product_brand":[],"product_cat":[1546],"product_tag":[1547,1496],"class_list":{"0":"post-18917","1":"product","2":"type-product","3":"status-publish","4":"has-post-thumbnail","6":"product_cat-boom-cylinders","7":"product_tag-boom-cylinders","8":"product_tag-hydraulic-cylinders","10":"first","11":"instock","12":"shipping-taxable","13":"product-type-simple"},"amp_enabled":true,"_links":{"self":[{"href":"https:\/\/www.hydraulic-cylinders.net\/et\/wp-json\/wp\/v2\/product\/18917","targetHints":{"allow":["GET"]}}],"collection":[{"href":"https:\/\/www.hydraulic-cylinders.net\/et\/wp-json\/wp\/v2\/product"}],"about":[{"href":"https:\/\/www.hydraulic-cylinders.net\/et\/wp-json\/wp\/v2\/types\/product"}],"replies":[{"embeddable":true,"href":"https:\/\/www.hydraulic-cylinders.net\/et\/wp-json\/wp\/v2\/comments?post=18917"}],"wp:featuredmedia":[{"embeddable":true,"href":"https:\/\/www.hydraulic-cylinders.net\/et\/wp-json\/wp\/v2\/media\/17874"}],"wp:attachment":[{"href":"https:\/\/www.hydraulic-cylinders.net\/et\/wp-json\/wp\/v2\/media?parent=18917"}],"wp:term":[{"taxonomy":"product_brand","embeddable":true,"href":"https:\/\/www.hydraulic-cylinders.net\/et\/wp-json\/wp\/v2\/product_brand?post=18917"},{"taxonomy":"product_cat","embeddable":true,"href":"https:\/\/www.hydraulic-cylinders.net\/et\/wp-json\/wp\/v2\/product_cat?post=18917"},{"taxonomy":"product_tag","embeddable":true,"href":"https:\/\/www.hydraulic-cylinders.net\/et\/wp-json\/wp\/v2\/product_tag?post=18917"}],"curies":[{"name":"wp","href":"https:\/\/api.w.org\/{rel}","templated":true}]}}