{"id":18920,"date":"2025-04-07T06:02:18","date_gmt":"2025-04-07T06:02:18","guid":{"rendered":"https:\/\/www.hydraulic-cylinders.net\/product\/boom-cylinder-for-caterpillar-small-excavator-e305ecr\/"},"modified":"2025-04-07T06:02:21","modified_gmt":"2025-04-07T06:02:21","slug":"boom-cylinder-for-caterpillar-small-excavator-e305ecr","status":"publish","type":"product","link":"https:\/\/www.hydraulic-cylinders.net\/et\/toode\/boom-cylinder-for-caterpillar-small-excavator-e305ecr\/","title":{"rendered":"Caterpillar v\u00e4ikese ekskavaatori E305ECR poomi silinder"},"content":{"rendered":"<h1>Caterpillar v\u00e4ikese ekskavaatori E305ECR poomi silinder<\/h1>\n<h2>Toote \u00fclevaade<\/h2>\n<p>Caterpillar v\u00e4ikeekskavaatori E305ECR noole silinder on oluline h\u00fcdrauliline komponent, millel on rasketehnika funktsionaalsuses keskne roll. Seda t\u00fc\u00fcpi h\u00fcdrauliline silinder on spetsiaalselt loodud ekskavaatori koppade liikumise juhtimiseks, v\u00f5imaldades operaatoritel koppa t\u00f5husalt t\u00f5sta, langetada ja kallutada. See v\u00f5ime on \u00fclioluline mitmesuguste materjalik\u00e4itlust\u00f6\u00f6de, sealhulgas kaevamise, laadimise ja materjalide transportimise puhul.<\/p>\n<p><img decoding=\"async\" src=\"https:\/\/www.hydraulic-cylinders.net\/wp-content\/uploads\/2025\/04\/songte-company-1.webp\" alt=\"Ekskavaatori poomi silinder\" \/><\/p>\n<h3>Kopasilindrite m\u00e4\u00e4ratlus ja rakendamine<\/h3>\n<p>Kopasilindrid, tuntud ka kui h\u00fcdraulilised silindrid, on spetsiaalsed seadmed, mida kasutatakse rasketehnikas, n\u00e4iteks ekskavaatorites, laadur-ekskavaatorites ja esilaadurites. Need silindrid h\u00f5lbustavad kopa liikumist, v\u00f5imaldades sellel t\u00e4ita olulisi funktsioone ehitus- ja kaevet\u00f6\u00f6del. Need kasutavad h\u00fcdraulilise vedeliku r\u00f5hku, et luua j\u00f5ud, mis silindrit pikendab v\u00f5i t\u00f5mbab tagasi, v\u00f5imaldades kopal mitmesuguseid toiminguid t\u00f5husalt teostada.<\/p>\n<h2>Toote omadused<\/h2>\n<ul>\n<li><strong>Suur tugevus ja vastupidavus:<\/strong> Need \u00fclitugevast terasest v\u00f5i alumiiniumist valmistatud silindrid taluvad k\u00f5rget r\u00f5hku ja suuri koormusi, mist\u00f5ttu sobivad need h\u00e4sti karmidesse t\u00f6\u00f6keskkondadesse, tagades samal ajal pikaealisuse.<\/li>\n<li><strong>T\u00f5hus h\u00fcdrauliline t\u00f6\u00f6:<\/strong> H\u00fcdraulika\u00f5li r\u00f5hk v\u00f5imaldab sujuvat ja tundlikku pikendamist ja tagasit\u00f5mbamist, pakkudes v\u00f5imsat t\u00f5mbe- ja t\u00f5ukej\u00f5udu, mis sobib ideaalselt raskete materjalide k\u00e4sitsemiseks.<\/li>\n<li><strong>Erinevad t\u00fc\u00fcbid:<\/strong> Need silindrid on saadaval \u00fchetoimelise (\u00fches suunas t\u00f6\u00f6tava) ja kahetoimelise (m\u00f5lemas suunas t\u00f6\u00f6tava) variandina ning neid saab kohandada vastavalt konkreetsetele t\u00f6\u00f6n\u00f5uetele.<\/li>\n<li><strong>Ruumis\u00e4\u00e4stlikud kujundused:<\/strong> M\u00f5nedel mudelitel on teleskoopkonstruktsioonid, mis v\u00f5imaldavad suuremat pikendamist ilma v\u00e4lism\u00f5\u00f5tmeid suurendamata, mis sobib ideaalselt ruumipiirangutega rakenduste jaoks.<\/li>\n<\/ul>\n<h3>Meie tootmisv\u00f5imalused<\/h3>\n<p>Me toodame uhkusega seda toodet, pakkudes h\u00fcdraulilisi silindreid, mis asendavad ideaalselt originaalseadmeid. Meie p\u00fchendumus kvaliteedile tagab, et meie tooted vastavad t\u00f6\u00f6stusstandarditele ja \u00fcletavad neid.<\/p>\n<p><img decoding=\"async\" src=\"https:\/\/www.hydraulic-cylinders.net\/wp-content\/uploads\/2025\/04\/songte-cylinder-head-with-all-kinds-excavator-models.webp\" alt=\"H\u00fcdrauliliste silindrite tootmine\" \/><\/p>\n<h2>Rakendusstsenaariumid<\/h2>\n<h3>Ehitustehnika<\/h3>\n<p>Ekskavaatorites on noolesilindrid kriitilise t\u00e4htsusega kaevamisel, laadimisel ja mulla v\u00f5i prahi teisaldamisel. Need v\u00f5imaldavad kopal t\u00f5husalt pinnasesse tungida, v\u00f5imaldades kiireid kaevamist\u00f6id. Ekskavaatorlaadurites aitab noolesilinder nii kaevamisel kui ka t\u00f5stmisel, suurendades t\u00f6\u00f6platside tootlikkust.<\/p>\n<h3>P\u00f5llumajandustehnika<\/h3>\n<p>Esilaadurid kasutavad mulla, heina ja muude materjalide kopeerimiseks, t\u00f5stmiseks ja transportimiseks noolesilindreid. Nende silindrite t\u00f5hus t\u00f6\u00f6 on p\u00f5llumajandust\u00f6\u00f6de jaoks \u00fclioluline, tagades, et p\u00f5llumehed saavad materjale t\u00f5husalt ja minimaalse pingutusega k\u00e4sitseda.<\/p>\n<h3>Kaevet\u00f6\u00f6de \u00fclesanded<\/h3>\n<p>\u00dcldjuhul v\u00f5imaldab noole silinder kopal pinnasesse tungida, v\u00f5imaldades t\u00f5husat kaevamist. See funktsioon on oluline kaevet\u00f6\u00f6de kiireks ja t\u00f5husaks l\u00f5puleviimiseks, mis m\u00f5jutab oluliselt projekti ajakava.<\/p>\n<h3>Laaduri toimingud<\/h3>\n<p>Esilaaduritel aitavad noolesilindrid materjale t\u00f5husalt t\u00f5sta ja t\u00fchjendada. Nende usaldusv\u00e4\u00e4rne t\u00f6\u00f6 tagab, et laadur saab hakkama raskete koormatega, aidates kaasa laadimis- ja mahalaadimisprotsesside t\u00f5hususele.<\/p>\n<h2>Projekteerimiskaalutlused ja valikukriteeriumid<\/h2>\n<h3>Kandev\u00f5ime<\/h3>\n<p>When selecting a boom cylinder, understanding the load capacity is crucial. The cylinder must be rated to handle the maximum weight it will encounter during operations. Choosing a cylinder with an inadequate load capacity can lead to failure and safety hazards, compromising both equipment and operator safety. It&#8217;s essential to assess the maximum lifting requirements based on the tasks to be performed.<\/p>\n<h3>Tihendus ja vastupidavus<\/h3>\n<p>Tihendus on veel \u00fcks oluline projekteerimisalane kaalutlus. Tihendite terviklikkus hoiab \u00e4ra h\u00fcdraulilise vedeliku lekke, mis on r\u00f5hu s\u00e4ilitamiseks ja t\u00f5husa t\u00f6\u00f6 tagamiseks h\u00e4davajalik. Kvaliteetsed tihendid, mis on valmistatud sellistest materjalidest nagu pol\u00fcuretaan v\u00f5i nitriilkummi, suurendavad vastupidavust ja kulumiskindlust, pikendades h\u00fcdrosilindri eluiga. Tihendite regulaarne kontroll ja hooldus on vajalikud j\u00f5udlusprobleemide v\u00e4ltimiseks.<\/p>\n<h3>Turvaelemendid<\/h3>\n<p>H\u00fcdrauliliste silindrite projekteerimisel on ohutusfunktsioonid \u00fcliolulised. Need peavad sisaldama mehhanisme \u00fclepingutuse v\u00e4ltimiseks ja tagama, et silinder talub ootamatuid koormusi. Ohutusmeetmete, n\u00e4iteks piiramisr\u00f5ngaste ja r\u00f5huvabastusventiilide rakendamine on oluline nii masinate kui ka operaatorite kaitsmiseks v\u00f5imalike \u00f5nnetuste eest.<\/p>\n<h3>Hoolduse ligip\u00e4\u00e4setavus<\/h3>\n<p>Projekteerimisel tuleks arvestada ka hoolduse k\u00e4ttesaadavusega. Lihtsalt hooldatavad h\u00fcdrosilindrid v\u00f5ivad oluliselt v\u00e4hendada seisakuid ja hoolduskulusid. Omadused, mis v\u00f5imaldavad tihendite, m\u00e4\u00e4rimispunktide ja kontrollavade kiiret vahetamist, parandavad silindri \u00fcldist kasutatavust ja pikaealisust.<\/p>\n<p><img decoding=\"async\" src=\"https:\/\/www.hydraulic-cylinders.net\/wp-content\/uploads\/2025\/04\/songte-oil-pipes-and-spare-parts.webp\" alt=\"H\u00fcdraulilised komponendid\" \/><\/p>\n<h2>Tihendus ja m\u00e4\u00e4rimine<\/h2>\n<p>H\u00fcdrauliliste silindrite efektiivsus s\u00f5ltub suuresti korralikust tihendusest ja m\u00e4\u00e4rimisest. H\u00fcdraulilise r\u00f5hu s\u00e4ilitamiseks kasutatakse mitmesuguseid tihendeid, n\u00e4iteks kolvitihendeid ja varrastihendeid. Tihendid on tavaliselt valmistatud vastupidavatest materjalidest, sealhulgas pol\u00fcuretaanist ja nitriilkummist, et taluda kulumist ja v\u00e4ltida lekkeid. Silindri korpus ja keermestatud otsad l\u00e4bivad t\u00e4ppist\u00f6\u00f6tluse, et suurendada kulumiskindlust.<\/p>\n<p>Regulaarne m\u00e4\u00e4rimine on samuti \u00fclioluline sujuva t\u00f6\u00f6 tagamiseks. Sisemiste komponentide m\u00e4\u00e4rimise s\u00e4ilitamiseks, h\u00f5\u00f5rdumise ja kulumise v\u00e4ltimiseks tuleb perioodiliselt sissepritsida piisavas koguses h\u00fcdraulika\u00f5li. Kindlaksm\u00e4\u00e4ratud m\u00e4\u00e4rimisgraafiku j\u00e4rgimine on silindri j\u00f5udluse ja pikaealisuse s\u00e4ilitamiseks h\u00e4davajalik.<\/p>\n<h2>Ennetavad hooldusmeetmed<\/h2>\n<ul>\n<li><strong>Regulaarsed kontrollid:<\/strong> Rutiinsete kontrollide tegemine aitab tuvastada v\u00f5imalikke probleeme enne, kui need s\u00fcvenevad. Kontrollige kulumism\u00e4rke, lekkeid ja komponentide kulumist, et tagada silindri optimaalne toimimine.<\/li>\n<li><strong>\u00d5ige m\u00e4\u00e4rimine:<\/strong> Veenduge, et silinder oleks alati korralikult m\u00e4\u00e4ritud. Kasutage soovitatud h\u00fcdraulika\u00f5li ja j\u00e4rgige m\u00e4\u00e4rimisgraafikut, et s\u00e4ilitada selle toimivus.<\/li>\n<li><strong>Tihendi vahetamine:<\/strong> Tihendid tuleks kontrolli tulemuste p\u00f5hjal perioodiliselt v\u00e4lja vahetada. Kulunud tihendid v\u00f5ivad p\u00f5hjustada vedeliku lekkeid, mis m\u00f5jutavad h\u00fcdros\u00fcsteemi efektiivsust ja v\u00f5ivad tekitada kahjustusi.<\/li>\n<\/ul>\n<h2>Paigaldusjuhised<\/h2>\n<p>Poomi silindri \u00f5ige paigaldamine on optimaalse j\u00f5udluse saavutamiseks h\u00e4davajalik. Alustage veendumaks, et kinnitusklambrid on puhtad ja prahist vabad. Joondage silinder t\u00e4pselt kinnituspunktidega, et v\u00e4ltida joondamata j\u00e4tmist, mis v\u00f5ib p\u00f5hjustada enneaegset kulumist.<\/p>\n<p>Kasutage silindri kinnitamiseks sobivaid kinnitusvahendeid, pingutades polte vastavalt tootja spetsifikatsioonidele. P\u00e4rast paigaldamist kontrollige enne kasutamist silindri joondust ja funktsionaalsust. \u00d5ige joondus tagab silindri sujuva ja t\u00f5husa t\u00f6\u00f6, minimeerides kulumist ja pikendades selle eluiga.<\/p>\n<h2>Levinumad hooldust\u00f6\u00f6d<\/h2>\n<h3>Regulaarsed kontrollid<\/h3>\n<p>Regulaarsete kontrollide l\u00e4biviimine on \u00fclioluline noole silindri j\u00f5udluse ja ohutuse s\u00e4ilitamiseks. Otsige t\u00f6\u00f6 ajal vedelikulekkeid, kulumist ja ebatavalisi helisid. Regulaarsed kontrollid v\u00f5imaldavad operaatoritel probleeme varakult m\u00e4rgata ja v\u00e4ltida kulukaid remondit\u00f6id.<\/p>\n<h3>\u00d5ige m\u00e4\u00e4rimine<\/h3>\n<p>H\u00fcdrosilindri piisav m\u00e4\u00e4rimine on oluline kulumise v\u00e4ltimiseks. M\u00e4\u00e4rimistaseme regulaarne kontrollimine ja h\u00fcdraulika\u00f5li lisamine vastavalt vajadusele on sujuva t\u00f6\u00f6 s\u00e4ilitamise v\u00f5ti. Piisav m\u00e4\u00e4rimine v\u00e4hendab liikuvate osade vahelist h\u00f5\u00f5rdumist, mis v\u00f5ib pikendada silindri eluiga.<\/p>\n<h3>Tihendi vahetamine<\/h3>\n<p>Tihendid on kriitilise t\u00e4htsusega komponendid, mis vajavad perioodilist vahetamist. Kontrollige regulaarselt tihendite seisukorda ja vahetage need v\u00e4lja, kui m\u00e4rkate kulumise v\u00f5i kahjustuste m\u00e4rke. Tihendite hea seisukorra tagamine hoiab \u00e4ra h\u00fcdraulikavedeliku lekke ja hoiab s\u00fcsteemis r\u00f5hu, soodustades t\u00f5husat t\u00f6\u00f6d.<\/p>\n<p><img decoding=\"async\" src=\"https:\/\/www.hydraulic-cylinders.net\/wp-content\/uploads\/2025\/04\/songte-chushion-collar.webp\" alt=\"H\u00fcdrauliliste silindrite osad\" \/><\/p>\n<h2>Ohutuskaalutlused ja keskkonnategurid<\/h2>\n<p>H\u00fcdrauliliste silindritega t\u00f6\u00f6tamisel on ohutusmeetmed \u00fcliolulised. Operaatorid peavad olema teadlikud k\u00f5rgsurves\u00fcsteemidega seotud v\u00f5imalikest ohtudest. Riskide minimeerimiseks on oluline korralik v\u00e4lja\u00f5pe ohutu kasutamise, h\u00e4daolukorra protseduuride ja ohutusprotokollide j\u00e4rgimise kohta.<\/p>\n<p>Lisaks tuleks arvestada keskkonnateguritega. H\u00fcdrauliliste vedelike n\u00f5uetekohase k\u00e4itlemise ja utiliseerimise tagamine kaitseb nii keskkonda kui ka t\u00f6\u00f6tajate ohutust. Lekke ennetamise strateegiate rakendamine ja keskkonnas\u00f5bralike tavade j\u00e4rgimine parandab \u00fcldist ohutust ja j\u00e4tkusuutlikkust.<\/p>\n<h2>Rikete diagnoosimine ja levinud probleemid<\/h2>\n<ul>\n<li><strong>Vedeliku lekked:<\/strong> Vedelikulekked on sageli m\u00e4rk kulunud tihenditest v\u00f5i kahjustatud komponentidest. Regulaarne kontroll ja tihendite \u00f5igeaegne vahetamine on t\u00f6\u00f6probleemide v\u00e4ltimiseks \u00fcliolulised.<\/li>\n<li><strong>V\u00e4hendatud j\u00f5udlus:<\/strong> Kui silinder ei ulatu v\u00e4lja ega t\u00f5mbu sisse sujuvalt, v\u00f5ib see viidata madalale h\u00fcdraulikavedeliku tasemele v\u00f5i sisemistele kahjustustele. Probleemi tuvastamiseks ja lahendamiseks on vaja kontrollida vedeliku taset ja teha p\u00f5hjalikke \u00fclevaatusi.<\/li>\n<li><strong>Ebatavalised helid:<\/strong> K\u00f5ik ebanormaalsed helid t\u00f6\u00f6tamise ajal v\u00f5ivad viidata mehaanilistele probleemidele. M\u00fcraallika kiire uurimine aitab v\u00e4ltida edasisi kahjustusi ja tagada ohutuse.<\/li>\n<\/ul>\n<h2>Veaotsingu n\u00e4pun\u00e4ited<\/h2>\n<p>Probleemide t\u00f5husaks diagnoosimiseks ja lahendamiseks peaksid operaatorid j\u00e4rgima s\u00fcstemaatilist l\u00e4henemisviisi. Alustage visuaalse kontrolliga, et tuvastada k\u00f5ik ilmsed probleemid, n\u00e4iteks lekked v\u00f5i joondusvead. Seej\u00e4rel kontrollige h\u00fcdraulikavedeliku taset ja lisage vajadusel vedelikku r\u00f5hu s\u00e4ilitamiseks. Ebatavaliste helide korral kaaluge silindri kontrollimist sisemise kulumise v\u00f5i kahjustuste suhtes.<\/p>\n<p>Ennetavate meetmete rakendamine, n\u00e4iteks regulaarne hooldus ja \u00fclevaatused, v\u00f5ivad oluliselt v\u00e4hendada v\u00f5imalike probleemide t\u00f5en\u00e4osust. Rutiinse hooldusgraafiku koostamine aitab hoida h\u00fcdrosilindrit optimaalses seisukorras, minimeerides seisakuid ja remondikulusid.<\/p>\n<p><img decoding=\"async\" src=\"https:\/\/www.hydraulic-cylinders.net\/wp-content\/uploads\/2025\/04\/songte-bushings-with-all-kinds-of-excavator-models.webp\" alt=\"Ekskavaatori puksid\" \/><\/p>\n<h2>Meie ettev\u00f5ttest<\/h2>\n<p>Oleme juhtiv asendush\u00fcdrauliliste silindrite tootja, pakkudes laia tootevalikut nii sise- kui ka rahvusvahelisele turule. Meie p\u00fchendumus tipptasemele kvaliteedis ja t\u00e4pses tootmises on teinud meist h\u00fcdrosilindrite t\u00f6\u00f6stuse juhtiva tarnija.<\/p>\n<p>Meie tipptasemel tootmis\u00fcksused kasutavad t\u00e4iustatud tehnoloogiaid ja oskuslikke spetsialiste, et suurendada meie tootmisv\u00f5imsust. J\u00e4rgime rangeid kvaliteedikontrolli protsesse ja rahvusvahelisi sertifikaate, et tagada iga toote vastavus k\u00f5rgeimatele t\u00f6\u00f6stusstandarditele. Lisaks pakume klientide erivajaduste rahuldamiseks kohandatud lahendusi.<\/p>\n<p>Meie m\u00fc\u00fcgij\u00e4rgne teenindus on p\u00fchendunud klientide pidevale toetamisele, tagades, et nende vajadused oleksid rahuldatud ka p\u00e4rast ostu. Meie professionaalne meeskond on alati valmis teid abistama k\u00f5igi p\u00e4ringute, remondi v\u00f5i asendamisega.<\/p>\n<p><img decoding=\"async\" src=\"https:\/\/www.hydraulic-cylinders.net\/wp-content\/uploads\/2025\/04\/songte-company-4.webp\" alt=\"Ettev\u00f5tte \u00fclevaade\" \/><br \/>\n<img decoding=\"async\" src=\"https:\/\/www.hydraulic-cylinders.net\/wp-content\/uploads\/2025\/04\/songte-company-3.webp\" alt=\"Tootmis\u00fcksus\" \/><\/p>\n<p>Autor: lyl<\/p>","protected":false},"excerpt":{"rendered":"<p>Boom Cylinder For Caterpillar Small Excavator E305ECR Product Overview The Boom Cylinder for Caterpillar Small Excavator E305ECR is an essential hydraulic component that plays a pivotal role in the functionality of heavy machinery. This type of hydraulic cylinder is specifically designed to control the movements of excavator buckets, allowing operators to lift, lower, and tilt [&hellip;]<\/p>","protected":false},"featured_media":17877,"comment_status":"open","ping_status":"closed","template":"","meta":{"_et_pb_use_builder":"","_et_pb_old_content":"","_et_gb_content_width":""},"product_brand":[],"product_cat":[1546],"product_tag":[1547,1496],"class_list":{"0":"post-18920","1":"product","2":"type-product","3":"status-publish","4":"has-post-thumbnail","6":"product_cat-boom-cylinders","7":"product_tag-boom-cylinders","8":"product_tag-hydraulic-cylinders","10":"first","11":"instock","12":"shipping-taxable","13":"product-type-simple"},"amp_enabled":true,"_links":{"self":[{"href":"https:\/\/www.hydraulic-cylinders.net\/et\/wp-json\/wp\/v2\/product\/18920","targetHints":{"allow":["GET"]}}],"collection":[{"href":"https:\/\/www.hydraulic-cylinders.net\/et\/wp-json\/wp\/v2\/product"}],"about":[{"href":"https:\/\/www.hydraulic-cylinders.net\/et\/wp-json\/wp\/v2\/types\/product"}],"replies":[{"embeddable":true,"href":"https:\/\/www.hydraulic-cylinders.net\/et\/wp-json\/wp\/v2\/comments?post=18920"}],"wp:featuredmedia":[{"embeddable":true,"href":"https:\/\/www.hydraulic-cylinders.net\/et\/wp-json\/wp\/v2\/media\/17877"}],"wp:attachment":[{"href":"https:\/\/www.hydraulic-cylinders.net\/et\/wp-json\/wp\/v2\/media?parent=18920"}],"wp:term":[{"taxonomy":"product_brand","embeddable":true,"href":"https:\/\/www.hydraulic-cylinders.net\/et\/wp-json\/wp\/v2\/product_brand?post=18920"},{"taxonomy":"product_cat","embeddable":true,"href":"https:\/\/www.hydraulic-cylinders.net\/et\/wp-json\/wp\/v2\/product_cat?post=18920"},{"taxonomy":"product_tag","embeddable":true,"href":"https:\/\/www.hydraulic-cylinders.net\/et\/wp-json\/wp\/v2\/product_tag?post=18920"}],"curies":[{"name":"wp","href":"https:\/\/api.w.org\/{rel}","templated":true}]}}