{"id":18922,"date":"2025-04-07T06:02:23","date_gmt":"2025-04-07T06:02:23","guid":{"rendered":"https:\/\/www.hydraulic-cylinders.net\/product\/boom-cylinder-for-caterpillar-small-excavator-e312dl\/"},"modified":"2025-04-07T06:02:26","modified_gmt":"2025-04-07T06:02:26","slug":"boom-cylinder-for-caterpillar-small-excavator-e312dl","status":"publish","type":"product","link":"https:\/\/www.hydraulic-cylinders.net\/et\/toode\/boom-cylinder-for-caterpillar-small-excavator-e312dl\/","title":{"rendered":"Caterpillar v\u00e4ikese ekskavaatori E312DL poomi silinder"},"content":{"rendered":"<h1>Caterpillar v\u00e4ikese ekskavaatori E312DL poomi silinder<\/h1>\n<h2>Kopasilindrite definitsioon ja \u00fclevaade<\/h2>\n<p>Caterpillar v\u00e4ikeekskavaatori E312DL noole silinder on spetsiaalne h\u00fcdrauliline silinder, mis on loodud kopa liikumise juhtimiseks erinevates rasketes masinates, n\u00e4iteks ekskavaatorites, laadurites ja esilaadurites. See h\u00fcdrauliline silinder v\u00f5imaldab kopa t\u00f5sta, langetada ja kallutada, h\u00f5lbustades t\u00f5husat materjali k\u00e4itlemist. Kopa silindrid on h\u00fcdraulikas\u00fcsteemide olulised komponendid, mis v\u00f5imaldavad ehitus- ja kaevet\u00f6\u00f6del vajalikke sujuvaid ja t\u00e4pseid liigutusi. Need toimivad h\u00fcdraulilise r\u00f5hu muutmise teel mehaaniliseks j\u00f5uks, v\u00f5imaldades operaatoritel \u00fclesandeid h\u00f5lpsalt ja t\u00e4pselt t\u00e4ita.<\/p>\n<p>Need h\u00fcdrosilindrid on ehitatud taluma k\u00f5rget r\u00f5hku ja suuri koormusi, mist\u00f5ttu sobivad need ideaalselt karmidesse t\u00f6\u00f6keskkondadesse. Projekteerimisel on arvesse v\u00f5etud vastupidavust, kulumiskindlust ja korrosioonikindlust ning t\u00f5husat h\u00fcdraulilist t\u00f6\u00f6d, mis k\u00f5ik aitavad pikendada seadmete eluiga.<\/p>\n<p><img decoding=\"async\" src=\"https:\/\/www.hydraulic-cylinders.net\/wp-content\/uploads\/2025\/04\/songte-company-1.webp\" alt=\"Poomi silinder\" \/><\/p>\n<h2>Poomi silindri omadused<\/h2>\n<ul>\n<li><strong>Suur tugevus ja vastupidavus:<\/strong> Tavaliselt valmistatud \u00fclitugevast terasest v\u00f5i alumiiniumist, taluvad need silindrid k\u00f5rget r\u00f5hku ja suuri koormusi, olles samal ajal vastupidavad ka karmides t\u00f6\u00f6tingimustes.<\/li>\n<li><strong>T\u00f5hus h\u00fcdrauliline t\u00f6\u00f6:<\/strong> Need kasutavad sujuvate teleskoopliikumiste saavutamiseks h\u00fcdraulika\u00f5li r\u00f5hku, reageerides kiiresti operaatori k\u00e4skudele ning pakkudes m\u00e4rkimisv\u00e4\u00e4rseid t\u00f5uke- ja t\u00f5mbej\u00f5ude, mis on olulised raskete ja keerukate \u00fclesannete t\u00e4itmiseks.<\/li>\n<li><strong>Erinevad t\u00fc\u00fcbid:<\/strong> Valikute hulka kuuluvad \u00fchetoimelised (h\u00fcdraulika abil \u00fches suunas) v\u00f5i kahetoimelised (h\u00fcdraulika abil m\u00f5lemas suunas) silindrid, kusjuures teatud mudelid on teleskoopilised, mis v\u00f5imaldavad suuremat pikendamist ilma v\u00e4lism\u00f5\u00f5tmeid suurendamata, sobides piiratud ruumiga rakenduste jaoks.<\/li>\n<li><strong>Asendamise lihtsus:<\/strong> Meie tooted suudavad ideaalselt asendada olemasolevaid h\u00fcdrosilindreid, tagades \u00fchilduvuse ja j\u00f5udluse.<\/li>\n<li><strong>Hoolduss\u00f5bralik disain:<\/strong> Silindrid on konstrueeritud hooldust silmas pidades, v\u00f5imaldades h\u00f5lpsat juurdep\u00e4\u00e4su komponentidele, mis vajavad regulaarset kontrolli ja vahetamist.<\/li>\n<\/ul>\n<p><img decoding=\"async\" src=\"https:\/\/www.hydraulic-cylinders.net\/wp-content\/uploads\/2025\/04\/songte-cylinder-head-with-all-kinds-excavator-models.webp\" alt=\"Ekskavaatori mudelid\" \/><\/p>\n<h2>Poomi silindri rakendused<\/h2>\n<h3>Ehitustehnika<\/h3>\n<p>Ekskavaatorites m\u00e4ngib noole silinder olulist rolli pinnase v\u00f5i prahi kaevamisel, laadimisel ja teisaldamisel. See annab vajaliku tugevuse ja t\u00e4psuse nende \u00fclesannete t\u00f5husaks t\u00e4itmiseks, v\u00f5imaldades operaatoritel t\u00f6\u00f6platsil tootlikkust ja ohutust maksimeerida.<\/p>\n<h3>P\u00f5llumajandustehnika<\/h3>\n<p>Esilaadurites on noolesilindrid olulised mulla, heina ja muude materjalide kopeerimiseks, t\u00f5stmiseks ja transportimiseks. Nende v\u00f5ime pakkuda v\u00f5imast t\u00f5stev\u00f5imet on p\u00f5llumajandust\u00f6\u00f6del hindamatu v\u00e4\u00e4rtusega, suurendades p\u00f5llumajandusmasinate t\u00f5husust.<\/p>\n<h3>Ekskavaatorid<\/h3>\n<p>Ekskavaatorid toetuvad kopa pinnasesse tungimiseks poomi silindritele, mis v\u00f5imaldab t\u00f5husat kaevamist. See funktsioon on kriitilise t\u00e4htsusega ehitusprojektide puhul, mis n\u00f5uavad mitmesuguste materjalide kaevamist, suurendades seel\u00e4bi t\u00f6\u00f6 t\u00f5husust.<\/p>\n<h3>Laadurid<\/h3>\n<p>Esilaaduritel aitavad noolesilindrid materjale t\u00f5husalt t\u00f5sta ja t\u00fchjendada. See tagab t\u00f6\u00f6de kiire l\u00f5puleviimise, aidates kaasa paremale t\u00f6\u00f6voogule ja tootlikkusele ehitusplatsidel.<\/p>\n<h2>Projekteerimiskaalutlused ja valikukriteeriumid<\/h2>\n<h3>Kandev\u00f5ime<\/h3>\n<p>Noolesilindri kandev\u00f5ime on selle konstruktsioonis v\u00f5tmetegur. See peab suutma taluda k\u00e4ideldavate materjalide raskust, ilma et see kahjustaks ohutust v\u00f5i j\u00f5udlust. H\u00e4sti disainitud silindri kandev\u00f5ime vastab kasutatavate masinate t\u00f6\u00f6vajadustele, tagades optimaalse funktsionaalsuse.<\/p>\n<h3>Tihendus<\/h3>\n<p>Tihendus on silindri h\u00fcdraulilise r\u00f5hu s\u00e4ilitamiseks kriitilise t\u00e4htsusega. Kvaliteetsed tihendid hoiavad \u00e4ra lekked ja tagavad h\u00fcdraulikavedeliku p\u00fcsimise, mis on h\u00fcdraulikas\u00fcsteemi t\u00f5husa t\u00f6\u00f6 jaoks h\u00e4davajalik. Sobivad tihendusmaterjalid, n\u00e4iteks pol\u00fcuretaan ja nitriilkummi, valitakse nende vastupidavuse ja kulumiskindluse t\u00f5ttu.<\/p>\n<h3>Vastupidavus<\/h3>\n<p>Vastupidavus on h\u00fcdrauliliste silindrite pikaealisuse v\u00f5ti. Need peavad olema konstrueeritud nii, et need taluksid pideva kasutamise, ilmastikuolude ja karmide t\u00f6\u00f6tingimuste t\u00f5ttu tekkivat kulumist. K\u00f5rgtugevate materjalide kasutamine ja kaitsekatete lisamine v\u00f5ivad silindri eluiga oluliselt pikendada.<\/p>\n<h3>Ohutus<\/h3>\n<p>Poomisilindrite projekteerimisel on ohutuskaalutlused esmat\u00e4htsad. Need peavad sisaldama ohutusfunktsioone, mis hoiavad \u00e4ra ootamatud rikkeid, n\u00e4iteks \u00fclekoormuskaitse ja rikkeohutusseadised operaatorite ja masinate kaitsmiseks. Regulaarne hooldus ja \u00fclevaatused v\u00f5ivad veelgi suurendada h\u00fcdraulikas\u00fcsteemide ohutust.<\/p>\n<h3>Hooldatavus<\/h3>\n<p>H\u00fcdrauliliste silindrite projekteerimine h\u00f5lpsaks hoolduseks on \u00fclioluline. See h\u00f5lmab komponentide ligip\u00e4\u00e4setavust kontrollimiseks, m\u00e4\u00e4rimiseks ja vahetamiseks. L\u00e4bim\u00f5eldud disain minimeerib seisakuid ja tagab hooldust\u00f6\u00f6de t\u00f5husa t\u00e4itmise, pikendades seel\u00e4bi seadmete eluiga.<\/p>\n<p><img decoding=\"async\" src=\"https:\/\/www.hydraulic-cylinders.net\/wp-content\/uploads\/2025\/04\/songte-oil-pipes-and-spare-parts.webp\" alt=\"H\u00fcdraulilised osad\" \/><\/p>\n<h2>Tihendus ja m\u00e4\u00e4rimine<\/h2>\n<p>H\u00fcdrauliliste silindrite toimimiseks on oluline t\u00f5hus tihendamine ja m\u00e4\u00e4rimine. H\u00fcdraulilise vedeliku lekke ja saastumise v\u00e4ltimiseks kasutatakse mitmesuguseid tihenduselemente, n\u00e4iteks kolvitihendeid ja varrastihendeid. Vastupidavatest materjalidest, nagu pol\u00fcuretaan ja nitriilkummi, valmistatud tihendeid kasutatakse tavaliselt nende kulumiskindluse t\u00f5ttu.<\/p>\n<p>Silindri korpus ja keermestatud otsapinnad l\u00e4bivad t\u00e4ppist\u00f6\u00f6tluse, et parandada kulumiskindlust ja tihendusv\u00f5imet. Regulaarne m\u00e4\u00e4rimine sobiva h\u00fcdraulika\u00f5liga on \u00fclioluline sujuva t\u00f6\u00f6 tagamiseks, h\u00f5\u00f5rdumise v\u00e4hendamiseks ja \u00fclekuumenemise v\u00e4ltimiseks. Operaatorid peaksid optimaalse j\u00f5udluse s\u00e4ilitamiseks h\u00fcdraulika\u00f5li taset regulaarselt kontrollima ja t\u00e4iendama.<\/p>\n<h2>Ennetavad hooldusmeetmed<\/h2>\n<ul>\n<li><strong>Regulaarsed kontrollid:<\/strong> Poomi silindri regulaarne kontrollimine kulumise, lekete ja kahjustuste suhtes on \u00fclioluline. See aitab tuvastada v\u00f5imalikke probleeme enne nende s\u00fcvenemist, tagades pideva t\u00f6\u00f6 ja ohutuse.<\/li>\n<li><strong>\u00d5ige m\u00e4\u00e4rimine:<\/strong> Veenduge, et silindrit m\u00e4\u00e4ritakse piisavalt \u00f5ige h\u00fcdraulika\u00f5liga. See v\u00e4hendab h\u00f5\u00f5rdumist ja kulumist, aidates kaasa silindri komponentide pikaealisusele.<\/li>\n<li><strong>Tihendi vahetamine:<\/strong> Aja jooksul v\u00f5ivad tihendid kuluda ja vajada v\u00e4ljavahetamist. Kontrollige tihendeid regulaarselt ja vahetage need vastavalt vajadusele, et s\u00e4ilitada h\u00fcdraulikas\u00fcsteemi terviklikkus.<\/li>\n<\/ul>\n<h2>Paigaldusjuhised<\/h2>\n<p>Poomi silindri paigaldamine n\u00f5uab optimaalse j\u00f5udluse tagamiseks detailidele t\u00e4helepanu p\u00f6\u00f6ramist. Alustuseks lugege hoolikalt tootja paigaldusjuhiseid. Veenduge, et kinnitusklambrid sobivad silindriga ja on kindlalt kinnitatud, et v\u00e4ltida liikumist t\u00f6\u00f6 ajal.<\/p>\n<p>Silindri \u00f5ige joondamine on kriitilise t\u00e4htsusega. Paigaldamise ajal joondamise s\u00e4ilitamiseks kasutage sobivaid paigaldusvahendeid. Kui silindrid on paigas, kontrollige, et k\u00f5ik h\u00fcdraulilised \u00fchendused oleksid tihedad ja leketeta. P\u00e4rast paigaldamist tehke enne silindri tavakasutusse tagasip\u00f6\u00f6rdumist proovik\u00e4ivitus, et veenduda selle sujuvas t\u00f6\u00f6s.<\/p>\n<h2>Levinumad hooldust\u00f6\u00f6d<\/h2>\n<ul>\n<li><strong>Regulaarsed kontrollid:<\/strong> Sagedased kulumise, kahjustuste ja toimimise kontrollid on vajalikud. See tagab v\u00f5imalike probleemide kiire lahendamise, v\u00e4hendades katastroofiliste rikete ohtu.<\/li>\n<li><strong>Sobiv m\u00e4\u00e4rimine:<\/strong> Poomi silindri t\u00f5rgeteta t\u00f6\u00f6ks on oluline s\u00e4ilitada korralik m\u00e4\u00e4rimine. Kasutage kvaliteetset h\u00fcdraulika\u00f5li ja veenduge, et \u00f5litase oleks soovituslikus vahemikus.<\/li>\n<li><strong>Tihendi vahetamine ja kalibreerimise kontrollimine:<\/strong> Kontrollige regulaarselt tihendite kulumist ja vahetage need vastavalt vajadusele. Kalibreerimiskontrollid aitavad tagada, et silinder t\u00f6\u00f6tab etten\u00e4htud parameetrite piires, s\u00e4ilitades seel\u00e4bi t\u00f6\u00f6 efektiivsuse.<\/li>\n<\/ul>\n<p>Poomi silindri t\u00f5husa toimimise tagamiseks on oluline \u00f5ige paigaldus ja joondamine. Silindri kinnitamiseks ja \u00f5ige joondamise tagamiseks kasutage sobivaid kinnitusklambreid, et v\u00e4ltida joondamise probleeme. Regulaarne kulumise kontroll ja vajalik remont v\u00f5i vahetused v\u00f5ivad silindri kasutusiga oluliselt pikendada.<\/p>\n<p><img decoding=\"async\" src=\"https:\/\/www.hydraulic-cylinders.net\/wp-content\/uploads\/2025\/04\/songte-chushion-collar.webp\" alt=\"Padjakaelus\" \/><\/p>\n<h2>Ohutuskaalutlused ja keskkonnategurid<\/h2>\n<p>H\u00fcdrauliliste silindritega tegelemisel on ohutusmeetmetel oluline roll. Operaatorid peaksid alati j\u00e4rgima ohutusjuhiseid, sealhulgas kandma sobivaid kaitsevahendeid ja tagama, et k\u00f5ik h\u00fcdraulikas\u00fcsteemid oleksid korralikult hooldatud. Silindri t\u00f6\u00f6r\u00f5hu ja v\u00f5imekuse m\u00f5istmine on ohutuks t\u00f6\u00f6ks h\u00e4davajalik.<\/p>\n<p>Samuti tuleks arvestada keskkonnateguritega. H\u00fcdrauliliste vedelike n\u00f5uetekohane k\u00f5rvaldamine ja seadmete hooldus lekete v\u00e4ltimiseks on keskkonnam\u00f5ju minimeerimise seisukohast kriitilise t\u00e4htsusega. Operaatorid peavad olema koolitatud h\u00fcdraulikas\u00fcsteeme ohutult k\u00e4sitsema ja olema teadlikud h\u00e4daolukorra protseduuridest h\u00fcdrauliliste rikete korral.<\/p>\n<h2>Rikete diagnoosimine ja levinud probleemid<\/h2>\n<ul>\n<li><strong>Leke:<\/strong> Kui silindrist lekib h\u00fcdraulikavedelikku, v\u00f5ib see viidata tihendi rikkele v\u00f5i kahjustusele. Kontrollige tihendeid ja vajadusel vahetage need v\u00e4lja. Regulaarne hooldus aitab seda probleemi v\u00e4ltida.<\/li>\n<li><strong>V\u00e4hendatud j\u00f5udlus:<\/strong> Kui silinder ei t\u00f6\u00f6ta t\u00f5husalt, kontrollige h\u00fcdraulikavoolikute ummistusi v\u00f5i madalat vedelikutaset. Veenduge, et h\u00fcdraulikas\u00fcsteem on \u00f5igesti t\u00e4idetud \u00f5iget t\u00fc\u00fcpi h\u00fcdraulika\u00f5liga.<\/li>\n<li><strong>M\u00fcra t\u00f6\u00f6tamise ajal:<\/strong> Ebatavaline m\u00fcra v\u00f5ib viidata sisemistele kahjustustele v\u00f5i \u00f5hule h\u00fcdros\u00fcsteemis. S\u00fcsteemi \u00f5hutamine v\u00f5ib selle probleemi lahendada, kuid t\u00f5sisemad probleemid v\u00f5ivad vajada professionaalset \u00fclevaatust.<\/li>\n<\/ul>\n<p>Probleemide t\u00f5husaks diagnoosimiseks peaksid operaatorid pidama toimivuse ja k\u00f5igi t\u00f6\u00f6 ajal t\u00e4heldatud k\u00f5rvalekallete logi. See dokumentatsioon aitab tuvastada mustreid ja v\u00f5imalikke algp\u00f5hjuseid.<\/p>\n<p>Ennetavad meetmed, n\u00e4iteks regulaarsed hoolduskontrollid ja kasutusjuhiste j\u00e4rgimine, aitavad nende probleemide esinemist minimeerida. Tihendite, voolikute ja h\u00fcdraulikavedeliku taseme regulaarne kontrollimine aitab tagada poomi silindri usaldusv\u00e4\u00e4rse j\u00f5udluse.<\/p>\n<p><img decoding=\"async\" src=\"https:\/\/www.hydraulic-cylinders.net\/wp-content\/uploads\/2025\/04\/songte-bushings-with-all-kinds-of-excavator-models.webp\" alt=\"Ekskavaatorite puksid\" \/><\/p>\n<h2>Meie ettev\u00f5ttest<\/h2>\n<p>Oleme juhtiv asendush\u00fcdrauliliste silindrite tootja ja hulgim\u00fc\u00fcja, pakkudes laia tootevalikut nii sise- kui ka rahvusvahelisele turule. Meie p\u00fchendumus tipptasemele peegeldub meie t\u00e4iustatud tootmisprotsessides, mida toetavad tipptasemel digitaalsed seadmed ja tugev kvaliteedikontrollis\u00fcsteem.<\/p>\n<p>Meie ettev\u00f5te seab esikohale k\u00f5rge efektiivsuse, t\u00e4psuse ja kvaliteedi, et rahuldada oma klientide mitmekesiseid vajadusi. Kasutame oma tehnoloogilist oskusteavet ja oskuslikku t\u00f6\u00f6j\u00f5udu oma tootmisplatvormi pidevaks t\u00e4iustamiseks, tagades, et pakume tooteid, mis mitte ainult ei vasta t\u00f6\u00f6stusstandarditele, vaid \u00fcletavad neid.<\/p>\n<p>Pakume klientide konkreetsetele vajadustele vastavaid kohandatud teenuseid ja omame mitmesuguseid rahvusvahelisi sertifikaate, mis kinnitavad meie p\u00fchendumust kvaliteedile. Meie m\u00fc\u00fcgij\u00e4rgne tugi on erakordne, pakkudes klientidele vajalikku abi ka kaua p\u00e4rast ostu sooritamist.<\/p>\n<p><img decoding=\"async\" src=\"https:\/\/www.hydraulic-cylinders.net\/wp-content\/uploads\/2025\/04\/songte-company-4.webp\" alt=\"Ettev\u00f5tte \u00fclevaade\" \/><br \/>\n<img decoding=\"async\" src=\"https:\/\/www.hydraulic-cylinders.net\/wp-content\/uploads\/2025\/04\/songte-company-3.webp\" alt=\"Tootmis\u00fcksus\" \/><\/p>\n<p>Autor: lyl<\/p>","protected":false},"excerpt":{"rendered":"<p>Boom Cylinder For Caterpillar Small Excavator E312DL Definition and Overview of Bucket Cylinders The Boom Cylinder for Caterpillar Small Excavator E312DL is a specialized hydraulic cylinder designed for controlling the movement of the bucket in various heavy machinery, such as excavators, backhoes, and front loaders. This hydraulic cylinder enables the bucket to lift, lower, and [&hellip;]<\/p>","protected":false},"featured_media":17879,"comment_status":"open","ping_status":"closed","template":"","meta":{"_et_pb_use_builder":"","_et_pb_old_content":"","_et_gb_content_width":""},"product_brand":[],"product_cat":[1546],"product_tag":[1547,1496],"class_list":{"0":"post-18922","1":"product","2":"type-product","3":"status-publish","4":"has-post-thumbnail","6":"product_cat-boom-cylinders","7":"product_tag-boom-cylinders","8":"product_tag-hydraulic-cylinders","10":"first","11":"instock","12":"shipping-taxable","13":"product-type-simple"},"amp_enabled":true,"_links":{"self":[{"href":"https:\/\/www.hydraulic-cylinders.net\/et\/wp-json\/wp\/v2\/product\/18922","targetHints":{"allow":["GET"]}}],"collection":[{"href":"https:\/\/www.hydraulic-cylinders.net\/et\/wp-json\/wp\/v2\/product"}],"about":[{"href":"https:\/\/www.hydraulic-cylinders.net\/et\/wp-json\/wp\/v2\/types\/product"}],"replies":[{"embeddable":true,"href":"https:\/\/www.hydraulic-cylinders.net\/et\/wp-json\/wp\/v2\/comments?post=18922"}],"wp:featuredmedia":[{"embeddable":true,"href":"https:\/\/www.hydraulic-cylinders.net\/et\/wp-json\/wp\/v2\/media\/17879"}],"wp:attachment":[{"href":"https:\/\/www.hydraulic-cylinders.net\/et\/wp-json\/wp\/v2\/media?parent=18922"}],"wp:term":[{"taxonomy":"product_brand","embeddable":true,"href":"https:\/\/www.hydraulic-cylinders.net\/et\/wp-json\/wp\/v2\/product_brand?post=18922"},{"taxonomy":"product_cat","embeddable":true,"href":"https:\/\/www.hydraulic-cylinders.net\/et\/wp-json\/wp\/v2\/product_cat?post=18922"},{"taxonomy":"product_tag","embeddable":true,"href":"https:\/\/www.hydraulic-cylinders.net\/et\/wp-json\/wp\/v2\/product_tag?post=18922"}],"curies":[{"name":"wp","href":"https:\/\/api.w.org\/{rel}","templated":true}]}}