{"id":18928,"date":"2025-04-07T06:02:40","date_gmt":"2025-04-07T06:02:40","guid":{"rendered":"https:\/\/www.hydraulic-cylinders.net\/product\/boom-cylinder-for-caterpillar-small-excavator-e312d2gc\/"},"modified":"2025-04-07T06:02:42","modified_gmt":"2025-04-07T06:02:42","slug":"boom-cylinder-for-caterpillar-small-excavator-e312d2gc","status":"publish","type":"product","link":"https:\/\/www.hydraulic-cylinders.net\/et\/toode\/boom-cylinder-for-caterpillar-small-excavator-e312d2gc\/","title":{"rendered":"Caterpillar v\u00e4ikese ekskavaatori E312D2GC poomi silinder"},"content":{"rendered":"<h1>Caterpillar v\u00e4ikese ekskavaatori E312D2GC poomi silinder<\/h1>\n<h2>Toote \u00fclevaade<\/h2>\n<p>Noole silinder on oluline h\u00fcdrauliline komponent, mis on spetsiaalselt loodud kopa liikumise juhtimiseks erinevates rasketes masinates, sealhulgas ekskavaatorites, laadur-ekskavaatorites ja esilaadurites. See h\u00fcdrauliline silinder v\u00f5imaldab kopal t\u00f5husalt t\u00f5usta, langetada ja kallutada, h\u00f5lbustades materjalide k\u00e4itlemise \u00fclesandeid ehituses ja muudes t\u00f6\u00f6stusharudes. Kopa silinder t\u00f6\u00f6tab h\u00fcdraulikas\u00fcsteemi sees, kasutades liikumise saavutamiseks survestatud vedelikku, mist\u00f5ttu on see t\u00f5husa t\u00f6\u00f6 jaoks \u00fclioluline element.<\/p>\n<p><img decoding=\"async\" src=\"https:\/\/www.hydraulic-cylinders.net\/wp-content\/uploads\/2025\/04\/songte-company-1.webp\" alt=\"Ekskavaatorite poomi silinder\" \/><\/p>\n<h2>Poomi silindri omadused<\/h2>\n<ul>\n<li><strong>Suur tugevus ja vastupidavus:<\/strong> Valmistatud \u00fclitugevast terasest v\u00f5i alumiiniumist, mis talub k\u00f5rget r\u00f5hku ja suuri koormusi ning on loodud kulumiskindlaks ja korrosioonikindlaks, et pikendada kasutusiga.<\/li>\n<li><strong>T\u00f5hus h\u00fcdrauliline t\u00f6\u00f6:<\/strong> Kasutab sujuvate teleskoopliikumiste jaoks h\u00fcdraulilise vedeliku r\u00f5hku, reageerides juhtimisk\u00e4sklustele kiiresti ning pakkudes v\u00f5imsaid t\u00f5uke- ja t\u00f5mbev\u00f5imeid, mis sobivad raskete materjalide k\u00e4sitsemiseks ja keerukate \u00fclesannete t\u00e4itmiseks.<\/li>\n<li><strong>Erinevad t\u00fc\u00fcbid:<\/strong> Saadaval \u00fchetoimelise (h\u00fcdraulilise r\u00f5hu kasutamine \u00fches suunas) v\u00f5i kahetoimelise (h\u00fcdraulilise r\u00f5hu kasutamine m\u00f5lemas suunas) konfiguratsioonina, et rahuldada erinevaid t\u00f6\u00f6vajadusi, kusjuures m\u00f5ned mudelid pakuvad teleskoopfunktsioone suuremaks pikendamiseks ilma v\u00e4lism\u00f5\u00f5tmeid suurendamata, mis sobib ideaalselt ruumikitsastes rakendustes.<\/li>\n<li><strong>Suur j\u00f5udlus:<\/strong> Loodud optimaalse j\u00f5udluse tagamiseks erinevates t\u00f6\u00f6tingimustes, tagades usaldusv\u00e4\u00e4rse t\u00f6\u00f6 n\u00f5udlikes keskkondades.<\/li>\n<li><strong>Kohandatud tootmine:<\/strong> Me suudame seda toodet toota ja meie silindrid asendavad neid h\u00fcdraulilisi silindreid ideaalselt.<\/li>\n<\/ul>\n<p><img decoding=\"async\" src=\"https:\/\/www.hydraulic-cylinders.net\/wp-content\/uploads\/2025\/04\/songte-cylinder-head-with-all-kinds-excavator-models.webp\" alt=\"H\u00fcdrauliliste silindrite mudelid\" \/><\/p>\n<h2>Poomi silindri rakendused<\/h2>\n<h3>Ehitustehnika<\/h3>\n<p>Ekskavaatorites on noole silinder \u00fclioluline kaevamiseks, laadimiseks ja pinnase v\u00f5i prahi teisaldamiseks. See v\u00f5imaldab operaatoril kontrollida kopa s\u00fcgavust ja nurka, suurendades ehitusplatsidel tootlikkust. Ekskavaator-laadurites abistab kopa silinder nii kaevamis- kui ka t\u00f5stet\u00f6\u00f6del, muutes selle asendamatuks t\u00f6\u00f6riistaks mitmesuguste ehitus- ja pinnase teisaldamise tegevuste jaoks.<\/p>\n<h3>P\u00f5llumajandustehnika<\/h3>\n<p>Esilaadurites kasutatav noole silinder h\u00f5lbustab mulla, heina ja muude materjalide t\u00f5husat koputamist, t\u00f5stmist ja transportimist. Selle vastupidav disain ja funktsionaalsus muudavad selle sobivaks p\u00f5llumajandust\u00f6\u00f6deks, kus raskete esemete t\u00f5stmine on tavaline n\u00f5ue.<\/p>\n<h3>Ekskavaatorid<\/h3>\n<p>Noole silinder v\u00f5imaldab kopal tungida pinnasesse t\u00f5husate kaevamist\u00f6\u00f6de tegemiseks. Selle h\u00fcdraulilised omadused v\u00f5imaldavad v\u00f5imsat kaevamist, s\u00e4ilitades samal ajal t\u00e4psuse, mist\u00f5ttu on see h\u00e4davajalik projektide puhul, mis n\u00f5uavad s\u00fcgavat pinnase liigutamist.<\/p>\n<h3>Laadurid<\/h3>\n<p>Esilaaduritel aitab noole silinder koormaid t\u00f5husalt t\u00f5sta ja t\u00fchjendada. Selle usaldusv\u00e4\u00e4rne j\u00f5udlus on materjalide teisaldamisega seotud toimingute puhul \u00fclioluline, tagades koormate ohutu ja t\u00f5husa transportimise.<\/p>\n<h2>Projekteerimiskaalutlused ja valikukriteeriumid<\/h2>\n<h3>Kandev\u00f5ime<\/h3>\n<p>\u00dcks noole silindri projekteerimisel arvestatavaid peamisi kaalutlusi on selle kandev\u00f5ime. On oluline, et silinder taluks maksimaalset koormust, millega see t\u00f6\u00f6tamise ajal kokku puutub. See h\u00f5lmab t\u00f5stet\u00f6\u00f6de ajal avaldatavate j\u00f5udude arvutamist ning materjalide ja konstruktsioonide valimist, mis taluvad neid j\u00f5ude ilma purunemata.<\/p>\n<h3>Tihendusv\u00f5ime<\/h3>\n<p>T\u00f5hus tihendamine on kriitilise t\u00e4htsusega h\u00fcdraulilise vedeliku lekke v\u00e4ltimiseks, mis v\u00f5ib v\u00e4hendada efektiivsust ja p\u00f5hjustada keskkonnaohtu. Kvaliteetsed ja vastupidavatest materjalidest tihendid on vajalikud pikaajalise j\u00f5udluse tagamiseks ja h\u00fcdraulikas\u00fcsteemi terviklikkuse s\u00e4ilitamiseks.<\/p>\n<h3>Vastupidavus<\/h3>\n<p>H\u00fcdrauliliste silindrite t\u00f6\u00f6keskkond v\u00f5ib olla karm, puutudes kokku tolmu, prahi ja erinevate ilmastikutingimustega. Vastupidavuse tagamine h\u00f5lmab vastupidavate materjalide ja katete valimist, mis on vastupidavad kulumisele ja korrosioonile, pikendades seel\u00e4bi silindri eluiga.<\/p>\n<h3>Turvaelemendid<\/h3>\n<p>H\u00fcdrauliliste silindrite projekteerimisel on ohutus esmat\u00e4htis. Ohutusfunktsioonide, n\u00e4iteks r\u00f5hukaitseventiilide ja purunemiskaitse rakendamine aitab v\u00e4ltida katastroofilisi rikkeid. Lisaks on silindrite ohutuks t\u00f6\u00f6ks igas olukorras oluline p\u00f5hjalik testimine ja t\u00f6\u00f6stusstandardite j\u00e4rgimine.<\/p>\n<h3>Hooldatavus<\/h3>\n<p>Hooldatavust silmas pidades projekteerimine on seisakuaja ja remondikulude minimeerimiseks \u00fclioluline. See h\u00f5lmab ligip\u00e4\u00e4setavuse tagamist kontrollide ja hooldust\u00f6\u00f6de tegemiseks ning selgete juhiste andmist tihendite ja komponentide vahetamiseks, mis v\u00f5imaldab kiiret ja t\u00f5husat hooldust.<\/p>\n<p><img decoding=\"async\" src=\"https:\/\/www.hydraulic-cylinders.net\/wp-content\/uploads\/2025\/04\/songte-oil-pipes-and-spare-parts.webp\" alt=\"H\u00fcdraulilised osad\" \/><\/p>\n<h2>Tihendus ja m\u00e4\u00e4rimine<\/h2>\n<p>Poomi silindri tihenduss\u00fcsteem sisaldab erinevat t\u00fc\u00fcpi tihendeid, n\u00e4iteks kolvitihendeid ja vardatihendeid, mis on h\u00fcdraulilise r\u00f5hu s\u00e4ilitamiseks h\u00e4davajalikud. Vastupidavuse suurendamiseks kasutatakse tavaliselt kulumiskindlatest materjalidest, n\u00e4iteks pol\u00fcuretaanist ja nitriilkummist, valmistatud tihendeid. Lisaks t\u00f6\u00f6deldakse silindri korpust ja keermestatud otsapinda t\u00e4pselt, et parandada kulumiskindlust. Regulaarne m\u00e4\u00e4rimine h\u00fcdraulika\u00f5liga on \u00fclioluline sujuva t\u00f6\u00f6 tagamiseks ja komponentide kulumise v\u00e4ltimiseks.<\/p>\n<h2>Regulaarne kontroll ja ennetav hooldus<\/h2>\n<ul>\n<li><strong>Regulaarsed kontrollid:<\/strong> Rakendage rutiinsete kontrollide ajakava, et tuvastada kulumine v\u00f5i v\u00f5imalikud probleemid enne nende s\u00fcvenemist. Regulaarsed kontrollid aitavad lekkeid v\u00f5i kahjustusi varakult avastada, v\u00e4ltides kulukaid remondit\u00f6id.<\/li>\n<li><strong>Sobiv m\u00e4\u00e4rimine:<\/strong> Veenduge, et h\u00fcdraulika\u00f5li tase oleks \u00f5ige ja vajadusel vahetage seda. N\u00f5uetekohane m\u00e4\u00e4rimine v\u00e4hendab liikuvate osade h\u00f5\u00f5rdumist ja kulumist, pikendades silindri eluiga.<\/li>\n<li><strong>Tihendi vahetamine:<\/strong> Kontrollige regulaarselt tihendeid kulumise v\u00f5i kahjustuste suhtes ja vajadusel vahetage need v\u00e4lja. See aitab s\u00e4ilitada h\u00fcdraulilist r\u00f5hku ja hoiab \u00e4ra vedeliku lekked.<\/li>\n<\/ul>\n<h2>Paigaldusjuhised<\/h2>\n<p>Poomi silindri \u00f5ige paigaldamine on optimaalse j\u00f5udluse saavutamiseks h\u00e4davajalik. Alustage veendumaks, et paigalduskoht on puhas ja prahist vaba. Joondage silinder \u00f5igesti kinnituspunktidega, kasutades selle kinnitamiseks sobivaid kinnitusvahendeid. Veenduge, et k\u00f5ik h\u00fcdraulilised \u00fchendused on tihedad ja lekkevabad. P\u00e4rast paigaldamist kontrollige enne t\u00e4ielikku kasutamist p\u00f5hjalikult h\u00fcdraulikas\u00fcsteemi, et veenduda selle korrektses toimimises. Samuti on soovitatav j\u00e4rgida tootja spetsifikatsioone p\u00f6\u00f6rdemomentide s\u00e4tete ja \u00fchenduste t\u00fc\u00fcpide kohta.<\/p>\n<h2>Hooldus\u00fclesanded<\/h2>\n<ul>\n<li><strong>Regulaarsed kontrollid:<\/strong> Sagedased kontrollid aitavad varakult avastada probleeme, nagu h\u00fcdraulika lekked v\u00f5i kulumism\u00e4rgid. Nende probleemide \u00f5igeaegne lahendamine aitab \u00e4ra hoida t\u00f5sisemaid rikkeid.<\/li>\n<li><strong>Sobiv m\u00e4\u00e4rimine:<\/strong> Kontrollige ja hoidke regulaarselt h\u00fcdraulika\u00f5li taset \u00f5igel tasemel. M\u00e4\u00e4rimine on sujuva t\u00f6\u00f6 tagamiseks \u00fclioluline ja v\u00f5ib silindri eluiga oluliselt pikendada.<\/li>\n<li><strong>Tihendi vahetamine:<\/strong> H\u00fcdraulikavedeliku lekke v\u00e4ltimiseks ja s\u00fcsteemi efektiivsuse s\u00e4ilitamiseks kontrollige regulaarselt tihendite terviklikkust ja vahetage need vajadusel v\u00e4lja.<\/li>\n<\/ul>\n<h2>Ohutuskaalutlused ja keskkonnategurid<\/h2>\n<p>H\u00fcdrauliliste silindritega t\u00f6\u00f6tamisel on ohutusmeetmed \u00fcliolulised. Veenduge alati, et operaatorid on koolitatud seadmete n\u00f5uetekohaseks kasutamiseks ja on teadlikud v\u00f5imalikest ohtudest. Ohutusprotokollide rakendamine, n\u00e4iteks isikukaitsevahendite (IKV) kasutamine ja avariiv\u00e4ljal\u00fclitamise protseduurid, v\u00f5ivad \u00f5nnetuste ohtu oluliselt v\u00e4hendada. Lisaks arvestage h\u00fcdraulikavedeliku lekete keskkonnam\u00f5juga ja veenduge, et keskkonnariskide leevendamiseks on olemas n\u00f5uetekohased ohjeldamis- ja k\u00f5rvaldamismeetodid.<\/p>\n<h2>Veaotsing ja levinud probleemid<\/h2>\n<ul>\n<li><strong>Leke:<\/strong> Kui m\u00e4rkate silindrist h\u00fcdraulikavedeliku leket, kontrollige tihendeid ja \u00fchendusi kahjustuste suhtes. Veenduge, et liitmikud on tihedalt kinni ja tihendid on heas seisukorras.<\/li>\n<li><strong>Aeglane t\u00f6\u00f6:<\/strong> See v\u00f5ib viidata madalale h\u00fcdraulikavedeliku tasemele v\u00f5i saastumisele. Kontrollige vedeliku taset ja vahetage vedelik v\u00e4lja, kui see tundub m\u00e4\u00e4rdunud v\u00f5i halvenenud.<\/li>\n<li><strong>Liikumine puudub:<\/strong> Kui silinder ei liigu, kontrollige h\u00fcdraulikavoolikute ummistusi v\u00f5i veenduge, et pump t\u00f6\u00f6tab korralikult.<\/li>\n<\/ul>\n<h2>Veaotsingu n\u00e4pun\u00e4ited<\/h2>\n<p>T\u00f5husa t\u00f5rkeotsingu jaoks alustage alati h\u00fcdraulikas\u00fcsteemi visuaalse kontrolliga. Otsige kulumise, lekete v\u00f5i lahtiste \u00fchenduste m\u00e4rke. Veenduge, et h\u00fcdraulikavedeliku tase on \u00f5ige ja see pole saastunud. Kui probleemid p\u00fcsivad, lugege tootja juhiseid konkreetsete diagnostiliste protseduuride kohta. Ennetavad meetmed, n\u00e4iteks regulaarne hooldus ja \u00fclevaatused, v\u00f5ivad minimeerida tulevaste probleemide t\u00f5en\u00e4osust.<\/p>\n<p><img decoding=\"async\" src=\"https:\/\/www.hydraulic-cylinders.net\/wp-content\/uploads\/2025\/04\/songte-bushings-with-all-kinds-of-excavator-models.webp\" alt=\"Ekskavaatori puksid\" \/><\/p>\n<h2>Meie ettev\u00f5ttest<\/h2>\n<p>Oleme juhtiv asendush\u00fcdrauliliste silindrite tootja, pakkudes laia tootevalikut nii sise- kui ka v\u00e4listurule. Meie p\u00fchendumus tipptasemele ajendab meid s\u00e4ilitama k\u00f5rgeid kvaliteedistandardeid industrialiseeritud tootmisjuhtimise strateegiate abil. Keskendudes tehnoloogilisele talendile, t\u00e4iustatud tootmisseadmetele ja professionaalsetele testimiss\u00fcsteemidele, t\u00e4iustame pidevalt oma tootmisplatvormi, et pakkuda parimaid tooteid. Meie meeskonna asjatundlikkus v\u00f5imaldab meil rahuldada klientide mitmekesiseid vajadusi t\u00f5husalt, t\u00e4pselt ja kvaliteetselt.<\/p>\n<p><img decoding=\"async\" src=\"https:\/\/www.hydraulic-cylinders.net\/wp-content\/uploads\/2025\/04\/songte-company-4.webp\" alt=\"Ettev\u00f5tte \u00fclevaade\" \/><br \/>\n<img decoding=\"async\" src=\"https:\/\/www.hydraulic-cylinders.net\/wp-content\/uploads\/2025\/04\/songte-company-3.webp\" alt=\"Tootmisprotsess\" \/><\/p>\n<p>Autor: lyl<\/p>","protected":false},"excerpt":{"rendered":"<p>Boom Cylinder For Caterpillar Small Excavator E312D2GC Product Overview The Boom Cylinder is an essential hydraulic component specifically designed for controlling the movement of the bucket in various heavy machinery, including excavators, backhoe loaders, and front loaders. This hydraulic cylinder allows the bucket to lift, lower, and tilt efficiently, facilitating material handling tasks in construction [&hellip;]<\/p>","protected":false},"featured_media":17870,"comment_status":"open","ping_status":"closed","template":"","meta":{"_et_pb_use_builder":"","_et_pb_old_content":"","_et_gb_content_width":""},"product_brand":[],"product_cat":[1546],"product_tag":[1547,1496],"class_list":{"0":"post-18928","1":"product","2":"type-product","3":"status-publish","4":"has-post-thumbnail","6":"product_cat-boom-cylinders","7":"product_tag-boom-cylinders","8":"product_tag-hydraulic-cylinders","10":"first","11":"instock","12":"shipping-taxable","13":"product-type-simple"},"amp_enabled":true,"_links":{"self":[{"href":"https:\/\/www.hydraulic-cylinders.net\/et\/wp-json\/wp\/v2\/product\/18928","targetHints":{"allow":["GET"]}}],"collection":[{"href":"https:\/\/www.hydraulic-cylinders.net\/et\/wp-json\/wp\/v2\/product"}],"about":[{"href":"https:\/\/www.hydraulic-cylinders.net\/et\/wp-json\/wp\/v2\/types\/product"}],"replies":[{"embeddable":true,"href":"https:\/\/www.hydraulic-cylinders.net\/et\/wp-json\/wp\/v2\/comments?post=18928"}],"wp:featuredmedia":[{"embeddable":true,"href":"https:\/\/www.hydraulic-cylinders.net\/et\/wp-json\/wp\/v2\/media\/17870"}],"wp:attachment":[{"href":"https:\/\/www.hydraulic-cylinders.net\/et\/wp-json\/wp\/v2\/media?parent=18928"}],"wp:term":[{"taxonomy":"product_brand","embeddable":true,"href":"https:\/\/www.hydraulic-cylinders.net\/et\/wp-json\/wp\/v2\/product_brand?post=18928"},{"taxonomy":"product_cat","embeddable":true,"href":"https:\/\/www.hydraulic-cylinders.net\/et\/wp-json\/wp\/v2\/product_cat?post=18928"},{"taxonomy":"product_tag","embeddable":true,"href":"https:\/\/www.hydraulic-cylinders.net\/et\/wp-json\/wp\/v2\/product_tag?post=18928"}],"curies":[{"name":"wp","href":"https:\/\/api.w.org\/{rel}","templated":true}]}}