{"id":1893,"date":"2023-10-19T06:07:27","date_gmt":"2023-10-19T06:07:27","guid":{"rendered":"https:\/\/hydraulic-cylinders.net\/?post_type=product&#038;p=1893"},"modified":"2025-04-11T02:51:59","modified_gmt":"2025-04-11T02:51:59","slug":"open-tbm-support-shoe-cylinder","status":"publish","type":"product","link":"https:\/\/www.hydraulic-cylinders.net\/et\/toode\/open-tbm-support-shoe-cylinder\/","title":{"rendered":"Avatud TBM-i tugijala silinder"},"content":{"rendered":"<h1 style=\"text-align: center;\"><strong>Avatud TBM-i tugijala silinder<\/strong><\/h1>\n<p><img loading=\"lazy\" decoding=\"async\" class=\"aligncenter wp-image-1894\" src=\"https:\/\/hydraulic-cylinders.net\/wp-content\/uploads\/2023\/10\/support-shoe-cylinder-1-300x300.webp\" alt=\"\" width=\"400\" height=\"400\" \/><\/p>\n<p>Avatud TBM-i tugijala silinder on tipptasemel h\u00fcdrauliline komponent, mis on loodud tunnelipuurmasinate (TBMS-ide) stabiilsuse ja j\u00f5udluse parandamiseks. See spetsiaalne silinder toetab TBM-i l\u00f5ikepead kaevamise ajal, tagades t\u00e4pse juhtimise, suurema efektiivsuse ja parema ohutuse. See p\u00f5hjalik artikkel uurib avatud TBM-i tugijala silindri peamisi omadusi, kasutusviise ja hooldusjuhiseid.<\/p>\n<p>Avatud TBM-i tugijala silinder on tipptasemel h\u00fcdrauliline komponent, mis suurendab tunnelipuurimise stabiilsust ja j\u00f5udlust. T\u00e4nu t\u00e4iustatud stabiilsusele, t\u00e4psele juhtimisele, t\u00e4iustatud ohutusfunktsioonidele ja vastupidavale konstruktsioonile tagab see silinder t\u00f5husa ja ohutu tunneli kaevamise. Soovitatavate kasutusmeetodite ja regulaarsete hooldustavade j\u00e4rgimisel pakub avatud TBM-i tugijala silinder j\u00e4tkuvalt suurep\u00e4rast j\u00f5udlust, aidates kaasa tunneliprojektide edule. T\u00f5stke oma tunnelipuurimise t\u00f6\u00f6d \u00fcles avatud TBM-i tugijala silindri pakutava stabiilsuse ja t\u00f6\u00f6kindlusega.<\/p>\n<p>Avatud TBM-i tugijala silindri peamised omadused:<\/p>\n<ul>\n<li>T\u00e4iustatud stabiilsus: Avatud TBM-i tugijala silinder tagab meeskonna l\u00f5ikepeale erakordse stabiilsuse. Selle vastupidav konstruktsioon ja suur kandev\u00f5ime tagavad, et l\u00f5ikepea p\u00fcsib paigal isegi keerulistes geoloogilistes tingimustes, minimeerides vibratsiooni ja parandades \u00fcldist kaevamise t\u00e4psust.<\/li>\n<li>T\u00e4pne juhtimine: T\u00e4iustatud h\u00fcdraulikas\u00fcsteemidega varustatud silinder pakub tugijala liikumise \u00fcle t\u00e4pset juhtimist. Operaatorid saavad reguleerida silindri pikenemist ja tagasit\u00f5mbumist, v\u00f5imaldades TBM-i asendi peenh\u00e4\u00e4lestamist ja selle j\u00f5udluse optimeerimist erinevates pinnavormides.<\/li>\n<li>T\u00e4iustatud ohutus: Avatud TBM-i tugijala silinder sisaldab ohutusfunktsioone, nagu \u00fclekoormuskaitse ja avariiseiskamismehhanismid. Need funktsioonid aitavad v\u00e4ltida tugijalale liigset m\u00f5ju, tagades TBM-i operaatorite ohutuse ja minimeerides seadmete kahjustamise ohtu.<\/li>\n<li>Vastupidavus ja t\u00f6\u00f6kindlus: Kvaliteetsetest materjalidest valmistatud avatud TBM-tugitald silinder on loodud vastu pidama tunnelipuurimise n\u00f5udlikele tingimustele. Selle vastupidav konstruktsioon tagab pikaajalise vastupidavuse, t\u00f6\u00f6kindluse ja j\u00e4rjepideva j\u00f5udluse, v\u00e4hendades seisakuid ja hoolduskulusid.<\/li>\n<\/ul>\n<h2><strong>Avatud TBM-i tugijala silindri parameeter:<\/strong><\/h2>\n<table border=\"1\" cellspacing=\"0\" cellpadding=\"0\">\n<tbody>\n<tr>\n<td>Toote nimi<\/td>\n<td>Avatud tunneli puurmasina tugijalatsilinder<\/td>\n<\/tr>\n<tr>\n<td>Omadused:<\/td>\n<td>Annab l\u00f5ikepea tunneldamise t\u00f5ukej\u00f5u<\/td>\n<\/tr>\n<tr>\n<td>Ava l\u00e4bim\u00f5\u00f5t:<\/td>\n<td>\u00a0480 mm\uff5e1000 mm<\/td>\n<\/tr>\n<tr>\n<td>Varda l\u00e4bim\u00f5\u00f5t:<\/td>\n<td>400 mm\uff5e730 mm<br \/>\nK\u00e4ik 400 mm\uff5e825 mm<\/td>\n<\/tr>\n<tr>\n<td>R\u00f5hk:<\/td>\n<td>kuni 35 MPa<\/td>\n<\/tr>\n<tr>\n<td>Rakendused:<\/td>\n<td>Avatud tunneli puurmasin<\/td>\n<\/tr>\n<\/tbody>\n<\/table>\n<h2><strong>Avatud TBM-silindri rakendus:<\/strong><\/h2>\n<p><img loading=\"lazy\" decoding=\"async\" class=\"alignnone wp-image-1899 size-full\" src=\"https:\/\/hydraulic-cylinders.net\/wp-content\/uploads\/2023\/10\/open-tbm-cylinder-1.webp\" alt=\"\" width=\"709\" height=\"473\" srcset=\"https:\/\/hydraulic-cylinders.net\/wp-content\/uploads\/2023\/10\/open-tbm-cylinder-1.webp 709w, https:\/\/hydraulic-cylinders.net\/wp-content\/uploads\/2023\/10\/open-tbm-cylinder-1-480x320.webp 480w\" sizes=\"(min-width: 0px) and (max-width: 480px) 480px, (min-width: 481px) 709px, 100vw\" \/><\/p>\n<h2><strong>Avatud TBM-i tugijala silindri kasutusmeetod<\/strong><strong>:<\/strong><\/h2>\n<ul>\n<li><strong>Silindri paigaldamine:<\/strong>\u00a0 Paigaldage avatud TBM-i tugijala silinder vastavalt tootja juhistele. Veenduge \u00f5iges joonduses ja kindlas kinnituses TBM-i konstruktsiooni k\u00fclge, kasutades sobivaid kinnitusklambreid v\u00f5i tarvikuid.<\/li>\n<li><strong>H\u00fcdraulikas\u00fcsteemi integreerimine:<\/strong> \u00dchendage silinder TBM-i h\u00fcdros\u00fcsteemiga, kasutades \u00fchilduvaid voolikuid ja liitmikke. Veenduge, et k\u00f5ik \u00fchendused on kindlad, lekkevabad ja piisavalt pingutatud, et s\u00e4ilitada optimaalne h\u00fcdrauliline j\u00f5udlus.<\/li>\n<li><strong>Positsioneerimise reguleerimine:<\/strong>\u00a0 Tutvuge avatud TBM-i tugijala silindri spetsiifiliste juhtnuppudega. Kasutage neid juhtnuppe silindri pikenduse ja tagasit\u00f5mbamise reguleerimiseks, v\u00f5imaldades tugijala t\u00e4pset positsioneerimist vastavalt erinevatele pinnasetingimustele ja stabiilsuse s\u00e4ilitamiseks kaevamise ajal.<\/li>\n<li><strong>Ohutusabin\u00f5ud:<\/strong>\u00a0 J\u00e4rgige k\u00f5iki TBM-i tootja esitatud ohutusprotokolle ja juhiseid. Veenduge, et operaatorid on koolitatud TBM-i ja avatud TBM-i tugijala silindri ohutuks kasutamiseks. Kontrollige regulaarselt ohutusmehhanisme ja tehke soovituslikku hooldust, et tagada n\u00f5uetekohane toimimine.<\/li>\n<\/ul>\n<h2><strong>Kuidas h\u00fcdraulilisest silindrist \u00f5hku v\u00e4lja lasta?<\/strong><\/h2>\n<p>H\u00fcdrosilindri \u00f5hutamine on oluline hooldusprotseduur, mis tagab optimaalse j\u00f5udluse ja hoiab \u00e4ra sellised probleemid nagu eba\u00fchtlane v\u00f5i eba\u00fchtlane t\u00f6\u00f6. Siin on samm-sammult juhend h\u00fcdrosilindri \u00f5hutamiseks:<\/p>\n<ol>\n<li><strong>Ohutus ennek\u00f5ike:<\/strong> Enne hooldust\u00f6\u00f6de tegemist veenduge, et h\u00fcdros\u00fcsteem on r\u00f5huvaba ja seadmed on juhusliku liikumise v\u00e4ltimiseks kindlalt kinnitatud.<\/li>\n<li><strong>Tuvastage \u00f5hutusventiil:<\/strong> Leidke h\u00fcdrosilindrilt \u00f5hutusventiil. \u00d5hutusventiil on tavaliselt v\u00e4ike kruvi v\u00f5i ventiil, mis asub silindri korpusel v\u00f5i h\u00fcdraulika\u00fchenduste l\u00e4hedal.<\/li>\n<li><strong>Positsioneerimine:<\/strong> Liigutage balloon kohta, kus \u00f5hutusventiil on ligip\u00e4\u00e4setav ja asub ballooni k\u00f5rgeimas punktis. See paigutus v\u00f5imaldab l\u00f5ksus oleval \u00f5hul kergemini \u00fcles t\u00f5usta ja v\u00e4ljuda.<\/li>\n<li><strong>Avage \u00f5hutusventiil:<\/strong> Avage \u00f5hutusventiil ettevaatlikult sobiva mutriv\u00f5tme v\u00f5i t\u00f6\u00f6riista abil, keerates seda vastup\u00e4eva. Veenduge, et teil on olemas anum v\u00f5i sobiv vahend \u00f5hutuse ajal lekkiva h\u00fcdraulikavedeliku kogumiseks.<\/li>\n<li><strong>Laske \u00f5hul v\u00e4lja p\u00e4\u00e4seda:<\/strong> L\u00fckake silindrit aeglaselt h\u00fcdraulikas\u00fcsteemi juhtnuppude abil v\u00e4lja v\u00f5i sisse. See tegevus aitab silindris vedelikuvoolu luua ja soodustab l\u00f5ksus oleva \u00f5hu v\u00e4ljumist avatud \u00f5hutusventiili kaudu. J\u00e4tkake silindri k\u00e4itamist, kuni n\u00e4ete h\u00fcdraulikavedeliku \u00fchtlast voolu ilma \u00f5humullideta.<\/li>\n<li><strong>Sulgege \u00f5hutusventiil:<\/strong> Kui h\u00fcdraulikavedelik voolab sujuvalt ja \u00f5humulle pole enam n\u00e4ha, sulgege \u00f5hutusventiil, keerates seda p\u00e4rip\u00e4eva. Olge ettevaatlik, et ventiili \u00fcle ei pingutaks, et v\u00e4ltida keermete kahjustamist.<\/li>\n<li><strong>Kontrollige ja lisage vedelikku:<\/strong> Kontrollige h\u00fcdraulikavedeliku taset reservuaaris ja veenduge, et see oleks soovitatud tasemel. Vajadusel lisage h\u00fcdraulikavedelikku, et hoida \u00f5ige tase. \u00d5ige t\u00fc\u00fcbi ja h\u00fcdraulikavedeliku spetsifikatsioonide kohta vaadake seadme kasutusjuhendit.<\/li>\n<li><strong>Testoperatsioon:<\/strong> P\u00e4rast h\u00fcdrosilindri \u00f5hust vabastamist ja \u00f5ige vedelikutaseme tagamist testige seadme t\u00f6\u00f6d. Veenduge, et silinder t\u00f6\u00f6tab sujuvalt ja ilma igasuguse k\u00e4sna v\u00f5i ebakorrap\u00e4rasuseta.<\/li>\n<li><strong>Vajadusel korrake:<\/strong> M\u00f5nel juhul v\u00f5ivad kangekaelsed \u00f5humullid vajada mitut \u00f5hutusts\u00fcklit. Kui m\u00e4rkate endiselt \u00f5humullide olemasolu v\u00f5i eba\u00fchtlast t\u00f6\u00f6d, korrake \u00f5hutusprotsessi.<\/li>\n<\/ol>\n<h2><strong>Tehase v\u00f5imekus ja suutlikkus:<\/strong><\/h2>\n<h3>(1) Kokkupanek<\/h3>\n<p>Meil on esmaklassiline s\u00f5ltumatu teadus- ja arendustegevuse montaa\u017eiplatvorm. H\u00fcdrosilindrite tootmist\u00f6\u00f6kojas on neli poolautomaatset t\u00f5stesilindrite koosteliini ja \u00fcks automaatne kallutussilindrite koosteliin, mille kavandatud aastane tootmisv\u00f5imsus on 1 miljon t\u00fckki. Spetsiaalsete silindrite t\u00f6\u00f6koda on varustatud erinevate spetsifikatsioonidega poolautomaatse puhastusmontaa\u017eis\u00fcsteemiga, mille kavandatud aastane tootmisv\u00f5imsus on 200 000 ja mis on varustatud kuulsate CNC-t\u00f6\u00f6tlemisseadmete, mehaanilise t\u00f6\u00f6tlemise keskuse, suure t\u00e4psusega silindrite t\u00f6\u00f6tlemise eriseadmete, robotkeevitusmasina, automaatse puhastusmasina, automaatse silindri kokkupanemise masina ja automaatse v\u00e4rvimise tootmisliiniga. Olemasolevad kriitilised seadmed rohkem kui 300 komplekti (komplekti). Seadmete ressursside optimaalne jaotamine ja t\u00f5hus kasutamine tagavad toodete t\u00e4psusn\u00f5uded ja vastavad toodete kvaliteedin\u00f5uetele.<\/p>\n<p><img loading=\"lazy\" decoding=\"async\" class=\"alignnone wp-image-626\" src=\"https:\/\/hydraulic-cylinders.net\/wp-content\/uploads\/2023\/08\/hydraulic-cylinder-product-1-300x158.webp\" alt=\"\" width=\"495\" height=\"260\" srcset=\"https:\/\/hydraulic-cylinders.net\/wp-content\/uploads\/2023\/08\/hydraulic-cylinder-product-1-300x158.webp 495w, https:\/\/hydraulic-cylinders.net\/wp-content\/uploads\/2023\/08\/hydraulic-cylinder-product-1-480x252.webp 480w\" sizes=\"(min-width: 0px) and (max-width: 480px) 480px, (min-width: 481px) 495px, 100vw\" \/> <img loading=\"lazy\" decoding=\"async\" class=\"alignnone wp-image-627\" src=\"https:\/\/hydraulic-cylinders.net\/wp-content\/uploads\/2023\/08\/hydraulic-cylinder-product-2-300x189.webp\" alt=\"\" width=\"413\" height=\"260\" \/><\/p>\n<h3>(2) T\u00f6\u00f6tlemine<\/h3>\n<p>T\u00f6\u00f6deldav t\u00f6\u00f6koda on varustatud kohandatud kallutatud r\u00f6\u00f6pse treipingi keskuse, mehaanilise keskuse, kiire lihvimismasina, keevitusroboti ja muude seotud seadmetega, mis suudavad t\u00f6\u00f6delda silindritorusid, mille maksimaalne sisel\u00e4bim\u00f5\u00f5t on 400 mm ja maksimaalne pikkus on 6 meetrit.<\/p>\n<p><img loading=\"lazy\" decoding=\"async\" class=\"alignnone wp-image-628 size-large\" src=\"https:\/\/hydraulic-cylinders.net\/wp-content\/uploads\/2023\/08\/hydraulic-cylinder-product-3-1024x391.webp\" alt=\"\" width=\"1024\" height=\"391\" srcset=\"https:\/\/hydraulic-cylinders.net\/wp-content\/uploads\/2023\/08\/hydraulic-cylinder-product-3-980x374.webp 980w, https:\/\/hydraulic-cylinders.net\/wp-content\/uploads\/2023\/08\/hydraulic-cylinder-product-3-480x183.webp 480w\" sizes=\"(min-width: 0px) and (max-width: 480px) 480px, (min-width: 481px) and (max-width: 980px) 980px, (min-width: 981px) 1024px, 100vw\" \/><\/p>\n<h3>(3) Keevitamine<\/h3>\n<p><img loading=\"lazy\" decoding=\"async\" class=\"alignnone wp-image-629 size-large\" src=\"https:\/\/hydraulic-cylinders.net\/wp-content\/uploads\/2023\/08\/hydraulic-cylinder-product-4-1024x510.webp\" alt=\"\" width=\"1024\" height=\"510\" srcset=\"https:\/\/hydraulic-cylinders.net\/wp-content\/uploads\/2023\/08\/hydraulic-cylinder-product-4-980x488.webp 980w, https:\/\/hydraulic-cylinders.net\/wp-content\/uploads\/2023\/08\/hydraulic-cylinder-product-4-480x239.webp 480w\" sizes=\"(min-width: 0px) and (max-width: 480px) 480px, (min-width: 481px) and (max-width: 980px) 980px, (min-width: 981px) 1024px, 100vw\" \/><\/p>\n<h3>(4) V\u00e4rvimine ja katmine<\/h3>\n<p>V\u00e4ikese ja keskmise suurusega silindri automaatse veep\u00f5hise v\u00e4rvipinnakattega liinide abil, et saavutada automaatne robotlaadimine ja mahalaadimine ning automaatne pihustamine, projekteerimisv\u00f5imsus 4000 t\u00fckki vahetuse kohta;<br \/>\nMeil on ka poolautomaatne suurte balloonide v\u00e4rvimise tootmisliin, mis t\u00f6\u00f6tab j\u00f5ukettaga ja mille projekteerimisv\u00f5imsus on 60 kasti \u00fche vahetuse kohta.<\/p>\n<p><img loading=\"lazy\" decoding=\"async\" class=\"alignnone wp-image-630\" src=\"https:\/\/hydraulic-cylinders.net\/wp-content\/uploads\/2023\/08\/hydraulic-cylinder-product-5-300x213.webp\" alt=\"\" width=\"366\" height=\"260\" \/> <img loading=\"lazy\" decoding=\"async\" class=\"alignnone wp-image-631\" src=\"https:\/\/hydraulic-cylinders.net\/wp-content\/uploads\/2023\/08\/hydraulic-cylinder-product-6-300x225.webp\" alt=\"\" width=\"347\" height=\"260\" \/><\/p>\n<h3>(5) Testimine<\/h3>\n<p>Meil on esmaklassilised kontrolliseadmed ja katsestendid, et tagada silindri j\u00f5udlus vastavus n\u00f5uetele.<\/p>\n<p><img loading=\"lazy\" decoding=\"async\" class=\"alignnone wp-image-632\" src=\"https:\/\/hydraulic-cylinders.net\/wp-content\/uploads\/2023\/08\/hydraulic-cylinder-product-8-300x200.webp\" alt=\"\" width=\"389\" height=\"260\" \/><\/p>\n<p>&nbsp;<\/p>\n<p>&nbsp;<\/p>\n<p>Oleme \u00fcks parimaid h\u00fcdrosilindrite tootjaid. Pakume laia valikut h\u00fcdrosilindreid. Pakume ka vastavaid... <a href=\"https:\/\/hzpt.com\/agricultural-pto-gearbox\/\" target=\"_blank\" rel=\"noopener\">p\u00f5llumajanduslikud k\u00e4igukastid<\/a>. Oleme eksportinud oma tooteid klientidele \u00fcle maailma ja teeninud hea maine t\u00e4nu meie suurep\u00e4rasele tootekvaliteedile ja m\u00fc\u00fcgij\u00e4rgsele teenindusele. Me tervitame kliente kodus ja v\u00e4lismaal, et v\u00f5tta meiega \u00fchendust, et pidada l\u00e4bir\u00e4\u00e4kimisi \u00e4ri, vahetada teavet ja <a href=\"https:\/\/www.hydraulic-cylinders.net\/et\/contact-us\/\">teha meiega koost\u00f6\u00f6d<\/a>!<\/p>\n<p>&nbsp;<\/p>","protected":false},"excerpt":{"rendered":"<p>Open TBM Support Shoe Cylinder The open tbm support shoe cylinder is a state-of-the-art hydraulic component designed to enhance the stability and performance of tunnel boring machines (tbms). This specialized cylinder supports the tbm&#8217;s cutting head during excavation, ensuring precise control, increased efficiency, and improved safety. This comprehensive article will explore the key characteristics, usage [&hellip;]<\/p>","protected":false},"featured_media":1895,"comment_status":"open","ping_status":"closed","template":"","meta":{"_et_pb_use_builder":"","_et_pb_old_content":"","_et_gb_content_width":""},"product_brand":[],"product_cat":[1519,1549],"product_tag":[1380],"class_list":{"0":"post-1893","1":"product","2":"type-product","3":"status-publish","4":"has-post-thumbnail","6":"product_cat-shield-machine-hydraulic-cylinders","7":"product_cat-single-acting-hydraulic-cylinder","8":"product_tag-hydraulic-cylinder","10":"first","11":"instock","12":"shipping-taxable","13":"product-type-simple"},"amp_enabled":true,"_links":{"self":[{"href":"https:\/\/www.hydraulic-cylinders.net\/et\/wp-json\/wp\/v2\/product\/1893","targetHints":{"allow":["GET"]}}],"collection":[{"href":"https:\/\/www.hydraulic-cylinders.net\/et\/wp-json\/wp\/v2\/product"}],"about":[{"href":"https:\/\/www.hydraulic-cylinders.net\/et\/wp-json\/wp\/v2\/types\/product"}],"replies":[{"embeddable":true,"href":"https:\/\/www.hydraulic-cylinders.net\/et\/wp-json\/wp\/v2\/comments?post=1893"}],"wp:featuredmedia":[{"embeddable":true,"href":"https:\/\/www.hydraulic-cylinders.net\/et\/wp-json\/wp\/v2\/media\/1895"}],"wp:attachment":[{"href":"https:\/\/www.hydraulic-cylinders.net\/et\/wp-json\/wp\/v2\/media?parent=1893"}],"wp:term":[{"taxonomy":"product_brand","embeddable":true,"href":"https:\/\/www.hydraulic-cylinders.net\/et\/wp-json\/wp\/v2\/product_brand?post=1893"},{"taxonomy":"product_cat","embeddable":true,"href":"https:\/\/www.hydraulic-cylinders.net\/et\/wp-json\/wp\/v2\/product_cat?post=1893"},{"taxonomy":"product_tag","embeddable":true,"href":"https:\/\/www.hydraulic-cylinders.net\/et\/wp-json\/wp\/v2\/product_tag?post=1893"}],"curies":[{"name":"wp","href":"https:\/\/api.w.org\/{rel}","templated":true}]}}