{"id":18930,"date":"2025-04-07T06:02:45","date_gmt":"2025-04-07T06:02:45","guid":{"rendered":"https:\/\/www.hydraulic-cylinders.net\/product\/boom-cylinder-for-caterpillar-small-excavator-e120-120b\/"},"modified":"2025-04-07T06:02:47","modified_gmt":"2025-04-07T06:02:47","slug":"boom-cylinder-for-caterpillar-small-excavator-e120-120b","status":"publish","type":"product","link":"https:\/\/www.hydraulic-cylinders.net\/et\/toode\/boom-cylinder-for-caterpillar-small-excavator-e120-120b\/","title":{"rendered":"Caterpillar v\u00e4ikeekskavaatori E120\/120B poomi silinder"},"content":{"rendered":"<h1>Caterpillar v\u00e4ikeekskavaatori E120\/120B poomi silinder<\/h1>\n<h2>Poomi silindri \u00fclevaade<\/h2>\n<p>Noole silinder on rasketehnika h\u00fcdros\u00fcsteemi oluline komponent, eriti ekskavaatorites nagu Caterpillar E120\/120B. See h\u00fcdrosilinder on spetsiaalselt loodud kopa liikumise juhtimiseks, v\u00f5imaldades sellel t\u00f5sta, langetada ja kallutada, mist\u00f5ttu on see materjalide k\u00e4itlemisel h\u00e4davajalik. Kopa silinder toimib kaevamise, laadimise ja erinevate materjalide transportimise liikumapaneva j\u00f5una, suurendades ehitus- ja kaevet\u00f6\u00f6de t\u00f5husust ja tootlikkust.<\/p>\n<p><img decoding=\"async\" src=\"https:\/\/www.hydraulic-cylinders.net\/wp-content\/uploads\/2025\/04\/songte-company-1.webp\" alt=\"Ekskavaatori poomi silinder\" \/><\/p>\n<h3>Poomi silindri p\u00f5hijooned<\/h3>\n<ul>\n<li><strong>Suur tugevus ja vastupidavus:<\/strong> K\u00f5rgtugevast terasest v\u00f5i alumiiniumist valmistatud poomi silinder talub k\u00f5rget r\u00f5hku ja suuri koormusi, mist\u00f5ttu sobib see karmideks t\u00f6\u00f6keskkondadeks.<\/li>\n<li><strong>T\u00f5hus h\u00fcdrauliline t\u00f6\u00f6:<\/strong> H\u00fcdraulilise \u00f5li r\u00f5hu abil pakub silinder sujuvat pikenemist ja tagasit\u00f5mbumist, reageerides kiiresti t\u00f6\u00f6k\u00e4sklustele ning pakkudes tugevat t\u00f5uke- ja t\u00f5mbej\u00f5udu.<\/li>\n<li><strong>Erinevad t\u00fc\u00fcbid:<\/strong> Saadaval \u00fchetoimelise (\u00fches suunas t\u00f6\u00f6tava) v\u00f5i kahetoimelise (m\u00f5lemas suunas t\u00f6\u00f6tava) konstruktsioonina, m\u00f5nel mudelil on teleskoopkonstruktsioon suuremaks pikendamiseks ilma v\u00e4lism\u00f5\u00f5tmeid suurendamata, mis sobib ideaalselt kitsastesse ruumidesse.<\/li>\n<\/ul>\n<h2>Poomi silindri rakendused<\/h2>\n<h3>Ehitustehnika<\/h3>\n<p>Ehitusmasinates on noolesilindrid ekskavaatorite lahutamatu osa, v\u00f5imaldades neil t\u00e4ita olulisi funktsioone, nagu kaevamine, laadimine ja pinnase v\u00f5i prahi teisaldamine. See h\u00fcdrauliline komponent v\u00f5imaldab kopal t\u00f5husalt pinnasesse tungida, suurendades ekskavaatori t\u00f6\u00f6v\u00f5imet.<\/p>\n<h3>P\u00f5llumajandustehnika<\/h3>\n<p>P\u00f5llumajandusmasinates kasutatakse esilaadurites noolesilindreid, mis h\u00f5lbustavad materjalide, n\u00e4iteks pinnase, heina ja muude kaupade, kopa t\u00f5stmist, t\u00f5stmist ja transportimist. Nende usaldusv\u00e4\u00e4rne h\u00fcdrauliline j\u00f5udlus muudab need mitmesuguste p\u00f5llumajandust\u00f6\u00f6de jaoks asendamatuks.<\/p>\n<h3>Ekskavaatorid<\/h3>\n<p>Ekskavaatorites m\u00e4ngib noole silinder olulist rolli, v\u00f5imaldades kopal pinnasesse tungida, mis on kaevet\u00f6\u00f6de puhul \u00fclioluline. Selle h\u00fcdraulilise komponendi efektiivsus m\u00f5jutab otseselt pinnase k\u00e4itlemise kiirust ja efektiivsust.<\/p>\n<h3>Laadurid<\/h3>\n<p>Esilaaduritel aitavad noolesilindrid koormaid t\u00f5husalt t\u00f5sta ja t\u00fchjendada. Nende vastupidav konstruktsioon ja usaldusv\u00e4\u00e4rne h\u00fcdrauliline t\u00f6\u00f6 muudavad need h\u00e4davajalikuks suurte materjalimahtude kiireks ja t\u00f5husaks k\u00e4itlemiseks, aidates kaasa projektide kiiremale l\u00f5puleviimisele.<\/p>\n<h2>Projekteerimiskaalutlused ja valikukriteeriumid<\/h2>\n<h3>Kandev\u00f5ime<\/h3>\n<p>Kandev\u00f5ime on poomi silindri valimisel kriitilise t\u00e4htsusega kaalutlus. See peab suutma kanda ekskavaatori maksimaalset t\u00f5stetavat raskust, ilma et see ohustaks ohutust v\u00f5i j\u00f5udlust. Insenerid peavad anal\u00fc\u00fcsima t\u00f6\u00f6n\u00f5udeid ja valima piisava tugevusega silindrid.<\/p>\n<h3>Tihendusv\u00f5ime<\/h3>\n<p>Tihendusv\u00f5ime on \u00fclioluline, et tagada h\u00fcdraulika\u00f5li lekke v\u00e4ltimine r\u00f5hu all. Kvaliteetsed tihendid on vajalikud s\u00fcsteemi terviklikkuse ja t\u00f5hususe s\u00e4ilitamiseks, saastumise v\u00e4ltimiseks ja sujuva t\u00f6\u00f6 tagamiseks pikas perspektiivis.<\/p>\n<h3>Vastupidavus<\/h3>\n<p>Poomi silindrite vastupidavus on oluline, kuna need puutuvad kokku karmide tingimustega. Nende valmistamisel kasutatud materjalid peavad olema kulumis- ja korrosioonikindlad, tagades pikaajalise j\u00f5udluse ja minimeerides hooldusvajadust.<\/p>\n<h3>Ohutusstandardid<\/h3>\n<p>Ohutus on h\u00fcdraulikas\u00fcsteemide puhul esmat\u00e4htis. Poomi silindrid peavad vastama rangetele ohutusstandarditele, et kaitsta operaatoreid ja masinaid v\u00f5imalike rikete eest. Regulaarsed kontrollid ja ohutusprotokollide j\u00e4rgimine on t\u00f6\u00f6ohutuse s\u00e4ilitamiseks \u00fcliolulised.<\/p>\n<h3>Kasutusk\u00f5lblikkus<\/h3>\n<p>Hooldatavus viitab sellele, kui lihtsalt on v\u00f5imalik poomi silindrit hooldada v\u00f5i parandada. Konstruktsioonid, mis v\u00f5imaldavad komponentidele h\u00f5lpsat juurdep\u00e4\u00e4su, h\u00f5lbustavad rutiinset hooldust, v\u00e4hendavad seisakuid ja pikendavad h\u00fcdraulikas\u00fcsteemi eluiga.<\/p>\n<p><img decoding=\"async\" src=\"https:\/\/www.hydraulic-cylinders.net\/wp-content\/uploads\/2025\/04\/songte-oil-pipes-and-spare-parts.webp\" alt=\"H\u00fcdrauliliste silindrite komponendid\" \/><\/p>\n<h2>Tihendus ja m\u00e4\u00e4rimine<\/h2>\n<p>H\u00fcdrauliliste silindrite sujuva t\u00f6\u00f6 tagamiseks on oluline t\u00f5hus tihendamine ja m\u00e4\u00e4rimine. Lekete v\u00e4ltimiseks on \u00fcliolulised mitmesugused tihenduskomponendid, n\u00e4iteks kolvitihendid ja vardatihendid. Need tihendid on kulumise v\u00e4ltimiseks tavaliselt valmistatud vastupidavatest materjalidest, nagu pol\u00fcuretaan ja nitriilkummi. Silindri korpus ja keermestatud otsapinnad vajavad kulumiskindluse suurendamiseks t\u00e4pset t\u00f6\u00f6tlemist. Lisaks tagab regulaarne h\u00fcdraulika\u00f5liga m\u00e4\u00e4rimine sujuva liikumise ja v\u00e4hendab komponentide vahelist h\u00f5\u00f5rdumist, pikendades l\u00f5ppkokkuv\u00f5ttes silindri eluiga.<\/p>\n<h2>Ennetavad hooldusmeetmed<\/h2>\n<ul>\n<li><strong>Regulaarsed kontrollid:<\/strong> Tehke p\u00f5hjalik kontroll, et tuvastada kulumis- v\u00f5i kahjustuste m\u00e4rke. See h\u00f5lmab lekete kontrollimist ja k\u00f5igi tihendite tervena hoidmise veendumist.<\/li>\n<li><strong>M\u00e4\u00e4rimine:<\/strong> Veenduge, et h\u00fcdraulika\u00f5li tase on \u00f5ige ja et s\u00fcsteemi m\u00e4\u00e4ritakse regulaarselt, et v\u00e4ltida kulumist ja \u00fclekuumenemist.<\/li>\n<li><strong>Tihendi vahetamine:<\/strong> Optimaalse j\u00f5udluse s\u00e4ilitamiseks ja lekete v\u00e4ltimiseks vahetage tihendeid vastavalt vajadusele. Regulaarsed hoolduskontrollid peaksid seda \u00fclesannet h\u00f5lmama.<\/li>\n<\/ul>\n<h2>Paigaldusjuhised<\/h2>\n<p>Poomi silindri \u00f5ige paigaldamine on selle toimivuse seisukohalt kriitilise t\u00e4htsusega. Alustage veendumaks, et k\u00f5ik komponendid on puhtad ja prahist vabad. Joondage silinder ekskavaatori kinnituspunktidega, kasutades selle kinnitamiseks sobivaid kinnitusklambreid. Oluline on j\u00e4rgida tootja spetsifikatsioone p\u00f6\u00f6rdemomendi s\u00e4tete ja joondamise kohta, et v\u00e4ltida joondamise valesti seadistamist, mis v\u00f5ib p\u00f5hjustada enneaegset kulumist. Enne masina kasutamist kontrollige k\u00f5igi h\u00fcdraulika\u00fchenduste tihedust ja veenduge, et h\u00fcdraulika\u00f5li oleks \u00f5ige tasemeni t\u00e4idetud. L\u00f5puks tehke proovis\u00f5it, et veenduda silindri sujuvas t\u00f6\u00f6s ilma lekete v\u00f5i probleemideta.<\/p>\n<h2>Levinumad hooldust\u00f6\u00f6d<\/h2>\n<ul>\n<li><strong>Regulaarsed kontrollid:<\/strong> On \u00fclioluline regulaarselt kontrollida noole silindrit kulumise v\u00f5i kahjustuste suhtes. Otsige lekkeid ja veenduge, et tihendid toimivad korralikult. See \u00fclesanne on oluline t\u00f5sisemate probleemide tekkimise v\u00e4ltimiseks.<\/li>\n<li><strong>\u00d5ige m\u00e4\u00e4rimine:<\/strong> Tagage piisav m\u00e4\u00e4rimine, kontrollides h\u00fcdraulika\u00f5li taset ja lisades \u00f5li vastavalt vajadusele. N\u00f5uetekohane m\u00e4\u00e4rimine v\u00e4hendab h\u00f5\u00f5rdumist ja kulumist, pikendades h\u00fcdraulikakomponentide eluiga.<\/li>\n<li><strong>Tihendi vahetamine:<\/strong> Silindri terviklikkuse s\u00e4ilitamiseks vahetage regulaarselt kulunud v\u00f5i kahjustatud tihendeid. Aja jooksul v\u00f5ivad tihendid laguneda, p\u00f5hjustades lekkeid, mis halvendavad j\u00f5udlust.<\/li>\n<\/ul>\n<p><img decoding=\"async\" src=\"https:\/\/www.hydraulic-cylinders.net\/wp-content\/uploads\/2025\/04\/songte-chushion-collar.webp\" alt=\"H\u00fcdraulilise silindri paigaldamine\" \/><\/p>\n<h2>Ohutuskaalutlused ja keskkonnategurid<\/h2>\n<p>Poomisilindrite kasutamisel on oluline j\u00e4rgida ohutusmeetmeid, et kaitsta nii operaatoreid kui ka keskkonda. N\u00f5uetekohane koolitus t\u00f6\u00f6protseduuride ja ohutusprotokollide kohta minimeerib h\u00fcdraulikas\u00fcsteemidega seotud riske. Lisaks aitab seadmete regulaarne hooldus v\u00e4ltida lekkeid, mis v\u00f5ivad keskkonda kahjustada. Lekke ohjeldamise meetmete rakendamine hoolduse ajal aitab veelgi kaitsta v\u00f5imalike keskkonnam\u00f5jude eest.<\/p>\n<h2>Rikete diagnoosimine ja levinud probleemid<\/h2>\n<ul>\n<li><strong>Leke:<\/strong> \u00dcks levinumaid probleeme on h\u00fcdraulikavedeliku leke, mille p\u00f5hjuseks on sageli kulunud tihendid v\u00f5i kahjustatud \u00fchendused. Regulaarsed kontrollid aitavad lekkeid kiiresti tuvastada ja k\u00f5rvaldada.<\/li>\n<li><strong>Halb j\u00f5udlus:<\/strong> Kui silinder ei ulatu v\u00e4lja ega t\u00f5mbu sisse sujuvalt, v\u00f5ib see viidata madalale h\u00fcdraulikavedeliku tasemele v\u00f5i s\u00fcsteemis olevale \u00f5hule, mis n\u00f5uab n\u00f5uetekohase toimimise taastamiseks \u00f5hutamist.<\/li>\n<li><strong>\u00dclekuumenemine:<\/strong> \u00dclekuumenemine v\u00f5ib tekkida liigse t\u00f6\u00f6koormuse v\u00f5i ebapiisava m\u00e4\u00e4rimise t\u00f5ttu, mist\u00f5ttu on vaja \u00fcle vaadata t\u00f6\u00f6tingimused ja m\u00e4\u00e4rimistavad.<\/li>\n<\/ul>\n<p>Nende probleemide t\u00f5husaks t\u00f5rkeotsinguks peaksid operaatorid regulaarselt hoolduskontrolle tegema, toimivusn\u00e4itajate logi pidama ja k\u00f5ik k\u00f5rvalekalded koheselt k\u00f5rvaldama, et v\u00e4ltida suuremate probleemide tekkimist.<\/p>\n<p><img decoding=\"async\" src=\"https:\/\/www.hydraulic-cylinders.net\/wp-content\/uploads\/2025\/04\/songte-bushings-with-all-kinds-of-excavator-models.webp\" alt=\"H\u00fcdrauliliste silindrite osad\" \/><\/p>\n<h2>Ettev\u00f5tte \u00fclevaade<\/h2>\n<p>Oleme juhtiv h\u00fcdrosilindrite tootja, mis on spetsialiseerunud kvaliteetsete asendusv\u00f5imaluste tootmisele mitmesuguste rakenduste jaoks. Meie ulatuslik tootevalik ja p\u00fchendumus tipptasemele on teinud meist \u00fche juhtiva h\u00fcdrosilindrite tootja ja hulgim\u00fc\u00fcja nii sise- kui ka rahvusvahelistel turgudel. J\u00e4rgime t\u00e4pse tootmise juhtimise strateegiat, kasutades oma tootmisv\u00f5imaluste suurendamiseks t\u00e4iustatud tehnoloogiat, oskuslikke spetsialiste ja digitaalseid tipptasemel tootmisseadmeid.<\/p>\n<p>Meie keskendumine kvaliteedikontrollile ilmneb meie keerukates testimiss\u00fcsteemides, mis tagavad iga toote vastavuse rangetele standarditele. P\u00fchendudes t\u00f5hususele, t\u00e4psusele ja k\u00f5rgetele kvaliteedip\u00f5him\u00f5tetele, p\u00fc\u00fcame rahuldada oma klientide mitmekesiseid vajadusi kohandatud teenuste, professionaalse toe ja ulatusliku j\u00e4relturu teeninduse kaudu.<\/p>\n<p><img decoding=\"async\" src=\"https:\/\/www.hydraulic-cylinders.net\/wp-content\/uploads\/2025\/04\/songte-company-4.webp\" alt=\"Meie ettev\u00f5te\" \/><br \/>\n<img decoding=\"async\" src=\"https:\/\/www.hydraulic-cylinders.net\/wp-content\/uploads\/2025\/04\/songte-company-3.webp\" alt=\"Meie rajatised\" \/><\/p>\n<p>Autor: lyl<\/p>","protected":false},"excerpt":{"rendered":"<p>Boom Cylinder For Caterpillar Small Excavator E120\/120B Overview of Boom Cylinder The Boom Cylinder is a crucial component in the hydraulic system of heavy machinery, particularly in excavators like the Caterpillar E120\/120B. This hydraulic cylinder is specifically designed to control the movement of the bucket, allowing it to lift, lower, and tilt, making it essential [&hellip;]<\/p>","protected":false},"featured_media":17872,"comment_status":"open","ping_status":"closed","template":"","meta":{"_et_pb_use_builder":"","_et_pb_old_content":"","_et_gb_content_width":""},"product_brand":[],"product_cat":[1546],"product_tag":[1547,1496],"class_list":{"0":"post-18930","1":"product","2":"type-product","3":"status-publish","4":"has-post-thumbnail","6":"product_cat-boom-cylinders","7":"product_tag-boom-cylinders","8":"product_tag-hydraulic-cylinders","10":"first","11":"instock","12":"shipping-taxable","13":"product-type-simple"},"amp_enabled":true,"_links":{"self":[{"href":"https:\/\/www.hydraulic-cylinders.net\/et\/wp-json\/wp\/v2\/product\/18930","targetHints":{"allow":["GET"]}}],"collection":[{"href":"https:\/\/www.hydraulic-cylinders.net\/et\/wp-json\/wp\/v2\/product"}],"about":[{"href":"https:\/\/www.hydraulic-cylinders.net\/et\/wp-json\/wp\/v2\/types\/product"}],"replies":[{"embeddable":true,"href":"https:\/\/www.hydraulic-cylinders.net\/et\/wp-json\/wp\/v2\/comments?post=18930"}],"wp:featuredmedia":[{"embeddable":true,"href":"https:\/\/www.hydraulic-cylinders.net\/et\/wp-json\/wp\/v2\/media\/17872"}],"wp:attachment":[{"href":"https:\/\/www.hydraulic-cylinders.net\/et\/wp-json\/wp\/v2\/media?parent=18930"}],"wp:term":[{"taxonomy":"product_brand","embeddable":true,"href":"https:\/\/www.hydraulic-cylinders.net\/et\/wp-json\/wp\/v2\/product_brand?post=18930"},{"taxonomy":"product_cat","embeddable":true,"href":"https:\/\/www.hydraulic-cylinders.net\/et\/wp-json\/wp\/v2\/product_cat?post=18930"},{"taxonomy":"product_tag","embeddable":true,"href":"https:\/\/www.hydraulic-cylinders.net\/et\/wp-json\/wp\/v2\/product_tag?post=18930"}],"curies":[{"name":"wp","href":"https:\/\/api.w.org\/{rel}","templated":true}]}}