{"id":18932,"date":"2025-04-07T06:02:50","date_gmt":"2025-04-07T06:02:50","guid":{"rendered":"https:\/\/www.hydraulic-cylinders.net\/product\/boom-cylinder-for-caterpillar-small-excavator-e304ecr\/"},"modified":"2025-04-07T06:02:53","modified_gmt":"2025-04-07T06:02:53","slug":"boom-cylinder-for-caterpillar-small-excavator-e304ecr","status":"publish","type":"product","link":"https:\/\/www.hydraulic-cylinders.net\/et\/toode\/boom-cylinder-for-caterpillar-small-excavator-e304ecr\/","title":{"rendered":"Caterpillar v\u00e4ikese ekskavaatori E304ECR poomi silinder"},"content":{"rendered":"<h1>Caterpillar v\u00e4ikese ekskavaatori E304ECR poomi silinder<\/h1>\n<h2>Poomi silindri \u00fclevaade<\/h2>\n<p>Noole silinder on paljude rasketehnika rakenduste, eriti ekskavaatorite, n\u00e4iteks Caterpillar Small Excavator E304ECR, oluline komponent. H\u00fcdraulilistes s\u00fcsteemides on kopa silinder konstrueeritud kopa liikumise juhtimiseks, v\u00f5imaldades sellel t\u00f5sta, langetada ja kallutada. See funktsioon on oluline t\u00f5husate materjalik\u00e4itlust\u00f6\u00f6de jaoks, v\u00f5imaldades operaatoritel t\u00f5husalt kaevata, laadida ja transportida pinnast ja prahti. Kopa silindrid on spetsiaalselt selleks otstarbeks loodud h\u00fcdraulilised silindrid, mis pakuvad vajalikku j\u00f5udu erinevate toimingute tegemiseks. Neil on oluline roll tootlikkuse ja j\u00f5udluse suurendamisel ehituses ja muudes rasketes t\u00f6\u00f6des.<\/p>\n<p><img decoding=\"async\" src=\"https:\/\/www.hydraulic-cylinders.net\/wp-content\/uploads\/2025\/04\/songte-company-1.webp\" alt=\"Ekskavaatorite poomi silinder\" \/><\/p>\n<h2>Toote p\u00f5hijooned<\/h2>\n<ul>\n<li><strong>Suur tugevus ja vastupidavus:<\/strong> K\u00f5rgtugevast terasest v\u00f5i alumiiniumist valmistatud poomi silinder on loodud taluma k\u00f5rget r\u00f5hku ja suuri koormusi, mist\u00f5ttu sobib see karmidesse t\u00f6\u00f6keskkondadesse. Selle disain sisaldab kulumiskindlaid ja korrosioonikindlaid omadusi, et pikendada selle kasutusiga.<\/li>\n<li><strong>T\u00f5hus h\u00fcdrauliline t\u00f6\u00f6:<\/strong> Silinder kasutab sujuva pikenemise ja tagasit\u00f5mbamise saavutamiseks h\u00fcdraulika\u00f5li r\u00f5hku, mis v\u00f5imaldab kiiret reageerimist operaatori k\u00e4skudele ning pakub v\u00f5imsaid t\u00f5uke- ja t\u00f5mbev\u00f5imeid, mis sobivad ideaalselt raskete materjalide ja keerukate \u00fclesannete k\u00e4sitsemiseks.<\/li>\n<li><strong>T\u00fc\u00fcpide mitmekesisus:<\/strong> Saadaval \u00fchetoimelise (\u00fches suunas t\u00f6\u00f6tava) ja kahetoimelise (m\u00f5lemas suunas t\u00f6\u00f6tava) konstruktsioonina saab poomi silindri valida vastavalt konkreetsetele t\u00f6\u00f6vajadustele. M\u00f5nedel mudelitel on teleskoopkonstruktsioonid, mis v\u00f5imaldavad suuremat pikendust ilma v\u00e4lism\u00f5\u00f5tmeid suurendamata, mist\u00f5ttu sobivad need ideaalselt ruumikitsastesse rakendustesse.<\/li>\n<li><strong>T\u00e4ppistehnika:<\/strong> Iga poomi silinder on konstrueeritud vastama rangetele kvaliteedistandarditele, tagades t\u00f6\u00f6kindluse ja j\u00e4rjepideva j\u00f5udluse erinevates tingimustes.<\/li>\n<li><strong>Kohandatud tootmine:<\/strong> Meie ettev\u00f5te on spetsialiseerunud kvaliteetsete poomisilindrite tootmisele, mis sobivad ideaalselt olemasolevate h\u00fcdrauliliste silindrite asendamiseks ja on kohandatud vastavalt kliendi spetsifikatsioonidele.<\/li>\n<\/ul>\n<p><img decoding=\"async\" src=\"https:\/\/www.hydraulic-cylinders.net\/wp-content\/uploads\/2025\/04\/songte-cylinder-head-with-all-kinds-excavator-models.webp\" alt=\"Ekskavaatori mudelid\" \/><\/p>\n<h2>Rakendusstsenaariumid<\/h2>\n<h3>Ehitustehnika<\/h3>\n<p>Ekskavaatorites on noolesilindrid \u00fcliolulised kaevamiseks, laadimiseks ja pinnase v\u00f5i prahi teisaldamiseks. Need v\u00f5imaldavad kopal t\u00f5husalt pinnasesse tungida, muutes kaevamist\u00f6\u00f6d t\u00f5husamaks. Ekskavaatoritel abistab noolesilinder nii kaevamisel kui ka t\u00f5stmisel, tagades mitmek\u00fclgsuse ehitust\u00f6\u00f6del.<\/p>\n<h3>P\u00f5llumajandustehnika<\/h3>\n<p>Esilaaduritel kasutatakse noolesilindreid mulla, heina ja muude materjalide kopeerimiseks, t\u00f5stmiseks ja transportimiseks. Nende efektiivsus raskete koormate t\u00f5stmisel muudab need p\u00f5llumajandust\u00f6\u00f6des asendamatuks, parandades tootlikkust ja v\u00e4hendades k\u00e4sitsi t\u00f6\u00f6d.<\/p>\n<h3>Kaevet\u00f6\u00f6d<\/h3>\n<p>Ekskavaatorites h\u00f5lbustab kopa silinder kaevamist, v\u00f5imaldades kopal tungida pinnasesse ja seda purustada, mis parandab oluliselt kaevamisprotsessi. See on \u00fclioluline mitmesuguste projektide, sealhulgas haljastuse, vundamendi kaevamise ja kraavide rajamise puhul.<\/p>\n<h3>Laadija rakendused<\/h3>\n<p>Esilaaduritel aitavad noolesilindrid koormaid t\u00f5husalt t\u00f5sta ja t\u00fchjendada. Nende vastupidav konstruktsioon tagab materjalide transportimisel usaldusv\u00e4\u00e4rse j\u00f5udluse, muutes need h\u00e4davajalikuks laiaulatuslike laadimist\u00f6\u00f6de jaoks.<\/p>\n<h2>Projekteerimiskaalutlused ja valikukriteeriumid<\/h2>\n<h3>Kandev\u00f5ime<\/h3>\n<p>Poomi silindri valimisel on kandev\u00f5ime \u00fclioluline. Konstruktsioon peab vastu pidama t\u00f5stetavale v\u00f5i liigutatavale maksimaalsele raskusele. Tootjad esitavad sageli \u00fcksikasjalikud spetsifikatsioonid, et tagada valitud silindri vastavus t\u00f6\u00f6n\u00f5uetele.<\/p>\n<h3>Tihendus ja vastupidavus<\/h3>\n<p>T\u00f5hus tihendamine on h\u00fcdraulilise r\u00f5hu s\u00e4ilitamiseks ja lekete v\u00e4ltimiseks \u00fclioluline. Kvaliteetsed tihendid, n\u00e4iteks vastupidavatest materjalidest (nt pol\u00fcuretaan, nitriilkummi) valmistatud kolvi- ja varrastihendid, suurendavad silindri pikaealisust ja efektiivsust. Tihendite tervena p\u00fcsimise tagamiseks on vaja regulaarseid hoolduskontrolle.<\/p>\n<h3>Turvaelemendid<\/h3>\n<p>Ohutus peaks olema projekteerimisel esmat\u00e4htis. Poomi silindritel peaksid olema \u00f5nnetuste v\u00e4ltimiseks rikkekaitsed ja \u00fcler\u00f5huventiilid. N\u00f5uetekohased ohutusmeetmed kaitsevad nii seadmeid kui ka operaatoreid t\u00f6\u00f6tamise ajal.<\/p>\n<h3>Hoolduse ligip\u00e4\u00e4setavus<\/h3>\n<p>H\u00e4sti disainitud noole silinder peaks v\u00f5imaldama h\u00f5lpsat hooldust ja remonti. See h\u00f5lmab funktsioone, mis h\u00f5lbustavad juurdep\u00e4\u00e4su olulistele komponentidele kontrollimiseks ja hooldamiseks, tagades seisakuaja minimeerimise ja t\u00f6\u00f6kindluse maksimeerimise.<\/p>\n<p><img decoding=\"async\" src=\"https:\/\/www.hydraulic-cylinders.net\/wp-content\/uploads\/2025\/04\/songte-oil-pipes-and-spare-parts.webp\" alt=\"H\u00fcdraulilised komponendid\" \/><\/p>\n<h2>Tihendus ja m\u00e4\u00e4rimine<\/h2>\n<p>T\u00f5hus tihendamine ja m\u00e4\u00e4rimine on poomi silindrite j\u00f5udluse ja pikaealisuse seisukohalt kriitilise t\u00e4htsusega. H\u00fcdraulilise vedeliku lekke v\u00e4ltimiseks kasutatakse mitmesuguseid tihenduskomponente, n\u00e4iteks kolvitihendeid ja vardatihendeid. Need tihendid on tavaliselt valmistatud kulumiskindlatest materjalidest, nagu pol\u00fcuretaan ja nitriilkummi, tagades nende vastupidavuse karmidele t\u00f6\u00f6tingimustele. Lisaks sellele t\u00f6\u00f6deldakse silindri korpust ja keermestatud otsasid t\u00e4pselt, et parandada kulumiskindlust.<\/p>\n<p>Regulaarne m\u00e4\u00e4rimine h\u00fcdraulika\u00f5liga on sujuva t\u00f6\u00f6 s\u00e4ilitamiseks h\u00e4davajalik. Operaatorid peaksid tagama, et perioodiliselt pritsitakse sisse piisav kogus h\u00fcdraulika\u00f5li, mis tagab silindrite tihendite optimaalse toimimise ja hoiab \u00e4ra kulumise aja jooksul.<\/p>\n<h2>Regulaarne kontroll ja ennetav hooldus<\/h2>\n<ul>\n<li><strong>Rutiinsed kontrollid:<\/strong> Planeerige regulaarseid kontrolle lekete, kulumise ja muude kahjustuste avastamiseks. Probleemide varajane lahendamine aitab v\u00e4ltida kulukaid remondit\u00f6id ja seisakuid.<\/li>\n<li><strong>Sobiv m\u00e4\u00e4rimine:<\/strong> Silindri j\u00f5udluse s\u00e4ilitamiseks ja \u00fclekuumenemise v\u00e4ltimiseks veenduge, et m\u00e4\u00e4rimist tehakse soovitatud intervallidega.<\/li>\n<li><strong>Tihendi vahetamine:<\/strong> J\u00e4lgige tihendite terviklikkust ja vahetage need vastavalt vajadusele, et tagada optimaalne t\u00f6\u00f6 ja v\u00e4ltida h\u00fcdraulilise vedeliku kadu.<\/li>\n<\/ul>\n<h2>N\u00f5uetekohased paigaldusjuhised<\/h2>\n<p>Poomi silindri edukaks paigaldamiseks j\u00e4rgige neid juhiseid:<\/p>\n<p>1. Veenduge, et silinder oleks kinnitusklambritega \u00f5igesti joondatud, et v\u00e4ltida eba\u00fchtlast pinget t\u00f6\u00f6tamise ajal.<\/p>\n<p>2. Kasutage silindri kindlale kinnitamiseks sobivaid kinnitustugesid, mis aitavad t\u00f6\u00f6 ajal stabiilsust s\u00e4ilitada.<\/p>\n<p>3. Kinnitusdetailide \u00fcle- v\u00f5i alapingutamise v\u00e4ltimiseks j\u00e4rgige tootja juhiseid p\u00f6\u00f6rdemomendi spetsifikatsioonide kohta.<\/p>\n<p>4. P\u00e4rast paigaldamist tehke enne kasutamist p\u00f5hjalik kontroll, et k\u00f5ik komponendid oleksid kindlalt kinnitatud.<\/p>\n<p>5. Sujuva t\u00f6\u00f6 tagamiseks kontrollige t\u00f6\u00f6tamise ajal regulaarselt joondust, eriti algstaadiumis.<\/p>\n<h2>Levinumad hooldust\u00f6\u00f6d<\/h2>\n<ul>\n<li><strong>Regulaarsed kontrollid:<\/strong> Silindri lekete, kulumise ja \u00f5ige joonduse kontrollimine on \u00fclioluline. Regulaarne hindamine aitab tuvastada v\u00f5imalikke probleeme enne nende s\u00fcvenemist, tagades seadmete optimaalse seisukorra.<\/li>\n<li><strong>\u00d5ige m\u00e4\u00e4rimine:<\/strong> Liikuvate osade vahelise h\u00f5\u00f5rdumise minimeerimiseks on oluline sagedane m\u00e4\u00e4rimine. Veenduge, et h\u00fcdraulika\u00f5li tase on piisav ja et kasutatakse \u00f5iget t\u00fc\u00fcpi m\u00e4\u00e4rdeainet vastavalt tootja juhistele.<\/li>\n<li><strong>Tihendi vahetamine ja kalibreerimise kontrollimine:<\/strong> Kontrollige regulaarselt tihendite kulumist ja vajadusel vahetage need v\u00e4lja. Kalibreerimiskontrollid tagavad, et h\u00fcdros\u00fcsteem t\u00f6\u00f6tab etten\u00e4htud parameetrite piires, ennetades s\u00fcsteemi rikkeid.<\/li>\n<\/ul>\n<p><img decoding=\"async\" src=\"https:\/\/www.hydraulic-cylinders.net\/wp-content\/uploads\/2025\/04\/songte-chushion-collar.webp\" alt=\"Padjakaelus\" \/><\/p>\n<h2>Ohutuskaalutlused ja keskkonnategurid<\/h2>\n<p>Poomi silindrite k\u00e4itamisel on ohutusmeetmete rakendamine \u00fclioluline. Veenduge, et k\u00f5ik operaatorid oleksid koolitatud \u00f5igete k\u00e4sitsemistehnikate osas ja m\u00f5istaksid h\u00fcdraulikas\u00fcsteemidega seotud riske. Seadmeid tuleks regulaarselt kontrollida kulumise v\u00f5i kahjustuste suhtes ning operaatorid peaksid ohutuse suurendamiseks olema varustatud isikukaitsevahenditega. Lisaks arvestage h\u00fcdraulikavedelike keskkonnam\u00f5juga, valides v\u00f5imaluse korral biolagunevaid valikuid, et minimeerida \u00f6koloogilist jalaj\u00e4lge.<\/p>\n<h2>Veaotsing ja levinud probleemid<\/h2>\n<ul>\n<li><strong>Leke:<\/strong> Kui on m\u00e4rke h\u00fcdraulikavedeliku lekkest, kontrollige tihendeid ja \u00fchendusi. Vajadusel vahetage kulunud tihendid v\u00e4lja ja pingutage \u00fchendusi.<\/li>\n<li><strong>Halb j\u00f5udlus:<\/strong> Kui silinder ei reageeri t\u00f5husalt, kontrollige h\u00fcdraulikavedeliku taset ja veenduge, et m\u00e4\u00e4rimine oleks \u00f5ige. Samuti v\u00f5ib probleemiks olla h\u00fcdraulikas\u00fcsteemis olev \u00f5hk, mis tuleks vajadusel v\u00e4lja lasta.<\/li>\n<li><strong>Ebatavalised helid:<\/strong> T\u00f6\u00f6tamise ajal tekkivad m\u00fcrad v\u00f5ivad viidata kulunud komponentidele. Kontrollige silindrit kulumis- v\u00f5i kahjustuste suhtes ning kaaluge kahjustatud osade hooldamist v\u00f5i v\u00e4ljavahetamist.<\/li>\n<\/ul>\n<p>Varajase sekkumise strateegiate rakendamine aitab neid probleeme leevendada, tagades sujuva ja t\u00f5husa toimimise.<\/p>\n<p><img decoding=\"async\" src=\"https:\/\/www.hydraulic-cylinders.net\/wp-content\/uploads\/2025\/04\/songte-bushings-with-all-kinds-of-excavator-models.webp\" alt=\"Ekskavaatori puksid\" \/><\/p>\n<h2>Ettev\u00f5tte profiil<\/h2>\n<p>Oleme asendush\u00fcdrauliliste silindrite tootja, pakkudes t\u00e4ielikku tootevalikut, mis on positsioneerinud meid \u00fcheks juhtivaks h\u00fcdrosilindrite tootjaks ja hulgim\u00fc\u00fcjaks nii sise- kui ka rahvusvahelistel turgudel. Meie p\u00fchendumust tipptasemele toetab t\u00e4iustatud tootmisjuhtimise strateegia, mis kasutab t\u00e4iustatud tipptasemel tootmisseadmeid ja professionaalseid testimiss\u00fcsteeme. Meie oskuslik tehniline personal t\u00e4iustab pidevalt meie tootmisv\u00f5imalusi, tagades, et rahuldame oma klientide mitmekesiseid vajadusi suure efektiivsuse, t\u00e4psuse ja kvaliteediga.<\/p>\n<p>Meie teenused h\u00f5lmavad professionaalset kohandamist, rahvusvahelisi sertifikaate ja tugevat m\u00fc\u00fcgij\u00e4rgset tuge, tagades, et meie kliendid saavad parimad tooted, mis on kohandatud nende konkreetsetele vajadustele.<\/p>\n<p><img decoding=\"async\" src=\"https:\/\/www.hydraulic-cylinders.net\/wp-content\/uploads\/2025\/04\/songte-company-4.webp\" alt=\"Ettev\u00f5tte \u00fclevaade\" \/><br \/>\n<img decoding=\"async\" src=\"https:\/\/www.hydraulic-cylinders.net\/wp-content\/uploads\/2025\/04\/songte-company-3.webp\" alt=\"Tootmisseadmed\" \/><\/p>\n<p>Autor: lyl<\/p>","protected":false},"excerpt":{"rendered":"<p>Boom Cylinder For Caterpillar Small Excavator E304ECR Overview of Boom Cylinder The Boom Cylinder is a critical component in many heavy machinery applications, particularly in excavators like the Caterpillar Small Excavator E304ECR. In hydraulic systems, a bucket cylinder is designed to control the movement of the bucket, allowing it to lift, lower, and tilt. This [&hellip;]<\/p>","protected":false},"featured_media":17874,"comment_status":"open","ping_status":"closed","template":"","meta":{"_et_pb_use_builder":"","_et_pb_old_content":"","_et_gb_content_width":""},"product_brand":[],"product_cat":[1546],"product_tag":[1547,1496],"class_list":{"0":"post-18932","1":"product","2":"type-product","3":"status-publish","4":"has-post-thumbnail","6":"product_cat-boom-cylinders","7":"product_tag-boom-cylinders","8":"product_tag-hydraulic-cylinders","10":"first","11":"instock","12":"shipping-taxable","13":"product-type-simple"},"amp_enabled":true,"_links":{"self":[{"href":"https:\/\/www.hydraulic-cylinders.net\/et\/wp-json\/wp\/v2\/product\/18932","targetHints":{"allow":["GET"]}}],"collection":[{"href":"https:\/\/www.hydraulic-cylinders.net\/et\/wp-json\/wp\/v2\/product"}],"about":[{"href":"https:\/\/www.hydraulic-cylinders.net\/et\/wp-json\/wp\/v2\/types\/product"}],"replies":[{"embeddable":true,"href":"https:\/\/www.hydraulic-cylinders.net\/et\/wp-json\/wp\/v2\/comments?post=18932"}],"wp:featuredmedia":[{"embeddable":true,"href":"https:\/\/www.hydraulic-cylinders.net\/et\/wp-json\/wp\/v2\/media\/17874"}],"wp:attachment":[{"href":"https:\/\/www.hydraulic-cylinders.net\/et\/wp-json\/wp\/v2\/media?parent=18932"}],"wp:term":[{"taxonomy":"product_brand","embeddable":true,"href":"https:\/\/www.hydraulic-cylinders.net\/et\/wp-json\/wp\/v2\/product_brand?post=18932"},{"taxonomy":"product_cat","embeddable":true,"href":"https:\/\/www.hydraulic-cylinders.net\/et\/wp-json\/wp\/v2\/product_cat?post=18932"},{"taxonomy":"product_tag","embeddable":true,"href":"https:\/\/www.hydraulic-cylinders.net\/et\/wp-json\/wp\/v2\/product_tag?post=18932"}],"curies":[{"name":"wp","href":"https:\/\/api.w.org\/{rel}","templated":true}]}}