{"id":18936,"date":"2025-04-07T06:03:10","date_gmt":"2025-04-07T06:03:10","guid":{"rendered":"https:\/\/www.hydraulic-cylinders.net\/product\/boom-cylinder-for-caterpillar-small-excavator-e313d2\/"},"modified":"2025-04-07T06:03:12","modified_gmt":"2025-04-07T06:03:12","slug":"boom-cylinder-for-caterpillar-small-excavator-e313d2","status":"publish","type":"product","link":"https:\/\/www.hydraulic-cylinders.net\/et\/toode\/boom-cylinder-for-caterpillar-small-excavator-e313d2\/","title":{"rendered":"Caterpillar v\u00e4ikese ekskavaatori E313D2 poomi silinder"},"content":{"rendered":"<h1>Caterpillar v\u00e4ikese ekskavaatori E313D2 poomi silinder<\/h1>\n<h2>Sissejuhatus poomi silindrisse<\/h2>\n<p>Noole silinder on h\u00fcdros\u00fcsteemide oluline komponent, mis on spetsiaalselt loodud raskete masinate, n\u00e4iteks ekskavaatorite, laadur-ekskavaatori ja esilaaduri koppade liikumise juhtimiseks. See h\u00fcdrosilinder v\u00f5imaldab koppal t\u00f5usta, langetada ja kallutada, h\u00f5lbustades t\u00f5husaid materjalik\u00e4itlust\u00f6id. Noole silindri funktsionaalsus on ehitus- ja p\u00f5llumajandusmasinate t\u00f6\u00f6ks h\u00e4davajalik, pakkudes vajalikku j\u00f5udu keerukate \u00fclesannete t\u00e4itmiseks karmides keskkondades.<\/p>\n<p><img decoding=\"async\" src=\"https:\/\/www.hydraulic-cylinders.net\/wp-content\/uploads\/2025\/04\/songte-company-1.webp\" alt=\"Poomi silinder\"><\/p>\n<h3>Definitsioon ja \u00fclevaade<\/h3>\n<p>Poomi silinder t\u00f6\u00f6tab h\u00fcdraulilise r\u00f5hu abil, mis v\u00f5imaldab sujuvat pikendamist ja tagasit\u00f5mbamist. See reageerib operaatori k\u00e4sklustele kiiresti, pakkudes v\u00f5imsaid t\u00f5uke- ja t\u00f5mbej\u00f5ude, mist\u00f5ttu sobib see raskete koormate k\u00e4sitsemiseks ja keerukate t\u00f6\u00f6\u00fclesannete t\u00e4itmiseks. Seda t\u00fc\u00fcpi h\u00fcdrauliline silinder on konstrueeritud taluma k\u00f5rget r\u00f5hku ja suuri koormusi, tagades samal ajal vastupidavuse ja pikaealisuse, muutes selle ehitusseadmete t\u00f5husa t\u00f6\u00f6 kriitiliseks elemendiks.<\/p>\n<h2>Poomi silindri omadused<\/h2>\n<ul>\n<li><strong>Suur tugevus ja vastupidavus:<\/strong> K\u00f5rgtugevast terasest v\u00f5i alumiiniumist valmistatud poomi silinder on loodud vastu pidama k\u00f5rgsurveolukordadele ja rasketele koormustele ning karmidele t\u00f6\u00f6keskkondadele. Konstruktsioonis on r\u00f5hutatud kulumiskindlust ja korrosioonikaitset, pikendades selle t\u00f6\u00f6iga.<\/li>\n<li><strong>T\u00f5hus h\u00fcdrauliline t\u00f6\u00f6:<\/strong> H\u00fcdraulilise \u00f5li r\u00f5hu v\u00f5imendamise abil saavutab see sujuva ja kiire pikenduse ja tagasit\u00f5mbamise, pakkudes tugevaid t\u00f5uke- ja t\u00f5mbej\u00f5ude, mis sobivad ideaalselt raskete ja keerukate \u00fclesannete t\u00e4itmiseks.<\/li>\n<li><strong>T\u00fc\u00fcpide mitmekesisus:<\/strong> Poomi silindreid saab vastavalt konkreetsetele vajadustele kohandada ning need on saadaval \u00fchetoimeliste (\u00fches suunas t\u00f6\u00f6tavate) v\u00f5i kahetoimeliste (kahes suunas t\u00f6\u00f6tavate) konfiguratsioonidena. M\u00f5ned mudelid on teleskoopilised, mis v\u00f5imaldab suuremat pikendamist ilma v\u00e4lism\u00f5\u00f5tmeid suurendamata, sobides piiratud ruumiga rakenduste jaoks.<\/li>\n<li><strong>Kohandatud tootmine:<\/strong> Meie tooted on loodud olemasolevate h\u00fcdrosilindrite ideaalseks asendamiseks, tagades \u00fchilduvuse ja j\u00f5udluse.<\/li>\n<\/ul>\n<p><img decoding=\"async\" src=\"https:\/\/www.hydraulic-cylinders.net\/wp-content\/uploads\/2025\/04\/songte-cylinder-head-with-all-kinds-excavator-models.webp\" alt=\"Ekskavaatori mudelid\"><\/p>\n<h2>Poomi silindri rakendused<\/h2>\n<h3>Ehitustehnika<\/h3>\n<p>Ekskavaatorites m\u00e4ngivad noolesilindrid olulist rolli pinnase v\u00f5i prahi kaevamisel, laadimisel ja transportimisel. Need v\u00f5imaldavad kopal tungida pinnasesse ja ulatuda s\u00fcgavamale ulatuvate materjalideni, muutes need ehitusprojektides asendamatuks. Ekskavaatorlaadurite noolesilindrite abi aitab kaasa mitte ainult kaevamisel, vaid ka t\u00f5stmisel, suurendades ehitusplatside mitmek\u00fclgsust ja t\u00f5husust.<\/p>\n<h3>P\u00f5llumajandustehnika<\/h3>\n<p>Esilaadurites on noolesilindrid olulised mulla, heina ja muude materjalide kopeerimiseks, t\u00f5stmiseks ja transportimiseks. Nende v\u00f5ime pakkuda nendeks \u00fclesanneteks vajalikku j\u00f5udu v\u00f5imaldab p\u00f5llumajandustegevust t\u00f5husalt hallata, muutes need p\u00f5llumajanduskeskkonnas tootlikkuse seisukohalt \u00fclioluliseks.<\/p>\n<h3>Ekskavaatorid<\/h3>\n<p>Ekskavaatorites h\u00f5lbustab noole silinder kaevamist, v\u00f5imaldades kopal t\u00f5husalt pinnasesse tungida. See v\u00f5ime v\u00f5imaldab operaatoritel mitmesuguseid materjale t\u00f5husalt kaevata, tagades ehitus- ja pinnase teisaldamise projektide sujuva edenemise.<\/p>\n<h3>Laadurid<\/h3>\n<p>Esilaadurites aitavad noolesilindrid koormaid t\u00f5husalt t\u00f5sta ja t\u00fchjendada. Nende h\u00fcdrauliline t\u00f6\u00f6 tagab raskete materjalide h\u00f5lpsa k\u00e4sitsemise, parandades laadimis- ja mahalaadimist\u00f6\u00f6de \u00fcldist j\u00f5udlust ehitus- ja haljastust\u00f6\u00f6del.<\/p>\n<h2>Projekteerimiskaalutlused ja valikukriteeriumid<\/h2>\n<h3>Kandev\u00f5ime<\/h3>\n<p>Poomi silindri valimisel on \u00fclioluline m\u00f5ista selle kandev\u00f5imet. See peab suutma kanda maksimaalset raskust, millega see t\u00f6\u00f6 ajal kokku puutub, ilma et see kahjustaks j\u00f5udlust. See h\u00f5lmab nii konstruktsioonis kasutatud materjalide kui ka silindri konstruktsiooni ja inseneristandardite arvestamist.<\/p>\n<h3>Tihendusmehhanismid<\/h3>\n<p>T\u00f5hus tihendus on h\u00fcdrauliliste silindrite puhul \u00fclioluline, et v\u00e4ltida vedeliku leket, mis v\u00f5ib viia efektiivsuse v\u00e4henemiseni ja seadmete v\u00f5imalike riketeni. Kvaliteetsed tihendid, n\u00e4iteks kolvi- ja varrastihendid, mis on valmistatud vastupidavatest materjalidest nagu pol\u00fcuretaan v\u00f5i nitriilkummi, aitavad s\u00e4ilitada r\u00f5hku ja tagada sujuva t\u00f6\u00f6.<\/p>\n<h3>Vastupidavus<\/h3>\n<p>Poomi silindri vastupidavust m\u00f5jutavad suuresti selle materjalid ja disain. See peaks olema kulumis- ja korrosioonikindel, eriti karmides t\u00f6\u00f6keskkondades. Silindri korpuse ja pindade t\u00f6\u00f6tlemine m\u00e4ngib olulist rolli selle pikaealisuse ja t\u00f6\u00f6kindluse suurendamisel.<\/p>\n<h3>Ohutus<\/h3>\n<p>Poomi silindri konstruktsiooni tuleks integreerida ohutusfunktsioonid. See h\u00f5lmab \u00fclekoormuse v\u00e4ltimiseks m\u00f5eldud \u00fcler\u00f5huklappe ja ootamatute rikete eest kaitsvaid ohutusmehhanisme. Silindri vastavus ohutusstandarditele on t\u00f6\u00f6ohutuse ja n\u00f5uetele vastavuse tagamiseks kriitilise t\u00e4htsusega.<\/p>\n<h3>Hooldus ja hooldatavus<\/h3>\n<p>Poomi silindri projekteerimisel ja valimisel on oluline arvestada hooldusega. Komponendid peaksid olema rutiinseteks kontrollideks ja remondiks kergesti ligip\u00e4\u00e4setavad ning silindri eluea pikendamiseks ja j\u00e4rjepideva j\u00f5udluse tagamiseks tuleks esitada selged hooldusjuhised.<\/p>\n<p><img decoding=\"async\" src=\"https:\/\/www.hydraulic-cylinders.net\/wp-content\/uploads\/2025\/04\/songte-oil-pipes-and-spare-parts.webp\" alt=\"H\u00fcdraulilised osad\"><\/p>\n<h2>Tihendus ja m\u00e4\u00e4rimine<\/h2>\n<p>Erinevate tihenduskomponentide, n\u00e4iteks kolvi- ja vardatihendite kasutamine tagab h\u00fcdraulikas\u00fcsteemide terviklikkuse. Kulumiskindlatest materjalidest, n\u00e4iteks pol\u00fcuretaanist ja nitriilkummist, valmistatud tihendid on olulised r\u00f5hu s\u00e4ilitamiseks ja vedeliku lekete v\u00e4ltimiseks. Silindri korpus ja keermestatud otsad peaksid olema peenelt viimistletud, et suurendada vastupidavust. S\u00fcsteemi sujuva toimimise tagamiseks ja liikuvate osade kulumise v\u00e4hendamiseks on vajalik regulaarne m\u00e4\u00e4rimine h\u00fcdraulika\u00f5liga.<\/p>\n<h2>Hooldusjuhised<\/h2>\n<ul>\n<li><strong>Regulaarsed kontrollid:<\/strong> Kulumis-, lekke- v\u00f5i ebatavaliste helide regulaarne kontrollimine on \u00fclioluline. Probleemide varajane avastamine aitab \u00e4ra hoida suuremaid rikkeid ja kulukaid remondit\u00f6id.<\/li>\n<li><strong>\u00d5ige m\u00e4\u00e4rimine:<\/strong> H\u00fcdraulika\u00f5li piisava taseme tagamine ja soovitatud \u00f5lidega m\u00e4\u00e4rimine parandab poomi silindri j\u00f5udlust ja eluiga.<\/li>\n<li><strong>Tihendi vahetamine:<\/strong> Tihendite regulaarne seisukorra hindamine kulumise v\u00f5i kahjustuste suhtes ja vajadusel nende v\u00e4ljavahetamine hoiab \u00e4ra lekked ja s\u00e4ilitab s\u00fcsteemi t\u00f5hususe.<\/li>\n<\/ul>\n<h2>Paigaldusjuhised<\/h2>\n<p>Poomi silindri efektiivseks paigaldamiseks on \u00f5ige joondamine \u00fclioluline. Enneaegse kulumise v\u00f5i rikete v\u00e4ltimiseks tuleb tagada silindri \u00f5ige asend. Sobivate kinnitusklambrite kasutamine aitab silindrit kindlalt kinnitada. Oluline on j\u00e4rgida tootja spetsifikatsioone p\u00f6\u00f6rdemomendi s\u00e4tete ja \u00fchendusdetailide kohta. P\u00e4rast paigaldamist laske silindril enne t\u00e4ielikku t\u00f6\u00f6lepanekut madala r\u00f5hu all t\u00f6\u00f6tada, et kontrollida selle \u00f5iget toimimist.<\/p>\n<h2>Levinumad hooldust\u00f6\u00f6d<\/h2>\n<ul>\n<li><strong>Regulaarsed kontrollid:<\/strong> Poomi silindri perioodiline lekete v\u00f5i kahjustuste kontrollimine on oluline. Otsige vedelikukao v\u00f5i kulumise m\u00e4rke, mis v\u00f5ivad viidata v\u00f5imalikele riketele.<\/li>\n<li><strong>Sobiv m\u00e4\u00e4rimine:<\/strong> H\u00fcdraulika\u00f5li optimaalse taseme tagamine v\u00e4hendab sisemiste komponentide h\u00f5\u00f5rdumist ja kulumist. Kasutage soovitatud m\u00e4\u00e4rdeaineid ja j\u00e4rgige sageduse ja koguse juhiseid.<\/li>\n<li><strong>Tihendi vahetamine ja kalibreerimise kontrollimine:<\/strong> Kontrollige regulaarselt tihendite kulumist ja vahetage need vastavalt vajadusele. Ballooni kalibreerimine tagab selle t\u00f6\u00f6 etten\u00e4htud parameetrite piires, s\u00e4ilitades efektiivsuse ja ohutuse.<\/li>\n<\/ul>\n<h2>Ohutuskaalutlused ja keskkonnategurid<\/h2>\n<p>Poomi silindrite k\u00e4itamisel on ohutusmeetmed \u00fcliolulised. Operaatorid peaksid olema koolitatud h\u00fcdraulikaseadmete \u00f5igeks kasutamiseks ja k\u00e4sitsemiseks, et v\u00e4ltida \u00f5nnetusi. Ohutuskaitsete olemasolu ja k\u00f5igi h\u00fcdraulikakomponentide regulaarne kontroll aitavad riske maandada. Lisaks tuleks \u00f6kos\u00fcsteemi kaitsmiseks j\u00e4rgida keskkonnakaalutlusi, n\u00e4iteks h\u00fcdraulikavedelike n\u00f5uetekohast k\u00f5rvaldamist ja lekete minimeerimist.<\/p>\n<h2>Vea diagnoosimine ja levinud probleemid<\/h2>\n<ul>\n<li><strong>Lekkeprobleemid:<\/strong> Vedeliku lekkeid v\u00f5ib p\u00f5hjustada kulunud tihendid v\u00f5i liitmikud. Regulaarne j\u00e4lgimine aitab neid probleeme varakult tuvastada ja lahendada.<\/li>\n<li><strong>Ebapiisav v\u00f5imsus:<\/strong> Kui poomi silindril on raskusi koorma t\u00f5stmisega, v\u00f5ib see viidata madalale h\u00fcdraulikavedeliku tasemele v\u00f5i probleemidele pumbaga. Vedelikutaseme ja s\u00fcsteemi r\u00f5hu kontrollimine on \u00fclioluline.<\/li>\n<li><strong>Ebatavalised helid:<\/strong> T\u00f6\u00f6tamise ajal tekkivad m\u00fcrad v\u00f5ivad viidata sisemistele kahjustustele v\u00f5i m\u00e4\u00e4rimisvajadusele. Nende helide \u00f5igeaegne uurimine aitab edasisi kahjustusi v\u00e4ltida.<\/li>\n<\/ul>\n<h2>Veaotsingu n\u00e4pun\u00e4ited ja lahendused<\/h2>\n<p>Poomi silindri probleemide t\u00f5husaks t\u00f5rkeotsinguks on oluline s\u00e4ilitada s\u00fcstemaatiline l\u00e4henemine. Alustage s\u00fcmptomite j\u00e4lgimisest ja kontrollige, kas ilmnevad kahjustused v\u00f5i lekked. Veenduge, et h\u00fcdraulikavedeliku tase on piisav ja et h\u00fcdraulikavoolikutes pole ummistusi. Rakendage regulaarseid hooldustavasid, et minimeerida probleemide tekkimise ohtu, ja konsulteerige spetsialistidega, kui probleemid p\u00fcsivad. Ennetavad meetmed, n\u00e4iteks n\u00f5uetekohaste t\u00f6\u00f6juhiste j\u00e4rgimine ja regulaarsete kontrollide tegemine, v\u00f5ivad potentsiaalsete probleemide esinemissagedust oluliselt v\u00e4hendada.<\/p>\n<p><img decoding=\"async\" src=\"https:\/\/www.hydraulic-cylinders.net\/wp-content\/uploads\/2025\/04\/songte-bushings-with-all-kinds-of-excavator-models.webp\" alt=\"Ekskavaatori puksid\"><\/p>\n<h2>Meie ettev\u00f5ttest<\/h2>\n<p>Oleme juhtiv h\u00fcdrosilindrite tootja ja hulgim\u00fc\u00fcja, mis on spetsialiseerunud kvaliteetsete asendusdetailide pakkumisele erinevatele mudelitele. Meie p\u00fchendumust tipptasemele tootmises tugevdab terviklik tootmisstrateegia, mis keskendub t\u00e4psusele ja kvaliteedikontrollile. Kasutame oma tootmisv\u00f5imaluste suurendamiseks t\u00e4iustatud tehnoloogiat ja oskuslikku t\u00f6\u00f6j\u00f5udu.<\/p>\n<p><img decoding=\"async\" src=\"https:\/\/www.hydraulic-cylinders.net\/wp-content\/uploads\/2025\/04\/songte-company-4.webp\" alt=\"Ettev\u00f5tte \u00fclevaade\"><br \/>\n<img decoding=\"async\" src=\"https:\/\/www.hydraulic-cylinders.net\/wp-content\/uploads\/2025\/04\/songte-company-3.webp\" alt=\"Tootmis\u00fcksus\"><\/p>\n<h3>Professionaalne asjatundlikkus<\/h3>\n<p>Meie meeskond on h\u00fcdraulikas\u00fcsteemide valdkonnas k\u00f5rgelt koolitatud ja asjatundlik, tagades vastavuse nii siseriiklikele kui ka rahvusvahelistele kvaliteedi- ja ohutusstandarditele. Pakume kliendi vajadustele vastavaid kohandatud teenuseid.<\/p>\n<h3>Rahvusvahelised sertifikaadid<\/h3>\n<p>Meie tooteid toetavad rahvusvahelised sertifikaadid, mis tagavad nende kvaliteedi ja t\u00f6\u00f6kindluse. Meie prioriteediks on k\u00f5rgete standardite s\u00e4ilitamine k\u00f5igis meie tootmisprotsessides.<\/p>\n<h3>Tootmisseadmed<\/h3>\n<p>Tipptasemel tootmisseadmete kasutamine v\u00f5imaldab meil toota h\u00fcdraulilisi silindreid suure t\u00e4psusega. Meie rajatised on varustatud t\u00e4iustatud tehnoloogiaga, et tagada iga toote efektiivsus ja kvaliteet.<\/p>\n<h3>M\u00fc\u00fcgij\u00e4rgne tugi<\/h3>\n<p>Oleme uhked oma suurep\u00e4rase m\u00fc\u00fcgij\u00e4rgse teeninduse \u00fcle, abistades kliente k\u00f5igi ostuj\u00e4rgsete k\u00fcsimuste v\u00f5i probleemide korral. Meie p\u00fchendunud tugimeeskond on alati valmis aitama.<\/p>\n<p>\u4f5c\u8005 lyl<\/p>","protected":false},"excerpt":{"rendered":"<p>Boom Cylinder For Caterpillar Small Excavator E313D2 Introduction to Boom Cylinder The Boom Cylinder is a vital component in hydraulic systems, specifically designed for controlling the movement of buckets in heavy machinery such as excavators, backhoe loaders, and front loaders. This hydraulic cylinder allows the bucket to lift, lower, and tilt, facilitating efficient material handling [&hellip;]<\/p>","protected":false},"featured_media":17878,"comment_status":"open","ping_status":"closed","template":"","meta":{"_et_pb_use_builder":"","_et_pb_old_content":"","_et_gb_content_width":""},"product_brand":[],"product_cat":[1546],"product_tag":[1547,1496],"class_list":{"0":"post-18936","1":"product","2":"type-product","3":"status-publish","4":"has-post-thumbnail","6":"product_cat-boom-cylinders","7":"product_tag-boom-cylinders","8":"product_tag-hydraulic-cylinders","10":"first","11":"instock","12":"shipping-taxable","13":"product-type-simple"},"amp_enabled":true,"_links":{"self":[{"href":"https:\/\/www.hydraulic-cylinders.net\/et\/wp-json\/wp\/v2\/product\/18936","targetHints":{"allow":["GET"]}}],"collection":[{"href":"https:\/\/www.hydraulic-cylinders.net\/et\/wp-json\/wp\/v2\/product"}],"about":[{"href":"https:\/\/www.hydraulic-cylinders.net\/et\/wp-json\/wp\/v2\/types\/product"}],"replies":[{"embeddable":true,"href":"https:\/\/www.hydraulic-cylinders.net\/et\/wp-json\/wp\/v2\/comments?post=18936"}],"wp:featuredmedia":[{"embeddable":true,"href":"https:\/\/www.hydraulic-cylinders.net\/et\/wp-json\/wp\/v2\/media\/17878"}],"wp:attachment":[{"href":"https:\/\/www.hydraulic-cylinders.net\/et\/wp-json\/wp\/v2\/media?parent=18936"}],"wp:term":[{"taxonomy":"product_brand","embeddable":true,"href":"https:\/\/www.hydraulic-cylinders.net\/et\/wp-json\/wp\/v2\/product_brand?post=18936"},{"taxonomy":"product_cat","embeddable":true,"href":"https:\/\/www.hydraulic-cylinders.net\/et\/wp-json\/wp\/v2\/product_cat?post=18936"},{"taxonomy":"product_tag","embeddable":true,"href":"https:\/\/www.hydraulic-cylinders.net\/et\/wp-json\/wp\/v2\/product_tag?post=18936"}],"curies":[{"name":"wp","href":"https:\/\/api.w.org\/{rel}","templated":true}]}}