{"id":18943,"date":"2025-04-07T06:03:28","date_gmt":"2025-04-07T06:03:28","guid":{"rendered":"https:\/\/www.hydraulic-cylinders.net\/product\/boom-cylinder-for-caterpillar-middle-excavator-e200b\/"},"modified":"2025-04-07T06:03:30","modified_gmt":"2025-04-07T06:03:30","slug":"boom-cylinder-for-caterpillar-middle-excavator-e200b","status":"publish","type":"product","link":"https:\/\/www.hydraulic-cylinders.net\/et\/toode\/boom-cylinder-for-caterpillar-middle-excavator-e200b\/","title":{"rendered":"Caterpillar keskmise ekskavaatori E200B poomi silinder"},"content":{"rendered":"<h1>Caterpillar keskmise ekskavaatori E200B poomi silinder<\/h1>\n<h2>Poomi silindri \u00fclevaade<\/h2>\n<p>Noole silinder on h\u00fcdros\u00fcsteemide, eriti raskete masinate, n\u00e4iteks ekskavaatorite puhul, keskne komponent. See on spetsiaalselt loodud kopa liikumise juhtimiseks erinevate toimingute ajal, n\u00e4iteks t\u00f5stmisel, langetamisel ja kallutamisel. See h\u00fcdrosilinder v\u00f5imaldab t\u00f5husat materjali k\u00e4itlemist, pakkudes vajalikku j\u00f5udu suurte koormate t\u00e4pseks ja h\u00f5lpsaks teisaldamiseks. Noole silinder on ekskavaatorite, ekskavaatorlaadurite ja esilaadurite funktsionaalsuse jaoks h\u00e4davajalik, m\u00f5jutades otseselt nende t\u00f6\u00f6 efektiivsust.<\/p>\n<p><img decoding=\"async\" src=\"https:\/\/www.hydraulic-cylinders.net\/wp-content\/uploads\/2025\/04\/songte-company-1.webp\" alt=\"Poomi silinder\"><\/p>\n<h3>Definitsioon ja funktsionaalsus<\/h3>\n<p>Kopa silinder, tuntud ka kui h\u00fcdrauliline silinder, on rasketehnika kopa liikumise juhtimiseks \u00fclioluline. See v\u00f5imaldab kopal t\u00f5usta, kallutada ja langetada, muutes selle asendamatuks selliste \u00fclesannete puhul nagu kaevamine, laadimine ja materjalide transport. H\u00fcdrauliline mehhanism kasutab liikumise loomiseks survestatud vedelikku, mis v\u00f5imaldab v\u00f5imsat ja t\u00e4pset t\u00f6\u00f6d. See v\u00f5ime on \u00fclioluline ehituses, p\u00f5llumajanduses ja muudes t\u00f6\u00f6stusharudes, kus raskete esemete t\u00f5stmine on rutiinne.<\/p>\n<h2>Peamised omadused<\/h2>\n<ul>\n<li><strong>Suur tugevus ja vastupidavus:<\/strong> K\u00f5rgtugevast terasest v\u00f5i alumiiniumist valmistatud poomi silinder talub k\u00f5rget r\u00f5hku ja suuri koormusi, mist\u00f5ttu sobib see karmidesse t\u00f6\u00f6keskkondadesse. Selle disain h\u00f5lmab kulumiskindlust ja korrosioonikindlust, et tagada pikaealisus.<\/li>\n<li><strong>T\u00f5hus h\u00fcdrauliline t\u00f6\u00f6:<\/strong> Silinder kasutab sujuvaks pikendamiseks ja tagasit\u00f5mbamiseks h\u00fcdraulilist \u00f5lir\u00f5hku, pakkudes kiiret reageerimist juhtimisk\u00e4sklustele ning m\u00e4rkimisv\u00e4\u00e4rset t\u00f5uke- ja t\u00f5mbej\u00f5udu, muutes selle ideaalseks raskete materjalide ja keerukate \u00fclesannete k\u00e4sitsemiseks.<\/li>\n<li><strong>Erinevad t\u00fc\u00fcbid:<\/strong> S\u00f5ltuvalt t\u00f6\u00f6vajadustest on valikus \u00fchetoimelised (h\u00fcdrauliline toime \u00fches suunas) ja kahetoimelised (h\u00fcdrauliline toime m\u00f5lemas suunas) silindrid. M\u00f5nedel mudelitel on teleskoopkonstruktsioonid, mis v\u00f5imaldavad suuremat pikendust ilma v\u00e4lism\u00f5\u00f5tmeid suurendamata, mis sobib ideaalselt ruumipiirangutega rakenduste jaoks.<\/li>\n<li><strong>Kohandatud tootmine:<\/strong> Meil on selle toote tootmiseks vajalikud seadmed ja me saame olemasolevad h\u00fcdrosilindrid ideaalselt meie kvaliteetsete alternatiividega asendada.<\/li>\n<li><strong>Kvaliteedi tagamine:<\/strong> Meie balloonid l\u00e4bivad ranged testid, et tagada nende vastavus k\u00f5rgetele ohutus- ja j\u00f5udlusstandarditele, pakkudes meelerahu k\u00f5igile kasutajatele.<\/li>\n<\/ul>\n<p><img decoding=\"async\" src=\"https:\/\/www.hydraulic-cylinders.net\/wp-content\/uploads\/2025\/04\/songte-cylinder-head-with-all-kinds-excavator-models.webp\" alt=\"Ekskavaatori mudelid\"><\/p>\n<h2>Poomi silindri rakendused<\/h2>\n<h3>Ehitustehnika<\/h3>\n<p>Ekskavaatorites m\u00e4ngivad noolesilindrid olulist rolli pinnase v\u00f5i prahi kaevamisel, laadimisel ja teisaldamisel. Need vastutavad selle eest, et kopp tungiks t\u00f5husalt pinnasesse, v\u00f5imaldades t\u00f5husaid kaevamisprotsesse. V\u00f5imalus kontrollida kopa nurka ja s\u00fcgavust muudab need silindrid h\u00e4davajalikuks iga ehitust\u00f6\u00f6 jaoks, mis n\u00f5uab t\u00e4psust ja tugevust.<\/p>\n<h3>P\u00f5llumajandustehnika<\/h3>\n<p>Esilaadurid kasutavad mulla, heina ja muude materjalide kopeerimiseks, t\u00f5stmiseks ja transportimiseks noolesilindreid. Nende silindrite pakutav h\u00fcdrauliline j\u00f5ud tagab, et laadur saab raskete koormatega h\u00f5lpsalt hakkama, sujuvamaks muutes t\u00f6\u00f6 nii taludes kui ka ehitusplatsidel. See funktsioon on p\u00f5llumajandust\u00f6\u00f6de jaoks \u00fclioluline, muutes need t\u00e4nap\u00e4evaste p\u00f5llumajandusseadmete vajalikuks komponendiks.<\/p>\n<h3>Ekskavaatorid<\/h3>\n<p>Ekskavaatorites v\u00f5imaldab noole silinder kopal maasse kaevuda, h\u00f5lbustades kaevamist\u00f6id. H\u00fcdraulikas\u00fcsteem v\u00f5imaldab kopa liikumise t\u00e4pset juhtimist, mis v\u00f5imaldab operaatoritel t\u00e4pselt kaevata. See v\u00f5imekus on kriitilise t\u00e4htsusega projektide puhul, mis n\u00f5uavad hoolikat kaevamist ilma \u00fcmbritsevat ala v\u00f5i konstruktsioone kahjustamata.<\/p>\n<h3>Laadurid<\/h3>\n<p>Esilaadurites aitavad noolesilindrid koormaid t\u00f5husalt t\u00f5sta ja t\u00fchjendada. See h\u00fcdrauliline toiming v\u00f5imaldab operaatoritel materjale h\u00f5lpsalt k\u00e4sitseda ja suurendab t\u00f6\u00f6platsidel tootlikkust. Nende silindrite sujuv t\u00f6\u00f6 on laadurite t\u00f5husa toimimise jaoks h\u00e4davajalik, eriti selliste \u00fclesannete puhul nagu agregaatide v\u00f5i ehitusmaterjalide teisaldamine.<\/p>\n<h2>Projekteerimiskaalutlused ja valikukriteeriumid<\/h2>\n<h3>Kandev\u00f5ime<\/h3>\n<p>Kandev\u00f5ime on noolesilindrite puhul peamine projekteerimiskriteerium. Oluline on hinnata maksimaalset raskust, mida silinder t\u00f6\u00f6 ajal taluma peab. Konstruktsioonis kasutatud materjalid, silindri suurus ja h\u00fcdrauliline r\u00f5hk m\u00f5jutavad k\u00f5ik selle kandev\u00f5imet. Kandev\u00f5imel p\u00f5hinev \u00f5ige valik tagab ohutuse ja efektiivsuse t\u00f6\u00f6 ajal.<\/p>\n<h3>Tihendust\u00f5husus<\/h3>\n<p>Tihendus on h\u00fcdrosilindri j\u00f5udluse jaoks \u00fclioluline. T\u00f5husad tihendid hoiavad \u00e4ra vedeliku lekked, s\u00e4ilitades t\u00f6\u00f6ks vajaliku r\u00f5hu. Kvaliteetsed tihendusmaterjalid, n\u00e4iteks pol\u00fcuretaan ja nitriilkummi, on vastupidavuse ja j\u00f5udluse tagamiseks koormuse all h\u00e4davajalikud. Silindri pindade t\u00e4psus m\u00e4ngib samuti rolli t\u00f5husa tihenduse tagamisel, mis v\u00e4hendab hooldusvajadust ja suurendab t\u00f6\u00f6kindlust.<\/p>\n<h3>Vastupidavus<\/h3>\n<p>Vastupidavus on poomisilindrite projekteerimisel veel \u00fcks oluline tegur. Need peavad vastu pidama karmidele t\u00f6\u00f6tingimustele, sealhulgas \u00e4\u00e4rmuslikele temperatuuridele, tolmule ja niiskusele. Tugevate materjalide ja kaitsekatete kasutamine v\u00f5ib suurendada nende vastupidavust kulumisele ja keskkonnateguritele, pikendades l\u00f5ppkokkuv\u00f5ttes nende t\u00f6\u00f6iga.<\/p>\n<h3>Turvaelemendid<\/h3>\n<p>H\u00fcdrauliliste silindrite ohutusfunktsioonid on \u00f5nnetuste v\u00e4ltimiseks ja operaatori ohutuse tagamiseks \u00fcliolulised. Nende hulka v\u00f5ivad kuuluda r\u00f5huvabastusventiilid, avariipeatusmehhanismid ja vastupidav konstruktsioon ootamatute koormustega toimetulekuks. T\u00f6\u00f6tamise ajal tekkivate riskide minimeerimiseks tuleks konstruktsiooni sisse ehitada n\u00f5uetekohased ohutusmeetmed.<\/p>\n<h3>Hooldus ja remonditavus<\/h3>\n<p>Hooldust arvestav projekteerimine on oluline poomi silindrite pikaealisuse tagamiseks. Omadused, mis h\u00f5lbustavad tihenditele ja komponentidele h\u00f5lpsat juurdep\u00e4\u00e4su vahetamiseks v\u00f5i parandamiseks, v\u00f5ivad seisakuid oluliselt v\u00e4hendada. Lisaks lihtsustab hooldusprotseduure see, kui silindrit saab spetsiaalsete t\u00f6\u00f6riistadeta lahti v\u00f5tta.<\/p>\n<p><img decoding=\"async\" src=\"https:\/\/www.hydraulic-cylinders.net\/wp-content\/uploads\/2025\/04\/songte-oil-pipes-and-spare-parts.webp\" alt=\"H\u00fcdrauliliste silindrite osad\"><\/p>\n<h2>Tihendus ja m\u00e4\u00e4rimine<\/h2>\n<p>N\u00f5uetekohane tihendamine ja m\u00e4\u00e4rimine on poomi silindrite t\u00f5husa t\u00f6\u00f6 jaoks kriitilise t\u00e4htsusega. Erinevad tihenduskomponendid, n\u00e4iteks kolvi- ja varrastihendid, on r\u00f5hu s\u00e4ilitamiseks ja vedeliku lekke v\u00e4ltimiseks h\u00e4davajalikud. Tihendid peaksid olema valmistatud vastupidavatest materjalidest, nagu pol\u00fcuretaan ja nitriilkummi, et need taluksid kulumist. Lisaks tuleb silindri korpust ja keermestatud otsi t\u00e4pselt t\u00f6\u00f6delda, et suurendada kulumiskindlust. Regulaarne m\u00e4\u00e4rimine h\u00fcdraulika\u00f5liga on vajalik sujuva t\u00f6\u00f6 tagamiseks ja h\u00fcdraulikas\u00fcsteemi eluea pikendamiseks.<\/p>\n<h2>Ennetavad hooldusmeetmed<\/h2>\n<ul>\n<li><strong>Regulaarsed kontrollid:<\/strong> H\u00fcdraulikas\u00fcsteemi, sh tihendite, voolikute ja \u00fchenduste regulaarne kontroll on \u00fclioluline kulumise v\u00f5i v\u00f5imalike rikete tuvastamiseks enne, kui need p\u00f5hjustavad t\u00f5sisemaid probleeme.<\/li>\n<li><strong>\u00d5ige m\u00e4\u00e4rimine:<\/strong> H\u00fcdraulika\u00f5li taseme hoidmine ja m\u00e4\u00e4rimispunktide piisav hooldamine hoiab \u00e4ra mehaanilised rikked ja pikendab silindri eluiga.<\/li>\n<li><strong>Tihendi vahetamine:<\/strong> Kulunud tihendite \u00f5igeaegne vahetamine aitab v\u00e4ltida lekkeid ja s\u00e4ilitada s\u00fcsteemi r\u00f5hku, mis on t\u00f5husa t\u00f6\u00f6 jaoks \u00fclioluline.<\/li>\n<\/ul>\n<h2>Paigaldusjuhised<\/h2>\n<p>Poomi silindri paigaldamisel on oluline j\u00e4rgida \u00f5igeid protseduure, et tagada ohutu ja t\u00f5hus t\u00f6\u00f6. Alustage veendumaks, et t\u00f6\u00f6ala on vaba ja k\u00f5ik vajalikud t\u00f6\u00f6riistad on olemas. Joondage silinder \u00f5igesti kinnituspunktidega, et v\u00e4ltida h\u00fcdrauliliste komponentide tarbetut koormust. Kasutage silindri kindlalt paigale kinnitamiseks sobivaid kinnitusklambreid. Veenduge, et h\u00fcdraulikavoolikud on \u00f5igesti \u00fchendatud ja et neil pole paindekohti ega ummistusi. P\u00e4rast paigaldamist tehke enne silindri uuesti kasutuselev\u00f5ttu p\u00f5hjalik test, et veenduda selle sujuvas ja t\u00f5husas t\u00f6\u00f6s.<\/p>\n<p><img decoding=\"async\" src=\"https:\/\/www.hydraulic-cylinders.net\/wp-content\/uploads\/2025\/04\/songte-chushion-collar.webp\" alt=\"Padjakaelus\"><\/p>\n<h2>Levinumad hooldust\u00f6\u00f6d<\/h2>\n<h3>Regulaarsed kontrollid<\/h3>\n<p>Regulaarsete kontrollide tegemine on \u00fclioluline, et tagada poomi silindri ja selle komponentide korrektne toimimine. Kontrollige tihendite ja voolikute lekkeid ning hinnake silindri \u00fcldist seisukorda kulumise v\u00f5i kahjustuste suhtes. Probleemide varajane tuvastamine aitab v\u00e4ltida kulukaid remondit\u00f6id ja seisakuid.<\/p>\n<h3>\u00d5ige m\u00e4\u00e4rimine<\/h3>\n<p>Poomi silindri korralik m\u00e4\u00e4rimine on selle t\u00f6\u00f6 jaoks \u00fclioluline. Kontrollige regulaarselt h\u00fcdraulika\u00f5li taset ja lisage vastavalt vajadusele. Kasutage soovitatud t\u00fc\u00fcpi h\u00fcdraulika\u00f5li, et tagada \u00fchilduvus silindri materjalidega. \u00d5ige m\u00e4\u00e4rimine v\u00e4hendab h\u00f5\u00f5rdumist ja kulumist, parandades silindri j\u00f5udlust ja pikaealisust.<\/p>\n<h3>Tihendi vahetamine<\/h3>\n<p>Tihendite vahetamine on lekete v\u00e4ltimiseks ja silindri j\u00f5udluse s\u00e4ilitamiseks kriitilise t\u00e4htsusega hooldust\u00f6\u00f6. Kontrollige tihendeid kulumisj\u00e4lgede, n\u00e4iteks pragude v\u00f5i k\u00f5venemise suhtes ja vahetage need vastavalt vajadusele. Regulaarne tihendite hooldus on oluline, et tagada h\u00fcdraulikas\u00fcsteemi r\u00f5hu all p\u00fcsimine ja etten\u00e4htud funktsioneerimine.<\/p>\n<h2>Ohutuskaalutlused ja keskkonnategurid<\/h2>\n<p>H\u00fcdrauliliste silindritega t\u00f6\u00f6tamisel tuleb esmat\u00e4htsaks pidada ohutusmeetmeid, et kaitsta operaatoreid ja k\u00f5rvalseisjaid. Kogu seadmeid k\u00e4sitsevale personalile tuleks anda n\u00f5uetekohane v\u00e4lja\u00f5pe, et tagada nende arusaam riskidest ja \u00f5igetest t\u00f6\u00f6protseduuridest. Isikukaitsevahendite (IKV) kasutamine on samuti oluline, eriti hooldust\u00f6\u00f6de ajal. Samuti tuleks arvestada keskkonnakaalutlustega, n\u00e4iteks h\u00fcdrauliliste vedelike n\u00f5uetekohase k\u00f5rvaldamise ja seadmete ohutu t\u00f6\u00f6tamise tagamisega, et minimeerida v\u00f5imalikke ohte.<\/p>\n<h2>Veaotsing ja levinud probleemid<\/h2>\n<ul>\n<li><strong>Lekkeprobleemid:<\/strong> Lekkeid v\u00f5ib p\u00f5hjustada kulunud tihendid v\u00f5i kahjustatud voolikud. Kontrollige neid komponente regulaarselt ja vajadusel vahetage need v\u00e4lja.<\/li>\n<li><strong>V\u00e4hendatud j\u00f5udlus:<\/strong> Kui silinder ei t\u00f6\u00f6ta t\u00f5husalt, kontrollige h\u00fcdraulikavedeliku taset ja veenduge, et voolikutes poleks ummistusi.<\/li>\n<li><strong>Ootamatud helid:<\/strong> Ebatavalised helid t\u00f6\u00f6tamise ajal v\u00f5ivad viidata sisemistele kahjustustele v\u00f5i kavitatsioonile. Tehke p\u00f5hjalik kontroll, et teha kindlaks m\u00fcra allikas.<\/li>\n<\/ul>\n<h2>Veaotsingu n\u00e4pun\u00e4ited<\/h2>\n<p>Poomi silindri probleemide t\u00f5husaks t\u00f5rkeotsinguks alustage visuaalse kontrolliga, et tuvastada ilmseid kahjustusi v\u00f5i kulumist. Kontrollige h\u00fcdraulikavedeliku taset ja veenduge, et s\u00fcsteem oleks sobival tasemel. Lekke tuvastamisel vahetage tihendid viivitamatult v\u00e4lja, et v\u00e4ltida edasisi kahjustusi. V\u00e4henenud j\u00f5udluse korral v\u00f5ib olla vajalik h\u00fcdraulikas\u00fcsteemi \u00f5hutamine, et eemaldada l\u00f5ksus olev \u00f5hk. Probleemide varajane tuvastamine ja lahendamine aitab v\u00e4hendada t\u00f5sisemate probleemide riski hiljem.<\/p>\n<p><img decoding=\"async\" src=\"https:\/\/www.hydraulic-cylinders.net\/wp-content\/uploads\/2025\/04\/songte-bushings-with-all-kinds-of-excavator-models.webp\" alt=\"Ekskavaatori puksid\"><\/p>\n<h2>Meie ettev\u00f5ttest<\/h2>\n<p>Oleme juhtiv asendush\u00fcdrauliliste silindrite tootja ja hulgim\u00fc\u00fcja, mille lai tootevalik asetab meid nii sise- kui ka rahvusvahelisel turul esirinda. Meie p\u00fchendumust erakordsele kvaliteedile toetavad t\u00e4iustatud tootmisprotsessid ja t\u00e4iustatud tootmisjuhtimise strateegiad. T\u00e4iustame pidevalt oma tootmisplatvorme oskusliku personali, tipptasemel digitaalseadmete ja professionaalsete testimiss\u00fcsteemide abil. See v\u00f5imaldab meil rahuldada klientide mitmekesiseid vajadusi suure t\u00f5hususega, t\u00e4psuse ja kvaliteediga.<\/p>\n<p><img decoding=\"async\" src=\"https:\/\/www.hydraulic-cylinders.net\/wp-content\/uploads\/2025\/04\/songte-company-4.webp\" alt=\"Ettev\u00f5tte \u00fclevaade\"><br \/>\n<img decoding=\"async\" src=\"https:\/\/www.hydraulic-cylinders.net\/wp-content\/uploads\/2025\/04\/songte-company-3.webp\" alt=\"Ettev\u00f5tte varustus\"><\/p>\n<p>Meie ettev\u00f5te on uhke oma professionaalsuse, rahvusvaheliste sertifikaatide, kohandatavate teenuste, tipptasemel tootmisseadmete ja tugeva m\u00fc\u00fcgij\u00e4rgse toe \u00fcle. Oleme p\u00fchendunud tagama, et meie kliendid saavad turul parimad tooted ja teenused.<\/p>\n<p>Autor: lyl<\/p>","protected":false},"excerpt":{"rendered":"<p>Boom Cylinder For Caterpillar Middle Excavator E200B Overview of Boom Cylinder The boom cylinder is a pivotal component in hydraulic systems, especially in heavy machinery like excavators. It is specifically designed to control the movement of the bucket in various operations, such as lifting, lowering, and tilting. This hydraulic cylinder enables efficient material handling by [&hellip;]<\/p>","protected":false},"featured_media":17870,"comment_status":"open","ping_status":"closed","template":"","meta":{"_et_pb_use_builder":"","_et_pb_old_content":"","_et_gb_content_width":""},"product_brand":[],"product_cat":[1546],"product_tag":[1547,1496],"class_list":{"0":"post-18943","1":"product","2":"type-product","3":"status-publish","4":"has-post-thumbnail","6":"product_cat-boom-cylinders","7":"product_tag-boom-cylinders","8":"product_tag-hydraulic-cylinders","10":"first","11":"instock","12":"shipping-taxable","13":"product-type-simple"},"amp_enabled":true,"_links":{"self":[{"href":"https:\/\/www.hydraulic-cylinders.net\/et\/wp-json\/wp\/v2\/product\/18943","targetHints":{"allow":["GET"]}}],"collection":[{"href":"https:\/\/www.hydraulic-cylinders.net\/et\/wp-json\/wp\/v2\/product"}],"about":[{"href":"https:\/\/www.hydraulic-cylinders.net\/et\/wp-json\/wp\/v2\/types\/product"}],"replies":[{"embeddable":true,"href":"https:\/\/www.hydraulic-cylinders.net\/et\/wp-json\/wp\/v2\/comments?post=18943"}],"wp:featuredmedia":[{"embeddable":true,"href":"https:\/\/www.hydraulic-cylinders.net\/et\/wp-json\/wp\/v2\/media\/17870"}],"wp:attachment":[{"href":"https:\/\/www.hydraulic-cylinders.net\/et\/wp-json\/wp\/v2\/media?parent=18943"}],"wp:term":[{"taxonomy":"product_brand","embeddable":true,"href":"https:\/\/www.hydraulic-cylinders.net\/et\/wp-json\/wp\/v2\/product_brand?post=18943"},{"taxonomy":"product_cat","embeddable":true,"href":"https:\/\/www.hydraulic-cylinders.net\/et\/wp-json\/wp\/v2\/product_cat?post=18943"},{"taxonomy":"product_tag","embeddable":true,"href":"https:\/\/www.hydraulic-cylinders.net\/et\/wp-json\/wp\/v2\/product_tag?post=18943"}],"curies":[{"name":"wp","href":"https:\/\/api.w.org\/{rel}","templated":true}]}}