{"id":18947,"date":"2025-04-07T06:03:39","date_gmt":"2025-04-07T06:03:39","guid":{"rendered":"https:\/\/www.hydraulic-cylinders.net\/product\/boom-cylinder-for-caterpillar-middle-excavator-e324d-324dz\/"},"modified":"2025-04-07T06:03:42","modified_gmt":"2025-04-07T06:03:42","slug":"boom-cylinder-for-caterpillar-middle-excavator-e324d-324dz","status":"publish","type":"product","link":"https:\/\/www.hydraulic-cylinders.net\/et\/toode\/boom-cylinder-for-caterpillar-middle-excavator-e324d-324dz\/","title":{"rendered":"Caterpillar keskmise ekskavaatori E324D\/324DZ poomi silinder"},"content":{"rendered":"<h1>Caterpillar keskmise ekskavaatori E324D\/324DZ poomi silinder<\/h1>\n<h2>Sissejuhatus kopasilindrisse<\/h2>\n<p>H\u00fcdraulilise s\u00fcsteemi osaks olev kopa silinder m\u00e4ngib olulist rolli raskete masinate koppade, n\u00e4iteks ekskavaatorite, laadur-ekskavaatori ja esilaaduri koppade liikumise juhtimisel. See h\u00fcdrauliline silinder v\u00f5imaldab koppal t\u00f5usta, langetada ja kallutada, h\u00f5lbustades t\u00f5husat materjali k\u00e4itlemist. H\u00fcdraulilise vedeliku r\u00f5hu abil t\u00f6\u00f6tab silinder sujuvalt v\u00e4lja- ja sisset\u00f5mbamisel, v\u00f5imaldades raskete koormate t\u00e4pset juhtimist.<\/p>\n<p><img decoding=\"async\" src=\"https:\/\/www.hydraulic-cylinders.net\/wp-content\/uploads\/2025\/04\/songte-company-1.webp\" alt=\"Poomi silindri pilt\"><\/p>\n<h2>Poomi silindri omadused<\/h2>\n<ul>\n<li>\n<h3>Suur tugevus ja vastupidavus<\/h3>\n<p>K\u00f5rgtugevast terasest v\u00f5i alumiiniumist valmistatud poomi silinder on loodud taluma k\u00f5rget r\u00f5hku ja suuri koormusi, mist\u00f5ttu sobib see karmidesse t\u00f6\u00f6keskkondadesse. Selle disain sisaldab kulumiskindlaid ja korrosioonikindlaid omadusi, et pikendada selle eluiga.<\/p>\n<\/li>\n<li>\n<h3>T\u00f5hus h\u00fcdrauliline t\u00f6\u00f6<\/h3>\n<p>Silinder kasutab sujuvaks pikendamiseks ja tagasit\u00f5mbamiseks h\u00fcdraulika\u00f5li r\u00f5hku. See reageerib juhtimisk\u00e4sklustele kiiresti, pakkudes v\u00f5imsaid t\u00f5uke- ja t\u00f5mbej\u00f5ude, mis sobivad ideaalselt raskete ja keerukate \u00fclesannete t\u00e4itmiseks.<\/p>\n<\/li>\n<li>\n<h3>Saadaval on mitmesuguseid t\u00fc\u00fcpe<\/h3>\n<p>Need silindrid on saadaval \u00fchetoimelise (h\u00fcdraulilise r\u00f5hu kasutamine \u00fches suunas) ja kahetoimelise (h\u00fcdraulilise r\u00f5hu kasutamine m\u00f5lemas suunas) konfiguratsioonides ning vastavad mitmesugustele t\u00f6\u00f6vajadustele. Teatud mudelid on teleskoopilised, mis v\u00f5imaldab suuremat pikendamist ilma v\u00e4lism\u00f5\u00f5tmeid suurendamata, mis sobib ideaalselt ruumipiirangutega rakenduste jaoks.<\/p>\n<\/li>\n<\/ul>\n<h2>Poomi silindri rakendusstsenaariumid<\/h2>\n<h3>Ehitustehnika<\/h3>\n<p>Ekskavaatorites on noolesilindrid olulised kaevamiseks, laadimiseks ja mulla v\u00f5i prahi teisaldamiseks. Need h\u00f5lbustavad kaevamistoiminguid ja aitavad materjalide transportimisel t\u00f5stetoimingutel. Ekskavaator-laadurites t\u00e4iustavad need silindrid nii kaevamis- kui ka t\u00f5stefunktsioone, muutes need ehitusprojektide jaoks \u00fclioluliseks.<\/p>\n<h3>P\u00f5llumajandustehnika<\/h3>\n<p>Esilaadurites kasutatakse noolesilindreid mulla, heina ja muude materjalide kopeerimiseks, t\u00f5stmiseks ja transportimiseks. Need annavad vajaliku j\u00f5u p\u00f5llumajandust\u00f6\u00f6de t\u00f5husaks tegemiseks, tagades, et p\u00f5llumehed saavad oma t\u00f6\u00f6 \u00f5igeaegselt l\u00f5pule viia.<\/p>\n<h3>Ekskavaatorid<\/h3>\n<p>Kopa silinder v\u00f5imaldab kopal tungida pinnasesse t\u00f5husate kaevamistoimingute tegemiseks. See funktsioon on oluline mitmesuguste kaevet\u00f6\u00f6de puhul, v\u00f5imaldades operaatoritel \u00fclesandeid t\u00f5husalt t\u00e4ita \u00f5ige v\u00f5imsuse ja kontrolliga.<\/p>\n<h3>Laadurid<\/h3>\n<p>Esilaaduritel aitavad noolesilindrid koormaid t\u00f5husalt t\u00f5sta ja t\u00fchjendada. Nende konstruktsioon tagab, et juhid saavad raskeid materjale h\u00f5lpsalt k\u00e4sitseda, parandades t\u00f6\u00f6objektidel tootlikkust ja t\u00f6\u00f6 efektiivsust.<\/p>\n<h2>Projekteerimiskaalutlused ja valikukriteeriumid<\/h2>\n<h3>Kandev\u00f5ime<\/h3>\n<p>Noolesilindri kandev\u00f5ime on \u00fclioluline. See peab suutma ilma riketeta taluda t\u00f6\u00f6 ajal ettetulevat maksimaalset raskust. Projekteerimine peaks h\u00f5lmama vastupidavaid materjale ja inseneriprintsiipe, et tagada ohutus ja t\u00f6\u00f6kindlus raskete koormuste korral.<\/p>\n<h3>Tihendusv\u00f5ime<\/h3>\n<p>T\u00f5hus tihendamine on \u00fclioluline h\u00fcdraulilise vedeliku lekke v\u00e4ltimiseks, mis v\u00f5ib viia s\u00fcsteemi ebaefektiivsuseni ja potentsiaalsete ohtudeni. Optimaalse r\u00f5hu ja j\u00f5udluse s\u00e4ilitamiseks tuleb kasutada vastupidavatest materjalidest valmistatud kvaliteetseid tihendeid.<\/p>\n<h3>Vastupidavus<\/h3>\n<p>Poomi silinder peab vastu pidama karmidele keskkonnatingimustele ja aja jooksul kulumisele. Materjalid tuleks valida tugevuse ning kulumis- ja korrosioonikindluse j\u00e4rgi, tagades pikaealisuse ja v\u00e4hendades hooldusvajadust.<\/p>\n<h3>Turvaelemendid<\/h3>\n<p>Ohutus on h\u00fcdrauliliste silindrite projekteerimisel esmat\u00e4htis. Rikkekaitsete, r\u00f5hukaitseventiilide ja turvaliste kinnitusv\u00f5imaluste lisamine on t\u00f6\u00f6 ajal \u00f5nnetuste v\u00e4ltimiseks ning nii seadmete kui ka personali kaitsmiseks h\u00e4davajalik.<\/p>\n<h3>Hoolduse ligip\u00e4\u00e4setavus<\/h3>\n<p>Lihtsat hooldust silmas pidades projekteerimine on \u00fclioluline noolesilindri eluea pikendamiseks. Omadused, mis v\u00f5imaldavad lihtsat kontrolli, m\u00e4\u00e4rimist ja tihendite vahetamist, v\u00f5ivad parandada hooldatavust ja v\u00e4hendada seisakuid.<\/p>\n<p><img decoding=\"async\" src=\"https:\/\/www.hydraulic-cylinders.net\/wp-content\/uploads\/2025\/04\/songte-oil-pipes-and-spare-parts.webp\" alt=\"\u00d5litorud ja varuosad\"><\/p>\n<h2>Tihendus ja m\u00e4\u00e4rimine<\/h2>\n<p>Poomi silindri tihenduss\u00fcsteem koosneb erinevatest komponentidest, n\u00e4iteks kolvitihenditest ja vardatihenditest. Vastupidavuse suurendamiseks kasutatakse kulumiskindlatest materjalidest, n\u00e4iteks pol\u00fcuretaanist ja nitriilkummist, valmistatud tihendeid. Silindri korpus ja keermestatud otsad l\u00e4bivad kulumiskindluse parandamiseks peent\u00f6\u00f6tluse. Sujuva t\u00f6\u00f6 tagamiseks ja h\u00f5\u00f5rdumisest tingitud kulumise v\u00e4ltimiseks on vajalik regulaarne m\u00e4\u00e4rimine sobiva koguse h\u00fcdraulika\u00f5liga.<\/p>\n<h2>Regulaarne kontroll ja ennetavad hooldusmeetmed<\/h2>\n<ul>\n<li>\n<h3>Regulaarsed kontrollid<\/h3>\n<p>Poomi silindri regulaarne kontrollimine kulumise, lekete v\u00f5i kahjustuste suhtes on oluline. Probleemide kiire avastamine aitab v\u00e4ltida kulukaid remondit\u00f6id ja pikendada seadmete eluiga.<\/p>\n<\/li>\n<li>\n<h3>\u00d5ige m\u00e4\u00e4rimine<\/h3>\n<p>Silindri korralik m\u00e4\u00e4rimine h\u00fcdraulika\u00f5liga on sujuva t\u00f6\u00f6 s\u00e4ilitamiseks \u00fclioluline. Ebapiisav m\u00e4\u00e4rimine v\u00f5ib p\u00f5hjustada silindri suurenenud kulumist ja l\u00f5puks riket.<\/p>\n<\/li>\n<li>\n<h3>Tihendi vahetamine<\/h3>\n<p>Tihendeid tuleks regulaarselt kontrollida ja kulumise korral v\u00e4lja vahetada. See hooldust\u00f6\u00f6 on oluline lekete v\u00e4ltimiseks ja h\u00fcdraulilise efektiivsuse s\u00e4ilitamiseks.<\/p>\n<\/li>\n<\/ul>\n<h2>Paigaldusjuhised<\/h2>\n<p>Poomi silindri \u00f5ige paigaldamine on selle t\u00f5husa t\u00f6\u00f6 tagamiseks \u00fclioluline. Alustage silindri t\u00e4psest joondamisest kinnitusklambritega, veendudes, et see on kindlalt paigas. Kasutage silindri stabiliseerimiseks paigaldamise ajal sobivaid kinnitustugesid. Kindla kinnituse tagamiseks on oluline j\u00e4rgida k\u00f5igi kinnitusdetailide soovitatud p\u00f6\u00f6rdemomente. P\u00e4rast paigaldamist tehke p\u00f5hjalik kontroll, et k\u00f5ik \u00fchendused oleksid tihedad ja h\u00fcdraulikas\u00fcsteem leketeta. Silindri t\u00f6\u00f6 testimine enne t\u00e4ielikku kasutamist tuvastab v\u00f5imalikud probleemid varakult.<\/p>\n<p><img decoding=\"async\" src=\"https:\/\/www.hydraulic-cylinders.net\/wp-content\/uploads\/2025\/04\/songte-chushion-collar.webp\" alt=\"Padjakaelus\"><\/p>\n<h2>Ohutuskaalutlused ja keskkonnategurid<\/h2>\n<p>Poomi silindri kasutamisel on ohutusmeetmete rakendamine \u00fclioluline nii operaatorite kui ka k\u00f5rvalseisjate kaitsmiseks. Seadmete kasutamise n\u00f5uetekohane v\u00e4lja\u00f5pe ja regulaarsed ohutusauditid aitavad riske oluliselt minimeerida. Lisaks tuleks materjalide valimisel ja silindri projekteerimisel arvestada keskkonnateguritega, nagu \u00e4\u00e4rmuslikud temperatuurid ja kokkupuude s\u00f6\u00f6vitavate ainetega, et tagada optimaalne j\u00f5udlus ja pikaealisus.<\/p>\n<h2>Rikete diagnoosimine ja levinud probleemid<\/h2>\n<ul>\n<li>\n<h3>H\u00fcdraulilise vedeliku lekked<\/h3>\n<p>Lekked v\u00f5ivad sageli viidata tihendi rikkele v\u00f5i kahjustusele. Regulaarsed kontrollid aitavad selliseid probleeme enne nende s\u00fcvenemist tuvastada. Lekete kiire k\u00f5rvaldamine on s\u00fcsteemi r\u00f5hu ja j\u00f5udluse s\u00e4ilitamiseks \u00fclioluline.<\/p>\n<\/li>\n<li>\n<h3>Ebaj\u00e4rjekindel silindri liikumine<\/h3>\n<p>Kui silinder ei liigu sujuvalt, v\u00f5ib see olla tingitud ebapiisavast m\u00e4\u00e4rimisest, \u00f5hust h\u00fcdros\u00fcsteemis v\u00f5i vedelikuteede ummistusest. Probleemi allika diagnoosimine hoiab \u00e4ra edasised t\u00fcsistused.<\/p>\n<\/li>\n<li>\n<h3>Liigne m\u00fcra t\u00f6\u00f6tamise ajal<\/h3>\n<p>Ebatavalised helid v\u00f5ivad viidata probleemidele, n\u00e4iteks kavitatsioonile h\u00fcdros\u00fcsteemis v\u00f5i mehaanilisele kinnikiilumisele. Nende helide varajane uurimine aitab v\u00e4ltida seadmete olulist kahjustamist.<\/p>\n<\/li>\n<\/ul>\n<h2>Veaotsingu n\u00e4pun\u00e4ited ja lahendused<\/h2>\n<p>T\u00f5husa rikete diagnoosimise h\u00f5lbustamiseks peaksid operaatorid tutvuma seadme kasutusjuhendiga, et saada konkreetseid t\u00f5rkeotsingu juhiseid. Regulaarne hooldus, sealhulgas h\u00fcdraulikavedeliku taseme kontrollimine ja n\u00f5uetekohase tihenduse tagamine, aitab v\u00e4ltida levinud probleemide tekkimist. Manomeetrite ja muude diagnostikavahendite kasutamine v\u00f5ib anda \u00fclevaate v\u00f5imalikest probleemidest. Ennetusmeetmete rutiini kehtestamine v\u00e4hendab ootamatute rikete t\u00f5en\u00e4osust, tagades sujuvama t\u00f6\u00f6 ja pikema kasutusea.<\/p>\n<p><img decoding=\"async\" src=\"https:\/\/www.hydraulic-cylinders.net\/wp-content\/uploads\/2025\/04\/songte-bushings-with-all-kinds-of-excavator-models.webp\" alt=\"Ekskavaatorimudelite puksid\"><\/p>\n<h2>Ettev\u00f5tte \u00fclevaade<\/h2>\n<p>Oleme juhtiv h\u00fcdrosilindrite tootja ja hulgim\u00fc\u00fcja, mis on spetsialiseerunud kvaliteetsete alternatiivide tootmisele erinevateks rakendusteks. Meie ulatuslik tootevalik on positsioneerinud meid \u00fcheks juhtivaks h\u00fcdrosilindrite tootjaks ja turustajaks nii sise- kui ka rahvusvahelistel turgudel. Peame kinni tippkvaliteedist, kasutades t\u00e4iustatud tootmistehnoloogiatele keskenduvat peenh\u00e4\u00e4lestatud tootmisjuhtimise strateegiat. Meie p\u00fchendumus innovatsioonile peegeldub investeeringutes oskust\u00f6\u00f6listesse t\u00f6\u00f6tajatesse, k\u00f5rgtehnoloogilistesse tootmisseadmetesse ja keerukatesse testimiss\u00fcsteemidesse, t\u00e4iustades pidevalt oma tootmisprotsesse ja tootekvaliteeti.<\/p>\n<p><img decoding=\"async\" src=\"https:\/\/www.hydraulic-cylinders.net\/wp-content\/uploads\/2025\/04\/songte-company-4.webp\" alt=\"Ettev\u00f5tte pilt 1\"><br \/>\n<img decoding=\"async\" src=\"https:\/\/www.hydraulic-cylinders.net\/wp-content\/uploads\/2025\/04\/songte-company-3.webp\" alt=\"Ettev\u00f5tte pilt 2\"><\/p>\n<p>Meie r\u00f5huasetust professionaalsusele toetavad rahvusvahelised sertifikaadid, kohandatud teenused, tipptasemel tootmisseadmed ja igak\u00fclgne m\u00fc\u00fcgij\u00e4rgne tugi, tagades, et rahuldame t\u00f5husalt klientide mitmekesiseid n\u00f5udmisi.<\/p>\n<p>Autor: lyl<\/p>","protected":false},"excerpt":{"rendered":"<p>Boom Cylinder For Caterpillar Middle Excavator E324D\/324DZ Introduction to Bucket Cylinder The bucket cylinder, part of the hydraulic system, plays a crucial role in controlling the movement of heavy machinery buckets, such as those found in excavators, backhoe loaders, and front loaders. This hydraulic cylinder allows the bucket to lift, lower, and tilt, facilitating efficient [&hellip;]<\/p>","protected":false},"featured_media":17874,"comment_status":"open","ping_status":"closed","template":"","meta":{"_et_pb_use_builder":"","_et_pb_old_content":"","_et_gb_content_width":""},"product_brand":[],"product_cat":[1546],"product_tag":[1547,1496],"class_list":{"0":"post-18947","1":"product","2":"type-product","3":"status-publish","4":"has-post-thumbnail","6":"product_cat-boom-cylinders","7":"product_tag-boom-cylinders","8":"product_tag-hydraulic-cylinders","10":"first","11":"instock","12":"shipping-taxable","13":"product-type-simple"},"amp_enabled":true,"_links":{"self":[{"href":"https:\/\/www.hydraulic-cylinders.net\/et\/wp-json\/wp\/v2\/product\/18947","targetHints":{"allow":["GET"]}}],"collection":[{"href":"https:\/\/www.hydraulic-cylinders.net\/et\/wp-json\/wp\/v2\/product"}],"about":[{"href":"https:\/\/www.hydraulic-cylinders.net\/et\/wp-json\/wp\/v2\/types\/product"}],"replies":[{"embeddable":true,"href":"https:\/\/www.hydraulic-cylinders.net\/et\/wp-json\/wp\/v2\/comments?post=18947"}],"wp:featuredmedia":[{"embeddable":true,"href":"https:\/\/www.hydraulic-cylinders.net\/et\/wp-json\/wp\/v2\/media\/17874"}],"wp:attachment":[{"href":"https:\/\/www.hydraulic-cylinders.net\/et\/wp-json\/wp\/v2\/media?parent=18947"}],"wp:term":[{"taxonomy":"product_brand","embeddable":true,"href":"https:\/\/www.hydraulic-cylinders.net\/et\/wp-json\/wp\/v2\/product_brand?post=18947"},{"taxonomy":"product_cat","embeddable":true,"href":"https:\/\/www.hydraulic-cylinders.net\/et\/wp-json\/wp\/v2\/product_cat?post=18947"},{"taxonomy":"product_tag","embeddable":true,"href":"https:\/\/www.hydraulic-cylinders.net\/et\/wp-json\/wp\/v2\/product_tag?post=18947"}],"curies":[{"name":"wp","href":"https:\/\/api.w.org\/{rel}","templated":true}]}}