{"id":18948,"date":"2025-04-07T06:03:42","date_gmt":"2025-04-07T06:03:42","guid":{"rendered":"https:\/\/www.hydraulic-cylinders.net\/product\/boom-cylinder-for-caterpillar-middle-excavator-e240bl\/"},"modified":"2025-04-07T06:03:44","modified_gmt":"2025-04-07T06:03:44","slug":"boom-cylinder-for-caterpillar-middle-excavator-e240bl","status":"publish","type":"product","link":"https:\/\/www.hydraulic-cylinders.net\/et\/toode\/boom-cylinder-for-caterpillar-middle-excavator-e240bl\/","title":{"rendered":"Caterpillar keskmise ekskavaatori E240BL poomi silinder"},"content":{"rendered":"<h1>Caterpillar keskmise ekskavaatori E240BL poomi silinder<\/h1>\n<h2>Toote \u00fclevaade<\/h2>\n<p>Caterpillari keskmise ekskavaatori E240BL noole silinder on h\u00fcdros\u00fcsteemides ekskavaatori noole liikumise juhtimiseks kasutatav oluline komponent. See h\u00fcdrosilinder v\u00f5imaldab noole t\u00e4pset t\u00f5stmist, langetamist ja kallutamist, h\u00f5lbustades mitmesuguseid materjalik\u00e4itlust\u00f6id. Spetsiaalse h\u00fcdrosilindrina on see loodud vastu pidama rasketehnika rangetele n\u00f5udmistele ja tagama optimaalse j\u00f5udluse ehitus- ja kaevet\u00f6\u00f6del.<\/p>\n<p><img decoding=\"async\" src=\"https:\/\/www.hydraulic-cylinders.net\/wp-content\/uploads\/2025\/04\/songte-company-1.webp\" alt=\"H\u00fcdrauliline silinder\"><\/p>\n<h3>Definitsioon ja funktsionaalsus<\/h3>\n<p>Kopasilindrid, nagu n\u00e4iteks Caterpillar E240BL noolesilinder, on raskete masinate, n\u00e4iteks ekskavaatorite, laadurite ja esilaadurite t\u00f6\u00f6 lahutamatu osa. Need h\u00fcdraulilised silindrid v\u00f5imaldavad kopal t\u00e4ita olulisi funktsioone, sealhulgas t\u00f5stmist, langetamist ja kallutamist, mis on eluliselt t\u00e4htsad selliste \u00fclesannete puhul nagu kaevamine ja materjalide transportimine. Nende silindrite konstruktsioon tagab sujuva t\u00f6\u00f6, v\u00f5imaldades paremat kontrolli masina liikumise \u00fcle ja suurendades tootlikkust t\u00f6\u00f6platsidel. H\u00fcdraulikas\u00fcsteemid tuginevad j\u00f5u loomiseks h\u00fcdraulika\u00f5li r\u00f5hule, mist\u00f5ttu on need silindrid h\u00e4davajalikud t\u00f5husa ja efektiivse t\u00f6\u00f6 jaoks erinevates rakendustes.<\/p>\n<h2>Peamised omadused<\/h2>\n<ul>\n<li><strong>Suur tugevus ja vastupidavus:<\/strong> Need silindrid on valmistatud \u00fclitugevast terasest v\u00f5i alumiiniumist ning taluvad k\u00f5rget r\u00f5hku ja suuri koormusi, mist\u00f5ttu sobivad need ka karmideks t\u00f6\u00f6tingimusteks.<\/li>\n<li><strong>T\u00f5hus h\u00fcdrauliline t\u00f6\u00f6:<\/strong> H\u00fcdraulika\u00f5li r\u00f5hku kasutades tagab silinder sujuva pikenemise ja tagasit\u00f5mbumise, tagades kiire reageerimise juhtimisk\u00e4sklustele ja v\u00f5imsa t\u00f5uke- ja t\u00f5mbej\u00f5u.<\/li>\n<li><strong>Saadaval on mitmesuguseid t\u00fc\u00fcpe:<\/strong> Valikute hulka kuuluvad \u00fchetoimelised (h\u00fcdrauliline ajam t\u00f6\u00f6tab ainult \u00fches suunas) ja kahetoimelised (h\u00fcdrauliline ajam t\u00f6\u00f6tab m\u00f5lemas suunas) silindrid, mis vastavad erinevatele t\u00f6\u00f6vajadustele.<\/li>\n<li><strong>Kompaktne disain:<\/strong> M\u00f5nel mudelil on teleskoopdisain, mis v\u00f5imaldab suuremat pikendamist ilma v\u00e4lism\u00f5\u00f5tmeid suurendamata, mis sobib ideaalselt kitsastes ruumides kasutamiseks.<\/li>\n<li><strong>Hoolduskaalutlused:<\/strong> Meie silindrid on konstrueeritud kulumiskindlust ja korrosioonikindlust silmas pidades ning ehitatud kestma, v\u00e4hendades remondiga seotud sagedust ja kulusid.<\/li>\n<\/ul>\n<p>Oleme spetsialiseerunud kvaliteetsete h\u00fcdrosilindrite tootmisele, mis asendavad ideaalselt olemasolevaid mudeleid, tagades \u00fchilduvuse ja optimaalse j\u00f5udluse.<\/p>\n<p><img decoding=\"async\" src=\"https:\/\/www.hydraulic-cylinders.net\/wp-content\/uploads\/2025\/04\/songte-cylinder-head-with-all-kinds-excavator-models.webp\" alt=\"Ekskavaatori mudelid\"><\/p>\n<h2>Rakendusstsenaariumid<\/h2>\n<h3>Ehitustehnika<\/h3>\n<p>Ehitusmasinates, eriti ekskavaatorites, on noolesilindrid \u00fcliolulised kaevamiseks, laadimiseks ja mulla v\u00f5i prahi teisaldamiseks. Need silindrid pakuvad vajalikku j\u00f5udu raskete koormate t\u00f5stmiseks, v\u00f5imaldades operaatoritel \u00fclesandeid t\u00f5husalt ja ohutult t\u00e4ita. T\u00e4pse liikumise v\u00f5ime muudab need h\u00e4davajalikuks ehitusplatsidel, kus t\u00e4psus on materjalide k\u00e4itlemisel ja objekti haldamisel \u00fclioluline.<\/p>\n<h3>P\u00f5llumajandustehnika<\/h3>\n<p>P\u00f5llumajanduskeskkonnas kasutavad esilaadurid neid silindreid mulla, heina ja muude materjalide kopeerimiseks, t\u00f5stmiseks ja transportimiseks. Poomi silindri tugevus ja t\u00f6\u00f6kindlus h\u00f5lbustavad mitmesuguseid \u00fclesandeid alates vilja laadimisest kuni raskete pallide teisaldamiseni, parandades seel\u00e4bi p\u00f5llumajandustegevuse tootlikkust.<\/p>\n<h3>Ekskavaatorid<\/h3>\n<p>Ekskavaatorites v\u00f5imaldab kopa silinder t\u00f5husaid kaevamistoiminguid, v\u00f5imaldades kopal pinnasesse tungida. See toiming on oluline selliste t\u00f6\u00f6de puhul nagu kaevet\u00f6\u00f6, tasandamine ja platsi ettevalmistamine, muutes noole silindri kaevet\u00f6\u00f6del kriitiliseks komponendiks.<\/p>\n<h3>Laadurid<\/h3>\n<p>Esilaaduritel aitavad noolesilindrid materjale t\u00f5husalt t\u00f5sta ja t\u00fchjendada. Nende v\u00f5ime raskete koormatega toime tulla, s\u00e4ilitades samal ajal stabiilsuse, on \u00fclioluline ohutu ja t\u00f5husa t\u00f6\u00f6 tagamiseks laadimise ja mahalaadimise ajal.<\/p>\n<h2>Projekteerimiskaalutlused ja valikukriteeriumid<\/h2>\n<h3>Kandev\u00f5ime<\/h3>\n<p>Noole silindri valimisel on oluline arvestada selle kandev\u00f5imega. Silinder peab suutma kanda ekskavaatori poolt t\u00f5stetava v\u00f5i liigutatava maksimaalse raskuse. See tagab seadmete ohutu ja t\u00f5husa t\u00f6\u00f6, v\u00e4ltides v\u00f5imalikke rikkeid t\u00f6\u00f6 ajal. Tootjad esitavad tavaliselt spetsifikatsioonid, milles on \u00fcksikasjalikult kirjeldatud koormusn\u00e4itajaid, aidates kasutajatel valida oma t\u00f6\u00f6vajadustele vastava mudeli.<\/p>\n<h3>Tihendus<\/h3>\n<p>T\u00f5hus tihendus on h\u00fcdrauliliste silindrite puhul kriitilise t\u00e4htsusega, et v\u00e4ltida vedeliku lekkeid ja s\u00e4ilitada r\u00f5hk. Kvaliteetsed tihendid, mis on valmistatud vastupidavatest materjalidest, nagu pol\u00fcuretaan ja nitriilkummi, peavad vastu \u00e4\u00e4rmuslikele tingimustele ja kulumisele. Konstruktsioon peaks h\u00f5lmama mitut strateegiliselt paigutatud tihendit, et suurendada silindri pikaealisust ja j\u00f5udlust, tagades t\u00f6\u00f6kindluse.<\/p>\n<h3>Vastupidavus<\/h3>\n<p>H\u00fcdrauliliste silindrite projekteerimisel on vastupidavus oluline kaalutlus. Kasutatavad materjalid peavad vastu pidama kulumisele pideva t\u00f6\u00f6tamise ajal karmides keskkondades. Lisaks v\u00f5ivad sellised omadused nagu pinnat\u00f6\u00f6tlus parandada korrosioonikindlust, pikendades veelgi silindri eluiga. Vastupidavus tagab silindri t\u00f5husa toimimise aja jooksul, v\u00e4hendades vajadust sagedase vahetamise v\u00f5i remondi j\u00e4rele.<\/p>\n<h3>Turvaelemendid<\/h3>\n<p>H\u00fcdraulilistes s\u00fcsteemides on ohutus esmat\u00e4htis. Poomi silindri konstruktsioon peaks sisaldama ohutusfunktsioone, n\u00e4iteks \u00fcler\u00f5huventiile, et v\u00e4ltida \u00fclekoormust ja v\u00f5imalikke rikkeid. Need mehhanismid aitavad tagada seadmete t\u00f6\u00f6tamise ohutuspiirides, kaitstes nii masinaid kui ka operaatorit. Ohutusfunktsioonide integreerimine konstruktsiooni on t\u00f6\u00f6ohutuse edendamiseks oluline.<\/p>\n<h3>Hoolduse ligip\u00e4\u00e4setavus<\/h3>\n<p>H\u00fcdrauliliste silindrite projekteerimine h\u00f5lpsaks hoolduseks on \u00fclioluline. Tihendite ja liitmike kiireks kasutamiseks m\u00f5eldud omadused v\u00f5imaldavad kiiret kontrolli ja remonti. See ligip\u00e4\u00e4setavus v\u00f5ib oluliselt v\u00e4hendada seisakuid ja hoolduskulusid, tagades samal ajal seadmete optimaalse t\u00f6\u00f6korras p\u00fcsimise. H\u00e4sti disainitud silinder lihtsustab rutiinseid kontrolle ja hooldusprotseduure, suurendades \u00fcldist t\u00f6\u00f6t\u00f5husust.<\/p>\n<p><img decoding=\"async\" src=\"https:\/\/www.hydraulic-cylinders.net\/wp-content\/uploads\/2025\/04\/songte-oil-pipes-and-spare-parts.webp\" alt=\"\u00d5litorud ja varuosad\"><\/p>\n<h2>Tihendus ja m\u00e4\u00e4rimine<\/h2>\n<p>H\u00fcdrauliliste silindrite t\u00f5husa t\u00f6\u00f6 tagamiseks on oluline korralik tihendamine ja m\u00e4\u00e4rimine. Erinevad tihenduselemendid, n\u00e4iteks kolvitihendid ja varrastihendid, on lekete v\u00e4ltimiseks ja h\u00fcdraulilise r\u00f5hu s\u00e4ilitamiseks kriitilise t\u00e4htsusega. Sellistest materjalidest nagu pol\u00fcuretaan ja nitriilkummi valmistatud tihendid pakuvad suurep\u00e4rast vastupidavust ja kulumiskindlust.<\/p>\n<p>Silindri korpus ja keermestatud otsapinnad l\u00e4bivad peene t\u00f6\u00f6tluse, et suurendada kulumiskindlust ja tagada pikem kasutusiga. Silindri funktsionaalsuse s\u00e4ilitamiseks on vajalik regulaarne m\u00e4\u00e4rimine. Operaatorid peaksid perioodiliselt lisama sobivat h\u00fcdraulika\u00f5li, et tagada sujuv t\u00f6\u00f6 ja v\u00e4ltida kulumiskahjustusi, pikendades seel\u00e4bi silindri eluiga.<\/p>\n<h2>Regulaarne kontroll ja ennetav hooldus<\/h2>\n<ul>\n<li><strong>Rutiinsed kontrollid:<\/strong> Kontrollige regulaarselt h\u00fcdrosilindrit lekete v\u00f5i kulumism\u00e4rkide suhtes. V\u00f5imalike probleemide varajane avastamine aitab v\u00e4ltida kulukaid remondit\u00f6id ja planeerimata seisakuid.<\/li>\n<li><strong>\u00d5ige m\u00e4\u00e4rimine:<\/strong> Veenduge, et h\u00fcdraulika\u00f5li tase on piisav ja et m\u00e4\u00e4rimine toimub vastavalt tootja juhistele. Piisav m\u00e4\u00e4rimine minimeerib h\u00f5\u00f5rdumist ja kulumist, pikendades silindri eluiga.<\/li>\n<li><strong>Tihendi vahetamine:<\/strong> Kontrollige regulaarselt tihendite kulumist v\u00f5i kahjustusi. Kulunud tihendite \u00f5igeaegne vahetamine aitab v\u00e4ltida lekkeid ja s\u00e4ilitada h\u00fcdraulilise r\u00f5hu, tagades optimaalse j\u00f5udluse.<\/li>\n<\/ul>\n<h2>Paigaldusjuhised<\/h2>\n<p>Poomi silindri \u00f5ige paigaldamine on selle j\u00f5udluse ja pikaealisuse seisukohalt \u00fclioluline. Alustage t\u00f6\u00f6ruumi puhtaks ja prahist vabaks veendumusega, et v\u00e4ltida paigaldamise ajal saastumist. Oluline on silinder \u00f5igesti kinnitusklambritega joondada, et v\u00e4ltida komponentidele liigset pinget.<\/p>\n<p>Kasutage silindri kindlalt paigale kinnitamiseks sobivaid kinnitusklambreid. See mitte ainult ei taga stabiilsust, vaid v\u00f5imaldab ka n\u00f5uetekohast t\u00f6\u00f6tamist. P\u00e4rast paigaldamist kontrollige enne masina kasutamist k\u00f5iki \u00fchendusi ja lekkeid. Tootja konkreetsete paigaldusjuhiste j\u00e4rgimine on soovitud j\u00f5udluse ja ohutusstandardite saavutamiseks \u00fclioluline.<\/p>\n<h2>Levinumad hooldust\u00f6\u00f6d<\/h2>\n<h3>Regulaarsed kontrollid<\/h3>\n<p>Regulaarsete kontrollide l\u00e4biviimine on h\u00fcdrauliliste silindrite toimimise s\u00e4ilitamiseks kriitilise t\u00e4htsusega. Kontrollige kulumise, lekete v\u00f5i kahjustuste m\u00e4rke, et tagada silindri t\u00f5hus t\u00f6\u00f6. P\u00f5hjalik kontrollirutiin aitab tuvastada potentsiaalseid probleeme enne nende s\u00fcvenemist, aidates v\u00e4ltida kulukaid remondit\u00f6id ja seisakuid.<\/p>\n<h3>\u00d5ige m\u00e4\u00e4rimine<\/h3>\n<p>N\u00f5uetekohase m\u00e4\u00e4rimise s\u00e4ilitamine on oluline liikuvate osade vahelise h\u00f5\u00f5rdumise v\u00e4hendamiseks. Kontrollige regulaarselt h\u00fcdraulikavedeliku taset ja lisage vastavalt vajadusele. \u00d5lituss\u00fcsteemi korrektne toimimine aitab v\u00e4ltida silindri enneaegset kulumist ja pikendada selle eluiga.<\/p>\n<h3>Tihendi vahetamine ja kalibreerimise kontrollimine<\/h3>\n<p>Tihendite perioodiline vahetamine on lekete v\u00e4ltimiseks ja h\u00fcdraulilise r\u00f5hu s\u00e4ilitamiseks \u00fclioluline. Regulaarsed kalibreerimiskontrollid tagavad, et silinder t\u00f6\u00f6tab etten\u00e4htud parameetrite piires. N\u00f5uetekohaselt joondatud ja kalibreeritud silindrid suurendavad t\u00f5husust ja efektiivsust, mist\u00f5ttu on oluline nende \u00fclesannetega kiiresti tegeleda.<\/p>\n<h2>Ohutuskaalutlused ja keskkonnategurid<\/h2>\n<p>H\u00fcdrauliliste silindrite kasutamisel on ohutusmeetmete rakendamine \u00fclioluline. Operaatorid peaksid t\u00f6\u00f6tamise ajal alati kandma sobivaid isikukaitsevahendeid (IKV) ja j\u00e4rgima ohutusjuhiseid. Lisaks v\u00e4hendab h\u00fcdraulikas\u00fcsteemi n\u00f5uetekohane hooldus \u00f5nnetuste ja seadmete rikete ohtu.<\/p>\n<h2>Rikete diagnoosimine ja levinud probleemid<\/h2>\n<ul>\n<li><strong>Leke:<\/strong> Tavaliselt p\u00f5hjustatud kulunud tihenditest, mis v\u00f5ivad viia h\u00fcdraulilise r\u00f5hu v\u00e4henemiseni. Kontrollige ja vahetage tihendeid vastavalt vajadusele, et s\u00e4ilitada nende terviklikkus.<\/li>\n<li><strong>Aeglane reageering:<\/strong> See probleem v\u00f5ib tuleneda ebapiisavast h\u00fcdraulikavedelikust v\u00f5i s\u00fcsteemis olevast \u00f5hust. Veenduge, et vedeliku tase on piisav, ja \u00f5hutage s\u00fcsteemi, et eemaldada s\u00fcsteemis olev \u00f5hk.<\/li>\n<li><strong>\u00dclekuumenemine:<\/strong> \u00dclekuumenemine v\u00f5ib komponente kahjustada; kontrollige jahutuss\u00fcsteemi ummistuste suhtes ja veenduge vedeliku n\u00f5uetekohases ringluses.<\/li>\n<\/ul>\n<h2>Veaotsingu n\u00e4pun\u00e4ited<\/h2>\n<p>Probleemide t\u00f5husaks diagnoosimiseks ja lahendamiseks peaksid operaatorid tutvuma tootja t\u00f5rkeotsingu juhendiga. Regulaarsed hooldustavad, n\u00e4iteks komponentide m\u00e4\u00e4rimine ja lekete kontrollimine, aitavad \u00e4ra hoida paljusid levinud probleeme. Ennetavate meetmete v\u00f5tmine ja v\u00e4iksemate probleemide kiire lahendamine aitab oluliselt v\u00e4hendada suuremate rikete riski.<\/p>\n<p><img decoding=\"async\" src=\"https:\/\/www.hydraulic-cylinders.net\/wp-content\/uploads\/2025\/04\/songte-bushings-with-all-kinds-of-excavator-models.webp\" alt=\"Ekskavaatori puksid\"><\/p>\n<h2>Ettev\u00f5tte \u00fclevaade<\/h2>\n<p>Oleme juhtiv h\u00fcdrosilindrite tootja ja hulgim\u00fc\u00fcja, pakkudes laia tootevalikut nii sise- kui ka rahvusvahelistele turgudele. P\u00fchendunud tipptasemele, meie tootmisstrateegia kasutab peeneid tootmistavasid ja t\u00e4iustatud digitaalseid seadmeid, tagades kvaliteetse toodangu.<\/p>\n<p>Meie tehniliste ekspertide meeskond t\u00e4iustab pidevalt oma tootmisplatvormi, keskendudes kvaliteetsetele tootmisprotsessidele ja j\u00f5ulisele innovatsioonile. Meie prioriteediks on t\u00f5husus, t\u00e4psus ja kvaliteet, rahuldades oma klientide mitmekesiseid vajadusi kohandatud teenuste ja rahvusvaheliste sertifikaatide kaudu.<\/p>\n<p><img decoding=\"async\" src=\"https:\/\/www.hydraulic-cylinders.net\/wp-content\/uploads\/2025\/04\/songte-company-4.webp\" alt=\"Ettev\u00f5tte \u00fclevaade\"><br \/>\n<img decoding=\"async\" src=\"https:\/\/www.hydraulic-cylinders.net\/wp-content\/uploads\/2025\/04\/songte-company-3.webp\" alt=\"Tootmis\u00fcksus\"><\/p>\n<p>Autor: lyl<\/p>","protected":false},"excerpt":{"rendered":"<p>Boom Cylinder For Caterpillar Middle Excavator E240BL Product Overview The Boom Cylinder for Caterpillar Middle Excavator E240BL is a crucial component used in hydraulic systems to control the movement of the excavator&#8217;s boom. This hydraulic cylinder allows for the precise lifting, lowering, and tilting of the boom, facilitating various material handling tasks. As a specialized [&hellip;]<\/p>","protected":false},"featured_media":17875,"comment_status":"open","ping_status":"closed","template":"","meta":{"_et_pb_use_builder":"","_et_pb_old_content":"","_et_gb_content_width":""},"product_brand":[],"product_cat":[1546],"product_tag":[1547,1496],"class_list":{"0":"post-18948","1":"product","2":"type-product","3":"status-publish","4":"has-post-thumbnail","6":"product_cat-boom-cylinders","7":"product_tag-boom-cylinders","8":"product_tag-hydraulic-cylinders","10":"first","11":"instock","12":"shipping-taxable","13":"product-type-simple"},"amp_enabled":true,"_links":{"self":[{"href":"https:\/\/www.hydraulic-cylinders.net\/et\/wp-json\/wp\/v2\/product\/18948","targetHints":{"allow":["GET"]}}],"collection":[{"href":"https:\/\/www.hydraulic-cylinders.net\/et\/wp-json\/wp\/v2\/product"}],"about":[{"href":"https:\/\/www.hydraulic-cylinders.net\/et\/wp-json\/wp\/v2\/types\/product"}],"replies":[{"embeddable":true,"href":"https:\/\/www.hydraulic-cylinders.net\/et\/wp-json\/wp\/v2\/comments?post=18948"}],"wp:featuredmedia":[{"embeddable":true,"href":"https:\/\/www.hydraulic-cylinders.net\/et\/wp-json\/wp\/v2\/media\/17875"}],"wp:attachment":[{"href":"https:\/\/www.hydraulic-cylinders.net\/et\/wp-json\/wp\/v2\/media?parent=18948"}],"wp:term":[{"taxonomy":"product_brand","embeddable":true,"href":"https:\/\/www.hydraulic-cylinders.net\/et\/wp-json\/wp\/v2\/product_brand?post=18948"},{"taxonomy":"product_cat","embeddable":true,"href":"https:\/\/www.hydraulic-cylinders.net\/et\/wp-json\/wp\/v2\/product_cat?post=18948"},{"taxonomy":"product_tag","embeddable":true,"href":"https:\/\/www.hydraulic-cylinders.net\/et\/wp-json\/wp\/v2\/product_tag?post=18948"}],"curies":[{"name":"wp","href":"https:\/\/api.w.org\/{rel}","templated":true}]}}