{"id":18949,"date":"2025-04-07T06:03:44","date_gmt":"2025-04-07T06:03:44","guid":{"rendered":"https:\/\/www.hydraulic-cylinders.net\/product\/boom-cylinder-for-caterpillar-middle-excavator-e320c-320d\/"},"modified":"2025-04-07T06:03:47","modified_gmt":"2025-04-07T06:03:47","slug":"boom-cylinder-for-caterpillar-middle-excavator-e320c-320d","status":"publish","type":"product","link":"https:\/\/www.hydraulic-cylinders.net\/et\/toode\/boom-cylinder-for-caterpillar-middle-excavator-e320c-320d\/","title":{"rendered":"Caterpillar keskmise ekskavaatori E320C\/320D poomi silinder"},"content":{"rendered":"<h1>Caterpillar keskmise ekskavaatori E320C\/320D poomi silinder<\/h1>\n<h2>Definitsioon ja \u00fclevaade<\/h2>\n<p>Spetsiaalselt Caterpillari keskmise ekskavaatori E320C\/320D jaoks loodud noole silinder on h\u00fcdrauliline komponent, mis on kriitilise t\u00e4htsusega noole liikumise juhtimiseks. See h\u00fcdrauliline silinder on oluline, et v\u00f5imaldada rasketel masinatel, n\u00e4iteks ekskavaatoritel, laadur-ekskavaatoritel ja esilaaduritel, t\u00f5husalt t\u00e4ita mitmesuguseid materjalik\u00e4itlust\u00f6id. See v\u00f5imaldab koppa t\u00f5sta, langetada ja kallutada, h\u00f5lbustades materjalide t\u00f5husat kaevamist, laadimist ja transportimist ehitusplatsidel.<\/p>\n<p>H\u00fcdraulilised silindrid, nagu ka poomi silinder, t\u00f6\u00f6tavad h\u00fcdraulilise energia mehaaniliseks j\u00f5uks muutmise teel, tagades sujuvad ja v\u00f5imsad liikumised. Neil on ehitusseadmete h\u00fcdros\u00fcsteemides oluline roll, mist\u00f5ttu on need asendamatud raskete rakenduste jaoks.<\/p>\n<p><img decoding=\"async\" src=\"https:\/\/www.hydraulic-cylinders.net\/wp-content\/uploads\/2025\/04\/songte-company-1.webp\" alt=\"Poomi silindri pilt\" \/><\/p>\n<h2>Toote omadused<\/h2>\n<ul>\n<li>\n<h3>Suur tugevus ja vastupidavus<\/h3>\n<p>Tavaliselt \u00fclitugevast terasest v\u00f5i alumiiniumist valmistatud poomi silinder on loodud taluma k\u00f5rget r\u00f5hku ja suuri koormusi. Selle vastupidav konstruktsioon sobib karmidesse t\u00f6\u00f6keskkondadesse, tagades pikaealisuse kulumis- ja korrosioonikindlate omaduste abil.<\/p>\n<\/li>\n<li>\n<h3>T\u00f5hus h\u00fcdrauliline t\u00f6\u00f6<\/h3>\n<p>H\u00fcdraulilise \u00f5li r\u00f5hu abil pakub poomi silinder sujuvat ja tundlikku pikendamist ja tagasit\u00f5mbamist. See konstruktsioon tagab tugeva t\u00f5uke- ja t\u00f5mbej\u00f5u, mist\u00f5ttu sobib see raskete esemete ja keerukate \u00fclesannete k\u00e4sitsemiseks.<\/p>\n<\/li>\n<li>\n<h3>Mitmekesised t\u00fc\u00fcbid<\/h3>\n<p>Silinder on saadaval erinevates konfiguratsioonides, sealhulgas \u00fchetoimelise (t\u00f6\u00f6tab \u00fches suunas) ja kahetoimelise (t\u00f6\u00f6tab m\u00f5lemas suunas) t\u00fc\u00fcpi. M\u00f5ned mudelid on teleskoopilised, mis v\u00f5imaldab suuremat pikendamist ilma v\u00e4lism\u00f5\u00f5tmeid suurendamata, mis on eeliseks kitsastes ruumides.<\/p>\n<\/li>\n<\/ul>\n<h2>Tootmisv\u00f5imalused<\/h2>\n<p>Meie ettev\u00f5te on spetsialiseerunud poomisilindrite tootmisele, tagades, et meie tooted suudavad ideaalselt asendada olemasolevaid h\u00fcdrosilindreid erinevates masinamudelites.<\/p>\n<p><img decoding=\"async\" src=\"https:\/\/www.hydraulic-cylinders.net\/wp-content\/uploads\/2025\/04\/songte-cylinder-head-with-all-kinds-excavator-models.webp\" alt=\"Ekskavaatori mudelid\" \/><\/p>\n<h2>Rakendusstsenaariumid<\/h2>\n<h3>Ehitustehnika<\/h3>\n<p>Ekskavaatorites on noole silinder \u00fclioluline kaevamiseks, laadimiseks ja mulla v\u00f5i prahi transportimiseks. Selle usaldusv\u00e4\u00e4rne t\u00f6\u00f6 v\u00f5imaldab t\u00f5husaid kaevamisprotsesse, parandades oluliselt t\u00f6\u00f6 tootlikkust. Silindri funktsionaalsus laieneb ka ekskavaatorlaaduritele, abistades nii kaevamis- kui ka t\u00f5stet\u00f6\u00f6del, tagades mitmek\u00fclgsuse ehitusplatsidel.<\/p>\n<h3>P\u00f5llumajandustehnika<\/h3>\n<p>Poomi silindrit kasutatakse ka esilaadurites, kus see aitab mulda, heina ja muid materjale kopaga t\u00f5sta, t\u00f5sta ja transportida. See teeb sellest p\u00f5llumajandust\u00f6\u00f6des olulise komponendi, suurendades materjali k\u00e4itlemise tootlikkust ja t\u00f5husust.<\/p>\n<h3>Ekskavaatorid<\/h3>\n<p>Ekskavaatorite puhul v\u00f5imaldab noole silinder kopal t\u00f5husalt pinnasesse tungida, h\u00f5lbustades kaevamist\u00f6id. See h\u00fcdrauliline mehhanism on oluline optimaalse j\u00f5udluse saavutamiseks erinevates kaevet\u00f6\u00f6des, muutes selle masina \u00fcldise funktsionaalsuse v\u00f5tmekomponendiks.<\/p>\n<h3>Laadurid<\/h3>\n<p>Esilaaduritel aitab noole silinder koormaid t\u00f5husalt t\u00f5sta ja maha laadida. See v\u00f5ime suurendab laaduri t\u00f6\u00f6 efektiivsust, tagades materjalide t\u00e4pse ja kiire teisaldamise ja mahalaadimise.<\/p>\n<h2>Projekteerimiskaalutlused ja valikukriteeriumid<\/h2>\n<h3>Kandev\u00f5ime<\/h3>\n<p>Poomi silindri projekteerimisel on kandev\u00f5ime esmat\u00e4htis kaalutlus. On oluline, et silinder suudaks kanda maksimaalset raskust, millega see t\u00f6\u00f6tamise ajal kokku puutub. See h\u00f5lmab materjalide ja konstruktsioonide valimist, mis taluvad m\u00e4rkimisv\u00e4\u00e4rset pinget ja pinget ilma purunemata.<\/p>\n<h3>Tihendus<\/h3>\n<p>T\u00f5hus tihendus on h\u00fcdrauliliste silindrite puhul \u00fclioluline, et v\u00e4ltida lekkeid ja s\u00e4ilitada r\u00f5hk. Vedeliku mahutavuse tagamiseks ja komponentide kulumise minimeerimiseks tuleb kasutada kvaliteetseid tihendeid. See aspekt on silindri pikaealisuse ja t\u00f6\u00f6kindluse tagamiseks \u00fclioluline.<\/p>\n<h3>Vastupidavus<\/h3>\n<p>Vastupidavus saavutatakse hoolika materjalivaliku ja projekteerimise abil. Balloon peab vastu pidama erinevatele keskkonnatingimustele, sealhulgas temperatuurik\u00f5ikumistele, niiskusele ja kokkupuutele kemikaalidega. See kaalutlus tagab toote toimimise ja t\u00f6\u00f6kindluse pikema aja jooksul.<\/p>\n<h3>Ohutus<\/h3>\n<p>H\u00fcdrosilindrite projekteerimisel ei tohiks ohutust kunagi t\u00e4helepanuta j\u00e4tta. Ohutuselementide, n\u00e4iteks r\u00f5huvabastusventiilide rakendamine on oluline, et v\u00e4ltida katastroofilisi rikkeid, mis v\u00f5ivad ohustada nii operaatoreid kui ka seadmeid.<\/p>\n<h3>Hooldatavus<\/h3>\n<p>L\u00f5puks m\u00e4ngib h\u00fcdrauliliste silindrite konstruktsioonis olulist rolli hoolduse lihtsus. Rutiinseid kontrolle ja remonti h\u00f5lbustavad omadused v\u00f5ivad seisakuid oluliselt v\u00e4hendada ja t\u00f6\u00f6 efektiivsust parandada.<\/p>\n<p><img decoding=\"async\" src=\"https:\/\/www.hydraulic-cylinders.net\/wp-content\/uploads\/2025\/04\/songte-oil-pipes-and-spare-parts.webp\" alt=\"Varuosad\" \/><\/p>\n<h2>Tihendus ja m\u00e4\u00e4rimine<\/h2>\n<p>Poomi silindris kasutatakse h\u00fcdraulilise terviklikkuse s\u00e4ilitamiseks mitmesuguseid tihenduskomponente, sealhulgas kolvitihendeid ja vardatihendeid. Tihendid on tavaliselt valmistatud vastupidavatest materjalidest, nagu pol\u00fcuretaan ja nitriilkummi, mis tagavad suurep\u00e4rase kulumiskindluse. Silindri korpus ja keermestatud otsapinnad l\u00e4bivad peent\u00f6\u00f6tluse, et suurendada vastupidavust.<\/p>\n<p>Regulaarne m\u00e4\u00e4rimine h\u00fcdraulika\u00f5liga on oluline liikuvate osade vahelise h\u00f5\u00f5rdumise minimeerimiseks, mis aitab s\u00e4ilitada t\u00f6\u00f6 efektiivsust ja pikendada silindri eluiga. Piisav m\u00e4\u00e4rimine hoiab \u00e4ra ka \u00fclekuumenemise ja kulumise, tagades sujuva t\u00f6\u00f6.<\/p>\n<h2>Ennetavad hooldusmeetmed<\/h2>\n<ul>\n<li>\n<h3>Regulaarsed kontrollid<\/h3>\n<p>Rutiinsete kontrollide l\u00e4biviimine on \u00fclioluline kulumise, lekete v\u00f5i kahjustuste varajaste m\u00e4rkide tuvastamiseks. Regulaarsed kontrollid aitavad v\u00e4ltida v\u00e4iksemate probleemide eskaleerumist olulisteks, tagades usaldusv\u00e4\u00e4rse t\u00f6\u00f6.<\/p>\n<\/li>\n<li>\n<h3>Sobiv m\u00e4\u00e4rimine<\/h3>\n<p>H\u00f5\u00f5rdumisega seotud probleemide v\u00e4ltimiseks veenduge, et silinder oleks korralikult h\u00fcdraulika\u00f5liga m\u00e4\u00e4ritud. N\u00f5uetekohane m\u00e4\u00e4rimine soodustab ka sujuvamat t\u00f6\u00f6d, mis on silindri eluea pikendamiseks \u00fclioluline.<\/p>\n<\/li>\n<li>\n<h3>Tihendi vahetamine<\/h3>\n<p>Kontrollige ja vahetage tihendeid regulaarselt vastavalt vajadusele, et v\u00e4ltida lekkeid ja s\u00e4ilitada h\u00fcdrauliline r\u00f5hk. Tihendid kuluvad ja optimaalse j\u00f5udluse tagamiseks peaksid need olema osa regulaarsest hooldusgraafikust.<\/p>\n<\/li>\n<\/ul>\n<h2>Paigaldusjuhised<\/h2>\n<p>Poomi silindri \u00f5ige paigaldamine on optimaalse j\u00f5udluse saavutamiseks \u00fclioluline. Alustage kinnitusklambrite \u00f5igest joondamise veendumisest. Silindri kinnitamiseks paigaldamise ajal on soovitatav kasutada sobivaid kinnitustugesid.<\/p>\n<p>Enne paigaldamist kontrollige k\u00f5iki komponente kulumis- v\u00f5i kahjustuste suhtes. Veenduge, et tihendid on terved ja et h\u00fcdraulikavoolikutes pole takistusi. Paigaldamise ajal p\u00f6\u00f6rake silindri joondamisele suurt t\u00e4helepanu, et v\u00e4ltida komponentide tarbetut pinget.<\/p>\n<p>P\u00e4rast paigaldamist kontrollige h\u00fcdraulilist r\u00f5hku, et veenduda s\u00fcsteemi korrektses toimimises. Sujuva t\u00f6\u00f6 tagamiseks korrigeerige k\u00f5ik joondusvead ja tehke vajalikud kalibreerimised.<\/p>\n<h2>Levinumad hooldust\u00f6\u00f6d<\/h2>\n<h3>Regulaarsed kontrollid<\/h3>\n<p>Kontrollige regulaarselt noole silindrit, et veenduda komponentide korrektses toimimises. See h\u00f5lmab kulumise, lekete v\u00f5i joondusvigade kontrollimist. Probleemide varajane avastamine v\u00f5ib oluliselt v\u00e4hendada remondikulusid ja seisakuid.<\/p>\n<h3>\u00d5ige m\u00e4\u00e4rimine<\/h3>\n<p>Veenduge, et silindrile kantakse vastavalt tootja soovitustele \u00f5igeid m\u00e4\u00e4rdeaineid. See samm on oluline silindri terviklikkuse s\u00e4ilitamiseks ja sujuva t\u00f6\u00f6 tagamiseks, v\u00e4ltides aja jooksul kulumist.<\/p>\n<h3>Tihendi vahetamine<\/h3>\n<p>J\u00e4lgige tihendite seisukorda t\u00e4helepanelikult ja vahetage need vastavalt vajadusele v\u00e4lja. Kulunud tihendid v\u00f5ivad p\u00f5hjustada lekkeid, mis omakorda p\u00f5hjustavad r\u00f5hukadu ja efektiivsuse v\u00e4henemist. Tihendite \u00f5igeaegne vahetamine on h\u00fcdraulikas\u00fcsteemi toimivuse s\u00e4ilitamiseks h\u00e4davajalik.<\/p>\n<p><img decoding=\"async\" src=\"https:\/\/www.hydraulic-cylinders.net\/wp-content\/uploads\/2025\/04\/songte-chushion-collar.webp\" alt=\"Padjakaelus\" \/><\/p>\n<h2>Ohutuskaalutlused ja keskkonnategurid<\/h2>\n<p>H\u00fcdrauliliste silindrite kasutamisel on ohutusmeetmed \u00fcliolulised. Operaatorid peaksid olema koolitatud masinate n\u00f5uetekohaseks k\u00e4sitsemiseks ja kasutamiseks, tagades ohutusprotokollide j\u00e4rgimise. Lisaks tuleks t\u00f6\u00f6katkestuste v\u00e4ltimiseks arvestada keskkonnateguritega, n\u00e4iteks karmide tingimustega.<\/p>\n<h2>Veaotsing ja levinud probleemid<\/h2>\n<ul>\n<li>\n<h3>H\u00fcdraulilised lekked<\/h3>\n<p>H\u00fcdraulilised lekked v\u00f5ivad tekkida kulunud tihendite v\u00f5i kahjustatud voolikute t\u00f5ttu. Regulaarne hooldus ja kontroll aitavad potentsiaalseid lekkeid varakult tuvastada. Lekke avastamisel tuleb viivitamatult v\u00f5tta meetmeid h\u00fcdraulikavedeliku kadumise v\u00e4ltimiseks ja r\u00f5hu s\u00e4ilitamiseks.<\/p>\n<\/li>\n<li>\n<h3>V\u00e4hendatud j\u00f5udlus<\/h3>\n<p>Kui noole silindri j\u00f5udlus on v\u00e4henenud, v\u00f5ib see viidata m\u00e4\u00e4rimisvajadusele v\u00f5i v\u00f5imalikule sisemisele kahjustusele. Operaatorid peaksid kontrollima h\u00fcdraulikavedeliku taset ja tegema vajalikke hooldust\u00f6id funktsionaalsuse taastamiseks.<\/p>\n<\/li>\n<li>\n<h3>Ebatavalised m\u00fcrad<\/h3>\n<p>Ebatavalised helid t\u00f6\u00f6tamise ajal v\u00f5ivad viidata mehaanilistele probleemidele v\u00f5i m\u00e4\u00e4rimise puudumisele. Silindri edasise kahjustamise v\u00e4ltimiseks on oluline neid helisid viivitamatult uurida.<\/p>\n<\/li>\n<\/ul>\n<h2>Vigade k\u00e4sitlemise n\u00e4pun\u00e4ited<\/h2>\n<p>Poomisilindri probleemide t\u00f5husaks diagnoosimiseks ja lahendamiseks peaksid operaatorid pidama p\u00f5hjalikku logi k\u00f5igist t\u00f6\u00f6 ajal t\u00e4heldatud ebakorrap\u00e4rasustest. Ennetusmeetmete, n\u00e4iteks regulaarsete kontrollide ja hoolduse rakendamine aitab potentsiaalseid probleeme minimeerida.<\/p>\n<p>Rikke korral j\u00e4rgige enne remondi alustamist struktureeritud t\u00f5rkeotsingu protsessi, et tuvastada algp\u00f5hjus. T\u00e4pse diagnoosi ja remondi tagamiseks lugege alati tootja juhiseid konkreetsete t\u00f5rkeotsingu protseduuride kohta.<\/p>\n<p><img decoding=\"async\" src=\"https:\/\/www.hydraulic-cylinders.net\/wp-content\/uploads\/2025\/04\/songte-bushings-with-all-kinds-of-excavator-models.webp\" alt=\"Puksid\" \/><\/p>\n<h2>Ettev\u00f5tte \u00fclevaade<\/h2>\n<p>Oleme juhtiv h\u00fcdrosilindrite tootja, mis on spetsialiseerunud kvaliteetsete ja alternatiivsete lahenduste pakkumisele erinevatele t\u00f6\u00f6stuslikele rakendustele. Mitmekesise tootevalikuga on meie ettev\u00f5te end nii sise- kui ka rahvusvahelistel turgudel usaldusv\u00e4\u00e4rse tootja ja hulgim\u00fc\u00fcjana sisse seadnud.<\/p>\n<p>Meie eesm\u00e4rk on tippkvaliteet, kasutades t\u00e4iustatud tootmisstrateegiaid ja tipptehnoloogiat tootmise efektiivsuse suurendamiseks. Meie oskuslik t\u00f6\u00f6j\u00f5ud koos tipptasemel tootmisseadmete ja professionaalsete testimiss\u00fcsteemidega v\u00f5imaldab meil pidevalt oma tootmisplatvormi t\u00e4iustada ja tagada kvaliteetse tootmisprotsessi.<\/p>\n<p>Lisaks oleme p\u00fchendunud klientide mitmekesiste vajaduste rahuldamisele spetsialiseeritud klienditeeninduse, rahvusvaheliste sertifikaatide ja tugeva m\u00fc\u00fcgij\u00e4rgse toe kaudu. Meie p\u00fchendumus innovatsioonile ja kvaliteedile on kindlustanud meie maine h\u00fcdrosilindrite valdkonnas.<\/p>\n<p><img decoding=\"async\" src=\"https:\/\/www.hydraulic-cylinders.net\/wp-content\/uploads\/2025\/04\/songte-company-4.webp\" alt=\"Ettev\u00f5tte pilt 1\" \/><br \/>\n<img decoding=\"async\" src=\"https:\/\/www.hydraulic-cylinders.net\/wp-content\/uploads\/2025\/04\/songte-company-3.webp\" alt=\"Ettev\u00f5tte pilt 2\" \/><\/p>\n<p>Autor: lyl<\/p>","protected":false},"excerpt":{"rendered":"<p>Boom Cylinder For Caterpillar Middle Excavator E320C\/320D Definition and Overview The Boom Cylinder, specifically designed for the Caterpillar Middle Excavator E320C\/320D, is a hydraulic component critical for controlling the boom&#8217;s movement. This hydraulic cylinder is essential in enabling heavy machinery, such as excavators, backhoe loaders, and front loaders, to perform various material handling tasks efficiently. [&hellip;]<\/p>","protected":false},"featured_media":17876,"comment_status":"open","ping_status":"closed","template":"","meta":{"_et_pb_use_builder":"","_et_pb_old_content":"","_et_gb_content_width":""},"product_brand":[],"product_cat":[1546],"product_tag":[1547,1496],"class_list":{"0":"post-18949","1":"product","2":"type-product","3":"status-publish","4":"has-post-thumbnail","6":"product_cat-boom-cylinders","7":"product_tag-boom-cylinders","8":"product_tag-hydraulic-cylinders","10":"first","11":"instock","12":"shipping-taxable","13":"product-type-simple"},"amp_enabled":true,"_links":{"self":[{"href":"https:\/\/www.hydraulic-cylinders.net\/et\/wp-json\/wp\/v2\/product\/18949","targetHints":{"allow":["GET"]}}],"collection":[{"href":"https:\/\/www.hydraulic-cylinders.net\/et\/wp-json\/wp\/v2\/product"}],"about":[{"href":"https:\/\/www.hydraulic-cylinders.net\/et\/wp-json\/wp\/v2\/types\/product"}],"replies":[{"embeddable":true,"href":"https:\/\/www.hydraulic-cylinders.net\/et\/wp-json\/wp\/v2\/comments?post=18949"}],"wp:featuredmedia":[{"embeddable":true,"href":"https:\/\/www.hydraulic-cylinders.net\/et\/wp-json\/wp\/v2\/media\/17876"}],"wp:attachment":[{"href":"https:\/\/www.hydraulic-cylinders.net\/et\/wp-json\/wp\/v2\/media?parent=18949"}],"wp:term":[{"taxonomy":"product_brand","embeddable":true,"href":"https:\/\/www.hydraulic-cylinders.net\/et\/wp-json\/wp\/v2\/product_brand?post=18949"},{"taxonomy":"product_cat","embeddable":true,"href":"https:\/\/www.hydraulic-cylinders.net\/et\/wp-json\/wp\/v2\/product_cat?post=18949"},{"taxonomy":"product_tag","embeddable":true,"href":"https:\/\/www.hydraulic-cylinders.net\/et\/wp-json\/wp\/v2\/product_tag?post=18949"}],"curies":[{"name":"wp","href":"https:\/\/api.w.org\/{rel}","templated":true}]}}